{"id":1344,"date":"2022-09-02T13:38:42","date_gmt":"2022-09-02T13:38:42","guid":{"rendered":"https:\/\/www.ull.es\/portal\/campusamerica\/?page_id=1344"},"modified":"2022-09-27T11:24:20","modified_gmt":"2022-09-27T11:24:20","slug":"mexico","status":"publish","type":"page","link":"https:\/\/www.ull.es\/portal\/campusamerica\/mexico\/","title":{"rendered":"M\u00e9xico"},"content":{"rendered":"<p>[vc_row full_width=\u00bbstretch_row_content_no_spaces\u00bb][vc_column]\n<div id=\"rev_slider_9_1_wrapper\" class=\"rev_slider_wrapper fullwidthbanner-container\" data-source=\"gallery\" style=\"margin:0px auto;background:transparent;padding:0px;margin-top:0px;margin-bottom:0px;\">\n<!-- START REVOLUTION SLIDER 5.4.7.3 auto mode -->\n\t<div id=\"rev_slider_9_1\" class=\"rev_slider fullwidthabanner\" style=\"display:none;\" data-version=\"5.4.7.3\">\n<ul>\t<!-- SLIDE  -->\n\t<li data-index=\"rs-22\" data-transition=\"fade\" data-slotamount=\"default\" data-hideafterloop=\"1\" data-hideslideonmobile=\"off\"  data-easein=\"default\" data-easeout=\"default\" data-masterspeed=\"300\"  data-delay=\"5760\"  data-rotate=\"0\"  data-saveperformance=\"off\"  data-ssop=\"true\"  data-title=\"Slide\" data-param1=\"\" data-param2=\"\" data-param3=\"\" data-param4=\"\" data-param5=\"\" data-param6=\"\" data-param7=\"\" data-param8=\"\" data-param9=\"\" data-param10=\"\" data-description=\"\">\n\t\t<!-- MAIN IMAGE -->\n\t\t<img src=\"https:\/\/www.ull.es\/portal\/campusamerica\/wp-content\/plugins\/revslider\/admin\/assets\/images\/transparent.png\" data-bgcolor='#f6be20' style='background:#f6be20' alt=\"\" title=\"M\u00e9xico\"  data-bgposition=\"center center\" data-bgfit=\"cover\" data-bgrepeat=\"no-repeat\" class=\"rev-slidebg\" data-no-retina>\n\t\t<!-- LAYERS -->\n\n\t\t<!-- LAYER NR. 1 -->\n\t\t<div class=\"tp-caption   tp-resizeme\" \n\t\t\t id=\"slide-22-layer-1\" \n\t\t\t data-x=\"['left','left','left','left']\" data-hoffset=\"['1','1','1','-368']\" \n\t\t\t data-y=\"['top','top','top','top']\" data-voffset=\"['-1','-1','-1','65']\" \n\t\t\t\t\t\tdata-width=\"none\"\n\t\t\tdata-height=\"none\"\n\t\t\tdata-whitespace=\"nowrap\"\n \n\t\t\tdata-type=\"image\" \n\t\t\tdata-responsive_offset=\"on\" \n\n\t\t\tdata-frames='[{\"delay\":10,\"speed\":300,\"frame\":\"0\",\"from\":\"opacity:0;\",\"to\":\"o:1;\",\"ease\":\"Power3.easeInOut\"},{\"delay\":\"wait\",\"speed\":0,\"frame\":\"999\",\"to\":\"opacity:0;\",\"ease\":\"Power3.easeInOut\"}]'\n\t\t\tdata-textAlign=\"['inherit','inherit','inherit','inherit']\"\n\t\t\tdata-paddingtop=\"[0,0,0,0]\"\n\t\t\tdata-paddingright=\"[0,0,0,0]\"\n\t\t\tdata-paddingbottom=\"[0,0,0,0]\"\n\t\t\tdata-paddingleft=\"[0,0,0,0]\"\n\n\t\t\tstyle=\"z-index: 5;\"><img src=\"https:\/\/www.ull.es\/portal\/campusamerica\/wp-content\/uploads\/sites\/20\/2022\/06\/Slider_circulos-max.png\" alt=\"\" data-ww=\"['1201px','1201px','1201px','1201px']\" data-hh=\"['400px','400px','400px','400px']\" width=\"1201\" height=\"400\" data-no-retina> <\/div>\n\n\t\t<!-- LAYER NR. 2 -->\n\t\t<div class=\"tp-caption   tp-resizeme\" \n\t\t\t id=\"slide-22-layer-2\" \n\t\t\t data-x=\"['left','left','left','left']\" data-hoffset=\"['-5','-5','-5','-295']\" \n\t\t\t data-y=\"['top','top','top','top']\" data-voffset=\"['1','1','1','168']\" \n\t\t\t\t\t\tdata-fontsize=\"['20','20','20','20']\"\n\t\t\tdata-lineheight=\"['22','22','22','22']\"\n\t\t\tdata-fontweight=\"['400','400','400','400']\"\n\t\t\tdata-letterspacing=\"['0','0','0','0']\"\n\t\t\tdata-width=\"none\"\n\t\t\tdata-height=\"none\"\n\t\t\tdata-whitespace=\"nowrap\"\n \n\t\t\tdata-type=\"image\" \n\t\t\tdata-responsive_offset=\"on\" \n\n\t\t\tdata-frames='[{\"delay\":410,\"speed\":420,\"frame\":\"0\",\"from\":\"opacity:0;\",\"to\":\"o:1;rZ:289;\",\"ease\":\"Power3.easeInOut\"},{\"delay\":\"wait\",\"speed\":300,\"frame\":\"999\",\"to\":\"opacity:0;\",\"ease\":\"Power3.easeInOut\"}]'\n\t\t\tdata-textAlign=\"['inherit','inherit','inherit','inherit']\"\n\t\t\tdata-paddingtop=\"[0,0,0,0]\"\n\t\t\tdata-paddingright=\"[0,0,0,0]\"\n\t\t\tdata-paddingbottom=\"[0,0,0,0]\"\n\t\t\tdata-paddingleft=\"[0,0,0,0]\"\n\n\t\t\tstyle=\"z-index: 6;\"><img src=\"https:\/\/www.ull.es\/portal\/campusamerica\/wp-content\/uploads\/sites\/20\/2022\/06\/Slider_circulos-min.png\" alt=\"\" data-ww=\"['601','601','601','601px']\" data-hh=\"['284','284','284','284px']\" width=\"601\" height=\"284\" data-no-retina> <\/div>\n\n\t\t<!-- LAYER NR. 3 -->\n\t\t<div class=\"tp-caption   tp-resizeme\" \n\t\t\t id=\"slide-22-layer-3\" \n\t\t\t data-x=\"['left','left','left','left']\" data-hoffset=\"['63','63','63','52']\" \n\t\t\t data-y=\"['top','top','top','top']\" data-voffset=\"['-26','-26','-26','80']\" \n\t\t\t\t\t\tdata-fontsize=\"['20','20','20','20']\"\n\t\t\tdata-lineheight=\"['22','22','22','22']\"\n\t\t\tdata-fontweight=\"['400','400','400','400']\"\n\t\t\tdata-letterspacing=\"['0','0','0','0']\"\n\t\t\tdata-width=\"none\"\n\t\t\tdata-height=\"none\"\n\t\t\tdata-whitespace=\"nowrap\"\n \n\t\t\tdata-type=\"image\" \n\t\t\tdata-responsive_offset=\"on\" \n\n\t\t\tdata-frames='[{\"delay\":740,\"speed\":300,\"frame\":\"0\",\"from\":\"opacity:0;\",\"to\":\"o:1;\",\"ease\":\"Power3.easeInOut\"},{\"delay\":\"wait\",\"speed\":300,\"frame\":\"999\",\"to\":\"opacity:0;\",\"ease\":\"Power3.easeInOut\"}]'\n\t\t\tdata-textAlign=\"['inherit','inherit','inherit','inherit']\"\n\t\t\tdata-paddingtop=\"[0,0,0,0]\"\n\t\t\tdata-paddingright=\"[0,0,0,0]\"\n\t\t\tdata-paddingbottom=\"[0,0,0,0]\"\n\t\t\tdata-paddingleft=\"[0,0,0,0]\"\n\n\t\t\tstyle=\"z-index: 7;\"><img src=\"https:\/\/www.ull.es\/portal\/campusamerica\/wp-content\/uploads\/sites\/20\/2022\/06\/Slider_mapa-america.png\" alt=\"\" data-ww=\"['278','278','278','181px']\" data-hh=\"['458','458','458','299px']\" width=\"278\" height=\"458\" data-no-retina> <\/div>\n\n\t\t<!-- LAYER NR. 4 -->\n\t\t<div class=\"tp-caption   tp-resizeme\" \n\t\t\t id=\"slide-22-layer-4\" \n\t\t\t data-x=\"['left','left','left','left']\" data-hoffset=\"['443','443','443','276']\" \n\t\t\t data-y=\"['top','top','top','top']\" data-voffset=\"['165','165','165','188']\" \n\t\t\t\t\t\tdata-fontsize=\"['20','20','20','20']\"\n\t\t\tdata-lineheight=\"['22','22','22','22']\"\n\t\t\tdata-fontweight=\"['400','400','400','400']\"\n\t\t\tdata-letterspacing=\"['0','0','0','0']\"\n\t\t\tdata-width=\"none\"\n\t\t\tdata-height=\"none\"\n\t\t\tdata-whitespace=\"nowrap\"\n \n\t\t\tdata-type=\"image\" \n\t\t\tdata-responsive_offset=\"on\" \n\n\t\t\tdata-frames='[{\"delay\":1060,\"speed\":300,\"frame\":\"0\",\"from\":\"opacity:0;\",\"to\":\"o:1;\",\"ease\":\"Power3.easeInOut\"},{\"delay\":\"wait\",\"speed\":300,\"frame\":\"999\",\"to\":\"opacity:0;\",\"ease\":\"Power3.easeInOut\"}]'\n\t\t\tdata-textAlign=\"['inherit','inherit','inherit','inherit']\"\n\t\t\tdata-paddingtop=\"[0,0,0,0]\"\n\t\t\tdata-paddingright=\"[0,0,0,0]\"\n\t\t\tdata-paddingbottom=\"[0,0,0,0]\"\n\t\t\tdata-paddingleft=\"[0,0,0,0]\"\n\n\t\t\tstyle=\"z-index: 8;\"><img src=\"https:\/\/www.ull.es\/portal\/campusamerica\/wp-content\/uploads\/sites\/20\/2022\/06\/Slider_mapa-canarias.png\" alt=\"\" data-ww=\"['287','287','287','151px']\" data-hh=\"['143','143','143','75px']\" width=\"287\" height=\"143\" data-no-retina> <\/div>\n\n\t\t<!-- LAYER NR. 5 -->\n\t\t<div class=\"tp-caption   tp-resizeme\" \n\t\t\t id=\"slide-22-layer-5\" \n\t\t\t data-x=\"['left','left','left','left']\" data-hoffset=\"['821','821','821','44']\" \n\t\t\t data-y=\"['top','top','top','top']\" data-voffset=\"['126','126','126','491']\" \n\t\t\t\t\t\tdata-width=\"none\"\n\t\t\tdata-height=\"none\"\n\t\t\tdata-whitespace=\"nowrap\"\n \n\t\t\tdata-type=\"image\" \n\t\t\tdata-responsive_offset=\"on\" \n\n\t\t\tdata-frames='[{\"delay\":1420,\"speed\":300,\"frame\":\"0\",\"from\":\"opacity:0;\",\"to\":\"o:1;\",\"ease\":\"Power3.easeInOut\"},{\"delay\":\"wait\",\"speed\":300,\"frame\":\"999\",\"to\":\"opacity:0;\",\"ease\":\"Power3.easeInOut\"}]'\n\t\t\tdata-textAlign=\"['inherit','inherit','inherit','inherit']\"\n\t\t\tdata-paddingtop=\"[0,0,0,0]\"\n\t\t\tdata-paddingright=\"[0,0,0,0]\"\n\t\t\tdata-paddingbottom=\"[0,0,0,0]\"\n\t\t\tdata-paddingleft=\"[0,0,0,0]\"\n\n\t\t\tstyle=\"z-index: 9;\"><img src=\"https:\/\/www.ull.es\/portal\/campusamerica\/wp-content\/uploads\/sites\/20\/2022\/06\/Slider_titulo.png\" alt=\"\" data-ww=\"['670px','670px','670px','389px']\" data-hh=\"['174px','174px','174px','101px']\" width=\"670\" height=\"174\" data-no-retina> <\/div>\n\t<\/li>\n<\/ul>\n<div class=\"tp-bannertimer tp-bottom\" style=\"visibility: hidden !important;\"><\/div>\t<\/div>\n<script>var htmlDiv = document.getElementById(\"rs-plugin-settings-inline-css\"); var htmlDivCss=\"\";\r\n\t\t\t\tif(htmlDiv) {\r\n\t\t\t\t\thtmlDiv.innerHTML = htmlDiv.innerHTML + htmlDivCss;\r\n\t\t\t\t}else{\r\n\t\t\t\t\tvar htmlDiv = document.createElement(\"div\");\r\n\t\t\t\t\thtmlDiv.innerHTML = \"<style>\" + htmlDivCss + \"<\/style>\";\r\n\t\t\t\t\tdocument.getElementsByTagName(\"head\")[0].appendChild(htmlDiv.childNodes[0]);\r\n\t\t\t\t}\r\n\t\t\t<\/script>\n\t\t<script type=\"text\/javascript\">\r\nif (setREVStartSize!==undefined) setREVStartSize(\r\n\t{c: '#rev_slider_9_1', responsiveLevels: [1240,1240,1240,480], gridwidth: [1920,1920,1920,480], gridheight: [400,400,400,720], sliderLayout: 'auto'});\r\n\t\t\t\r\nvar revapi9,\r\n\ttpj;\t\r\n(function() {\t\t\t\r\n\tif (!\/loaded|interactive|complete\/.test(document.readyState)) document.addEventListener(\"DOMContentLoaded\",onLoad); else onLoad();\t\r\n\tfunction onLoad() {\t\t\t\t\r\n\t\tif (tpj===undefined) { tpj = jQuery; if(\"off\" == \"on\") tpj.noConflict();}\r\n\tif(tpj(\"#rev_slider_9_1\").revolution == undefined){\n\t\trevslider_showDoubleJqueryError(\"#rev_slider_9_1\");\n\t}else{\n\t\trevapi9 = tpj(\"#rev_slider_9_1\").show().revolution({\n\t\t\tsliderType:\"standard\",\n\t\t\tjsFileLocation:\"\/\/www.ull.es\/portal\/campusamerica\/wp-content\/plugins\/revslider\/public\/assets\/js\/\",\n\t\t\tsliderLayout:\"auto\",\n\t\t\tdottedOverlay:\"none\",\n\t\t\tdelay:9000,\n\t\t\tnavigation: {\n\t\t\t\tonHoverStop:\"off\",\n\t\t\t},\n\t\t\tresponsiveLevels:[1240,1240,1240,480],\n\t\t\tvisibilityLevels:[1240,1240,1240,480],\n\t\t\tgridwidth:[1920,1920,1920,480],\n\t\t\tgridheight:[400,400,400,720],\n\t\t\tlazyType:\"none\",\n\t\t\tshadow:0,\n\t\t\tspinner:\"spinner0\",\n\t\t\tstopLoop:\"off\",\n\t\t\tstopAfterLoops:-1,\n\t\t\tstopAtSlide:-1,\n\t\t\tshuffle:\"off\",\n\t\t\tautoHeight:\"off\",\n\t\t\tdisableProgressBar:\"on\",\n\t\t\thideThumbsOnMobile:\"off\",\n\t\t\thideSliderAtLimit:0,\n\t\t\thideCaptionAtLimit:0,\n\t\t\thideAllCaptionAtLilmit:0,\n\t\t\tdebugMode:false,\n\t\t\tfallbacks: {\n\t\t\t\tsimplifyAll:\"off\",\n\t\t\t\tnextSlideOnWindowFocus:\"off\",\n\t\t\t\tdisableFocusListener:false,\n\t\t\t}\n\t\t});\n\t}; \/* END OF revapi call *\/\n\t\n }; \/* END OF ON LOAD FUNCTION *\/\r\n}()); \/* END OF WRAPPING FUNCTION *\/\r\n<\/script>\r\n\t\t<\/div><!-- END REVOLUTION SLIDER -->[\/vc_column][\/vc_row][vc_row][vc_column][vc_empty_space height=\u00bb62px\u00bb][vc_custom_heading text=\u00bbM\u00c9XICO Y LA UNIVERSIDAD DE LA LAGUNA\u00bb font_container=\u00bbtag:h1|font_size:50px|text_align:left|color:%23171e32|line_height:65px\u00bb google_fonts=\u00bbfont_family:Roboto%20Condensed%3A300%2C300italic%2Cregular%2Citalic%2C700%2C700italic|font_style:700%20bold%20regular%3A700%3Anormal\u00bb][vc_empty_space][vc_column_text]Por vez primera, en esta edici\u00f3n de 2022, Campus Am\u00e9rica completa su actividad gen\u00e9rica con el continente americano con proyectos espec\u00edficos de mayor alcance, como el dise\u00f1o de doble titulaciones internacionales y la creaci\u00f3n de una red para \u201cintercambios virtuales\u201d o \u201cclases espejo\u201d para la docencia. Para ello se ha elegido a M\u00e9xico como pa\u00eds invitado.<\/p>\n<p>M\u00e9xico es el pa\u00eds socio investigador de la ULL m\u00e1s intenso. En la actualidad tenemos suscritos 19 convenios con instituciones mexicanas, m\u00e1s otros nueve en tr\u00e1mite de renovaci\u00f3n. Ocho de ellos cuentan con convenios espec\u00edficos de investigaci\u00f3n, entre los que destacan, por antig\u00fcedad de la colaboraci\u00f3n, los de Qu\u00edmica Org\u00e1nica con las universidades Veracruzana y de Yucat\u00e1n y, por cantidad, los de inform\u00e1tica, con Aut\u00f3noma de Nuevo Le\u00f3n, Panamericana, Monterrey.<\/p>\n<p>Nueve de los convenios cuentan con anexos de movilidad para estudios, que generan, sobre todo, un flujo entrante de alumnado. En el a\u00f1o 2019, \u00faltimo a\u00f1o de \u201cnormalidad\u201d, recibimos estudiantes de movilidad de seis universidades mexicanas: Universidad Aut\u00f3noma de Aguascalientes; Benem\u00e9rita Universidad Aut\u00f3noma de Puebla; Universidad Claustro de Sor Juana; Universidad Aut\u00f3noma del Estado de M\u00e9xico; Universidad de Monterrey; Universidad Nacional Aut\u00f3noma de M\u00e9xico. La mayor parte de nuestro profesorado tiene v\u00ednculos acad\u00e9micos con alg\u00fan hom\u00f3logo mexicano. Prueba de ello es que el 80% de los seminarios propuestos para el programa de actividades incluyen profesorado de universidades mexicanas.[\/vc_column_text][vc_empty_space height=\u00bb15px\u00bb][vc_btn title=\u00bbConvenios en vigor con M\u00e9xico\u00bb style=\u00bbcustom\u00bb custom_background=\u00bb#5c068c\u00bb custom_text=\u00bb#ffffff\u00bb align=\u00bbcenter\u00bb button_block=\u00bbtrue\u00bb link=\u00bburl:https%3A%2F%2Fdrive.google.com%2Ffile%2Fd%2F15hpg0ogH7cKOCNUww1tsM8kB1JxReXzI%2Fview%3Fusp%3Dsharing|target:_blank\u00bb][vc_empty_space height=\u00bb15px\u00bb][vc_column_text]Finalmente, M\u00e9xico cuenta con un legado y producci\u00f3n cultural cuantiosa, constante y de gran atractivo a nivel internacional, lo que dota de actualidad e inter\u00e9s la oferta cultural para la comunidad ULL y la isla de Tenerife.<\/p>\n<p>Por todo ello, muchos eventos de la edici\u00f3n 2022 de Campus Am\u00e9rica estar\u00e1n protagonizados o relacionados con M\u00e9xico. Para facilitar su localizaci\u00f3n, en la secci\u00f3n de \u00abPrograma\u00bb estar\u00e1n marcados con la bandera de su pa\u00eds en el t\u00edtulo (\ud83c\uddf2\ud83c\uddfd).[\/vc_column_text][\/vc_column][\/vc_row][vc_row][vc_column][vc_empty_space][vc_column_text]<\/p>\n<h3>CONOCE M\u00c9XICO<\/h3>\n<p>[\/vc_column_text][vc_empty_space][\/vc_column][\/vc_row][vc_row][vc_column][vc_tta_tabs][vc_tta_section title=\u00bbM\u00c9XICO, PATRIMONIO GASTRON\u00d3MICO\u00bb tab_id=\u00bbmexico-gastronomico\u00bb][vc_video link=\u00bbhttps:\/\/www.youtube.com\/watch?v=l6qs00vLQZk\u00bb][\/vc_tta_section][vc_tta_section title=\u00bbPUEBLA, EL PATRIMONIO DE M\u00c9XICO\u00bb tab_id=\u00bbpuebla-patrimonio-mexico\u00bb][vc_video link=\u00bbhttps:\/\/www.youtube.com\/watch?v=mUO7CLb09A4&#8243;][\/vc_tta_section][vc_tta_section title=\u00bbM\u00c9XICO, PATRIMONIO CULTURAL\u00bb tab_id=\u00bbmexico-cultural\u00bb][vc_video link=\u00bbhttps:\/\/www.youtube.com\/watch?v=T22FZNlwXvk\u00bb][\/vc_tta_section][\/vc_tta_tabs][\/vc_column][\/vc_row][vc_row][vc_column][vc_empty_space height=\u00bb62px\u00bb][\/vc_column][\/vc_row]<\/p>\n","protected":false},"excerpt":{"rendered":"<p>[vc_row full_width=\u00bbstretch_row_content_no_spaces\u00bb][vc_column][\/vc_column][\/vc_row][vc_row][vc_column][vc_empty_space height=\u00bb62px\u00bb][vc_custom_heading text=\u00bbM\u00c9XICO Y LA UNIVERSIDAD DE LA LAGUNA\u00bb font_container=\u00bbtag:h1|font_size:50px|text_align:left|color:%23171e32|line_height:65px\u00bb google_fonts=\u00bbfont_family:Roboto%20Condensed%3A300%2C300italic%2Cregular%2Citalic%2C700%2C700italic|font_style:700%20bold%20regular%3A700%3Anormal\u00bb][vc_empty_space][vc_column_text]Por vez primera, en esta edici\u00f3n de 2022, Campus Am\u00e9rica completa su actividad gen\u00e9rica con el continente americano con proyectos espec\u00edficos de mayor alcance, como el dise\u00f1o de doble titulaciones internacionales y la creaci\u00f3n de una red para \u201cintercambios virtuales\u201d o \u201cclases espejo\u201d para&#8230;<\/p>\n","protected":false},"author":86,"featured_media":0,"parent":0,"menu_order":0,"comment_status":"closed","ping_status":"closed","template":"templates\/template-frontpage.php","meta":{"inline_featured_image":false,"footnotes":""},"acf":[],"yoast_head":"<!-- This site is optimized with the Yoast SEO plugin v21.3 - https:\/\/yoast.com\/wordpress\/plugins\/seo\/ -->\n<title>M\u00e9xico - Campus Am\u00e9rica<\/title>\n<meta name=\"robots\" content=\"index, follow, max-snippet:-1, max-image-preview:large, max-video-preview:-1\" \/>\n<link rel=\"canonical\" href=\"https:\/\/www.ull.es\/portal\/campusamerica\/mexico\/\" \/>\n<meta property=\"og:locale\" content=\"es_ES\" \/>\n<meta property=\"og:type\" content=\"article\" \/>\n<meta property=\"og:title\" content=\"M\u00e9xico - Campus Am\u00e9rica\" \/>\n<meta property=\"og:description\" content=\"[vc_row full_width=\u00bbstretch_row_content_no_spaces\u00bb][vc_column][\/vc_column][\/vc_row][vc_row][vc_column][vc_empty_space height=\u00bb62px\u00bb][vc_custom_heading text=\u00bbM\u00c9XICO Y LA UNIVERSIDAD DE LA LAGUNA\u00bb font_container=\u00bbtag:h1|font_size:50px|text_align:left|color:%23171e32|line_height:65px\u00bb google_fonts=\u00bbfont_family:Roboto%20Condensed%3A300%2C300italic%2Cregular%2Citalic%2C700%2C700italic|font_style:700%20bold%20regular%3A700%3Anormal\u00bb][vc_empty_space][vc_column_text]Por vez primera, en esta edici\u00f3n de 2022, Campus Am\u00e9rica completa su actividad gen\u00e9rica con el continente americano con proyectos espec\u00edficos de mayor alcance, como el dise\u00f1o de doble titulaciones internacionales y la creaci\u00f3n de una red para \u201cintercambios virtuales\u201d o \u201cclases espejo\u201d para...\" \/>\n<meta property=\"og:url\" content=\"https:\/\/www.ull.es\/portal\/campusamerica\/mexico\/\" \/>\n<meta property=\"og:site_name\" content=\"Campus Am\u00e9rica\" \/>\n<meta property=\"article:modified_time\" content=\"2022-09-27T11:24:20+00:00\" \/>\n<meta name=\"twitter:card\" content=\"summary_large_image\" \/>\n<meta name=\"twitter:label1\" content=\"Tiempo de lectura\" \/>\n\t<meta name=\"twitter:data1\" content=\"2 minutos\" \/>\n<script type=\"application\/ld+json\" class=\"yoast-schema-graph\">{\"@context\":\"https:\/\/schema.org\",\"@graph\":[{\"@type\":\"WebPage\",\"@id\":\"https:\/\/www.ull.es\/portal\/campusamerica\/mexico\/\",\"url\":\"https:\/\/www.ull.es\/portal\/campusamerica\/mexico\/\",\"name\":\"M\u00e9xico - Campus Am\u00e9rica\",\"isPartOf\":{\"@id\":\"https:\/\/www.ull.es\/portal\/campusamerica\/#website\"},\"datePublished\":\"2022-09-02T13:38:42+00:00\",\"dateModified\":\"2022-09-27T11:24:20+00:00\",\"breadcrumb\":{\"@id\":\"https:\/\/www.ull.es\/portal\/campusamerica\/mexico\/#breadcrumb\"},\"inLanguage\":\"es\",\"potentialAction\":[{\"@type\":\"ReadAction\",\"target\":[\"https:\/\/www.ull.es\/portal\/campusamerica\/mexico\/\"]}]},{\"@type\":\"BreadcrumbList\",\"@id\":\"https:\/\/www.ull.es\/portal\/campusamerica\/mexico\/#breadcrumb\",\"itemListElement\":[{\"@type\":\"ListItem\",\"position\":1,\"name\":\"Portada\",\"item\":\"https:\/\/www.ull.es\/portal\/campusamerica\/\"},{\"@type\":\"ListItem\",\"position\":2,\"name\":\"M\u00e9xico\"}]},{\"@type\":\"WebSite\",\"@id\":\"https:\/\/www.ull.es\/portal\/campusamerica\/#website\",\"url\":\"https:\/\/www.ull.es\/portal\/campusamerica\/\",\"name\":\"Campus Am\u00e9rica\",\"description\":\"\",\"potentialAction\":[{\"@type\":\"SearchAction\",\"target\":{\"@type\":\"EntryPoint\",\"urlTemplate\":\"https:\/\/www.ull.es\/portal\/campusamerica\/?s={search_term_string}\"},\"query-input\":\"required name=search_term_string\"}],\"inLanguage\":\"es\"}]}<\/script>\n<!-- \/ Yoast SEO plugin. -->","yoast_head_json":{"title":"M\u00e9xico - Campus Am\u00e9rica","robots":{"index":"index","follow":"follow","max-snippet":"max-snippet:-1","max-image-preview":"max-image-preview:large","max-video-preview":"max-video-preview:-1"},"canonical":"https:\/\/www.ull.es\/portal\/campusamerica\/mexico\/","og_locale":"es_ES","og_type":"article","og_title":"M\u00e9xico - Campus Am\u00e9rica","og_description":"[vc_row full_width=\u00bbstretch_row_content_no_spaces\u00bb][vc_column][\/vc_column][\/vc_row][vc_row][vc_column][vc_empty_space height=\u00bb62px\u00bb][vc_custom_heading text=\u00bbM\u00c9XICO Y LA UNIVERSIDAD DE LA LAGUNA\u00bb font_container=\u00bbtag:h1|font_size:50px|text_align:left|color:%23171e32|line_height:65px\u00bb google_fonts=\u00bbfont_family:Roboto%20Condensed%3A300%2C300italic%2Cregular%2Citalic%2C700%2C700italic|font_style:700%20bold%20regular%3A700%3Anormal\u00bb][vc_empty_space][vc_column_text]Por vez primera, en esta edici\u00f3n de 2022, Campus Am\u00e9rica completa su actividad gen\u00e9rica con el continente americano con proyectos espec\u00edficos de mayor alcance, como el dise\u00f1o de doble titulaciones internacionales y la creaci\u00f3n de una red para \u201cintercambios virtuales\u201d o \u201cclases espejo\u201d para...","og_url":"https:\/\/www.ull.es\/portal\/campusamerica\/mexico\/","og_site_name":"Campus Am\u00e9rica","article_modified_time":"2022-09-27T11:24:20+00:00","twitter_card":"summary_large_image","twitter_misc":{"Tiempo de lectura":"2 minutos"},"schema":{"@context":"https:\/\/schema.org","@graph":[{"@type":"WebPage","@id":"https:\/\/www.ull.es\/portal\/campusamerica\/mexico\/","url":"https:\/\/www.ull.es\/portal\/campusamerica\/mexico\/","name":"M\u00e9xico - Campus Am\u00e9rica","isPartOf":{"@id":"https:\/\/www.ull.es\/portal\/campusamerica\/#website"},"datePublished":"2022-09-02T13:38:42+00:00","dateModified":"2022-09-27T11:24:20+00:00","breadcrumb":{"@id":"https:\/\/www.ull.es\/portal\/campusamerica\/mexico\/#breadcrumb"},"inLanguage":"es","potentialAction":[{"@type":"ReadAction","target":["https:\/\/www.ull.es\/portal\/campusamerica\/mexico\/"]}]},{"@type":"BreadcrumbList","@id":"https:\/\/www.ull.es\/portal\/campusamerica\/mexico\/#breadcrumb","itemListElement":[{"@type":"ListItem","position":1,"name":"Portada","item":"https:\/\/www.ull.es\/portal\/campusamerica\/"},{"@type":"ListItem","position":2,"name":"M\u00e9xico"}]},{"@type":"WebSite","@id":"https:\/\/www.ull.es\/portal\/campusamerica\/#website","url":"https:\/\/www.ull.es\/portal\/campusamerica\/","name":"Campus Am\u00e9rica","description":"","potentialAction":[{"@type":"SearchAction","target":{"@type":"EntryPoint","urlTemplate":"https:\/\/www.ull.es\/portal\/campusamerica\/?s={search_term_string}"},"query-input":"required name=search_term_string"}],"inLanguage":"es"}]}},"_links":{"self":[{"href":"https:\/\/www.ull.es\/portal\/campusamerica\/wp-json\/wp\/v2\/pages\/1344"}],"collection":[{"href":"https:\/\/www.ull.es\/portal\/campusamerica\/wp-json\/wp\/v2\/pages"}],"about":[{"href":"https:\/\/www.ull.es\/portal\/campusamerica\/wp-json\/wp\/v2\/types\/page"}],"author":[{"embeddable":true,"href":"https:\/\/www.ull.es\/portal\/campusamerica\/wp-json\/wp\/v2\/users\/86"}],"replies":[{"embeddable":true,"href":"https:\/\/www.ull.es\/portal\/campusamerica\/wp-json\/wp\/v2\/comments?post=1344"}],"version-history":[{"count":14,"href":"https:\/\/www.ull.es\/portal\/campusamerica\/wp-json\/wp\/v2\/pages\/1344\/revisions"}],"predecessor-version":[{"id":1482,"href":"https:\/\/www.ull.es\/portal\/campusamerica\/wp-json\/wp\/v2\/pages\/1344\/revisions\/1482"}],"wp:attachment":[{"href":"https:\/\/www.ull.es\/portal\/campusamerica\/wp-json\/wp\/v2\/media?parent=1344"}],"curies":[{"name":"wp","href":"https:\/\/api.w.org\/{rel}","templated":true}]}}