{"id":170,"date":"2017-08-02T11:44:00","date_gmt":"2017-08-02T11:44:00","guid":{"rendered":"https:\/\/campusamericapre.fgull.org\/?page_id=170"},"modified":"2019-06-07T11:05:02","modified_gmt":"2019-06-07T11:05:02","slug":"academicas-cientificas-cooperacion","status":"publish","type":"page","link":"https:\/\/www.ull.es\/portal\/campusamerica\/programa-2022\/academicas-cientificas-cooperacion\/","title":{"rendered":"Acad\u00e9micas, cient\u00edficas y de cooperaci\u00f3n"},"content":{"rendered":"<p>[vc_row][vc_column][vc_empty_space][vc_custom_heading text=\u00bbAcad\u00e9micas, cient\u00edficas y de cooperaci\u00f3n\u00bb font_container=\u00bbtag:h2|font_size:50px|text_align:left|color:%23171e32&#8243; google_fonts=\u00bbfont_family:Roboto%20Condensed%3A300%2C300italic%2Cregular%2Citalic%2C700%2C700italic|font_style:700%20bold%20regular%3A700%3Anormal\u00bb][vc_empty_space][vc_column_text]<style>\n\n    .row.programa{\n        border-bottom: 1px solid;\n    }\n    .row.programa:last-child{\n        border-bottom: none;\n    }\n\n    .row.programa .horas{\n        text-align: center;\n    }\n\n    .date {\n        font-size: 2.5vh;\n        font-weight: bold;\n        margin-top: 15px;\n    }\n\n    .date .nombredia{\n        margin-bottom: 0;\n        color: #0e0e0e;\n    }\n\n    .date .fecha{\n        color: #808080;\n    }\n\n    .info {\n        padding: 0 !important;\n        border-left: 3px solid #171e32;\n    }\n\n    .info .localizacion, .info .categoria,.info .horario, .info .duracion{\n        color: #717171;\n        font-size: 1.9vh;\n    }\n    .info .duracion{\n        color: #989898;\n    }\n\n    .info .evento{\n        border-bottom: dashed 1px #bfbfbf;\n        padding: 12px 20px;\n    }\n    .info .evento h3{\n        margin: 0 !important;\n        color: #1d71b8;\n        font-size: 2.5vh;\n\n    }\n    .info .evento:last-child{\n        border-bottom: none;\n    }\n\n    .info .evento a{\n        text-decoration: none;\n    }\n\n    .info .evento:hover{\n        background: rgba(240, 240, 240, 0.57);\n    }\n\n\n    @media (max-width: 768px) {\n        \/* Estos estilos solo se aplicar\u00e1n hasta el tama\u00f1o indicado *\/\n        .row.programa{\n            border-bottom: none;\n        }\n        .info {\n            border-left: none;\n        }\n        .date{\n            border-bottom: 3px solid #171e32;\n        }\n        .row.programa .horas{\n            text-align: left;\n        }\n        .date .nombredia, .date .fecha, .info .horario, .info .duracion{\n            display: inline-block;\n            margin-right: 10px;\n        }\n    }\n\n<\/style>\n\n[\/vc_column_text][vc_empty_space][\/vc_column][\/vc_row][vc_row][vc_column][vc_empty_space][\/vc_column][\/vc_row][vc_row][vc_column][vc_empty_space][\/vc_column][\/vc_row][vc_row][vc_column width=\u00bb1\/4&#8243;][vc_column_text]<a class=\"btn-destacado\" style=\"background-color: #171e32;font-size: 16px\" href=\"https:\/\/www.ull.es\/portal\/campusamerica\/programa\/academicas-cientificas-cooperacion\/\" target=\"_blank\" rel=\"noopener noreferrer\" target=\"_blank\" rel=\"noopener\">Acad\u00e9micas, cient\u00edficas y de cooperaci\u00f3n <i class=\"fa fa-arrow-right\"><\/i><\/a>[\/vc_column_text][\/vc_column][vc_column width=\u00bb1\/4&#8243;][vc_column_text]<a class=\"btn-destacado\" style=\"background-color: #171e32;font-size: 16px\" href=\"https:\/\/www.ull.es\/portal\/campusamerica\/programa\/actividades-divulgativas-y-culturales-canarias-america\/\" target=\"_blank\" rel=\"noopener noreferrer\" target=\"_blank\" rel=\"noopener\">Actividades divulgativas y culturales Canarias-Am\u00e9rica <i class=\"fa fa-arrow-right\"><\/i><\/a>[\/vc_column_text][\/vc_column][vc_column width=\u00bb1\/4&#8243;][vc_column_text]<a class=\"btn-destacado\" style=\"background-color: #171e32;font-size: 16px\" href=\"https:\/\/www.ull.es\/portal\/campusamerica\/programa\/gobernanza-democracia-ciudad-cultura\/\" target=\"_blank\" rel=\"noopener noreferrer\" target=\"_blank\" rel=\"noopener\">Gobernanza, democracia, derechos humanos, patrimonio y ciudad <i class=\"fa fa-arrow-right\"><\/i><\/a>[\/vc_column_text][\/vc_column][vc_column width=\u00bb1\/4&#8243;][vc_column_text]<a class=\"btn-destacado\" style=\"background-color: #171e32;font-size: 22px\" href=\"https:\/\/www.ull.es\/portal\/campusamerica\/programa\/\" target=\"_blank\" rel=\"noopener noreferrer\" target=\"_blank\" rel=\"noopener\">Ir al programa completo <i class=\"fa fa-arrow-right\"><\/i><\/a>[\/vc_column_text][\/vc_column][\/vc_row][vc_row][vc_column][vc_empty_space height=\u00bb100px\u00bb][\/vc_column][\/vc_row][vc_row][vc_column][vc_column_text]<\/p>\n<p>[\/vc_column_text][\/vc_column][\/vc_row]<\/p>\n","protected":false},"excerpt":{"rendered":"<p>[vc_row][vc_column][vc_empty_space][vc_custom_heading text=\u00bbAcad\u00e9micas, cient\u00edficas y de cooperaci\u00f3n\u00bb font_container=\u00bbtag:h2|font_size:50px|text_align:left|color:%23171e32&#8243; google_fonts=\u00bbfont_family:Roboto%20Condensed%3A300%2C300italic%2Cregular%2Citalic%2C700%2C700italic|font_style:700%20bold%20regular%3A700%3Anormal\u00bb][vc_empty_space][vc_column_text][\/vc_column_text][vc_empty_space][\/vc_column][\/vc_row][vc_row][vc_column][vc_empty_space][\/vc_column][\/vc_row][vc_row][vc_column][vc_empty_space][\/vc_column][\/vc_row][vc_row][vc_column width=\u00bb1\/4&#8243;][vc_column_text]Acad\u00e9micas, cient\u00edficas y de cooperaci\u00f3n [\/vc_column_text][\/vc_column][vc_column width=\u00bb1\/4&#8243;][vc_column_text]Actividades divulgativas y culturales Canarias-Am\u00e9rica [\/vc_column_text][\/vc_column][vc_column width=\u00bb1\/4&#8243;][vc_column_text]Gobernanza, democracia, derechos humanos, patrimonio y ciudad [\/vc_column_text][\/vc_column][vc_column width=\u00bb1\/4&#8243;][vc_column_text]Ir al programa completo [\/vc_column_text][\/vc_column][\/vc_row][vc_row][vc_column][vc_empty_space height=\u00bb100px\u00bb][\/vc_column][\/vc_row][vc_row][vc_column][vc_column_text] [\/vc_column_text][\/vc_column][\/vc_row]<\/p>\n","protected":false},"author":1,"featured_media":0,"parent":20,"menu_order":0,"comment_status":"closed","ping_status":"closed","template":"templates\/template-frontpage.php","meta":{"inline_featured_image":false,"footnotes":""},"acf":[],"yoast_head":"<!-- This site is optimized with the Yoast SEO plugin v21.3 - https:\/\/yoast.com\/wordpress\/plugins\/seo\/ -->\n<title>Acad\u00e9micas, cient\u00edficas y de cooperaci\u00f3n - Campus Am\u00e9rica<\/title>\n<meta name=\"robots\" content=\"index, follow, max-snippet:-1, max-image-preview:large, max-video-preview:-1\" \/>\n<link rel=\"canonical\" href=\"https:\/\/www.ull.es\/portal\/campusamerica\/programa-2022\/academicas-cientificas-cooperacion\/\" \/>\n<meta property=\"og:locale\" content=\"es_ES\" \/>\n<meta property=\"og:type\" content=\"article\" \/>\n<meta property=\"og:title\" content=\"Acad\u00e9micas, cient\u00edficas y de cooperaci\u00f3n - Campus Am\u00e9rica\" \/>\n<meta property=\"og:description\" content=\"[vc_row][vc_column][vc_empty_space][vc_custom_heading text=\u00bbAcad\u00e9micas, cient\u00edficas y de cooperaci\u00f3n\u00bb font_container=\u00bbtag:h2|font_size:50px|text_align:left|color:%23171e32&#8243; google_fonts=\u00bbfont_family:Roboto%20Condensed%3A300%2C300italic%2Cregular%2Citalic%2C700%2C700italic|font_style:700%20bold%20regular%3A700%3Anormal\u00bb][vc_empty_space][vc_column_text][\/vc_column_text][vc_empty_space][\/vc_column][\/vc_row][vc_row][vc_column][vc_empty_space][\/vc_column][\/vc_row][vc_row][vc_column][vc_empty_space][\/vc_column][\/vc_row][vc_row][vc_column width=\u00bb1\/4&#8243;][vc_column_text]Acad\u00e9micas, cient\u00edficas y de cooperaci\u00f3n [\/vc_column_text][\/vc_column][vc_column width=\u00bb1\/4&#8243;][vc_column_text]Actividades divulgativas y culturales Canarias-Am\u00e9rica [\/vc_column_text][\/vc_column][vc_column width=\u00bb1\/4&#8243;][vc_column_text]Gobernanza, democracia, derechos humanos, patrimonio y ciudad [\/vc_column_text][\/vc_column][vc_column width=\u00bb1\/4&#8243;][vc_column_text]Ir al programa completo [\/vc_column_text][\/vc_column][\/vc_row][vc_row][vc_column][vc_empty_space height=\u00bb100px\u00bb][\/vc_column][\/vc_row][vc_row][vc_column][vc_column_text] [\/vc_column_text][\/vc_column][\/vc_row]\" \/>\n<meta property=\"og:url\" content=\"https:\/\/www.ull.es\/portal\/campusamerica\/programa-2022\/academicas-cientificas-cooperacion\/\" \/>\n<meta property=\"og:site_name\" content=\"Campus Am\u00e9rica\" \/>\n<meta property=\"article:modified_time\" content=\"2019-06-07T11:05:02+00:00\" \/>\n<meta name=\"twitter:card\" content=\"summary_large_image\" \/>\n<meta name=\"twitter:label1\" content=\"Tiempo de lectura\" \/>\n\t<meta name=\"twitter:data1\" content=\"1 minuto\" \/>\n<script type=\"application\/ld+json\" class=\"yoast-schema-graph\">{\"@context\":\"https:\/\/schema.org\",\"@graph\":[{\"@type\":\"WebPage\",\"@id\":\"https:\/\/www.ull.es\/portal\/campusamerica\/programa-2022\/academicas-cientificas-cooperacion\/\",\"url\":\"https:\/\/www.ull.es\/portal\/campusamerica\/programa-2022\/academicas-cientificas-cooperacion\/\",\"name\":\"Acad\u00e9micas, cient\u00edficas y de cooperaci\u00f3n - Campus Am\u00e9rica\",\"isPartOf\":{\"@id\":\"https:\/\/www.ull.es\/portal\/campusamerica\/#website\"},\"datePublished\":\"2017-08-02T11:44:00+00:00\",\"dateModified\":\"2019-06-07T11:05:02+00:00\",\"breadcrumb\":{\"@id\":\"https:\/\/www.ull.es\/portal\/campusamerica\/programa-2022\/academicas-cientificas-cooperacion\/#breadcrumb\"},\"inLanguage\":\"es\",\"potentialAction\":[{\"@type\":\"ReadAction\",\"target\":[\"https:\/\/www.ull.es\/portal\/campusamerica\/programa-2022\/academicas-cientificas-cooperacion\/\"]}]},{\"@type\":\"BreadcrumbList\",\"@id\":\"https:\/\/www.ull.es\/portal\/campusamerica\/programa-2022\/academicas-cientificas-cooperacion\/#breadcrumb\",\"itemListElement\":[{\"@type\":\"ListItem\",\"position\":1,\"name\":\"Portada\",\"item\":\"https:\/\/www.ull.es\/portal\/campusamerica\/\"},{\"@type\":\"ListItem\",\"position\":2,\"name\":\"Programa 2022\",\"item\":\"https:\/\/www.ull.es\/portal\/campusamerica\/programa-2022\/\"},{\"@type\":\"ListItem\",\"position\":3,\"name\":\"Acad\u00e9micas, cient\u00edficas y de cooperaci\u00f3n\"}]},{\"@type\":\"WebSite\",\"@id\":\"https:\/\/www.ull.es\/portal\/campusamerica\/#website\",\"url\":\"https:\/\/www.ull.es\/portal\/campusamerica\/\",\"name\":\"Campus Am\u00e9rica\",\"description\":\"\",\"potentialAction\":[{\"@type\":\"SearchAction\",\"target\":{\"@type\":\"EntryPoint\",\"urlTemplate\":\"https:\/\/www.ull.es\/portal\/campusamerica\/?s={search_term_string}\"},\"query-input\":\"required name=search_term_string\"}],\"inLanguage\":\"es\"}]}<\/script>\n<!-- \/ Yoast SEO plugin. -->","yoast_head_json":{"title":"Acad\u00e9micas, cient\u00edficas y de cooperaci\u00f3n - Campus Am\u00e9rica","robots":{"index":"index","follow":"follow","max-snippet":"max-snippet:-1","max-image-preview":"max-image-preview:large","max-video-preview":"max-video-preview:-1"},"canonical":"https:\/\/www.ull.es\/portal\/campusamerica\/programa-2022\/academicas-cientificas-cooperacion\/","og_locale":"es_ES","og_type":"article","og_title":"Acad\u00e9micas, cient\u00edficas y de cooperaci\u00f3n - Campus Am\u00e9rica","og_description":"[vc_row][vc_column][vc_empty_space][vc_custom_heading text=\u00bbAcad\u00e9micas, cient\u00edficas y de cooperaci\u00f3n\u00bb font_container=\u00bbtag:h2|font_size:50px|text_align:left|color:%23171e32&#8243; google_fonts=\u00bbfont_family:Roboto%20Condensed%3A300%2C300italic%2Cregular%2Citalic%2C700%2C700italic|font_style:700%20bold%20regular%3A700%3Anormal\u00bb][vc_empty_space][vc_column_text][\/vc_column_text][vc_empty_space][\/vc_column][\/vc_row][vc_row][vc_column][vc_empty_space][\/vc_column][\/vc_row][vc_row][vc_column][vc_empty_space][\/vc_column][\/vc_row][vc_row][vc_column width=\u00bb1\/4&#8243;][vc_column_text]Acad\u00e9micas, cient\u00edficas y de cooperaci\u00f3n [\/vc_column_text][\/vc_column][vc_column width=\u00bb1\/4&#8243;][vc_column_text]Actividades divulgativas y culturales Canarias-Am\u00e9rica [\/vc_column_text][\/vc_column][vc_column width=\u00bb1\/4&#8243;][vc_column_text]Gobernanza, democracia, derechos humanos, patrimonio y ciudad [\/vc_column_text][\/vc_column][vc_column width=\u00bb1\/4&#8243;][vc_column_text]Ir al programa completo [\/vc_column_text][\/vc_column][\/vc_row][vc_row][vc_column][vc_empty_space height=\u00bb100px\u00bb][\/vc_column][\/vc_row][vc_row][vc_column][vc_column_text] [\/vc_column_text][\/vc_column][\/vc_row]","og_url":"https:\/\/www.ull.es\/portal\/campusamerica\/programa-2022\/academicas-cientificas-cooperacion\/","og_site_name":"Campus Am\u00e9rica","article_modified_time":"2019-06-07T11:05:02+00:00","twitter_card":"summary_large_image","twitter_misc":{"Tiempo de lectura":"1 minuto"},"schema":{"@context":"https:\/\/schema.org","@graph":[{"@type":"WebPage","@id":"https:\/\/www.ull.es\/portal\/campusamerica\/programa-2022\/academicas-cientificas-cooperacion\/","url":"https:\/\/www.ull.es\/portal\/campusamerica\/programa-2022\/academicas-cientificas-cooperacion\/","name":"Acad\u00e9micas, cient\u00edficas y de cooperaci\u00f3n - Campus Am\u00e9rica","isPartOf":{"@id":"https:\/\/www.ull.es\/portal\/campusamerica\/#website"},"datePublished":"2017-08-02T11:44:00+00:00","dateModified":"2019-06-07T11:05:02+00:00","breadcrumb":{"@id":"https:\/\/www.ull.es\/portal\/campusamerica\/programa-2022\/academicas-cientificas-cooperacion\/#breadcrumb"},"inLanguage":"es","potentialAction":[{"@type":"ReadAction","target":["https:\/\/www.ull.es\/portal\/campusamerica\/programa-2022\/academicas-cientificas-cooperacion\/"]}]},{"@type":"BreadcrumbList","@id":"https:\/\/www.ull.es\/portal\/campusamerica\/programa-2022\/academicas-cientificas-cooperacion\/#breadcrumb","itemListElement":[{"@type":"ListItem","position":1,"name":"Portada","item":"https:\/\/www.ull.es\/portal\/campusamerica\/"},{"@type":"ListItem","position":2,"name":"Programa 2022","item":"https:\/\/www.ull.es\/portal\/campusamerica\/programa-2022\/"},{"@type":"ListItem","position":3,"name":"Acad\u00e9micas, cient\u00edficas y de cooperaci\u00f3n"}]},{"@type":"WebSite","@id":"https:\/\/www.ull.es\/portal\/campusamerica\/#website","url":"https:\/\/www.ull.es\/portal\/campusamerica\/","name":"Campus Am\u00e9rica","description":"","potentialAction":[{"@type":"SearchAction","target":{"@type":"EntryPoint","urlTemplate":"https:\/\/www.ull.es\/portal\/campusamerica\/?s={search_term_string}"},"query-input":"required name=search_term_string"}],"inLanguage":"es"}]}},"_links":{"self":[{"href":"https:\/\/www.ull.es\/portal\/campusamerica\/wp-json\/wp\/v2\/pages\/170"}],"collection":[{"href":"https:\/\/www.ull.es\/portal\/campusamerica\/wp-json\/wp\/v2\/pages"}],"about":[{"href":"https:\/\/www.ull.es\/portal\/campusamerica\/wp-json\/wp\/v2\/types\/page"}],"author":[{"embeddable":true,"href":"https:\/\/www.ull.es\/portal\/campusamerica\/wp-json\/wp\/v2\/users\/1"}],"replies":[{"embeddable":true,"href":"https:\/\/www.ull.es\/portal\/campusamerica\/wp-json\/wp\/v2\/comments?post=170"}],"version-history":[{"count":10,"href":"https:\/\/www.ull.es\/portal\/campusamerica\/wp-json\/wp\/v2\/pages\/170\/revisions"}],"predecessor-version":[{"id":925,"href":"https:\/\/www.ull.es\/portal\/campusamerica\/wp-json\/wp\/v2\/pages\/170\/revisions\/925"}],"up":[{"embeddable":true,"href":"https:\/\/www.ull.es\/portal\/campusamerica\/wp-json\/wp\/v2\/pages\/20"}],"wp:attachment":[{"href":"https:\/\/www.ull.es\/portal\/campusamerica\/wp-json\/wp\/v2\/media?parent=170"}],"curies":[{"name":"wp","href":"https:\/\/api.w.org\/{rel}","templated":true}]}}