{"id":185,"date":"2017-08-02T12:22:34","date_gmt":"2017-08-02T12:22:34","guid":{"rendered":"https:\/\/campusamericapre.fgull.org\/?page_id=185"},"modified":"2017-08-30T11:26:55","modified_gmt":"2017-08-30T11:26:55","slug":"informacion-la-pagina-web","status":"publish","type":"page","link":"https:\/\/www.ull.es\/portal\/campusamerica\/informacion-la-pagina-web\/","title":{"rendered":"Informaci\u00f3n sobre la p\u00e1gina web"},"content":{"rendered":"<p>[vc_row][vc_column][vc_empty_space][vc_custom_heading text=\u00bbInformaci\u00f3n sobre la p\u00e1gina web\u00bb font_container=\u00bbtag:h2|font_size:50|text_align:left|color:%23000000&#8243; google_fonts=\u00bbfont_family:Roboto%3A100%2C100italic%2C300%2C300italic%2Cregular%2Citalic%2C500%2C500italic%2C700%2C700italic%2C900%2C900italic|font_style:400%20regular%3A400%3Anormal\u00bb][vc_empty_space][vc_tta_accordion][vc_tta_section title=\u00bbLicencia sobre el contenido\u00bb tab_id=\u00bblicencia-sobre-el-contenido\u00bb][vc_column_text]Excepto donde se indique lo contrario, el contenido en esta web de la Universidad de La Laguna se encuentra bajo Licencia\u00a0<a href=\"http:\/\/creativecommons.org\/licenses\/by\/3.0\/deed.es\" target=\"_blank\" rel=\"noopener\">Creative Commons Atribuci\u00f3n 3.0 Unported<\/a>. El alcance concreto de esta licencia, permisos que vayan m\u00e1s all\u00e1 de lo cubierto por la misma y otras consideraciones pueden encontrarse en el aviso legal.[\/vc_column_text][\/vc_tta_section][vc_tta_section title=\u00bbAviso Legal\u00bb tab_id=\u00bbaviso-legal\u00bb][vc_column_text]<\/p>\n<ul>\n<li>Este sitio web es propiedad de la Universidad de La Laguna, con domicilio social en Padre Herrera, s\/n, 38200 La Laguna, Tenerife, Espa\u00f1a, y con CIF Q-3818001 D.<\/li>\n<li>La web de la Universidad de La Laguna proporciona todo tipo de contenidos y servicios relacionados con las actividades propias de esta instituci\u00f3n.<\/li>\n<li>Los textos, documentos, im\u00e1genes, v\u00eddeos, sonidos, animaciones, software y otra clase de contenidos incluidos en esta web son propiedad exclusiva de la ULL, o bien esta instituci\u00f3n est\u00e1 debidamente autorizada a utilizar el material publicado.<\/li>\n<li>Excepto donde se indique lo contrario, el contenido en esta web de la\u00a0<a href=\"http:\/\/www.ull.es\/\" rel=\"cc:attributionURL\" target=\"_blank\" rel=\"noopener\">Universidad de La Laguna<\/a>\u00a0se encuentra bajo\u00a0<a href=\"http:\/\/creativecommons.org\/licenses\/by\/3.0\/deed.es\" target=\"_blank\" rel=\"license noopener\" target=\"_blank\" rel=\"noopener\">Licencia Creative Commons Atribuci\u00f3n 3.0 Unported<\/a>. Esta licencia no se aplica a los contenidos donde se indique expresamente el autor o los autores de los mismos, ya que son propiedad exclusiva de estos. Tampoco se aplica a im\u00e1genes y v\u00eddeos, estando cubiertos por la licencia antes especificada solo aquellos para los que se as\u00ed se indique.<\/li>\n<li>El dise\u00f1o, plantillas, temas e im\u00e1genes creadas para el dise\u00f1o de esta web est\u00e1n protegidas por el derecho de autor. Queda prohibido su uso sin la autorizaci\u00f3n expresa de su titular.<\/li>\n<li>Este sitio web utiliza cookies para adaptar la navegaci\u00f3n en la web a las preferencias de cada usuario. Usted puede desactivarlas en su navegador, con el inconveniente de que algunas opciones de navegaci\u00f3n quedar\u00e1n deshabilitadas.<\/li>\n<\/ul>\n<p>[\/vc_column_text][\/vc_tta_section][vc_tta_section title=\u00bbLey Org\u00e1nica de Protecci\u00f3n de Datos de Car\u00e1cter Personal (LOPD)\u00bb tab_id=\u00bblopd\u00bb][vc_column_text]<\/p>\n<ul>\n<li>Ley Org\u00e1nica de Protecci\u00f3n de Datos de Car\u00e1cter Personal (<a href=\"http:\/\/www.agpd.es\/portalwebAGPD\/canaldocumentacion\/legislacion\/estatal\/index-ides-idphp.php\" target=\"_blank\" rel=\"noopener\" target=\"_blank\" rel=\"noopener\">Agencia Espa\u00f1ola de Protecci\u00f3n de Datos<\/a>) (<a href=\"https:\/\/www.boe.es\/boe\/dias\/1999\/12\/14\/pdfs\/A43088-43099.pdf\" target=\"_blank\" rel=\"noopener\" target=\"_blank\" rel=\"noopener\">BOE<\/a>)<\/li>\n<li><a href=\"http:\/\/riull.ull.es\/xmlui\/bitstream\/item\/3864\/clausula_videovigilancia.pdf\" target=\"_blank\" rel=\"noopener\" target=\"_blank\" rel=\"noopener\">Cl\u00e1usula informativa de videovigilancia<\/a><\/li>\n<li><a href=\"http:\/\/riull.ull.es\/xmlui\/bitstream\/item\/3865\/rectificacion_datos_personales.pdf\" target=\"_blank\" rel=\"noopener\" target=\"_blank\" rel=\"noopener\">Solicitud de rectificaci\u00f3n de datos de car\u00e1cter personal<\/a><\/li>\n<li><a href=\"http:\/\/riull.ull.es\/xmlui\/bitstream\/item\/3866\/acceso_datos_personales.pdf\" target=\"_blank\" rel=\"noopener\" target=\"_blank\" rel=\"noopener\">Solicitud de acceso a los datos de car\u00e1cter personal<\/a><\/li>\n<li><a href=\"http:\/\/riull.ull.es\/xmlui\/bitstream\/item\/3868\/cancelacion_datos_personales.pdf\" target=\"_blank\" rel=\"noopener\" target=\"_blank\" rel=\"noopener\">Solicitud de cancelaci\u00f3n de datos de car\u00e1cter personal<\/a><\/li>\n<li><a href=\"http:\/\/riull.ull.es\/xmlui\/bitstream\/item\/3867\/oposicion_tratamiento_datos.pdf\" target=\"_blank\" rel=\"noopener\" target=\"_blank\" rel=\"noopener\">Solicitud de oposici\u00f3n al tratamiento de datos de car\u00e1cter personal<\/a><\/li>\n<\/ul>\n<p>[\/vc_column_text][\/vc_tta_section][\/vc_tta_accordion][vc_empty_space][\/vc_column][\/vc_row]<\/p>\n","protected":false},"excerpt":{"rendered":"<p>[vc_row][vc_column][vc_empty_space][vc_custom_heading text=\u00bbInformaci\u00f3n sobre la p\u00e1gina web\u00bb font_container=\u00bbtag:h2|font_size:50|text_align:left|color:%23000000&#8243; google_fonts=\u00bbfont_family:Roboto%3A100%2C100italic%2C300%2C300italic%2Cregular%2Citalic%2C500%2C500italic%2C700%2C700italic%2C900%2C900italic|font_style:400%20regular%3A400%3Anormal\u00bb][vc_empty_space][vc_tta_accordion][vc_tta_section title=\u00bbLicencia sobre el contenido\u00bb tab_id=\u00bblicencia-sobre-el-contenido\u00bb][vc_column_text]Excepto donde se indique lo contrario, el contenido en esta web de la Universidad de La Laguna se encuentra bajo Licencia\u00a0Creative Commons Atribuci\u00f3n 3.0 Unported. El alcance concreto de esta licencia, permisos que vayan m\u00e1s all\u00e1 de lo cubierto por la misma y&#8230;<\/p>\n","protected":false},"author":1,"featured_media":0,"parent":0,"menu_order":0,"comment_status":"closed","ping_status":"closed","template":"templates\/template-frontpage.php","meta":{"inline_featured_image":false,"footnotes":""},"acf":[],"yoast_head":"<!-- This site is optimized with the Yoast SEO plugin v21.3 - https:\/\/yoast.com\/wordpress\/plugins\/seo\/ -->\n<title>Informaci\u00f3n sobre la p\u00e1gina web - Campus Am\u00e9rica<\/title>\n<meta name=\"robots\" content=\"index, follow, max-snippet:-1, max-image-preview:large, max-video-preview:-1\" \/>\n<link rel=\"canonical\" href=\"https:\/\/www.ull.es\/portal\/campusamerica\/informacion-la-pagina-web\/\" \/>\n<meta property=\"og:locale\" content=\"es_ES\" \/>\n<meta property=\"og:type\" content=\"article\" \/>\n<meta property=\"og:title\" content=\"Informaci\u00f3n sobre la p\u00e1gina web - Campus Am\u00e9rica\" \/>\n<meta property=\"og:description\" content=\"[vc_row][vc_column][vc_empty_space][vc_custom_heading text=\u00bbInformaci\u00f3n sobre la p\u00e1gina web\u00bb font_container=\u00bbtag:h2|font_size:50|text_align:left|color:%23000000&#8243; google_fonts=\u00bbfont_family:Roboto%3A100%2C100italic%2C300%2C300italic%2Cregular%2Citalic%2C500%2C500italic%2C700%2C700italic%2C900%2C900italic|font_style:400%20regular%3A400%3Anormal\u00bb][vc_empty_space][vc_tta_accordion][vc_tta_section title=\u00bbLicencia sobre el contenido\u00bb tab_id=\u00bblicencia-sobre-el-contenido\u00bb][vc_column_text]Excepto donde se indique lo contrario, el contenido en esta web de la Universidad de La Laguna se encuentra bajo Licencia\u00a0Creative Commons Atribuci\u00f3n 3.0 Unported. El alcance concreto de esta licencia, permisos que vayan m\u00e1s all\u00e1 de lo cubierto por la misma y...\" \/>\n<meta property=\"og:url\" content=\"https:\/\/www.ull.es\/portal\/campusamerica\/informacion-la-pagina-web\/\" \/>\n<meta property=\"og:site_name\" content=\"Campus Am\u00e9rica\" \/>\n<meta property=\"article:modified_time\" content=\"2017-08-30T11:26:55+00:00\" \/>\n<meta name=\"twitter:card\" content=\"summary_large_image\" \/>\n<meta name=\"twitter:label1\" content=\"Tiempo de lectura\" \/>\n\t<meta name=\"twitter:data1\" content=\"3 minutos\" \/>\n<script type=\"application\/ld+json\" class=\"yoast-schema-graph\">{\"@context\":\"https:\/\/schema.org\",\"@graph\":[{\"@type\":\"WebPage\",\"@id\":\"https:\/\/www.ull.es\/portal\/campusamerica\/informacion-la-pagina-web\/\",\"url\":\"https:\/\/www.ull.es\/portal\/campusamerica\/informacion-la-pagina-web\/\",\"name\":\"Informaci\u00f3n sobre la p\u00e1gina web - Campus Am\u00e9rica\",\"isPartOf\":{\"@id\":\"https:\/\/www.ull.es\/portal\/campusamerica\/#website\"},\"datePublished\":\"2017-08-02T12:22:34+00:00\",\"dateModified\":\"2017-08-30T11:26:55+00:00\",\"breadcrumb\":{\"@id\":\"https:\/\/www.ull.es\/portal\/campusamerica\/informacion-la-pagina-web\/#breadcrumb\"},\"inLanguage\":\"es\",\"potentialAction\":[{\"@type\":\"ReadAction\",\"target\":[\"https:\/\/www.ull.es\/portal\/campusamerica\/informacion-la-pagina-web\/\"]}]},{\"@type\":\"BreadcrumbList\",\"@id\":\"https:\/\/www.ull.es\/portal\/campusamerica\/informacion-la-pagina-web\/#breadcrumb\",\"itemListElement\":[{\"@type\":\"ListItem\",\"position\":1,\"name\":\"Portada\",\"item\":\"https:\/\/www.ull.es\/portal\/campusamerica\/\"},{\"@type\":\"ListItem\",\"position\":2,\"name\":\"Informaci\u00f3n sobre la p\u00e1gina web\"}]},{\"@type\":\"WebSite\",\"@id\":\"https:\/\/www.ull.es\/portal\/campusamerica\/#website\",\"url\":\"https:\/\/www.ull.es\/portal\/campusamerica\/\",\"name\":\"Campus Am\u00e9rica\",\"description\":\"\",\"potentialAction\":[{\"@type\":\"SearchAction\",\"target\":{\"@type\":\"EntryPoint\",\"urlTemplate\":\"https:\/\/www.ull.es\/portal\/campusamerica\/?s={search_term_string}\"},\"query-input\":\"required name=search_term_string\"}],\"inLanguage\":\"es\"}]}<\/script>\n<!-- \/ Yoast SEO plugin. -->","yoast_head_json":{"title":"Informaci\u00f3n sobre la p\u00e1gina web - Campus Am\u00e9rica","robots":{"index":"index","follow":"follow","max-snippet":"max-snippet:-1","max-image-preview":"max-image-preview:large","max-video-preview":"max-video-preview:-1"},"canonical":"https:\/\/www.ull.es\/portal\/campusamerica\/informacion-la-pagina-web\/","og_locale":"es_ES","og_type":"article","og_title":"Informaci\u00f3n sobre la p\u00e1gina web - Campus Am\u00e9rica","og_description":"[vc_row][vc_column][vc_empty_space][vc_custom_heading text=\u00bbInformaci\u00f3n sobre la p\u00e1gina web\u00bb font_container=\u00bbtag:h2|font_size:50|text_align:left|color:%23000000&#8243; google_fonts=\u00bbfont_family:Roboto%3A100%2C100italic%2C300%2C300italic%2Cregular%2Citalic%2C500%2C500italic%2C700%2C700italic%2C900%2C900italic|font_style:400%20regular%3A400%3Anormal\u00bb][vc_empty_space][vc_tta_accordion][vc_tta_section title=\u00bbLicencia sobre el contenido\u00bb tab_id=\u00bblicencia-sobre-el-contenido\u00bb][vc_column_text]Excepto donde se indique lo contrario, el contenido en esta web de la Universidad de La Laguna se encuentra bajo Licencia\u00a0Creative Commons Atribuci\u00f3n 3.0 Unported. El alcance concreto de esta licencia, permisos que vayan m\u00e1s all\u00e1 de lo cubierto por la misma y...","og_url":"https:\/\/www.ull.es\/portal\/campusamerica\/informacion-la-pagina-web\/","og_site_name":"Campus Am\u00e9rica","article_modified_time":"2017-08-30T11:26:55+00:00","twitter_card":"summary_large_image","twitter_misc":{"Tiempo de lectura":"3 minutos"},"schema":{"@context":"https:\/\/schema.org","@graph":[{"@type":"WebPage","@id":"https:\/\/www.ull.es\/portal\/campusamerica\/informacion-la-pagina-web\/","url":"https:\/\/www.ull.es\/portal\/campusamerica\/informacion-la-pagina-web\/","name":"Informaci\u00f3n sobre la p\u00e1gina web - Campus Am\u00e9rica","isPartOf":{"@id":"https:\/\/www.ull.es\/portal\/campusamerica\/#website"},"datePublished":"2017-08-02T12:22:34+00:00","dateModified":"2017-08-30T11:26:55+00:00","breadcrumb":{"@id":"https:\/\/www.ull.es\/portal\/campusamerica\/informacion-la-pagina-web\/#breadcrumb"},"inLanguage":"es","potentialAction":[{"@type":"ReadAction","target":["https:\/\/www.ull.es\/portal\/campusamerica\/informacion-la-pagina-web\/"]}]},{"@type":"BreadcrumbList","@id":"https:\/\/www.ull.es\/portal\/campusamerica\/informacion-la-pagina-web\/#breadcrumb","itemListElement":[{"@type":"ListItem","position":1,"name":"Portada","item":"https:\/\/www.ull.es\/portal\/campusamerica\/"},{"@type":"ListItem","position":2,"name":"Informaci\u00f3n sobre la p\u00e1gina web"}]},{"@type":"WebSite","@id":"https:\/\/www.ull.es\/portal\/campusamerica\/#website","url":"https:\/\/www.ull.es\/portal\/campusamerica\/","name":"Campus Am\u00e9rica","description":"","potentialAction":[{"@type":"SearchAction","target":{"@type":"EntryPoint","urlTemplate":"https:\/\/www.ull.es\/portal\/campusamerica\/?s={search_term_string}"},"query-input":"required name=search_term_string"}],"inLanguage":"es"}]}},"_links":{"self":[{"href":"https:\/\/www.ull.es\/portal\/campusamerica\/wp-json\/wp\/v2\/pages\/185"}],"collection":[{"href":"https:\/\/www.ull.es\/portal\/campusamerica\/wp-json\/wp\/v2\/pages"}],"about":[{"href":"https:\/\/www.ull.es\/portal\/campusamerica\/wp-json\/wp\/v2\/types\/page"}],"author":[{"embeddable":true,"href":"https:\/\/www.ull.es\/portal\/campusamerica\/wp-json\/wp\/v2\/users\/1"}],"replies":[{"embeddable":true,"href":"https:\/\/www.ull.es\/portal\/campusamerica\/wp-json\/wp\/v2\/comments?post=185"}],"version-history":[{"count":5,"href":"https:\/\/www.ull.es\/portal\/campusamerica\/wp-json\/wp\/v2\/pages\/185\/revisions"}],"predecessor-version":[{"id":455,"href":"https:\/\/www.ull.es\/portal\/campusamerica\/wp-json\/wp\/v2\/pages\/185\/revisions\/455"}],"wp:attachment":[{"href":"https:\/\/www.ull.es\/portal\/campusamerica\/wp-json\/wp\/v2\/media?parent=185"}],"curies":[{"name":"wp","href":"https:\/\/api.w.org\/{rel}","templated":true}]}}