{"id":2079,"date":"2024-06-28T08:00:51","date_gmt":"2024-06-28T08:00:51","guid":{"rendered":"https:\/\/www.ull.es\/portal\/campusamerica\/?page_id=2079"},"modified":"2024-06-28T08:00:51","modified_gmt":"2024-06-28T08:00:51","slug":"historia","status":"publish","type":"page","link":"https:\/\/www.ull.es\/portal\/campusamerica\/programa\/historia\/","title":{"rendered":"Historia"},"content":{"rendered":"<p>[vc_row][vc_column][vc_empty_space][vc_custom_heading text=\u00bbHistoria\u00bb font_container=\u00bbtag:h2|font_size:50px|text_align:left|color:%23171e32&#8243; google_fonts=\u00bbfont_family:Roboto%20Condensed%3A300%2C300italic%2Cregular%2Citalic%2C700%2C700italic|font_style:700%20bold%20regular%3A700%3Anormal\u00bb][vc_empty_space][vc_column_text]<strong>Haga clic sobre el evento en el que est\u00e9 interesado para conocer todos los detalles, fechas y horas de celebraci\u00f3n completas<\/strong>[\/vc_column_text][vc_empty_space][vc_column_text]<style>\n\n    .row.programa{\n        border-bottom: 1px solid;\n    }\n    .row.programa:last-child{\n        border-bottom: none;\n    }\n\n    .row.programa .horas{\n        text-align: center;\n    }\n\n    .date {\n        font-size: 2.5vh;\n        font-weight: bold;\n        margin-top: 15px;\n    }\n\n    .date .nombredia{\n        margin-bottom: 0;\n        color: #0e0e0e;\n    }\n\n    .date .fecha{\n        color: #808080;\n    }\n\n    .info {\n        padding: 0 !important;\n        border-left: 3px solid #171e32;\n    }\n\n    .info .localizacion, .info .categoria,.info .horario, .info .duracion{\n        color: #717171;\n        font-size: 1.9vh;\n    }\n    .info .duracion{\n        color: #989898;\n    }\n\n    .info .evento{\n        border-bottom: dashed 1px #bfbfbf;\n        padding: 12px 20px;\n    }\n    .info .evento h3{\n        margin: 0 !important;\n        color: #1d71b8;\n        font-size: 2.5vh;\n\n    }\n    .info .evento:last-child{\n        border-bottom: none;\n    }\n\n    .info .evento a{\n        text-decoration: none;\n    }\n\n    .info .evento:hover{\n        background: rgba(240, 240, 240, 0.57);\n    }\n\n\n    @media (max-width: 768px) {\n        \/* Estos estilos solo se aplicar\u00e1n hasta el tama\u00f1o indicado *\/\n        .row.programa{\n            border-bottom: none;\n        }\n        .info {\n            border-left: none;\n        }\n        .date{\n            border-bottom: 3px solid #171e32;\n        }\n        .row.programa .horas{\n            text-align: left;\n        }\n        .date .nombredia, .date .fecha, .info .horario, .info .duracion{\n            display: inline-block;\n            margin-right: 10px;\n        }\n    }\n\n<\/style>\n\n\n<div class=\"row programa\">\n    <div class=\"col-md-2\">\n        <div class=\"date\">\n            <p class='nombredia'>Mi\u00e9rcoles<\/p><p class='fecha'>09\/10<\/p>        <\/div>\n    <\/div>\n\n    <div class=\"col-md-10 info\">\n                <div class=\"evento\">\n            <a target=\"_blank\" href=\"https:\/\/www.ull.es\/portal\/agenda\/evento\/iii-jornadas-internacionales-del-virreinato-por-mi-raza-hablara-el-espiritu-palabra-y-territorio-en-los-textos-virreinales-v-centenario-de-la-fundacion-de-mexico-y-guatemala\/\">\n                <div class=\"row programa\">\n                    <div class=\"col-md-2 horas\">\n                        <div class='horario'><i class='fa fa-clock-o'><\/i> 09:00 - 12:15<\/div><div class='duracion'>3h 15'<\/div>                    <\/div>\n                    <div class=\"col-md-10\">\n                        <h3>Seminario acad\u00e9mico: III Jornadas Internacionales del Virreinato. 'Por mi raza hablar\u00e1 el esp\u00edritu': palabra y territorio en los textos virreinales (V Centenario de la fundaci\u00f3n de M\u00e9xico y Guatemala)<\/h3><div class='localizacion'><i class='fa fa-map-marker'><\/i> Sala audiovisuales. Secci\u00f3n de Filolog\u00eda (Guajara)<\/div>                    <\/div>\n                <\/div>\n            <\/a>\n        <\/div>\n                <div class=\"evento\">\n            <a target=\"_blank\" href=\"https:\/\/www.ull.es\/portal\/agenda\/evento\/el-papel-del-asociacionismo-de-migrantes-en-la-promocion-del-cambio-y-de-la-justicia-social\/\">\n                <div class=\"row programa\">\n                    <div class=\"col-md-2 horas\">\n                        <div class='horario'><i class='fa fa-clock-o'><\/i> 15:00 - 20:45<\/div><div class='duracion'>5h 45'<\/div>                    <\/div>\n                    <div class=\"col-md-10\">\n                        <h3>Actividad socio-cultural: 'El papel del asociacionismo de migrantes en la promoci\u00f3n del cambio y de la justicia social'<\/h3><div class='localizacion'><i class='fa fa-map-marker'><\/i> Aula Tom\u00e1s y Valiente de la Facultad de Derecho Universidad de La Laguna<\/div>                    <\/div>\n                <\/div>\n            <\/a>\n        <\/div>\n            <\/div>\n<\/div>\n\n<div class=\"row programa\">\n    <div class=\"col-md-2\">\n        <div class=\"date\">\n            <p class='nombredia'>Mi\u00e9rcoles<\/p><p class='fecha'>16\/10<\/p>        <\/div>\n    <\/div>\n\n    <div class=\"col-md-10 info\">\n                <div class=\"evento\">\n            <a target=\"_blank\" href=\"https:\/\/www.ull.es\/portal\/agenda\/evento\/vinculacion-canario-ecuatoriana-a-traves-de-los-jardines-botanicos-el-caso-del-jb-padre-julio-marrero-en-santo-domingo-de-ecuador-y-el-jb-de-aclimatacion-de-la-orotava\/\">\n                <div class=\"row programa\">\n                    <div class=\"col-md-2 horas\">\n                        <div class='horario'><i class='fa fa-clock-o'><\/i> 18:00 - 20:00<\/div><div class='duracion'>2h <\/div>                    <\/div>\n                    <div class=\"col-md-10\">\n                        <h3>\ud83c\uddea\ud83c\udde8 Seminario acad\u00e9mico: 'Vinculaci\u00f3n canario ecuatoriana a trav\u00e9s de los jardines bot\u00e1nicos: El caso del JB Padre Julio Marrero en Santo Domingo de Ecuador y el JB de Aclimataci\u00f3n de la Orotava'<\/h3><div class='localizacion'><i class='fa fa-map-marker'><\/i> Aula Viana 50<\/div>                    <\/div>\n                <\/div>\n            <\/a>\n        <\/div>\n            <\/div>\n<\/div>\n\n<div class=\"row programa\">\n    <div class=\"col-md-2\">\n        <div class=\"date\">\n            <p class='nombredia'>Jueves<\/p><p class='fecha'>17\/10<\/p>        <\/div>\n    <\/div>\n\n    <div class=\"col-md-10 info\">\n                <div class=\"evento\">\n            <a target=\"_blank\" href=\"https:\/\/www.ull.es\/portal\/agenda\/evento\/ecuador-un-analisis-a-su-convulsa-historia-reciente-ii-edicion-del-ciclo-sobre-la-historia-reciente-de-america-latina\/\">\n                <div class=\"row programa\">\n                    <div class=\"col-md-2 horas\">\n                        <div class='horario'><i class='fa fa-clock-o'><\/i> 16:00 - 20:00<\/div><div class='duracion'>4h <\/div>                    <\/div>\n                    <div class=\"col-md-10\">\n                        <h3>\ud83c\uddea\ud83c\udde8 Seminario acad\u00e9mico: 'Ecuador: un an\u00e1lisis a su convulsa historia reciente (II edici\u00f3n del Ciclo sobre la historia reciente de Am\u00e9rica Latina)'<\/h3><div class='localizacion'><i class='fa fa-map-marker'><\/i> Aula El\u00edas Serra R\u00e0fols (Secci\u00f3n de Geograf\u00eda e Historia)<\/div>                    <\/div>\n                <\/div>\n            <\/a>\n        <\/div>\n            <\/div>\n<\/div>\n\n<div class=\"row programa\">\n    <div class=\"col-md-2\">\n        <div class=\"date\">\n            <p class='nombredia'>Martes<\/p><p class='fecha'>12\/11<\/p>        <\/div>\n    <\/div>\n\n    <div class=\"col-md-10 info\">\n                <div class=\"evento\">\n            <a target=\"_blank\" href=\"https:\/\/www.ull.es\/portal\/agenda\/evento\/tercera-sesion-del-seminario-internacional-de-historia-de-las-bebidas\/\">\n                <div class=\"row programa\">\n                    <div class=\"col-md-2 horas\">\n                        <div class='horario'><i class='fa fa-clock-o'><\/i> 15:00 - 17:00<\/div><div class='duracion'>2h <\/div>                    <\/div>\n                    <div class=\"col-md-10\">\n                        <h3>Tercera Sesi\u00f3n del Seminario Internacional de Historia de las Bebidas<\/h3><div class='localizacion'><i class='fa fa-map-marker'><\/i> Online<\/div>                    <\/div>\n                <\/div>\n            <\/a>\n        <\/div>\n            <\/div>\n<\/div>\n[\/vc_column_text][vc_empty_space height=\u00bb60px\u00bb][\/vc_column][\/vc_row][vc_row][vc_column][vc_empty_space][\/vc_column][\/vc_row][vc_row][vc_column width=\u00bb1\/4&#8243;][\/vc_column][vc_column width=\u00bb1\/4&#8243;][\/vc_column][vc_column width=\u00bb1\/4&#8243;][\/vc_column][vc_column width=\u00bb1\/4&#8243;][vc_column_text]<a class=\"btn-destacado\" style=\"background-color: #171e32; font-size: 22px;\" href=\"https:\/\/www.ull.es\/portal\/campusamerica\/programa\/\" rel=\"noopener noreferrer\" target=\"_blank\" rel=\"noopener\">Ir al programa completo <i class=\"fa fa-arrow-right\"><\/i><\/a>[\/vc_column_text][\/vc_column][\/vc_row][vc_row][vc_column][vc_empty_space height=\u00bb100px\u00bb][\/vc_column][\/vc_row][vc_row][vc_column][vc_column_text]<\/p>\n<p>[\/vc_column_text][\/vc_column][\/vc_row]<\/p>\n","protected":false},"excerpt":{"rendered":"<p>[vc_row][vc_column][vc_empty_space][vc_custom_heading text=\u00bbHistoria\u00bb font_container=\u00bbtag:h2|font_size:50px|text_align:left|color:%23171e32&#8243; google_fonts=\u00bbfont_family:Roboto%20Condensed%3A300%2C300italic%2Cregular%2Citalic%2C700%2C700italic|font_style:700%20bold%20regular%3A700%3Anormal\u00bb][vc_empty_space][vc_column_text]Haga clic sobre el evento en el que est\u00e9 interesado para conocer todos los detalles, fechas y horas de celebraci\u00f3n completas[\/vc_column_text][vc_empty_space][vc_column_text][\/vc_column_text][vc_empty_space height=\u00bb60px\u00bb][\/vc_column][\/vc_row][vc_row][vc_column][vc_empty_space][\/vc_column][\/vc_row][vc_row][vc_column width=\u00bb1\/4&#8243;][\/vc_column][vc_column width=\u00bb1\/4&#8243;][\/vc_column][vc_column width=\u00bb1\/4&#8243;][\/vc_column][vc_column width=\u00bb1\/4&#8243;][vc_column_text]Ir al programa completo [\/vc_column_text][\/vc_column][\/vc_row][vc_row][vc_column][vc_empty_space height=\u00bb100px\u00bb][\/vc_column][\/vc_row][vc_row][vc_column][vc_column_text] [\/vc_column_text][\/vc_column][\/vc_row]<\/p>\n","protected":false},"author":86,"featured_media":0,"parent":1706,"menu_order":0,"comment_status":"closed","ping_status":"closed","template":"templates\/template-frontpage.php","meta":{"inline_featured_image":false,"footnotes":""},"acf":[],"yoast_head":"<!-- This site is optimized with the Yoast SEO plugin v21.3 - https:\/\/yoast.com\/wordpress\/plugins\/seo\/ -->\n<title>Historia - Campus Am\u00e9rica<\/title>\n<meta name=\"robots\" content=\"index, follow, max-snippet:-1, max-image-preview:large, max-video-preview:-1\" \/>\n<link rel=\"canonical\" href=\"https:\/\/www.ull.es\/portal\/campusamerica\/programa\/historia\/\" \/>\n<meta property=\"og:locale\" content=\"es_ES\" \/>\n<meta property=\"og:type\" content=\"article\" \/>\n<meta property=\"og:title\" content=\"Historia - Campus Am\u00e9rica\" \/>\n<meta property=\"og:description\" content=\"[vc_row][vc_column][vc_empty_space][vc_custom_heading text=\u00bbHistoria\u00bb font_container=\u00bbtag:h2|font_size:50px|text_align:left|color:%23171e32&#8243; google_fonts=\u00bbfont_family:Roboto%20Condensed%3A300%2C300italic%2Cregular%2Citalic%2C700%2C700italic|font_style:700%20bold%20regular%3A700%3Anormal\u00bb][vc_empty_space][vc_column_text]Haga clic sobre el evento en el que est\u00e9 interesado para conocer todos los detalles, fechas y horas de celebraci\u00f3n completas[\/vc_column_text][vc_empty_space][vc_column_text][\/vc_column_text][vc_empty_space height=\u00bb60px\u00bb][\/vc_column][\/vc_row][vc_row][vc_column][vc_empty_space][\/vc_column][\/vc_row][vc_row][vc_column width=\u00bb1\/4&#8243;][\/vc_column][vc_column width=\u00bb1\/4&#8243;][\/vc_column][vc_column width=\u00bb1\/4&#8243;][\/vc_column][vc_column width=\u00bb1\/4&#8243;][vc_column_text]Ir al programa completo [\/vc_column_text][\/vc_column][\/vc_row][vc_row][vc_column][vc_empty_space height=\u00bb100px\u00bb][\/vc_column][\/vc_row][vc_row][vc_column][vc_column_text] [\/vc_column_text][\/vc_column][\/vc_row]\" \/>\n<meta property=\"og:url\" content=\"https:\/\/www.ull.es\/portal\/campusamerica\/programa\/historia\/\" \/>\n<meta property=\"og:site_name\" content=\"Campus Am\u00e9rica\" \/>\n<meta name=\"twitter:card\" content=\"summary_large_image\" \/>\n<meta name=\"twitter:label1\" content=\"Tiempo de lectura\" \/>\n\t<meta name=\"twitter:data1\" content=\"1 minuto\" \/>\n<script type=\"application\/ld+json\" class=\"yoast-schema-graph\">{\"@context\":\"https:\/\/schema.org\",\"@graph\":[{\"@type\":\"WebPage\",\"@id\":\"https:\/\/www.ull.es\/portal\/campusamerica\/programa\/historia\/\",\"url\":\"https:\/\/www.ull.es\/portal\/campusamerica\/programa\/historia\/\",\"name\":\"Historia - Campus Am\u00e9rica\",\"isPartOf\":{\"@id\":\"https:\/\/www.ull.es\/portal\/campusamerica\/#website\"},\"datePublished\":\"2024-06-28T08:00:51+00:00\",\"dateModified\":\"2024-06-28T08:00:51+00:00\",\"breadcrumb\":{\"@id\":\"https:\/\/www.ull.es\/portal\/campusamerica\/programa\/historia\/#breadcrumb\"},\"inLanguage\":\"es\",\"potentialAction\":[{\"@type\":\"ReadAction\",\"target\":[\"https:\/\/www.ull.es\/portal\/campusamerica\/programa\/historia\/\"]}]},{\"@type\":\"BreadcrumbList\",\"@id\":\"https:\/\/www.ull.es\/portal\/campusamerica\/programa\/historia\/#breadcrumb\",\"itemListElement\":[{\"@type\":\"ListItem\",\"position\":1,\"name\":\"Portada\",\"item\":\"https:\/\/www.ull.es\/portal\/campusamerica\/\"},{\"@type\":\"ListItem\",\"position\":2,\"name\":\"Programa 2026\",\"item\":\"https:\/\/www.ull.es\/portal\/campusamerica\/programa\/\"},{\"@type\":\"ListItem\",\"position\":3,\"name\":\"Historia\"}]},{\"@type\":\"WebSite\",\"@id\":\"https:\/\/www.ull.es\/portal\/campusamerica\/#website\",\"url\":\"https:\/\/www.ull.es\/portal\/campusamerica\/\",\"name\":\"Campus Am\u00e9rica\",\"description\":\"\",\"potentialAction\":[{\"@type\":\"SearchAction\",\"target\":{\"@type\":\"EntryPoint\",\"urlTemplate\":\"https:\/\/www.ull.es\/portal\/campusamerica\/?s={search_term_string}\"},\"query-input\":\"required name=search_term_string\"}],\"inLanguage\":\"es\"}]}<\/script>\n<!-- \/ Yoast SEO plugin. -->","yoast_head_json":{"title":"Historia - Campus Am\u00e9rica","robots":{"index":"index","follow":"follow","max-snippet":"max-snippet:-1","max-image-preview":"max-image-preview:large","max-video-preview":"max-video-preview:-1"},"canonical":"https:\/\/www.ull.es\/portal\/campusamerica\/programa\/historia\/","og_locale":"es_ES","og_type":"article","og_title":"Historia - Campus Am\u00e9rica","og_description":"[vc_row][vc_column][vc_empty_space][vc_custom_heading text=\u00bbHistoria\u00bb font_container=\u00bbtag:h2|font_size:50px|text_align:left|color:%23171e32&#8243; google_fonts=\u00bbfont_family:Roboto%20Condensed%3A300%2C300italic%2Cregular%2Citalic%2C700%2C700italic|font_style:700%20bold%20regular%3A700%3Anormal\u00bb][vc_empty_space][vc_column_text]Haga clic sobre el evento en el que est\u00e9 interesado para conocer todos los detalles, fechas y horas de celebraci\u00f3n completas[\/vc_column_text][vc_empty_space][vc_column_text][\/vc_column_text][vc_empty_space height=\u00bb60px\u00bb][\/vc_column][\/vc_row][vc_row][vc_column][vc_empty_space][\/vc_column][\/vc_row][vc_row][vc_column width=\u00bb1\/4&#8243;][\/vc_column][vc_column width=\u00bb1\/4&#8243;][\/vc_column][vc_column width=\u00bb1\/4&#8243;][\/vc_column][vc_column width=\u00bb1\/4&#8243;][vc_column_text]Ir al programa completo [\/vc_column_text][\/vc_column][\/vc_row][vc_row][vc_column][vc_empty_space height=\u00bb100px\u00bb][\/vc_column][\/vc_row][vc_row][vc_column][vc_column_text] [\/vc_column_text][\/vc_column][\/vc_row]","og_url":"https:\/\/www.ull.es\/portal\/campusamerica\/programa\/historia\/","og_site_name":"Campus Am\u00e9rica","twitter_card":"summary_large_image","twitter_misc":{"Tiempo de lectura":"1 minuto"},"schema":{"@context":"https:\/\/schema.org","@graph":[{"@type":"WebPage","@id":"https:\/\/www.ull.es\/portal\/campusamerica\/programa\/historia\/","url":"https:\/\/www.ull.es\/portal\/campusamerica\/programa\/historia\/","name":"Historia - Campus Am\u00e9rica","isPartOf":{"@id":"https:\/\/www.ull.es\/portal\/campusamerica\/#website"},"datePublished":"2024-06-28T08:00:51+00:00","dateModified":"2024-06-28T08:00:51+00:00","breadcrumb":{"@id":"https:\/\/www.ull.es\/portal\/campusamerica\/programa\/historia\/#breadcrumb"},"inLanguage":"es","potentialAction":[{"@type":"ReadAction","target":["https:\/\/www.ull.es\/portal\/campusamerica\/programa\/historia\/"]}]},{"@type":"BreadcrumbList","@id":"https:\/\/www.ull.es\/portal\/campusamerica\/programa\/historia\/#breadcrumb","itemListElement":[{"@type":"ListItem","position":1,"name":"Portada","item":"https:\/\/www.ull.es\/portal\/campusamerica\/"},{"@type":"ListItem","position":2,"name":"Programa 2026","item":"https:\/\/www.ull.es\/portal\/campusamerica\/programa\/"},{"@type":"ListItem","position":3,"name":"Historia"}]},{"@type":"WebSite","@id":"https:\/\/www.ull.es\/portal\/campusamerica\/#website","url":"https:\/\/www.ull.es\/portal\/campusamerica\/","name":"Campus Am\u00e9rica","description":"","potentialAction":[{"@type":"SearchAction","target":{"@type":"EntryPoint","urlTemplate":"https:\/\/www.ull.es\/portal\/campusamerica\/?s={search_term_string}"},"query-input":"required name=search_term_string"}],"inLanguage":"es"}]}},"_links":{"self":[{"href":"https:\/\/www.ull.es\/portal\/campusamerica\/wp-json\/wp\/v2\/pages\/2079"}],"collection":[{"href":"https:\/\/www.ull.es\/portal\/campusamerica\/wp-json\/wp\/v2\/pages"}],"about":[{"href":"https:\/\/www.ull.es\/portal\/campusamerica\/wp-json\/wp\/v2\/types\/page"}],"author":[{"embeddable":true,"href":"https:\/\/www.ull.es\/portal\/campusamerica\/wp-json\/wp\/v2\/users\/86"}],"replies":[{"embeddable":true,"href":"https:\/\/www.ull.es\/portal\/campusamerica\/wp-json\/wp\/v2\/comments?post=2079"}],"version-history":[{"count":1,"href":"https:\/\/www.ull.es\/portal\/campusamerica\/wp-json\/wp\/v2\/pages\/2079\/revisions"}],"predecessor-version":[{"id":2080,"href":"https:\/\/www.ull.es\/portal\/campusamerica\/wp-json\/wp\/v2\/pages\/2079\/revisions\/2080"}],"up":[{"embeddable":true,"href":"https:\/\/www.ull.es\/portal\/campusamerica\/wp-json\/wp\/v2\/pages\/1706"}],"wp:attachment":[{"href":"https:\/\/www.ull.es\/portal\/campusamerica\/wp-json\/wp\/v2\/media?parent=2079"}],"curies":[{"name":"wp","href":"https:\/\/api.w.org\/{rel}","templated":true}]}}