{"id":2086,"date":"2024-06-28T08:33:56","date_gmt":"2024-06-28T08:33:56","guid":{"rendered":"https:\/\/www.ull.es\/portal\/campusamerica\/?page_id=2086"},"modified":"2024-06-28T08:33:56","modified_gmt":"2024-06-28T08:33:56","slug":"arte-patrimonio","status":"publish","type":"page","link":"https:\/\/www.ull.es\/portal\/campusamerica\/programa\/arte-patrimonio\/","title":{"rendered":"Arte y Patrimonio"},"content":{"rendered":"<p>[vc_row][vc_column][vc_empty_space][vc_custom_heading text=\u00bbArte y Patrimonio\u00bb font_container=\u00bbtag:h2|font_size:50px|text_align:left|color:%23171e32&#8243; google_fonts=\u00bbfont_family:Roboto%20Condensed%3A300%2C300italic%2Cregular%2Citalic%2C700%2C700italic|font_style:700%20bold%20regular%3A700%3Anormal\u00bb][vc_empty_space][vc_column_text]<strong>Haga clic sobre el evento en el que est\u00e9 interesado para conocer todos los detalles, fechas y horas de celebraci\u00f3n completas<\/strong>[\/vc_column_text][vc_empty_space][vc_column_text]<style>\n\n    .row.programa{\n        border-bottom: 1px solid;\n    }\n    .row.programa:last-child{\n        border-bottom: none;\n    }\n\n    .row.programa .horas{\n        text-align: center;\n    }\n\n    .date {\n        font-size: 2.5vh;\n        font-weight: bold;\n        margin-top: 15px;\n    }\n\n    .date .nombredia{\n        margin-bottom: 0;\n        color: #0e0e0e;\n    }\n\n    .date .fecha{\n        color: #808080;\n    }\n\n    .info {\n        padding: 0 !important;\n        border-left: 3px solid #171e32;\n    }\n\n    .info .localizacion, .info .categoria,.info .horario, .info .duracion{\n        color: #717171;\n        font-size: 1.9vh;\n    }\n    .info .duracion{\n        color: #989898;\n    }\n\n    .info .evento{\n        border-bottom: dashed 1px #bfbfbf;\n        padding: 12px 20px;\n    }\n    .info .evento h3{\n        margin: 0 !important;\n        color: #1d71b8;\n        font-size: 2.5vh;\n\n    }\n    .info .evento:last-child{\n        border-bottom: none;\n    }\n\n    .info .evento a{\n        text-decoration: none;\n    }\n\n    .info .evento:hover{\n        background: rgba(240, 240, 240, 0.57);\n    }\n\n\n    @media (max-width: 768px) {\n        \/* Estos estilos solo se aplicar\u00e1n hasta el tama\u00f1o indicado *\/\n        .row.programa{\n            border-bottom: none;\n        }\n        .info {\n            border-left: none;\n        }\n        .date{\n            border-bottom: 3px solid #171e32;\n        }\n        .row.programa .horas{\n            text-align: left;\n        }\n        .date .nombredia, .date .fecha, .info .horario, .info .duracion{\n            display: inline-block;\n            margin-right: 10px;\n        }\n    }\n\n<\/style>\n\n\n<div class=\"row programa\">\n    <div class=\"col-md-2\">\n        <div class=\"date\">\n            <p class='nombredia'>Martes<\/p><p class='fecha'>08\/10<\/p>        <\/div>\n    <\/div>\n\n    <div class=\"col-md-10 info\">\n                <div class=\"evento\">\n            <a target=\"_blank\" href=\"https:\/\/www.ull.es\/portal\/agenda\/evento\/exposicion-linea-ecuatorial-latido-universal\/\">\n                <div class=\"row programa\">\n                    <div class=\"col-md-2 horas\">\n                        <div class='horario'><i class='fa fa-clock-o'><\/i> 18:00 - 18:00<\/div><div class='duracion'>0h <\/div>                    <\/div>\n                    <div class=\"col-md-10\">\n                        <h3>\ud83c\uddea\ud83c\udde8 Exposici\u00f3n de pintura ecuatoriana: 'L\u00ednea ecuatorial, latido universal'<\/h3><div class='localizacion'><i class='fa fa-map-marker'><\/i> Sala de Arte Paraninfo Pablo Gonz\u00e1lez Vera<\/div>                    <\/div>\n                <\/div>\n            <\/a>\n        <\/div>\n            <\/div>\n<\/div>\n\n<div class=\"row programa\">\n    <div class=\"col-md-2\">\n        <div class=\"date\">\n            <p class='nombredia'>Viernes<\/p><p class='fecha'>11\/10<\/p>        <\/div>\n    <\/div>\n\n    <div class=\"col-md-10 info\">\n                <div class=\"evento\">\n            <a target=\"_blank\" href=\"https:\/\/www.ull.es\/portal\/agenda\/evento\/mapa-del-ecosistema-de-la-investigacion-en-diseno-en-iberoamerica\/\">\n                <div class=\"row programa\">\n                    <div class=\"col-md-2 horas\">\n                        <div class='horario'><i class='fa fa-clock-o'><\/i> 16:00 - 16:00<\/div><div class='duracion'>0h <\/div>                    <\/div>\n                    <div class=\"col-md-10\">\n                        <h3>Seminario acad\u00e9mico: 'Mapa del Ecosistema de la investigaci\u00f3n en Dise\u00f1o en Iberoam\u00e9rica'<\/h3><div class='localizacion'><i class='fa fa-map-marker'><\/i> Online<\/div>                    <\/div>\n                <\/div>\n            <\/a>\n        <\/div>\n                <div class=\"evento\">\n            <a target=\"_blank\" href=\"https:\/\/www.ull.es\/portal\/agenda\/evento\/ruralidad-y-cine-como-crear-bajo-el-mandato-del-tabu\/\">\n                <div class=\"row programa\">\n                    <div class=\"col-md-2 horas\">\n                        <div class='horario'><i class='fa fa-clock-o'><\/i> 17:00 - 18:00<\/div><div class='duracion'>1h <\/div>                    <\/div>\n                    <div class=\"col-md-10\">\n                        <h3>Seminario acad\u00e9mico-cultural: 'Ruralidad y cine: c\u00f3mo crear bajo el mandato del tab\u00fa'<\/h3><div class='localizacion'><i class='fa fa-map-marker'><\/i> Sala de Grados del Aulario General C\u00e9sar Manrique<\/div>                    <\/div>\n                <\/div>\n            <\/a>\n        <\/div>\n            <\/div>\n<\/div>\n\n<div class=\"row programa\">\n    <div class=\"col-md-2\">\n        <div class=\"date\">\n            <p class='nombredia'>Lunes<\/p><p class='fecha'>14\/10<\/p>        <\/div>\n    <\/div>\n\n    <div class=\"col-md-10 info\">\n                <div class=\"evento\">\n            <a target=\"_blank\" href=\"https:\/\/www.ull.es\/portal\/agenda\/evento\/el-cacao-la-musica-y-danza-desde-ecuador-a-canarias-identidad-y-patrimonio\/\">\n                <div class=\"row programa\">\n                    <div class=\"col-md-2 horas\">\n                        <div class='horario'><i class='fa fa-clock-o'><\/i> 16:00 - 18:00<\/div><div class='duracion'>2h <\/div>                    <\/div>\n                    <div class=\"col-md-10\">\n                        <h3>\ud83c\uddea\ud83c\udde8 Seminario acad\u00e9mico-cultural: 'El cacao, la M\u00fasica y Danza desde Ecuador a Canarias: identidad y patrimonio'<\/h3><div class='localizacion'><i class='fa fa-map-marker'><\/i> Sala de Grados del Aulario General y Online<\/div>                    <\/div>\n                <\/div>\n            <\/a>\n        <\/div>\n            <\/div>\n<\/div>\n\n<div class=\"row programa\">\n    <div class=\"col-md-2\">\n        <div class=\"date\">\n            <p class='nombredia'>Martes<\/p><p class='fecha'>15\/10<\/p>        <\/div>\n    <\/div>\n\n    <div class=\"col-md-10 info\">\n                <div class=\"evento\">\n            <a target=\"_blank\" href=\"https:\/\/www.ull.es\/portal\/agenda\/evento\/videoforum-cine-y-musica-dos-elementos-que-se-complementan\/\">\n                <div class=\"row programa\">\n                    <div class=\"col-md-2 horas\">\n                        <div class='horario'><i class='fa fa-clock-o'><\/i> 17:00 - 19:00<\/div><div class='duracion'>2h <\/div>                    <\/div>\n                    <div class=\"col-md-10\">\n                        <h3>Videoforum: 'Cine y m\u00fasica, dos elementos que se complementan'<\/h3><div class='localizacion'><i class='fa fa-map-marker'><\/i> 3\u00aa planta de la Facultad de Humanidades, Secci\u00f3n de Geograf\u00eda e Historia<\/div>                    <\/div>\n                <\/div>\n            <\/a>\n        <\/div>\n                <div class=\"evento\">\n            <a target=\"_blank\" href=\"https:\/\/www.ull.es\/portal\/agenda\/evento\/desafios-en-la-conservacion-del-patrimonio-fotografico\/\">\n                <div class=\"row programa\">\n                    <div class=\"col-md-2 horas\">\n                        <div class='horario'><i class='fa fa-clock-o'><\/i> 18:00 - 20:00<\/div><div class='duracion'>2h <\/div>                    <\/div>\n                    <div class=\"col-md-10\">\n                        <h3>Actividad socio-cultural: 'Desaf\u00edos en la conservaci\u00f3n del patrimonio fotogr\u00e1fico'<\/h3><div class='localizacion'><i class='fa fa-map-marker'><\/i> Facultad de Bellas Artes<\/div>                    <\/div>\n                <\/div>\n            <\/a>\n        <\/div>\n            <\/div>\n<\/div>\n\n<div class=\"row programa\">\n    <div class=\"col-md-2\">\n        <div class=\"date\">\n            <p class='nombredia'>Jueves<\/p><p class='fecha'>17\/10<\/p>        <\/div>\n    <\/div>\n\n    <div class=\"col-md-10 info\">\n                <div class=\"evento\">\n            <a target=\"_blank\" href=\"https:\/\/www.ull.es\/portal\/agenda\/evento\/talleres-culinarios-ecuatorianos\/\">\n                <div class=\"row programa\">\n                    <div class=\"col-md-2 horas\">\n                        <div class='horario'><i class='fa fa-clock-o'><\/i> 12:30 - 12:30<\/div><div class='duracion'>0h <\/div>                    <\/div>\n                    <div class=\"col-md-10\">\n                        <h3>\ud83c\uddea\ud83c\udde8 Talleres culinarios ecuatorianos<\/h3><div class='localizacion'><i class='fa fa-map-marker'><\/i> Universidad de La Laguna<\/div>                    <\/div>\n                <\/div>\n            <\/a>\n        <\/div>\n            <\/div>\n<\/div>\n\n<div class=\"row programa\">\n    <div class=\"col-md-2\">\n        <div class=\"date\">\n            <p class='nombredia'>Viernes<\/p><p class='fecha'>18\/10<\/p>        <\/div>\n    <\/div>\n\n    <div class=\"col-md-10 info\">\n                <div class=\"evento\">\n            <a target=\"_blank\" href=\"https:\/\/www.ull.es\/portal\/agenda\/evento\/concierto-de-clausura-campus-america-2024\/\">\n                <div class=\"row programa\">\n                    <div class=\"col-md-2 horas\">\n                        <div class='horario'><i class='fa fa-clock-o'><\/i> 19:00 - 20:00<\/div><div class='duracion'>1h <\/div>                    <\/div>\n                    <div class=\"col-md-10\">\n                        <h3>Concierto de clausura Campus Am\u00e9rica 2024<\/h3><div class='localizacion'><i class='fa fa-map-marker'><\/i> Paraninfo<\/div>                    <\/div>\n                <\/div>\n            <\/a>\n        <\/div>\n            <\/div>\n<\/div>\n[\/vc_column_text][vc_empty_space height=\u00bb60px\u00bb][\/vc_column][\/vc_row][vc_row][vc_column][vc_empty_space][\/vc_column][\/vc_row][vc_row][vc_column width=\u00bb1\/4&#8243;][\/vc_column][vc_column width=\u00bb1\/4&#8243;][\/vc_column][vc_column width=\u00bb1\/4&#8243;][\/vc_column][vc_column width=\u00bb1\/4&#8243;][vc_column_text]<a class=\"btn-destacado\" style=\"background-color: #171e32; font-size: 22px;\" href=\"https:\/\/www.ull.es\/portal\/campusamerica\/programa\/\" rel=\"noopener noreferrer\" target=\"_blank\" rel=\"noopener\">Ir al programa completo <i class=\"fa fa-arrow-right\"><\/i><\/a>[\/vc_column_text][\/vc_column][\/vc_row][vc_row][vc_column][vc_empty_space height=\u00bb100px\u00bb][\/vc_column][\/vc_row][vc_row][vc_column][vc_column_text]<\/p>\n<p>[\/vc_column_text][\/vc_column][\/vc_row]<\/p>\n","protected":false},"excerpt":{"rendered":"<p>[vc_row][vc_column][vc_empty_space][vc_custom_heading text=\u00bbArte y Patrimonio\u00bb font_container=\u00bbtag:h2|font_size:50px|text_align:left|color:%23171e32&#8243; google_fonts=\u00bbfont_family:Roboto%20Condensed%3A300%2C300italic%2Cregular%2Citalic%2C700%2C700italic|font_style:700%20bold%20regular%3A700%3Anormal\u00bb][vc_empty_space][vc_column_text]Haga clic sobre el evento en el que est\u00e9 interesado para conocer todos los detalles, fechas y horas de celebraci\u00f3n completas[\/vc_column_text][vc_empty_space][vc_column_text][\/vc_column_text][vc_empty_space height=\u00bb60px\u00bb][\/vc_column][\/vc_row][vc_row][vc_column][vc_empty_space][\/vc_column][\/vc_row][vc_row][vc_column width=\u00bb1\/4&#8243;][\/vc_column][vc_column width=\u00bb1\/4&#8243;][\/vc_column][vc_column width=\u00bb1\/4&#8243;][\/vc_column][vc_column width=\u00bb1\/4&#8243;][vc_column_text]Ir al programa completo [\/vc_column_text][\/vc_column][\/vc_row][vc_row][vc_column][vc_empty_space height=\u00bb100px\u00bb][\/vc_column][\/vc_row][vc_row][vc_column][vc_column_text] [\/vc_column_text][\/vc_column][\/vc_row]<\/p>\n","protected":false},"author":86,"featured_media":0,"parent":1706,"menu_order":0,"comment_status":"closed","ping_status":"closed","template":"templates\/template-frontpage.php","meta":{"inline_featured_image":false,"footnotes":""},"acf":[],"yoast_head":"<!-- This site is optimized with the Yoast SEO plugin v21.3 - https:\/\/yoast.com\/wordpress\/plugins\/seo\/ -->\n<title>Arte y Patrimonio - Campus Am\u00e9rica<\/title>\n<meta name=\"robots\" content=\"index, follow, max-snippet:-1, max-image-preview:large, max-video-preview:-1\" \/>\n<link rel=\"canonical\" href=\"https:\/\/www.ull.es\/portal\/campusamerica\/programa\/arte-patrimonio\/\" \/>\n<meta property=\"og:locale\" content=\"es_ES\" \/>\n<meta property=\"og:type\" content=\"article\" \/>\n<meta property=\"og:title\" content=\"Arte y Patrimonio - Campus Am\u00e9rica\" \/>\n<meta property=\"og:description\" content=\"[vc_row][vc_column][vc_empty_space][vc_custom_heading text=\u00bbArte y Patrimonio\u00bb font_container=\u00bbtag:h2|font_size:50px|text_align:left|color:%23171e32&#8243; google_fonts=\u00bbfont_family:Roboto%20Condensed%3A300%2C300italic%2Cregular%2Citalic%2C700%2C700italic|font_style:700%20bold%20regular%3A700%3Anormal\u00bb][vc_empty_space][vc_column_text]Haga clic sobre el evento en el que est\u00e9 interesado para conocer todos los detalles, fechas y horas de celebraci\u00f3n completas[\/vc_column_text][vc_empty_space][vc_column_text][\/vc_column_text][vc_empty_space height=\u00bb60px\u00bb][\/vc_column][\/vc_row][vc_row][vc_column][vc_empty_space][\/vc_column][\/vc_row][vc_row][vc_column width=\u00bb1\/4&#8243;][\/vc_column][vc_column width=\u00bb1\/4&#8243;][\/vc_column][vc_column width=\u00bb1\/4&#8243;][\/vc_column][vc_column width=\u00bb1\/4&#8243;][vc_column_text]Ir al programa completo [\/vc_column_text][\/vc_column][\/vc_row][vc_row][vc_column][vc_empty_space height=\u00bb100px\u00bb][\/vc_column][\/vc_row][vc_row][vc_column][vc_column_text] [\/vc_column_text][\/vc_column][\/vc_row]\" \/>\n<meta property=\"og:url\" content=\"https:\/\/www.ull.es\/portal\/campusamerica\/programa\/arte-patrimonio\/\" \/>\n<meta property=\"og:site_name\" content=\"Campus Am\u00e9rica\" \/>\n<meta name=\"twitter:card\" content=\"summary_large_image\" \/>\n<meta name=\"twitter:label1\" content=\"Tiempo de lectura\" \/>\n\t<meta name=\"twitter:data1\" content=\"1 minuto\" \/>\n<script type=\"application\/ld+json\" class=\"yoast-schema-graph\">{\"@context\":\"https:\/\/schema.org\",\"@graph\":[{\"@type\":\"WebPage\",\"@id\":\"https:\/\/www.ull.es\/portal\/campusamerica\/programa\/arte-patrimonio\/\",\"url\":\"https:\/\/www.ull.es\/portal\/campusamerica\/programa\/arte-patrimonio\/\",\"name\":\"Arte y Patrimonio - Campus Am\u00e9rica\",\"isPartOf\":{\"@id\":\"https:\/\/www.ull.es\/portal\/campusamerica\/#website\"},\"datePublished\":\"2024-06-28T08:33:56+00:00\",\"dateModified\":\"2024-06-28T08:33:56+00:00\",\"breadcrumb\":{\"@id\":\"https:\/\/www.ull.es\/portal\/campusamerica\/programa\/arte-patrimonio\/#breadcrumb\"},\"inLanguage\":\"es\",\"potentialAction\":[{\"@type\":\"ReadAction\",\"target\":[\"https:\/\/www.ull.es\/portal\/campusamerica\/programa\/arte-patrimonio\/\"]}]},{\"@type\":\"BreadcrumbList\",\"@id\":\"https:\/\/www.ull.es\/portal\/campusamerica\/programa\/arte-patrimonio\/#breadcrumb\",\"itemListElement\":[{\"@type\":\"ListItem\",\"position\":1,\"name\":\"Portada\",\"item\":\"https:\/\/www.ull.es\/portal\/campusamerica\/\"},{\"@type\":\"ListItem\",\"position\":2,\"name\":\"Programa 2026\",\"item\":\"https:\/\/www.ull.es\/portal\/campusamerica\/programa\/\"},{\"@type\":\"ListItem\",\"position\":3,\"name\":\"Arte y Patrimonio\"}]},{\"@type\":\"WebSite\",\"@id\":\"https:\/\/www.ull.es\/portal\/campusamerica\/#website\",\"url\":\"https:\/\/www.ull.es\/portal\/campusamerica\/\",\"name\":\"Campus Am\u00e9rica\",\"description\":\"\",\"potentialAction\":[{\"@type\":\"SearchAction\",\"target\":{\"@type\":\"EntryPoint\",\"urlTemplate\":\"https:\/\/www.ull.es\/portal\/campusamerica\/?s={search_term_string}\"},\"query-input\":\"required name=search_term_string\"}],\"inLanguage\":\"es\"}]}<\/script>\n<!-- \/ Yoast SEO plugin. -->","yoast_head_json":{"title":"Arte y Patrimonio - Campus Am\u00e9rica","robots":{"index":"index","follow":"follow","max-snippet":"max-snippet:-1","max-image-preview":"max-image-preview:large","max-video-preview":"max-video-preview:-1"},"canonical":"https:\/\/www.ull.es\/portal\/campusamerica\/programa\/arte-patrimonio\/","og_locale":"es_ES","og_type":"article","og_title":"Arte y Patrimonio - Campus Am\u00e9rica","og_description":"[vc_row][vc_column][vc_empty_space][vc_custom_heading text=\u00bbArte y Patrimonio\u00bb font_container=\u00bbtag:h2|font_size:50px|text_align:left|color:%23171e32&#8243; google_fonts=\u00bbfont_family:Roboto%20Condensed%3A300%2C300italic%2Cregular%2Citalic%2C700%2C700italic|font_style:700%20bold%20regular%3A700%3Anormal\u00bb][vc_empty_space][vc_column_text]Haga clic sobre el evento en el que est\u00e9 interesado para conocer todos los detalles, fechas y horas de celebraci\u00f3n completas[\/vc_column_text][vc_empty_space][vc_column_text][\/vc_column_text][vc_empty_space height=\u00bb60px\u00bb][\/vc_column][\/vc_row][vc_row][vc_column][vc_empty_space][\/vc_column][\/vc_row][vc_row][vc_column width=\u00bb1\/4&#8243;][\/vc_column][vc_column width=\u00bb1\/4&#8243;][\/vc_column][vc_column width=\u00bb1\/4&#8243;][\/vc_column][vc_column width=\u00bb1\/4&#8243;][vc_column_text]Ir al programa completo [\/vc_column_text][\/vc_column][\/vc_row][vc_row][vc_column][vc_empty_space height=\u00bb100px\u00bb][\/vc_column][\/vc_row][vc_row][vc_column][vc_column_text] [\/vc_column_text][\/vc_column][\/vc_row]","og_url":"https:\/\/www.ull.es\/portal\/campusamerica\/programa\/arte-patrimonio\/","og_site_name":"Campus Am\u00e9rica","twitter_card":"summary_large_image","twitter_misc":{"Tiempo de lectura":"1 minuto"},"schema":{"@context":"https:\/\/schema.org","@graph":[{"@type":"WebPage","@id":"https:\/\/www.ull.es\/portal\/campusamerica\/programa\/arte-patrimonio\/","url":"https:\/\/www.ull.es\/portal\/campusamerica\/programa\/arte-patrimonio\/","name":"Arte y Patrimonio - Campus Am\u00e9rica","isPartOf":{"@id":"https:\/\/www.ull.es\/portal\/campusamerica\/#website"},"datePublished":"2024-06-28T08:33:56+00:00","dateModified":"2024-06-28T08:33:56+00:00","breadcrumb":{"@id":"https:\/\/www.ull.es\/portal\/campusamerica\/programa\/arte-patrimonio\/#breadcrumb"},"inLanguage":"es","potentialAction":[{"@type":"ReadAction","target":["https:\/\/www.ull.es\/portal\/campusamerica\/programa\/arte-patrimonio\/"]}]},{"@type":"BreadcrumbList","@id":"https:\/\/www.ull.es\/portal\/campusamerica\/programa\/arte-patrimonio\/#breadcrumb","itemListElement":[{"@type":"ListItem","position":1,"name":"Portada","item":"https:\/\/www.ull.es\/portal\/campusamerica\/"},{"@type":"ListItem","position":2,"name":"Programa 2026","item":"https:\/\/www.ull.es\/portal\/campusamerica\/programa\/"},{"@type":"ListItem","position":3,"name":"Arte y Patrimonio"}]},{"@type":"WebSite","@id":"https:\/\/www.ull.es\/portal\/campusamerica\/#website","url":"https:\/\/www.ull.es\/portal\/campusamerica\/","name":"Campus Am\u00e9rica","description":"","potentialAction":[{"@type":"SearchAction","target":{"@type":"EntryPoint","urlTemplate":"https:\/\/www.ull.es\/portal\/campusamerica\/?s={search_term_string}"},"query-input":"required name=search_term_string"}],"inLanguage":"es"}]}},"_links":{"self":[{"href":"https:\/\/www.ull.es\/portal\/campusamerica\/wp-json\/wp\/v2\/pages\/2086"}],"collection":[{"href":"https:\/\/www.ull.es\/portal\/campusamerica\/wp-json\/wp\/v2\/pages"}],"about":[{"href":"https:\/\/www.ull.es\/portal\/campusamerica\/wp-json\/wp\/v2\/types\/page"}],"author":[{"embeddable":true,"href":"https:\/\/www.ull.es\/portal\/campusamerica\/wp-json\/wp\/v2\/users\/86"}],"replies":[{"embeddable":true,"href":"https:\/\/www.ull.es\/portal\/campusamerica\/wp-json\/wp\/v2\/comments?post=2086"}],"version-history":[{"count":1,"href":"https:\/\/www.ull.es\/portal\/campusamerica\/wp-json\/wp\/v2\/pages\/2086\/revisions"}],"predecessor-version":[{"id":2087,"href":"https:\/\/www.ull.es\/portal\/campusamerica\/wp-json\/wp\/v2\/pages\/2086\/revisions\/2087"}],"up":[{"embeddable":true,"href":"https:\/\/www.ull.es\/portal\/campusamerica\/wp-json\/wp\/v2\/pages\/1706"}],"wp:attachment":[{"href":"https:\/\/www.ull.es\/portal\/campusamerica\/wp-json\/wp\/v2\/media?parent=2086"}],"curies":[{"name":"wp","href":"https:\/\/api.w.org\/{rel}","templated":true}]}}