{"id":916,"date":"2019-06-07T10:47:03","date_gmt":"2019-06-07T10:47:03","guid":{"rendered":"https:\/\/www.ull.es\/portal\/campusamerica\/?page_id=916"},"modified":"2019-06-07T11:15:55","modified_gmt":"2019-06-07T11:15:55","slug":"actividades-divulgativas-y-culturales-canarias-america","status":"publish","type":"page","link":"https:\/\/www.ull.es\/portal\/campusamerica\/programa-2022\/actividades-divulgativas-y-culturales-canarias-america\/","title":{"rendered":"Actividades divulgativas y culturales Canarias-Am\u00e9rica"},"content":{"rendered":"<p>[vc_row][vc_column][vc_empty_space][vc_custom_heading text=\u00bbActividades divulgativas y culturales Canarias-Am\u00e9rica\u00bb font_container=\u00bbtag:h2|font_size:50px|text_align:left|color:%23171e32&#8243; google_fonts=\u00bbfont_family:Roboto%20Condensed%3A300%2C300italic%2Cregular%2Citalic%2C700%2C700italic|font_style:700%20bold%20regular%3A700%3Anormal\u00bb][vc_empty_space][vc_column_text]<style>\n\n    .row.programa{\n        border-bottom: 1px solid;\n    }\n    .row.programa:last-child{\n        border-bottom: none;\n    }\n\n    .row.programa .horas{\n        text-align: center;\n    }\n\n    .date {\n        font-size: 2.5vh;\n        font-weight: bold;\n        margin-top: 15px;\n    }\n\n    .date .nombredia{\n        margin-bottom: 0;\n        color: #0e0e0e;\n    }\n\n    .date .fecha{\n        color: #808080;\n    }\n\n    .info {\n        padding: 0 !important;\n        border-left: 3px solid #171e32;\n    }\n\n    .info .localizacion, .info .categoria,.info .horario, .info .duracion{\n        color: #717171;\n        font-size: 1.9vh;\n    }\n    .info .duracion{\n        color: #989898;\n    }\n\n    .info .evento{\n        border-bottom: dashed 1px #bfbfbf;\n        padding: 12px 20px;\n    }\n    .info .evento h3{\n        margin: 0 !important;\n        color: #1d71b8;\n        font-size: 2.5vh;\n\n    }\n    .info .evento:last-child{\n        border-bottom: none;\n    }\n\n    .info .evento a{\n        text-decoration: none;\n    }\n\n    .info .evento:hover{\n        background: rgba(240, 240, 240, 0.57);\n    }\n\n\n    @media (max-width: 768px) {\n        \/* Estos estilos solo se aplicar\u00e1n hasta el tama\u00f1o indicado *\/\n        .row.programa{\n            border-bottom: none;\n        }\n        .info {\n            border-left: none;\n        }\n        .date{\n            border-bottom: 3px solid #171e32;\n        }\n        .row.programa .horas{\n            text-align: left;\n        }\n        .date .nombredia, .date .fecha, .info .horario, .info .duracion{\n            display: inline-block;\n            margin-right: 10px;\n        }\n    }\n\n<\/style>\n\n\n<div class=\"row programa\">\n    <div class=\"col-md-2\">\n        <div class=\"date\">\n            <p class='nombredia'>Martes<\/p><p class='fecha'>25\/06<\/p>        <\/div>\n    <\/div>\n\n    <div class=\"col-md-10 info\">\n                <div class=\"evento\">\n            <a target=\"_blank\" href=\"https:\/\/www.ull.es\/portal\/agenda\/evento\/exposicion-alexander-von-humboldt-y-la-realidad-ilustrada\/\">\n                <div class=\"row programa\">\n                    <div class=\"col-md-2 horas\">\n                        <div class='horario'><i class='fa fa-clock-o'><\/i> 18:00 - 20:00<\/div><div class='duracion'>2h <\/div>                    <\/div>\n                    <div class=\"col-md-10\">\n                        <h3>Exposici\u00f3n Alexander von Humboldt y la realidad ilustrada<\/h3><div class='localizacion'><i class='fa fa-map-marker'><\/i> Sal\u00f3n de Actos de la Real Sociedad Econ\u00f3mica de Amigos del Pa\u00eds de Tenerife<\/div>                    <\/div>\n                <\/div>\n            <\/a>\n        <\/div>\n            <\/div>\n<\/div>\n\n<div class=\"row programa\">\n    <div class=\"col-md-2\">\n        <div class=\"date\">\n            <p class='nombredia'>Jueves<\/p><p class='fecha'>27\/06<\/p>        <\/div>\n    <\/div>\n\n    <div class=\"col-md-10 info\">\n                <div class=\"evento\">\n            <a target=\"_blank\" href=\"https:\/\/www.ull.es\/portal\/agenda\/evento\/seminario-internacional-dos-ciudades-de-san-cristobal-en-el-siglo-xxi\/\">\n                <div class=\"row programa\">\n                    <div class=\"col-md-2 horas\">\n                        <div class='horario'><i class='fa fa-clock-o'><\/i> 09:30 - 17:30<\/div><div class='duracion'>8h <\/div>                    <\/div>\n                    <div class=\"col-md-10\">\n                        <h3>Seminario Internacional Dos ciudades de San Crist\u00f3bal en el siglo XXI<\/h3><div class='localizacion'><i class='fa fa-map-marker'><\/i> Antiguo Convento de Santo Domingo<\/div>                    <\/div>\n                <\/div>\n            <\/a>\n        <\/div>\n            <\/div>\n<\/div>\n\n<div class=\"row programa\">\n    <div class=\"col-md-2\">\n        <div class=\"date\">\n            <p class='nombredia'>Viernes<\/p><p class='fecha'>28\/06<\/p>        <\/div>\n    <\/div>\n\n    <div class=\"col-md-10 info\">\n                <div class=\"evento\">\n            <a target=\"_blank\" href=\"https:\/\/www.ull.es\/portal\/agenda\/evento\/seminario-internacional-dos-ciudades-de-san-cristobal-en-el-siglo-xxi-2019-06-28\/\">\n                <div class=\"row programa\">\n                    <div class=\"col-md-2 horas\">\n                        <div class='horario'><i class='fa fa-clock-o'><\/i> 10:00 - 13:30<\/div><div class='duracion'>3h 30'<\/div>                    <\/div>\n                    <div class=\"col-md-10\">\n                        <h3>Seminario Internacional Dos ciudades de San Crist\u00f3bal en el siglo XXI<\/h3><div class='localizacion'><i class='fa fa-map-marker'><\/i> Antiguo Convento de Santo Domingo<\/div>                    <\/div>\n                <\/div>\n            <\/a>\n        <\/div>\n            <\/div>\n<\/div>\n\n<div class=\"row programa\">\n    <div class=\"col-md-2\">\n        <div class=\"date\">\n            <p class='nombredia'>Lunes<\/p><p class='fecha'>01\/07<\/p>        <\/div>\n    <\/div>\n\n    <div class=\"col-md-10 info\">\n                <div class=\"evento\">\n            <a target=\"_blank\" href=\"https:\/\/www.ull.es\/portal\/agenda\/evento\/exposicion-humboldt-en-canarias\/2019-07-01\/\">\n                <div class=\"row programa\">\n                    <div class=\"col-md-2 horas\">\n                        <div class='horario'><i class='fa fa-clock-o'><\/i> 09:30 - 17:00<\/div><div class='duracion'>7h 30'<\/div>                    <\/div>\n                    <div class=\"col-md-10\">\n                        <h3>Exposici\u00f3n Humboldt en Canarias<\/h3><div class='localizacion'><i class='fa fa-map-marker'><\/i> Espacio Cultural La Capilla<\/div>                    <\/div>\n                <\/div>\n            <\/a>\n        <\/div>\n                <div class=\"evento\">\n            <a target=\"_blank\" href=\"https:\/\/www.ull.es\/portal\/agenda\/evento\/exposicion-expedicion-chimborazo-tras-las-huellas-de-humboldt-en-el-ecuador-2018\/2019-07-01\/\">\n                <div class=\"row programa\">\n                    <div class=\"col-md-2 horas\">\n                        <div class='horario'><i class='fa fa-clock-o'><\/i> 18:00 - 20:00<\/div><div class='duracion'>2h <\/div>                    <\/div>\n                    <div class=\"col-md-10\">\n                        <h3>Exposici\u00f3n Expedici\u00f3n Chimborazo. Tras las huellas de Humboldt en el Ecuador, 2018.<\/h3><div class='localizacion'><i class='fa fa-map-marker'><\/i> Espacio Cultural La Capilla<\/div>                    <\/div>\n                <\/div>\n            <\/a>\n        <\/div>\n                <div class=\"evento\">\n            <a target=\"_blank\" href=\"https:\/\/www.ull.es\/portal\/agenda\/evento\/concierto-conmemorativo-del-v-centenario-de-la-fundacion-de-la-habana-con-la-participacion-especial-de-la-maestra-digna-guerra\/\">\n                <div class=\"row programa\">\n                    <div class=\"col-md-2 horas\">\n                        <div class='horario'><i class='fa fa-clock-o'><\/i> 20:30 - 22:00<\/div><div class='duracion'>1h 30'<\/div>                    <\/div>\n                    <div class=\"col-md-10\">\n                        <h3>Concierto conmemorativo del V Centenario de la fundaci\u00f3n de La Habana con la participaci\u00f3n especial de la maestra Digna Guerra<\/h3><div class='localizacion'><i class='fa fa-map-marker'><\/i> Paraninfo<\/div>                    <\/div>\n                <\/div>\n            <\/a>\n        <\/div>\n            <\/div>\n<\/div>\n\n<div class=\"row programa\">\n    <div class=\"col-md-2\">\n        <div class=\"date\">\n            <p class='nombredia'>Martes<\/p><p class='fecha'>02\/07<\/p>        <\/div>\n    <\/div>\n\n    <div class=\"col-md-10 info\">\n                <div class=\"evento\">\n            <a target=\"_blank\" href=\"https:\/\/www.ull.es\/portal\/agenda\/evento\/ofrenda-floral-a-humboldt-y-presentacion-del-libro-humboldt-de-berlin-a-berlin-por-el-teide-y-el-chimborazo\/\">\n                <div class=\"row programa\">\n                    <div class=\"col-md-2 horas\">\n                        <div class='horario'><i class='fa fa-clock-o'><\/i> 18:00 - 20:30<\/div><div class='duracion'>2h 30'<\/div>                    <\/div>\n                    <div class=\"col-md-10\">\n                        <h3>Ofrenda Floral a Humboldt y Presentaci\u00f3n del libro Humboldt. De Berl\u00edn a Berl\u00edn. Por el Teide y el Chimborazo<\/h3><div class='localizacion'><i class='fa fa-map-marker'><\/i> Jardines Litre<\/div>                    <\/div>\n                <\/div>\n            <\/a>\n        <\/div>\n            <\/div>\n<\/div>\n\n<div class=\"row programa\">\n    <div class=\"col-md-2\">\n        <div class=\"date\">\n            <p class='nombredia'>Mi\u00e9rcoles<\/p><p class='fecha'>10\/07<\/p>        <\/div>\n    <\/div>\n\n    <div class=\"col-md-10 info\">\n                <div class=\"evento\">\n            <a target=\"_blank\" href=\"https:\/\/www.ull.es\/portal\/agenda\/evento\/en-la-estela-de-alexander-von-humboldt-viaje-ciencia-y-cultura-homenaje-a-belen-castro-morales-1-ects\/\">\n                <div class=\"row programa\">\n                    <div class=\"col-md-2 horas\">\n                        <div class='horario'><i class='fa fa-clock-o'><\/i> 10:00 - 16:00<\/div><div class='duracion'>6h <\/div>                    <\/div>\n                    <div class=\"col-md-10\">\n                        <h3>En la estela de Alexander von Humboldt: viaje, ciencia y cultura. Homenaje a Bel\u00e9n Castro Morales - 1 ECTS<\/h3><div class='localizacion'><i class='fa fa-map-marker'><\/i> Real Sociedad Econ\u00f3mica de Amigos del Pa\u00eds de Tenerife<\/div>                    <\/div>\n                <\/div>\n            <\/a>\n        <\/div>\n            <\/div>\n<\/div>\n[\/vc_column_text][vc_empty_space][\/vc_column][\/vc_row][vc_row][vc_column][vc_empty_space][\/vc_column][\/vc_row][vc_row][vc_column width=\u00bb1\/4&#8243;][vc_column_text]<a class=\"btn-destacado\" style=\"background-color: #171e32;font-size: 16px\" href=\"https:\/\/www.ull.es\/portal\/campusamerica\/programa\/encuentros-de-cooperacion-educativa-investigacion-cientifica\/\" target=\"_blank\" rel=\"noopener noreferrer\" target=\"_blank\" rel=\"noopener\">Encuentros de cooperaci\u00f3n educativa, Investigaci\u00f3n cient\u00edfica <i class=\"fa fa-arrow-right\"><\/i><\/a>[\/vc_column_text][\/vc_column][vc_column width=\u00bb1\/4&#8243;][vc_column_text]<a class=\"btn-destacado\" style=\"background-color: #171e32;font-size: 16px\" href=\"https:\/\/www.ull.es\/portal\/campusamerica\/programa\/actividades-divulgativas-y-culturales-canarias-america\/\" target=\"_blank\" rel=\"noopener noreferrer\" target=\"_blank\" rel=\"noopener\">Actividades divulgativas y culturales Canarias-Am\u00e9rica <i class=\"fa fa-arrow-right\"><\/i><\/a>[\/vc_column_text][\/vc_column][vc_column width=\u00bb1\/4&#8243;][vc_column_text]<a class=\"btn-destacado\" style=\"background-color: #171e32;font-size: 16px\" href=\"https:\/\/www.ull.es\/portal\/campusamerica\/programa\/gobernanza-democracia-ciudad-cultura\/\" target=\"_blank\" rel=\"noopener noreferrer\" target=\"_blank\" rel=\"noopener\">Gobernanza, democracia, derechos humanos, patrimonio y ciudad <i class=\"fa fa-arrow-right\"><\/i><\/a>[\/vc_column_text][\/vc_column][vc_column width=\u00bb1\/4&#8243;][vc_column_text]<a class=\"btn-destacado\" style=\"background-color: #171e32;font-size: 22px\" href=\"https:\/\/www.ull.es\/portal\/campusamerica\/programa\/\" target=\"_blank\" rel=\"noopener noreferrer\" target=\"_blank\" rel=\"noopener\">Ir al programa completo <i class=\"fa fa-arrow-right\"><\/i><\/a>[\/vc_column_text][\/vc_column][\/vc_row][vc_row][vc_column][vc_empty_space height=\u00bb100px\u00bb][\/vc_column][\/vc_row][vc_row][vc_column][vc_column_text]<\/p>\n<p>[\/vc_column_text][\/vc_column][\/vc_row]<\/p>\n","protected":false},"excerpt":{"rendered":"<p>[vc_row][vc_column][vc_empty_space][vc_custom_heading text=\u00bbActividades divulgativas y culturales Canarias-Am\u00e9rica\u00bb font_container=\u00bbtag:h2|font_size:50px|text_align:left|color:%23171e32&#8243; google_fonts=\u00bbfont_family:Roboto%20Condensed%3A300%2C300italic%2Cregular%2Citalic%2C700%2C700italic|font_style:700%20bold%20regular%3A700%3Anormal\u00bb][vc_empty_space][vc_column_text][\/vc_column_text][vc_empty_space][\/vc_column][\/vc_row][vc_row][vc_column][vc_empty_space][\/vc_column][\/vc_row][vc_row][vc_column width=\u00bb1\/4&#8243;][vc_column_text]Encuentros de cooperaci\u00f3n educativa, Investigaci\u00f3n cient\u00edfica [\/vc_column_text][\/vc_column][vc_column width=\u00bb1\/4&#8243;][vc_column_text]Actividades divulgativas y culturales Canarias-Am\u00e9rica [\/vc_column_text][\/vc_column][vc_column width=\u00bb1\/4&#8243;][vc_column_text]Gobernanza, democracia, derechos humanos, patrimonio y ciudad [\/vc_column_text][\/vc_column][vc_column width=\u00bb1\/4&#8243;][vc_column_text]Ir al programa completo [\/vc_column_text][\/vc_column][\/vc_row][vc_row][vc_column][vc_empty_space height=\u00bb100px\u00bb][\/vc_column][\/vc_row][vc_row][vc_column][vc_column_text] [\/vc_column_text][\/vc_column][\/vc_row]<\/p>\n","protected":false},"author":35,"featured_media":0,"parent":20,"menu_order":0,"comment_status":"closed","ping_status":"closed","template":"templates\/template-frontpage.php","meta":{"inline_featured_image":false,"footnotes":""},"acf":[],"yoast_head":"<!-- This site is optimized with the Yoast SEO plugin v21.3 - https:\/\/yoast.com\/wordpress\/plugins\/seo\/ -->\n<title>Actividades divulgativas y culturales Canarias-Am\u00e9rica - Campus Am\u00e9rica<\/title>\n<meta name=\"robots\" content=\"index, follow, max-snippet:-1, max-image-preview:large, max-video-preview:-1\" \/>\n<link rel=\"canonical\" href=\"https:\/\/www.ull.es\/portal\/campusamerica\/programa-2022\/actividades-divulgativas-y-culturales-canarias-america\/\" \/>\n<meta property=\"og:locale\" content=\"es_ES\" \/>\n<meta property=\"og:type\" content=\"article\" \/>\n<meta property=\"og:title\" content=\"Actividades divulgativas y culturales Canarias-Am\u00e9rica - Campus Am\u00e9rica\" \/>\n<meta property=\"og:description\" content=\"[vc_row][vc_column][vc_empty_space][vc_custom_heading text=\u00bbActividades divulgativas y culturales Canarias-Am\u00e9rica\u00bb font_container=\u00bbtag:h2|font_size:50px|text_align:left|color:%23171e32&#8243; google_fonts=\u00bbfont_family:Roboto%20Condensed%3A300%2C300italic%2Cregular%2Citalic%2C700%2C700italic|font_style:700%20bold%20regular%3A700%3Anormal\u00bb][vc_empty_space][vc_column_text][\/vc_column_text][vc_empty_space][\/vc_column][\/vc_row][vc_row][vc_column][vc_empty_space][\/vc_column][\/vc_row][vc_row][vc_column width=\u00bb1\/4&#8243;][vc_column_text]Encuentros de cooperaci\u00f3n educativa, Investigaci\u00f3n cient\u00edfica [\/vc_column_text][\/vc_column][vc_column width=\u00bb1\/4&#8243;][vc_column_text]Actividades divulgativas y culturales Canarias-Am\u00e9rica [\/vc_column_text][\/vc_column][vc_column width=\u00bb1\/4&#8243;][vc_column_text]Gobernanza, democracia, derechos humanos, patrimonio y ciudad [\/vc_column_text][\/vc_column][vc_column width=\u00bb1\/4&#8243;][vc_column_text]Ir al programa completo [\/vc_column_text][\/vc_column][\/vc_row][vc_row][vc_column][vc_empty_space height=\u00bb100px\u00bb][\/vc_column][\/vc_row][vc_row][vc_column][vc_column_text] [\/vc_column_text][\/vc_column][\/vc_row]\" \/>\n<meta property=\"og:url\" content=\"https:\/\/www.ull.es\/portal\/campusamerica\/programa-2022\/actividades-divulgativas-y-culturales-canarias-america\/\" \/>\n<meta property=\"og:site_name\" content=\"Campus Am\u00e9rica\" \/>\n<meta property=\"article:modified_time\" content=\"2019-06-07T11:15:55+00:00\" \/>\n<meta name=\"twitter:card\" content=\"summary_large_image\" \/>\n<meta name=\"twitter:label1\" content=\"Tiempo de lectura\" \/>\n\t<meta name=\"twitter:data1\" content=\"1 minuto\" \/>\n<script type=\"application\/ld+json\" class=\"yoast-schema-graph\">{\"@context\":\"https:\/\/schema.org\",\"@graph\":[{\"@type\":\"WebPage\",\"@id\":\"https:\/\/www.ull.es\/portal\/campusamerica\/programa-2022\/actividades-divulgativas-y-culturales-canarias-america\/\",\"url\":\"https:\/\/www.ull.es\/portal\/campusamerica\/programa-2022\/actividades-divulgativas-y-culturales-canarias-america\/\",\"name\":\"Actividades divulgativas y culturales Canarias-Am\u00e9rica - Campus Am\u00e9rica\",\"isPartOf\":{\"@id\":\"https:\/\/www.ull.es\/portal\/campusamerica\/#website\"},\"datePublished\":\"2019-06-07T10:47:03+00:00\",\"dateModified\":\"2019-06-07T11:15:55+00:00\",\"breadcrumb\":{\"@id\":\"https:\/\/www.ull.es\/portal\/campusamerica\/programa-2022\/actividades-divulgativas-y-culturales-canarias-america\/#breadcrumb\"},\"inLanguage\":\"es\",\"potentialAction\":[{\"@type\":\"ReadAction\",\"target\":[\"https:\/\/www.ull.es\/portal\/campusamerica\/programa-2022\/actividades-divulgativas-y-culturales-canarias-america\/\"]}]},{\"@type\":\"BreadcrumbList\",\"@id\":\"https:\/\/www.ull.es\/portal\/campusamerica\/programa-2022\/actividades-divulgativas-y-culturales-canarias-america\/#breadcrumb\",\"itemListElement\":[{\"@type\":\"ListItem\",\"position\":1,\"name\":\"Portada\",\"item\":\"https:\/\/www.ull.es\/portal\/campusamerica\/\"},{\"@type\":\"ListItem\",\"position\":2,\"name\":\"Programa 2022\",\"item\":\"https:\/\/www.ull.es\/portal\/campusamerica\/programa-2022\/\"},{\"@type\":\"ListItem\",\"position\":3,\"name\":\"Actividades divulgativas y culturales Canarias-Am\u00e9rica\"}]},{\"@type\":\"WebSite\",\"@id\":\"https:\/\/www.ull.es\/portal\/campusamerica\/#website\",\"url\":\"https:\/\/www.ull.es\/portal\/campusamerica\/\",\"name\":\"Campus Am\u00e9rica\",\"description\":\"\",\"potentialAction\":[{\"@type\":\"SearchAction\",\"target\":{\"@type\":\"EntryPoint\",\"urlTemplate\":\"https:\/\/www.ull.es\/portal\/campusamerica\/?s={search_term_string}\"},\"query-input\":\"required name=search_term_string\"}],\"inLanguage\":\"es\"}]}<\/script>\n<!-- \/ Yoast SEO plugin. -->","yoast_head_json":{"title":"Actividades divulgativas y culturales Canarias-Am\u00e9rica - Campus Am\u00e9rica","robots":{"index":"index","follow":"follow","max-snippet":"max-snippet:-1","max-image-preview":"max-image-preview:large","max-video-preview":"max-video-preview:-1"},"canonical":"https:\/\/www.ull.es\/portal\/campusamerica\/programa-2022\/actividades-divulgativas-y-culturales-canarias-america\/","og_locale":"es_ES","og_type":"article","og_title":"Actividades divulgativas y culturales Canarias-Am\u00e9rica - Campus Am\u00e9rica","og_description":"[vc_row][vc_column][vc_empty_space][vc_custom_heading text=\u00bbActividades divulgativas y culturales Canarias-Am\u00e9rica\u00bb font_container=\u00bbtag:h2|font_size:50px|text_align:left|color:%23171e32&#8243; google_fonts=\u00bbfont_family:Roboto%20Condensed%3A300%2C300italic%2Cregular%2Citalic%2C700%2C700italic|font_style:700%20bold%20regular%3A700%3Anormal\u00bb][vc_empty_space][vc_column_text][\/vc_column_text][vc_empty_space][\/vc_column][\/vc_row][vc_row][vc_column][vc_empty_space][\/vc_column][\/vc_row][vc_row][vc_column width=\u00bb1\/4&#8243;][vc_column_text]Encuentros de cooperaci\u00f3n educativa, Investigaci\u00f3n cient\u00edfica [\/vc_column_text][\/vc_column][vc_column width=\u00bb1\/4&#8243;][vc_column_text]Actividades divulgativas y culturales Canarias-Am\u00e9rica [\/vc_column_text][\/vc_column][vc_column width=\u00bb1\/4&#8243;][vc_column_text]Gobernanza, democracia, derechos humanos, patrimonio y ciudad [\/vc_column_text][\/vc_column][vc_column width=\u00bb1\/4&#8243;][vc_column_text]Ir al programa completo [\/vc_column_text][\/vc_column][\/vc_row][vc_row][vc_column][vc_empty_space height=\u00bb100px\u00bb][\/vc_column][\/vc_row][vc_row][vc_column][vc_column_text] [\/vc_column_text][\/vc_column][\/vc_row]","og_url":"https:\/\/www.ull.es\/portal\/campusamerica\/programa-2022\/actividades-divulgativas-y-culturales-canarias-america\/","og_site_name":"Campus Am\u00e9rica","article_modified_time":"2019-06-07T11:15:55+00:00","twitter_card":"summary_large_image","twitter_misc":{"Tiempo de lectura":"1 minuto"},"schema":{"@context":"https:\/\/schema.org","@graph":[{"@type":"WebPage","@id":"https:\/\/www.ull.es\/portal\/campusamerica\/programa-2022\/actividades-divulgativas-y-culturales-canarias-america\/","url":"https:\/\/www.ull.es\/portal\/campusamerica\/programa-2022\/actividades-divulgativas-y-culturales-canarias-america\/","name":"Actividades divulgativas y culturales Canarias-Am\u00e9rica - Campus Am\u00e9rica","isPartOf":{"@id":"https:\/\/www.ull.es\/portal\/campusamerica\/#website"},"datePublished":"2019-06-07T10:47:03+00:00","dateModified":"2019-06-07T11:15:55+00:00","breadcrumb":{"@id":"https:\/\/www.ull.es\/portal\/campusamerica\/programa-2022\/actividades-divulgativas-y-culturales-canarias-america\/#breadcrumb"},"inLanguage":"es","potentialAction":[{"@type":"ReadAction","target":["https:\/\/www.ull.es\/portal\/campusamerica\/programa-2022\/actividades-divulgativas-y-culturales-canarias-america\/"]}]},{"@type":"BreadcrumbList","@id":"https:\/\/www.ull.es\/portal\/campusamerica\/programa-2022\/actividades-divulgativas-y-culturales-canarias-america\/#breadcrumb","itemListElement":[{"@type":"ListItem","position":1,"name":"Portada","item":"https:\/\/www.ull.es\/portal\/campusamerica\/"},{"@type":"ListItem","position":2,"name":"Programa 2022","item":"https:\/\/www.ull.es\/portal\/campusamerica\/programa-2022\/"},{"@type":"ListItem","position":3,"name":"Actividades divulgativas y culturales Canarias-Am\u00e9rica"}]},{"@type":"WebSite","@id":"https:\/\/www.ull.es\/portal\/campusamerica\/#website","url":"https:\/\/www.ull.es\/portal\/campusamerica\/","name":"Campus Am\u00e9rica","description":"","potentialAction":[{"@type":"SearchAction","target":{"@type":"EntryPoint","urlTemplate":"https:\/\/www.ull.es\/portal\/campusamerica\/?s={search_term_string}"},"query-input":"required name=search_term_string"}],"inLanguage":"es"}]}},"_links":{"self":[{"href":"https:\/\/www.ull.es\/portal\/campusamerica\/wp-json\/wp\/v2\/pages\/916"}],"collection":[{"href":"https:\/\/www.ull.es\/portal\/campusamerica\/wp-json\/wp\/v2\/pages"}],"about":[{"href":"https:\/\/www.ull.es\/portal\/campusamerica\/wp-json\/wp\/v2\/types\/page"}],"author":[{"embeddable":true,"href":"https:\/\/www.ull.es\/portal\/campusamerica\/wp-json\/wp\/v2\/users\/35"}],"replies":[{"embeddable":true,"href":"https:\/\/www.ull.es\/portal\/campusamerica\/wp-json\/wp\/v2\/comments?post=916"}],"version-history":[{"count":5,"href":"https:\/\/www.ull.es\/portal\/campusamerica\/wp-json\/wp\/v2\/pages\/916\/revisions"}],"predecessor-version":[{"id":936,"href":"https:\/\/www.ull.es\/portal\/campusamerica\/wp-json\/wp\/v2\/pages\/916\/revisions\/936"}],"up":[{"embeddable":true,"href":"https:\/\/www.ull.es\/portal\/campusamerica\/wp-json\/wp\/v2\/pages\/20"}],"wp:attachment":[{"href":"https:\/\/www.ull.es\/portal\/campusamerica\/wp-json\/wp\/v2\/media?parent=916"}],"curies":[{"name":"wp","href":"https:\/\/api.w.org\/{rel}","templated":true}]}}