{"id":10297,"date":"2020-11-24T17:12:19","date_gmt":"2020-11-24T17:12:19","guid":{"rendered":"https:\/\/www.ull.es\/portal\/cienciaull\/?page_id=10297"},"modified":"2020-11-24T21:24:36","modified_gmt":"2020-11-24T21:24:36","slug":"stand-demostrativos","status":"publish","type":"page","link":"https:\/\/www.ull.es\/portal\/cienciaull\/stand-demostrativos\/","title":{"rendered":"Stand demostrativos"},"content":{"rendered":"<p>[vc_row][vc_column]\n<div id=\"rev_slider_48_1_wrapper\" class=\"rev_slider_wrapper fullwidthbanner-container\" data-source=\"gallery\" style=\"margin:0px auto;background:transparent;padding:0px;margin-top:0px;margin-bottom:0px;\">\n<!-- START REVOLUTION SLIDER 5.4.7.3 auto mode -->\n\t<div id=\"rev_slider_48_1\" class=\"rev_slider fullwidthabanner\" style=\"display:none;\" data-version=\"5.4.7.3\">\n<ul>\t<!-- SLIDE  -->\n\t<li data-index=\"rs-73\" data-transition=\"fade\" data-slotamount=\"default\" data-hideafterloop=\"0\" data-hideslideonmobile=\"off\"  data-easein=\"default\" data-easeout=\"default\" data-masterspeed=\"300\"  data-rotate=\"0\"  data-saveperformance=\"off\"  data-title=\"Slide\" data-param1=\"\" data-param2=\"\" data-param3=\"\" data-param4=\"\" data-param5=\"\" data-param6=\"\" data-param7=\"\" data-param8=\"\" data-param9=\"\" data-param10=\"\" data-description=\"\">\n\t\t<!-- MAIN IMAGE -->\n\t\t<img src=\"https:\/\/www.ull.es\/portal\/cienciaull\/wp-content\/plugins\/revslider\/admin\/assets\/images\/transparent.png\"  alt=\"\" title=\"Stand demostrativos\"  data-bgposition=\"center center\" data-bgfit=\"cover\" data-bgrepeat=\"no-repeat\" class=\"rev-slidebg\" data-no-retina>\n\t\t<!-- LAYERS -->\n\n\t\t<!-- LAYER NR. 1 -->\n\t\t<div class=\"tp-caption   tp-resizeme\" \n\t\t\t id=\"slide-73-layer-1\" \n\t\t\t data-x=\"3\" \n\t\t\t data-y=\"3\" \n\t\t\t\t\t\tdata-width=\"['none','none','none','none']\"\n\t\t\tdata-height=\"['none','none','none','none']\"\n \n\t\t\tdata-type=\"image\" \n\t\t\tdata-responsive_offset=\"on\" \n\n\t\t\tdata-frames='[{\"delay\":0,\"speed\":300,\"frame\":\"0\",\"from\":\"opacity:0;\",\"to\":\"o:1;\",\"ease\":\"Power3.easeInOut\"},{\"delay\":\"wait\",\"speed\":300,\"frame\":\"999\",\"to\":\"opacity:0;\",\"ease\":\"Power3.easeInOut\"}]'\n\t\t\tdata-textAlign=\"['inherit','inherit','inherit','inherit']\"\n\t\t\tdata-paddingtop=\"[0,0,0,0]\"\n\t\t\tdata-paddingright=\"[0,0,0,0]\"\n\t\t\tdata-paddingbottom=\"[0,0,0,0]\"\n\t\t\tdata-paddingleft=\"[0,0,0,0]\"\n\n\t\t\tstyle=\"z-index: 5;\"><img src=\"https:\/\/www.ull.es\/portal\/cienciaull\/wp-content\/uploads\/sites\/24\/2020\/10\/banner-1200x628px.jpg\" alt=\"\" data-ww=\"1200px\" data-hh=\"628px\" width=\"1200\" height=\"628\" data-no-retina> <\/div>\n\t<\/li>\n<\/ul>\n<div class=\"tp-bannertimer tp-bottom\" style=\"visibility: hidden !important;\"><\/div>\t<\/div>\n<script>var htmlDiv = document.getElementById(\"rs-plugin-settings-inline-css\"); var htmlDivCss=\"\";\r\n\t\t\t\tif(htmlDiv) {\r\n\t\t\t\t\thtmlDiv.innerHTML = htmlDiv.innerHTML + htmlDivCss;\r\n\t\t\t\t}else{\r\n\t\t\t\t\tvar htmlDiv = document.createElement(\"div\");\r\n\t\t\t\t\thtmlDiv.innerHTML = \"<style>\" + htmlDivCss + \"<\/style>\";\r\n\t\t\t\t\tdocument.getElementsByTagName(\"head\")[0].appendChild(htmlDiv.childNodes[0]);\r\n\t\t\t\t}\r\n\t\t\t<\/script>\n\t\t<script type=\"text\/javascript\">\r\nif (setREVStartSize!==undefined) setREVStartSize(\r\n\t{c: '#rev_slider_48_1', gridwidth: [1200], gridheight: [628], sliderLayout: 'auto'});\r\n\t\t\t\r\nvar revapi48,\r\n\ttpj;\t\r\n(function() {\t\t\t\r\n\tif (!\/loaded|interactive|complete\/.test(document.readyState)) document.addEventListener(\"DOMContentLoaded\",onLoad); else onLoad();\t\r\n\tfunction onLoad() {\t\t\t\t\r\n\t\tif (tpj===undefined) { tpj = jQuery; if(\"off\" == \"on\") tpj.noConflict();}\r\n\tif(tpj(\"#rev_slider_48_1\").revolution == undefined){\n\t\trevslider_showDoubleJqueryError(\"#rev_slider_48_1\");\n\t}else{\n\t\trevapi48 = tpj(\"#rev_slider_48_1\").show().revolution({\n\t\t\tsliderType:\"standard\",\n\t\t\tjsFileLocation:\"\/\/www.ull.es\/portal\/cienciaull\/wp-content\/plugins\/revslider\/public\/assets\/js\/\",\n\t\t\tsliderLayout:\"auto\",\n\t\t\tdottedOverlay:\"none\",\n\t\t\tdelay:9000,\n\t\t\tnavigation: {\n\t\t\t\tonHoverStop:\"off\",\n\t\t\t},\n\t\t\tvisibilityLevels:[1240,1024,778,480],\n\t\t\tgridwidth:1200,\n\t\t\tgridheight:628,\n\t\t\tlazyType:\"none\",\n\t\t\tshadow:0,\n\t\t\tspinner:\"spinner0\",\n\t\t\tstopLoop:\"off\",\n\t\t\tstopAfterLoops:-1,\n\t\t\tstopAtSlide:-1,\n\t\t\tshuffle:\"off\",\n\t\t\tautoHeight:\"off\",\n\t\t\tdisableProgressBar:\"on\",\n\t\t\thideThumbsOnMobile:\"off\",\n\t\t\thideSliderAtLimit:0,\n\t\t\thideCaptionAtLimit:0,\n\t\t\thideAllCaptionAtLilmit:0,\n\t\t\tdebugMode:false,\n\t\t\tfallbacks: {\n\t\t\t\tsimplifyAll:\"off\",\n\t\t\t\tnextSlideOnWindowFocus:\"off\",\n\t\t\t\tdisableFocusListener:false,\n\t\t\t}\n\t\t});\n\t}; \/* END OF revapi call *\/\n\t\n }; \/* END OF ON LOAD FUNCTION *\/\r\n}()); \/* END OF WRAPPING FUNCTION *\/\r\n<\/script>\r\n\t\t<\/div><!-- END REVOLUTION SLIDER -->[\/vc_column][\/vc_row][vc_row][vc_column][vc_empty_space][vc_custom_heading source=\u00bbpost_title\u00bb google_fonts=\u00bbfont_family:Roboto%20Slab%3A100%2C300%2Cregular%2C700|font_style:700%20bold%20regular%3A700%3Anormal\u00bb][vc_column_text]Aqu\u00ed podr\u00e1s ver una muestra de la actividad investigadora que se desarrolla en la Universidad de La Laguna y otros centros de I+D asociados en diferentes \u00e1mbitos de inter\u00e9s para la sociedad canaria:[\/vc_column_text][vc_empty_space height=\u00bb42px\u00bb][\/vc_column][\/vc_row][vc_row][vc_column][vc_row_inner][vc_column_inner width=\u00bb1\/3&#8243;][vc_wp_text]<\/p>\n<p style=\"text-align: justify\"><strong>Stand 01. Laboratorio de tratamiento y Reutilizaci\u00f3n de Aguas (ULL)<\/strong><\/p>\n<p>[\/vc_wp_text][vc_empty_space height=\u00bb25px\u00bb][vc_video link=\u00bbhttps:\/\/www.youtube.com\/watch?v=jucyEkfrM-M\u00bb][vc_empty_space height=\u00bb25px\u00bb][vc_wp_text]<\/p>\n<p style=\"text-align: justify\"><strong>Stand 04. Instituto Tecnol\u00f3gico y de Energ\u00edas Renovables (ITER)<\/strong><\/p>\n<p>[\/vc_wp_text][vc_video link=\u00bbhttps:\/\/www.youtube.com\/watch?v=k0ijHZR5H3w\u00bb][vc_empty_space height=\u00bb25px\u00bb][vc_wp_text]<\/p>\n<p style=\"text-align: justify\"><strong>Stand 07. Piens@ Computacion@ULLmente<\/strong><\/p>\n<p>[\/vc_wp_text][vc_video link=\u00bbhttps:\/\/www.youtube.com\/watch?v=5CqU6WL7w5k\u00bb][vc_empty_space height=\u00bb25px\u00bb][vc_wp_text]<\/p>\n<p style=\"text-align: justify\"><strong>Stand 10. Instituto Universitario de Enfermedades Tropicales y Salud P\u00fablica de Canarias<\/strong><\/p>\n<p>[\/vc_wp_text][vc_video link=\u00bbhttps:\/\/www.youtube.com\/watch?v=uncgG2dVpAc\u00bb][vc_empty_space height=\u00bb22px\u00bb][vc_wp_text]<\/p>\n<p style=\"text-align: justify\"><strong>Stand 13. Aula Taller de Fundici\u00f3n Art\u00edstica (ULL)<\/strong><\/p>\n<p>[\/vc_wp_text][vc_empty_space height=\u00bb25px\u00bb css=\u00bb.vc_custom_1606252375274{margin-top: 5px !important;margin-bottom: 5px !important;border-top-width: 5px !important;border-bottom-width: 5px !important;padding-top: 5px !important;padding-bottom: 5px !important;}\u00bb][vc_video link=\u00bbhttps:\/\/www.youtube.com\/watch?v=vXCh7S5WsQk\u00bb css=\u00bb.vc_custom_1606252201333{margin-top: 5px !important;margin-bottom: 5px !important;border-top-width: 5px !important;border-bottom-width: 5px !important;padding-top: 5px !important;padding-bottom: 5px !important;}\u00bb][vc_empty_space height=\u00bb22px\u00bb][vc_wp_text]<\/p>\n<p style=\"text-align: justify\"><strong>Stand 16. Grupo de Investigaci\u00f3n Aplicada en Ciencias del Comportamiento (ULL)<\/strong><\/p>\n<p>[\/vc_wp_text][vc_video link=\u00bbhttps:\/\/youtu.be\/9D8_PhyL27k\u00bb][vc_empty_space height=\u00bb22px\u00bb][vc_wp_text]<\/p>\n<p style=\"text-align: justify\"><strong>Stand 19. Aula Cultural Cassiopeia (ULL)<\/strong><\/p>\n<p>[\/vc_wp_text][vc_video link=\u00bbhttps:\/\/youtu.be\/VO7esHLRXoQ\u00bb][vc_empty_space height=\u00bb22px\u00bb][vc_wp_text]<\/p>\n<p style=\"text-align: justify\"><strong>Stand 22. Aula Canaria de Investigaci\u00f3n Hist\u00f3rica<\/strong><\/p>\n<p>[\/vc_wp_text][vc_video link=\u00bbhttps:\/\/www.youtube.com\/watch?v=tmgyk79GCnA&amp;feature=youtu.be\u00bb][\/vc_column_inner][vc_column_inner width=\u00bb1\/3&#8243;][vc_wp_text]<\/p>\n<p style=\"text-align: justify\"><strong>Stand 02. Grupo TEIDESAT<\/strong><\/p>\n<p>[\/vc_wp_text][vc_empty_space height=\u00bb42px\u00bb][vc_video link=\u00bbhttps:\/\/www.youtube.com\/watch?v=ueb2OVa07tY\u00bb css=\u00bb.vc_custom_1606240557866{margin-top: 6px !important;margin-bottom: 6px !important;border-top-width: 6px !important;border-bottom-width: 6px !important;padding-top: 6px !important;padding-bottom: 6px !important;}\u00bb][vc_empty_space height=\u00bb22px\u00bb][vc_wp_text]<\/p>\n<p style=\"text-align: justify\"><strong>Stand 05.\u00a0Centro Oceanogr\u00e1fico de Canarias<\/strong><\/p>\n<p>[\/vc_wp_text][vc_video link=\u00bbhttps:\/\/www.youtube.com\/watch?v=8XuGqHNb3ww\u00bb][vc_empty_space height=\u00bb22px\u00bb][vc_wp_text]<\/p>\n<p style=\"text-align: justify\"><strong>Stand 08. Grupo Matdivull<\/strong><\/p>\n<p>[\/vc_wp_text][vc_empty_space height=\u00bb20px\u00bb][vc_video link=\u00bbhttps:\/\/youtu.be\/vN7_OGNO0XM\u00bb css=\u00bb.vc_custom_1606250444248{margin-top: 5px !important;margin-bottom: 5px !important;border-top-width: 5px !important;border-bottom-width: 5px !important;padding-top: 5px !important;padding-bottom: 5px !important;}\u00bb][vc_empty_space height=\u00bb22px\u00bb][vc_wp_text]<\/p>\n<p style=\"text-align: justify\"><strong>Stand 11. Instituto Canario de Investigaciones Agrarias (ICIA)<\/strong><\/p>\n<p>[\/vc_wp_text][vc_empty_space height=\u00bb20px\u00bb][vc_video link=\u00bbhttps:\/\/www.youtube.com\/watch?v=X-eyITbFTQA\u00bb css=\u00bb.vc_custom_1606241085917{margin-top: 6px !important;margin-bottom: 6px !important;border-top-width: 6px !important;border-bottom-width: 6px !important;padding-top: 6px !important;padding-bottom: 6px !important;}\u00bb][vc_empty_space height=\u00bb22px\u00bb][vc_wp_text]<\/p>\n<p style=\"text-align: justify\"><strong>Stand 14. Grupo de fisiolog\u00eda de los l\u00edpidos y sus derivados en la nutrici\u00f3n animal y humana (ULL)<\/strong><\/p>\n<p>[\/vc_wp_text][vc_video link=\u00bbhttps:\/\/youtu.be\/6pNmvHCYpwU\u00bb css=\u00bb.vc_custom_1606241306027{margin-top: 6px !important;margin-bottom: 6px !important;border-top-width: 6px !important;border-bottom-width: 6px !important;padding-top: 6px !important;padding-bottom: 6px !important;}\u00bb][vc_empty_space height=\u00bb22px\u00bb][vc_wp_text]<\/p>\n<p style=\"text-align: justify\"><strong>Stand 17. Grupo de Ciencia de Superficies y Electrocat\u00e1lisis (ULL)<\/strong><\/p>\n<p>[\/vc_wp_text][vc_empty_space height=\u00bb22px\u00bb][vc_video link=\u00bbhttps:\/\/youtu.be\/xNdZZ_Rx8wc\u00bb][vc_empty_space height=\u00bb22px\u00bb][vc_wp_text]<\/p>\n<p style=\"text-align: justify\"><strong>Stand 20. Grupo Bot\u00e1nica Marina (ULL)<\/strong><\/p>\n<p>[\/vc_wp_text][vc_empty_space height=\u00bb22px\u00bb][vc_video link=\u00bbhttps:\/\/youtu.be\/M-BOhH0nOmA\u00bb css=\u00bb.vc_custom_1606253017144{margin-top: 3px !important;margin-bottom: 3px !important;border-top-width: 3px !important;border-bottom-width: 3px !important;padding-top: 3px !important;padding-bottom: 3px !important;}\u00bb][vc_empty_space height=\u00bb22px\u00bb][vc_wp_text]<\/p>\n<p style=\"text-align: justify\"><strong>Stand 23. Agencia Insular de Energ\u00eda de Tenerife<\/strong><\/p>\n<p>[\/vc_wp_text][vc_video link=\u00bbhttps:\/\/youtu.be\/tO1jSTpz8os\u00bb css=\u00bb.vc_custom_1606243338268{margin-top: 6px !important;margin-bottom: 6px !important;border-top-width: 6px !important;border-bottom-width: 6px !important;padding-top: 6px !important;padding-bottom: 6px !important;}\u00bb][\/vc_column_inner][vc_column_inner width=\u00bb1\/3&#8243;][vc_wp_text]<\/p>\n<p style=\"text-align: justify\"><strong>Stand 03. Grupo de Se\u00f1alizaci\u00f3n Celular en Enfermedades Neurodegenerativas (ULL)<\/strong><\/p>\n<p>[\/vc_wp_text][vc_video link=\u00bbhttps:\/\/www.youtube.com\/watch?v=mSbDoDgSNy0&#8243;][vc_empty_space height=\u00bb22px\u00bb][vc_wp_text]<\/p>\n<p style=\"text-align: justify\"><strong>Stand 06. Secci\u00f3n de Matem\u00e1ticas ULL<\/strong><\/p>\n<p>[\/vc_wp_text][vc_empty_space height=\u00bb30px\u00bb][vc_video link=\u00bbhttps:\/\/www.youtube.com\/watch?v=YmIR_O-2w-4&#8243;][vc_empty_space height=\u00bb22px\u00bb][vc_wp_text]<\/p>\n<p style=\"text-align: justify\"><strong>Stand 09. INtech Tenerife<\/strong><\/p>\n<p>[\/vc_wp_text][vc_empty_space height=\u00bb20px\u00bb][vc_video link=\u00bbhttps:\/\/www.youtube.com\/watch?v=uxWmPxIeuOw\u00bb css=\u00bb.vc_custom_1606250326139{margin-top: 5px !important;margin-bottom: 5px !important;border-top-width: 5px !important;border-bottom-width: 5px !important;padding-top: 5px !important;padding-bottom: 5px !important;}\u00bb][vc_empty_space height=\u00bb22px\u00bb][vc_wp_text]<\/p>\n<p style=\"text-align: justify\"><strong>Stand 12. Instituto de Astrof\u00edsica de Canarias (IAC)<\/strong><\/p>\n<p>[\/vc_wp_text][vc_empty_space height=\u00bb20px\u00bb][vc_video link=\u00bbhttps:\/\/www.youtube.com\/watch?v=i7dgkptLXGU\u00bb css=\u00bb.vc_custom_1606250747327{margin-top: 5px !important;margin-bottom: 5px !important;border-top-width: 5px !important;border-bottom-width: 5px !important;padding-top: 5px !important;padding-bottom: 5px !important;}\u00bb][vc_empty_space][vc_wp_text]<\/p>\n<p style=\"text-align: justify\"><strong>Stand 15. Facultad de Educaci\u00f3n (ULL)<\/strong><\/p>\n<p>[\/vc_wp_text][vc_empty_space height=\u00bb40px\u00bb css=\u00bb.vc_custom_1606251436676{margin-top: 5px !important;margin-bottom: 5px !important;border-top-width: 5px !important;border-bottom-width: 5px !important;padding-top: 5px !important;padding-bottom: 5px !important;}\u00bb][vc_video link=\u00bbhttps:\/\/youtu.be\/Po6e33jVbkw\u00bb css=\u00bb.vc_custom_1606251336151{margin-top: 6px !important;margin-bottom: 6px !important;border-top-width: 6px !important;border-bottom-width: 6px !important;padding-top: 6px !important;padding-bottom: 6px !important;}\u00bb][vc_empty_space height=\u00bb22px\u00bb][vc_wp_text]<\/p>\n<p style=\"text-align: justify\"><strong>Stand 18. Grupo de Cat\u00e1lisis Heterog\u00e9nea (ULL)<\/strong><\/p>\n<p>[\/vc_wp_text][vc_empty_space height=\u00bb22px\u00bb][vc_video link=\u00bbhttps:\/\/youtu.be\/sTA2fJPJS_g\u00bb][vc_empty_space height=\u00bb22px\u00bb][vc_wp_text]<\/p>\n<p style=\"text-align: justify\"><strong>Stand 21. Grupo Bioantropolog\u00eda (ULL)<\/strong><\/p>\n<p>[\/vc_wp_text][vc_empty_space height=\u00bb22px\u00bb][vc_video link=\u00bbhttps:\/\/youtu.be\/jt2xcBFrELg\u00bb css=\u00bb.vc_custom_1606253073638{margin-top: 3px !important;margin-bottom: 3px !important;border-top-width: 3px !important;border-bottom-width: 3px !important;padding-top: 3px !important;padding-bottom: 3px !important;}\u00bb][vc_empty_space height=\u00bb22px\u00bb][vc_wp_text]<\/p>\n<p style=\"text-align: justify\"><strong>Stand 24. Unidad de Divulgaci\u00f3n Cient\u00edfica<\/strong><\/p>\n<p>[\/vc_wp_text][vc_video link=\u00bbhttps:\/\/youtu.be\/NI0lbdPrIOM\u00bb css=\u00bb.vc_custom_1606252816697{margin-top: 6px !important;margin-bottom: 6px !important;border-top-width: 6px !important;border-bottom-width: 6px !important;padding-top: 6px !important;padding-bottom: 6px !important;}\u00bb][\/vc_column_inner][\/vc_row_inner][\/vc_column][\/vc_row]<\/p>\n","protected":false},"excerpt":{"rendered":"<p>[vc_row][vc_column][\/vc_column][\/vc_row][vc_row][vc_column][vc_empty_space][vc_custom_heading source=\u00bbpost_title\u00bb google_fonts=\u00bbfont_family:Roboto%20Slab%3A100%2C300%2Cregular%2C700|font_style:700%20bold%20regular%3A700%3Anormal\u00bb][vc_column_text]Aqu\u00ed podr\u00e1s ver una muestra de la actividad investigadora que se desarrolla en la Universidad de La Laguna y otros centros de I+D asociados en diferentes \u00e1mbitos de inter\u00e9s para la sociedad canaria:[\/vc_column_text][vc_empty_space height=\u00bb42px\u00bb][\/vc_column][\/vc_row][vc_row][vc_column][vc_row_inner][vc_column_inner width=\u00bb1\/3&#8243;][vc_wp_text] Stand 01. Laboratorio de tratamiento y Reutilizaci\u00f3n de Aguas (ULL) [\/vc_wp_text][vc_empty_space height=\u00bb25px\u00bb][vc_video link=\u00bbhttps:\/\/www.youtube.com\/watch?v=jucyEkfrM-M\u00bb][vc_empty_space height=\u00bb25px\u00bb][vc_wp_text] Stand 04. Instituto Tecnol\u00f3gico&#8230;<\/p>\n","protected":false},"author":56,"featured_media":0,"parent":0,"menu_order":0,"comment_status":"closed","ping_status":"closed","template":"templates\/cienciaull.php","meta":{"inline_featured_image":false,"footnotes":""},"acf":[],"yoast_head":"<!-- This site is optimized with the Yoast SEO plugin v21.3 - https:\/\/yoast.com\/wordpress\/plugins\/seo\/ -->\n<title>Stand demostrativos -<\/title>\n<meta name=\"robots\" content=\"index, follow, max-snippet:-1, max-image-preview:large, max-video-preview:-1\" \/>\n<link rel=\"canonical\" href=\"https:\/\/www.ull.es\/portal\/cienciaull\/stand-demostrativos\/\" \/>\n<meta property=\"og:locale\" content=\"es_ES\" \/>\n<meta property=\"og:type\" content=\"article\" \/>\n<meta property=\"og:title\" content=\"Stand demostrativos -\" \/>\n<meta property=\"og:description\" content=\"[vc_row][vc_column][\/vc_column][\/vc_row][vc_row][vc_column][vc_empty_space][vc_custom_heading source=\u00bbpost_title\u00bb google_fonts=\u00bbfont_family:Roboto%20Slab%3A100%2C300%2Cregular%2C700|font_style:700%20bold%20regular%3A700%3Anormal\u00bb][vc_column_text]Aqu\u00ed podr\u00e1s ver una muestra de la actividad investigadora que se desarrolla en la Universidad de La Laguna y otros centros de I+D asociados en diferentes \u00e1mbitos de inter\u00e9s para la sociedad canaria:[\/vc_column_text][vc_empty_space height=\u00bb42px\u00bb][\/vc_column][\/vc_row][vc_row][vc_column][vc_row_inner][vc_column_inner width=\u00bb1\/3&#8243;][vc_wp_text] Stand 01. Laboratorio de tratamiento y Reutilizaci\u00f3n de Aguas (ULL) [\/vc_wp_text][vc_empty_space height=\u00bb25px\u00bb][vc_video link=\u00bbhttps:\/\/www.youtube.com\/watch?v=jucyEkfrM-M\u00bb][vc_empty_space height=\u00bb25px\u00bb][vc_wp_text] Stand 04. Instituto Tecnol\u00f3gico...\" \/>\n<meta property=\"og:url\" content=\"https:\/\/www.ull.es\/portal\/cienciaull\/stand-demostrativos\/\" \/>\n<meta property=\"article:publisher\" content=\"https:\/\/www.facebook.com\/CienciaULL\/\" \/>\n<meta property=\"article:modified_time\" content=\"2020-11-24T21:24:36+00:00\" \/>\n<meta name=\"twitter:card\" content=\"summary_large_image\" \/>\n<meta name=\"twitter:site\" content=\"@CienciaULL\" \/>\n<meta name=\"twitter:label1\" content=\"Tiempo de lectura\" \/>\n\t<meta name=\"twitter:data1\" content=\"6 minutos\" \/>\n<script type=\"application\/ld+json\" class=\"yoast-schema-graph\">{\"@context\":\"https:\/\/schema.org\",\"@graph\":[{\"@type\":\"WebPage\",\"@id\":\"https:\/\/www.ull.es\/portal\/cienciaull\/stand-demostrativos\/\",\"url\":\"https:\/\/www.ull.es\/portal\/cienciaull\/stand-demostrativos\/\",\"name\":\"Stand demostrativos -\",\"isPartOf\":{\"@id\":\"https:\/\/www.ull.es\/portal\/cienciaull\/#website\"},\"datePublished\":\"2020-11-24T17:12:19+00:00\",\"dateModified\":\"2020-11-24T21:24:36+00:00\",\"breadcrumb\":{\"@id\":\"https:\/\/www.ull.es\/portal\/cienciaull\/stand-demostrativos\/#breadcrumb\"},\"inLanguage\":\"es\",\"potentialAction\":[{\"@type\":\"ReadAction\",\"target\":[\"https:\/\/www.ull.es\/portal\/cienciaull\/stand-demostrativos\/\"]}]},{\"@type\":\"BreadcrumbList\",\"@id\":\"https:\/\/www.ull.es\/portal\/cienciaull\/stand-demostrativos\/#breadcrumb\",\"itemListElement\":[{\"@type\":\"ListItem\",\"position\":1,\"name\":\"Portada\",\"item\":\"https:\/\/www.ull.es\/portal\/cienciaull\/\"},{\"@type\":\"ListItem\",\"position\":2,\"name\":\"Stand demostrativos\"}]},{\"@type\":\"WebSite\",\"@id\":\"https:\/\/www.ull.es\/portal\/cienciaull\/#website\",\"url\":\"https:\/\/www.ull.es\/portal\/cienciaull\/\",\"name\":\"\",\"description\":\"Unidad de Cultura Cient\u00edfica y de la Innovaci\u00f3n de la Universidad de La Laguna\",\"potentialAction\":[{\"@type\":\"SearchAction\",\"target\":{\"@type\":\"EntryPoint\",\"urlTemplate\":\"https:\/\/www.ull.es\/portal\/cienciaull\/?s={search_term_string}\"},\"query-input\":\"required name=search_term_string\"}],\"inLanguage\":\"es\"}]}<\/script>\n<!-- \/ Yoast SEO plugin. -->","yoast_head_json":{"title":"Stand demostrativos -","robots":{"index":"index","follow":"follow","max-snippet":"max-snippet:-1","max-image-preview":"max-image-preview:large","max-video-preview":"max-video-preview:-1"},"canonical":"https:\/\/www.ull.es\/portal\/cienciaull\/stand-demostrativos\/","og_locale":"es_ES","og_type":"article","og_title":"Stand demostrativos -","og_description":"[vc_row][vc_column][\/vc_column][\/vc_row][vc_row][vc_column][vc_empty_space][vc_custom_heading source=\u00bbpost_title\u00bb google_fonts=\u00bbfont_family:Roboto%20Slab%3A100%2C300%2Cregular%2C700|font_style:700%20bold%20regular%3A700%3Anormal\u00bb][vc_column_text]Aqu\u00ed podr\u00e1s ver una muestra de la actividad investigadora que se desarrolla en la Universidad de La Laguna y otros centros de I+D asociados en diferentes \u00e1mbitos de inter\u00e9s para la sociedad canaria:[\/vc_column_text][vc_empty_space height=\u00bb42px\u00bb][\/vc_column][\/vc_row][vc_row][vc_column][vc_row_inner][vc_column_inner width=\u00bb1\/3&#8243;][vc_wp_text] Stand 01. Laboratorio de tratamiento y Reutilizaci\u00f3n de Aguas (ULL) [\/vc_wp_text][vc_empty_space height=\u00bb25px\u00bb][vc_video link=\u00bbhttps:\/\/www.youtube.com\/watch?v=jucyEkfrM-M\u00bb][vc_empty_space height=\u00bb25px\u00bb][vc_wp_text] Stand 04. Instituto Tecnol\u00f3gico...","og_url":"https:\/\/www.ull.es\/portal\/cienciaull\/stand-demostrativos\/","article_publisher":"https:\/\/www.facebook.com\/CienciaULL\/","article_modified_time":"2020-11-24T21:24:36+00:00","twitter_card":"summary_large_image","twitter_site":"@CienciaULL","twitter_misc":{"Tiempo de lectura":"6 minutos"},"schema":{"@context":"https:\/\/schema.org","@graph":[{"@type":"WebPage","@id":"https:\/\/www.ull.es\/portal\/cienciaull\/stand-demostrativos\/","url":"https:\/\/www.ull.es\/portal\/cienciaull\/stand-demostrativos\/","name":"Stand demostrativos -","isPartOf":{"@id":"https:\/\/www.ull.es\/portal\/cienciaull\/#website"},"datePublished":"2020-11-24T17:12:19+00:00","dateModified":"2020-11-24T21:24:36+00:00","breadcrumb":{"@id":"https:\/\/www.ull.es\/portal\/cienciaull\/stand-demostrativos\/#breadcrumb"},"inLanguage":"es","potentialAction":[{"@type":"ReadAction","target":["https:\/\/www.ull.es\/portal\/cienciaull\/stand-demostrativos\/"]}]},{"@type":"BreadcrumbList","@id":"https:\/\/www.ull.es\/portal\/cienciaull\/stand-demostrativos\/#breadcrumb","itemListElement":[{"@type":"ListItem","position":1,"name":"Portada","item":"https:\/\/www.ull.es\/portal\/cienciaull\/"},{"@type":"ListItem","position":2,"name":"Stand demostrativos"}]},{"@type":"WebSite","@id":"https:\/\/www.ull.es\/portal\/cienciaull\/#website","url":"https:\/\/www.ull.es\/portal\/cienciaull\/","name":"","description":"Unidad de Cultura Cient\u00edfica y de la Innovaci\u00f3n de la Universidad de La Laguna","potentialAction":[{"@type":"SearchAction","target":{"@type":"EntryPoint","urlTemplate":"https:\/\/www.ull.es\/portal\/cienciaull\/?s={search_term_string}"},"query-input":"required name=search_term_string"}],"inLanguage":"es"}]}},"_links":{"self":[{"href":"https:\/\/www.ull.es\/portal\/cienciaull\/wp-json\/wp\/v2\/pages\/10297"}],"collection":[{"href":"https:\/\/www.ull.es\/portal\/cienciaull\/wp-json\/wp\/v2\/pages"}],"about":[{"href":"https:\/\/www.ull.es\/portal\/cienciaull\/wp-json\/wp\/v2\/types\/page"}],"author":[{"embeddable":true,"href":"https:\/\/www.ull.es\/portal\/cienciaull\/wp-json\/wp\/v2\/users\/56"}],"replies":[{"embeddable":true,"href":"https:\/\/www.ull.es\/portal\/cienciaull\/wp-json\/wp\/v2\/comments?post=10297"}],"version-history":[{"count":126,"href":"https:\/\/www.ull.es\/portal\/cienciaull\/wp-json\/wp\/v2\/pages\/10297\/revisions"}],"predecessor-version":[{"id":10389,"href":"https:\/\/www.ull.es\/portal\/cienciaull\/wp-json\/wp\/v2\/pages\/10297\/revisions\/10389"}],"wp:attachment":[{"href":"https:\/\/www.ull.es\/portal\/cienciaull\/wp-json\/wp\/v2\/media?parent=10297"}],"curies":[{"name":"wp","href":"https:\/\/api.w.org\/{rel}","templated":true}]}}