{"id":10711,"date":"2025-10-01T12:38:59","date_gmt":"2025-10-01T12:38:59","guid":{"rendered":"https:\/\/www.ull.es\/portal\/cienciaull\/?page_id=10711"},"modified":"2025-10-01T12:38:59","modified_gmt":"2025-10-01T12:38:59","slug":"temporada-2021","status":"publish","type":"page","link":"https:\/\/www.ull.es\/portal\/cienciaull\/doblehelice3-0\/temporada-2021\/","title":{"rendered":"Temporada 2021"},"content":{"rendered":"<p>[vc_row][vc_column][vc_custom_heading source=\u00bbpost_title\u00bb google_fonts=\u00bbfont_family:Roboto%20Slab%3A100%2C300%2Cregular%2C700|font_style:700%20bold%20regular%3A700%3Anormal\u00bb css=\u00bb.vc_custom_1610032504907{margin-bottom: 5px !important;border-bottom-width: 5px !important;padding-bottom: 5px !important;}\u00bb][vc_column_text]A continuaci\u00f3n se recoge los programas realizados durante la <strong>temporada 2021<\/strong>:[\/vc_column_text][\/vc_column][\/vc_row][vc_row][vc_column][vc_column_text]<\/p>\n<table width=\"1131\">\n<tbody>\n<tr>\n<td width=\"3\"><strong>\u00a0<\/strong><\/td>\n<td width=\"44\"><strong>\u00a0<\/strong><\/td>\n<td width=\"416\"><strong>Programa<\/strong><\/td>\n<td width=\"668\"><strong>Invitado\/a<\/strong><\/td>\n<\/tr>\n<tr>\n<td width=\"3\"><strong>\u00a0<\/strong><\/td>\n<td width=\"44\"><strong>01<\/strong><\/td>\n<td width=\"416\"><strong><a href=\"https:\/\/www.ivoox.com\/meditacion-cerebro-audios-mp3_rf_64063721_1.html\" target=\"_blank\" rel=\"noopener\">Meditaci\u00f3n y cerebro<\/a><\/strong><\/td>\n<td width=\"668\">Sergio El\u00edas Hern\u00e1ndez<\/td>\n<\/tr>\n<tr>\n<td width=\"3\"><strong>\u00a0<\/strong><\/td>\n<td width=\"44\"><strong>02<\/strong><\/td>\n<td width=\"416\"><strong><a href=\"https:\/\/www.ivoox.com\/vacunas-contra-covid-19-audios-mp3_rf_64404722_1.html\" target=\"_blank\" rel=\"noopener\">Las vacunas contra la COVID-19<\/a><\/strong><\/td>\n<td width=\"668\">Agust\u00edn Valenzuela<\/td>\n<\/tr>\n<tr>\n<td width=\"3\"><strong>\u00a0<\/strong><\/td>\n<td width=\"44\"><strong>03<\/strong><\/td>\n<td width=\"416\"><strong><a href=\"https:\/\/www.ivoox.com\/un-tesoro-vegetal-llamado-herbario-audios-mp3_rf_64736240_1.html\" target=\"_blank\" rel=\"noopener\">Un tesoro vegetal llamado Herbario<\/a><\/strong><\/td>\n<td width=\"668\">Marta Sans\u00f3n y Cristina Gonz\u00e1lez.<\/td>\n<\/tr>\n<tr>\n<td width=\"3\"><strong>\u00a0<\/strong><\/td>\n<td width=\"44\"><strong>04<\/strong><\/td>\n<td width=\"416\"><strong><a href=\"https:\/\/www.ivoox.com\/investigando-vida-cotidiana-aborigenes-canarios-audios-mp3_rf_65077289_1.html\" target=\"_blank\" rel=\"noopener\">Investigando la vida cotidiana de los abor\u00edgenes canarios<\/a><\/strong><\/td>\n<td width=\"668\">Jared Carballo<\/td>\n<\/tr>\n<tr>\n<td width=\"3\"><strong>\u00a0<\/strong><\/td>\n<td width=\"44\"><strong>05<\/strong><\/td>\n<td width=\"416\"><strong><a href=\"https:\/\/www.ivoox.com\/tanatologia-investigar-muerte-audios-mp3_rf_65479213_1.html\" target=\"_blank\" rel=\"noopener\">Tanatolog\u00eda, investigar la muerte<\/a><\/strong><\/td>\n<td width=\"668\">Alfonso Miguel Garc\u00eda<\/td>\n<\/tr>\n<tr>\n<td width=\"3\"><strong>\u00a0<\/strong><\/td>\n<td width=\"44\"><strong>06<\/strong><\/td>\n<td width=\"416\"><strong><a href=\"https:\/\/www.ivoox.com\/marte-historia-planeta-intrigante-audios-mp3_rf_65772245_1.html\" target=\"_blank\" rel=\"noopener\">Marte, la historia de un planeta intrigante<\/a><\/strong><\/td>\n<td width=\"668\">Antonio Darwich<\/td>\n<\/tr>\n<tr>\n<td width=\"3\"><strong>\u00a0<\/strong><\/td>\n<td width=\"44\"><strong>07<\/strong><\/td>\n<td width=\"416\"><strong><a href=\"https:\/\/www.ivoox.com\/psicologia-fobias-audios-mp3_rf_66115651_1.html\" target=\"_blank\" rel=\"noopener\">La psicolog\u00eda de las Fobias<\/a><\/strong><\/td>\n<td width=\"668\">Wenceslao Pe\u00f1ate<\/td>\n<\/tr>\n<tr>\n<td width=\"3\"><\/td>\n<td width=\"44\"><strong>08<\/strong><\/td>\n<td width=\"416\"><strong><a href=\"https:\/\/www.ivoox.com\/guanches-teide-audios-mp3_rf_66521772_1.html\" target=\"_blank\" rel=\"noopener\">Los Guanches y el Teide<\/a><\/strong><\/td>\n<td width=\"668\">Matilde Arnay<\/td>\n<\/tr>\n<tr>\n<td width=\"3\"><\/td>\n<td width=\"44\"><strong>09<\/strong><\/td>\n<td width=\"416\"><strong><a href=\"https:\/\/www.ivoox.com\/de-esta-hecho-universo-audios-mp3_rf_66820139_1.html\" target=\"_blank\" rel=\"noopener\">\u00bfDe qu\u00e9 est\u00e1 hecho el Universo?<\/a><\/strong><\/td>\n<td width=\"668\">Cesar Esteban<\/td>\n<\/tr>\n<tr>\n<td width=\"3\"><\/td>\n<td width=\"44\"><strong>10<\/strong><\/td>\n<td width=\"416\"><strong><a href=\"https:\/\/www.ivoox.com\/ciencia-cine-audios-mp3_rf_67171889_1.html\" target=\"_blank\" rel=\"noopener\">La Ciencia y el Cine<\/a><\/strong><\/td>\n<td width=\"668\">David Fuentefr\u00eda<\/td>\n<\/tr>\n<tr>\n<td width=\"3\"><\/td>\n<td width=\"44\"><strong>11<\/strong><\/td>\n<td width=\"416\"><strong><a href=\"https:\/\/www.ivoox.com\/ecologia-liberal-audios-mp3_rf_67681113_1.html\" target=\"_blank\" rel=\"noopener\">Ecolog\u00eda liberal<\/a><\/strong><\/td>\n<td width=\"668\">Jos\u00e9 Ram\u00f3n Ar\u00e9valo<\/td>\n<\/tr>\n<tr>\n<td width=\"3\"><\/td>\n<td width=\"44\"><strong>12<\/strong><\/td>\n<td width=\"416\"><strong><a href=\"https:\/\/www.ivoox.com\/construccion-sostenible-audios-mp3_rf_68056321_1.html\" target=\"_blank\" rel=\"noopener\">Construcci\u00f3n sostenible<\/a><\/strong><\/td>\n<td width=\"668\">Marta Mar\u00eda Dom\u00ednguez<\/td>\n<\/tr>\n<tr>\n<td width=\"3\"><\/td>\n<td width=\"44\"><strong>13<\/strong><\/td>\n<td width=\"416\"><strong><a href=\"https:\/\/www.ivoox.com\/navegacion-contaminacion-marina-audios-mp3_rf_68421676_1.html\" target=\"_blank\" rel=\"noopener\">Navegaci\u00f3n y contaminaci\u00f3n marina<\/a><\/strong><\/td>\n<td width=\"668\">Jos\u00e9 Agust\u00edn Gonz\u00e9lez<\/td>\n<\/tr>\n<tr>\n<td width=\"3\"><strong>\u00a0<\/strong><\/td>\n<td width=\"44\"><strong>14<\/strong><\/td>\n<td width=\"416\"><strong><a href=\"https:\/\/www.ivoox.com\/gestionar-bosques-para-garantizar-su-futuro-audios-mp3_rf_68817182_1.html\" target=\"_blank\" rel=\"noopener\">Gestionar los bosques para garantizar su futuro<\/a><\/strong><\/td>\n<td width=\"668\">Juan Carlos Santamarta<\/td>\n<\/tr>\n<tr>\n<td width=\"3\"><\/td>\n<td width=\"44\"><strong>15<\/strong><\/td>\n<td width=\"416\"><strong><a href=\"https:\/\/www.ivoox.com\/mujeres-ingenieria-tecnologia-audios-mp3_rf_69110926_1.html\" target=\"_blank\" rel=\"noopener\">Mujeres, ingenier\u00eda y tecnolog\u00eda<\/a><\/strong><\/td>\n<td width=\"668\">Coromoto Le\u00f3n y Gara Miranda<\/td>\n<\/tr>\n<tr>\n<td width=\"3\"><\/td>\n<td width=\"44\"><strong>16<\/strong><\/td>\n<td width=\"416\"><strong><a href=\"https:\/\/www.ivoox.com\/olfato-alhzeimer-audios-mp3_rf_69446004_1.html\" target=\"_blank\" rel=\"noopener\">El olfato y el Alhzeimer<\/a><\/strong><\/td>\n<td width=\"668\">\u00c1ngel Acebes y Salvador Alarc\u00f3n<\/td>\n<\/tr>\n<tr>\n<td width=\"3\"><\/td>\n<td width=\"44\"><strong>17<\/strong><\/td>\n<td width=\"416\"><strong><a href=\"https:\/\/www.ivoox.com\/bacterias-comen-plastico-audios-mp3_rf_69775091_1.html\" target=\"_blank\" rel=\"noopener\">Bacterias que comen pl\u00e1stico<\/a><\/strong><\/td>\n<td width=\"668\">Fernando Perestelo<\/td>\n<\/tr>\n<tr>\n<td width=\"3\"><\/td>\n<td width=\"44\"><strong>18<\/strong><\/td>\n<td width=\"416\"><strong><a href=\"https:\/\/www.ivoox.com\/pinturas-inteligentes-audios-mp3_rf_70102975_1.html\" target=\"_blank\" rel=\"noopener\">Pinturas inteligentes<\/a><\/strong><\/td>\n<td width=\"668\">Ricardo Souto<\/td>\n<\/tr>\n<tr>\n<td width=\"3\"><\/td>\n<td width=\"44\"><strong>19<\/strong><\/td>\n<td width=\"416\"><strong><a href=\"https:\/\/www.ivoox.com\/una-feria-para-vocaciones-cientificas-audios-mp3_rf_70555560_1.html\" target=\"_blank\" rel=\"noopener\">Una feria para las vocaciones cient\u00edficas<\/a><\/strong><\/td>\n<td width=\"668\">Laura Garc\u00eda<\/td>\n<\/tr>\n<tr>\n<td width=\"3\"><\/td>\n<td width=\"44\"><strong>20<\/strong><\/td>\n<td width=\"416\"><strong><a href=\"https:\/\/www.ivoox.com\/convertir-residuos-energia-audios-mp3_rf_71045138_1.html\" target=\"_blank\" rel=\"noopener\">Convertir los residuos en energ\u00eda<\/a><\/strong><\/td>\n<td width=\"668\">Axel Ritter<\/td>\n<\/tr>\n<tr>\n<td width=\"3\"><\/td>\n<td width=\"44\"><strong>21<\/strong><\/td>\n<td width=\"416\"><strong><a href=\"https:\/\/www.ivoox.com\/por-hacemos-lo-hacemos-audios-mp3_rf_71375452_1.html\" target=\"_blank\" rel=\"noopener\">\u00bfPor qu\u00e9 hacemos lo que hacemos?<\/a><\/strong><\/td>\n<td width=\"668\">Elena G\u00e1mez<\/td>\n<\/tr>\n<tr>\n<td width=\"3\"><strong>\u00a0<\/strong><\/td>\n<td width=\"44\"><strong>22<\/strong><\/td>\n<td width=\"416\"><strong><a href=\"https:\/\/www.ivoox.com\/descifrando-lenguas-antiguas-audios-mp3_rf_71926582_1.html\" target=\"_blank\" rel=\"noopener\">Descifrando las lenguas antiguas<\/a><\/strong><\/td>\n<td width=\"668\">Irma Mora<\/td>\n<\/tr>\n<tr>\n<td width=\"3\"><strong>\u00a0<\/strong><\/td>\n<td width=\"44\"><strong>23<\/strong><\/td>\n<td width=\"416\"><strong><a href=\"https:\/\/www.ivoox.com\/envejecimiento-nutricion-audios-mp3_rf_72009955_1.html\" target=\"_blank\" rel=\"noopener\">Envejecimiento y nutrici\u00f3n<\/a><\/strong><\/td>\n<td width=\"668\">Javier Castro<\/td>\n<\/tr>\n<tr>\n<td width=\"3\"><strong>\u00a0<\/strong><\/td>\n<td width=\"44\"><strong>24<\/strong><\/td>\n<td width=\"416\"><strong><a href=\"https:\/\/www.ivoox.com\/que-hace-economia-medio-ambiente-audios-mp3_rf_72351016_1.html\" target=\"_blank\" rel=\"noopener\">\u00bfQu\u00e9 hace la Econom\u00eda por el Medio Ambiente?<\/a><\/strong><\/td>\n<td width=\"668\">Noem\u00ed Padr\u00f3n<\/td>\n<\/tr>\n<tr>\n<td width=\"3\"><strong>\u00a0<\/strong><\/td>\n<td width=\"44\"><strong>25<\/strong><\/td>\n<td width=\"416\"><strong><a href=\"https:\/\/www.ivoox.com\/megatsunamis-audios-mp3_rf_72708380_1.html\" target=\"_blank\" rel=\"noopener\">Megatsunamis<\/a><\/strong><\/td>\n<td width=\"668\">Ram\u00f3n Casillas<\/td>\n<\/tr>\n<tr>\n<td width=\"3\"><strong>\u00a0<\/strong><\/td>\n<td width=\"44\"><strong>26<\/strong><\/td>\n<td width=\"416\"><strong><a href=\"https:\/\/www.ivoox.com\/lagartos-viajeros-audios-mp3_rf_73017331_1.html\" target=\"_blank\" rel=\"noopener\">Lagartos viajeros<\/a><\/strong><\/td>\n<td width=\"668\">Carolina Castillo y Pen\u00e9lope Cruzado<\/td>\n<\/tr>\n<tr>\n<td width=\"3\"><strong>\u00a0<\/strong><\/td>\n<td width=\"44\"><strong>27<\/strong><\/td>\n<td width=\"416\"><strong><a href=\"https:\/\/www.ivoox.com\/enfermedades-genetica-audios-mp3_rf_73406704_1.html\" target=\"_blank\" rel=\"noopener\">Enfermedades y gen\u00e9tica<\/a><\/strong><\/td>\n<td width=\"668\">Pino Yanes<\/td>\n<\/tr>\n<tr>\n<td width=\"3\"><strong>\u00a0<\/strong><\/td>\n<td width=\"44\"><strong>28<\/strong><\/td>\n<td width=\"416\"><strong><a href=\"https:\/\/www.ivoox.com\/futuro-gigante-observara-sol-audios-mp3_rf_73570385_1.html\" target=\"_blank\" rel=\"noopener\">El futuro gigante que observar\u00e1 el Sol<\/a><\/strong><\/td>\n<td width=\"668\">Manuel Collados<\/td>\n<\/tr>\n<tr>\n<td width=\"3\"><\/td>\n<td width=\"44\"><strong>29<\/strong><\/td>\n<td width=\"416\"><strong><a href=\"https:\/\/www.ivoox.com\/arrancamos-temporada-predecir-futuro-desde-informatica-audios-mp3_rf_75305323_1.html\" target=\"_blank\" rel=\"noopener\">\u00a0Predecir el futuro desde la inform\u00e1tica <\/a><\/strong><\/td>\n<td width=\"668\">Rosa Aguilar<\/td>\n<\/tr>\n<tr>\n<td width=\"3\"><strong>\u00a0<\/strong><\/td>\n<td width=\"44\"><strong>30<\/strong><\/td>\n<td width=\"416\"><strong><a href=\"https:\/\/www.ivoox.com\/de-herbivoros-medicamentos-maraconaught-2021-audios-mp3_rf_75688774_1.html\" target=\"_blank\" rel=\"noopener\">De herb\u00edvoros y medicamentos. Maraconaught 2021<\/a><\/strong><\/td>\n<td width=\"668\">Jonay Cubas y Ana Santove\u00f1a<\/td>\n<\/tr>\n<tr>\n<td width=\"3\"><strong>\u00a0<\/strong><\/td>\n<td width=\"44\"><strong>31<\/strong><\/td>\n<td width=\"416\"><strong><a href=\"https:\/\/www.ivoox.com\/especial-erupcion-volcanica-la-palma-audios-mp3_rf_75936544_1.html\" target=\"_blank\" rel=\"noopener\">Especial erupci\u00f3n volc\u00e1nica de La Palma<\/a><\/strong><\/td>\n<td width=\"668\">Ram\u00f3n Casillas<\/td>\n<\/tr>\n<tr>\n<td width=\"3\"><strong>\u00a0<\/strong><\/td>\n<td width=\"44\"><strong>32<\/strong><\/td>\n<td width=\"416\"><strong><a href=\"https:\/\/www.ivoox.com\/erupcion-la-palma-conociendo-pasado-para-audios-mp3_rf_76310921_1.html\" target=\"_blank\" rel=\"noopener\">Erupci\u00f3n de La Palma: Conociendo el pasado para predecir el futuro<\/a><\/strong><\/td>\n<td width=\"668\">Carmen Romero<\/td>\n<\/tr>\n<tr>\n<td width=\"3\"><strong>\u00a0<\/strong><\/td>\n<td width=\"44\"><strong>33<\/strong><\/td>\n<td width=\"416\"><strong><a href=\"https:\/\/www.ivoox.com\/pseudociencia-sociedad-audios-mp3_rf_76701922_1.html\" target=\"_blank\" rel=\"noopener\">Pseudociencia y Sociedad<\/a><\/strong><\/td>\n<td width=\"668\">Luis Capote<\/td>\n<\/tr>\n<tr>\n<td width=\"3\"><strong>\u00a0<\/strong><\/td>\n<td width=\"44\"><strong>34<\/strong><\/td>\n<td width=\"416\"><strong><a href=\"https:\/\/www.ivoox.com\/epigenetica-como-nuestras-experiencias-se-graban-el-audios-mp3_rf_77088010_1.html\" target=\"_blank\" rel=\"noopener\">Epigen\u00e9tica: como nuestras experiencias se graban en el ADN<\/a><\/strong><\/td>\n<td width=\"668\">Inmaculada Le\u00f3n y Mar\u00eda Jos\u00e9 Rodrigo,<\/td>\n<\/tr>\n<tr>\n<td width=\"3\"><strong>\u00a0<\/strong><\/td>\n<td width=\"44\"><strong>35<\/strong><\/td>\n<td width=\"416\"><strong><a href=\"https:\/\/www.ivoox.com\/riesgos-erupcion-volcanica-audios-mp3_rf_77263693_1.html\" target=\"_blank\" rel=\"noopener\">Los riesgos de una erupci\u00f3n volc\u00e1nica<\/a><\/strong><\/td>\n<td width=\"668\">Abel L\u00f3pez<\/td>\n<\/tr>\n<tr>\n<td width=\"3\"><strong>\u00a0<\/strong><\/td>\n<td width=\"44\"><strong>36<\/strong><\/td>\n<td width=\"416\"><strong><a href=\"https:\/\/www.ivoox.com\/plantas-su-entorno-realacion-de-audios-mp3_rf_77628850_1.html\" target=\"_blank\" rel=\"noopener\">Las plantas y su entorno, una relaci\u00f3n de supervivencia<\/a><\/strong><\/td>\n<td width=\"668\">Beatriz Fern\u00e1ndez<\/td>\n<\/tr>\n<tr>\n<td width=\"3\"><strong>\u00a0<\/strong><\/td>\n<td width=\"44\"><strong>37<\/strong><\/td>\n<td width=\"416\"><strong><a href=\"https:\/\/www.ivoox.com\/una-historia-zifios-maories-audios-mp3_rf_78132227_1.html\" target=\"_blank\" rel=\"noopener\">Una historia de Zifios y Maor\u00edes<\/a><\/strong><\/td>\n<td width=\"668\">Natacha Aguilar<\/td>\n<\/tr>\n<tr>\n<td width=\"3\"><strong>\u00a0<\/strong><\/td>\n<td width=\"44\"><strong>38<\/strong><\/td>\n<td width=\"416\"><strong><a href=\"https:\/\/www.ivoox.com\/por-estan-desapareciendo-macroalgas-audios-mp3_rf_78304148_1.html\" target=\"_blank\" rel=\"noopener\">\u00bfPor qu\u00e9 est\u00e1n desapareciendo las macroalgas?<\/a><\/strong><\/td>\n<td width=\"668\">Marta Sans\u00f3n<\/td>\n<\/tr>\n<tr>\n<td width=\"3\"><strong>\u00a0<\/strong><\/td>\n<td width=\"44\"><strong>39<\/strong><\/td>\n<td width=\"416\"><strong><a href=\"https:\/\/www.ivoox.com\/programa-especial-un-dia-erupcion-de-audios-mp3_rf_78586049_1.html\" target=\"_blank\" rel=\"noopener\">Programa especial: Un d\u00eda en la erupci\u00f3n de La Palma<\/a><\/strong><\/td>\n<td width=\"668\">Ram\u00f3n Casillas<\/td>\n<\/tr>\n<tr>\n<td width=\"3\"><strong>\u00a0<\/strong><\/td>\n<td width=\"44\"><strong>40<\/strong><\/td>\n<td width=\"416\"><strong><a href=\"https:\/\/www.ivoox.com\/amenaza-superbacterias-resistencia-audios-mp3_rf_78903843_1.html\" target=\"_blank\" rel=\"noopener\">La amenaza de las superbacterias y la resistencia a los antibi\u00f3ticos<\/a><\/strong><\/td>\n<td width=\"668\">Eduardo P\u00e9rez<\/td>\n<\/tr>\n<tr>\n<td width=\"3\"><strong>\u00a0<\/strong><\/td>\n<td width=\"44\"><strong>41<\/strong><\/td>\n<td width=\"416\"><strong><a href=\"https:\/\/www.ivoox.com\/microarqueologia-conocer-pasado-a-traves-las-audios-mp3_rf_79524353_1.html\" target=\"_blank\" rel=\"noopener\">Microarqueolog\u00eda. Conocer el pasado a trav\u00e9s de las mol\u00e9culas.<\/a><\/strong><\/td>\n<td width=\"668\">Natalia \u00c9g\u00fcez<\/td>\n<\/tr>\n<tr>\n<td width=\"3\"><strong>\u00a0<\/strong><\/td>\n<td width=\"44\"><strong>42<\/strong><\/td>\n<td width=\"416\"><strong><a href=\"https:\/\/www.ivoox.com\/tiempo-fisica-cuantica-audios-mp3_rf_79830579_1.html\" target=\"_blank\" rel=\"noopener\">El Tiempo en F\u00edsica Cu\u00e1ntica<\/a><\/strong><\/td>\n<td width=\"668\">Rafael Ayala<\/td>\n<\/tr>\n<tr>\n<td width=\"3\"><\/td>\n<td width=\"44\"><strong>43<\/strong><\/td>\n<td width=\"416\"><strong><a href=\"https:\/\/www.ivoox.com\/origen-navidad-audios-mp3_rf_80091199_1.html\" target=\"_blank\" rel=\"noopener\">El origen de la Navidad<\/a><\/strong><\/td>\n<td width=\"668\">Francisco D\u00edez de Velasco<\/td>\n<\/tr>\n<\/tbody>\n<\/table>\n<p>[\/vc_column_text][\/vc_column][\/vc_row]<\/p>\n","protected":false},"excerpt":{"rendered":"<p>[vc_row][vc_column][vc_custom_heading source=\u00bbpost_title\u00bb google_fonts=\u00bbfont_family:Roboto%20Slab%3A100%2C300%2Cregular%2C700|font_style:700%20bold%20regular%3A700%3Anormal\u00bb css=\u00bb.vc_custom_1610032504907{margin-bottom: 5px !important;border-bottom-width: 5px !important;padding-bottom: 5px !important;}\u00bb][vc_column_text]A continuaci\u00f3n se recoge los programas realizados durante la temporada 2021:[\/vc_column_text][\/vc_column][\/vc_row][vc_row][vc_column][vc_column_text] \u00a0 \u00a0 Programa Invitado\/a \u00a0 01 Meditaci\u00f3n y cerebro Sergio El\u00edas Hern\u00e1ndez \u00a0 02 Las vacunas contra la COVID-19 Agust\u00edn Valenzuela \u00a0 03 Un tesoro vegetal llamado Herbario Marta Sans\u00f3n y Cristina Gonz\u00e1lez. \u00a0 04&#8230;<\/p>\n","protected":false},"author":56,"featured_media":0,"parent":2428,"menu_order":0,"comment_status":"closed","ping_status":"closed","template":"","meta":{"inline_featured_image":false,"footnotes":""},"acf":[],"yoast_head":"<!-- This site is optimized with the Yoast SEO plugin v21.3 - https:\/\/yoast.com\/wordpress\/plugins\/seo\/ -->\n<title>Temporada 2021 -<\/title>\n<meta name=\"robots\" content=\"index, follow, max-snippet:-1, max-image-preview:large, max-video-preview:-1\" \/>\n<link rel=\"canonical\" href=\"https:\/\/www.ull.es\/portal\/cienciaull\/doblehelice3-0\/temporada-2021\/\" \/>\n<meta property=\"og:locale\" content=\"es_ES\" \/>\n<meta property=\"og:type\" content=\"article\" \/>\n<meta property=\"og:title\" content=\"Temporada 2021 -\" \/>\n<meta property=\"og:description\" content=\"[vc_row][vc_column][vc_custom_heading source=\u00bbpost_title\u00bb google_fonts=\u00bbfont_family:Roboto%20Slab%3A100%2C300%2Cregular%2C700|font_style:700%20bold%20regular%3A700%3Anormal\u00bb css=\u00bb.vc_custom_1610032504907{margin-bottom: 5px !important;border-bottom-width: 5px !important;padding-bottom: 5px !important;}\u00bb][vc_column_text]A continuaci\u00f3n se recoge los programas realizados durante la temporada 2021:[\/vc_column_text][\/vc_column][\/vc_row][vc_row][vc_column][vc_column_text] \u00a0 \u00a0 Programa Invitado\/a \u00a0 01 Meditaci\u00f3n y cerebro Sergio El\u00edas Hern\u00e1ndez \u00a0 02 Las vacunas contra la COVID-19 Agust\u00edn Valenzuela \u00a0 03 Un tesoro vegetal llamado Herbario Marta Sans\u00f3n y Cristina Gonz\u00e1lez. \u00a0 04...\" \/>\n<meta property=\"og:url\" content=\"https:\/\/www.ull.es\/portal\/cienciaull\/doblehelice3-0\/temporada-2021\/\" \/>\n<meta property=\"article:publisher\" content=\"https:\/\/www.facebook.com\/CienciaULL\/\" \/>\n<meta name=\"twitter:card\" content=\"summary_large_image\" \/>\n<meta name=\"twitter:site\" content=\"@CienciaULL\" \/>\n<meta name=\"twitter:label1\" content=\"Tiempo de lectura\" \/>\n\t<meta name=\"twitter:data1\" content=\"2 minutos\" \/>\n<script type=\"application\/ld+json\" class=\"yoast-schema-graph\">{\"@context\":\"https:\/\/schema.org\",\"@graph\":[{\"@type\":\"WebPage\",\"@id\":\"https:\/\/www.ull.es\/portal\/cienciaull\/doblehelice3-0\/temporada-2021\/\",\"url\":\"https:\/\/www.ull.es\/portal\/cienciaull\/doblehelice3-0\/temporada-2021\/\",\"name\":\"Temporada 2021 -\",\"isPartOf\":{\"@id\":\"https:\/\/www.ull.es\/portal\/cienciaull\/#website\"},\"datePublished\":\"2025-10-01T12:38:59+00:00\",\"dateModified\":\"2025-10-01T12:38:59+00:00\",\"breadcrumb\":{\"@id\":\"https:\/\/www.ull.es\/portal\/cienciaull\/doblehelice3-0\/temporada-2021\/#breadcrumb\"},\"inLanguage\":\"es\",\"potentialAction\":[{\"@type\":\"ReadAction\",\"target\":[\"https:\/\/www.ull.es\/portal\/cienciaull\/doblehelice3-0\/temporada-2021\/\"]}]},{\"@type\":\"BreadcrumbList\",\"@id\":\"https:\/\/www.ull.es\/portal\/cienciaull\/doblehelice3-0\/temporada-2021\/#breadcrumb\",\"itemListElement\":[{\"@type\":\"ListItem\",\"position\":1,\"name\":\"Portada\",\"item\":\"https:\/\/www.ull.es\/portal\/cienciaull\/\"},{\"@type\":\"ListItem\",\"position\":2,\"name\":\"Doble H\u00e9lice 3.0\",\"item\":\"https:\/\/www.ull.es\/portal\/cienciaull\/doblehelice3-0\/\"},{\"@type\":\"ListItem\",\"position\":3,\"name\":\"Temporada 2021\"}]},{\"@type\":\"WebSite\",\"@id\":\"https:\/\/www.ull.es\/portal\/cienciaull\/#website\",\"url\":\"https:\/\/www.ull.es\/portal\/cienciaull\/\",\"name\":\"\",\"description\":\"Unidad de Cultura Cient\u00edfica y de la Innovaci\u00f3n de la Universidad de La Laguna\",\"potentialAction\":[{\"@type\":\"SearchAction\",\"target\":{\"@type\":\"EntryPoint\",\"urlTemplate\":\"https:\/\/www.ull.es\/portal\/cienciaull\/?s={search_term_string}\"},\"query-input\":\"required name=search_term_string\"}],\"inLanguage\":\"es\"}]}<\/script>\n<!-- \/ Yoast SEO plugin. -->","yoast_head_json":{"title":"Temporada 2021 -","robots":{"index":"index","follow":"follow","max-snippet":"max-snippet:-1","max-image-preview":"max-image-preview:large","max-video-preview":"max-video-preview:-1"},"canonical":"https:\/\/www.ull.es\/portal\/cienciaull\/doblehelice3-0\/temporada-2021\/","og_locale":"es_ES","og_type":"article","og_title":"Temporada 2021 -","og_description":"[vc_row][vc_column][vc_custom_heading source=\u00bbpost_title\u00bb google_fonts=\u00bbfont_family:Roboto%20Slab%3A100%2C300%2Cregular%2C700|font_style:700%20bold%20regular%3A700%3Anormal\u00bb css=\u00bb.vc_custom_1610032504907{margin-bottom: 5px !important;border-bottom-width: 5px !important;padding-bottom: 5px !important;}\u00bb][vc_column_text]A continuaci\u00f3n se recoge los programas realizados durante la temporada 2021:[\/vc_column_text][\/vc_column][\/vc_row][vc_row][vc_column][vc_column_text] \u00a0 \u00a0 Programa Invitado\/a \u00a0 01 Meditaci\u00f3n y cerebro Sergio El\u00edas Hern\u00e1ndez \u00a0 02 Las vacunas contra la COVID-19 Agust\u00edn Valenzuela \u00a0 03 Un tesoro vegetal llamado Herbario Marta Sans\u00f3n y Cristina Gonz\u00e1lez. \u00a0 04...","og_url":"https:\/\/www.ull.es\/portal\/cienciaull\/doblehelice3-0\/temporada-2021\/","article_publisher":"https:\/\/www.facebook.com\/CienciaULL\/","twitter_card":"summary_large_image","twitter_site":"@CienciaULL","twitter_misc":{"Tiempo de lectura":"2 minutos"},"schema":{"@context":"https:\/\/schema.org","@graph":[{"@type":"WebPage","@id":"https:\/\/www.ull.es\/portal\/cienciaull\/doblehelice3-0\/temporada-2021\/","url":"https:\/\/www.ull.es\/portal\/cienciaull\/doblehelice3-0\/temporada-2021\/","name":"Temporada 2021 -","isPartOf":{"@id":"https:\/\/www.ull.es\/portal\/cienciaull\/#website"},"datePublished":"2025-10-01T12:38:59+00:00","dateModified":"2025-10-01T12:38:59+00:00","breadcrumb":{"@id":"https:\/\/www.ull.es\/portal\/cienciaull\/doblehelice3-0\/temporada-2021\/#breadcrumb"},"inLanguage":"es","potentialAction":[{"@type":"ReadAction","target":["https:\/\/www.ull.es\/portal\/cienciaull\/doblehelice3-0\/temporada-2021\/"]}]},{"@type":"BreadcrumbList","@id":"https:\/\/www.ull.es\/portal\/cienciaull\/doblehelice3-0\/temporada-2021\/#breadcrumb","itemListElement":[{"@type":"ListItem","position":1,"name":"Portada","item":"https:\/\/www.ull.es\/portal\/cienciaull\/"},{"@type":"ListItem","position":2,"name":"Doble H\u00e9lice 3.0","item":"https:\/\/www.ull.es\/portal\/cienciaull\/doblehelice3-0\/"},{"@type":"ListItem","position":3,"name":"Temporada 2021"}]},{"@type":"WebSite","@id":"https:\/\/www.ull.es\/portal\/cienciaull\/#website","url":"https:\/\/www.ull.es\/portal\/cienciaull\/","name":"","description":"Unidad de Cultura Cient\u00edfica y de la Innovaci\u00f3n de la Universidad de La Laguna","potentialAction":[{"@type":"SearchAction","target":{"@type":"EntryPoint","urlTemplate":"https:\/\/www.ull.es\/portal\/cienciaull\/?s={search_term_string}"},"query-input":"required name=search_term_string"}],"inLanguage":"es"}]}},"_links":{"self":[{"href":"https:\/\/www.ull.es\/portal\/cienciaull\/wp-json\/wp\/v2\/pages\/10711"}],"collection":[{"href":"https:\/\/www.ull.es\/portal\/cienciaull\/wp-json\/wp\/v2\/pages"}],"about":[{"href":"https:\/\/www.ull.es\/portal\/cienciaull\/wp-json\/wp\/v2\/types\/page"}],"author":[{"embeddable":true,"href":"https:\/\/www.ull.es\/portal\/cienciaull\/wp-json\/wp\/v2\/users\/56"}],"replies":[{"embeddable":true,"href":"https:\/\/www.ull.es\/portal\/cienciaull\/wp-json\/wp\/v2\/comments?post=10711"}],"version-history":[{"count":21,"href":"https:\/\/www.ull.es\/portal\/cienciaull\/wp-json\/wp\/v2\/pages\/10711\/revisions"}],"predecessor-version":[{"id":26454,"href":"https:\/\/www.ull.es\/portal\/cienciaull\/wp-json\/wp\/v2\/pages\/10711\/revisions\/26454"}],"up":[{"embeddable":true,"href":"https:\/\/www.ull.es\/portal\/cienciaull\/wp-json\/wp\/v2\/pages\/2428"}],"wp:attachment":[{"href":"https:\/\/www.ull.es\/portal\/cienciaull\/wp-json\/wp\/v2\/media?parent=10711"}],"curies":[{"name":"wp","href":"https:\/\/api.w.org\/{rel}","templated":true}]}}