{"id":11326,"date":"2021-04-21T09:22:47","date_gmt":"2021-04-21T09:22:47","guid":{"rendered":"https:\/\/www.ull.es\/portal\/cienciaull\/?page_id=11326"},"modified":"2021-05-17T15:16:40","modified_gmt":"2021-05-17T15:16:40","slug":"feria-de-las-vocaciones-cientificas-y-profesionales-de-canarias","status":"publish","type":"page","link":"https:\/\/www.ull.es\/portal\/cienciaull\/feria-de-las-vocaciones-cientificas-y-profesionales-de-canarias\/","title":{"rendered":"VIII Feria de las Vocaciones Cient\u00edficas y Profesionales de Canarias"},"content":{"rendered":"<p>[vc_row][vc_column][vc_single_image image=\u00bb11444&#8243; img_size=\u00bb1300&#215;500&#8243; css=\u00bb.vc_custom_1619396718240{margin-bottom: 0px !important;margin-left: 0px !important;border-bottom-width: 0px !important;padding-bottom: 0px !important;}\u00bb][vc_separator color=\u00bbsky\u00bb border_width=\u00bb10&#8243;][\/vc_column][\/vc_row][vc_row][vc_column width=\u00bb2\/3&#8243;][vc_row_inner][vc_column_inner][vc_empty_space height=\u00bb30px\u00bb][vc_custom_heading text=\u00bbPresentaci\u00f3n\u00bb google_fonts=\u00bbfont_family:Roboto%20Slab%3A100%2C300%2Cregular%2C700|font_style:700%20bold%20regular%3A700%3Anormal\u00bb css=\u00bb.vc_custom_1619399733537{margin-bottom: 10px !important;border-bottom-width: 10px !important;padding-bottom: 10px !important;}\u00bb][vc_column_text]<\/p>\n<p style=\"text-align: justify\">Desde el a\u00f1o 2014, la Universidad de La Laguna (ULL) y su Fundaci\u00f3n General (FGULL), a \u00a0trav\u00e9s de su Unidad de Cultura Cient\u00edfica y la Innovaci\u00f3n (Cienci@ULL), a\u00fanan fuerzas para \u00a0fomentar las vocaciones cient\u00edficas y profesionales en el alumnado de Canarias, mediante \u00a0la realizaci\u00f3n de diferentes acciones orientadas a potenciar su cultura cient\u00edfica.<\/p>\n<p style=\"text-align: justify\">Una de estas acciones es la <b>Feria<\/b><b> de<\/b><b> las<\/b> <b>Vocaciones<\/b> <b>Cient\u00edficas<\/b> <b>y<\/b> <b>Profesionales<\/b> <b>de <\/b><b>\u00a0Canarias<\/b> que se celebra cada a\u00f1o, con m\u00e1s de 2000 participantes, y que tiene como \u00a0principal objetivo <strong>\u201c<\/strong><b>incrementar <\/b><b>el <\/b><b>inter\u00e9s <\/b><b>de <\/b><b>los y las <\/b><b>j\u00f3venes <\/b><b>por <\/b><b>la <\/b><b>ciencia, <\/b><b>la <\/b><b>tecnolog\u00eda, <\/b><b>\u00a0<\/b><b>la <\/b><b>innovaci\u00f3n <\/b><b>y el <\/b><b>emprendimiento para <\/b><b>el <\/b><b>desarrollo <\/b><b>de <\/b><b>su futuro <\/b><b>profesional\u201d<\/b><b>, <\/b>con la \u00a0realizaci\u00f3n, durante dos d\u00edas, de un programa de actividades divulgativas (talleres, charlas cient\u00edficas, stand demostrativos,&#8230;) dirigidas, \u00a0principalmente, al alumnado escolar y en la que colaboran diferentes agentes: centros \u00a0escolares, empresas, organismos de investigaci\u00f3n, entidades p\u00fablicas\u2026\u2026<\/p>\n<p style=\"text-align: justify\">En esta octava edici\u00f3n la Feria, se desarrollar\u00e1 en modalidad semi-presencial, debido a las restricciones de seguridad establecidas para la prevenci\u00f3n del Covid-19, mediante las plataformas Google.meet y YouTube, esta \u00faltima para las actividades abiertas a p\u00fablico general. Cuenta con la colaboraci\u00f3n de la <span style=\"color: #99ccff\"><a style=\"color: #99ccff\" href=\"https:\/\/www.gobiernodecanarias.org\/eucd\/consejeria\/\" target=\"_blank\" rel=\"noopener\"><span style=\"color: #3366ff\">Direcci\u00f3n General de Ordenaci\u00f3n, Innovaci\u00f3n y Calidad de la Consejer\u00eda de Educaci\u00f3n, Universidades y Deportes del Gobierno de Canarias<\/span><\/a><\/span>, la <span style=\"color: #008000\"><a style=\"color: #008000\" href=\"https:\/\/www.fundaciondisa.org\/\" target=\"_blank\" rel=\"noopener\">Fundaci\u00f3n DISA<\/a><\/span> y el <span style=\"color: #333399\"><a style=\"color: #333399\" href=\"https:\/\/www.ull.es\/servicios\/otri\/\" target=\"_blank\" rel=\"noopener\">Vicerrectorado de Investigaci\u00f3n y Transferencia de la Universidad de La Laguna<\/a><\/span>.<\/p>\n<p style=\"text-align: justify\">Esta actividad est\u00e1 dirigida, principalmente, al alumnado de ESO, Bachillerato y Formaci\u00f3n Profesional de los centros escolares de Canarias.<\/p>\n<p>Podr\u00e1s seguir la apertura de evento, el pr\u00f3ximo 24 de mayo de 2021, de 9:00 a 9:30 h, desde la zona de directos.[\/vc_column_text][\/vc_column_inner][\/vc_row_inner][vc_empty_space height=\u00bb30px\u00bb][vc_btn title=\u00bbZona de directos\u00bb color=\u00bbwarning\u00bb align=\u00bbcenter\u00bb link=\u00bburl:https%3A%2F%2Fwww.ull.es%2Fportal%2Fcienciaull%2Fzona-de-directos-2%2F\u00bb][\/vc_column][vc_column width=\u00bb1\/3&#8243;][vc_empty_space height=\u00bb88px\u00bb][vc_btn title=\u00bbObjetivos\u00bb color=\u00bbwarning\u00bb size=\u00bblg\u00bb align=\u00bbcenter\u00bb button_block=\u00bbtrue\u00bb css=\u00bb.vc_custom_1619399508568{margin-bottom: 5px !important;border-bottom-width: 5px !important;padding-bottom: 5px !important;}\u00bb link=\u00bburl:https%3A%2F%2Fwww.ull.es%2Fportal%2Fcienciaull%2Fviii-feria-de-las-vocaciones-cientificas-y-profesionales-de-canarias-2%2Fobjetivos%2F\u00bb][vc_btn title=\u00bbPrograma de Actividades\u00bb color=\u00bbsuccess\u00bb size=\u00bblg\u00bb align=\u00bbcenter\u00bb button_block=\u00bbtrue\u00bb css=\u00bb.vc_custom_1619401780875{margin-bottom: 5px !important;border-bottom-width: 5px !important;padding-bottom: 5px !important;}\u00bb link=\u00bburl:https%3A%2F%2Fwww.ull.es%2Fportal%2Fcienciaull%2Fviii-feria-de-las-vocaciones-cientificas-y-profesionales-de-canarias-2%2Fprograma-de-actividades-2%2F\u00bb][vc_btn title=\u00bbInscripci\u00f3n\u00bb color=\u00bbdanger\u00bb size=\u00bblg\u00bb align=\u00bbcenter\u00bb button_block=\u00bbtrue\u00bb css=\u00bb.vc_custom_1619396857860{margin-bottom: 5px !important;border-bottom-width: 5px !important;padding-bottom: 5px !important;}\u00bb link=\u00bburl:https%3A%2F%2Fwww.ull.es%2Fportal%2Fcienciaull%2Fferia-de-las-vocaciones-cientificas-y-profesionales-de-canarias%2Finscripcion%2F\u00bb][vc_btn title=\u00bbLaboratorio Virtual\u00bb color=\u00bbsky\u00bb size=\u00bblg\u00bb align=\u00bbcenter\u00bb button_block=\u00bbtrue\u00bb css=\u00bb.vc_custom_1619395619694{margin-bottom: 5px !important;border-bottom-width: 5px !important;padding-bottom: 5px !important;}\u00bb link=\u00bburl:https%3A%2F%2Fwww.ull.es%2Fportal%2Fcienciaull%2Flaboratorio-virtual%2F\u00bb][vc_btn title=\u00bbEdici\u00f3n Pasada\u00bb color=\u00bbviolet\u00bb size=\u00bblg\u00bb align=\u00bbcenter\u00bb button_block=\u00bbtrue\u00bb link=\u00bburl:https%3A%2F%2Fwww.ull.es%2Fportal%2Fcienciaull%2Fferia-de-las-vocaciones-cientifica-y-profesionales-de-canarias-2020%2F\u00bb css=\u00bb.vc_custom_1620742097141{margin-bottom: 5px !important;border-bottom-width: 5px !important;padding-bottom: 5px !important;}\u00bb][\/vc_column][\/vc_row]<\/p>\n","protected":false},"excerpt":{"rendered":"<p>[vc_row][vc_column][vc_single_image image=\u00bb11444&#8243; img_size=\u00bb1300&#215;500&#8243; css=\u00bb.vc_custom_1619396718240{margin-bottom: 0px !important;margin-left: 0px !important;border-bottom-width: 0px !important;padding-bottom: 0px !important;}\u00bb][vc_separator color=\u00bbsky\u00bb border_width=\u00bb10&#8243;][\/vc_column][\/vc_row][vc_row][vc_column width=\u00bb2\/3&#8243;][vc_row_inner][vc_column_inner][vc_empty_space height=\u00bb30px\u00bb][vc_custom_heading text=\u00bbPresentaci\u00f3n\u00bb google_fonts=\u00bbfont_family:Roboto%20Slab%3A100%2C300%2Cregular%2C700|font_style:700%20bold%20regular%3A700%3Anormal\u00bb css=\u00bb.vc_custom_1619399733537{margin-bottom: 10px !important;border-bottom-width: 10px !important;padding-bottom: 10px !important;}\u00bb][vc_column_text] Desde el a\u00f1o 2014, la Universidad de La Laguna (ULL) y su Fundaci\u00f3n General (FGULL), a \u00a0trav\u00e9s de su Unidad de Cultura Cient\u00edfica y la Innovaci\u00f3n (Cienci@ULL), a\u00fanan fuerzas para&#8230;<\/p>\n","protected":false},"author":56,"featured_media":0,"parent":0,"menu_order":0,"comment_status":"closed","ping_status":"closed","template":"templates\/cienciaull.php","meta":{"inline_featured_image":false,"footnotes":""},"acf":[],"yoast_head":"<!-- This site is optimized with the Yoast SEO plugin v21.3 - https:\/\/yoast.com\/wordpress\/plugins\/seo\/ -->\n<title>VIII Feria de las Vocaciones Cient\u00edficas y Profesionales de Canarias -<\/title>\n<meta name=\"robots\" content=\"index, follow, max-snippet:-1, max-image-preview:large, max-video-preview:-1\" \/>\n<link rel=\"canonical\" href=\"https:\/\/www.ull.es\/portal\/cienciaull\/feria-de-las-vocaciones-cientificas-y-profesionales-de-canarias\/\" \/>\n<meta property=\"og:locale\" content=\"es_ES\" \/>\n<meta property=\"og:type\" content=\"article\" \/>\n<meta property=\"og:title\" content=\"VIII Feria de las Vocaciones Cient\u00edficas y Profesionales de Canarias -\" \/>\n<meta property=\"og:description\" content=\"[vc_row][vc_column][vc_single_image image=\u00bb11444&#8243; img_size=\u00bb1300&#215;500&#8243; css=\u00bb.vc_custom_1619396718240{margin-bottom: 0px !important;margin-left: 0px !important;border-bottom-width: 0px !important;padding-bottom: 0px !important;}\u00bb][vc_separator color=\u00bbsky\u00bb border_width=\u00bb10&#8243;][\/vc_column][\/vc_row][vc_row][vc_column width=\u00bb2\/3&#8243;][vc_row_inner][vc_column_inner][vc_empty_space height=\u00bb30px\u00bb][vc_custom_heading text=\u00bbPresentaci\u00f3n\u00bb google_fonts=\u00bbfont_family:Roboto%20Slab%3A100%2C300%2Cregular%2C700|font_style:700%20bold%20regular%3A700%3Anormal\u00bb css=\u00bb.vc_custom_1619399733537{margin-bottom: 10px !important;border-bottom-width: 10px !important;padding-bottom: 10px !important;}\u00bb][vc_column_text] Desde el a\u00f1o 2014, la Universidad de La Laguna (ULL) y su Fundaci\u00f3n General (FGULL), a \u00a0trav\u00e9s de su Unidad de Cultura Cient\u00edfica y la Innovaci\u00f3n (Cienci@ULL), a\u00fanan fuerzas para...\" \/>\n<meta property=\"og:url\" content=\"https:\/\/www.ull.es\/portal\/cienciaull\/feria-de-las-vocaciones-cientificas-y-profesionales-de-canarias\/\" \/>\n<meta property=\"article:publisher\" content=\"https:\/\/www.facebook.com\/CienciaULL\/\" \/>\n<meta property=\"article:modified_time\" content=\"2021-05-17T15:16:40+00:00\" \/>\n<meta name=\"twitter:card\" content=\"summary_large_image\" \/>\n<meta name=\"twitter:site\" content=\"@CienciaULL\" \/>\n<meta name=\"twitter:label1\" content=\"Tiempo de lectura\" \/>\n\t<meta name=\"twitter:data1\" content=\"2 minutos\" \/>\n<script type=\"application\/ld+json\" class=\"yoast-schema-graph\">{\"@context\":\"https:\/\/schema.org\",\"@graph\":[{\"@type\":\"WebPage\",\"@id\":\"https:\/\/www.ull.es\/portal\/cienciaull\/feria-de-las-vocaciones-cientificas-y-profesionales-de-canarias\/\",\"url\":\"https:\/\/www.ull.es\/portal\/cienciaull\/feria-de-las-vocaciones-cientificas-y-profesionales-de-canarias\/\",\"name\":\"VIII Feria de las Vocaciones Cient\u00edficas y Profesionales de Canarias -\",\"isPartOf\":{\"@id\":\"https:\/\/www.ull.es\/portal\/cienciaull\/#website\"},\"datePublished\":\"2021-04-21T09:22:47+00:00\",\"dateModified\":\"2021-05-17T15:16:40+00:00\",\"breadcrumb\":{\"@id\":\"https:\/\/www.ull.es\/portal\/cienciaull\/feria-de-las-vocaciones-cientificas-y-profesionales-de-canarias\/#breadcrumb\"},\"inLanguage\":\"es\",\"potentialAction\":[{\"@type\":\"ReadAction\",\"target\":[\"https:\/\/www.ull.es\/portal\/cienciaull\/feria-de-las-vocaciones-cientificas-y-profesionales-de-canarias\/\"]}]},{\"@type\":\"BreadcrumbList\",\"@id\":\"https:\/\/www.ull.es\/portal\/cienciaull\/feria-de-las-vocaciones-cientificas-y-profesionales-de-canarias\/#breadcrumb\",\"itemListElement\":[{\"@type\":\"ListItem\",\"position\":1,\"name\":\"Portada\",\"item\":\"https:\/\/www.ull.es\/portal\/cienciaull\/\"},{\"@type\":\"ListItem\",\"position\":2,\"name\":\"VIII Feria de las Vocaciones Cient\u00edficas y Profesionales de Canarias\"}]},{\"@type\":\"WebSite\",\"@id\":\"https:\/\/www.ull.es\/portal\/cienciaull\/#website\",\"url\":\"https:\/\/www.ull.es\/portal\/cienciaull\/\",\"name\":\"\",\"description\":\"Unidad de Cultura Cient\u00edfica y de la Innovaci\u00f3n de la Universidad de La Laguna\",\"potentialAction\":[{\"@type\":\"SearchAction\",\"target\":{\"@type\":\"EntryPoint\",\"urlTemplate\":\"https:\/\/www.ull.es\/portal\/cienciaull\/?s={search_term_string}\"},\"query-input\":\"required name=search_term_string\"}],\"inLanguage\":\"es\"}]}<\/script>\n<!-- \/ Yoast SEO plugin. -->","yoast_head_json":{"title":"VIII Feria de las Vocaciones Cient\u00edficas y Profesionales de Canarias -","robots":{"index":"index","follow":"follow","max-snippet":"max-snippet:-1","max-image-preview":"max-image-preview:large","max-video-preview":"max-video-preview:-1"},"canonical":"https:\/\/www.ull.es\/portal\/cienciaull\/feria-de-las-vocaciones-cientificas-y-profesionales-de-canarias\/","og_locale":"es_ES","og_type":"article","og_title":"VIII Feria de las Vocaciones Cient\u00edficas y Profesionales de Canarias -","og_description":"[vc_row][vc_column][vc_single_image image=\u00bb11444&#8243; img_size=\u00bb1300&#215;500&#8243; css=\u00bb.vc_custom_1619396718240{margin-bottom: 0px !important;margin-left: 0px !important;border-bottom-width: 0px !important;padding-bottom: 0px !important;}\u00bb][vc_separator color=\u00bbsky\u00bb border_width=\u00bb10&#8243;][\/vc_column][\/vc_row][vc_row][vc_column width=\u00bb2\/3&#8243;][vc_row_inner][vc_column_inner][vc_empty_space height=\u00bb30px\u00bb][vc_custom_heading text=\u00bbPresentaci\u00f3n\u00bb google_fonts=\u00bbfont_family:Roboto%20Slab%3A100%2C300%2Cregular%2C700|font_style:700%20bold%20regular%3A700%3Anormal\u00bb css=\u00bb.vc_custom_1619399733537{margin-bottom: 10px !important;border-bottom-width: 10px !important;padding-bottom: 10px !important;}\u00bb][vc_column_text] Desde el a\u00f1o 2014, la Universidad de La Laguna (ULL) y su Fundaci\u00f3n General (FGULL), a \u00a0trav\u00e9s de su Unidad de Cultura Cient\u00edfica y la Innovaci\u00f3n (Cienci@ULL), a\u00fanan fuerzas para...","og_url":"https:\/\/www.ull.es\/portal\/cienciaull\/feria-de-las-vocaciones-cientificas-y-profesionales-de-canarias\/","article_publisher":"https:\/\/www.facebook.com\/CienciaULL\/","article_modified_time":"2021-05-17T15:16:40+00:00","twitter_card":"summary_large_image","twitter_site":"@CienciaULL","twitter_misc":{"Tiempo de lectura":"2 minutos"},"schema":{"@context":"https:\/\/schema.org","@graph":[{"@type":"WebPage","@id":"https:\/\/www.ull.es\/portal\/cienciaull\/feria-de-las-vocaciones-cientificas-y-profesionales-de-canarias\/","url":"https:\/\/www.ull.es\/portal\/cienciaull\/feria-de-las-vocaciones-cientificas-y-profesionales-de-canarias\/","name":"VIII Feria de las Vocaciones Cient\u00edficas y Profesionales de Canarias -","isPartOf":{"@id":"https:\/\/www.ull.es\/portal\/cienciaull\/#website"},"datePublished":"2021-04-21T09:22:47+00:00","dateModified":"2021-05-17T15:16:40+00:00","breadcrumb":{"@id":"https:\/\/www.ull.es\/portal\/cienciaull\/feria-de-las-vocaciones-cientificas-y-profesionales-de-canarias\/#breadcrumb"},"inLanguage":"es","potentialAction":[{"@type":"ReadAction","target":["https:\/\/www.ull.es\/portal\/cienciaull\/feria-de-las-vocaciones-cientificas-y-profesionales-de-canarias\/"]}]},{"@type":"BreadcrumbList","@id":"https:\/\/www.ull.es\/portal\/cienciaull\/feria-de-las-vocaciones-cientificas-y-profesionales-de-canarias\/#breadcrumb","itemListElement":[{"@type":"ListItem","position":1,"name":"Portada","item":"https:\/\/www.ull.es\/portal\/cienciaull\/"},{"@type":"ListItem","position":2,"name":"VIII Feria de las Vocaciones Cient\u00edficas y Profesionales de Canarias"}]},{"@type":"WebSite","@id":"https:\/\/www.ull.es\/portal\/cienciaull\/#website","url":"https:\/\/www.ull.es\/portal\/cienciaull\/","name":"","description":"Unidad de Cultura Cient\u00edfica y de la Innovaci\u00f3n de la Universidad de La Laguna","potentialAction":[{"@type":"SearchAction","target":{"@type":"EntryPoint","urlTemplate":"https:\/\/www.ull.es\/portal\/cienciaull\/?s={search_term_string}"},"query-input":"required name=search_term_string"}],"inLanguage":"es"}]}},"_links":{"self":[{"href":"https:\/\/www.ull.es\/portal\/cienciaull\/wp-json\/wp\/v2\/pages\/11326"}],"collection":[{"href":"https:\/\/www.ull.es\/portal\/cienciaull\/wp-json\/wp\/v2\/pages"}],"about":[{"href":"https:\/\/www.ull.es\/portal\/cienciaull\/wp-json\/wp\/v2\/types\/page"}],"author":[{"embeddable":true,"href":"https:\/\/www.ull.es\/portal\/cienciaull\/wp-json\/wp\/v2\/users\/56"}],"replies":[{"embeddable":true,"href":"https:\/\/www.ull.es\/portal\/cienciaull\/wp-json\/wp\/v2\/comments?post=11326"}],"version-history":[{"count":89,"href":"https:\/\/www.ull.es\/portal\/cienciaull\/wp-json\/wp\/v2\/pages\/11326\/revisions"}],"predecessor-version":[{"id":11656,"href":"https:\/\/www.ull.es\/portal\/cienciaull\/wp-json\/wp\/v2\/pages\/11326\/revisions\/11656"}],"wp:attachment":[{"href":"https:\/\/www.ull.es\/portal\/cienciaull\/wp-json\/wp\/v2\/media?parent=11326"}],"curies":[{"name":"wp","href":"https:\/\/api.w.org\/{rel}","templated":true}]}}