{"id":11436,"date":"2021-04-26T00:13:09","date_gmt":"2021-04-26T00:13:09","guid":{"rendered":"https:\/\/www.ull.es\/portal\/cienciaull\/?page_id=11436"},"modified":"2021-05-17T12:53:01","modified_gmt":"2021-05-17T12:53:01","slug":"inscripcion","status":"publish","type":"page","link":"https:\/\/www.ull.es\/portal\/cienciaull\/feria-de-las-vocaciones-cientificas-y-profesionales-de-canarias\/inscripcion\/","title":{"rendered":"Inscripci\u00f3n"},"content":{"rendered":"<p>[vc_row][vc_column][vc_single_image image=\u00bb11444&#8243; img_size=\u00bb1300&#215;500&#8243; css=\u00bb.vc_custom_1619397362061{margin-bottom: 0px !important;border-bottom-width: 0px !important;padding-bottom: 0px !important;}\u00bb][vc_separator color=\u00bbsky\u00bb border_width=\u00bb10&#8243;][\/vc_column][\/vc_row][vc_row][vc_column width=\u00bb2\/3&#8243;][vc_empty_space height=\u00bb30px\u00bb][vc_custom_heading text=\u00bbInscripci\u00f3n\u00bb google_fonts=\u00bbfont_family:Roboto%20Slab%3A100%2C300%2Cregular%2C700|font_style:700%20bold%20regular%3A700%3Anormal\u00bb css=\u00bb.vc_custom_1619401005270{margin-bottom: 10px !important;border-bottom-width: 10px !important;padding-bottom: 10px !important;}\u00bb][vc_column_text]<\/p>\n<div>\n<p style=\"text-align: justify\">Si quiere participar con su centro escolar s\u00f3lo tiene que inscribirse en el siguiente formulario antes del 9 de mayo del 2021 o hasta completar aforo. Consultar resoluci\u00f3n de la Consejer\u00eda de Educaci\u00f3n, Universidades, Cultura y Deportes aqu\u00ed:<\/p>\n<\/div>\n<p>[\/vc_column_text][vc_btn title=\u00bbResoluci\u00f3n\u00bb color=\u00bbpurple\u00bb size=\u00bblg\u00bb align=\u00bbcenter\u00bb link=\u00bburl:%20https%3A%2F%2Fwww.gobiernodecanarias.org%2Feducacion%2Fweb%2Fprogramas-redes-educativas%2Fprogramas-educativos%2Fsteam%2Fconvocatorias%2Fferia-vocaciones-cientificas-y-profesionales%2F\u00bb][vc_raw_html]JTNDaWZyYW1lJTIwc3JjJTNEJTIyaHR0cHMlM0ElMkYlMkZkb2NzLmdvb2dsZS5jb20lMkZmb3JtcyUyRmQlMkZlJTJGMUZBSXBRTFNjRkNsejc5V1YyaFJoRi1SQ3ZvdTAyN0VXNDRjb2xzSk11T1NaY0U0ZjBCMlZYSEElMkZ2aWV3Zm9ybSUzRmVtYmVkZGVkJTNEdHJ1ZSUyMiUyMHdpZHRoJTNEJTIyNzcwJTIyJTIwaGVpZ2h0JTNEJTIyMTgyMCUyMiUyMGZyYW1lYm9yZGVyJTNEJTIyMCUyMiUyMG1hcmdpbmhlaWdodCUzRCUyMjAlMjIlMjBtYXJnaW53aWR0aCUzRCUyMjAlMjIlM0VDYXJnYW5kbyVFMiU4MCVBNiUzQyUyRmlmcmFtZSUzRQ==[\/vc_raw_html][\/vc_column][vc_column width=\u00bb1\/3&#8243;][vc_empty_space height=\u00bb88px\u00bb][vc_btn title=\u00bbPresentaci\u00f3n\u00bb color=\u00bbprimary\u00bb size=\u00bblg\u00bb align=\u00bbcenter\u00bb button_block=\u00bbtrue\u00bb link=\u00bburl:https%3A%2F%2Fwww.ull.es%2Fportal%2Fcienciaull%2Fferia-de-las-vocaciones-cientificas-y-profesionales-de-canarias%2F\u00bb css=\u00bb.vc_custom_1619397446626{margin-bottom: 5px !important;border-bottom-width: 5px !important;padding-bottom: 5px !important;}\u00bb][vc_btn title=\u00bbObjetivos\u00bb color=\u00bbwarning\u00bb size=\u00bblg\u00bb align=\u00bbcenter\u00bb button_block=\u00bbtrue\u00bb css=\u00bb.vc_custom_1619399546671{margin-bottom: 5px !important;border-bottom-width: 5px !important;padding-bottom: 5px !important;}\u00bb link=\u00bburl:https%3A%2F%2Fwww.ull.es%2Fportal%2Fcienciaull%2Fviii-feria-de-las-vocaciones-cientificas-y-profesionales-de-canarias-2%2Fobjetivos%2F\u00bb][vc_btn title=\u00bbPrograma de actividades\u00bb color=\u00bbsuccess\u00bb size=\u00bblg\u00bb align=\u00bbcenter\u00bb button_block=\u00bbtrue\u00bb css=\u00bb.vc_custom_1619401869440{margin-bottom: 5px !important;border-bottom-width: 5px !important;padding-bottom: 5px !important;}\u00bb link=\u00bburl:https%3A%2F%2Fwww.ull.es%2Fportal%2Fcienciaull%2Fviii-feria-de-las-vocaciones-cientificas-y-profesionales-de-canarias-2%2Fprograma-de-actividades-2%2F\u00bb][vc_btn title=\u00bbLaboratorio Virtual\u00bb color=\u00bbdanger\u00bb size=\u00bblg\u00bb align=\u00bbcenter\u00bb button_block=\u00bbtrue\u00bb css=\u00bb.vc_custom_1619398270858{margin-bottom: 5px !important;border-bottom-width: 5px !important;padding-bottom: 5px !important;}\u00bb link=\u00bburl:https%3A%2F%2Fwww.ull.es%2Fportal%2Fcienciaull%2Flaboratorio-virtual%2F\u00bb][vc_btn title=\u00bbEdici\u00f3n Pasada\u00bb color=\u00bbviolet\u00bb size=\u00bblg\u00bb align=\u00bbcenter\u00bb button_block=\u00bbtrue\u00bb link=\u00bburl:https%3A%2F%2Fwww.ull.es%2Fportal%2Fcienciaull%2Fferia-de-las-vocaciones-cientifica-y-profesionales-de-canarias-2020%2F\u00bb css=\u00bb.vc_custom_1620744915353{margin-bottom: 5px !important;border-bottom-width: 5px !important;padding-bottom: 5px !important;}\u00bb][vc_separator][vc_btn title=\u00bbListado provisional de los centros participantes\u00bb color=\u00bborange\u00bb size=\u00bblg\u00bb align=\u00bbcenter\u00bb button_block=\u00bbtrue\u00bb link=\u00bburl:https%3A%2F%2Fwww.gobiernodecanarias.org%2Fcmsweb%2Fexport%2Fsites%2Feducacion%2Fweb%2F_galerias%2Fdescargas%2Fnormativa-internas%2Fresolucion-946-listado-provisional-feria-vocaciones-cientificas-2021.pdf\u00bb css=\u00bb.vc_custom_1621255979498{margin-bottom: 5px !important;border-bottom-width: 5px !important;padding-bottom: 5px !important;}\u00bb][vc_btn title=\u00bbListado definitivo de los centros participantes\u00bb color=\u00bbinfo\u00bb size=\u00bblg\u00bb align=\u00bbcenter\u00bb button_block=\u00bbtrue\u00bb link=\u00bburl:https%3A%2F%2Fwww.gobiernodecanarias.org%2Fcmsweb%2Fexport%2Fsites%2Feducacion%2Fweb%2F_galerias%2Fdescargas%2Fnormativa-internas%2Fresolucion-960-listado-definitivo-feria-vocaciones-cientificas-y-profesionales-de-canarias-2021.pdf\u00bb css=\u00bb.vc_custom_1621255742709{margin-bottom: 5px !important;border-bottom-width: 5px !important;padding-bottom: 5px !important;}\u00bb][\/vc_column][\/vc_row]<\/p>\n","protected":false},"excerpt":{"rendered":"<p>[vc_row][vc_column][vc_single_image image=\u00bb11444&#8243; img_size=\u00bb1300&#215;500&#8243; css=\u00bb.vc_custom_1619397362061{margin-bottom: 0px !important;border-bottom-width: 0px !important;padding-bottom: 0px !important;}\u00bb][vc_separator color=\u00bbsky\u00bb border_width=\u00bb10&#8243;][\/vc_column][\/vc_row][vc_row][vc_column width=\u00bb2\/3&#8243;][vc_empty_space height=\u00bb30px\u00bb][vc_custom_heading text=\u00bbInscripci\u00f3n\u00bb google_fonts=\u00bbfont_family:Roboto%20Slab%3A100%2C300%2Cregular%2C700|font_style:700%20bold%20regular%3A700%3Anormal\u00bb css=\u00bb.vc_custom_1619401005270{margin-bottom: 10px !important;border-bottom-width: 10px !important;padding-bottom: 10px !important;}\u00bb][vc_column_text] Si quiere participar con su centro escolar s\u00f3lo tiene que inscribirse en el siguiente formulario antes del 9 de mayo del 2021 o hasta completar aforo. Consultar resoluci\u00f3n de la Consejer\u00eda de&#8230;<\/p>\n","protected":false},"author":56,"featured_media":0,"parent":11326,"menu_order":0,"comment_status":"closed","ping_status":"closed","template":"templates\/cienciaull.php","meta":{"inline_featured_image":false,"footnotes":""},"acf":[],"yoast_head":"<!-- This site is optimized with the Yoast SEO plugin v21.3 - https:\/\/yoast.com\/wordpress\/plugins\/seo\/ -->\n<title>Inscripci\u00f3n -<\/title>\n<meta name=\"robots\" content=\"index, follow, max-snippet:-1, max-image-preview:large, max-video-preview:-1\" \/>\n<link rel=\"canonical\" href=\"https:\/\/www.ull.es\/portal\/cienciaull\/feria-de-las-vocaciones-cientificas-y-profesionales-de-canarias\/inscripcion\/\" \/>\n<meta property=\"og:locale\" content=\"es_ES\" \/>\n<meta property=\"og:type\" content=\"article\" \/>\n<meta property=\"og:title\" content=\"Inscripci\u00f3n -\" \/>\n<meta property=\"og:description\" content=\"[vc_row][vc_column][vc_single_image image=\u00bb11444&#8243; img_size=\u00bb1300&#215;500&#8243; css=\u00bb.vc_custom_1619397362061{margin-bottom: 0px !important;border-bottom-width: 0px !important;padding-bottom: 0px !important;}\u00bb][vc_separator color=\u00bbsky\u00bb border_width=\u00bb10&#8243;][\/vc_column][\/vc_row][vc_row][vc_column width=\u00bb2\/3&#8243;][vc_empty_space height=\u00bb30px\u00bb][vc_custom_heading text=\u00bbInscripci\u00f3n\u00bb google_fonts=\u00bbfont_family:Roboto%20Slab%3A100%2C300%2Cregular%2C700|font_style:700%20bold%20regular%3A700%3Anormal\u00bb css=\u00bb.vc_custom_1619401005270{margin-bottom: 10px !important;border-bottom-width: 10px !important;padding-bottom: 10px !important;}\u00bb][vc_column_text] Si quiere participar con su centro escolar s\u00f3lo tiene que inscribirse en el siguiente formulario antes del 9 de mayo del 2021 o hasta completar aforo. Consultar resoluci\u00f3n de la Consejer\u00eda de...\" \/>\n<meta property=\"og:url\" content=\"https:\/\/www.ull.es\/portal\/cienciaull\/feria-de-las-vocaciones-cientificas-y-profesionales-de-canarias\/inscripcion\/\" \/>\n<meta property=\"article:publisher\" content=\"https:\/\/www.facebook.com\/CienciaULL\/\" \/>\n<meta property=\"article:modified_time\" content=\"2021-05-17T12:53:01+00:00\" \/>\n<meta name=\"twitter:card\" content=\"summary_large_image\" \/>\n<meta name=\"twitter:site\" content=\"@CienciaULL\" \/>\n<meta name=\"twitter:label1\" content=\"Tiempo de lectura\" \/>\n\t<meta name=\"twitter:data1\" content=\"1 minuto\" \/>\n<script type=\"application\/ld+json\" class=\"yoast-schema-graph\">{\"@context\":\"https:\/\/schema.org\",\"@graph\":[{\"@type\":\"WebPage\",\"@id\":\"https:\/\/www.ull.es\/portal\/cienciaull\/feria-de-las-vocaciones-cientificas-y-profesionales-de-canarias\/inscripcion\/\",\"url\":\"https:\/\/www.ull.es\/portal\/cienciaull\/feria-de-las-vocaciones-cientificas-y-profesionales-de-canarias\/inscripcion\/\",\"name\":\"Inscripci\u00f3n -\",\"isPartOf\":{\"@id\":\"https:\/\/www.ull.es\/portal\/cienciaull\/#website\"},\"datePublished\":\"2021-04-26T00:13:09+00:00\",\"dateModified\":\"2021-05-17T12:53:01+00:00\",\"breadcrumb\":{\"@id\":\"https:\/\/www.ull.es\/portal\/cienciaull\/feria-de-las-vocaciones-cientificas-y-profesionales-de-canarias\/inscripcion\/#breadcrumb\"},\"inLanguage\":\"es\",\"potentialAction\":[{\"@type\":\"ReadAction\",\"target\":[\"https:\/\/www.ull.es\/portal\/cienciaull\/feria-de-las-vocaciones-cientificas-y-profesionales-de-canarias\/inscripcion\/\"]}]},{\"@type\":\"BreadcrumbList\",\"@id\":\"https:\/\/www.ull.es\/portal\/cienciaull\/feria-de-las-vocaciones-cientificas-y-profesionales-de-canarias\/inscripcion\/#breadcrumb\",\"itemListElement\":[{\"@type\":\"ListItem\",\"position\":1,\"name\":\"Portada\",\"item\":\"https:\/\/www.ull.es\/portal\/cienciaull\/\"},{\"@type\":\"ListItem\",\"position\":2,\"name\":\"VIII Feria de las Vocaciones Cient\u00edficas y Profesionales de Canarias\",\"item\":\"https:\/\/www.ull.es\/portal\/cienciaull\/feria-de-las-vocaciones-cientificas-y-profesionales-de-canarias\/\"},{\"@type\":\"ListItem\",\"position\":3,\"name\":\"Inscripci\u00f3n\"}]},{\"@type\":\"WebSite\",\"@id\":\"https:\/\/www.ull.es\/portal\/cienciaull\/#website\",\"url\":\"https:\/\/www.ull.es\/portal\/cienciaull\/\",\"name\":\"\",\"description\":\"Unidad de Cultura Cient\u00edfica y de la Innovaci\u00f3n de la Universidad de La Laguna\",\"potentialAction\":[{\"@type\":\"SearchAction\",\"target\":{\"@type\":\"EntryPoint\",\"urlTemplate\":\"https:\/\/www.ull.es\/portal\/cienciaull\/?s={search_term_string}\"},\"query-input\":\"required name=search_term_string\"}],\"inLanguage\":\"es\"}]}<\/script>\n<!-- \/ Yoast SEO plugin. -->","yoast_head_json":{"title":"Inscripci\u00f3n -","robots":{"index":"index","follow":"follow","max-snippet":"max-snippet:-1","max-image-preview":"max-image-preview:large","max-video-preview":"max-video-preview:-1"},"canonical":"https:\/\/www.ull.es\/portal\/cienciaull\/feria-de-las-vocaciones-cientificas-y-profesionales-de-canarias\/inscripcion\/","og_locale":"es_ES","og_type":"article","og_title":"Inscripci\u00f3n -","og_description":"[vc_row][vc_column][vc_single_image image=\u00bb11444&#8243; img_size=\u00bb1300&#215;500&#8243; css=\u00bb.vc_custom_1619397362061{margin-bottom: 0px !important;border-bottom-width: 0px !important;padding-bottom: 0px !important;}\u00bb][vc_separator color=\u00bbsky\u00bb border_width=\u00bb10&#8243;][\/vc_column][\/vc_row][vc_row][vc_column width=\u00bb2\/3&#8243;][vc_empty_space height=\u00bb30px\u00bb][vc_custom_heading text=\u00bbInscripci\u00f3n\u00bb google_fonts=\u00bbfont_family:Roboto%20Slab%3A100%2C300%2Cregular%2C700|font_style:700%20bold%20regular%3A700%3Anormal\u00bb css=\u00bb.vc_custom_1619401005270{margin-bottom: 10px !important;border-bottom-width: 10px !important;padding-bottom: 10px !important;}\u00bb][vc_column_text] Si quiere participar con su centro escolar s\u00f3lo tiene que inscribirse en el siguiente formulario antes del 9 de mayo del 2021 o hasta completar aforo. Consultar resoluci\u00f3n de la Consejer\u00eda de...","og_url":"https:\/\/www.ull.es\/portal\/cienciaull\/feria-de-las-vocaciones-cientificas-y-profesionales-de-canarias\/inscripcion\/","article_publisher":"https:\/\/www.facebook.com\/CienciaULL\/","article_modified_time":"2021-05-17T12:53:01+00:00","twitter_card":"summary_large_image","twitter_site":"@CienciaULL","twitter_misc":{"Tiempo de lectura":"1 minuto"},"schema":{"@context":"https:\/\/schema.org","@graph":[{"@type":"WebPage","@id":"https:\/\/www.ull.es\/portal\/cienciaull\/feria-de-las-vocaciones-cientificas-y-profesionales-de-canarias\/inscripcion\/","url":"https:\/\/www.ull.es\/portal\/cienciaull\/feria-de-las-vocaciones-cientificas-y-profesionales-de-canarias\/inscripcion\/","name":"Inscripci\u00f3n -","isPartOf":{"@id":"https:\/\/www.ull.es\/portal\/cienciaull\/#website"},"datePublished":"2021-04-26T00:13:09+00:00","dateModified":"2021-05-17T12:53:01+00:00","breadcrumb":{"@id":"https:\/\/www.ull.es\/portal\/cienciaull\/feria-de-las-vocaciones-cientificas-y-profesionales-de-canarias\/inscripcion\/#breadcrumb"},"inLanguage":"es","potentialAction":[{"@type":"ReadAction","target":["https:\/\/www.ull.es\/portal\/cienciaull\/feria-de-las-vocaciones-cientificas-y-profesionales-de-canarias\/inscripcion\/"]}]},{"@type":"BreadcrumbList","@id":"https:\/\/www.ull.es\/portal\/cienciaull\/feria-de-las-vocaciones-cientificas-y-profesionales-de-canarias\/inscripcion\/#breadcrumb","itemListElement":[{"@type":"ListItem","position":1,"name":"Portada","item":"https:\/\/www.ull.es\/portal\/cienciaull\/"},{"@type":"ListItem","position":2,"name":"VIII Feria de las Vocaciones Cient\u00edficas y Profesionales de Canarias","item":"https:\/\/www.ull.es\/portal\/cienciaull\/feria-de-las-vocaciones-cientificas-y-profesionales-de-canarias\/"},{"@type":"ListItem","position":3,"name":"Inscripci\u00f3n"}]},{"@type":"WebSite","@id":"https:\/\/www.ull.es\/portal\/cienciaull\/#website","url":"https:\/\/www.ull.es\/portal\/cienciaull\/","name":"","description":"Unidad de Cultura Cient\u00edfica y de la Innovaci\u00f3n de la Universidad de La Laguna","potentialAction":[{"@type":"SearchAction","target":{"@type":"EntryPoint","urlTemplate":"https:\/\/www.ull.es\/portal\/cienciaull\/?s={search_term_string}"},"query-input":"required name=search_term_string"}],"inLanguage":"es"}]}},"_links":{"self":[{"href":"https:\/\/www.ull.es\/portal\/cienciaull\/wp-json\/wp\/v2\/pages\/11436"}],"collection":[{"href":"https:\/\/www.ull.es\/portal\/cienciaull\/wp-json\/wp\/v2\/pages"}],"about":[{"href":"https:\/\/www.ull.es\/portal\/cienciaull\/wp-json\/wp\/v2\/types\/page"}],"author":[{"embeddable":true,"href":"https:\/\/www.ull.es\/portal\/cienciaull\/wp-json\/wp\/v2\/users\/56"}],"replies":[{"embeddable":true,"href":"https:\/\/www.ull.es\/portal\/cienciaull\/wp-json\/wp\/v2\/comments?post=11436"}],"version-history":[{"count":43,"href":"https:\/\/www.ull.es\/portal\/cienciaull\/wp-json\/wp\/v2\/pages\/11436\/revisions"}],"predecessor-version":[{"id":11756,"href":"https:\/\/www.ull.es\/portal\/cienciaull\/wp-json\/wp\/v2\/pages\/11436\/revisions\/11756"}],"up":[{"embeddable":true,"href":"https:\/\/www.ull.es\/portal\/cienciaull\/wp-json\/wp\/v2\/pages\/11326"}],"wp:attachment":[{"href":"https:\/\/www.ull.es\/portal\/cienciaull\/wp-json\/wp\/v2\/media?parent=11436"}],"curies":[{"name":"wp","href":"https:\/\/api.w.org\/{rel}","templated":true}]}}