{"id":11464,"date":"2021-04-26T00:58:02","date_gmt":"2021-04-26T00:58:02","guid":{"rendered":"https:\/\/www.ull.es\/portal\/cienciaull\/?page_id=11464"},"modified":"2021-04-26T01:50:31","modified_gmt":"2021-04-26T01:50:31","slug":"objetivos","status":"publish","type":"page","link":"https:\/\/www.ull.es\/portal\/cienciaull\/viii-feria-de-las-vocaciones-cientificas-y-profesionales-de-canarias-2\/objetivos\/","title":{"rendered":"Objetivos"},"content":{"rendered":"<p>[vc_row][vc_column][vc_single_image image=\u00bb11444&#8243; img_size=\u00bb1300&#215;500&#8243; css=\u00bb.vc_custom_1619398771585{margin-bottom: 0px !important;border-bottom-width: 0px !important;padding-bottom: 0px !important;}\u00bb][\/vc_column][\/vc_row][vc_row][vc_column][vc_separator color=\u00bbsky\u00bb border_width=\u00bb10&#8243;][\/vc_column][\/vc_row][vc_row][vc_column width=\u00bb2\/3&#8243;][vc_empty_space height=\u00bb30px\u00bb][vc_custom_heading text=\u00bbObjetivos\u00bb google_fonts=\u00bbfont_family:Roboto%20Slab%3A100%2C300%2Cregular%2C700|font_style:700%20bold%20regular%3A700%3Anormal\u00bb css=\u00bb.vc_custom_1619400106385{margin-bottom: 10px !important;border-bottom-width: 10px !important;padding-bottom: 10px !important;}\u00bb][vc_column_text]<\/p>\n<p style=\"text-align: justify\">Los objetivos espec\u00edficos que se persiguen con el desarrollo de esta actividad son:<\/p>\n<p>[\/vc_column_text][vc_message message_box_color=\u00bbgreen\u00bb icon_type=\u00bbtypicons\u00bb icon_typicons=\u00bbtypcn typcn-star\u00bb]<\/p>\n<p style=\"text-align: justify\"><span style=\"color: #008000\">Sembrar la curiosidad cient\u00edfica en aquellos estudiantes de los \u00faltimos niveles educativos<\/span> que no han identificado su vocaci\u00f3n profesional.<\/p>\n<p>[\/vc_message][vc_message message_box_color=\u00bbsky\u00bb icon_type=\u00bbtypicons\u00bb icon_typicons=\u00bbtypcn typcn-location-arrow-outline\u00bb]<\/p>\n<p style=\"text-align: justify\"><span style=\"color: #3498db\">Mejorar la cultura y conocimientos cient\u00edficos de la sociedad, en especial del alumnado de secundaria, bachillerato y formaci\u00f3n profesional<\/span>, a trav\u00e9s de la difusi\u00f3n y divulgaci\u00f3n de la actividad investigadora generada en la ULL u otros centros de I+D.<\/p>\n<p>[\/vc_message][vc_message message_box_color=\u00bbviolet\u00bb icon_type=\u00bbtypicons\u00bb icon_typicons=\u00bbtypcn typcn-starburst-outline\u00bb]<\/p>\n<p style=\"text-align: justify\"><span style=\"color: #333399\">Potenciar la creatividad, el emprendimiento y el talento innovador del alumnado de secundaria, bachillerato y formaci\u00f3n profesional<\/span>, mediante la organizaci\u00f3n de talleres, charlas cient\u00edficas y concursos.<\/p>\n<p>[\/vc_message][vc_message message_box_color=\u00bbalert-danger\u00bb icon_type=\u00bbtypicons\u00bb icon_typicons=\u00bbtypcn typcn-spanner\u00bb]<span style=\"color: #ff99cc\">Facilitar la labor de orientaci\u00f3n entre el alumnado de secundaria y formaci\u00f3n profesional<\/span>, a trav\u00e9s de diferentes actuaciones que resuelvan las dudas y cuestiones que se le plantean al alumnado en momentos decisivos de elecci\u00f3n de \u00e1reas de \u00a0estudio, carreras, etc.[\/vc_message][vc_message message_box_color=\u00bbwarning\u00bb icon_type=\u00bbtypicons\u00bb icon_typicons=\u00bbtypcn typcn-arrow-sync\u00bb]<span style=\"color: #ffcc00\">Fomentar el inter\u00e9s y compromiso de los centros educativos y las entidades locales<\/span> con respecto a iniciativas complementarias a su formaci\u00f3n.[\/vc_message][vc_message message_box_color=\u00bbchino\u00bb icon_type=\u00bbtypicons\u00bb icon_typicons=\u00bbtypcn typcn-user-add\u00bb]Potenciar la interacci\u00f3n entre los diferentes agentes implicados: centros escolares, empresas, organismos de investigaci\u00f3n, entidades p\u00fablicas\u2026.[\/vc_message][\/vc_column][vc_column width=\u00bb1\/3&#8243;][vc_empty_space height=\u00bb88px\u00bb][vc_btn title=\u00bbPresentaci\u00f3n\u00bb color=\u00bbprimary\u00bb size=\u00bblg\u00bb align=\u00bbcenter\u00bb button_block=\u00bbtrue\u00bb link=\u00bburl:https%3A%2F%2Fwww.ull.es%2Fportal%2Fcienciaull%2Fferia-de-las-vocaciones-cientificas-y-profesionales-de-canarias%2F\u00bb css=\u00bb.vc_custom_1619399064635{margin-bottom: 5px !important;border-bottom-width: 5px !important;padding-bottom: 5px !important;}\u00bb][vc_btn title=\u00bbPrograma de Actividades\u00bb color=\u00bbsuccess\u00bb size=\u00bblg\u00bb align=\u00bbcenter\u00bb button_block=\u00bbtrue\u00bb css=\u00bb.vc_custom_1619401826869{margin-bottom: 5px !important;border-bottom-width: 5px !important;padding-bottom: 5px !important;}\u00bb link=\u00bburl:https%3A%2F%2Fwww.ull.es%2Fportal%2Fcienciaull%2Fviii-feria-de-las-vocaciones-cientificas-y-profesionales-de-canarias-2%2Fprograma-de-actividades-2%2F\u00bb][vc_btn title=\u00bbInscripci\u00f3n\u00bb color=\u00bbdanger\u00bb size=\u00bblg\u00bb align=\u00bbcenter\u00bb button_block=\u00bbtrue\u00bb link=\u00bburl:https%3A%2F%2Fwww.ull.es%2Fportal%2Fcienciaull%2Fferia-de-las-vocaciones-cientificas-y-profesionales-de-canarias%2Finscripcion%2F\u00bb css=\u00bb.vc_custom_1619399450147{margin-bottom: 5px !important;border-bottom-width: 5px !important;padding-bottom: 5px !important;}\u00bb][vc_btn title=\u00bbLaboratorio Virtual\u00bb color=\u00bbwarning\u00bb size=\u00bblg\u00bb align=\u00bbcenter\u00bb button_block=\u00bbtrue\u00bb link=\u00bburl:https%3A%2F%2Fwww.ull.es%2Fportal%2Fcienciaull%2Flaboratorio-virtual%2F\u00bb css=\u00bb.vc_custom_1619399463503{margin-bottom: 5px !important;border-bottom-width: 5px !important;padding-bottom: 5px !important;}\u00bb][vc_btn title=\u00bbEdici\u00f3n Pasada\u00bb color=\u00bbviolet\u00bb size=\u00bblg\u00bb align=\u00bbcenter\u00bb button_block=\u00bbtrue\u00bb link=\u00bburl:https%3A%2F%2Fwww.ull.es%2Fportal%2Fcienciaull%2Fferia-de-las-vocaciones-cientifica-y-profesionales-de-canarias-2020%2F\u00bb][\/vc_column][\/vc_row]<\/p>\n","protected":false},"excerpt":{"rendered":"<p>[vc_row][vc_column][vc_single_image image=\u00bb11444&#8243; img_size=\u00bb1300&#215;500&#8243; css=\u00bb.vc_custom_1619398771585{margin-bottom: 0px !important;border-bottom-width: 0px !important;padding-bottom: 0px !important;}\u00bb][\/vc_column][\/vc_row][vc_row][vc_column][vc_separator color=\u00bbsky\u00bb border_width=\u00bb10&#8243;][\/vc_column][\/vc_row][vc_row][vc_column width=\u00bb2\/3&#8243;][vc_empty_space height=\u00bb30px\u00bb][vc_custom_heading text=\u00bbObjetivos\u00bb google_fonts=\u00bbfont_family:Roboto%20Slab%3A100%2C300%2Cregular%2C700|font_style:700%20bold%20regular%3A700%3Anormal\u00bb css=\u00bb.vc_custom_1619400106385{margin-bottom: 10px !important;border-bottom-width: 10px !important;padding-bottom: 10px !important;}\u00bb][vc_column_text] Los objetivos espec\u00edficos que se persiguen con el desarrollo de esta actividad son: [\/vc_column_text][vc_message message_box_color=\u00bbgreen\u00bb icon_type=\u00bbtypicons\u00bb icon_typicons=\u00bbtypcn typcn-star\u00bb] Sembrar la curiosidad cient\u00edfica en aquellos estudiantes de los \u00faltimos niveles educativos que no&#8230;<\/p>\n","protected":false},"author":56,"featured_media":0,"parent":11330,"menu_order":0,"comment_status":"closed","ping_status":"closed","template":"templates\/cienciaull.php","meta":{"inline_featured_image":false,"footnotes":""},"acf":[],"yoast_head":"<!-- This site is optimized with the Yoast SEO plugin v21.3 - https:\/\/yoast.com\/wordpress\/plugins\/seo\/ -->\n<title>Objetivos -<\/title>\n<meta name=\"robots\" content=\"index, follow, max-snippet:-1, max-image-preview:large, max-video-preview:-1\" \/>\n<link rel=\"canonical\" href=\"https:\/\/www.ull.es\/portal\/cienciaull\/viii-feria-de-las-vocaciones-cientificas-y-profesionales-de-canarias-2\/objetivos\/\" \/>\n<meta property=\"og:locale\" content=\"es_ES\" \/>\n<meta property=\"og:type\" content=\"article\" \/>\n<meta property=\"og:title\" content=\"Objetivos -\" \/>\n<meta property=\"og:description\" content=\"[vc_row][vc_column][vc_single_image image=\u00bb11444&#8243; img_size=\u00bb1300&#215;500&#8243; css=\u00bb.vc_custom_1619398771585{margin-bottom: 0px !important;border-bottom-width: 0px !important;padding-bottom: 0px !important;}\u00bb][\/vc_column][\/vc_row][vc_row][vc_column][vc_separator color=\u00bbsky\u00bb border_width=\u00bb10&#8243;][\/vc_column][\/vc_row][vc_row][vc_column width=\u00bb2\/3&#8243;][vc_empty_space height=\u00bb30px\u00bb][vc_custom_heading text=\u00bbObjetivos\u00bb google_fonts=\u00bbfont_family:Roboto%20Slab%3A100%2C300%2Cregular%2C700|font_style:700%20bold%20regular%3A700%3Anormal\u00bb css=\u00bb.vc_custom_1619400106385{margin-bottom: 10px !important;border-bottom-width: 10px !important;padding-bottom: 10px !important;}\u00bb][vc_column_text] Los objetivos espec\u00edficos que se persiguen con el desarrollo de esta actividad son: [\/vc_column_text][vc_message message_box_color=\u00bbgreen\u00bb icon_type=\u00bbtypicons\u00bb icon_typicons=\u00bbtypcn typcn-star\u00bb] Sembrar la curiosidad cient\u00edfica en aquellos estudiantes de los \u00faltimos niveles educativos que no...\" \/>\n<meta property=\"og:url\" content=\"https:\/\/www.ull.es\/portal\/cienciaull\/viii-feria-de-las-vocaciones-cientificas-y-profesionales-de-canarias-2\/objetivos\/\" \/>\n<meta property=\"article:publisher\" content=\"https:\/\/www.facebook.com\/CienciaULL\/\" \/>\n<meta property=\"article:modified_time\" content=\"2021-04-26T01:50:31+00:00\" \/>\n<meta name=\"twitter:card\" content=\"summary_large_image\" \/>\n<meta name=\"twitter:site\" content=\"@CienciaULL\" \/>\n<meta name=\"twitter:label1\" content=\"Tiempo de lectura\" \/>\n\t<meta name=\"twitter:data1\" content=\"2 minutos\" \/>\n<script type=\"application\/ld+json\" class=\"yoast-schema-graph\">{\"@context\":\"https:\/\/schema.org\",\"@graph\":[{\"@type\":\"WebPage\",\"@id\":\"https:\/\/www.ull.es\/portal\/cienciaull\/viii-feria-de-las-vocaciones-cientificas-y-profesionales-de-canarias-2\/objetivos\/\",\"url\":\"https:\/\/www.ull.es\/portal\/cienciaull\/viii-feria-de-las-vocaciones-cientificas-y-profesionales-de-canarias-2\/objetivos\/\",\"name\":\"Objetivos -\",\"isPartOf\":{\"@id\":\"https:\/\/www.ull.es\/portal\/cienciaull\/#website\"},\"datePublished\":\"2021-04-26T00:58:02+00:00\",\"dateModified\":\"2021-04-26T01:50:31+00:00\",\"breadcrumb\":{\"@id\":\"https:\/\/www.ull.es\/portal\/cienciaull\/viii-feria-de-las-vocaciones-cientificas-y-profesionales-de-canarias-2\/objetivos\/#breadcrumb\"},\"inLanguage\":\"es\",\"potentialAction\":[{\"@type\":\"ReadAction\",\"target\":[\"https:\/\/www.ull.es\/portal\/cienciaull\/viii-feria-de-las-vocaciones-cientificas-y-profesionales-de-canarias-2\/objetivos\/\"]}]},{\"@type\":\"BreadcrumbList\",\"@id\":\"https:\/\/www.ull.es\/portal\/cienciaull\/viii-feria-de-las-vocaciones-cientificas-y-profesionales-de-canarias-2\/objetivos\/#breadcrumb\",\"itemListElement\":[{\"@type\":\"ListItem\",\"position\":1,\"name\":\"Portada\",\"item\":\"https:\/\/www.ull.es\/portal\/cienciaull\/\"},{\"@type\":\"ListItem\",\"position\":2,\"name\":\"VIII Feria de las Vocaciones Cient\u00edficas y Profesionales de Canarias\",\"item\":\"https:\/\/www.ull.es\/portal\/cienciaull\/viii-feria-de-las-vocaciones-cientificas-y-profesionales-de-canarias-2\/\"},{\"@type\":\"ListItem\",\"position\":3,\"name\":\"Objetivos\"}]},{\"@type\":\"WebSite\",\"@id\":\"https:\/\/www.ull.es\/portal\/cienciaull\/#website\",\"url\":\"https:\/\/www.ull.es\/portal\/cienciaull\/\",\"name\":\"\",\"description\":\"Unidad de Cultura Cient\u00edfica y de la Innovaci\u00f3n de la Universidad de La Laguna\",\"potentialAction\":[{\"@type\":\"SearchAction\",\"target\":{\"@type\":\"EntryPoint\",\"urlTemplate\":\"https:\/\/www.ull.es\/portal\/cienciaull\/?s={search_term_string}\"},\"query-input\":\"required name=search_term_string\"}],\"inLanguage\":\"es\"}]}<\/script>\n<!-- \/ Yoast SEO plugin. -->","yoast_head_json":{"title":"Objetivos -","robots":{"index":"index","follow":"follow","max-snippet":"max-snippet:-1","max-image-preview":"max-image-preview:large","max-video-preview":"max-video-preview:-1"},"canonical":"https:\/\/www.ull.es\/portal\/cienciaull\/viii-feria-de-las-vocaciones-cientificas-y-profesionales-de-canarias-2\/objetivos\/","og_locale":"es_ES","og_type":"article","og_title":"Objetivos -","og_description":"[vc_row][vc_column][vc_single_image image=\u00bb11444&#8243; img_size=\u00bb1300&#215;500&#8243; css=\u00bb.vc_custom_1619398771585{margin-bottom: 0px !important;border-bottom-width: 0px !important;padding-bottom: 0px !important;}\u00bb][\/vc_column][\/vc_row][vc_row][vc_column][vc_separator color=\u00bbsky\u00bb border_width=\u00bb10&#8243;][\/vc_column][\/vc_row][vc_row][vc_column width=\u00bb2\/3&#8243;][vc_empty_space height=\u00bb30px\u00bb][vc_custom_heading text=\u00bbObjetivos\u00bb google_fonts=\u00bbfont_family:Roboto%20Slab%3A100%2C300%2Cregular%2C700|font_style:700%20bold%20regular%3A700%3Anormal\u00bb css=\u00bb.vc_custom_1619400106385{margin-bottom: 10px !important;border-bottom-width: 10px !important;padding-bottom: 10px !important;}\u00bb][vc_column_text] Los objetivos espec\u00edficos que se persiguen con el desarrollo de esta actividad son: [\/vc_column_text][vc_message message_box_color=\u00bbgreen\u00bb icon_type=\u00bbtypicons\u00bb icon_typicons=\u00bbtypcn typcn-star\u00bb] Sembrar la curiosidad cient\u00edfica en aquellos estudiantes de los \u00faltimos niveles educativos que no...","og_url":"https:\/\/www.ull.es\/portal\/cienciaull\/viii-feria-de-las-vocaciones-cientificas-y-profesionales-de-canarias-2\/objetivos\/","article_publisher":"https:\/\/www.facebook.com\/CienciaULL\/","article_modified_time":"2021-04-26T01:50:31+00:00","twitter_card":"summary_large_image","twitter_site":"@CienciaULL","twitter_misc":{"Tiempo de lectura":"2 minutos"},"schema":{"@context":"https:\/\/schema.org","@graph":[{"@type":"WebPage","@id":"https:\/\/www.ull.es\/portal\/cienciaull\/viii-feria-de-las-vocaciones-cientificas-y-profesionales-de-canarias-2\/objetivos\/","url":"https:\/\/www.ull.es\/portal\/cienciaull\/viii-feria-de-las-vocaciones-cientificas-y-profesionales-de-canarias-2\/objetivos\/","name":"Objetivos -","isPartOf":{"@id":"https:\/\/www.ull.es\/portal\/cienciaull\/#website"},"datePublished":"2021-04-26T00:58:02+00:00","dateModified":"2021-04-26T01:50:31+00:00","breadcrumb":{"@id":"https:\/\/www.ull.es\/portal\/cienciaull\/viii-feria-de-las-vocaciones-cientificas-y-profesionales-de-canarias-2\/objetivos\/#breadcrumb"},"inLanguage":"es","potentialAction":[{"@type":"ReadAction","target":["https:\/\/www.ull.es\/portal\/cienciaull\/viii-feria-de-las-vocaciones-cientificas-y-profesionales-de-canarias-2\/objetivos\/"]}]},{"@type":"BreadcrumbList","@id":"https:\/\/www.ull.es\/portal\/cienciaull\/viii-feria-de-las-vocaciones-cientificas-y-profesionales-de-canarias-2\/objetivos\/#breadcrumb","itemListElement":[{"@type":"ListItem","position":1,"name":"Portada","item":"https:\/\/www.ull.es\/portal\/cienciaull\/"},{"@type":"ListItem","position":2,"name":"VIII Feria de las Vocaciones Cient\u00edficas y Profesionales de Canarias","item":"https:\/\/www.ull.es\/portal\/cienciaull\/viii-feria-de-las-vocaciones-cientificas-y-profesionales-de-canarias-2\/"},{"@type":"ListItem","position":3,"name":"Objetivos"}]},{"@type":"WebSite","@id":"https:\/\/www.ull.es\/portal\/cienciaull\/#website","url":"https:\/\/www.ull.es\/portal\/cienciaull\/","name":"","description":"Unidad de Cultura Cient\u00edfica y de la Innovaci\u00f3n de la Universidad de La Laguna","potentialAction":[{"@type":"SearchAction","target":{"@type":"EntryPoint","urlTemplate":"https:\/\/www.ull.es\/portal\/cienciaull\/?s={search_term_string}"},"query-input":"required name=search_term_string"}],"inLanguage":"es"}]}},"_links":{"self":[{"href":"https:\/\/www.ull.es\/portal\/cienciaull\/wp-json\/wp\/v2\/pages\/11464"}],"collection":[{"href":"https:\/\/www.ull.es\/portal\/cienciaull\/wp-json\/wp\/v2\/pages"}],"about":[{"href":"https:\/\/www.ull.es\/portal\/cienciaull\/wp-json\/wp\/v2\/types\/page"}],"author":[{"embeddable":true,"href":"https:\/\/www.ull.es\/portal\/cienciaull\/wp-json\/wp\/v2\/users\/56"}],"replies":[{"embeddable":true,"href":"https:\/\/www.ull.es\/portal\/cienciaull\/wp-json\/wp\/v2\/comments?post=11464"}],"version-history":[{"count":18,"href":"https:\/\/www.ull.es\/portal\/cienciaull\/wp-json\/wp\/v2\/pages\/11464\/revisions"}],"predecessor-version":[{"id":11513,"href":"https:\/\/www.ull.es\/portal\/cienciaull\/wp-json\/wp\/v2\/pages\/11464\/revisions\/11513"}],"up":[{"embeddable":true,"href":"https:\/\/www.ull.es\/portal\/cienciaull\/wp-json\/wp\/v2\/pages\/11330"}],"wp:attachment":[{"href":"https:\/\/www.ull.es\/portal\/cienciaull\/wp-json\/wp\/v2\/media?parent=11464"}],"curies":[{"name":"wp","href":"https:\/\/api.w.org\/{rel}","templated":true}]}}