{"id":11501,"date":"2021-04-26T01:44:13","date_gmt":"2021-04-26T01:44:13","guid":{"rendered":"https:\/\/www.ull.es\/portal\/cienciaull\/?page_id=11501"},"modified":"2021-05-21T09:10:36","modified_gmt":"2021-05-21T09:10:36","slug":"programa-de-actividades-2","status":"publish","type":"page","link":"https:\/\/www.ull.es\/portal\/cienciaull\/viii-feria-de-las-vocaciones-cientificas-y-profesionales-de-canarias-2\/programa-de-actividades-2\/","title":{"rendered":"Programa de Actividades"},"content":{"rendered":"<p>[vc_row][vc_column][vc_single_image image=\u00bb11444&#8243; img_size=\u00bb1300&#215;500&#8243;][vc_separator color=\u00bbsky\u00bb border_width=\u00bb10&#8243;][\/vc_column][\/vc_row][vc_row][vc_column width=\u00bb2\/3&#8243;][vc_empty_space height=\u00bb30px\u00bb][vc_custom_heading text=\u00bbPrograma de Actividades\u00bb google_fonts=\u00bbfont_family:Roboto%20Slab%3A100%2C300%2Cregular%2C700|font_style:700%20bold%20regular%3A700%3Anormal\u00bb css=\u00bb.vc_custom_1619402237359{margin-bottom: 10px !important;border-bottom-width: 10px !important;padding-bottom: 10px !important;}\u00bb][vc_column_text]<\/p>\n<p style=\"text-align: justify\">En esta octava edici\u00f3n, la Feria se desarrollar\u00e1 en modalidad semipresencial, debido a las restricciones de seguridad establecidas para la prevenci\u00f3n de la Covid-19, mediante las plataformas Google Meet y YouTube, esta \u00faltima para las actividades abiertas a p\u00fablico general. Y se compone de las siguientes actividades:<\/p>\n<p>[\/vc_column_text][vc_empty_space height=\u00bb15px\u00bb][vc_column_text]<\/p>\n<p style=\"text-align: justify\"><span style=\"color: #3366ff\"><b>30\u00a0<i>stands<\/i>\u00a0demostrativos<\/b>,<\/span> donde se muestra la actividad investigadora que se desarrolla en la Universidad de La Laguna y otros centros de I+D asociados en diferentes \u00e1mbitos de inter\u00e9s para la sociedad canaria (energ\u00eda, sostenibilidad, medio ambiente, biodiversidad, biomedicina y salud, turismo y patrimonio, entre otros), de una forma cercana y coloquial, as\u00ed como las principales salidas profesionales que ofrecen los diferentes programas formativos que oferta la ULL.<\/p>\n<p style=\"text-align: justify\">Estos\u00a0<i>stands<\/i>\u00a0estar\u00e1n localizados en sus espacios de investigaci\u00f3n (laboratorios, departamentos o institutos universitarios) y se podr\u00e1n conocer a trav\u00e9s del Canal de YouTube de Cienci@ULL, en directo el personal investigador presentar\u00e1 sus principales l\u00edneas de investigaci\u00f3n, resultados y su infraestructura. Ser\u00e1 en horario de 10:00 a 13:00 horas. Cada d\u00eda se podr\u00e1n conocer 15\u00a0<i>stands<\/i>\u00a0diferentes.<\/p>\n<p>[\/vc_column_text][vc_separator color=\u00bbsky\u00bb][vc_empty_space height=\u00bb15px\u00bb][vc_column_text]<\/p>\n<p style=\"text-align: justify\"><span style=\"color: #008000\"><b>70 Talleres Pr\u00e1cticos,<\/b><\/span> impartidos por j\u00f3venes investigadoras e investigadores. Estos talleres se realizar\u00e1n en directo en siete sets adaptados como laboratorios temporales, desde los cuales el alumnado en su centro podr\u00e1 seguir los pasos de cada taller para replicarlo en directo, utilizando los kits de materiales individuales que se har\u00e1 llegar a cada centro. Los talleres se engloban en las \u00e1reas de: Biomedicina y Salud, Energ\u00eda, Medioambiente y Biodiversidad, Ciencia y Tecnolog\u00eda, Ciencia y Sociedad y Arte.<\/p>\n<p>Esta actividad ser\u00e1 realizar\u00e1 a trav\u00e9s de la plataforma Google Meet y estar\u00e1 accesible para aquellos centros que se inscriban a la misma en horario de 9:30 a 13:30 horas y de 15:30 a 20:30 horas.<\/p>\n<p><a href=\"https:\/\/drive.google.com\/file\/d\/1MZZe8bjD1Btewi3EB-Pyx28I-gbL353B\/view?usp=sharing\" target=\"_blank\" rel=\"noopener\"><strong>Itinerario 24 de mayo de 2021<\/strong><\/a><\/p>\n<p><a href=\"https:\/\/drive.google.com\/file\/d\/1yIi2D32dWta7Tt2P0q6egDuc7IlH84gx\/view?usp=sharing\" target=\"_blank\" rel=\"noopener\"><strong>Itinerario 25 de mayo de 2021<\/strong><\/a>[\/vc_column_text][vc_separator color=\u00bbgreen\u00bb][vc_empty_space height=\u00bb15px\u00bb][vc_column_text]<\/p>\n<p style=\"text-align: justify\"><b><span style=\"color: #ff6600\">16 Charlas profesionales<\/span>,<\/b>\u00a0impartidas por profesionales de diferentes \u00e1reas de conocimiento del \u00e1mbito empresarial, p\u00fablico o I+D. Con el objetivo de motivar y orientar al alumnado participante, contar\u00e1n su trayectoria formativa y experiencia profesional. Cada charla tendr\u00e1 una duraci\u00f3n de 25 minutos. Esta actividad se realizar\u00e1 a trav\u00e9s de la plataforma Google Meet y estar\u00e1 accesible para aquellos centros que se inscriban a la misma en horario de 9:30 a 13:30 horas y de 15:30 a 20:30 horas.<\/p>\n<p>[\/vc_column_text][vc_separator color=\u00bbjuicy_pink\u00bb][vc_empty_space height=\u00bb15px\u00bb][vc_column_text]<\/p>\n<p style=\"text-align: justify\"><b><span style=\"color: #800080\">Eventos presenciales.<\/span>\u00a0<\/b>En cada una de las tardes de los d\u00edas de celebraci\u00f3n de la Feria se organizar\u00e1n eventos para que asistan las familias presencial o virtualmente. Concretamente, muestra de documental cient\u00edfico, ponencias cient\u00edficas, mon\u00f3logo o teatro, etc. Estas actividades se realizar\u00e1n de 18:00 a 20:30 horas, presencialmente en la isla de Tenerife (de acuerdo a las medidas de seguridad establecidas para prevenir la Covid-19) y para el resto de islas de manera virtual v\u00eda\u00a0<i>streaming<\/i>\u00a0a trav\u00e9s de la plataforma YouTube.<\/p>\n<p>[\/vc_column_text][vc_separator color=\u00bbviolet\u00bb][\/vc_column][vc_column width=\u00bb1\/3&#8243;][vc_empty_space height=\u00bb88px\u00bb][vc_btn title=\u00bbPresentaci\u00f3n\u00bb color=\u00bbprimary\u00bb size=\u00bblg\u00bb align=\u00bbcenter\u00bb button_block=\u00bbtrue\u00bb css=\u00bb.vc_custom_1619401961882{margin-bottom: 5px !important;border-bottom-width: 5px !important;padding-bottom: 5px !important;}\u00bb link=\u00bburl:https%3A%2F%2Fwww.ull.es%2Fportal%2Fcienciaull%2Fferia-de-las-vocaciones-cientificas-y-profesionales-de-canarias%2F\u00bb][vc_btn title=\u00bbObjetivos\u00bb color=\u00bbwarning\u00bb size=\u00bblg\u00bb align=\u00bbcenter\u00bb button_block=\u00bbtrue\u00bb css=\u00bb.vc_custom_1619402078497{margin-bottom: 5px !important;border-bottom-width: 5px !important;padding-bottom: 5px !important;}\u00bb link=\u00bburl:https%3A%2F%2Fwww.ull.es%2Fportal%2Fcienciaull%2Fviii-feria-de-las-vocaciones-cientificas-y-profesionales-de-canarias-2%2Fobjetivos%2F\u00bb][vc_btn title=\u00bbInscripci\u00f3n\u00bb color=\u00bbdanger\u00bb size=\u00bblg\u00bb align=\u00bbcenter\u00bb button_block=\u00bbtrue\u00bb css=\u00bb.vc_custom_1619402029984{margin-bottom: 5px !important;border-bottom-width: 5px !important;padding-bottom: 5px !important;}\u00bb link=\u00bburl:https%3A%2F%2Fwww.ull.es%2Fportal%2Fcienciaull%2Fferia-de-las-vocaciones-cientificas-y-profesionales-de-canarias%2Finscripcion%2F\u00bb][vc_btn title=\u00bbLaboratorio Virtual\u00bb color=\u00bbsuccess\u00bb size=\u00bblg\u00bb align=\u00bbcenter\u00bb button_block=\u00bbtrue\u00bb css=\u00bb.vc_custom_1619402125443{margin-bottom: 5px !important;border-bottom-width: 5px !important;padding-bottom: 5px !important;}\u00bb link=\u00bburl:https%3A%2F%2Fwww.ull.es%2Fportal%2Fcienciaull%2Flaboratorio-virtual%2F\u00bb][vc_btn title=\u00bbEdici\u00f3n Pasada\u00bb color=\u00bbviolet\u00bb size=\u00bblg\u00bb align=\u00bbcenter\u00bb button_block=\u00bbtrue\u00bb css=\u00bb.vc_custom_1619402192504{margin-bottom: 5px !important;border-bottom-width: 5px !important;padding-bottom: 5px !important;}\u00bb link=\u00bburl:https%3A%2F%2Fwww.ull.es%2Fportal%2Fcienciaull%2Fferia-de-las-vocaciones-cientifica-y-profesionales-de-canarias-2020%2F\u00bb][\/vc_column][\/vc_row]<\/p>\n","protected":false},"excerpt":{"rendered":"<p>[vc_row][vc_column][vc_single_image image=\u00bb11444&#8243; img_size=\u00bb1300&#215;500&#8243;][vc_separator color=\u00bbsky\u00bb border_width=\u00bb10&#8243;][\/vc_column][\/vc_row][vc_row][vc_column width=\u00bb2\/3&#8243;][vc_empty_space height=\u00bb30px\u00bb][vc_custom_heading text=\u00bbPrograma de Actividades\u00bb google_fonts=\u00bbfont_family:Roboto%20Slab%3A100%2C300%2Cregular%2C700|font_style:700%20bold%20regular%3A700%3Anormal\u00bb css=\u00bb.vc_custom_1619402237359{margin-bottom: 10px !important;border-bottom-width: 10px !important;padding-bottom: 10px !important;}\u00bb][vc_column_text] En esta octava edici\u00f3n, la Feria se desarrollar\u00e1 en modalidad semipresencial, debido a las restricciones de seguridad establecidas para la prevenci\u00f3n de la Covid-19, mediante las plataformas Google Meet y YouTube, esta \u00faltima para las actividades abiertas&#8230;<\/p>\n","protected":false},"author":56,"featured_media":0,"parent":11330,"menu_order":0,"comment_status":"closed","ping_status":"closed","template":"templates\/cienciaull.php","meta":{"inline_featured_image":false,"footnotes":""},"acf":[],"yoast_head":"<!-- This site is optimized with the Yoast SEO plugin v21.3 - https:\/\/yoast.com\/wordpress\/plugins\/seo\/ -->\n<title>Programa de Actividades -<\/title>\n<meta name=\"robots\" content=\"index, follow, max-snippet:-1, max-image-preview:large, max-video-preview:-1\" \/>\n<link rel=\"canonical\" href=\"https:\/\/www.ull.es\/portal\/cienciaull\/viii-feria-de-las-vocaciones-cientificas-y-profesionales-de-canarias-2\/programa-de-actividades-2\/\" \/>\n<meta property=\"og:locale\" content=\"es_ES\" \/>\n<meta property=\"og:type\" content=\"article\" \/>\n<meta property=\"og:title\" content=\"Programa de Actividades -\" \/>\n<meta property=\"og:description\" content=\"[vc_row][vc_column][vc_single_image image=\u00bb11444&#8243; img_size=\u00bb1300&#215;500&#8243;][vc_separator color=\u00bbsky\u00bb border_width=\u00bb10&#8243;][\/vc_column][\/vc_row][vc_row][vc_column width=\u00bb2\/3&#8243;][vc_empty_space height=\u00bb30px\u00bb][vc_custom_heading text=\u00bbPrograma de Actividades\u00bb google_fonts=\u00bbfont_family:Roboto%20Slab%3A100%2C300%2Cregular%2C700|font_style:700%20bold%20regular%3A700%3Anormal\u00bb css=\u00bb.vc_custom_1619402237359{margin-bottom: 10px !important;border-bottom-width: 10px !important;padding-bottom: 10px !important;}\u00bb][vc_column_text] En esta octava edici\u00f3n, la Feria se desarrollar\u00e1 en modalidad semipresencial, debido a las restricciones de seguridad establecidas para la prevenci\u00f3n de la Covid-19, mediante las plataformas Google Meet y YouTube, esta \u00faltima para las actividades abiertas...\" \/>\n<meta property=\"og:url\" content=\"https:\/\/www.ull.es\/portal\/cienciaull\/viii-feria-de-las-vocaciones-cientificas-y-profesionales-de-canarias-2\/programa-de-actividades-2\/\" \/>\n<meta property=\"article:publisher\" content=\"https:\/\/www.facebook.com\/CienciaULL\/\" \/>\n<meta property=\"article:modified_time\" content=\"2021-05-21T09:10:36+00:00\" \/>\n<meta name=\"twitter:card\" content=\"summary_large_image\" \/>\n<meta name=\"twitter:site\" content=\"@CienciaULL\" \/>\n<meta name=\"twitter:label1\" content=\"Tiempo de lectura\" \/>\n\t<meta name=\"twitter:data1\" content=\"3 minutos\" \/>\n<script type=\"application\/ld+json\" class=\"yoast-schema-graph\">{\"@context\":\"https:\/\/schema.org\",\"@graph\":[{\"@type\":\"WebPage\",\"@id\":\"https:\/\/www.ull.es\/portal\/cienciaull\/viii-feria-de-las-vocaciones-cientificas-y-profesionales-de-canarias-2\/programa-de-actividades-2\/\",\"url\":\"https:\/\/www.ull.es\/portal\/cienciaull\/viii-feria-de-las-vocaciones-cientificas-y-profesionales-de-canarias-2\/programa-de-actividades-2\/\",\"name\":\"Programa de Actividades -\",\"isPartOf\":{\"@id\":\"https:\/\/www.ull.es\/portal\/cienciaull\/#website\"},\"datePublished\":\"2021-04-26T01:44:13+00:00\",\"dateModified\":\"2021-05-21T09:10:36+00:00\",\"breadcrumb\":{\"@id\":\"https:\/\/www.ull.es\/portal\/cienciaull\/viii-feria-de-las-vocaciones-cientificas-y-profesionales-de-canarias-2\/programa-de-actividades-2\/#breadcrumb\"},\"inLanguage\":\"es\",\"potentialAction\":[{\"@type\":\"ReadAction\",\"target\":[\"https:\/\/www.ull.es\/portal\/cienciaull\/viii-feria-de-las-vocaciones-cientificas-y-profesionales-de-canarias-2\/programa-de-actividades-2\/\"]}]},{\"@type\":\"BreadcrumbList\",\"@id\":\"https:\/\/www.ull.es\/portal\/cienciaull\/viii-feria-de-las-vocaciones-cientificas-y-profesionales-de-canarias-2\/programa-de-actividades-2\/#breadcrumb\",\"itemListElement\":[{\"@type\":\"ListItem\",\"position\":1,\"name\":\"Portada\",\"item\":\"https:\/\/www.ull.es\/portal\/cienciaull\/\"},{\"@type\":\"ListItem\",\"position\":2,\"name\":\"VIII Feria de las Vocaciones Cient\u00edficas y Profesionales de Canarias\",\"item\":\"https:\/\/www.ull.es\/portal\/cienciaull\/viii-feria-de-las-vocaciones-cientificas-y-profesionales-de-canarias-2\/\"},{\"@type\":\"ListItem\",\"position\":3,\"name\":\"Programa de Actividades\"}]},{\"@type\":\"WebSite\",\"@id\":\"https:\/\/www.ull.es\/portal\/cienciaull\/#website\",\"url\":\"https:\/\/www.ull.es\/portal\/cienciaull\/\",\"name\":\"\",\"description\":\"Unidad de Cultura Cient\u00edfica y de la Innovaci\u00f3n de la Universidad de La Laguna\",\"potentialAction\":[{\"@type\":\"SearchAction\",\"target\":{\"@type\":\"EntryPoint\",\"urlTemplate\":\"https:\/\/www.ull.es\/portal\/cienciaull\/?s={search_term_string}\"},\"query-input\":\"required name=search_term_string\"}],\"inLanguage\":\"es\"}]}<\/script>\n<!-- \/ Yoast SEO plugin. -->","yoast_head_json":{"title":"Programa de Actividades -","robots":{"index":"index","follow":"follow","max-snippet":"max-snippet:-1","max-image-preview":"max-image-preview:large","max-video-preview":"max-video-preview:-1"},"canonical":"https:\/\/www.ull.es\/portal\/cienciaull\/viii-feria-de-las-vocaciones-cientificas-y-profesionales-de-canarias-2\/programa-de-actividades-2\/","og_locale":"es_ES","og_type":"article","og_title":"Programa de Actividades -","og_description":"[vc_row][vc_column][vc_single_image image=\u00bb11444&#8243; img_size=\u00bb1300&#215;500&#8243;][vc_separator color=\u00bbsky\u00bb border_width=\u00bb10&#8243;][\/vc_column][\/vc_row][vc_row][vc_column width=\u00bb2\/3&#8243;][vc_empty_space height=\u00bb30px\u00bb][vc_custom_heading text=\u00bbPrograma de Actividades\u00bb google_fonts=\u00bbfont_family:Roboto%20Slab%3A100%2C300%2Cregular%2C700|font_style:700%20bold%20regular%3A700%3Anormal\u00bb css=\u00bb.vc_custom_1619402237359{margin-bottom: 10px !important;border-bottom-width: 10px !important;padding-bottom: 10px !important;}\u00bb][vc_column_text] En esta octava edici\u00f3n, la Feria se desarrollar\u00e1 en modalidad semipresencial, debido a las restricciones de seguridad establecidas para la prevenci\u00f3n de la Covid-19, mediante las plataformas Google Meet y YouTube, esta \u00faltima para las actividades abiertas...","og_url":"https:\/\/www.ull.es\/portal\/cienciaull\/viii-feria-de-las-vocaciones-cientificas-y-profesionales-de-canarias-2\/programa-de-actividades-2\/","article_publisher":"https:\/\/www.facebook.com\/CienciaULL\/","article_modified_time":"2021-05-21T09:10:36+00:00","twitter_card":"summary_large_image","twitter_site":"@CienciaULL","twitter_misc":{"Tiempo de lectura":"3 minutos"},"schema":{"@context":"https:\/\/schema.org","@graph":[{"@type":"WebPage","@id":"https:\/\/www.ull.es\/portal\/cienciaull\/viii-feria-de-las-vocaciones-cientificas-y-profesionales-de-canarias-2\/programa-de-actividades-2\/","url":"https:\/\/www.ull.es\/portal\/cienciaull\/viii-feria-de-las-vocaciones-cientificas-y-profesionales-de-canarias-2\/programa-de-actividades-2\/","name":"Programa de Actividades -","isPartOf":{"@id":"https:\/\/www.ull.es\/portal\/cienciaull\/#website"},"datePublished":"2021-04-26T01:44:13+00:00","dateModified":"2021-05-21T09:10:36+00:00","breadcrumb":{"@id":"https:\/\/www.ull.es\/portal\/cienciaull\/viii-feria-de-las-vocaciones-cientificas-y-profesionales-de-canarias-2\/programa-de-actividades-2\/#breadcrumb"},"inLanguage":"es","potentialAction":[{"@type":"ReadAction","target":["https:\/\/www.ull.es\/portal\/cienciaull\/viii-feria-de-las-vocaciones-cientificas-y-profesionales-de-canarias-2\/programa-de-actividades-2\/"]}]},{"@type":"BreadcrumbList","@id":"https:\/\/www.ull.es\/portal\/cienciaull\/viii-feria-de-las-vocaciones-cientificas-y-profesionales-de-canarias-2\/programa-de-actividades-2\/#breadcrumb","itemListElement":[{"@type":"ListItem","position":1,"name":"Portada","item":"https:\/\/www.ull.es\/portal\/cienciaull\/"},{"@type":"ListItem","position":2,"name":"VIII Feria de las Vocaciones Cient\u00edficas y Profesionales de Canarias","item":"https:\/\/www.ull.es\/portal\/cienciaull\/viii-feria-de-las-vocaciones-cientificas-y-profesionales-de-canarias-2\/"},{"@type":"ListItem","position":3,"name":"Programa de Actividades"}]},{"@type":"WebSite","@id":"https:\/\/www.ull.es\/portal\/cienciaull\/#website","url":"https:\/\/www.ull.es\/portal\/cienciaull\/","name":"","description":"Unidad de Cultura Cient\u00edfica y de la Innovaci\u00f3n de la Universidad de La Laguna","potentialAction":[{"@type":"SearchAction","target":{"@type":"EntryPoint","urlTemplate":"https:\/\/www.ull.es\/portal\/cienciaull\/?s={search_term_string}"},"query-input":"required name=search_term_string"}],"inLanguage":"es"}]}},"_links":{"self":[{"href":"https:\/\/www.ull.es\/portal\/cienciaull\/wp-json\/wp\/v2\/pages\/11501"}],"collection":[{"href":"https:\/\/www.ull.es\/portal\/cienciaull\/wp-json\/wp\/v2\/pages"}],"about":[{"href":"https:\/\/www.ull.es\/portal\/cienciaull\/wp-json\/wp\/v2\/types\/page"}],"author":[{"embeddable":true,"href":"https:\/\/www.ull.es\/portal\/cienciaull\/wp-json\/wp\/v2\/users\/56"}],"replies":[{"embeddable":true,"href":"https:\/\/www.ull.es\/portal\/cienciaull\/wp-json\/wp\/v2\/comments?post=11501"}],"version-history":[{"count":18,"href":"https:\/\/www.ull.es\/portal\/cienciaull\/wp-json\/wp\/v2\/pages\/11501\/revisions"}],"predecessor-version":[{"id":26530,"href":"https:\/\/www.ull.es\/portal\/cienciaull\/wp-json\/wp\/v2\/pages\/11501\/revisions\/26530"}],"up":[{"embeddable":true,"href":"https:\/\/www.ull.es\/portal\/cienciaull\/wp-json\/wp\/v2\/pages\/11330"}],"wp:attachment":[{"href":"https:\/\/www.ull.es\/portal\/cienciaull\/wp-json\/wp\/v2\/media?parent=11501"}],"curies":[{"name":"wp","href":"https:\/\/api.w.org\/{rel}","templated":true}]}}