{"id":1154,"date":"2018-12-30T21:43:55","date_gmt":"2018-12-30T21:43:55","guid":{"rendered":"https:\/\/www.ull.es\/portal\/cienciaull\/?page_id=1154"},"modified":"2021-02-01T09:35:32","modified_gmt":"2021-02-01T09:35:32","slug":"centros-escolares-participantes","status":"publish","type":"page","link":"https:\/\/www.ull.es\/portal\/cienciaull\/programa-conecta-cienciull\/centros-escolares-participantes\/","title":{"rendered":"Centros escolares participantes"},"content":{"rendered":"<p>[vc_row][vc_column][vc_custom_heading source=\u00bbpost_title\u00bb google_fonts=\u00bbfont_family:Roboto%20Slab%3A100%2C300%2Cregular%2C700|font_style:400%20regular%3A400%3Anormal\u00bb css=\u00bb.vc_custom_1611148969634{margin-bottom: 7px !important;border-bottom-width: 7px !important;padding-bottom: 7px !important;}\u00bb][vc_column_text]<\/p>\n<p style=\"text-align: justify\">En la <strong>primera edici\u00f3n<\/strong> de proyecto <strong>Conect@ Cienci@ULL<\/strong>,<strong>\u201cPrograma educativo contra el fracaso escolar juvenil a trav\u00e9s del desarrollo de actividades divulgativas, orientativas y motivadoras para el fomento de las vocaciones cient\u00edficas\u201d<\/strong>, contamos con la participaci\u00f3n de 16 centros de educaci\u00f3n secundaria obligatoria y bachillerato de la isla de Tenerife, distribuidos en dos convocatorias de participaci\u00f3n.<\/p>\n<p>[\/vc_column_text][\/vc_column][\/vc_row][vc_row][vc_column width=\u00bb1\/2&#8243;][vc_message message_box_style=\u00bbsolid-icon\u00bb message_box_color=\u00bbgreen\u00bb icon_type=\u00bblinecons\u00bb icon_linecons=\u00bbvc_li vc_li-location\u00bb]<span style=\"color: #008000\"><strong>Zona Metropolitana<\/strong><\/span>[\/vc_message][vc_column_text]<\/p>\n<table style=\"height: 357px\" width=\"204\">\n<tbody>\n<tr>\n<td width=\"152\">IES Tom\u00e1s de Iriarte<\/td>\n<\/tr>\n<tr>\n<td>IES San Mat\u00edas<\/td>\n<\/tr>\n<tr>\n<td>IES Sabino Berthelot<\/td>\n<\/tr>\n<tr>\n<td>IES Marina Cebri\u00e1n<\/td>\n<\/tr>\n<tr>\n<td>IES Mar\u00eda Rosa Alonso<\/td>\n<\/tr>\n<tr>\n<td>IES San Benito<\/td>\n<\/tr>\n<tr>\n<td>IES La Laboral de La Laguna<\/td>\n<\/tr>\n<tr>\n<td>IES El Sobradillo<\/td>\n<\/tr>\n<tr>\n<td>IES Anaga<\/td>\n<\/tr>\n<\/tbody>\n<\/table>\n<p>[\/vc_column_text][\/vc_column][vc_column width=\u00bb1\/2&#8243;][vc_message message_box_style=\u00bbsolid-icon\u00bb message_box_color=\u00bbsky\u00bb icon_type=\u00bblinecons\u00bb icon_linecons=\u00bbvc_li vc_li-location\u00bb]<span style=\"color: #3366ff\"><strong>Zona Norte<\/strong><\/span>[\/vc_message][vc_column_text]<\/p>\n<table>\n<tbody>\n<tr>\n<td width=\"566\">IES Lucas Mart\u00edn Espino<\/td>\n<\/tr>\n<tr>\n<td width=\"566\">IES San Marcos<\/td>\n<\/tr>\n<tr>\n<td width=\"566\">IES Los Naranjeros<\/td>\n<\/tr>\n<tr>\n<td width=\"566\">IES Barranco de Las Lajas<\/td>\n<\/tr>\n<tr>\n<td width=\"566\">CEO Leoncio Rodr\u00edguez<\/td>\n<\/tr>\n<\/tbody>\n<\/table>\n<p>[\/vc_column_text][\/vc_column][\/vc_row][vc_row][vc_column width=\u00bb1\/2&#8243;][vc_message message_box_style=\u00bbsolid-icon\u00bb message_box_color=\u00bbpink\u00bb icon_type=\u00bblinecons\u00bb icon_linecons=\u00bbvc_li vc_li-location\u00bb]<span style=\"color: #ff0000\"><strong>Zona Sur<\/strong><\/span>[\/vc_message][vc_column_text]<\/p>\n<table style=\"height: 73px\" width=\"170\">\n<tbody>\n<tr>\n<td width=\"122\">IES Ichasagua<\/td>\n<\/tr>\n<tr>\n<td>IES Cabo Blanco<\/td>\n<\/tr>\n<\/tbody>\n<\/table>\n<p>[\/vc_column_text][\/vc_column][vc_column width=\u00bb1\/2&#8243;][\/vc_column][\/vc_row][vc_row][vc_column][vc_empty_space height=\u00bb40px\u00bb][vc_column_text]<\/p>\n<p style=\"text-align: justify\">En la<strong> segunda edici\u00f3n<\/strong> de proyecto contamos con la participaci\u00f3n de 20 centros de educaci\u00f3n secundaria obligatoria y bachillerato de la isla de Tenerife.<\/p>\n<p>[\/vc_column_text][\/vc_column][\/vc_row][vc_row][vc_column width=\u00bb1\/2&#8243;][vc_message message_box_style=\u00bbsolid-icon\u00bb message_box_color=\u00bbgreen\u00bb icon_type=\u00bblinecons\u00bb icon_linecons=\u00bbvc_li vc_li-location\u00bb]<span style=\"color: #008000\"><strong>Zona Metropolitana<\/strong><\/span>[\/vc_message][vc_column_text]<\/p>\n<table>\n<tbody>\n<tr>\n<td width=\"227\">IES San Mat\u00edas<\/td>\n<\/tr>\n<tr>\n<td width=\"227\">CPEIPS La Salle-La Laguna<\/td>\n<\/tr>\n<tr>\n<td width=\"227\">IES Marina Cebri\u00e1n<\/td>\n<\/tr>\n<tr>\n<td width=\"227\">IES Anaga<\/td>\n<\/tr>\n<tr>\n<td width=\"227\">Colegio MM Dominicas Vistabella<\/td>\n<\/tr>\n<tr>\n<td width=\"227\">IES Profesor Mart\u00edn Miranda<\/td>\n<\/tr>\n<tr>\n<td width=\"227\">Colegio Hispano La Salud<\/td>\n<\/tr>\n<\/tbody>\n<\/table>\n<p>[\/vc_column_text][\/vc_column][vc_column width=\u00bb1\/2&#8243;][vc_message message_box_style=\u00bbsolid-icon\u00bb message_box_color=\u00bbsky\u00bb icon_type=\u00bblinecons\u00bb icon_linecons=\u00bbvc_li vc_li-location\u00bb]<span style=\"color: #3366ff\"><strong>Zona Norte<\/strong><\/span>[\/vc_message][vc_column_text]<\/p>\n<table>\n<tbody>\n<tr>\n<td width=\"566\">IES San Marcos<\/td>\n<\/tr>\n<tr>\n<td width=\"566\">IES Mencey Bencomo<\/td>\n<\/tr>\n<tr>\n<td width=\"566\">IEs Barranco de Las Lajas<\/td>\n<\/tr>\n<tr>\n<td width=\"566\">IES San Juan de La Rambla<\/td>\n<\/tr>\n<tr>\n<td width=\"566\">IES La Orotava \u2013 Manuel Gonz\u00e1lez P\u00e9rez<\/td>\n<\/tr>\n<tr>\n<td width=\"566\">IES Buenavista<\/td>\n<\/tr>\n<tr>\n<td width=\"566\">IES Cruz Santa<\/td>\n<\/tr>\n<tr>\n<td width=\"566\">IES El Tanque<\/td>\n<\/tr>\n<tr>\n<td width=\"566\">IES Daute Los Silos<\/td>\n<\/tr>\n<tr>\n<td width=\"566\">IES Rafael Arozarena<\/td>\n<\/tr>\n<\/tbody>\n<\/table>\n<p>[\/vc_column_text][\/vc_column][\/vc_row][vc_row][vc_column width=\u00bb1\/2&#8243;][vc_message message_box_style=\u00bbsolid-icon\u00bb message_box_color=\u00bbpink\u00bb icon_type=\u00bblinecons\u00bb icon_linecons=\u00bbvc_li vc_li-location\u00bb]<span style=\"color: #ff0000\"><strong>Zona Sur<\/strong><\/span>[\/vc_message][vc_column_text]<\/p>\n<table>\n<tbody>\n<tr>\n<td width=\"225\">IES El M\u00e9dano<\/td>\n<\/tr>\n<tr>\n<td width=\"225\">IES Santa Ana<\/td>\n<\/tr>\n<tr>\n<td width=\"225\">IES Los Cardones<\/td>\n<\/tr>\n<tr>\n<td width=\"225\">IES Colegio Echeyde III<\/td>\n<\/tr>\n<\/tbody>\n<\/table>\n<p>[\/vc_column_text][\/vc_column][\/vc_row][vc_row][vc_column][vc_empty_space height=\u00bb40px\u00bb][vc_column_text]En esta<strong>\u00a0tercera edici\u00f3n<\/strong> del Programa contamos con la participaci\u00f3n de 10 centros escolares.[\/vc_column_text][\/vc_column][\/vc_row][vc_row][vc_column width=\u00bb1\/2&#8243;][vc_message message_box_style=\u00bbsolid-icon\u00bb message_box_color=\u00bbgreen\u00bb icon_type=\u00bblinecons\u00bb icon_linecons=\u00bbvc_li vc_li-location\u00bb]<span style=\"color: #008000\"><strong>Zona Metropolitana<\/strong><\/span>[\/vc_message][vc_column_text]<\/p>\n<table width=\"167\">\n<tbody>\n<tr>\n<td width=\"167\">IES Marina Cebri\u00e1n<\/td>\n<\/tr>\n<tr>\n<td>IES Andr\u00e9s Bello<\/td>\n<\/tr>\n<tr>\n<td>IES San Andr\u00e9s<\/td>\n<\/tr>\n<tr>\n<td>IES Mar\u00eda Rosa Alonso<\/td>\n<\/tr>\n<tr>\n<td>IES Geneto<\/td>\n<\/tr>\n<\/tbody>\n<\/table>\n<table style=\"height: 80px\" width=\"165\">\n<tbody>\n<tr>\n<td width=\"123\">IES Anaga<\/td>\n<\/tr>\n<tr>\n<td>IES Profesor Mart\u00edn Miranda<\/td>\n<\/tr>\n<\/tbody>\n<\/table>\n<table style=\"height: 80px\" width=\"165\">\n<tbody>\n<tr>\n<td width=\"123\">Colegio MM Dominicas Vistabella<\/td>\n<\/tr>\n<tr>\n<td>Colegio Hispano La Salud<\/td>\n<\/tr>\n<\/tbody>\n<\/table>\n<table style=\"height: 80px\" width=\"165\">\n<tbody>\n<tr>\n<td width=\"123\">CPEIPS La Salle La Laguna<\/td>\n<\/tr>\n<tr>\n<td><\/td>\n<\/tr>\n<\/tbody>\n<\/table>\n<p>[\/vc_column_text][\/vc_column][vc_column width=\u00bb1\/2&#8243;][vc_message message_box_style=\u00bbsolid-icon\u00bb message_box_color=\u00bbsky\u00bb icon_type=\u00bblinecons\u00bb icon_linecons=\u00bbvc_li vc_li-location\u00bb]<span style=\"color: #3366ff\"><strong>Zona Norte<\/strong><\/span>[\/vc_message][vc_column_text]<\/p>\n<table style=\"height: 78px\" width=\"144\">\n<tbody>\n<tr>\n<td width=\"123\">IES Valle Guerra<\/td>\n<\/tr>\n<tr>\n<td>IES Realejos<\/td>\n<\/tr>\n<\/tbody>\n<\/table>\n<p>[\/vc_column_text][\/vc_column][\/vc_row][vc_row][vc_column width=\u00bb1\/2&#8243;][vc_message message_box_style=\u00bbsolid-icon\u00bb message_box_color=\u00bbpink\u00bb icon_type=\u00bblinecons\u00bb icon_linecons=\u00bbvc_li vc_li-location\u00bb]<span style=\"color: #ff0000\"><strong>Zona Sur<\/strong><\/span>[\/vc_message][vc_column_text]<\/p>\n<table width=\"122\">\n<tbody>\n<tr>\n<td width=\"122\">IES Adeje<\/td>\n<\/tr>\n<tr>\n<td>CEO Guajara<\/td>\n<\/tr>\n<tr>\n<td>Colegio Echeyde III<\/td>\n<\/tr>\n<\/tbody>\n<\/table>\n<p>[\/vc_column_text][\/vc_column][vc_column width=\u00bb1\/2&#8243;][\/vc_column][\/vc_row]<\/p>\n","protected":false},"excerpt":{"rendered":"<p>[vc_row][vc_column][vc_custom_heading source=\u00bbpost_title\u00bb google_fonts=\u00bbfont_family:Roboto%20Slab%3A100%2C300%2Cregular%2C700|font_style:400%20regular%3A400%3Anormal\u00bb css=\u00bb.vc_custom_1611148969634{margin-bottom: 7px !important;border-bottom-width: 7px !important;padding-bottom: 7px !important;}\u00bb][vc_column_text] En la primera edici\u00f3n de proyecto Conect@ Cienci@ULL,\u201cPrograma educativo contra el fracaso escolar juvenil a trav\u00e9s del desarrollo de actividades divulgativas, orientativas y motivadoras para el fomento de las vocaciones cient\u00edficas\u201d, contamos con la participaci\u00f3n de 16 centros de educaci\u00f3n secundaria obligatoria y bachillerato de&#8230;<\/p>\n","protected":false},"author":56,"featured_media":0,"parent":1040,"menu_order":0,"comment_status":"closed","ping_status":"closed","template":"","meta":{"inline_featured_image":false,"footnotes":""},"acf":[],"yoast_head":"<!-- This site is optimized with the Yoast SEO plugin v21.3 - https:\/\/yoast.com\/wordpress\/plugins\/seo\/ -->\n<title>Centros escolares participantes -<\/title>\n<meta name=\"robots\" content=\"index, follow, max-snippet:-1, max-image-preview:large, max-video-preview:-1\" \/>\n<link rel=\"canonical\" href=\"https:\/\/www.ull.es\/portal\/cienciaull\/programa-conecta-cienciull\/centros-escolares-participantes\/\" \/>\n<meta property=\"og:locale\" content=\"es_ES\" \/>\n<meta property=\"og:type\" content=\"article\" \/>\n<meta property=\"og:title\" content=\"Centros escolares participantes -\" \/>\n<meta property=\"og:description\" content=\"[vc_row][vc_column][vc_custom_heading source=\u00bbpost_title\u00bb google_fonts=\u00bbfont_family:Roboto%20Slab%3A100%2C300%2Cregular%2C700|font_style:400%20regular%3A400%3Anormal\u00bb css=\u00bb.vc_custom_1611148969634{margin-bottom: 7px !important;border-bottom-width: 7px !important;padding-bottom: 7px !important;}\u00bb][vc_column_text] En la primera edici\u00f3n de proyecto Conect@ Cienci@ULL,\u201cPrograma educativo contra el fracaso escolar juvenil a trav\u00e9s del desarrollo de actividades divulgativas, orientativas y motivadoras para el fomento de las vocaciones cient\u00edficas\u201d, contamos con la participaci\u00f3n de 16 centros de educaci\u00f3n secundaria obligatoria y bachillerato de...\" \/>\n<meta property=\"og:url\" content=\"https:\/\/www.ull.es\/portal\/cienciaull\/programa-conecta-cienciull\/centros-escolares-participantes\/\" \/>\n<meta property=\"article:publisher\" content=\"https:\/\/www.facebook.com\/CienciaULL\/\" \/>\n<meta property=\"article:modified_time\" content=\"2021-02-01T09:35:32+00:00\" \/>\n<meta name=\"twitter:card\" content=\"summary_large_image\" \/>\n<meta name=\"twitter:site\" content=\"@CienciaULL\" \/>\n<meta name=\"twitter:label1\" content=\"Tiempo de lectura\" \/>\n\t<meta name=\"twitter:data1\" content=\"4 minutos\" \/>\n<script type=\"application\/ld+json\" class=\"yoast-schema-graph\">{\"@context\":\"https:\/\/schema.org\",\"@graph\":[{\"@type\":\"WebPage\",\"@id\":\"https:\/\/www.ull.es\/portal\/cienciaull\/programa-conecta-cienciull\/centros-escolares-participantes\/\",\"url\":\"https:\/\/www.ull.es\/portal\/cienciaull\/programa-conecta-cienciull\/centros-escolares-participantes\/\",\"name\":\"Centros escolares participantes -\",\"isPartOf\":{\"@id\":\"https:\/\/www.ull.es\/portal\/cienciaull\/#website\"},\"datePublished\":\"2018-12-30T21:43:55+00:00\",\"dateModified\":\"2021-02-01T09:35:32+00:00\",\"breadcrumb\":{\"@id\":\"https:\/\/www.ull.es\/portal\/cienciaull\/programa-conecta-cienciull\/centros-escolares-participantes\/#breadcrumb\"},\"inLanguage\":\"es\",\"potentialAction\":[{\"@type\":\"ReadAction\",\"target\":[\"https:\/\/www.ull.es\/portal\/cienciaull\/programa-conecta-cienciull\/centros-escolares-participantes\/\"]}]},{\"@type\":\"BreadcrumbList\",\"@id\":\"https:\/\/www.ull.es\/portal\/cienciaull\/programa-conecta-cienciull\/centros-escolares-participantes\/#breadcrumb\",\"itemListElement\":[{\"@type\":\"ListItem\",\"position\":1,\"name\":\"Portada\",\"item\":\"https:\/\/www.ull.es\/portal\/cienciaull\/\"},{\"@type\":\"ListItem\",\"position\":2,\"name\":\"Programa Conecta Cienci@ULL\",\"item\":\"https:\/\/www.ull.es\/portal\/cienciaull\/programa-conecta-cienciull\/\"},{\"@type\":\"ListItem\",\"position\":3,\"name\":\"Centros escolares participantes\"}]},{\"@type\":\"WebSite\",\"@id\":\"https:\/\/www.ull.es\/portal\/cienciaull\/#website\",\"url\":\"https:\/\/www.ull.es\/portal\/cienciaull\/\",\"name\":\"\",\"description\":\"Unidad de Cultura Cient\u00edfica y de la Innovaci\u00f3n de la Universidad de La Laguna\",\"potentialAction\":[{\"@type\":\"SearchAction\",\"target\":{\"@type\":\"EntryPoint\",\"urlTemplate\":\"https:\/\/www.ull.es\/portal\/cienciaull\/?s={search_term_string}\"},\"query-input\":\"required name=search_term_string\"}],\"inLanguage\":\"es\"}]}<\/script>\n<!-- \/ Yoast SEO plugin. -->","yoast_head_json":{"title":"Centros escolares participantes -","robots":{"index":"index","follow":"follow","max-snippet":"max-snippet:-1","max-image-preview":"max-image-preview:large","max-video-preview":"max-video-preview:-1"},"canonical":"https:\/\/www.ull.es\/portal\/cienciaull\/programa-conecta-cienciull\/centros-escolares-participantes\/","og_locale":"es_ES","og_type":"article","og_title":"Centros escolares participantes -","og_description":"[vc_row][vc_column][vc_custom_heading source=\u00bbpost_title\u00bb google_fonts=\u00bbfont_family:Roboto%20Slab%3A100%2C300%2Cregular%2C700|font_style:400%20regular%3A400%3Anormal\u00bb css=\u00bb.vc_custom_1611148969634{margin-bottom: 7px !important;border-bottom-width: 7px !important;padding-bottom: 7px !important;}\u00bb][vc_column_text] En la primera edici\u00f3n de proyecto Conect@ Cienci@ULL,\u201cPrograma educativo contra el fracaso escolar juvenil a trav\u00e9s del desarrollo de actividades divulgativas, orientativas y motivadoras para el fomento de las vocaciones cient\u00edficas\u201d, contamos con la participaci\u00f3n de 16 centros de educaci\u00f3n secundaria obligatoria y bachillerato de...","og_url":"https:\/\/www.ull.es\/portal\/cienciaull\/programa-conecta-cienciull\/centros-escolares-participantes\/","article_publisher":"https:\/\/www.facebook.com\/CienciaULL\/","article_modified_time":"2021-02-01T09:35:32+00:00","twitter_card":"summary_large_image","twitter_site":"@CienciaULL","twitter_misc":{"Tiempo de lectura":"4 minutos"},"schema":{"@context":"https:\/\/schema.org","@graph":[{"@type":"WebPage","@id":"https:\/\/www.ull.es\/portal\/cienciaull\/programa-conecta-cienciull\/centros-escolares-participantes\/","url":"https:\/\/www.ull.es\/portal\/cienciaull\/programa-conecta-cienciull\/centros-escolares-participantes\/","name":"Centros escolares participantes -","isPartOf":{"@id":"https:\/\/www.ull.es\/portal\/cienciaull\/#website"},"datePublished":"2018-12-30T21:43:55+00:00","dateModified":"2021-02-01T09:35:32+00:00","breadcrumb":{"@id":"https:\/\/www.ull.es\/portal\/cienciaull\/programa-conecta-cienciull\/centros-escolares-participantes\/#breadcrumb"},"inLanguage":"es","potentialAction":[{"@type":"ReadAction","target":["https:\/\/www.ull.es\/portal\/cienciaull\/programa-conecta-cienciull\/centros-escolares-participantes\/"]}]},{"@type":"BreadcrumbList","@id":"https:\/\/www.ull.es\/portal\/cienciaull\/programa-conecta-cienciull\/centros-escolares-participantes\/#breadcrumb","itemListElement":[{"@type":"ListItem","position":1,"name":"Portada","item":"https:\/\/www.ull.es\/portal\/cienciaull\/"},{"@type":"ListItem","position":2,"name":"Programa Conecta Cienci@ULL","item":"https:\/\/www.ull.es\/portal\/cienciaull\/programa-conecta-cienciull\/"},{"@type":"ListItem","position":3,"name":"Centros escolares participantes"}]},{"@type":"WebSite","@id":"https:\/\/www.ull.es\/portal\/cienciaull\/#website","url":"https:\/\/www.ull.es\/portal\/cienciaull\/","name":"","description":"Unidad de Cultura Cient\u00edfica y de la Innovaci\u00f3n de la Universidad de La Laguna","potentialAction":[{"@type":"SearchAction","target":{"@type":"EntryPoint","urlTemplate":"https:\/\/www.ull.es\/portal\/cienciaull\/?s={search_term_string}"},"query-input":"required name=search_term_string"}],"inLanguage":"es"}]}},"_links":{"self":[{"href":"https:\/\/www.ull.es\/portal\/cienciaull\/wp-json\/wp\/v2\/pages\/1154"}],"collection":[{"href":"https:\/\/www.ull.es\/portal\/cienciaull\/wp-json\/wp\/v2\/pages"}],"about":[{"href":"https:\/\/www.ull.es\/portal\/cienciaull\/wp-json\/wp\/v2\/types\/page"}],"author":[{"embeddable":true,"href":"https:\/\/www.ull.es\/portal\/cienciaull\/wp-json\/wp\/v2\/users\/56"}],"replies":[{"embeddable":true,"href":"https:\/\/www.ull.es\/portal\/cienciaull\/wp-json\/wp\/v2\/comments?post=1154"}],"version-history":[{"count":37,"href":"https:\/\/www.ull.es\/portal\/cienciaull\/wp-json\/wp\/v2\/pages\/1154\/revisions"}],"predecessor-version":[{"id":10874,"href":"https:\/\/www.ull.es\/portal\/cienciaull\/wp-json\/wp\/v2\/pages\/1154\/revisions\/10874"}],"up":[{"embeddable":true,"href":"https:\/\/www.ull.es\/portal\/cienciaull\/wp-json\/wp\/v2\/pages\/1040"}],"wp:attachment":[{"href":"https:\/\/www.ull.es\/portal\/cienciaull\/wp-json\/wp\/v2\/media?parent=1154"}],"curies":[{"name":"wp","href":"https:\/\/api.w.org\/{rel}","templated":true}]}}