{"id":11570,"date":"2021-05-03T07:40:18","date_gmt":"2021-05-03T07:40:18","guid":{"rendered":"https:\/\/www.ull.es\/portal\/cienciaull\/?page_id=11570"},"modified":"2021-06-30T10:17:26","modified_gmt":"2021-06-30T10:17:26","slug":"concurso-infantil-de-maletas-cientificas-de-canarias-2","status":"publish","type":"page","link":"https:\/\/www.ull.es\/portal\/cienciaull\/concurso-infantil-de-maletas-cientificas-de-canarias-2\/","title":{"rendered":"Concurso Infantil de Maletas Cient\u00edficas de Canarias"},"content":{"rendered":"<p>[vc_row][vc_column]\n<div id=\"rev_slider_55_1_wrapper\" class=\"rev_slider_wrapper fullwidthbanner-container\" data-source=\"gallery\" style=\"margin:0px auto;background:transparent;padding:0px;margin-top:0px;margin-bottom:0px;\">\n<!-- START REVOLUTION SLIDER 5.4.7.3 fullwidth mode -->\n\t<div id=\"rev_slider_55_1\" class=\"rev_slider fullwidthabanner\" style=\"display:none;\" data-version=\"5.4.7.3\">\n<ul>\t<!-- SLIDE  -->\n\t<li data-index=\"rs-81\" data-transition=\"fade\" data-slotamount=\"default\" data-hideafterloop=\"0\" data-hideslideonmobile=\"off\"  data-easein=\"default\" data-easeout=\"default\" data-masterspeed=\"300\"  data-rotate=\"0\"  data-saveperformance=\"off\"  data-title=\"Slide\" data-param1=\"\" data-param2=\"\" data-param3=\"\" data-param4=\"\" data-param5=\"\" data-param6=\"\" data-param7=\"\" data-param8=\"\" data-param9=\"\" data-param10=\"\" data-description=\"\">\n\t\t<!-- MAIN IMAGE -->\n\t\t<img src=\"https:\/\/www.ull.es\/portal\/cienciaull\/wp-content\/plugins\/revslider\/admin\/assets\/images\/transparent.png\"  alt=\"\" title=\"Concurso Infantil de Maletas Cient\u00edficas de Canarias\"  data-bgposition=\"center center\" data-bgfit=\"cover\" data-bgrepeat=\"no-repeat\" class=\"rev-slidebg\" data-no-retina>\n\t\t<!-- LAYERS -->\n\n\t\t<!-- LAYER NR. 1 -->\n\t\t<div class=\"tp-caption   tp-resizeme\" \n\t\t\t id=\"slide-81-layer-1\" \n\t\t\t data-x=\"1\" \n\t\t\t data-y=\"3\" \n\t\t\t\t\t\tdata-width=\"['none','none','none','none']\"\n\t\t\tdata-height=\"['none','none','none','none']\"\n \n\t\t\tdata-type=\"image\" \n\t\t\tdata-responsive_offset=\"on\" \n\n\t\t\tdata-frames='[{\"delay\":0,\"speed\":300,\"frame\":\"0\",\"from\":\"opacity:0;\",\"to\":\"o:1;\",\"ease\":\"Power3.easeInOut\"},{\"delay\":\"wait\",\"speed\":300,\"frame\":\"999\",\"to\":\"opacity:0;\",\"ease\":\"Power3.easeInOut\"}]'\n\t\t\tdata-textAlign=\"['inherit','inherit','inherit','inherit']\"\n\t\t\tdata-paddingtop=\"[0,0,0,0]\"\n\t\t\tdata-paddingright=\"[0,0,0,0]\"\n\t\t\tdata-paddingbottom=\"[0,0,0,0]\"\n\t\t\tdata-paddingleft=\"[0,0,0,0]\"\n\n\t\t\tstyle=\"z-index: 5;\"><img src=\"https:\/\/www.ull.es\/portal\/cienciaull\/wp-content\/uploads\/sites\/24\/2021\/05\/maleta_banner.jpg\" alt=\"\" data-ww=\"1600px\" data-hh=\"600px\" width=\"1600\" height=\"600\" data-no-retina> <\/div>\n\t<\/li>\n<\/ul>\n<div class=\"tp-bannertimer tp-bottom\" style=\"visibility: hidden !important;\"><\/div>\t<\/div>\n<script>var htmlDiv = document.getElementById(\"rs-plugin-settings-inline-css\"); var htmlDivCss=\"\";\r\n\t\t\t\tif(htmlDiv) {\r\n\t\t\t\t\thtmlDiv.innerHTML = htmlDiv.innerHTML + htmlDivCss;\r\n\t\t\t\t}else{\r\n\t\t\t\t\tvar htmlDiv = document.createElement(\"div\");\r\n\t\t\t\t\thtmlDiv.innerHTML = \"<style>\" + htmlDivCss + \"<\/style>\";\r\n\t\t\t\t\tdocument.getElementsByTagName(\"head\")[0].appendChild(htmlDiv.childNodes[0]);\r\n\t\t\t\t}\r\n\t\t\t<\/script>\n\t\t<script type=\"text\/javascript\">\r\nif (setREVStartSize!==undefined) setREVStartSize(\r\n\t{c: '#rev_slider_55_1', gridwidth: [1600], gridheight: [600], sliderLayout: 'auto'});\r\n\t\t\t\r\nvar revapi55,\r\n\ttpj;\t\r\n(function() {\t\t\t\r\n\tif (!\/loaded|interactive|complete\/.test(document.readyState)) document.addEventListener(\"DOMContentLoaded\",onLoad); else onLoad();\t\r\n\tfunction onLoad() {\t\t\t\t\r\n\t\tif (tpj===undefined) { tpj = jQuery; if(\"off\" == \"on\") tpj.noConflict();}\r\n\tif(tpj(\"#rev_slider_55_1\").revolution == undefined){\n\t\trevslider_showDoubleJqueryError(\"#rev_slider_55_1\");\n\t}else{\n\t\trevapi55 = tpj(\"#rev_slider_55_1\").show().revolution({\n\t\t\tsliderType:\"hero\",\n\t\t\tjsFileLocation:\"\/\/www.ull.es\/portal\/cienciaull\/wp-content\/plugins\/revslider\/public\/assets\/js\/\",\n\t\t\tsliderLayout:\"auto\",\n\t\t\tdottedOverlay:\"none\",\n\t\t\tdelay:9000,\n\t\t\tvisibilityLevels:[1240,1024,778,480],\n\t\t\tgridwidth:1600,\n\t\t\tgridheight:600,\n\t\t\tlazyType:\"none\",\n\t\t\tshadow:0,\n\t\t\tspinner:\"spinner0\",\n\t\t\tautoHeight:\"off\",\n\t\t\tdisableProgressBar:\"on\",\n\t\t\thideThumbsOnMobile:\"off\",\n\t\t\thideSliderAtLimit:0,\n\t\t\thideCaptionAtLimit:0,\n\t\t\thideAllCaptionAtLilmit:0,\n\t\t\tdebugMode:false,\n\t\t\tfallbacks: {\n\t\t\t\tsimplifyAll:\"off\",\n\t\t\t\tdisableFocusListener:false,\n\t\t\t}\n\t\t});\n\t}; \/* END OF revapi call *\/\n\t\n }; \/* END OF ON LOAD FUNCTION *\/\r\n}()); \/* END OF WRAPPING FUNCTION *\/\r\n<\/script>\r\n\t\t<\/div><!-- END REVOLUTION SLIDER -->[vc_separator color=\u00bbviolet\u00bb border_width=\u00bb10&#8243; css=\u00bb.vc_custom_1620825639027{margin-top: 0px !important;border-top-width: 0px !important;padding-top: 0px !important;}\u00bb][\/vc_column][\/vc_row][vc_row][vc_column][vc_empty_space height=\u00bb40px\u00bb][vc_custom_heading text=\u00bbPresentaci\u00f3n\u00bb font_container=\u00bbtag:h2|text_align:left|color:%2367066b\u00bb google_fonts=\u00bbfont_family:Roboto%20Slab%3A100%2C300%2Cregular%2C700|font_style:700%20bold%20regular%3A700%3Anormal\u00bb css=\u00bb.vc_custom_1620027795188{margin-bottom: 7px !important;border-bottom-width: 7px !important;padding-bottom: 7px !important;}\u00bb][\/vc_column][\/vc_row][vc_row][vc_column width=\u00bb2\/3&#8243;][vc_column_text]<\/p>\n<p style=\"text-align: justify\"><span style=\"color: #333333\">La <strong>Unidad de Cultura Cient\u00edfica y de la Innovaci\u00f3n (UCC+I)<\/strong>, <strong>Cienci@ULL<\/strong>, presenta la segunda edici\u00f3n del<strong>\u00a0Concurso Infantil de Maletas Cient\u00edficas de Canarias<\/strong> dirigido al alumnado de 4\u00ba, 5\u00ba y 6\u00ba de primaria de los centros educativos de educaci\u00f3n primaria de la Comunidad Aut\u00f3noma de Canarias, como pre-actividad dentro del marco del proyecto europeo \u00ab<strong>MacaroNight: la Noche Europea de los Investigadores de la Macaronesia<\/strong>\u00ab, que se celebrar\u00e1 en el mes de septiembre de 2021.<\/span><\/p>\n<p style=\"text-align: justify\"><strong>MacaroNight<\/strong> es una iniciativa promovida por La Palma Research Centre, el Fundo Regional para a Ci\u00e8ncia e Tecnologia de A\u00e7ores, la Fundaci\u00f3n del Parque Cient\u00edfico Tecnol\u00f3gico de la Universidad de la Las Palmas de Gran Canaria, la Universidad de Madeira y la Fundaci\u00f3n General de la Universidad de La Laguna. Cuenta adem\u00e1s con la colaboraci\u00f3n de la Agencia Canaria de Investigaci\u00f3n, Innovaci\u00f3n y Sociedad de la Informaci\u00f3n del Gobierno de Canarias.<\/p>\n<p>[\/vc_column_text][vc_separator][vc_column_text]<span style=\"color: #5a4070\"><strong>\u00a0 \u00a0 1. Objeto<\/strong><\/span>[\/vc_column_text][vc_column_text]<\/p>\n<p style=\"text-align: justify\"><span style=\"color: #333333\">El alumnado de primaria realizar\u00e1 una maqueta o prototipo sobre un hecho o descubrimiento cient\u00edfico realizado por un\/a investigador\/a canario\/a. Esta presentaci\u00f3n debe realizarse en el interior de una maleta que tiene que ser elaborada por el propio alumnado.<\/span><\/p>\n<p style=\"text-align: justify\">Asimismo, el alumnado participante debe hacer una exposici\u00f3n del prototipo\/maqueta cient\u00edfica a trav\u00e9s de la realizaci\u00f3n de un v\u00eddeo, cuya duraci\u00f3n m\u00e1xima sea de 5 minutos, explicando el hecho o descubrimiento cient\u00edfico que han presentado y el motivo de la elecci\u00f3n del mismo, los materiales utilizados, la hoja de ruta o planificaci\u00f3n y la distribuci\u00f3n del trabajo empleada para la realizaci\u00f3n de la maqueta.<\/p>\n<p>[\/vc_column_text][vc_separator][vc_column_text]<span style=\"color: #5a4070\"><strong>\u00a0 \u00a0 2. P\u00fablico al que va dirigido<\/strong><\/span>[\/vc_column_text][vc_column_text]<\/p>\n<p style=\"text-align: justify\">Alumnado de educaci\u00f3n primaria:<\/p>\n<p style=\"text-align: justify\">\u2022 Grupos de m\u00e1ximo 10 alumnos\/as de 4\u00ba, 5\u00ba y 6\u00ba de primaria de los diferentes centros educativos de la Comunidad Aut\u00f3noma de Canarias. Se podr\u00e1n presentar varios grupos dentro de la misma clase, cada grupo m\u00e1ximo de 10 alumnos\/as.<\/p>\n<p>[\/vc_column_text][vc_separator][vc_column_text]<span style=\"color: #5a4070\"><strong>\u00a0 \u00a0 3. Premios<\/strong><\/span>[\/vc_column_text][vc_column_text]<\/p>\n<p style=\"text-align: justify\">Se establecen tres categor\u00edas de premios (primer, segundo y tercer premio) cuya dotaci\u00f3n econ\u00f3mica estar\u00e1 destinada a la compra de material escolar para el centro educativo. Las cuant\u00edas de los premios son las siguientes:<\/p>\n<p><strong>Primer premio:<\/strong> 1.000,00 euros<\/p>\n<p><strong>Segundo premio:<\/strong> 750,00 euros<\/p>\n<p><strong>Tercer premio:<\/strong> 500,00 euros<\/p>\n<p>[\/vc_column_text][vc_separator][vc_column_text]<span style=\"color: #5a4070\"><strong>\u00a0 \u00a0 4. Valoraci\u00f3n de las Maletas Cient\u00edficas<\/strong><\/span>[\/vc_column_text][vc_column_text]<\/p>\n<p style=\"text-align: justify\">Se conformar\u00e1 una comisi\u00f3n de selecci\u00f3n, compuesta por 1 representante de la Universidad de La Laguna, 1 de la Palma Research Centre, 1 de la Agencia Canaria de Investigaci\u00f3n, Innovaci\u00f3n y Sociedad de la Informaci\u00f3n y 2 de la Fundaci\u00f3n General de la Universidad de La Laguna, que elegir\u00e1n a los ganadores en funci\u00f3n de los siguientes criterios:<\/p>\n<p style=\"text-align: justify\">1. T\u00edtulo claro y atractivo del prototipo\/maqueta cient\u00edfica<br \/>\n2. Originalidad en la realizaci\u00f3n de la maleta cient\u00edfica<br \/>\n3. Exactitud del hecho o descubrimiento cient\u00edfico<br \/>\n4. Brevedad y claridad en la exposici\u00f3n de la maleta cient\u00edfica a trav\u00e9s de un v\u00eddeo<br \/>\n5. Organizaci\u00f3n y trabajo en equipo<br \/>\n6. Creatividad en la exposici\u00f3n y los tipos de materiales empleados en la realizaci\u00f3n de la maqueta<\/p>\n<p>[\/vc_column_text][vc_separator][vc_column_text]<span style=\"color: #5a4070\"><strong>\u00a0 \u00a0 5. Inscripci\u00f3n<\/strong><\/span>[\/vc_column_text][vc_column_text]La presentaci\u00f3n de los trabajos se realizar\u00e1 exclusivamente a trav\u00e9s del formulario online:[\/vc_column_text][vc_btn title=\u00bbPresenta la Maleta Cient\u00edfica aqu\u00ed\u00bb color=\u00bbpurple\u00bb size=\u00bblg\u00bb align=\u00bbcenter\u00bb button_block=\u00bbtrue\u00bb link=\u00bburl:https%3A%2F%2Fforms.gle%2FSEKaq23yfRJd3QqA9&#8243;][vc_column_text]<\/p>\n<p style=\"text-align: justify\">Una vez finalizada la maqueta y antes de la finalizaci\u00f3n del plazo fijado en estas bases, se deber\u00e1 enviar el v\u00eddeo de presentaci\u00f3n de la maqueta de acuerdo a los criterios de valoraci\u00f3n a la siguiente direcci\u00f3n de correo electr\u00f3nico: <a href=\"mailto:gciencia@fg.ull.es\" target=\"_blank\" rel=\"noopener\">gciencia@fg.ull.es<\/a><\/p>\n<p>[\/vc_column_text][vc_separator][vc_column_text]<span style=\"color: #5a4070\"><strong>\u00a0 \u00a0 6. Fecha l\u00edmite<\/strong><\/span>[\/vc_column_text][vc_column_text]<\/p>\n<p style=\"text-align: justify\">La fecha l\u00edmite para la presentaci\u00f3n de las maquetas cient\u00edficas es el<strong> 20 de septiembre de 2021<\/strong>.<\/p>\n<p>Para m\u00e1s informaci\u00f3n consultar las <span style=\"color: #2a4185\"><a style=\"color: #2a4185\" href=\"https:\/\/drive.google.com\/file\/d\/1sSBC3fjFo0-a1lZ9oh0ksPWqKJpHLrnn\/view?usp=sharing\" target=\"_blank\" rel=\"noopener\">Bases de participaci\u00f3n<\/a><\/span>.[\/vc_column_text][vc_separator][\/vc_column][vc_column width=\u00bb1\/3&#8243;][vc_btn title=\u00bbMacaroNight 2021&#8243; color=\u00bbpurple\u00bb size=\u00bblg\u00bb align=\u00bbcenter\u00bb button_block=\u00bbtrue\u00bb css=\u00bb.vc_custom_1624624626646{margin-bottom: 3px !important;border-bottom-width: 3px !important;padding-bottom: 3px !important;}\u00bb link=\u00bburl:https%3A%2F%2Fwww.ull.es%2Fportal%2Fcienciaull%2Fmacaronight-2021%2F\u00bb][vc_btn title=\u00bbConcurso de Divulgaci\u00f3n Cient\u00edfica\u00bb color=\u00bbinfo\u00bb size=\u00bblg\u00bb align=\u00bbcenter\u00bb button_block=\u00bbtrue\u00bb css=\u00bb.vc_custom_1620041961600{margin-bottom: 3px !important;border-bottom-width: 3px !important;padding-bottom: 3px !important;}\u00bb link=\u00bburl:https%3A%2F%2Fwww.ull.es%2Fportal%2Fcienciaull%2Fconcurso-de-divulgacion-2%2F\u00bb][vc_btn title=\u00bbLaboratorio de Verano\u00bb color=\u00bborange\u00bb size=\u00bblg\u00bb align=\u00bbcenter\u00bb button_block=\u00bbtrue\u00bb css=\u00bb.vc_custom_1620120545599{margin-bottom: 3px !important;border-bottom-width: 3px !important;padding-bottom: 3px !important;}\u00bb link=\u00bburl:https%3A%2F%2Fwww.ull.es%2Fportal%2Fcienciaull%2Flaboratorio-arn-innova%2F\u00bb][vc_btn title=\u00bbConect@ Cienci@ULL\u00bb color=\u00bbpink\u00bb size=\u00bblg\u00bb align=\u00bbcenter\u00bb button_block=\u00bbtrue\u00bb css=\u00bb.vc_custom_1620040455704{margin-bottom: 3px !important;border-bottom-width: 3px !important;padding-bottom: 3px !important;}\u00bb link=\u00bburl:https%3A%2F%2Fwww.ull.es%2Fportal%2Fcienciaull%2Fprograma-conecta-cienciull%2F\u00bb][vc_btn title=\u00bbMuestra Documental\u00bb color=\u00bbviolet\u00bb size=\u00bblg\u00bb align=\u00bbcenter\u00bb button_block=\u00bbtrue\u00bb css=\u00bb.vc_custom_1620120601774{margin-bottom: 3px !important;border-bottom-width: 3px !important;padding-bottom: 3px !important;}\u00bb link=\u00bburl:https%3A%2F%2Fwww.ull.es%2Fportal%2Fcienciaull%2Fmuestra-de-documental-cientifico-ll-es-ciencia%2F\u00bb][vc_btn title=\u00bbRutas Cient\u00edficas de la Macaronesia\u00bb color=\u00bbsandy-brown\u00bb size=\u00bblg\u00bb align=\u00bbcenter\u00bb button_block=\u00bbtrue\u00bb css=\u00bb.vc_custom_1620028377268{margin-bottom: 3px !important;border-bottom-width: 3px !important;padding-bottom: 3px !important;}\u00bb][vc_btn title=\u00bbFeria de las Vocaciones Cient\u00edficas\u00bb color=\u00bbblue\u00bb size=\u00bblg\u00bb align=\u00bbcenter\u00bb button_block=\u00bbtrue\u00bb css=\u00bb.vc_custom_1620040434289{margin-bottom: 3px !important;border-bottom-width: 3px !important;padding-bottom: 3px !important;}\u00bb link=\u00bburl:https%3A%2F%2Fwww.ull.es%2Fportal%2Fcienciaull%2Fferia-de-las-vocaciones-cientificas-y-profesionales-de-canarias%2F\u00bb][vc_btn title=\u00bbI Edici\u00f3n Concurso Maletas Cient\u00edficas\u00bb color=\u00bbvista-blue\u00bb size=\u00bblg\u00bb align=\u00bbcenter\u00bb button_block=\u00bbtrue\u00bb css=\u00bb.vc_custom_1620736702701{margin-bottom: 3px !important;border-bottom-width: 3px !important;padding-bottom: 3px !important;}\u00bb link=\u00bburl:https%3A%2F%2Fwww.ull.es%2Fportal%2Fcienciaull%2Fconcurso-infantil-de-maletas-cientificas-de-canarias%2F\u00bb][vc_custom_heading text=\u00bb<strong> Maletas cient\u00edficas premiadas 2020 <\/strong>\u00bb font_container=\u00bbtag:h4|text_align:left|color:%237b4491&#8243; google_fonts=\u00bbfont_family:Roboto%20Slab%3A100%2C300%2Cregular%2C700|font_style:700%20bold%20regular%3A700%3Anormal\u00bb][vc_column_text]<span style=\"color: #333333\"><strong>Primer premio. Maleta Cient\u00edfica 2020<\/strong><\/span>[\/vc_column_text][vc_video link=\u00bbhttps:\/\/www.youtube.com\/watch?v=an3gQNgV7jM&amp;list=PLyCiNKvX7KOElj0HCJ9k95izH9XxzLxYp&amp;index=18&#8243;][vc_column_text]<span style=\"color: #333333\"><strong>Segundo premio. Maleta Cient\u00edfica 2020<\/strong><\/span>[\/vc_column_text][vc_video link=\u00bbhttps:\/\/www.youtube.com\/watch?v=37FFsdzWAOo&amp;list=PLyCiNKvX7KOElj0HCJ9k95izH9XxzLxYp&amp;index=16&#8243;][vc_column_text]<span style=\"color: #333333\"><strong>Tercer premio. Maleta Cient\u00edfica 2020<\/strong><\/span>[\/vc_column_text][vc_video link=\u00bbhttps:\/\/www.youtube.com\/watch?v=BjcZt2oNouI&amp;list=PLyCiNKvX7KOElj0HCJ9k95izH9XxzLxYp&amp;index=5&#8243;][\/vc_column][\/vc_row]<\/p>\n","protected":false},"excerpt":{"rendered":"<p>[vc_row][vc_column][vc_separator color=\u00bbviolet\u00bb border_width=\u00bb10&#8243; css=\u00bb.vc_custom_1620825639027{margin-top: 0px !important;border-top-width: 0px !important;padding-top: 0px !important;}\u00bb][\/vc_column][\/vc_row][vc_row][vc_column][vc_empty_space height=\u00bb40px\u00bb][vc_custom_heading text=\u00bbPresentaci\u00f3n\u00bb font_container=\u00bbtag:h2|text_align:left|color:%2367066b\u00bb google_fonts=\u00bbfont_family:Roboto%20Slab%3A100%2C300%2Cregular%2C700|font_style:700%20bold%20regular%3A700%3Anormal\u00bb css=\u00bb.vc_custom_1620027795188{margin-bottom: 7px !important;border-bottom-width: 7px !important;padding-bottom: 7px !important;}\u00bb][\/vc_column][\/vc_row][vc_row][vc_column width=\u00bb2\/3&#8243;][vc_column_text] La Unidad de Cultura Cient\u00edfica y de la Innovaci\u00f3n (UCC+I), Cienci@ULL, presenta la segunda edici\u00f3n del\u00a0Concurso Infantil de Maletas Cient\u00edficas de Canarias dirigido al alumnado de 4\u00ba, 5\u00ba y 6\u00ba de primaria de&#8230;<\/p>\n","protected":false},"author":56,"featured_media":0,"parent":0,"menu_order":0,"comment_status":"closed","ping_status":"closed","template":"templates\/cienciaull.php","meta":{"inline_featured_image":false,"footnotes":""},"acf":[],"yoast_head":"<!-- This site is optimized with the Yoast SEO plugin v21.3 - https:\/\/yoast.com\/wordpress\/plugins\/seo\/ -->\n<title>Concurso Infantil de Maletas Cient\u00edficas de Canarias -<\/title>\n<meta name=\"robots\" content=\"index, follow, max-snippet:-1, max-image-preview:large, max-video-preview:-1\" \/>\n<link rel=\"canonical\" href=\"https:\/\/www.ull.es\/portal\/cienciaull\/concurso-infantil-de-maletas-cientificas-de-canarias-2\/\" \/>\n<meta property=\"og:locale\" content=\"es_ES\" \/>\n<meta property=\"og:type\" content=\"article\" \/>\n<meta property=\"og:title\" content=\"Concurso Infantil de Maletas Cient\u00edficas de Canarias -\" \/>\n<meta property=\"og:description\" content=\"[vc_row][vc_column][vc_separator color=\u00bbviolet\u00bb border_width=\u00bb10&#8243; css=\u00bb.vc_custom_1620825639027{margin-top: 0px !important;border-top-width: 0px !important;padding-top: 0px !important;}\u00bb][\/vc_column][\/vc_row][vc_row][vc_column][vc_empty_space height=\u00bb40px\u00bb][vc_custom_heading text=\u00bbPresentaci\u00f3n\u00bb font_container=\u00bbtag:h2|text_align:left|color:%2367066b\u00bb google_fonts=\u00bbfont_family:Roboto%20Slab%3A100%2C300%2Cregular%2C700|font_style:700%20bold%20regular%3A700%3Anormal\u00bb css=\u00bb.vc_custom_1620027795188{margin-bottom: 7px !important;border-bottom-width: 7px !important;padding-bottom: 7px !important;}\u00bb][\/vc_column][\/vc_row][vc_row][vc_column width=\u00bb2\/3&#8243;][vc_column_text] La Unidad de Cultura Cient\u00edfica y de la Innovaci\u00f3n (UCC+I), Cienci@ULL, presenta la segunda edici\u00f3n del\u00a0Concurso Infantil de Maletas Cient\u00edficas de Canarias dirigido al alumnado de 4\u00ba, 5\u00ba y 6\u00ba de primaria de...\" \/>\n<meta property=\"og:url\" content=\"https:\/\/www.ull.es\/portal\/cienciaull\/concurso-infantil-de-maletas-cientificas-de-canarias-2\/\" \/>\n<meta property=\"article:publisher\" content=\"https:\/\/www.facebook.com\/CienciaULL\/\" \/>\n<meta property=\"article:modified_time\" content=\"2021-06-30T10:17:26+00:00\" \/>\n<meta name=\"twitter:card\" content=\"summary_large_image\" \/>\n<meta name=\"twitter:site\" content=\"@CienciaULL\" \/>\n<meta name=\"twitter:label1\" content=\"Tiempo de lectura\" \/>\n\t<meta name=\"twitter:data1\" content=\"4 minutos\" \/>\n<script type=\"application\/ld+json\" class=\"yoast-schema-graph\">{\"@context\":\"https:\/\/schema.org\",\"@graph\":[{\"@type\":\"WebPage\",\"@id\":\"https:\/\/www.ull.es\/portal\/cienciaull\/concurso-infantil-de-maletas-cientificas-de-canarias-2\/\",\"url\":\"https:\/\/www.ull.es\/portal\/cienciaull\/concurso-infantil-de-maletas-cientificas-de-canarias-2\/\",\"name\":\"Concurso Infantil de Maletas Cient\u00edficas de Canarias -\",\"isPartOf\":{\"@id\":\"https:\/\/www.ull.es\/portal\/cienciaull\/#website\"},\"datePublished\":\"2021-05-03T07:40:18+00:00\",\"dateModified\":\"2021-06-30T10:17:26+00:00\",\"breadcrumb\":{\"@id\":\"https:\/\/www.ull.es\/portal\/cienciaull\/concurso-infantil-de-maletas-cientificas-de-canarias-2\/#breadcrumb\"},\"inLanguage\":\"es\",\"potentialAction\":[{\"@type\":\"ReadAction\",\"target\":[\"https:\/\/www.ull.es\/portal\/cienciaull\/concurso-infantil-de-maletas-cientificas-de-canarias-2\/\"]}]},{\"@type\":\"BreadcrumbList\",\"@id\":\"https:\/\/www.ull.es\/portal\/cienciaull\/concurso-infantil-de-maletas-cientificas-de-canarias-2\/#breadcrumb\",\"itemListElement\":[{\"@type\":\"ListItem\",\"position\":1,\"name\":\"Portada\",\"item\":\"https:\/\/www.ull.es\/portal\/cienciaull\/\"},{\"@type\":\"ListItem\",\"position\":2,\"name\":\"Concurso Infantil de Maletas Cient\u00edficas de Canarias\"}]},{\"@type\":\"WebSite\",\"@id\":\"https:\/\/www.ull.es\/portal\/cienciaull\/#website\",\"url\":\"https:\/\/www.ull.es\/portal\/cienciaull\/\",\"name\":\"\",\"description\":\"Unidad de Cultura Cient\u00edfica y de la Innovaci\u00f3n de la Universidad de La Laguna\",\"potentialAction\":[{\"@type\":\"SearchAction\",\"target\":{\"@type\":\"EntryPoint\",\"urlTemplate\":\"https:\/\/www.ull.es\/portal\/cienciaull\/?s={search_term_string}\"},\"query-input\":\"required name=search_term_string\"}],\"inLanguage\":\"es\"}]}<\/script>\n<!-- \/ Yoast SEO plugin. -->","yoast_head_json":{"title":"Concurso Infantil de Maletas Cient\u00edficas de Canarias -","robots":{"index":"index","follow":"follow","max-snippet":"max-snippet:-1","max-image-preview":"max-image-preview:large","max-video-preview":"max-video-preview:-1"},"canonical":"https:\/\/www.ull.es\/portal\/cienciaull\/concurso-infantil-de-maletas-cientificas-de-canarias-2\/","og_locale":"es_ES","og_type":"article","og_title":"Concurso Infantil de Maletas Cient\u00edficas de Canarias -","og_description":"[vc_row][vc_column][vc_separator color=\u00bbviolet\u00bb border_width=\u00bb10&#8243; css=\u00bb.vc_custom_1620825639027{margin-top: 0px !important;border-top-width: 0px !important;padding-top: 0px !important;}\u00bb][\/vc_column][\/vc_row][vc_row][vc_column][vc_empty_space height=\u00bb40px\u00bb][vc_custom_heading text=\u00bbPresentaci\u00f3n\u00bb font_container=\u00bbtag:h2|text_align:left|color:%2367066b\u00bb google_fonts=\u00bbfont_family:Roboto%20Slab%3A100%2C300%2Cregular%2C700|font_style:700%20bold%20regular%3A700%3Anormal\u00bb css=\u00bb.vc_custom_1620027795188{margin-bottom: 7px !important;border-bottom-width: 7px !important;padding-bottom: 7px !important;}\u00bb][\/vc_column][\/vc_row][vc_row][vc_column width=\u00bb2\/3&#8243;][vc_column_text] La Unidad de Cultura Cient\u00edfica y de la Innovaci\u00f3n (UCC+I), Cienci@ULL, presenta la segunda edici\u00f3n del\u00a0Concurso Infantil de Maletas Cient\u00edficas de Canarias dirigido al alumnado de 4\u00ba, 5\u00ba y 6\u00ba de primaria de...","og_url":"https:\/\/www.ull.es\/portal\/cienciaull\/concurso-infantil-de-maletas-cientificas-de-canarias-2\/","article_publisher":"https:\/\/www.facebook.com\/CienciaULL\/","article_modified_time":"2021-06-30T10:17:26+00:00","twitter_card":"summary_large_image","twitter_site":"@CienciaULL","twitter_misc":{"Tiempo de lectura":"4 minutos"},"schema":{"@context":"https:\/\/schema.org","@graph":[{"@type":"WebPage","@id":"https:\/\/www.ull.es\/portal\/cienciaull\/concurso-infantil-de-maletas-cientificas-de-canarias-2\/","url":"https:\/\/www.ull.es\/portal\/cienciaull\/concurso-infantil-de-maletas-cientificas-de-canarias-2\/","name":"Concurso Infantil de Maletas Cient\u00edficas de Canarias -","isPartOf":{"@id":"https:\/\/www.ull.es\/portal\/cienciaull\/#website"},"datePublished":"2021-05-03T07:40:18+00:00","dateModified":"2021-06-30T10:17:26+00:00","breadcrumb":{"@id":"https:\/\/www.ull.es\/portal\/cienciaull\/concurso-infantil-de-maletas-cientificas-de-canarias-2\/#breadcrumb"},"inLanguage":"es","potentialAction":[{"@type":"ReadAction","target":["https:\/\/www.ull.es\/portal\/cienciaull\/concurso-infantil-de-maletas-cientificas-de-canarias-2\/"]}]},{"@type":"BreadcrumbList","@id":"https:\/\/www.ull.es\/portal\/cienciaull\/concurso-infantil-de-maletas-cientificas-de-canarias-2\/#breadcrumb","itemListElement":[{"@type":"ListItem","position":1,"name":"Portada","item":"https:\/\/www.ull.es\/portal\/cienciaull\/"},{"@type":"ListItem","position":2,"name":"Concurso Infantil de Maletas Cient\u00edficas de Canarias"}]},{"@type":"WebSite","@id":"https:\/\/www.ull.es\/portal\/cienciaull\/#website","url":"https:\/\/www.ull.es\/portal\/cienciaull\/","name":"","description":"Unidad de Cultura Cient\u00edfica y de la Innovaci\u00f3n de la Universidad de La Laguna","potentialAction":[{"@type":"SearchAction","target":{"@type":"EntryPoint","urlTemplate":"https:\/\/www.ull.es\/portal\/cienciaull\/?s={search_term_string}"},"query-input":"required name=search_term_string"}],"inLanguage":"es"}]}},"_links":{"self":[{"href":"https:\/\/www.ull.es\/portal\/cienciaull\/wp-json\/wp\/v2\/pages\/11570"}],"collection":[{"href":"https:\/\/www.ull.es\/portal\/cienciaull\/wp-json\/wp\/v2\/pages"}],"about":[{"href":"https:\/\/www.ull.es\/portal\/cienciaull\/wp-json\/wp\/v2\/types\/page"}],"author":[{"embeddable":true,"href":"https:\/\/www.ull.es\/portal\/cienciaull\/wp-json\/wp\/v2\/users\/56"}],"replies":[{"embeddable":true,"href":"https:\/\/www.ull.es\/portal\/cienciaull\/wp-json\/wp\/v2\/comments?post=11570"}],"version-history":[{"count":73,"href":"https:\/\/www.ull.es\/portal\/cienciaull\/wp-json\/wp\/v2\/pages\/11570\/revisions"}],"predecessor-version":[{"id":11940,"href":"https:\/\/www.ull.es\/portal\/cienciaull\/wp-json\/wp\/v2\/pages\/11570\/revisions\/11940"}],"wp:attachment":[{"href":"https:\/\/www.ull.es\/portal\/cienciaull\/wp-json\/wp\/v2\/media?parent=11570"}],"curies":[{"name":"wp","href":"https:\/\/api.w.org\/{rel}","templated":true}]}}