{"id":12070,"date":"2021-07-13T10:26:58","date_gmt":"2021-07-13T10:26:58","guid":{"rendered":"https:\/\/www.ull.es\/portal\/cienciaull\/?page_id=12070"},"modified":"2025-08-05T09:34:45","modified_gmt":"2025-08-05T09:34:45","slug":"chicasconcienciaull","status":"publish","type":"page","link":"https:\/\/www.ull.es\/portal\/cienciaull\/chicasconcienciaull\/","title":{"rendered":"Chicas con Cienci@ULL Programa Educativo"},"content":{"rendered":"<p>[vc_row][vc_column]\n<div id=\"rev_slider_358_1_wrapper\" class=\"rev_slider_wrapper fullwidthbanner-container\" data-source=\"gallery\" style=\"margin:0px auto;background:transparent;padding:0px;margin-top:0px;margin-bottom:0px;\">\n<!-- START REVOLUTION SLIDER 5.4.7.3 auto mode -->\n\t<div id=\"rev_slider_358_1\" class=\"rev_slider fullwidthabanner\" style=\"display:none;\" data-version=\"5.4.7.3\">\n<ul>\t<!-- SLIDE  -->\n\t<li data-index=\"rs-412\" data-transition=\"fade\" data-slotamount=\"default\" data-hideafterloop=\"0\" data-hideslideonmobile=\"off\"  data-easein=\"default\" data-easeout=\"default\" data-masterspeed=\"300\"  data-rotate=\"0\"  data-saveperformance=\"off\"  data-title=\"Slide\" data-param1=\"\" data-param2=\"\" data-param3=\"\" data-param4=\"\" data-param5=\"\" data-param6=\"\" data-param7=\"\" data-param8=\"\" data-param9=\"\" data-param10=\"\" data-description=\"\">\n\t\t<!-- MAIN IMAGE -->\n\t\t<img src=\"https:\/\/www.ull.es\/portal\/cienciaull\/wp-content\/uploads\/sites\/24\/2025\/10\/proyecto_chicas_bn.jpg\"  alt=\"\" title=\"proyecto_chicas_bn\"  width=\"1600\" height=\"600\" data-bgposition=\"center center\" data-bgfit=\"cover\" data-bgrepeat=\"no-repeat\" class=\"rev-slidebg\" data-no-retina>\n\t\t<!-- LAYERS -->\n\t<\/li>\n<\/ul>\n<div class=\"tp-bannertimer tp-bottom\" style=\"visibility: hidden !important;\"><\/div>\t<\/div>\n<script>var htmlDiv = document.getElementById(\"rs-plugin-settings-inline-css\"); var htmlDivCss=\"\";\r\n\t\t\t\tif(htmlDiv) {\r\n\t\t\t\t\thtmlDiv.innerHTML = htmlDiv.innerHTML + htmlDivCss;\r\n\t\t\t\t}else{\r\n\t\t\t\t\tvar htmlDiv = document.createElement(\"div\");\r\n\t\t\t\t\thtmlDiv.innerHTML = \"<style>\" + htmlDivCss + \"<\/style>\";\r\n\t\t\t\t\tdocument.getElementsByTagName(\"head\")[0].appendChild(htmlDiv.childNodes[0]);\r\n\t\t\t\t}\r\n\t\t\t<\/script>\n\t\t<script type=\"text\/javascript\">\r\nif (setREVStartSize!==undefined) setREVStartSize(\r\n\t{c: '#rev_slider_358_1', gridwidth: [1500], gridheight: [500], sliderLayout: 'auto'});\r\n\t\t\t\r\nvar revapi358,\r\n\ttpj;\t\r\n(function() {\t\t\t\r\n\tif (!\/loaded|interactive|complete\/.test(document.readyState)) document.addEventListener(\"DOMContentLoaded\",onLoad); else onLoad();\t\r\n\tfunction onLoad() {\t\t\t\t\r\n\t\tif (tpj===undefined) { tpj = jQuery; if(\"off\" == \"on\") tpj.noConflict();}\r\n\tif(tpj(\"#rev_slider_358_1\").revolution == undefined){\n\t\trevslider_showDoubleJqueryError(\"#rev_slider_358_1\");\n\t}else{\n\t\trevapi358 = tpj(\"#rev_slider_358_1\").show().revolution({\n\t\t\tsliderType:\"hero\",\n\t\t\tjsFileLocation:\"\/\/www.ull.es\/portal\/cienciaull\/wp-content\/plugins\/revslider\/public\/assets\/js\/\",\n\t\t\tsliderLayout:\"auto\",\n\t\t\tdottedOverlay:\"none\",\n\t\t\tdelay:9000,\n\t\t\tvisibilityLevels:[1240,1024,778,480],\n\t\t\tgridwidth:1500,\n\t\t\tgridheight:500,\n\t\t\tlazyType:\"none\",\n\t\t\tshadow:0,\n\t\t\tspinner:\"spinner0\",\n\t\t\tautoHeight:\"off\",\n\t\t\tdisableProgressBar:\"on\",\n\t\t\thideThumbsOnMobile:\"off\",\n\t\t\thideSliderAtLimit:0,\n\t\t\thideCaptionAtLimit:0,\n\t\t\thideAllCaptionAtLilmit:0,\n\t\t\tdebugMode:false,\n\t\t\tfallbacks: {\n\t\t\t\tsimplifyAll:\"off\",\n\t\t\t\tdisableFocusListener:false,\n\t\t\t}\n\t\t});\n\t}; \/* END OF revapi call *\/\n\t\n }; \/* END OF ON LOAD FUNCTION *\/\r\n}()); \/* END OF WRAPPING FUNCTION *\/\r\n<\/script>\r\n\t\t<\/div><!-- END REVOLUTION SLIDER -->[vc_separator color=\u00bbcustom\u00bb border_width=\u00bb10&#8243; accent_color=\u00bb#aed6f1&#8243;][\/vc_column][\/vc_row][vc_row][vc_column width=\u00bb2\/3&#8243;][vc_empty_space][vc_column_text]<\/p>\n<p style=\"text-align: justify\">El <span style=\"color: #85c1e9\"><span style=\"color: #8fccdb\"><strong>Programa Educativo Chicas con Cienci@ULL <\/strong><span style=\"color: #000000\">es un programa educativo que tiene como finalidad <strong>\u00abprevenir la violencia de g\u00e9nero y fomentar la igualdad en el \u00e1mbito cient\u00edfico y acad\u00e9mico, concretamente, promover relaciones igualitarias, visibilizar el papel de las mujeres en la ciencia y empoderar a ni\u00f1as, adolescentes y cient\u00edficas, fortaleciendo su autoestima, autonom\u00eda y capacidad de decisi\u00f3n para evitar violencias machistas, mediante la transmisi\u00f3n de un relato alternativo de mujeres en las ciencias\u00bb.<\/strong><\/span><\/span><span style=\"color: #333333\"><br \/>\n<\/span><\/span><\/p>\n<p style=\"text-align: justify\">Para ello, cuenta con un conjunto de actividades orientativas, motivadoras y educativas dirigidas a ayudar a mejorar el rendimiento escolar del alumnado participante e incrementar su inter\u00e9s por realizar estudios universitarios, que les permitan alcanzar un mejor puesto laboral. Dichas actividades se realizar\u00e1n de manera presencial en los centros educativos participantes.<\/p>\n<p style=\"text-align: justify\">Los objetivos generales y espec\u00edficos de este proyecto, as\u00ed como el contenido y metodolog\u00eda de trabajo a seguir, se han dise\u00f1ado teniendo en cuenta lo contemplado en: el art\u00edculo 16 \u00abPromoci\u00f3n de la igualdad de g\u00e9nero en los centros educativos\u00bb de la Ley 1\/2010, de 26 de febrero, canaria de igualdad entre mujeres y hombres, concretamente, lo recogido en los puntos 1 y 4, y en el punto 4 de la Disposici\u00f3n adicional vig\u00e9sima, \u00abFomento de la igualdad efectiva entre hombres y mujeres\u00bb, de la Ley Org\u00e1nica 3\/2020, de 29 de diciembre, por la que se modifica la Ley Org\u00e1nica 2\/2006, de 3 de mayo, de Educaci\u00f3n.<\/p>\n<p style=\"text-align: justify\">Este proyecto est\u00e1 dirigido al alumnado de 3\u00ba y 4\u00ba de la ESO y 1\u00ba de bachillerato de los centros escolares de Canarias.<\/p>\n<p style=\"text-align: justify\">Esta iniciativa es promovida por la<a href=\"https:\/\/www.ull.es\/\" target=\"_blank\" rel=\"noopener\">\u00a0Universidad de La Laguna<\/a>\u00a0con la colaboraci\u00f3n de la\u00a0<a href=\"http:\/\/www.juventudcanaria.com\/\" target=\"_blank\" rel=\"noopener\">Direcci\u00f3n General de Juventud del Gobierno de Canarias, <\/a>y <a href=\"https:\/\/www.cajasiete.com\/es\" target=\"_blank\" rel=\"noopener\">CajaSiete.<\/a> Se enmarca en El Pacto de Estado Contra la Violencia de G\u00e9nero desde el a\u00f1o 2022.<\/p>\n<p style=\"text-align: justify\">El Programa Educativo Chicas con Cienci@ULL se enmarca en el paquete de trabajo\u00a0<b>Researchers at Schools activities<\/b>\u00a0de\u00a0<b>MacaroNight 2025<\/b>\u00a0(Noche Europea de los Investigadores e investigadoras de la Macaronesia). Este proyecto es una iniciativa promovida por\u00a0<a href=\"https:\/\/www.lapalmacentre.eu\/\" target=\"_blank\" rel=\"noopener nofollow noreferrer\" target=\"_blank\" rel=\"noopener\">La Palma Research Centre<\/a>, Observatorio Do Mar Dos Acoreacores, Big Van Ciencia, la <a href=\"https:\/\/www.uma.pt\/\" target=\"_blank\" rel=\"noopener nofollow noreferrer\" target=\"_blank\" rel=\"noopener\">Universidad da Madeira<\/a>, la\u00a0<a href=\"https:\/\/fg.ull.es\/\" target=\"_blank\" rel=\"noopener nofollow noreferrer\" target=\"_blank\" rel=\"noopener\">Fundaci\u00f3n General de la Universidad de La Laguna<\/a>. Es cofinanciada por la Comisi\u00f3n Europea bajo las Acciones Marie Sk\u0142odowska-Curie (MSCA); iniciativa para fomentar las carreras cient\u00edficas en Europa, que se enmarca en\u00a0<a href=\"https:\/\/www.horizonteeuropa.es\/\" target=\"_blank\" rel=\"noopener nofollow noreferrer\" target=\"_blank\" rel=\"noopener\">Horizonte Europa<\/a>, Programa Marco de Investigaci\u00f3n e Innovaci\u00f3n de la Uni\u00f3n Europea.<\/p>\n<p>[\/vc_column_text][\/vc_column][vc_column width=\u00bb1\/3&#8243;][vc_empty_space][vc_btn title=\u00bbObjetivos\u00bb color=\u00bbblue\u00bb size=\u00bblg\u00bb align=\u00bbcenter\u00bb button_block=\u00bbtrue\u00bb css=\u00bb.vc_custom_1626441650570{margin-bottom: 3px !important;border-bottom-width: 3px !important;padding-bottom: 3px !important;}\u00bb link=\u00bburl:https%3A%2F%2Fwww.ull.es%2Fportal%2Fcienciaull%2Fobjetivos-chicas-con-cienciull%2F\u00bb][vc_btn title=\u00bbPrograma de actividades\u00bb color=\u00bbsky\u00bb size=\u00bblg\u00bb align=\u00bbcenter\u00bb button_block=\u00bbtrue\u00bb css=\u00bb.vc_custom_1626441682901{margin-bottom: 3px !important;border-bottom-width: 3px !important;padding-bottom: 3px !important;}\u00bb link=\u00bburl:https%3A%2F%2Fwww.ull.es%2Fportal%2Fcienciaull%2Fprograma-de-actividades-chicas-con-cienciull%2F\u00bb][vc_btn title=\u00bbCentros educativos\u00bb color=\u00bbinfo\u00bb size=\u00bblg\u00bb align=\u00bbcenter\u00bb button_block=\u00bbtrue\u00bb css=\u00bb.vc_custom_1633679674605{margin-bottom: 3px !important;border-bottom-width: 3px !important;padding-bottom: 3px !important;}\u00bb link=\u00bburl:https%3A%2F%2Fwww.ull.es%2Fportal%2Fcienciaull%2Fcentros-educativos-chicas-con-cienciull%2F\u00bb][vc_btn title=\u00bbInscripci\u00f3n\u00bb color=\u00bbprimary\u00bb size=\u00bblg\u00bb align=\u00bbcenter\u00bb button_block=\u00bbtrue\u00bb css=\u00bb.vc_custom_1626441658912{margin-bottom: 3px !important;border-bottom-width: 3px !important;padding-bottom: 3px !important;}\u00bb link=\u00bburl:https%3A%2F%2Fwww.ull.es%2Fportal%2Fcienciaull%2Finscripcion-chicas-con-cienciull%2F\u00bb][vc_btn title=\u00bbEdici\u00f3n 2023&#8243; color=\u00bbviolet\u00bb size=\u00bblg\u00bb align=\u00bbcenter\u00bb button_block=\u00bbtrue\u00bb link=\u00bburl:https%3A%2F%2Fwww.ull.es%2Fportal%2Fcienciaull%2Finvtervenciones%2F\u00bb css=\u00bb.vc_custom_1734611815000{margin-bottom: 3px !important;border-bottom-width: 3px !important;padding-bottom: 3px !important;}\u00bb][vc_btn title=\u00bbEdici\u00f3n 2024&#8243; color=\u00bbpink\u00bb size=\u00bblg\u00bb align=\u00bbcenter\u00bb button_block=\u00bbtrue\u00bb link=\u00bburl:https%3A%2F%2Fwww.ull.es%2Fportal%2Fcienciaull%2Fintervenciones-2024%2F\u00bb css=\u00bb.vc_custom_1734691909582{margin-bottom: 3px !important;border-bottom-width: 3px !important;padding-bottom: 3px !important;}\u00bb][vc_btn title=\u00bbSerie Divulgativa\u00bb color=\u00bbturquoise\u00bb size=\u00bblg\u00bb align=\u00bbcenter\u00bb button_block=\u00bbtrue\u00bb css=\u00bb.vc_custom_1734611741427{margin-bottom: 3px !important;border-bottom-width: 3px !important;padding-bottom: 3px !important;}\u00bb link=\u00bburl:https%3A%2F%2Fwww.ull.es%2Fportal%2Fcienciaull%2Ftodasconcienciull%2F\u00bb][vc_btn title=\u00bb11 F\u00bb color=\u00bbmulled-wine\u00bb size=\u00bblg\u00bb align=\u00bbcenter\u00bb button_block=\u00bbtrue\u00bb link=\u00bburl:https%3A%2F%2Fwww.ull.es%2Fportal%2Fcienciaull%2F11-de-febrero-dia-internacional-de-la-mujer-y-la-nina-en-la-ciencia%2F\u00bb css=\u00bb.vc_custom_1734611886699{margin-bottom: 3px !important;border-bottom-width: 3px !important;padding-bottom: 3px !important;}\u00bb][\/vc_column][\/vc_row]<\/p>\n","protected":false},"excerpt":{"rendered":"<p>[vc_row][vc_column][vc_separator color=\u00bbcustom\u00bb border_width=\u00bb10&#8243; accent_color=\u00bb#aed6f1&#8243;][\/vc_column][\/vc_row][vc_row][vc_column width=\u00bb2\/3&#8243;][vc_empty_space][vc_column_text] El Programa Educativo Chicas con Cienci@ULL es un programa educativo que tiene como finalidad \u00abprevenir la violencia de g\u00e9nero y fomentar la igualdad en el \u00e1mbito cient\u00edfico y acad\u00e9mico, concretamente, promover relaciones igualitarias, visibilizar el papel de las mujeres en la ciencia y empoderar a ni\u00f1as, adolescentes y cient\u00edficas, fortaleciendo&#8230;<\/p>\n","protected":false},"author":56,"featured_media":0,"parent":0,"menu_order":0,"comment_status":"closed","ping_status":"closed","template":"templates\/cienciaull.php","meta":{"inline_featured_image":false,"footnotes":""},"acf":[],"yoast_head":"<!-- This site is optimized with the Yoast SEO plugin v21.3 - https:\/\/yoast.com\/wordpress\/plugins\/seo\/ -->\n<title>Chicas con Cienci@ULL Programa Educativo -<\/title>\n<meta name=\"robots\" content=\"index, follow, max-snippet:-1, max-image-preview:large, max-video-preview:-1\" \/>\n<link rel=\"canonical\" href=\"https:\/\/www.ull.es\/portal\/cienciaull\/chicasconcienciaull\/\" \/>\n<meta property=\"og:locale\" content=\"es_ES\" \/>\n<meta property=\"og:type\" content=\"article\" \/>\n<meta property=\"og:title\" content=\"Chicas con Cienci@ULL Programa Educativo -\" \/>\n<meta property=\"og:description\" content=\"[vc_row][vc_column][vc_separator color=\u00bbcustom\u00bb border_width=\u00bb10&#8243; accent_color=\u00bb#aed6f1&#8243;][\/vc_column][\/vc_row][vc_row][vc_column width=\u00bb2\/3&#8243;][vc_empty_space][vc_column_text] El Programa Educativo Chicas con Cienci@ULL es un programa educativo que tiene como finalidad \u00abprevenir la violencia de g\u00e9nero y fomentar la igualdad en el \u00e1mbito cient\u00edfico y acad\u00e9mico, concretamente, promover relaciones igualitarias, visibilizar el papel de las mujeres en la ciencia y empoderar a ni\u00f1as, adolescentes y cient\u00edficas, fortaleciendo...\" \/>\n<meta property=\"og:url\" content=\"https:\/\/www.ull.es\/portal\/cienciaull\/chicasconcienciaull\/\" \/>\n<meta property=\"article:publisher\" content=\"https:\/\/www.facebook.com\/CienciaULL\/\" \/>\n<meta property=\"article:modified_time\" content=\"2025-08-05T09:34:45+00:00\" \/>\n<meta name=\"twitter:card\" content=\"summary_large_image\" \/>\n<meta name=\"twitter:site\" content=\"@CienciaULL\" \/>\n<meta name=\"twitter:label1\" content=\"Tiempo de lectura\" \/>\n\t<meta name=\"twitter:data1\" content=\"3 minutos\" \/>\n<script type=\"application\/ld+json\" class=\"yoast-schema-graph\">{\"@context\":\"https:\/\/schema.org\",\"@graph\":[{\"@type\":\"WebPage\",\"@id\":\"https:\/\/www.ull.es\/portal\/cienciaull\/chicasconcienciaull\/\",\"url\":\"https:\/\/www.ull.es\/portal\/cienciaull\/chicasconcienciaull\/\",\"name\":\"Chicas con Cienci@ULL Programa Educativo -\",\"isPartOf\":{\"@id\":\"https:\/\/www.ull.es\/portal\/cienciaull\/#website\"},\"datePublished\":\"2021-07-13T10:26:58+00:00\",\"dateModified\":\"2025-08-05T09:34:45+00:00\",\"breadcrumb\":{\"@id\":\"https:\/\/www.ull.es\/portal\/cienciaull\/chicasconcienciaull\/#breadcrumb\"},\"inLanguage\":\"es\",\"potentialAction\":[{\"@type\":\"ReadAction\",\"target\":[\"https:\/\/www.ull.es\/portal\/cienciaull\/chicasconcienciaull\/\"]}]},{\"@type\":\"BreadcrumbList\",\"@id\":\"https:\/\/www.ull.es\/portal\/cienciaull\/chicasconcienciaull\/#breadcrumb\",\"itemListElement\":[{\"@type\":\"ListItem\",\"position\":1,\"name\":\"Portada\",\"item\":\"https:\/\/www.ull.es\/portal\/cienciaull\/\"},{\"@type\":\"ListItem\",\"position\":2,\"name\":\"Chicas con Cienci@ULL Programa Educativo\"}]},{\"@type\":\"WebSite\",\"@id\":\"https:\/\/www.ull.es\/portal\/cienciaull\/#website\",\"url\":\"https:\/\/www.ull.es\/portal\/cienciaull\/\",\"name\":\"\",\"description\":\"Unidad de Cultura Cient\u00edfica y de la Innovaci\u00f3n de la Universidad de La Laguna\",\"potentialAction\":[{\"@type\":\"SearchAction\",\"target\":{\"@type\":\"EntryPoint\",\"urlTemplate\":\"https:\/\/www.ull.es\/portal\/cienciaull\/?s={search_term_string}\"},\"query-input\":\"required name=search_term_string\"}],\"inLanguage\":\"es\"}]}<\/script>\n<!-- \/ Yoast SEO plugin. -->","yoast_head_json":{"title":"Chicas con Cienci@ULL Programa Educativo -","robots":{"index":"index","follow":"follow","max-snippet":"max-snippet:-1","max-image-preview":"max-image-preview:large","max-video-preview":"max-video-preview:-1"},"canonical":"https:\/\/www.ull.es\/portal\/cienciaull\/chicasconcienciaull\/","og_locale":"es_ES","og_type":"article","og_title":"Chicas con Cienci@ULL Programa Educativo -","og_description":"[vc_row][vc_column][vc_separator color=\u00bbcustom\u00bb border_width=\u00bb10&#8243; accent_color=\u00bb#aed6f1&#8243;][\/vc_column][\/vc_row][vc_row][vc_column width=\u00bb2\/3&#8243;][vc_empty_space][vc_column_text] El Programa Educativo Chicas con Cienci@ULL es un programa educativo que tiene como finalidad \u00abprevenir la violencia de g\u00e9nero y fomentar la igualdad en el \u00e1mbito cient\u00edfico y acad\u00e9mico, concretamente, promover relaciones igualitarias, visibilizar el papel de las mujeres en la ciencia y empoderar a ni\u00f1as, adolescentes y cient\u00edficas, fortaleciendo...","og_url":"https:\/\/www.ull.es\/portal\/cienciaull\/chicasconcienciaull\/","article_publisher":"https:\/\/www.facebook.com\/CienciaULL\/","article_modified_time":"2025-08-05T09:34:45+00:00","twitter_card":"summary_large_image","twitter_site":"@CienciaULL","twitter_misc":{"Tiempo de lectura":"3 minutos"},"schema":{"@context":"https:\/\/schema.org","@graph":[{"@type":"WebPage","@id":"https:\/\/www.ull.es\/portal\/cienciaull\/chicasconcienciaull\/","url":"https:\/\/www.ull.es\/portal\/cienciaull\/chicasconcienciaull\/","name":"Chicas con Cienci@ULL Programa Educativo -","isPartOf":{"@id":"https:\/\/www.ull.es\/portal\/cienciaull\/#website"},"datePublished":"2021-07-13T10:26:58+00:00","dateModified":"2025-08-05T09:34:45+00:00","breadcrumb":{"@id":"https:\/\/www.ull.es\/portal\/cienciaull\/chicasconcienciaull\/#breadcrumb"},"inLanguage":"es","potentialAction":[{"@type":"ReadAction","target":["https:\/\/www.ull.es\/portal\/cienciaull\/chicasconcienciaull\/"]}]},{"@type":"BreadcrumbList","@id":"https:\/\/www.ull.es\/portal\/cienciaull\/chicasconcienciaull\/#breadcrumb","itemListElement":[{"@type":"ListItem","position":1,"name":"Portada","item":"https:\/\/www.ull.es\/portal\/cienciaull\/"},{"@type":"ListItem","position":2,"name":"Chicas con Cienci@ULL Programa Educativo"}]},{"@type":"WebSite","@id":"https:\/\/www.ull.es\/portal\/cienciaull\/#website","url":"https:\/\/www.ull.es\/portal\/cienciaull\/","name":"","description":"Unidad de Cultura Cient\u00edfica y de la Innovaci\u00f3n de la Universidad de La Laguna","potentialAction":[{"@type":"SearchAction","target":{"@type":"EntryPoint","urlTemplate":"https:\/\/www.ull.es\/portal\/cienciaull\/?s={search_term_string}"},"query-input":"required name=search_term_string"}],"inLanguage":"es"}]}},"_links":{"self":[{"href":"https:\/\/www.ull.es\/portal\/cienciaull\/wp-json\/wp\/v2\/pages\/12070"}],"collection":[{"href":"https:\/\/www.ull.es\/portal\/cienciaull\/wp-json\/wp\/v2\/pages"}],"about":[{"href":"https:\/\/www.ull.es\/portal\/cienciaull\/wp-json\/wp\/v2\/types\/page"}],"author":[{"embeddable":true,"href":"https:\/\/www.ull.es\/portal\/cienciaull\/wp-json\/wp\/v2\/users\/56"}],"replies":[{"embeddable":true,"href":"https:\/\/www.ull.es\/portal\/cienciaull\/wp-json\/wp\/v2\/comments?post=12070"}],"version-history":[{"count":91,"href":"https:\/\/www.ull.es\/portal\/cienciaull\/wp-json\/wp\/v2\/pages\/12070\/revisions"}],"predecessor-version":[{"id":35529,"href":"https:\/\/www.ull.es\/portal\/cienciaull\/wp-json\/wp\/v2\/pages\/12070\/revisions\/35529"}],"wp:attachment":[{"href":"https:\/\/www.ull.es\/portal\/cienciaull\/wp-json\/wp\/v2\/media?parent=12070"}],"curies":[{"name":"wp","href":"https:\/\/api.w.org\/{rel}","templated":true}]}}