{"id":12418,"date":"2021-07-16T14:18:15","date_gmt":"2021-07-16T14:18:15","guid":{"rendered":"https:\/\/www.ull.es\/portal\/cienciaull\/?page_id=12418"},"modified":"2021-07-16T14:18:15","modified_gmt":"2021-07-16T14:18:15","slug":"ciencia-a-lo-grande-inscripcion","status":"publish","type":"page","link":"https:\/\/www.ull.es\/portal\/cienciaull\/ciencia-a-lo-grande\/ciencia-a-lo-grande-inscripcion\/","title":{"rendered":"Inscripci\u00f3n"},"content":{"rendered":"<p>[vc_row][vc_column][vc_custom_heading text=\u00bbInscripci\u00f3n\u00bb google_fonts=\u00bbfont_family:Roboto%20Slab%3A100%2C300%2Cregular%2C700|font_style:700%20bold%20regular%3A700%3Anormal\u00bb][vc_column_text]<\/p>\n<p style=\"text-align: justify\">El per\u00edodo de la primera edici\u00f3n de este proyecto se realizar\u00e1 a trav\u00e9s del siguiente formulario de inscripci\u00f3n.<\/p>\n<p style=\"text-align: justify\">Para m\u00e1s informaci\u00f3n, podr\u00e1s consultar la web del\u00a0<a href=\"http:\/\/tenerifejovenyeduca.com\/\" target=\"_blank\" rel=\"noopener noreferrer\" target=\"_blank\" rel=\"noopener\">Servicio de Educaci\u00f3n y Juventud del Cabildo de Tenerife<\/a>.<\/p>\n<p>[\/vc_column_text][\/vc_column][\/vc_row]<\/p>\n","protected":false},"excerpt":{"rendered":"<p>[vc_row][vc_column][vc_custom_heading text=\u00bbInscripci\u00f3n\u00bb google_fonts=\u00bbfont_family:Roboto%20Slab%3A100%2C300%2Cregular%2C700|font_style:700%20bold%20regular%3A700%3Anormal\u00bb][vc_column_text] El per\u00edodo de la primera edici\u00f3n de este proyecto se realizar\u00e1 a trav\u00e9s del siguiente formulario de inscripci\u00f3n. Para m\u00e1s informaci\u00f3n, podr\u00e1s consultar la web del\u00a0Servicio de Educaci\u00f3n y Juventud del Cabildo de Tenerife. [\/vc_column_text][\/vc_column][\/vc_row]<\/p>\n","protected":false},"author":56,"featured_media":0,"parent":12207,"menu_order":0,"comment_status":"closed","ping_status":"closed","template":"","meta":{"inline_featured_image":false,"footnotes":""},"acf":[],"yoast_head":"<!-- This site is optimized with the Yoast SEO plugin v21.3 - https:\/\/yoast.com\/wordpress\/plugins\/seo\/ -->\n<title>Inscripci\u00f3n -<\/title>\n<meta name=\"robots\" content=\"index, follow, max-snippet:-1, max-image-preview:large, max-video-preview:-1\" \/>\n<link rel=\"canonical\" href=\"https:\/\/www.ull.es\/portal\/cienciaull\/ciencia-a-lo-grande\/ciencia-a-lo-grande-inscripcion\/\" \/>\n<meta property=\"og:locale\" content=\"es_ES\" \/>\n<meta property=\"og:type\" content=\"article\" \/>\n<meta property=\"og:title\" content=\"Inscripci\u00f3n -\" \/>\n<meta property=\"og:description\" content=\"[vc_row][vc_column][vc_custom_heading text=\u00bbInscripci\u00f3n\u00bb google_fonts=\u00bbfont_family:Roboto%20Slab%3A100%2C300%2Cregular%2C700|font_style:700%20bold%20regular%3A700%3Anormal\u00bb][vc_column_text] El per\u00edodo de la primera edici\u00f3n de este proyecto se realizar\u00e1 a trav\u00e9s del siguiente formulario de inscripci\u00f3n. Para m\u00e1s informaci\u00f3n, podr\u00e1s consultar la web del\u00a0Servicio de Educaci\u00f3n y Juventud del Cabildo de Tenerife. [\/vc_column_text][\/vc_column][\/vc_row]\" \/>\n<meta property=\"og:url\" content=\"https:\/\/www.ull.es\/portal\/cienciaull\/ciencia-a-lo-grande\/ciencia-a-lo-grande-inscripcion\/\" \/>\n<meta property=\"article:publisher\" content=\"https:\/\/www.facebook.com\/CienciaULL\/\" \/>\n<meta name=\"twitter:card\" content=\"summary_large_image\" \/>\n<meta name=\"twitter:site\" content=\"@CienciaULL\" \/>\n<meta name=\"twitter:label1\" content=\"Tiempo de lectura\" \/>\n\t<meta name=\"twitter:data1\" content=\"1 minuto\" \/>\n<script type=\"application\/ld+json\" class=\"yoast-schema-graph\">{\"@context\":\"https:\/\/schema.org\",\"@graph\":[{\"@type\":\"WebPage\",\"@id\":\"https:\/\/www.ull.es\/portal\/cienciaull\/ciencia-a-lo-grande\/ciencia-a-lo-grande-inscripcion\/\",\"url\":\"https:\/\/www.ull.es\/portal\/cienciaull\/ciencia-a-lo-grande\/ciencia-a-lo-grande-inscripcion\/\",\"name\":\"Inscripci\u00f3n -\",\"isPartOf\":{\"@id\":\"https:\/\/www.ull.es\/portal\/cienciaull\/#website\"},\"datePublished\":\"2021-07-16T14:18:15+00:00\",\"dateModified\":\"2021-07-16T14:18:15+00:00\",\"breadcrumb\":{\"@id\":\"https:\/\/www.ull.es\/portal\/cienciaull\/ciencia-a-lo-grande\/ciencia-a-lo-grande-inscripcion\/#breadcrumb\"},\"inLanguage\":\"es\",\"potentialAction\":[{\"@type\":\"ReadAction\",\"target\":[\"https:\/\/www.ull.es\/portal\/cienciaull\/ciencia-a-lo-grande\/ciencia-a-lo-grande-inscripcion\/\"]}]},{\"@type\":\"BreadcrumbList\",\"@id\":\"https:\/\/www.ull.es\/portal\/cienciaull\/ciencia-a-lo-grande\/ciencia-a-lo-grande-inscripcion\/#breadcrumb\",\"itemListElement\":[{\"@type\":\"ListItem\",\"position\":1,\"name\":\"Portada\",\"item\":\"https:\/\/www.ull.es\/portal\/cienciaull\/\"},{\"@type\":\"ListItem\",\"position\":2,\"name\":\"Ciencia a lo Grande\",\"item\":\"https:\/\/www.ull.es\/portal\/cienciaull\/ciencia-a-lo-grande\/\"},{\"@type\":\"ListItem\",\"position\":3,\"name\":\"Inscripci\u00f3n\"}]},{\"@type\":\"WebSite\",\"@id\":\"https:\/\/www.ull.es\/portal\/cienciaull\/#website\",\"url\":\"https:\/\/www.ull.es\/portal\/cienciaull\/\",\"name\":\"\",\"description\":\"Unidad de Cultura Cient\u00edfica y de la Innovaci\u00f3n de la Universidad de La Laguna\",\"potentialAction\":[{\"@type\":\"SearchAction\",\"target\":{\"@type\":\"EntryPoint\",\"urlTemplate\":\"https:\/\/www.ull.es\/portal\/cienciaull\/?s={search_term_string}\"},\"query-input\":\"required name=search_term_string\"}],\"inLanguage\":\"es\"}]}<\/script>\n<!-- \/ Yoast SEO plugin. -->","yoast_head_json":{"title":"Inscripci\u00f3n -","robots":{"index":"index","follow":"follow","max-snippet":"max-snippet:-1","max-image-preview":"max-image-preview:large","max-video-preview":"max-video-preview:-1"},"canonical":"https:\/\/www.ull.es\/portal\/cienciaull\/ciencia-a-lo-grande\/ciencia-a-lo-grande-inscripcion\/","og_locale":"es_ES","og_type":"article","og_title":"Inscripci\u00f3n -","og_description":"[vc_row][vc_column][vc_custom_heading text=\u00bbInscripci\u00f3n\u00bb google_fonts=\u00bbfont_family:Roboto%20Slab%3A100%2C300%2Cregular%2C700|font_style:700%20bold%20regular%3A700%3Anormal\u00bb][vc_column_text] El per\u00edodo de la primera edici\u00f3n de este proyecto se realizar\u00e1 a trav\u00e9s del siguiente formulario de inscripci\u00f3n. Para m\u00e1s informaci\u00f3n, podr\u00e1s consultar la web del\u00a0Servicio de Educaci\u00f3n y Juventud del Cabildo de Tenerife. [\/vc_column_text][\/vc_column][\/vc_row]","og_url":"https:\/\/www.ull.es\/portal\/cienciaull\/ciencia-a-lo-grande\/ciencia-a-lo-grande-inscripcion\/","article_publisher":"https:\/\/www.facebook.com\/CienciaULL\/","twitter_card":"summary_large_image","twitter_site":"@CienciaULL","twitter_misc":{"Tiempo de lectura":"1 minuto"},"schema":{"@context":"https:\/\/schema.org","@graph":[{"@type":"WebPage","@id":"https:\/\/www.ull.es\/portal\/cienciaull\/ciencia-a-lo-grande\/ciencia-a-lo-grande-inscripcion\/","url":"https:\/\/www.ull.es\/portal\/cienciaull\/ciencia-a-lo-grande\/ciencia-a-lo-grande-inscripcion\/","name":"Inscripci\u00f3n -","isPartOf":{"@id":"https:\/\/www.ull.es\/portal\/cienciaull\/#website"},"datePublished":"2021-07-16T14:18:15+00:00","dateModified":"2021-07-16T14:18:15+00:00","breadcrumb":{"@id":"https:\/\/www.ull.es\/portal\/cienciaull\/ciencia-a-lo-grande\/ciencia-a-lo-grande-inscripcion\/#breadcrumb"},"inLanguage":"es","potentialAction":[{"@type":"ReadAction","target":["https:\/\/www.ull.es\/portal\/cienciaull\/ciencia-a-lo-grande\/ciencia-a-lo-grande-inscripcion\/"]}]},{"@type":"BreadcrumbList","@id":"https:\/\/www.ull.es\/portal\/cienciaull\/ciencia-a-lo-grande\/ciencia-a-lo-grande-inscripcion\/#breadcrumb","itemListElement":[{"@type":"ListItem","position":1,"name":"Portada","item":"https:\/\/www.ull.es\/portal\/cienciaull\/"},{"@type":"ListItem","position":2,"name":"Ciencia a lo Grande","item":"https:\/\/www.ull.es\/portal\/cienciaull\/ciencia-a-lo-grande\/"},{"@type":"ListItem","position":3,"name":"Inscripci\u00f3n"}]},{"@type":"WebSite","@id":"https:\/\/www.ull.es\/portal\/cienciaull\/#website","url":"https:\/\/www.ull.es\/portal\/cienciaull\/","name":"","description":"Unidad de Cultura Cient\u00edfica y de la Innovaci\u00f3n de la Universidad de La Laguna","potentialAction":[{"@type":"SearchAction","target":{"@type":"EntryPoint","urlTemplate":"https:\/\/www.ull.es\/portal\/cienciaull\/?s={search_term_string}"},"query-input":"required name=search_term_string"}],"inLanguage":"es"}]}},"_links":{"self":[{"href":"https:\/\/www.ull.es\/portal\/cienciaull\/wp-json\/wp\/v2\/pages\/12418"}],"collection":[{"href":"https:\/\/www.ull.es\/portal\/cienciaull\/wp-json\/wp\/v2\/pages"}],"about":[{"href":"https:\/\/www.ull.es\/portal\/cienciaull\/wp-json\/wp\/v2\/types\/page"}],"author":[{"embeddable":true,"href":"https:\/\/www.ull.es\/portal\/cienciaull\/wp-json\/wp\/v2\/users\/56"}],"replies":[{"embeddable":true,"href":"https:\/\/www.ull.es\/portal\/cienciaull\/wp-json\/wp\/v2\/comments?post=12418"}],"version-history":[{"count":2,"href":"https:\/\/www.ull.es\/portal\/cienciaull\/wp-json\/wp\/v2\/pages\/12418\/revisions"}],"predecessor-version":[{"id":12423,"href":"https:\/\/www.ull.es\/portal\/cienciaull\/wp-json\/wp\/v2\/pages\/12418\/revisions\/12423"}],"up":[{"embeddable":true,"href":"https:\/\/www.ull.es\/portal\/cienciaull\/wp-json\/wp\/v2\/pages\/12207"}],"wp:attachment":[{"href":"https:\/\/www.ull.es\/portal\/cienciaull\/wp-json\/wp\/v2\/media?parent=12418"}],"curies":[{"name":"wp","href":"https:\/\/api.w.org\/{rel}","templated":true}]}}