{"id":14620,"date":"2021-12-23T14:38:50","date_gmt":"2021-12-23T14:38:50","guid":{"rendered":"https:\/\/www.ull.es\/portal\/cienciaull\/?page_id=14620"},"modified":"2022-07-01T14:09:42","modified_gmt":"2022-07-01T14:09:42","slug":"laboratorio-objetivos","status":"publish","type":"page","link":"https:\/\/www.ull.es\/portal\/cienciaull\/laboratorio-vocaciones-cientificas\/laboratorio-objetivos\/","title":{"rendered":"Objetivos"},"content":{"rendered":"<p>[vc_row][vc_column]\n<div id=\"rev_slider_152_1_wrapper\" class=\"rev_slider_wrapper fullwidthbanner-container\" data-source=\"gallery\" style=\"margin:0px auto;background:transparent;padding:0px;margin-top:0px;margin-bottom:0px;\">\n<!-- START REVOLUTION SLIDER 5.4.7.3 auto mode -->\n\t<div id=\"rev_slider_152_1\" class=\"rev_slider fullwidthabanner\" style=\"display:none;\" data-version=\"5.4.7.3\">\n<ul>\t<!-- SLIDE  -->\n\t<li data-index=\"rs-181\" data-transition=\"fade\" data-slotamount=\"default\" data-hideafterloop=\"0\" data-hideslideonmobile=\"off\"  data-easein=\"default\" data-easeout=\"default\" data-masterspeed=\"300\"  data-rotate=\"0\"  data-saveperformance=\"off\"  data-title=\"Slide\" data-param1=\"\" data-param2=\"\" data-param3=\"\" data-param4=\"\" data-param5=\"\" data-param6=\"\" data-param7=\"\" data-param8=\"\" data-param9=\"\" data-param10=\"\" data-description=\"\">\n\t\t<!-- MAIN IMAGE -->\n\t\t<img src=\"https:\/\/www.ull.es\/portal\/cienciaull\/wp-content\/plugins\/revslider\/admin\/assets\/images\/transparent.png\"  alt=\"\" title=\"Objetivos\"  data-bgposition=\"center center\" data-bgfit=\"cover\" data-bgrepeat=\"no-repeat\" class=\"rev-slidebg\" data-no-retina>\n\t\t<!-- LAYERS -->\n\n\t\t<!-- LAYER NR. 1 -->\n\t\t<div class=\"tp-caption   tp-resizeme\" \n\t\t\t id=\"slide-181-layer-1\" \n\t\t\t data-x=\"-11\" \n\t\t\t data-y=\"-1\" \n\t\t\t\t\t\tdata-width=\"['none','none','none','none']\"\n\t\t\tdata-height=\"['none','none','none','none']\"\n \n\t\t\tdata-type=\"image\" \n\t\t\tdata-responsive_offset=\"on\" \n\n\t\t\tdata-frames='[{\"delay\":0,\"speed\":300,\"frame\":\"0\",\"from\":\"opacity:0;\",\"to\":\"o:1;\",\"ease\":\"Power3.easeInOut\"},{\"delay\":\"wait\",\"speed\":300,\"frame\":\"999\",\"to\":\"opacity:0;\",\"ease\":\"Power3.easeInOut\"}]'\n\t\t\tdata-textAlign=\"['inherit','inherit','inherit','inherit']\"\n\t\t\tdata-paddingtop=\"[0,0,0,0]\"\n\t\t\tdata-paddingright=\"[0,0,0,0]\"\n\t\t\tdata-paddingbottom=\"[0,0,0,0]\"\n\t\t\tdata-paddingleft=\"[0,0,0,0]\"\n\n\t\t\tstyle=\"z-index: 5;\"><img src=\"https:\/\/www.ull.es\/portal\/cienciaull\/wp-content\/uploads\/sites\/24\/2022\/07\/Banners-vocaciones-cienti\u0301ficas-logos-nuevos_1600x600px.png\" alt=\"\" data-ww=\"1600px\" data-hh=\"600px\" width=\"1600\" height=\"600\" data-no-retina> <\/div>\n\t<\/li>\n<\/ul>\n<div class=\"tp-bannertimer tp-bottom\" style=\"visibility: hidden !important;\"><\/div>\t<\/div>\n<script>var htmlDiv = document.getElementById(\"rs-plugin-settings-inline-css\"); var htmlDivCss=\"\";\r\n\t\t\t\tif(htmlDiv) {\r\n\t\t\t\t\thtmlDiv.innerHTML = htmlDiv.innerHTML + htmlDivCss;\r\n\t\t\t\t}else{\r\n\t\t\t\t\tvar htmlDiv = document.createElement(\"div\");\r\n\t\t\t\t\thtmlDiv.innerHTML = \"<style>\" + htmlDivCss + \"<\/style>\";\r\n\t\t\t\t\tdocument.getElementsByTagName(\"head\")[0].appendChild(htmlDiv.childNodes[0]);\r\n\t\t\t\t}\r\n\t\t\t<\/script>\n\t\t<script type=\"text\/javascript\">\r\nif (setREVStartSize!==undefined) setREVStartSize(\r\n\t{c: '#rev_slider_152_1', gridwidth: [1600], gridheight: [600], sliderLayout: 'auto'});\r\n\t\t\t\r\nvar revapi152,\r\n\ttpj;\t\r\n(function() {\t\t\t\r\n\tif (!\/loaded|interactive|complete\/.test(document.readyState)) document.addEventListener(\"DOMContentLoaded\",onLoad); else onLoad();\t\r\n\tfunction onLoad() {\t\t\t\t\r\n\t\tif (tpj===undefined) { tpj = jQuery; if(\"off\" == \"on\") tpj.noConflict();}\r\n\tif(tpj(\"#rev_slider_152_1\").revolution == undefined){\n\t\trevslider_showDoubleJqueryError(\"#rev_slider_152_1\");\n\t}else{\n\t\trevapi152 = tpj(\"#rev_slider_152_1\").show().revolution({\n\t\t\tsliderType:\"hero\",\n\t\t\tjsFileLocation:\"\/\/www.ull.es\/portal\/cienciaull\/wp-content\/plugins\/revslider\/public\/assets\/js\/\",\n\t\t\tsliderLayout:\"auto\",\n\t\t\tdottedOverlay:\"none\",\n\t\t\tdelay:9000,\n\t\t\tvisibilityLevels:[1240,1024,778,480],\n\t\t\tgridwidth:1600,\n\t\t\tgridheight:600,\n\t\t\tlazyType:\"none\",\n\t\t\tshadow:0,\n\t\t\tspinner:\"spinner0\",\n\t\t\tautoHeight:\"off\",\n\t\t\tdisableProgressBar:\"on\",\n\t\t\thideThumbsOnMobile:\"off\",\n\t\t\thideSliderAtLimit:0,\n\t\t\thideCaptionAtLimit:0,\n\t\t\thideAllCaptionAtLilmit:0,\n\t\t\tdebugMode:false,\n\t\t\tfallbacks: {\n\t\t\t\tsimplifyAll:\"off\",\n\t\t\t\tdisableFocusListener:false,\n\t\t\t}\n\t\t});\n\t}; \/* END OF revapi call *\/\n\t\n }; \/* END OF ON LOAD FUNCTION *\/\r\n}()); \/* END OF WRAPPING FUNCTION *\/\r\n<\/script>\r\n\t\t<\/div><!-- END REVOLUTION SLIDER -->[vc_separator color=\u00bbblue\u00bb style=\u00bbdouble\u00bb border_width=\u00bb10&#8243;][\/vc_column][\/vc_row][vc_row][vc_column width=\u00bb2\/3&#8243;][vc_empty_space][vc_custom_heading text=\u00bbObjetivos\u00bb font_container=\u00bbtag:h2|text_align:left|color:%231e73be\u00bb google_fonts=\u00bbfont_family:Roboto%20Slab%3A100%2C300%2Cregular%2C700|font_style:700%20bold%20regular%3A700%3Anormal\u00bb css=\u00bb.vc_custom_1640692357821{margin-bottom: 7px !important;border-bottom-width: 7px !important;padding-bottom: 7px !important;}\u00bb][vc_message message_box_color=\u00bbviolet\u00bb icon_fontawesome=\u00bbfas fa-location-arrow\u00bb]<span style=\"font-weight: 400\">Sembrar la curiosidad cient\u00edfica en aquellos estudiantes que no han identificado su vocaci\u00f3n profesional.<\/span>[\/vc_message][vc_message message_box_color=\u00bbblue\u00bb icon_fontawesome=\u00bbfas fa-flask\u00bb]<\/p>\n<p style=\"text-align: justify\"><span style=\"font-weight: 400\">Mejorar la cultura y conocimientos cient\u00edficos de la sociedad, en especial del alumnado 3\u00ba y 4\u00ba de la ESO, 1\u00ba Bachillerato y Formaci\u00f3n Profesional, a trav\u00e9s de la difusi\u00f3n y divulgaci\u00f3n de la actividad investigadora generada en la ULL u otros centros de I+D.<\/span><\/p>\n<p>[\/vc_message][vc_message message_box_color=\u00bbviolet\u00bb icon_fontawesome=\u00bbfas fa-search\u00bb]<\/p>\n<p style=\"text-align: justify\"><span style=\"font-weight: 400\">Potenciar la creatividad, el emprendimiento y el talento innovador del alumnado de Secundaria, Bachillerato y Formaci\u00f3n Profesional mediante la organizaci\u00f3n de talleres, charlas cient\u00edficas y concursos.<\/span><\/p>\n<p>[\/vc_message][vc_message message_box_color=\u00bbblue\u00bb icon_fontawesome=\u00bbfas fa-copy\u00bb]<\/p>\n<p style=\"text-align: justify\"><span style=\"font-weight: 400\">Mostrar la importancia del contenido de las asignaturas que estudia el alumnado en sus respectivos programas mediante su aplicabilidad a las necesidades de la vida cotidiana y al \u00e1mbito cient\u00edfico.<\/span><\/p>\n<p>[\/vc_message][vc_message message_box_color=\u00bbviolet\u00bb]<\/p>\n<p style=\"text-align: justify\"><span style=\"font-weight: 400\">Facilitar la labor de orientaci\u00f3n entre el alumnado de Secundaria y Formaci\u00f3n Profesional, a trav\u00e9s de diferentes actuaciones que resuelvan las dudas y cuestiones que se les plantea al alumnado en momentos decisivos de elecci\u00f3n de \u00e1reas de estudio, carreras, etc.<\/span>[\/vc_message][vc_message message_box_color=\u00bbblue\u00bb icon_fontawesome=\u00bbfas fa-user-graduate\u00bb]<\/p>\n<p style=\"text-align: justify\"><span style=\"font-weight: 400\">Proporcionar una experiencia investigadora de la mano del personal investigador en formaci\u00f3n de la ULL, para que conozcan la realidad de ser un\/a investigador\/a.<\/span><\/p>\n<p>[\/vc_message][vc_message message_box_color=\u00bbviolet\u00bb icon_fontawesome=\u00bbfas fa-award\u00bb]<\/p>\n<p style=\"text-align: justify\"><span style=\"font-weight: 400\">Fomentar el inter\u00e9s y compromiso de los centros educativos y las entidades locales e insulares con respecto a iniciativas complementarias a su formaci\u00f3n.<\/span><\/p>\n<p>[\/vc_message][vc_message message_box_color=\u00bbblue\u00bb icon_fontawesome=\u00bbfas fa-star\u00bb]<\/p>\n<p style=\"text-align: justify\"><span style=\"font-weight: 400\">Dar a conocer al alumnado las principales salidas profesionales que ofrecen los diferentes programas formativos que se imparten en la ULL, para potenciar sus posibilidades de \u00e9xito en la elecci\u00f3n de su salida laboral en el \u00e1mbito cient\u00edfico o profesional.<\/span><\/p>\n<p>[\/vc_message][vc_message message_box_color=\u00bbviolet\u00bb icon_fontawesome=\u00bbfas fa-users\u00bb]<\/p>\n<p style=\"text-align: justify\"><span style=\"font-weight: 400\">Poner en valor los logros y aportaciones de las mujeres en el \u00e1mbito de la investigaci\u00f3n y la tecnolog\u00eda, especialmente, los de la figura de las investigadoras canarias para reducir y prevenir las violencias de g\u00e9nero, creando referentes para el alumnado en su totalidad.<\/span><\/p>\n<p>[\/vc_message][vc_message message_box_color=\u00bbblue\u00bb icon_fontawesome=\u00bbfas fa-sitemap\u00bb]<\/p>\n<p style=\"text-align: justify\"><span style=\"font-weight: 400\">Sensibilizar al personal investigador de la necesidad de participar en actividades de divulgaci\u00f3n y difusi\u00f3n dirigidas a la sociedad en general, adaptando el contenido a un lenguaje sencillo y llano, pero sin perder el rigor cient\u00edfico.<\/span><\/p>\n<p>[\/vc_message][vc_message message_box_color=\u00bbviolet\u00bb icon_fontawesome=\u00bbfas fa-comments\u00bb]<\/p>\n<p style=\"text-align: justify\"><span style=\"font-weight: 400\">Sensibilizar al profesorado sobre la necesidad de inculcar la perspectiva de g\u00e9nero en la metodolog\u00eda did\u00e1ctica que utiliza para impartir sus clases y el uso de un lenguaje igualitario.<\/span><\/p>\n<p>[\/vc_message][\/vc_column][vc_column width=\u00bb1\/3&#8243;][vc_empty_space][vc_empty_space height=\u00bb50px\u00bb][vc_btn title=\u00bbPresentaci\u00f3n\u00bb color=\u00bbviolet\u00bb size=\u00bblg\u00bb align=\u00bbcenter\u00bb button_block=\u00bbtrue\u00bb link=\u00bburl:https%3A%2F%2Fwww.ull.es%2Fportal%2Fcienciaull%2Flaboratorio-vocaciones-cientificas%2F\u00bb css=\u00bb.vc_custom_1640692086883{margin-bottom: 3px !important;border-bottom-width: 3px !important;padding-bottom: 3px !important;}\u00bb][vc_btn title=\u00bbP\u00fablico Objetivo\u00bb color=\u00bbblue\u00bb size=\u00bblg\u00bb align=\u00bbcenter\u00bb button_block=\u00bbtrue\u00bb link=\u00bburl:https%3A%2F%2Fwww.ull.es%2Fportal%2Fcienciaull%2Flaboratorio-vocaciones-cientificas%2Flaboratorio-publico%2F\u00bb css=\u00bb.vc_custom_1640692090486{margin-bottom: 3px !important;border-bottom-width: 3px !important;padding-bottom: 3px !important;}\u00bb][vc_btn title=\u00bbPrograma\u00bb color=\u00bbviolet\u00bb size=\u00bblg\u00bb align=\u00bbcenter\u00bb button_block=\u00bbtrue\u00bb link=\u00bburl:https%3A%2F%2Fwww.ull.es%2Fportal%2Fcienciaull%2Flaboratorio-vocaciones-cientificas%2Fdescripcion-de-cada-actividad%2F\u00bb css=\u00bb.vc_custom_1640692095627{margin-bottom: 3px !important;border-bottom-width: 3px !important;padding-bottom: 3px !important;}\u00bb][vc_btn title=\u00bbInscripci\u00f3n\u00bb color=\u00bbblue\u00bb size=\u00bblg\u00bb align=\u00bbcenter\u00bb button_block=\u00bbtrue\u00bb link=\u00bburl:%20https%3A%2F%2Fwww.ull.es%2Fportal%2Fcienciaull%2Flaboratorio-vocaciones-cientificas%2Flaboratorio-inscripcion%2F\u00bb css=\u00bb.vc_custom_1640692101085{margin-bottom: 3px !important;border-bottom-width: 3px !important;padding-bottom: 3px !important;}\u00bb][vc_btn title=\u00bbMultimedia\u00bb color=\u00bbviolet\u00bb size=\u00bblg\u00bb align=\u00bbcenter\u00bb button_block=\u00bbtrue\u00bb link=\u00bburl:https%3A%2F%2Fwww.ull.es%2Fportal%2Fcienciaull%2Flaboratorio-vocaciones-cientificas%2Fmultimedia-vocaciones%2F\u00bb css=\u00bb.vc_custom_1640692106053{margin-bottom: 3px !important;border-bottom-width: 3px !important;padding-bottom: 3px !important;}\u00bb][\/vc_column][\/vc_row]<\/p>\n","protected":false},"excerpt":{"rendered":"<p>[vc_row][vc_column][vc_separator color=\u00bbblue\u00bb style=\u00bbdouble\u00bb border_width=\u00bb10&#8243;][\/vc_column][\/vc_row][vc_row][vc_column width=\u00bb2\/3&#8243;][vc_empty_space][vc_custom_heading text=\u00bbObjetivos\u00bb font_container=\u00bbtag:h2|text_align:left|color:%231e73be\u00bb google_fonts=\u00bbfont_family:Roboto%20Slab%3A100%2C300%2Cregular%2C700|font_style:700%20bold%20regular%3A700%3Anormal\u00bb css=\u00bb.vc_custom_1640692357821{margin-bottom: 7px !important;border-bottom-width: 7px !important;padding-bottom: 7px !important;}\u00bb][vc_message message_box_color=\u00bbviolet\u00bb icon_fontawesome=\u00bbfas fa-location-arrow\u00bb]Sembrar la curiosidad cient\u00edfica en aquellos estudiantes que no han identificado su vocaci\u00f3n profesional.[\/vc_message][vc_message message_box_color=\u00bbblue\u00bb icon_fontawesome=\u00bbfas fa-flask\u00bb] Mejorar la cultura y conocimientos cient\u00edficos de la sociedad, en especial del alumnado 3\u00ba y 4\u00ba de la ESO, 1\u00ba Bachillerato&#8230;<\/p>\n","protected":false},"author":56,"featured_media":0,"parent":14596,"menu_order":0,"comment_status":"closed","ping_status":"closed","template":"templates\/cienciaull.php","meta":{"inline_featured_image":false,"footnotes":""},"acf":[],"yoast_head":"<!-- This site is optimized with the Yoast SEO plugin v21.3 - https:\/\/yoast.com\/wordpress\/plugins\/seo\/ -->\n<title>Objetivos -<\/title>\n<meta name=\"robots\" content=\"index, follow, max-snippet:-1, max-image-preview:large, max-video-preview:-1\" \/>\n<link rel=\"canonical\" href=\"https:\/\/www.ull.es\/portal\/cienciaull\/laboratorio-vocaciones-cientificas\/laboratorio-objetivos\/\" \/>\n<meta property=\"og:locale\" content=\"es_ES\" \/>\n<meta property=\"og:type\" content=\"article\" \/>\n<meta property=\"og:title\" content=\"Objetivos -\" \/>\n<meta property=\"og:description\" content=\"[vc_row][vc_column][vc_separator color=\u00bbblue\u00bb style=\u00bbdouble\u00bb border_width=\u00bb10&#8243;][\/vc_column][\/vc_row][vc_row][vc_column width=\u00bb2\/3&#8243;][vc_empty_space][vc_custom_heading text=\u00bbObjetivos\u00bb font_container=\u00bbtag:h2|text_align:left|color:%231e73be\u00bb google_fonts=\u00bbfont_family:Roboto%20Slab%3A100%2C300%2Cregular%2C700|font_style:700%20bold%20regular%3A700%3Anormal\u00bb css=\u00bb.vc_custom_1640692357821{margin-bottom: 7px !important;border-bottom-width: 7px !important;padding-bottom: 7px !important;}\u00bb][vc_message message_box_color=\u00bbviolet\u00bb icon_fontawesome=\u00bbfas fa-location-arrow\u00bb]Sembrar la curiosidad cient\u00edfica en aquellos estudiantes que no han identificado su vocaci\u00f3n profesional.[\/vc_message][vc_message message_box_color=\u00bbblue\u00bb icon_fontawesome=\u00bbfas fa-flask\u00bb] Mejorar la cultura y conocimientos cient\u00edficos de la sociedad, en especial del alumnado 3\u00ba y 4\u00ba de la ESO, 1\u00ba Bachillerato...\" \/>\n<meta property=\"og:url\" content=\"https:\/\/www.ull.es\/portal\/cienciaull\/laboratorio-vocaciones-cientificas\/laboratorio-objetivos\/\" \/>\n<meta property=\"article:publisher\" content=\"https:\/\/www.facebook.com\/CienciaULL\/\" \/>\n<meta property=\"article:modified_time\" content=\"2022-07-01T14:09:42+00:00\" \/>\n<meta name=\"twitter:card\" content=\"summary_large_image\" \/>\n<meta name=\"twitter:site\" content=\"@CienciaULL\" \/>\n<meta name=\"twitter:label1\" content=\"Tiempo de lectura\" \/>\n\t<meta name=\"twitter:data1\" content=\"3 minutos\" \/>\n<script type=\"application\/ld+json\" class=\"yoast-schema-graph\">{\"@context\":\"https:\/\/schema.org\",\"@graph\":[{\"@type\":\"WebPage\",\"@id\":\"https:\/\/www.ull.es\/portal\/cienciaull\/laboratorio-vocaciones-cientificas\/laboratorio-objetivos\/\",\"url\":\"https:\/\/www.ull.es\/portal\/cienciaull\/laboratorio-vocaciones-cientificas\/laboratorio-objetivos\/\",\"name\":\"Objetivos -\",\"isPartOf\":{\"@id\":\"https:\/\/www.ull.es\/portal\/cienciaull\/#website\"},\"datePublished\":\"2021-12-23T14:38:50+00:00\",\"dateModified\":\"2022-07-01T14:09:42+00:00\",\"breadcrumb\":{\"@id\":\"https:\/\/www.ull.es\/portal\/cienciaull\/laboratorio-vocaciones-cientificas\/laboratorio-objetivos\/#breadcrumb\"},\"inLanguage\":\"es\",\"potentialAction\":[{\"@type\":\"ReadAction\",\"target\":[\"https:\/\/www.ull.es\/portal\/cienciaull\/laboratorio-vocaciones-cientificas\/laboratorio-objetivos\/\"]}]},{\"@type\":\"BreadcrumbList\",\"@id\":\"https:\/\/www.ull.es\/portal\/cienciaull\/laboratorio-vocaciones-cientificas\/laboratorio-objetivos\/#breadcrumb\",\"itemListElement\":[{\"@type\":\"ListItem\",\"position\":1,\"name\":\"Portada\",\"item\":\"https:\/\/www.ull.es\/portal\/cienciaull\/\"},{\"@type\":\"ListItem\",\"position\":2,\"name\":\"Laboratorio Virtual Vocaciones Cient\u00edficas\",\"item\":\"https:\/\/www.ull.es\/portal\/cienciaull\/laboratorio-vocaciones-cientificas\/\"},{\"@type\":\"ListItem\",\"position\":3,\"name\":\"Objetivos\"}]},{\"@type\":\"WebSite\",\"@id\":\"https:\/\/www.ull.es\/portal\/cienciaull\/#website\",\"url\":\"https:\/\/www.ull.es\/portal\/cienciaull\/\",\"name\":\"\",\"description\":\"Unidad de Cultura Cient\u00edfica y de la Innovaci\u00f3n de la Universidad de La Laguna\",\"potentialAction\":[{\"@type\":\"SearchAction\",\"target\":{\"@type\":\"EntryPoint\",\"urlTemplate\":\"https:\/\/www.ull.es\/portal\/cienciaull\/?s={search_term_string}\"},\"query-input\":\"required name=search_term_string\"}],\"inLanguage\":\"es\"}]}<\/script>\n<!-- \/ Yoast SEO plugin. -->","yoast_head_json":{"title":"Objetivos -","robots":{"index":"index","follow":"follow","max-snippet":"max-snippet:-1","max-image-preview":"max-image-preview:large","max-video-preview":"max-video-preview:-1"},"canonical":"https:\/\/www.ull.es\/portal\/cienciaull\/laboratorio-vocaciones-cientificas\/laboratorio-objetivos\/","og_locale":"es_ES","og_type":"article","og_title":"Objetivos -","og_description":"[vc_row][vc_column][vc_separator color=\u00bbblue\u00bb style=\u00bbdouble\u00bb border_width=\u00bb10&#8243;][\/vc_column][\/vc_row][vc_row][vc_column width=\u00bb2\/3&#8243;][vc_empty_space][vc_custom_heading text=\u00bbObjetivos\u00bb font_container=\u00bbtag:h2|text_align:left|color:%231e73be\u00bb google_fonts=\u00bbfont_family:Roboto%20Slab%3A100%2C300%2Cregular%2C700|font_style:700%20bold%20regular%3A700%3Anormal\u00bb css=\u00bb.vc_custom_1640692357821{margin-bottom: 7px !important;border-bottom-width: 7px !important;padding-bottom: 7px !important;}\u00bb][vc_message message_box_color=\u00bbviolet\u00bb icon_fontawesome=\u00bbfas fa-location-arrow\u00bb]Sembrar la curiosidad cient\u00edfica en aquellos estudiantes que no han identificado su vocaci\u00f3n profesional.[\/vc_message][vc_message message_box_color=\u00bbblue\u00bb icon_fontawesome=\u00bbfas fa-flask\u00bb] Mejorar la cultura y conocimientos cient\u00edficos de la sociedad, en especial del alumnado 3\u00ba y 4\u00ba de la ESO, 1\u00ba Bachillerato...","og_url":"https:\/\/www.ull.es\/portal\/cienciaull\/laboratorio-vocaciones-cientificas\/laboratorio-objetivos\/","article_publisher":"https:\/\/www.facebook.com\/CienciaULL\/","article_modified_time":"2022-07-01T14:09:42+00:00","twitter_card":"summary_large_image","twitter_site":"@CienciaULL","twitter_misc":{"Tiempo de lectura":"3 minutos"},"schema":{"@context":"https:\/\/schema.org","@graph":[{"@type":"WebPage","@id":"https:\/\/www.ull.es\/portal\/cienciaull\/laboratorio-vocaciones-cientificas\/laboratorio-objetivos\/","url":"https:\/\/www.ull.es\/portal\/cienciaull\/laboratorio-vocaciones-cientificas\/laboratorio-objetivos\/","name":"Objetivos -","isPartOf":{"@id":"https:\/\/www.ull.es\/portal\/cienciaull\/#website"},"datePublished":"2021-12-23T14:38:50+00:00","dateModified":"2022-07-01T14:09:42+00:00","breadcrumb":{"@id":"https:\/\/www.ull.es\/portal\/cienciaull\/laboratorio-vocaciones-cientificas\/laboratorio-objetivos\/#breadcrumb"},"inLanguage":"es","potentialAction":[{"@type":"ReadAction","target":["https:\/\/www.ull.es\/portal\/cienciaull\/laboratorio-vocaciones-cientificas\/laboratorio-objetivos\/"]}]},{"@type":"BreadcrumbList","@id":"https:\/\/www.ull.es\/portal\/cienciaull\/laboratorio-vocaciones-cientificas\/laboratorio-objetivos\/#breadcrumb","itemListElement":[{"@type":"ListItem","position":1,"name":"Portada","item":"https:\/\/www.ull.es\/portal\/cienciaull\/"},{"@type":"ListItem","position":2,"name":"Laboratorio Virtual Vocaciones Cient\u00edficas","item":"https:\/\/www.ull.es\/portal\/cienciaull\/laboratorio-vocaciones-cientificas\/"},{"@type":"ListItem","position":3,"name":"Objetivos"}]},{"@type":"WebSite","@id":"https:\/\/www.ull.es\/portal\/cienciaull\/#website","url":"https:\/\/www.ull.es\/portal\/cienciaull\/","name":"","description":"Unidad de Cultura Cient\u00edfica y de la Innovaci\u00f3n de la Universidad de La Laguna","potentialAction":[{"@type":"SearchAction","target":{"@type":"EntryPoint","urlTemplate":"https:\/\/www.ull.es\/portal\/cienciaull\/?s={search_term_string}"},"query-input":"required name=search_term_string"}],"inLanguage":"es"}]}},"_links":{"self":[{"href":"https:\/\/www.ull.es\/portal\/cienciaull\/wp-json\/wp\/v2\/pages\/14620"}],"collection":[{"href":"https:\/\/www.ull.es\/portal\/cienciaull\/wp-json\/wp\/v2\/pages"}],"about":[{"href":"https:\/\/www.ull.es\/portal\/cienciaull\/wp-json\/wp\/v2\/types\/page"}],"author":[{"embeddable":true,"href":"https:\/\/www.ull.es\/portal\/cienciaull\/wp-json\/wp\/v2\/users\/56"}],"replies":[{"embeddable":true,"href":"https:\/\/www.ull.es\/portal\/cienciaull\/wp-json\/wp\/v2\/comments?post=14620"}],"version-history":[{"count":31,"href":"https:\/\/www.ull.es\/portal\/cienciaull\/wp-json\/wp\/v2\/pages\/14620\/revisions"}],"predecessor-version":[{"id":16841,"href":"https:\/\/www.ull.es\/portal\/cienciaull\/wp-json\/wp\/v2\/pages\/14620\/revisions\/16841"}],"up":[{"embeddable":true,"href":"https:\/\/www.ull.es\/portal\/cienciaull\/wp-json\/wp\/v2\/pages\/14596"}],"wp:attachment":[{"href":"https:\/\/www.ull.es\/portal\/cienciaull\/wp-json\/wp\/v2\/media?parent=14620"}],"curies":[{"name":"wp","href":"https:\/\/api.w.org\/{rel}","templated":true}]}}