{"id":14667,"date":"2021-12-23T14:32:59","date_gmt":"2021-12-23T14:32:59","guid":{"rendered":"https:\/\/www.ull.es\/portal\/cienciaull\/?page_id=14667"},"modified":"2022-03-22T08:01:16","modified_gmt":"2022-03-22T08:01:16","slug":"actividad-2-vocaciones","status":"publish","type":"page","link":"https:\/\/www.ull.es\/portal\/cienciaull\/laboratorio-vocaciones-cientificas\/descripcion-de-cada-actividad\/actividad-2-vocaciones\/","title":{"rendered":"Actividad 2: Laboratorio Virtual Vocaciones"},"content":{"rendered":"<p>[vc_row][vc_column]\n<div id=\"rev_slider_74_1_wrapper\" class=\"rev_slider_wrapper fullwidthbanner-container\" data-source=\"gallery\" style=\"margin:0px auto;background:transparent;padding:0px;margin-top:0px;margin-bottom:0px;\">\n<!-- START REVOLUTION SLIDER 5.4.7.3 auto mode -->\n\t<div id=\"rev_slider_74_1\" class=\"rev_slider fullwidthabanner\" style=\"display:none;\" data-version=\"5.4.7.3\">\n<ul>\t<!-- SLIDE  -->\n\t<li data-index=\"rs-102\" data-transition=\"fade\" data-slotamount=\"default\" data-hideafterloop=\"0\" data-hideslideonmobile=\"off\"  data-easein=\"default\" data-easeout=\"default\" data-masterspeed=\"300\"  data-rotate=\"0\"  data-saveperformance=\"off\"  data-title=\"Slide\" data-param1=\"\" data-param2=\"\" data-param3=\"\" data-param4=\"\" data-param5=\"\" data-param6=\"\" data-param7=\"\" data-param8=\"\" data-param9=\"\" data-param10=\"\" data-description=\"\">\n\t\t<!-- MAIN IMAGE -->\n\t\t<img src=\"https:\/\/www.ull.es\/portal\/cienciaull\/wp-content\/plugins\/revslider\/admin\/assets\/images\/transparent.png\"  alt=\"\" title=\"Actividad 2: Laboratorio Virtual Vocaciones\"  data-bgposition=\"center center\" data-bgfit=\"cover\" data-bgrepeat=\"no-repeat\" class=\"rev-slidebg\" data-no-retina>\n\t\t<!-- LAYERS -->\n\n\t\t<!-- LAYER NR. 1 -->\n\t\t<div class=\"tp-caption   tp-resizeme\" \n\t\t\t id=\"slide-102-layer-16\" \n\t\t\t data-x=\"1\" \n\t\t\t data-y=\"-1\" \n\t\t\t\t\t\tdata-width=\"['none','none','none','none']\"\n\t\t\tdata-height=\"['none','none','none','none']\"\n \n\t\t\tdata-type=\"image\" \n\t\t\tdata-responsive_offset=\"on\" \n\n\t\t\tdata-frames='[{\"delay\":0,\"speed\":300,\"frame\":\"0\",\"from\":\"opacity:0;\",\"to\":\"o:1;\",\"ease\":\"Power3.easeInOut\"},{\"delay\":\"wait\",\"speed\":300,\"frame\":\"999\",\"to\":\"opacity:0;\",\"ease\":\"Power3.easeInOut\"}]'\n\t\t\tdata-textAlign=\"['inherit','inherit','inherit','inherit']\"\n\t\t\tdata-paddingtop=\"[0,0,0,0]\"\n\t\t\tdata-paddingright=\"[0,0,0,0]\"\n\t\t\tdata-paddingbottom=\"[0,0,0,0]\"\n\t\t\tdata-paddingleft=\"[0,0,0,0]\"\n\n\t\t\tstyle=\"z-index: 5;\"><img src=\"https:\/\/www.ull.es\/portal\/cienciaull\/wp-content\/uploads\/sites\/24\/2022\/02\/Banners-vocaciones-cienti\u0301ficas_Facebook.png\" alt=\"\" data-ww=\"1200px\" data-hh=\"628px\" width=\"1200\" height=\"628\" data-no-retina> <\/div>\n\t<\/li>\n<\/ul>\n<div class=\"tp-bannertimer tp-bottom\" style=\"visibility: hidden !important;\"><\/div>\t<\/div>\n<script>var htmlDiv = document.getElementById(\"rs-plugin-settings-inline-css\"); var htmlDivCss=\"\";\r\n\t\t\t\tif(htmlDiv) {\r\n\t\t\t\t\thtmlDiv.innerHTML = htmlDiv.innerHTML + htmlDivCss;\r\n\t\t\t\t}else{\r\n\t\t\t\t\tvar htmlDiv = document.createElement(\"div\");\r\n\t\t\t\t\thtmlDiv.innerHTML = \"<style>\" + htmlDivCss + \"<\/style>\";\r\n\t\t\t\t\tdocument.getElementsByTagName(\"head\")[0].appendChild(htmlDiv.childNodes[0]);\r\n\t\t\t\t}\r\n\t\t\t<\/script>\n\t\t<script type=\"text\/javascript\">\r\nif (setREVStartSize!==undefined) setREVStartSize(\r\n\t{c: '#rev_slider_74_1', gridwidth: [1200], gridheight: [630], sliderLayout: 'auto'});\r\n\t\t\t\r\nvar revapi74,\r\n\ttpj;\t\r\n(function() {\t\t\t\r\n\tif (!\/loaded|interactive|complete\/.test(document.readyState)) document.addEventListener(\"DOMContentLoaded\",onLoad); else onLoad();\t\r\n\tfunction onLoad() {\t\t\t\t\r\n\t\tif (tpj===undefined) { tpj = jQuery; if(\"off\" == \"on\") tpj.noConflict();}\r\n\tif(tpj(\"#rev_slider_74_1\").revolution == undefined){\n\t\trevslider_showDoubleJqueryError(\"#rev_slider_74_1\");\n\t}else{\n\t\trevapi74 = tpj(\"#rev_slider_74_1\").show().revolution({\n\t\t\tsliderType:\"standard\",\n\t\t\tjsFileLocation:\"\/\/www.ull.es\/portal\/cienciaull\/wp-content\/plugins\/revslider\/public\/assets\/js\/\",\n\t\t\tsliderLayout:\"auto\",\n\t\t\tdottedOverlay:\"none\",\n\t\t\tdelay:9000,\n\t\t\tnavigation: {\n\t\t\t\tonHoverStop:\"off\",\n\t\t\t},\n\t\t\tvisibilityLevels:[1240,1024,778,480],\n\t\t\tgridwidth:1200,\n\t\t\tgridheight:630,\n\t\t\tlazyType:\"none\",\n\t\t\tshadow:0,\n\t\t\tspinner:\"spinner0\",\n\t\t\tstopLoop:\"off\",\n\t\t\tstopAfterLoops:-1,\n\t\t\tstopAtSlide:-1,\n\t\t\tshuffle:\"off\",\n\t\t\tautoHeight:\"off\",\n\t\t\tdisableProgressBar:\"on\",\n\t\t\thideThumbsOnMobile:\"off\",\n\t\t\thideSliderAtLimit:0,\n\t\t\thideCaptionAtLimit:0,\n\t\t\thideAllCaptionAtLilmit:0,\n\t\t\tdebugMode:false,\n\t\t\tfallbacks: {\n\t\t\t\tsimplifyAll:\"off\",\n\t\t\t\tnextSlideOnWindowFocus:\"off\",\n\t\t\t\tdisableFocusListener:false,\n\t\t\t}\n\t\t});\n\t}; \/* END OF revapi call *\/\n\t\n }; \/* END OF ON LOAD FUNCTION *\/\r\n}()); \/* END OF WRAPPING FUNCTION *\/\r\n<\/script>\r\n\t\t<\/div><!-- END REVOLUTION SLIDER -->[vc_separator color=\u00bbcustom\u00bb style=\u00bbdouble\u00bb border_width=\u00bb10&#8243; accent_color=\u00bb#1e73be\u00bb][vc_empty_space][vc_custom_heading text=\u00bbActividad 2: Programa Ac\u00e9rcate a la Ciencia con la ULL\u00bb font_container=\u00bbtag:h2|text_align:left|color:%23000000&#8243; google_fonts=\u00bbfont_family:Roboto%20Slab%3A100%2C300%2Cregular%2C700|font_style:700%20bold%20regular%3A700%3Anormal\u00bb css=\u00bb.vc_custom_1640692882497{margin-bottom: 7px !important;border-bottom-width: 7px !important;padding-bottom: 7px !important;}\u00bb][\/vc_column][\/vc_row][vc_row][vc_column width=\u00bb2\/3&#8243;][vc_column_text]<\/p>\n<p style=\"text-align: justify\"><span style=\"font-weight: 400\">Se trata de una colecci\u00f3n de talleres pr\u00e1cticos impartidos por j\u00f3venes investigadoras e investigadoras de la Universidad de La Laguna y dirigidos al alumnado de Secundaria, Bachillerato y Formaci\u00f3n Profesional de Canarias.<\/span><\/p>\n<p style=\"text-align: justify\"><span style=\"font-weight: 400\">Estos talleres se realizar\u00e1n en directo en dos sets preparados para ser laboratorios temporales, desde los cuales el alumnado en su centro podr\u00e1\u0301 seguir los pasos de cada taller, para replicarlo en directo, utilizando los kits de materiales individuales que se les har\u00e1\u0301 llegar a cada centro. Los talleres se engloban en las \u00e1reas de Biomedicina y Salud, Energ\u00eda, Medioambiente y Biodiversidad, Ciencia y Tecnolog\u00eda, Ciencia y Sociedad y Arte.<\/span><\/p>\n<p style=\"text-align: justify\"><span style=\"font-weight: 400\">Esta actividad se realizara\u0301 a trav\u00e9s de la plataforma Google Meet y estar\u00e1\u0301 accesible para aquellos centros que se inscriban a la misma, en horario de 9 30 a 13 30 h y 15 30 a 20 30 h.<\/span>[\/vc_column_text][\/vc_column][vc_column width=\u00bb1\/3&#8243;][vc_btn title=\u00bbP\u00e1gina de inicio\u00bb color=\u00bbviolet\u00bb size=\u00bblg\u00bb align=\u00bbcenter\u00bb button_block=\u00bbtrue\u00bb link=\u00bburl:https%3A%2F%2Fwww.ull.es%2Fportal%2Fcienciaull%2Flaboratorio-vocaciones-cientificas%2F\u00bb css=\u00bb.vc_custom_1640693164031{margin-bottom: 3px !important;border-bottom-width: 3px !important;padding-bottom: 3px !important;}\u00bb][vc_btn title=\u00bbActividad 1: Rutas cient\u00edficas virtuales\u00bb color=\u00bbblue\u00bb size=\u00bblg\u00bb align=\u00bbcenter\u00bb button_block=\u00bbtrue\u00bb link=\u00bburl:%20https%3A%2F%2Fwww.ull.es%2Fportal%2Fcienciaull%2Flaboratorio-vocaciones-cientificas%2Fdescripcion-de-cada-actividad%2Factividad-1-vocaciones%2F\u00bb css=\u00bb.vc_custom_1640693172110{margin-bottom: 3px !important;border-bottom-width: 3px !important;padding-bottom: 3px !important;}\u00bb][vc_btn title=\u00bbActividad 3: Concurso escolar de proyectos cient\u00edficos\u00bb color=\u00bbviolet\u00bb size=\u00bblg\u00bb align=\u00bbcenter\u00bb button_block=\u00bbtrue\u00bb link=\u00bburl:https%3A%2F%2Fwww.ull.es%2Fportal%2Fcienciaull%2Flaboratorio-vocaciones-cientificas%2Fdescripcion-de-cada-actividad%2Factividad-3-vocaciones%2F\u00bb css=\u00bb.vc_custom_1640693180331{margin-bottom: 3px !important;border-bottom-width: 3px !important;padding-bottom: 3px !important;}\u00bb][vc_btn title=\u00bbActividad 4: Charlas cient\u00edficas y profesionales\u00bb color=\u00bbblue\u00bb size=\u00bblg\u00bb align=\u00bbcenter\u00bb button_block=\u00bbtrue\u00bb link=\u00bburl:https%3A%2F%2Fwww.ull.es%2Fportal%2Fcienciaull%2Flaboratorio-vocaciones-cientificas%2Fdescripcion-de-cada-actividad%2Factividad-4-vocaciones%2F\u00bb css=\u00bb.vc_custom_1640693188202{margin-bottom: 3px !important;border-bottom-width: 3px !important;padding-bottom: 3px !important;}\u00bb][vc_btn title=\u00bbActividad 5: Charlas orientativas sobre los programas formativos de la ULL\u00bb color=\u00bbviolet\u00bb size=\u00bblg\u00bb align=\u00bbcenter\u00bb button_block=\u00bbtrue\u00bb link=\u00bburl:https%3A%2F%2Fwww.ull.es%2Fportal%2Fcienciaull%2Flaboratorio-vocaciones-cientificas%2Fdescripcion-de-cada-actividad%2Factividad-5-vocaciones%2F\u00bb css=\u00bb.vc_custom_1640693196178{margin-bottom: 3px !important;border-bottom-width: 3px !important;padding-bottom: 3px !important;}\u00bb][vc_btn title=\u00bbActividad 6: Actividades para mostrar la importancia de la figura de la mujer en la ciencia y la tecnolog\u00eda.\u00bb color=\u00bbblue\u00bb size=\u00bblg\u00bb align=\u00bbcenter\u00bb button_block=\u00bbtrue\u00bb link=\u00bburl:https%3A%2F%2Fwww.ull.es%2Fportal%2Fcienciaull%2Flaboratorio-vocaciones-cientificas%2Fdescripcion-de-cada-actividad%2Factividad-6-vocaciones%2F\u00bb css=\u00bb.vc_custom_1640693204084{margin-bottom: 3px !important;border-bottom-width: 3px !important;padding-bottom: 3px !important;}\u00bb][vc_btn title=\u00bbActividad 7: Grabaci\u00f3n y edici\u00f3n de recursos educativos did\u00e1cticos.\u00bb color=\u00bbviolet\u00bb size=\u00bblg\u00bb align=\u00bbcenter\u00bb button_block=\u00bbtrue\u00bb link=\u00bburl:https%3A%2F%2Fwww.ull.es%2Fportal%2Fcienciaull%2Flaboratorio-vocaciones-cientificas%2Fdescripcion-de-cada-actividad%2Factividad-7-vocaciones%2F\u00bb css=\u00bb.vc_custom_1640693212164{margin-bottom: 3px !important;border-bottom-width: 3px !important;padding-bottom: 3px !important;}\u00bb][\/vc_column][\/vc_row][vc_row][vc_column width=\u00bb2\/3&#8243;][vc_column_text]<\/p>\n<p>[\/vc_column_text][\/vc_column][vc_column width=\u00bb1\/3&#8243;][\/vc_column][\/vc_row]<\/p>\n","protected":false},"excerpt":{"rendered":"<p>[vc_row][vc_column][vc_separator color=\u00bbcustom\u00bb style=\u00bbdouble\u00bb border_width=\u00bb10&#8243; accent_color=\u00bb#1e73be\u00bb][vc_empty_space][vc_custom_heading text=\u00bbActividad 2: Programa Ac\u00e9rcate a la Ciencia con la ULL\u00bb font_container=\u00bbtag:h2|text_align:left|color:%23000000&#8243; google_fonts=\u00bbfont_family:Roboto%20Slab%3A100%2C300%2Cregular%2C700|font_style:700%20bold%20regular%3A700%3Anormal\u00bb css=\u00bb.vc_custom_1640692882497{margin-bottom: 7px !important;border-bottom-width: 7px !important;padding-bottom: 7px !important;}\u00bb][\/vc_column][\/vc_row][vc_row][vc_column width=\u00bb2\/3&#8243;][vc_column_text] Se trata de una colecci\u00f3n de talleres pr\u00e1cticos impartidos por j\u00f3venes investigadoras e investigadoras de la Universidad de La Laguna y dirigidos al alumnado de Secundaria, Bachillerato y Formaci\u00f3n Profesional&#8230;<\/p>\n","protected":false},"author":56,"featured_media":0,"parent":14641,"menu_order":0,"comment_status":"closed","ping_status":"closed","template":"templates\/cienciaull.php","meta":{"inline_featured_image":false,"footnotes":""},"acf":[],"yoast_head":"<!-- This site is optimized with the Yoast SEO plugin v21.3 - https:\/\/yoast.com\/wordpress\/plugins\/seo\/ -->\n<title>Actividad 2: Laboratorio Virtual Vocaciones -<\/title>\n<meta name=\"robots\" content=\"index, follow, max-snippet:-1, max-image-preview:large, max-video-preview:-1\" \/>\n<link rel=\"canonical\" href=\"https:\/\/www.ull.es\/portal\/cienciaull\/laboratorio-vocaciones-cientificas\/descripcion-de-cada-actividad\/actividad-2-vocaciones\/\" \/>\n<meta property=\"og:locale\" content=\"es_ES\" \/>\n<meta property=\"og:type\" content=\"article\" \/>\n<meta property=\"og:title\" content=\"Actividad 2: Laboratorio Virtual Vocaciones -\" \/>\n<meta property=\"og:description\" content=\"[vc_row][vc_column][vc_separator color=\u00bbcustom\u00bb style=\u00bbdouble\u00bb border_width=\u00bb10&#8243; accent_color=\u00bb#1e73be\u00bb][vc_empty_space][vc_custom_heading text=\u00bbActividad 2: Programa Ac\u00e9rcate a la Ciencia con la ULL\u00bb font_container=\u00bbtag:h2|text_align:left|color:%23000000&#8243; google_fonts=\u00bbfont_family:Roboto%20Slab%3A100%2C300%2Cregular%2C700|font_style:700%20bold%20regular%3A700%3Anormal\u00bb css=\u00bb.vc_custom_1640692882497{margin-bottom: 7px !important;border-bottom-width: 7px !important;padding-bottom: 7px !important;}\u00bb][\/vc_column][\/vc_row][vc_row][vc_column width=\u00bb2\/3&#8243;][vc_column_text] Se trata de una colecci\u00f3n de talleres pr\u00e1cticos impartidos por j\u00f3venes investigadoras e investigadoras de la Universidad de La Laguna y dirigidos al alumnado de Secundaria, Bachillerato y Formaci\u00f3n Profesional...\" \/>\n<meta property=\"og:url\" content=\"https:\/\/www.ull.es\/portal\/cienciaull\/laboratorio-vocaciones-cientificas\/descripcion-de-cada-actividad\/actividad-2-vocaciones\/\" \/>\n<meta property=\"article:publisher\" content=\"https:\/\/www.facebook.com\/CienciaULL\/\" \/>\n<meta property=\"article:modified_time\" content=\"2022-03-22T08:01:16+00:00\" \/>\n<meta name=\"twitter:card\" content=\"summary_large_image\" \/>\n<meta name=\"twitter:site\" content=\"@CienciaULL\" \/>\n<meta name=\"twitter:label1\" content=\"Tiempo de lectura\" \/>\n\t<meta name=\"twitter:data1\" content=\"2 minutos\" \/>\n<script type=\"application\/ld+json\" class=\"yoast-schema-graph\">{\"@context\":\"https:\/\/schema.org\",\"@graph\":[{\"@type\":\"WebPage\",\"@id\":\"https:\/\/www.ull.es\/portal\/cienciaull\/laboratorio-vocaciones-cientificas\/descripcion-de-cada-actividad\/actividad-2-vocaciones\/\",\"url\":\"https:\/\/www.ull.es\/portal\/cienciaull\/laboratorio-vocaciones-cientificas\/descripcion-de-cada-actividad\/actividad-2-vocaciones\/\",\"name\":\"Actividad 2: Laboratorio Virtual Vocaciones -\",\"isPartOf\":{\"@id\":\"https:\/\/www.ull.es\/portal\/cienciaull\/#website\"},\"datePublished\":\"2021-12-23T14:32:59+00:00\",\"dateModified\":\"2022-03-22T08:01:16+00:00\",\"breadcrumb\":{\"@id\":\"https:\/\/www.ull.es\/portal\/cienciaull\/laboratorio-vocaciones-cientificas\/descripcion-de-cada-actividad\/actividad-2-vocaciones\/#breadcrumb\"},\"inLanguage\":\"es\",\"potentialAction\":[{\"@type\":\"ReadAction\",\"target\":[\"https:\/\/www.ull.es\/portal\/cienciaull\/laboratorio-vocaciones-cientificas\/descripcion-de-cada-actividad\/actividad-2-vocaciones\/\"]}]},{\"@type\":\"BreadcrumbList\",\"@id\":\"https:\/\/www.ull.es\/portal\/cienciaull\/laboratorio-vocaciones-cientificas\/descripcion-de-cada-actividad\/actividad-2-vocaciones\/#breadcrumb\",\"itemListElement\":[{\"@type\":\"ListItem\",\"position\":1,\"name\":\"Portada\",\"item\":\"https:\/\/www.ull.es\/portal\/cienciaull\/\"},{\"@type\":\"ListItem\",\"position\":2,\"name\":\"Laboratorio Virtual Vocaciones Cient\u00edficas\",\"item\":\"https:\/\/www.ull.es\/portal\/cienciaull\/laboratorio-vocaciones-cientificas\/\"},{\"@type\":\"ListItem\",\"position\":3,\"name\":\"Programa\",\"item\":\"https:\/\/www.ull.es\/portal\/cienciaull\/laboratorio-vocaciones-cientificas\/descripcion-de-cada-actividad\/\"},{\"@type\":\"ListItem\",\"position\":4,\"name\":\"Actividad 2: Laboratorio Virtual Vocaciones\"}]},{\"@type\":\"WebSite\",\"@id\":\"https:\/\/www.ull.es\/portal\/cienciaull\/#website\",\"url\":\"https:\/\/www.ull.es\/portal\/cienciaull\/\",\"name\":\"\",\"description\":\"Unidad de Cultura Cient\u00edfica y de la Innovaci\u00f3n de la Universidad de La Laguna\",\"potentialAction\":[{\"@type\":\"SearchAction\",\"target\":{\"@type\":\"EntryPoint\",\"urlTemplate\":\"https:\/\/www.ull.es\/portal\/cienciaull\/?s={search_term_string}\"},\"query-input\":\"required name=search_term_string\"}],\"inLanguage\":\"es\"}]}<\/script>\n<!-- \/ Yoast SEO plugin. -->","yoast_head_json":{"title":"Actividad 2: Laboratorio Virtual Vocaciones -","robots":{"index":"index","follow":"follow","max-snippet":"max-snippet:-1","max-image-preview":"max-image-preview:large","max-video-preview":"max-video-preview:-1"},"canonical":"https:\/\/www.ull.es\/portal\/cienciaull\/laboratorio-vocaciones-cientificas\/descripcion-de-cada-actividad\/actividad-2-vocaciones\/","og_locale":"es_ES","og_type":"article","og_title":"Actividad 2: Laboratorio Virtual Vocaciones -","og_description":"[vc_row][vc_column][vc_separator color=\u00bbcustom\u00bb style=\u00bbdouble\u00bb border_width=\u00bb10&#8243; accent_color=\u00bb#1e73be\u00bb][vc_empty_space][vc_custom_heading text=\u00bbActividad 2: Programa Ac\u00e9rcate a la Ciencia con la ULL\u00bb font_container=\u00bbtag:h2|text_align:left|color:%23000000&#8243; google_fonts=\u00bbfont_family:Roboto%20Slab%3A100%2C300%2Cregular%2C700|font_style:700%20bold%20regular%3A700%3Anormal\u00bb css=\u00bb.vc_custom_1640692882497{margin-bottom: 7px !important;border-bottom-width: 7px !important;padding-bottom: 7px !important;}\u00bb][\/vc_column][\/vc_row][vc_row][vc_column width=\u00bb2\/3&#8243;][vc_column_text] Se trata de una colecci\u00f3n de talleres pr\u00e1cticos impartidos por j\u00f3venes investigadoras e investigadoras de la Universidad de La Laguna y dirigidos al alumnado de Secundaria, Bachillerato y Formaci\u00f3n Profesional...","og_url":"https:\/\/www.ull.es\/portal\/cienciaull\/laboratorio-vocaciones-cientificas\/descripcion-de-cada-actividad\/actividad-2-vocaciones\/","article_publisher":"https:\/\/www.facebook.com\/CienciaULL\/","article_modified_time":"2022-03-22T08:01:16+00:00","twitter_card":"summary_large_image","twitter_site":"@CienciaULL","twitter_misc":{"Tiempo de lectura":"2 minutos"},"schema":{"@context":"https:\/\/schema.org","@graph":[{"@type":"WebPage","@id":"https:\/\/www.ull.es\/portal\/cienciaull\/laboratorio-vocaciones-cientificas\/descripcion-de-cada-actividad\/actividad-2-vocaciones\/","url":"https:\/\/www.ull.es\/portal\/cienciaull\/laboratorio-vocaciones-cientificas\/descripcion-de-cada-actividad\/actividad-2-vocaciones\/","name":"Actividad 2: Laboratorio Virtual Vocaciones -","isPartOf":{"@id":"https:\/\/www.ull.es\/portal\/cienciaull\/#website"},"datePublished":"2021-12-23T14:32:59+00:00","dateModified":"2022-03-22T08:01:16+00:00","breadcrumb":{"@id":"https:\/\/www.ull.es\/portal\/cienciaull\/laboratorio-vocaciones-cientificas\/descripcion-de-cada-actividad\/actividad-2-vocaciones\/#breadcrumb"},"inLanguage":"es","potentialAction":[{"@type":"ReadAction","target":["https:\/\/www.ull.es\/portal\/cienciaull\/laboratorio-vocaciones-cientificas\/descripcion-de-cada-actividad\/actividad-2-vocaciones\/"]}]},{"@type":"BreadcrumbList","@id":"https:\/\/www.ull.es\/portal\/cienciaull\/laboratorio-vocaciones-cientificas\/descripcion-de-cada-actividad\/actividad-2-vocaciones\/#breadcrumb","itemListElement":[{"@type":"ListItem","position":1,"name":"Portada","item":"https:\/\/www.ull.es\/portal\/cienciaull\/"},{"@type":"ListItem","position":2,"name":"Laboratorio Virtual Vocaciones Cient\u00edficas","item":"https:\/\/www.ull.es\/portal\/cienciaull\/laboratorio-vocaciones-cientificas\/"},{"@type":"ListItem","position":3,"name":"Programa","item":"https:\/\/www.ull.es\/portal\/cienciaull\/laboratorio-vocaciones-cientificas\/descripcion-de-cada-actividad\/"},{"@type":"ListItem","position":4,"name":"Actividad 2: Laboratorio Virtual Vocaciones"}]},{"@type":"WebSite","@id":"https:\/\/www.ull.es\/portal\/cienciaull\/#website","url":"https:\/\/www.ull.es\/portal\/cienciaull\/","name":"","description":"Unidad de Cultura Cient\u00edfica y de la Innovaci\u00f3n de la Universidad de La Laguna","potentialAction":[{"@type":"SearchAction","target":{"@type":"EntryPoint","urlTemplate":"https:\/\/www.ull.es\/portal\/cienciaull\/?s={search_term_string}"},"query-input":"required name=search_term_string"}],"inLanguage":"es"}]}},"_links":{"self":[{"href":"https:\/\/www.ull.es\/portal\/cienciaull\/wp-json\/wp\/v2\/pages\/14667"}],"collection":[{"href":"https:\/\/www.ull.es\/portal\/cienciaull\/wp-json\/wp\/v2\/pages"}],"about":[{"href":"https:\/\/www.ull.es\/portal\/cienciaull\/wp-json\/wp\/v2\/types\/page"}],"author":[{"embeddable":true,"href":"https:\/\/www.ull.es\/portal\/cienciaull\/wp-json\/wp\/v2\/users\/56"}],"replies":[{"embeddable":true,"href":"https:\/\/www.ull.es\/portal\/cienciaull\/wp-json\/wp\/v2\/comments?post=14667"}],"version-history":[{"count":17,"href":"https:\/\/www.ull.es\/portal\/cienciaull\/wp-json\/wp\/v2\/pages\/14667\/revisions"}],"predecessor-version":[{"id":15074,"href":"https:\/\/www.ull.es\/portal\/cienciaull\/wp-json\/wp\/v2\/pages\/14667\/revisions\/15074"}],"up":[{"embeddable":true,"href":"https:\/\/www.ull.es\/portal\/cienciaull\/wp-json\/wp\/v2\/pages\/14641"}],"wp:attachment":[{"href":"https:\/\/www.ull.es\/portal\/cienciaull\/wp-json\/wp\/v2\/media?parent=14667"}],"curies":[{"name":"wp","href":"https:\/\/api.w.org\/{rel}","templated":true}]}}