{"id":14987,"date":"2022-02-01T11:03:18","date_gmt":"2022-02-01T11:03:18","guid":{"rendered":"https:\/\/www.ull.es\/portal\/cienciaull\/?page_id=14987"},"modified":"2025-11-27T15:25:33","modified_gmt":"2025-11-27T15:25:33","slug":"ciencia-a-lo-grande-centros-escolares","status":"publish","type":"page","link":"https:\/\/www.ull.es\/portal\/cienciaull\/ciencia-a-lo-grande\/ciencia-a-lo-grande-centros-escolares\/","title":{"rendered":"Centros Escolares"},"content":{"rendered":"<p>[vc_row][vc_column]\n<div id=\"rev_slider_137_1_wrapper\" class=\"rev_slider_wrapper fullwidthbanner-container\" data-source=\"gallery\" style=\"margin:0px auto;background:transparent;padding:0px;margin-top:0px;margin-bottom:0px;\">\n<!-- START REVOLUTION SLIDER 5.4.7.3 auto mode -->\n\t<div id=\"rev_slider_137_1\" class=\"rev_slider fullwidthabanner\" style=\"display:none;\" data-version=\"5.4.7.3\">\n<ul>\t<!-- SLIDE  -->\n\t<li data-index=\"rs-166\" data-transition=\"fade\" data-slotamount=\"default\" data-hideafterloop=\"0\" data-hideslideonmobile=\"off\"  data-easein=\"default\" data-easeout=\"default\" data-masterspeed=\"300\"  data-rotate=\"0\"  data-saveperformance=\"off\"  data-title=\"Slide\" data-param1=\"\" data-param2=\"\" data-param3=\"\" data-param4=\"\" data-param5=\"\" data-param6=\"\" data-param7=\"\" data-param8=\"\" data-param9=\"\" data-param10=\"\" data-description=\"\">\n\t\t<!-- MAIN IMAGE -->\n\t\t<img src=\"https:\/\/www.ull.es\/portal\/cienciaull\/wp-content\/plugins\/revslider\/admin\/assets\/images\/transparent.png\"  alt=\"\" title=\"Centros Escolares\"  data-bgposition=\"center center\" data-bgfit=\"cover\" data-bgrepeat=\"no-repeat\" class=\"rev-slidebg\" data-no-retina>\n\t\t<!-- LAYERS -->\n\n\t\t<!-- LAYER NR. 1 -->\n\t\t<div class=\"tp-caption   tp-resizeme\" \n\t\t\t id=\"slide-166-layer-1\" \n\t\t\t data-x=\"-7\" \n\t\t\t data-y=\"1\" \n\t\t\t\t\t\tdata-width=\"['none','none','none','none']\"\n\t\t\tdata-height=\"['none','none','none','none']\"\n \n\t\t\tdata-type=\"image\" \n\t\t\tdata-responsive_offset=\"on\" \n\n\t\t\tdata-frames='[{\"delay\":0,\"speed\":300,\"frame\":\"0\",\"from\":\"opacity:0;\",\"to\":\"o:1;\",\"ease\":\"Power3.easeInOut\"},{\"delay\":\"wait\",\"speed\":300,\"frame\":\"999\",\"to\":\"opacity:0;\",\"ease\":\"Power3.easeInOut\"}]'\n\t\t\tdata-textAlign=\"['inherit','inherit','inherit','inherit']\"\n\t\t\tdata-paddingtop=\"[0,0,0,0]\"\n\t\t\tdata-paddingright=\"[0,0,0,0]\"\n\t\t\tdata-paddingbottom=\"[0,0,0,0]\"\n\t\t\tdata-paddingleft=\"[0,0,0,0]\"\n\n\t\t\tstyle=\"z-index: 5;\"><img src=\"https:\/\/www.ull.es\/portal\/cienciaull\/wp-content\/uploads\/sites\/24\/2022\/04\/ciencia_grande_bn_fc.jpg\" alt=\"\" data-ww=\"1600px\" data-hh=\"593px\" width=\"1600\" height=\"593\" data-no-retina> <\/div>\n\t<\/li>\n<\/ul>\n<div class=\"tp-bannertimer tp-bottom\" style=\"visibility: hidden !important;\"><\/div>\t<\/div>\n<script>var htmlDiv = document.getElementById(\"rs-plugin-settings-inline-css\"); var htmlDivCss=\"\";\r\n\t\t\t\tif(htmlDiv) {\r\n\t\t\t\t\thtmlDiv.innerHTML = htmlDiv.innerHTML + htmlDivCss;\r\n\t\t\t\t}else{\r\n\t\t\t\t\tvar htmlDiv = document.createElement(\"div\");\r\n\t\t\t\t\thtmlDiv.innerHTML = \"<style>\" + htmlDivCss + \"<\/style>\";\r\n\t\t\t\t\tdocument.getElementsByTagName(\"head\")[0].appendChild(htmlDiv.childNodes[0]);\r\n\t\t\t\t}\r\n\t\t\t<\/script>\n\t\t<script type=\"text\/javascript\">\r\nif (setREVStartSize!==undefined) setREVStartSize(\r\n\t{c: '#rev_slider_137_1', gridwidth: [1600], gridheight: [600], sliderLayout: 'auto'});\r\n\t\t\t\r\nvar revapi137,\r\n\ttpj;\t\r\n(function() {\t\t\t\r\n\tif (!\/loaded|interactive|complete\/.test(document.readyState)) document.addEventListener(\"DOMContentLoaded\",onLoad); else onLoad();\t\r\n\tfunction onLoad() {\t\t\t\t\r\n\t\tif (tpj===undefined) { tpj = jQuery; if(\"off\" == \"on\") tpj.noConflict();}\r\n\tif(tpj(\"#rev_slider_137_1\").revolution == undefined){\n\t\trevslider_showDoubleJqueryError(\"#rev_slider_137_1\");\n\t}else{\n\t\trevapi137 = tpj(\"#rev_slider_137_1\").show().revolution({\n\t\t\tsliderType:\"hero\",\n\t\t\tjsFileLocation:\"\/\/www.ull.es\/portal\/cienciaull\/wp-content\/plugins\/revslider\/public\/assets\/js\/\",\n\t\t\tsliderLayout:\"auto\",\n\t\t\tdottedOverlay:\"none\",\n\t\t\tdelay:9000,\n\t\t\tvisibilityLevels:[1240,1024,778,480],\n\t\t\tgridwidth:1600,\n\t\t\tgridheight:600,\n\t\t\tlazyType:\"none\",\n\t\t\tshadow:0,\n\t\t\tspinner:\"spinner0\",\n\t\t\tautoHeight:\"off\",\n\t\t\tdisableProgressBar:\"on\",\n\t\t\thideThumbsOnMobile:\"off\",\n\t\t\thideSliderAtLimit:0,\n\t\t\thideCaptionAtLimit:0,\n\t\t\thideAllCaptionAtLilmit:0,\n\t\t\tdebugMode:false,\n\t\t\tfallbacks: {\n\t\t\t\tsimplifyAll:\"off\",\n\t\t\t\tdisableFocusListener:false,\n\t\t\t}\n\t\t});\n\t}; \/* END OF revapi call *\/\n\t\n }; \/* END OF ON LOAD FUNCTION *\/\r\n}()); \/* END OF WRAPPING FUNCTION *\/\r\n<\/script>\r\n\t\t<\/div><!-- END REVOLUTION SLIDER -->[vc_separator color=\u00bbsky\u00bb style=\u00bbdouble\u00bb border_width=\u00bb10&#8243;][\/vc_column][\/vc_row][vc_row][vc_column width=\u00bb1\/4&#8243;][vc_empty_space][vc_btn title=\u00bbInicio\u00bb color=\u00bbblue\u00bb size=\u00bblg\u00bb align=\u00bbcenter\u00bb button_block=\u00bbtrue\u00bb link=\u00bburl:https%3A%2F%2Fwww.ull.es%2Fportal%2Fcienciaull%2Fciencia-a-lo-grande%2F\u00bb][\/vc_column][vc_column width=\u00bb1\/4&#8243;][vc_empty_space][vc_btn title=\u00bbInscripci\u00f3n\u00bb color=\u00bbviolet\u00bb size=\u00bblg\u00bb align=\u00bbcenter\u00bb button_block=\u00bbtrue\u00bb link=\u00bburl:https%3A%2F%2Fwww.ull.es%2Fportal%2Fcienciaull%2Fciencia-a-lo-grande%2Finscripcion%2F\u00bb][\/vc_column][vc_column width=\u00bb1\/4&#8243;][vc_empty_space][vc_btn title=\u00bbPrograma formativo\u00bb color=\u00bbprimary\u00bb size=\u00bblg\u00bb align=\u00bbcenter\u00bb button_block=\u00bbtrue\u00bb link=\u00bburl:https%3A%2F%2Fwww.ull.es%2Fportal%2Fcienciaull%2Fciencia-a-lo-grande%2Fprograma-formativo-2%2F\u00bb][\/vc_column][vc_column width=\u00bb1\/4&#8243;][vc_empty_space][vc_btn title=\u00bbRecursos\u00bb color=\u00bbsky\u00bb size=\u00bblg\u00bb align=\u00bbcenter\u00bb button_block=\u00bbtrue\u00bb link=\u00bburl:https%3A%2F%2Fwww.ull.es%2Fportal%2Fcienciaull%2Fciencia-a-lo-grande%2Frecursos%2F\u00bb][\/vc_column][\/vc_row][vc_row][vc_column][vc_empty_space height=\u00bb45px\u00bb][vc_custom_heading text=\u00bbCentros Escolares\u00bb google_fonts=\u00bbfont_family:Roboto%20Slab%3A100%2C300%2Cregular%2C700|font_style:700%20bold%20regular%3A700%3Anormal\u00bb css=\u00bb.vc_custom_1671950011039{margin-bottom: 7px !important;border-bottom-width: 7px !important;padding-bottom: 7px !important;}\u00bb][vc_column_text]En la anterior edici\u00f3n<strong> 2021\/2022<\/strong>, participaron 9 centros escolares de primaria de la isla de Tenerife.[\/vc_column_text][vc_empty_space height=\u00bb15px\u00bb][\/vc_column][\/vc_row][vc_row][vc_column width=\u00bb1\/2&#8243;][vc_column_text]1.\u00a0 \u00a0 \u00a0 \u00a0CEIP Aguere<\/p>\n<p>2.\u00a0\u00a0\u00a0\u00a0\u00a0\u00a0 CEO Guajara<\/p>\n<p>3.\u00a0\u00a0\u00a0\u00a0\u00a0\u00a0 CEIP La Escalona<\/p>\n<p>4.\u00a0\u00a0\u00a0\u00a0\u00a0\u00a0 CEIP Isaac de Vega<\/p>\n<p>5.\u00a0\u00a0\u00a0\u00a0\u00a0\u00a0 CEIP Juan Cruz Ruiz[\/vc_column_text][\/vc_column][vc_column width=\u00bb1\/2&#8243;][vc_column_text]6.\u00a0\u00a0\u00a0\u00a0\u00a0\u00a0 CEIP Monta\u00f1a Roja<\/p>\n<p>7.\u00a0\u00a0\u00a0\u00a0\u00a0\u00a0 CEIP \u00c1ngel Guimer\u00e1<\/p>\n<p>8.\u00a0\u00a0\u00a0\u00a0\u00a0\u00a0 Colegio Luther King Arafo<\/p>\n<p>9.\u00a0\u00a0\u00a0\u00a0\u00a0\u00a0 CEIP Fernando III El Santo[\/vc_column_text][\/vc_column][\/vc_row][vc_row][vc_column][vc_column_text]<\/p>\n<hr \/>\n<p>[\/vc_column_text][vc_empty_space height=\u00bb15px\u00bb][vc_column_text]En esta edici\u00f3n <strong>2022\/2023<\/strong>, participar\u00e1n 11 centros escolares de primaria de la isla de Tenerife.[\/vc_column_text][vc_empty_space height=\u00bb15px\u00bb][\/vc_column][\/vc_row][vc_row][vc_column width=\u00bb1\/2&#8243;][vc_column_text]1.\u00a0 \u00a0 \u00a0 \u00a0CEIP Aguere (La Laguna)<\/p>\n<p>2.\u00a0 \u00a0 \u00a0 CEIP La Era (Gu\u00eda de Isora)<\/p>\n<p>3.\u00a0 \u00a0 \u00a0 CEIP Monta\u00f1a Roja (Granadilla)<\/p>\n<p>4.\u00a0 \u00a0 \u00a0 CEIP Rodr\u00edguez Alberto<\/p>\n<p>5.\u00a0 \u00a0 \u00a0 CEIP La Escalona<\/p>\n<p>6.\u00a0 \u00a0 \u00a0 Colegio Virgen del Mar[\/vc_column_text][\/vc_column][vc_column width=\u00bb1\/2&#8243;][vc_column_text]7.\u00a0 \u00a0 \u00a0 \u00a0CEIP San Agust\u00edn<\/p>\n<p>8.\u00a0 \u00a0 \u00a0 \u00a0Colegio La Salle<\/p>\n<p>9.\u00a0 \u00a0 \u00a0 \u00a0CEIP Las Mercedes<\/p>\n<p>10.\u00a0 \u00a0 \u00a0CEIP San Fernando (Santa \u00darsula)<\/p>\n<p>11.\u00a0 \u00a0 \u00a0 CEIP Guayonge[\/vc_column_text][vc_column_text][\/vc_column_text][\/vc_column][\/vc_row][vc_row][vc_column][vc_column_text]<\/p>\n<hr \/>\n<p>[\/vc_column_text][vc_empty_space height=\u00bb15px\u00bb][vc_column_text]En esta edici\u00f3n <strong>2023\/2024<\/strong>, participar\u00e1n 11 centros escolares de Educaci\u00f3n Primaria de la isla de Tenerife.[\/vc_column_text][vc_empty_space height=\u00bb15px\u00bb][\/vc_column][\/vc_row][vc_row][vc_column width=\u00bb1\/2&#8243;][vc_column_text]1.\u00a0 \u00a0 \u00a0 \u00a0CEIP Aguere (La Laguna)<\/p>\n<p>2.\u00a0 \u00a0 \u00a0 CEIP Nuestra Se\u00f1ora de la Concepci\u00f3n<\/p>\n<p>3.\u00a0 \u00a0 \u00a0 CPEIPS Decroly<\/p>\n<p>4.\u00a0 \u00a0 \u00a0 CEIP Rodr\u00edguez Alberto<\/p>\n<p>5.\u00a0 \u00a0 \u00a0 CEIP Juan Cruz Ruiz<\/p>\n<p>6.\u00a0 \u00a0 \u00a0 CEIP Las Mercedes[\/vc_column_text][\/vc_column][vc_column width=\u00bb1\/2&#8243;][vc_column_text]7.\u00a0 \u00a0 \u00a0 \u00a0CEIP La Corujera<\/p>\n<p>8.\u00a0 \u00a0 \u00a0 CPEIPS La Salle<\/p>\n<p>9.\u00a0 \u00a0 \u00a0 CPEIPS Virgen del Mar<\/p>\n<p>10.\u00a0 \u00a0 \u00a0CEO Guajara<\/p>\n<p>11.\u00a0 \u00a0 \u00a0 CEIP San Agust\u00edn[\/vc_column_text][\/vc_column][\/vc_row][vc_row][vc_column][vc_column_text]<\/p>\n<hr \/>\n<p>[\/vc_column_text][vc_empty_space height=\u00bb15px\u00bb][vc_column_text]En esta edici\u00f3n <strong>2024\/2025<\/strong>, participar\u00e1n 16 centros escolares de Educaci\u00f3n Primaria de la isla de Tenerife.[\/vc_column_text][vc_empty_space height=\u00bb15px\u00bb][\/vc_column][\/vc_row][vc_row][vc_column width=\u00bb1\/2&#8243;][vc_column_text]<\/p>\n<p style=\"text-align: left\">1.\u00a0 \u00a0 \u00a0 \u00a0CEIP Buzanada<\/p>\n<p style=\"text-align: left\">2.\u00a0 \u00a0 \u00a0 CEIP Ravelo<\/p>\n<p style=\"text-align: left\">3.\u00a0 \u00a0 \u00a0 CEIP Rambla de Santa Cruz<\/p>\n<p style=\"text-align: left\">4.\u00a0 \u00a0 \u00a0 CEIP Maximiliano Gil Meli\u00e1n<\/p>\n<p style=\"text-align: left\">5.\u00a0 \u00a0 \u00a0 CEIP Aguere<\/p>\n<p style=\"text-align: left\">6.\u00a0 \u00a0 \u00a0 CEIP La Verdellada<\/p>\n<p style=\"text-align: left\">7.\u00a0 \u00a0 \u00a0 \u00a0CEIP Julio Castillo Torroba<\/p>\n<p>8.\u00a0 \u00a0 \u00a0 \u00a0CEIP Bajos y Tagoro<\/p>\n<p>[\/vc_column_text][\/vc_column][vc_column width=\u00bb1\/2&#8243;][vc_column_text]9. CEO Leoncio Rodr\u00edguez<\/p>\n<p>10. CEIP T\u00edncer<\/p>\n<p>11. CEIP Igueste<\/p>\n<p>12. CPDEM Kaleide International School<\/p>\n<p>13. CPEIPS Ramiro de Maeztu<\/p>\n<p>14. CPEIPS Nuestra Se\u00f1ora del Rosario<\/p>\n<p>15. CEIP Las Mercedes<\/p>\n<p>16. CPEIPS Rodr\u00edguez Alberto[\/vc_column_text][\/vc_column][\/vc_row][vc_row][vc_column][vc_column_text]<\/p>\n<hr \/>\n<p>[\/vc_column_text][vc_empty_space height=\u00bb15px\u00bb][vc_column_text]En esta edici\u00f3n <strong>2025\/2026<\/strong>, participar\u00e1n 16 centros escolares de Educaci\u00f3n Primaria de la isla de Tenerife.[\/vc_column_text][vc_empty_space height=\u00bb15px\u00bb][\/vc_column][\/vc_row][vc_row][vc_column width=\u00bb1\/2&#8243;][vc_column_text]<\/p>\n<p style=\"text-align: left\">1.\u00a0 \u00a0 \u00a0 \u00a0CEIP El Tablero<\/p>\n<p style=\"text-align: left\">2.\u00a0 \u00a0 \u00a0 CEIP Buzanada<\/p>\n<p style=\"text-align: left\">3.\u00a0 \u00a0 \u00a0 CEO Leoncio Rodr\u00edguez<\/p>\n<p style=\"text-align: left\">4.\u00a0 \u00a0 \u00a0 CEIP Nuestra Se\u00f1ora de la Concepci\u00f3n<\/p>\n<p style=\"text-align: left\">5.\u00a0 \u00a0 \u00a0 CEIP Igueste<\/p>\n<p style=\"text-align: left\">6.\u00a0 \u00a0 \u00a0 CEIP San Agust\u00edn<\/p>\n<p style=\"text-align: left\">7.\u00a0 \u00a0 \u00a0 \u00a0CEIP Santa Cruz de California<\/p>\n<p>8.\u00a0 \u00a0 \u00a0 \u00a0CEIP La Verdellada[\/vc_column_text][\/vc_column][vc_column width=\u00bb1\/2&#8243;][vc_column_text]9. CEIP Mar\u00eda del Carmen Fern\u00e1ndez Meli\u00e1n<\/p>\n<p>10. CEIP Maximiliano Gil Meli\u00e1n<\/p>\n<p>11. CEIP T\u00edncer<\/p>\n<p>12. CEIP Aguere<\/p>\n<p>13. CEIP Las Mercedes<\/p>\n<p>14. CEIP Alonso Nava y Grim\u00f3n<\/p>\n<p>15. Colegio Rodr\u00edguez Alberto<\/p>\n<p>16. Colegio La Salle (La Laguna)[\/vc_column_text][\/vc_column][\/vc_row]<\/p>\n","protected":false},"excerpt":{"rendered":"<p>[vc_row][vc_column][vc_separator color=\u00bbsky\u00bb style=\u00bbdouble\u00bb border_width=\u00bb10&#8243;][\/vc_column][\/vc_row][vc_row][vc_column width=\u00bb1\/4&#8243;][vc_empty_space][vc_btn title=\u00bbInicio\u00bb color=\u00bbblue\u00bb size=\u00bblg\u00bb align=\u00bbcenter\u00bb button_block=\u00bbtrue\u00bb link=\u00bburl:https%3A%2F%2Fwww.ull.es%2Fportal%2Fcienciaull%2Fciencia-a-lo-grande%2F\u00bb][\/vc_column][vc_column width=\u00bb1\/4&#8243;][vc_empty_space][vc_btn title=\u00bbInscripci\u00f3n\u00bb color=\u00bbviolet\u00bb size=\u00bblg\u00bb align=\u00bbcenter\u00bb button_block=\u00bbtrue\u00bb link=\u00bburl:https%3A%2F%2Fwww.ull.es%2Fportal%2Fcienciaull%2Fciencia-a-lo-grande%2Finscripcion%2F\u00bb][\/vc_column][vc_column width=\u00bb1\/4&#8243;][vc_empty_space][vc_btn title=\u00bbPrograma formativo\u00bb color=\u00bbprimary\u00bb size=\u00bblg\u00bb align=\u00bbcenter\u00bb button_block=\u00bbtrue\u00bb link=\u00bburl:https%3A%2F%2Fwww.ull.es%2Fportal%2Fcienciaull%2Fciencia-a-lo-grande%2Fprograma-formativo-2%2F\u00bb][\/vc_column][vc_column width=\u00bb1\/4&#8243;][vc_empty_space][vc_btn title=\u00bbRecursos\u00bb color=\u00bbsky\u00bb size=\u00bblg\u00bb align=\u00bbcenter\u00bb button_block=\u00bbtrue\u00bb link=\u00bburl:https%3A%2F%2Fwww.ull.es%2Fportal%2Fcienciaull%2Fciencia-a-lo-grande%2Frecursos%2F\u00bb][\/vc_column][\/vc_row][vc_row][vc_column][vc_empty_space height=\u00bb45px\u00bb][vc_custom_heading text=\u00bbCentros Escolares\u00bb google_fonts=\u00bbfont_family:Roboto%20Slab%3A100%2C300%2Cregular%2C700|font_style:700%20bold%20regular%3A700%3Anormal\u00bb css=\u00bb.vc_custom_1671950011039{margin-bottom: 7px !important;border-bottom-width: 7px !important;padding-bottom: 7px !important;}\u00bb][vc_column_text]En la anterior edici\u00f3n 2021\/2022, participaron 9 centros escolares de primaria de&#8230;<\/p>\n","protected":false},"author":56,"featured_media":0,"parent":12207,"menu_order":1,"comment_status":"closed","ping_status":"closed","template":"templates\/cienciaull.php","meta":{"inline_featured_image":false,"footnotes":""},"acf":[],"yoast_head":"<!-- This site is optimized with the Yoast SEO plugin v21.3 - https:\/\/yoast.com\/wordpress\/plugins\/seo\/ -->\n<title>Centros Escolares -<\/title>\n<meta name=\"robots\" content=\"index, follow, max-snippet:-1, max-image-preview:large, max-video-preview:-1\" \/>\n<link rel=\"canonical\" href=\"https:\/\/www.ull.es\/portal\/cienciaull\/ciencia-a-lo-grande\/ciencia-a-lo-grande-centros-escolares\/\" \/>\n<meta property=\"og:locale\" content=\"es_ES\" \/>\n<meta property=\"og:type\" content=\"article\" \/>\n<meta property=\"og:title\" content=\"Centros Escolares -\" \/>\n<meta property=\"og:description\" content=\"[vc_row][vc_column][vc_separator color=\u00bbsky\u00bb style=\u00bbdouble\u00bb border_width=\u00bb10&#8243;][\/vc_column][\/vc_row][vc_row][vc_column width=\u00bb1\/4&#8243;][vc_empty_space][vc_btn title=\u00bbInicio\u00bb color=\u00bbblue\u00bb size=\u00bblg\u00bb align=\u00bbcenter\u00bb button_block=\u00bbtrue\u00bb link=\u00bburl:https%3A%2F%2Fwww.ull.es%2Fportal%2Fcienciaull%2Fciencia-a-lo-grande%2F\u00bb][\/vc_column][vc_column width=\u00bb1\/4&#8243;][vc_empty_space][vc_btn title=\u00bbInscripci\u00f3n\u00bb color=\u00bbviolet\u00bb size=\u00bblg\u00bb align=\u00bbcenter\u00bb button_block=\u00bbtrue\u00bb link=\u00bburl:https%3A%2F%2Fwww.ull.es%2Fportal%2Fcienciaull%2Fciencia-a-lo-grande%2Finscripcion%2F\u00bb][\/vc_column][vc_column width=\u00bb1\/4&#8243;][vc_empty_space][vc_btn title=\u00bbPrograma formativo\u00bb color=\u00bbprimary\u00bb size=\u00bblg\u00bb align=\u00bbcenter\u00bb button_block=\u00bbtrue\u00bb link=\u00bburl:https%3A%2F%2Fwww.ull.es%2Fportal%2Fcienciaull%2Fciencia-a-lo-grande%2Fprograma-formativo-2%2F\u00bb][\/vc_column][vc_column width=\u00bb1\/4&#8243;][vc_empty_space][vc_btn title=\u00bbRecursos\u00bb color=\u00bbsky\u00bb size=\u00bblg\u00bb align=\u00bbcenter\u00bb button_block=\u00bbtrue\u00bb link=\u00bburl:https%3A%2F%2Fwww.ull.es%2Fportal%2Fcienciaull%2Fciencia-a-lo-grande%2Frecursos%2F\u00bb][\/vc_column][\/vc_row][vc_row][vc_column][vc_empty_space height=\u00bb45px\u00bb][vc_custom_heading text=\u00bbCentros Escolares\u00bb google_fonts=\u00bbfont_family:Roboto%20Slab%3A100%2C300%2Cregular%2C700|font_style:700%20bold%20regular%3A700%3Anormal\u00bb css=\u00bb.vc_custom_1671950011039{margin-bottom: 7px !important;border-bottom-width: 7px !important;padding-bottom: 7px !important;}\u00bb][vc_column_text]En la anterior edici\u00f3n 2021\/2022, participaron 9 centros escolares de primaria de...\" \/>\n<meta property=\"og:url\" content=\"https:\/\/www.ull.es\/portal\/cienciaull\/ciencia-a-lo-grande\/ciencia-a-lo-grande-centros-escolares\/\" \/>\n<meta property=\"article:publisher\" content=\"https:\/\/www.facebook.com\/CienciaULL\/\" \/>\n<meta property=\"article:modified_time\" content=\"2025-11-27T15:25:33+00:00\" \/>\n<meta name=\"twitter:card\" content=\"summary_large_image\" \/>\n<meta name=\"twitter:site\" content=\"@CienciaULL\" \/>\n<meta name=\"twitter:label1\" content=\"Tiempo de lectura\" \/>\n\t<meta name=\"twitter:data1\" content=\"2 minutos\" \/>\n<script type=\"application\/ld+json\" class=\"yoast-schema-graph\">{\"@context\":\"https:\/\/schema.org\",\"@graph\":[{\"@type\":\"WebPage\",\"@id\":\"https:\/\/www.ull.es\/portal\/cienciaull\/ciencia-a-lo-grande\/ciencia-a-lo-grande-centros-escolares\/\",\"url\":\"https:\/\/www.ull.es\/portal\/cienciaull\/ciencia-a-lo-grande\/ciencia-a-lo-grande-centros-escolares\/\",\"name\":\"Centros Escolares -\",\"isPartOf\":{\"@id\":\"https:\/\/www.ull.es\/portal\/cienciaull\/#website\"},\"datePublished\":\"2022-02-01T11:03:18+00:00\",\"dateModified\":\"2025-11-27T15:25:33+00:00\",\"breadcrumb\":{\"@id\":\"https:\/\/www.ull.es\/portal\/cienciaull\/ciencia-a-lo-grande\/ciencia-a-lo-grande-centros-escolares\/#breadcrumb\"},\"inLanguage\":\"es\",\"potentialAction\":[{\"@type\":\"ReadAction\",\"target\":[\"https:\/\/www.ull.es\/portal\/cienciaull\/ciencia-a-lo-grande\/ciencia-a-lo-grande-centros-escolares\/\"]}]},{\"@type\":\"BreadcrumbList\",\"@id\":\"https:\/\/www.ull.es\/portal\/cienciaull\/ciencia-a-lo-grande\/ciencia-a-lo-grande-centros-escolares\/#breadcrumb\",\"itemListElement\":[{\"@type\":\"ListItem\",\"position\":1,\"name\":\"Portada\",\"item\":\"https:\/\/www.ull.es\/portal\/cienciaull\/\"},{\"@type\":\"ListItem\",\"position\":2,\"name\":\"Ciencia a lo Grande\",\"item\":\"https:\/\/www.ull.es\/portal\/cienciaull\/ciencia-a-lo-grande\/\"},{\"@type\":\"ListItem\",\"position\":3,\"name\":\"Centros Escolares\"}]},{\"@type\":\"WebSite\",\"@id\":\"https:\/\/www.ull.es\/portal\/cienciaull\/#website\",\"url\":\"https:\/\/www.ull.es\/portal\/cienciaull\/\",\"name\":\"\",\"description\":\"Unidad de Cultura Cient\u00edfica y de la Innovaci\u00f3n de la Universidad de La Laguna\",\"potentialAction\":[{\"@type\":\"SearchAction\",\"target\":{\"@type\":\"EntryPoint\",\"urlTemplate\":\"https:\/\/www.ull.es\/portal\/cienciaull\/?s={search_term_string}\"},\"query-input\":\"required name=search_term_string\"}],\"inLanguage\":\"es\"}]}<\/script>\n<!-- \/ Yoast SEO plugin. -->","yoast_head_json":{"title":"Centros Escolares -","robots":{"index":"index","follow":"follow","max-snippet":"max-snippet:-1","max-image-preview":"max-image-preview:large","max-video-preview":"max-video-preview:-1"},"canonical":"https:\/\/www.ull.es\/portal\/cienciaull\/ciencia-a-lo-grande\/ciencia-a-lo-grande-centros-escolares\/","og_locale":"es_ES","og_type":"article","og_title":"Centros Escolares -","og_description":"[vc_row][vc_column][vc_separator color=\u00bbsky\u00bb style=\u00bbdouble\u00bb border_width=\u00bb10&#8243;][\/vc_column][\/vc_row][vc_row][vc_column width=\u00bb1\/4&#8243;][vc_empty_space][vc_btn title=\u00bbInicio\u00bb color=\u00bbblue\u00bb size=\u00bblg\u00bb align=\u00bbcenter\u00bb button_block=\u00bbtrue\u00bb link=\u00bburl:https%3A%2F%2Fwww.ull.es%2Fportal%2Fcienciaull%2Fciencia-a-lo-grande%2F\u00bb][\/vc_column][vc_column width=\u00bb1\/4&#8243;][vc_empty_space][vc_btn title=\u00bbInscripci\u00f3n\u00bb color=\u00bbviolet\u00bb size=\u00bblg\u00bb align=\u00bbcenter\u00bb button_block=\u00bbtrue\u00bb link=\u00bburl:https%3A%2F%2Fwww.ull.es%2Fportal%2Fcienciaull%2Fciencia-a-lo-grande%2Finscripcion%2F\u00bb][\/vc_column][vc_column width=\u00bb1\/4&#8243;][vc_empty_space][vc_btn title=\u00bbPrograma formativo\u00bb color=\u00bbprimary\u00bb size=\u00bblg\u00bb align=\u00bbcenter\u00bb button_block=\u00bbtrue\u00bb link=\u00bburl:https%3A%2F%2Fwww.ull.es%2Fportal%2Fcienciaull%2Fciencia-a-lo-grande%2Fprograma-formativo-2%2F\u00bb][\/vc_column][vc_column width=\u00bb1\/4&#8243;][vc_empty_space][vc_btn title=\u00bbRecursos\u00bb color=\u00bbsky\u00bb size=\u00bblg\u00bb align=\u00bbcenter\u00bb button_block=\u00bbtrue\u00bb link=\u00bburl:https%3A%2F%2Fwww.ull.es%2Fportal%2Fcienciaull%2Fciencia-a-lo-grande%2Frecursos%2F\u00bb][\/vc_column][\/vc_row][vc_row][vc_column][vc_empty_space height=\u00bb45px\u00bb][vc_custom_heading text=\u00bbCentros Escolares\u00bb google_fonts=\u00bbfont_family:Roboto%20Slab%3A100%2C300%2Cregular%2C700|font_style:700%20bold%20regular%3A700%3Anormal\u00bb css=\u00bb.vc_custom_1671950011039{margin-bottom: 7px !important;border-bottom-width: 7px !important;padding-bottom: 7px !important;}\u00bb][vc_column_text]En la anterior edici\u00f3n 2021\/2022, participaron 9 centros escolares de primaria de...","og_url":"https:\/\/www.ull.es\/portal\/cienciaull\/ciencia-a-lo-grande\/ciencia-a-lo-grande-centros-escolares\/","article_publisher":"https:\/\/www.facebook.com\/CienciaULL\/","article_modified_time":"2025-11-27T15:25:33+00:00","twitter_card":"summary_large_image","twitter_site":"@CienciaULL","twitter_misc":{"Tiempo de lectura":"2 minutos"},"schema":{"@context":"https:\/\/schema.org","@graph":[{"@type":"WebPage","@id":"https:\/\/www.ull.es\/portal\/cienciaull\/ciencia-a-lo-grande\/ciencia-a-lo-grande-centros-escolares\/","url":"https:\/\/www.ull.es\/portal\/cienciaull\/ciencia-a-lo-grande\/ciencia-a-lo-grande-centros-escolares\/","name":"Centros Escolares -","isPartOf":{"@id":"https:\/\/www.ull.es\/portal\/cienciaull\/#website"},"datePublished":"2022-02-01T11:03:18+00:00","dateModified":"2025-11-27T15:25:33+00:00","breadcrumb":{"@id":"https:\/\/www.ull.es\/portal\/cienciaull\/ciencia-a-lo-grande\/ciencia-a-lo-grande-centros-escolares\/#breadcrumb"},"inLanguage":"es","potentialAction":[{"@type":"ReadAction","target":["https:\/\/www.ull.es\/portal\/cienciaull\/ciencia-a-lo-grande\/ciencia-a-lo-grande-centros-escolares\/"]}]},{"@type":"BreadcrumbList","@id":"https:\/\/www.ull.es\/portal\/cienciaull\/ciencia-a-lo-grande\/ciencia-a-lo-grande-centros-escolares\/#breadcrumb","itemListElement":[{"@type":"ListItem","position":1,"name":"Portada","item":"https:\/\/www.ull.es\/portal\/cienciaull\/"},{"@type":"ListItem","position":2,"name":"Ciencia a lo Grande","item":"https:\/\/www.ull.es\/portal\/cienciaull\/ciencia-a-lo-grande\/"},{"@type":"ListItem","position":3,"name":"Centros Escolares"}]},{"@type":"WebSite","@id":"https:\/\/www.ull.es\/portal\/cienciaull\/#website","url":"https:\/\/www.ull.es\/portal\/cienciaull\/","name":"","description":"Unidad de Cultura Cient\u00edfica y de la Innovaci\u00f3n de la Universidad de La Laguna","potentialAction":[{"@type":"SearchAction","target":{"@type":"EntryPoint","urlTemplate":"https:\/\/www.ull.es\/portal\/cienciaull\/?s={search_term_string}"},"query-input":"required name=search_term_string"}],"inLanguage":"es"}]}},"_links":{"self":[{"href":"https:\/\/www.ull.es\/portal\/cienciaull\/wp-json\/wp\/v2\/pages\/14987"}],"collection":[{"href":"https:\/\/www.ull.es\/portal\/cienciaull\/wp-json\/wp\/v2\/pages"}],"about":[{"href":"https:\/\/www.ull.es\/portal\/cienciaull\/wp-json\/wp\/v2\/types\/page"}],"author":[{"embeddable":true,"href":"https:\/\/www.ull.es\/portal\/cienciaull\/wp-json\/wp\/v2\/users\/56"}],"replies":[{"embeddable":true,"href":"https:\/\/www.ull.es\/portal\/cienciaull\/wp-json\/wp\/v2\/comments?post=14987"}],"version-history":[{"count":38,"href":"https:\/\/www.ull.es\/portal\/cienciaull\/wp-json\/wp\/v2\/pages\/14987\/revisions"}],"predecessor-version":[{"id":36152,"href":"https:\/\/www.ull.es\/portal\/cienciaull\/wp-json\/wp\/v2\/pages\/14987\/revisions\/36152"}],"up":[{"embeddable":true,"href":"https:\/\/www.ull.es\/portal\/cienciaull\/wp-json\/wp\/v2\/pages\/12207"}],"wp:attachment":[{"href":"https:\/\/www.ull.es\/portal\/cienciaull\/wp-json\/wp\/v2\/media?parent=14987"}],"curies":[{"name":"wp","href":"https:\/\/api.w.org\/{rel}","templated":true}]}}