{"id":15135,"date":"2022-03-03T14:37:06","date_gmt":"2022-03-03T14:37:06","guid":{"rendered":"https:\/\/www.ull.es\/portal\/cienciaull\/?page_id=15135"},"modified":"2024-02-19T11:09:21","modified_gmt":"2024-02-19T11:09:21","slug":"laboratorio-arn-innova-2","status":"publish","type":"page","link":"https:\/\/www.ull.es\/portal\/cienciaull\/laboratorio-arn-innova-2\/","title":{"rendered":"Laboratorio ARN Innova"},"content":{"rendered":"<p>[vc_row][vc_column]\n<div id=\"rev_slider_82_1_wrapper\" class=\"rev_slider_wrapper fullwidthbanner-container\" data-source=\"gallery\" style=\"margin:0px auto;background:transparent;padding:0px;margin-top:0px;margin-bottom:0px;\">\n<!-- START REVOLUTION SLIDER 5.4.7.3 auto mode -->\n\t<div id=\"rev_slider_82_1\" class=\"rev_slider fullwidthabanner\" style=\"display:none;\" data-version=\"5.4.7.3\">\n<ul>\t<!-- SLIDE  -->\n\t<li data-index=\"rs-110\" data-transition=\"fade\" data-slotamount=\"default\" data-hideafterloop=\"0\" data-hideslideonmobile=\"off\"  data-easein=\"default\" data-easeout=\"default\" data-masterspeed=\"300\"  data-rotate=\"0\"  data-saveperformance=\"off\"  data-title=\"Slide\" data-param1=\"\" data-param2=\"\" data-param3=\"\" data-param4=\"\" data-param5=\"\" data-param6=\"\" data-param7=\"\" data-param8=\"\" data-param9=\"\" data-param10=\"\" data-description=\"\">\n\t\t<!-- MAIN IMAGE -->\n\t\t<img src=\"https:\/\/www.ull.es\/portal\/cienciaull\/wp-content\/plugins\/revslider\/admin\/assets\/images\/transparent.png\"  alt=\"\" title=\"Laboratorio ARN Innova\"  data-bgposition=\"center center\" data-bgfit=\"cover\" data-bgrepeat=\"no-repeat\" class=\"rev-slidebg\" data-no-retina>\n\t\t<!-- LAYERS -->\n\n\t\t<!-- LAYER NR. 1 -->\n\t\t<div class=\"tp-caption   tp-resizeme\" \n\t\t\t id=\"slide-110-layer-1\" \n\t\t\t data-x=\"\" \n\t\t\t data-y=\"\" \n\t\t\t\t\t\tdata-width=\"['none','none','none','none']\"\n\t\t\tdata-height=\"['none','none','none','none']\"\n \n\t\t\tdata-type=\"image\" \n\t\t\tdata-responsive_offset=\"on\" \n\n\t\t\tdata-frames='[{\"delay\":0,\"speed\":300,\"frame\":\"0\",\"from\":\"opacity:0;\",\"to\":\"o:1;\",\"ease\":\"Power3.easeInOut\"},{\"delay\":\"wait\",\"speed\":300,\"frame\":\"999\",\"to\":\"opacity:0;\",\"ease\":\"Power3.easeInOut\"}]'\n\t\t\tdata-textAlign=\"['inherit','inherit','inherit','inherit']\"\n\t\t\tdata-paddingtop=\"[0,0,0,0]\"\n\t\t\tdata-paddingright=\"[0,0,0,0]\"\n\t\t\tdata-paddingbottom=\"[0,0,0,0]\"\n\t\t\tdata-paddingleft=\"[0,0,0,0]\"\n\n\t\t\tstyle=\"z-index: 5;\"><img src=\"https:\/\/www.ull.es\/portal\/cienciaull\/wp-content\/uploads\/sites\/24\/2022\/03\/arn_innova_bn_fc.jpg\" alt=\"\" data-ww=\"1600px\" data-hh=\"593px\" width=\"1600\" height=\"593\" data-no-retina> <\/div>\n\t<\/li>\n<\/ul>\n<div class=\"tp-bannertimer tp-bottom\" style=\"visibility: hidden !important;\"><\/div>\t<\/div>\n<script>var htmlDiv = document.getElementById(\"rs-plugin-settings-inline-css\"); var htmlDivCss=\"\";\r\n\t\t\t\tif(htmlDiv) {\r\n\t\t\t\t\thtmlDiv.innerHTML = htmlDiv.innerHTML + htmlDivCss;\r\n\t\t\t\t}else{\r\n\t\t\t\t\tvar htmlDiv = document.createElement(\"div\");\r\n\t\t\t\t\thtmlDiv.innerHTML = \"<style>\" + htmlDivCss + \"<\/style>\";\r\n\t\t\t\t\tdocument.getElementsByTagName(\"head\")[0].appendChild(htmlDiv.childNodes[0]);\r\n\t\t\t\t}\r\n\t\t\t<\/script>\n\t\t<script type=\"text\/javascript\">\r\nif (setREVStartSize!==undefined) setREVStartSize(\r\n\t{c: '#rev_slider_82_1', gridwidth: [1600], gridheight: [593], sliderLayout: 'auto'});\r\n\t\t\t\r\nvar revapi82,\r\n\ttpj;\t\r\n(function() {\t\t\t\r\n\tif (!\/loaded|interactive|complete\/.test(document.readyState)) document.addEventListener(\"DOMContentLoaded\",onLoad); else onLoad();\t\r\n\tfunction onLoad() {\t\t\t\t\r\n\t\tif (tpj===undefined) { tpj = jQuery; if(\"off\" == \"on\") tpj.noConflict();}\r\n\tif(tpj(\"#rev_slider_82_1\").revolution == undefined){\n\t\trevslider_showDoubleJqueryError(\"#rev_slider_82_1\");\n\t}else{\n\t\trevapi82 = tpj(\"#rev_slider_82_1\").show().revolution({\n\t\t\tsliderType:\"standard\",\n\t\t\tjsFileLocation:\"\/\/www.ull.es\/portal\/cienciaull\/wp-content\/plugins\/revslider\/public\/assets\/js\/\",\n\t\t\tsliderLayout:\"auto\",\n\t\t\tdottedOverlay:\"none\",\n\t\t\tdelay:9000,\n\t\t\tnavigation: {\n\t\t\t\tonHoverStop:\"off\",\n\t\t\t},\n\t\t\tvisibilityLevels:[1240,1024,778,480],\n\t\t\tgridwidth:1600,\n\t\t\tgridheight:593,\n\t\t\tlazyType:\"none\",\n\t\t\tshadow:0,\n\t\t\tspinner:\"spinner0\",\n\t\t\tstopLoop:\"off\",\n\t\t\tstopAfterLoops:-1,\n\t\t\tstopAtSlide:-1,\n\t\t\tshuffle:\"off\",\n\t\t\tautoHeight:\"off\",\n\t\t\tdisableProgressBar:\"on\",\n\t\t\thideThumbsOnMobile:\"off\",\n\t\t\thideSliderAtLimit:0,\n\t\t\thideCaptionAtLimit:0,\n\t\t\thideAllCaptionAtLilmit:0,\n\t\t\tdebugMode:false,\n\t\t\tfallbacks: {\n\t\t\t\tsimplifyAll:\"off\",\n\t\t\t\tnextSlideOnWindowFocus:\"off\",\n\t\t\t\tdisableFocusListener:false,\n\t\t\t}\n\t\t});\n\t}; \/* END OF revapi call *\/\n\t\n }; \/* END OF ON LOAD FUNCTION *\/\r\n}()); \/* END OF WRAPPING FUNCTION *\/\r\n<\/script>\r\n\t\t<\/div><!-- END REVOLUTION SLIDER -->[vc_separator color=\u00bbcustom\u00bb style=\u00bbdouble\u00bb border_width=\u00bb10&#8243; accent_color=\u00bb#747f31&#8243;][\/vc_column][\/vc_row][vc_row][vc_column width=\u00bb2\/3&#8243;][vc_empty_space height=\u00bb40px\u00bb][vc_custom_heading text=\u00bbPresentaci\u00f3n\u00bb font_container=\u00bbtag:h2|text_align:left|color:%233966b7&#8243; google_fonts=\u00bbfont_family:Roboto%20Slab%3A100%2C300%2Cregular%2C700|font_style:700%20bold%20regular%3A700%3Anormal\u00bb css=\u00bb.vc_custom_1647854681649{margin-bottom: 15px !important;border-bottom-width: 15px !important;padding-bottom: 15px !important;}\u00bb][vc_column_text]<\/p>\n<p style=\"text-align: justify\">El <span style=\"color: #747f31\"><strong>\u00abPrograma de actividades para el fomento de la innovaci\u00f3n empresarial en el municipio de Arona, ARN INNOVA\u00bb <\/strong><\/span>es una iniciativa que surge, en diciembre de 2017 y de la mano del <a href=\"https:\/\/www.arona.org\/\" target=\"_blank\" rel=\"noopener\">Ayuntamiento de Arona<\/a>, la <a href=\"https:\/\/www.ull.es\/\" target=\"_blank\" rel=\"noopener\">Universidad de La Laguna<\/a> y su <a href=\"https:\/\/fg.ull.es\/\" target=\"_blank\" rel=\"noopener\">Fundaci\u00f3n General<\/a>, con la finalidad de<em> \u201ccrear un espacio de encuentro y uso com\u00fan en el Centro Empresarial de Las Galletas, para dotar a los ciudadanos y las ciudadanas de Arona de las herramientas y el conocimiento necesario para definir o mejorar productos y servicios innovadores y fomentar las vocaciones cient\u00edficas y tecnol\u00f3gicas entre la juventud y los escolares del municipio\u201d. <\/em>En esta nueva edici\u00f3n, se extrapolar\u00e1 su metodolog\u00eda de trabajo y la celebraci\u00f3n de sus actividades a todas las localidades del municipio de Arona<strong>. <\/strong>Cuenta con dos l\u00edneas de trabajo.<\/p>\n<p style=\"text-align: justify\">Una de sus l\u00edneas de trabajo es el <span style=\"color: #747f31\"><strong>\u00abLaboratorio de Ciencia y Tecnolog\u00eda ARN Innova\u00bb<\/strong><\/span>, que es desarrollada por Cienci@ULL (la Unidad de Cultura Cient\u00edfica y de la Innovaci\u00f3n de la ULL) con la colaboraci\u00f3n del personal investigador de la Universidad de La Laguna. Su objetivo principal es dotar a la poblaci\u00f3n del conocimiento y las herramientas necesarias para fomentar la creatividad y el inter\u00e9s por la ciencia y la tecnolog\u00eda, especialmente en edades tempranas implicando de esta forma a la comunidad educativa en el desarrollo del municipio. Para ello, se realiza anualmente el siguiente conjunto de actividades:<\/p>\n<ul>\n<li><span style=\"color: #747f31\"><strong>Programa Ac\u00e9rcate a la Ciencia con la ULL en Arona. <\/strong><\/span>Ha sido seleccionada por la CRUE para formar parte de su cat\u00e1logo de proyectos de buenas pr\u00e1cticas para el fomento de vocaciones cient\u00edficas entre los m\u00e1s j\u00f3venes. Ac\u00e9rcate a la Ciencia con la ULL en Arona, busca estimular el inter\u00e9s cient\u00edfico entre los j\u00f3venes del municipio de Arona, con la participaci\u00f3n de doctorandos y j\u00f3venes investigadores de la Universidad de La Laguna. Del 8 de abril al 14 de junio, se realizar\u00e1n 40 talleres cient\u00edficos dirigidos a estudiantes desde 3\u00ba de Primaria hasta Formaci\u00f3n Profesional. Cada taller tendr\u00e1 una duraci\u00f3n de dos horas y se desarrollar\u00e1 en los centros educativos participantes.<\/li>\n<li style=\"text-align: justify\"><span style=\"color: #747f31\"><strong>Laboratorio de Ciencia y Tecnolog\u00eda de Verano<\/strong>,<\/span> una jornada de tres d\u00edas de actividades compuesta por talleres, charlas y formaci\u00f3n transversal para el alumnado escolar durante el mes de julio;<\/li>\n<li style=\"text-align: justify\"><span style=\"color: #747f31\"><strong>Concurso escolar de proyectos cient\u00edficos \u201cArona Junior Scientists\u201d<\/strong>;<\/span><\/li>\n<li style=\"text-align: justify\"><span style=\"color: #747f31\"><strong>Programa ARN TECH<\/strong>,<\/span> una actividad de acompa\u00f1amiento dirigida a mayores de 16 a\u00f1os que permita dotarles de las herramientas y el contenido necesario sobre el uso de nuevas tecnolog\u00edas que le servir\u00e1n para el desarrollo de futuras ideas empresariales;<\/li>\n<li style=\"text-align: justify\"><span style=\"color: #747f31\"><a style=\"color: #747f31\" href=\"https:\/\/www.ull.es\/portal\/cienciaull\/laboratorio-virtual\/\" target=\"_blank\" rel=\"noopener\"><strong>Serie divulgativa \u201cLaboratorio Virtual ARN Innova\u201d<\/strong><\/a>,<\/span> que cuenta con m\u00e1s de 20.000 reproducciones. En cada cap\u00edtulo personal investigador real explican conceptos cient\u00edficos de la vida cotidiana a trav\u00e9s de peque\u00f1os experimentos que se pueden realizar en casa y<\/li>\n<li style=\"text-align: justify\"><span style=\"color: #747f31\"><strong>Festival de la Ciencia de Arona<\/strong>,<\/span> un evento de divulgaci\u00f3n cient\u00edfica, de dos d\u00edas de duraci\u00f3n, que se celebra como colof\u00f3n de cada a\u00f1o de trabajo.<\/li>\n<\/ul>\n<p>[\/vc_column_text][\/vc_column][vc_column width=\u00bb1\/3&#8243;][vc_empty_space height=\u00bb110px\u00bb][vc_video link=\u00bbhttps:\/\/www.youtube.com\/watch?v=DOorlfP&#8211;tQ\u00bb align=\u00bbcenter\u00bb][vc_btn title=\u00bbObjetivos\u00bb color=\u00bbblue\u00bb size=\u00bblg\u00bb align=\u00bbcenter\u00bb button_block=\u00bbtrue\u00bb css=\u00bb.vc_custom_1648114763817{margin-bottom: 3px !important;border-bottom-width: 3px !important;padding-bottom: 3px !important;}\u00bb link=\u00bburl:https%3A%2F%2Fwww.ull.es%2Fportal%2Fcienciaull%2Flaboratorio-arn-innova-2%2Fobjetivos%2F\u00bb][vc_btn title=\u00bbP\u00fablico Objetivo\u00bb color=\u00bbwarning\u00bb size=\u00bblg\u00bb align=\u00bbcenter\u00bb button_block=\u00bbtrue\u00bb css=\u00bb.vc_custom_1648114768872{margin-bottom: 3px !important;border-bottom-width: 3px !important;padding-bottom: 3px !important;}\u00bb link=\u00bburl:https%3A%2F%2Fwww.ull.es%2Fportal%2Fcienciaull%2Flaboratorio-arn-innova-2%2Fpublico-objetivo%2F\u00bb][vc_btn title=\u00bbPrograma de Actividades\u00bb color=\u00bbblue\u00bb size=\u00bblg\u00bb align=\u00bbcenter\u00bb button_block=\u00bbtrue\u00bb css=\u00bb.vc_custom_1648114773767{margin-bottom: 3px !important;border-bottom-width: 3px !important;padding-bottom: 3px !important;}\u00bb link=\u00bburl:https%3A%2F%2Fwww.ull.es%2Fportal%2Fcienciaull%2Flaboratorio-arn-innova-2%2Fprograma-de-actividades%2F\u00bb][vc_btn title=\u00bbMultimedia\u00bb color=\u00bbwarning\u00bb size=\u00bblg\u00bb align=\u00bbcenter\u00bb button_block=\u00bbtrue\u00bb css=\u00bb.vc_custom_1648114778799{margin-bottom: 3px !important;border-bottom-width: 3px !important;padding-bottom: 3px !important;}\u00bb link=\u00bburl:https%3A%2F%2Fwww.ull.es%2Fportal%2Fcienciaull%2Flaboratorio-arn-innova-2%2Fmultimedia%2F\u00bb][vc_btn title=\u00bbEdici\u00f3n anterior\u00bb color=\u00bbblue\u00bb size=\u00bblg\u00bb align=\u00bbcenter\u00bb button_block=\u00bbtrue\u00bb link=\u00bburl:https%3A%2F%2Fwww.ull.es%2Fportal%2Fcienciaull%2Flaboratorio-arn-innova%2F\u00bb css=\u00bb.vc_custom_1648114783687{margin-bottom: 3px !important;border-bottom-width: 3px !important;padding-bottom: 3px !important;}\u00bb][\/vc_column][\/vc_row]<\/p>\n","protected":false},"excerpt":{"rendered":"<p>[vc_row][vc_column][vc_separator color=\u00bbcustom\u00bb style=\u00bbdouble\u00bb border_width=\u00bb10&#8243; accent_color=\u00bb#747f31&#8243;][\/vc_column][\/vc_row][vc_row][vc_column width=\u00bb2\/3&#8243;][vc_empty_space height=\u00bb40px\u00bb][vc_custom_heading text=\u00bbPresentaci\u00f3n\u00bb font_container=\u00bbtag:h2|text_align:left|color:%233966b7&#8243; google_fonts=\u00bbfont_family:Roboto%20Slab%3A100%2C300%2Cregular%2C700|font_style:700%20bold%20regular%3A700%3Anormal\u00bb css=\u00bb.vc_custom_1647854681649{margin-bottom: 15px !important;border-bottom-width: 15px !important;padding-bottom: 15px !important;}\u00bb][vc_column_text] El \u00abPrograma de actividades para el fomento de la innovaci\u00f3n empresarial en el municipio de Arona, ARN INNOVA\u00bb es una iniciativa que surge, en diciembre de 2017 y de la mano del Ayuntamiento de Arona, la Universidad de&#8230;<\/p>\n","protected":false},"author":56,"featured_media":0,"parent":0,"menu_order":0,"comment_status":"closed","ping_status":"closed","template":"templates\/cienciaull.php","meta":{"inline_featured_image":false,"footnotes":""},"acf":[],"yoast_head":"<!-- This site is optimized with the Yoast SEO plugin v21.3 - https:\/\/yoast.com\/wordpress\/plugins\/seo\/ -->\n<title>Laboratorio ARN Innova -<\/title>\n<meta name=\"robots\" content=\"index, follow, max-snippet:-1, max-image-preview:large, max-video-preview:-1\" \/>\n<link rel=\"canonical\" href=\"https:\/\/www.ull.es\/portal\/cienciaull\/laboratorio-arn-innova-2\/\" \/>\n<meta property=\"og:locale\" content=\"es_ES\" \/>\n<meta property=\"og:type\" content=\"article\" \/>\n<meta property=\"og:title\" content=\"Laboratorio ARN Innova -\" \/>\n<meta property=\"og:description\" content=\"[vc_row][vc_column][vc_separator color=\u00bbcustom\u00bb style=\u00bbdouble\u00bb border_width=\u00bb10&#8243; accent_color=\u00bb#747f31&#8243;][\/vc_column][\/vc_row][vc_row][vc_column width=\u00bb2\/3&#8243;][vc_empty_space height=\u00bb40px\u00bb][vc_custom_heading text=\u00bbPresentaci\u00f3n\u00bb font_container=\u00bbtag:h2|text_align:left|color:%233966b7&#8243; google_fonts=\u00bbfont_family:Roboto%20Slab%3A100%2C300%2Cregular%2C700|font_style:700%20bold%20regular%3A700%3Anormal\u00bb css=\u00bb.vc_custom_1647854681649{margin-bottom: 15px !important;border-bottom-width: 15px !important;padding-bottom: 15px !important;}\u00bb][vc_column_text] El \u00abPrograma de actividades para el fomento de la innovaci\u00f3n empresarial en el municipio de Arona, ARN INNOVA\u00bb es una iniciativa que surge, en diciembre de 2017 y de la mano del Ayuntamiento de Arona, la Universidad de...\" \/>\n<meta property=\"og:url\" content=\"https:\/\/www.ull.es\/portal\/cienciaull\/laboratorio-arn-innova-2\/\" \/>\n<meta property=\"article:publisher\" content=\"https:\/\/www.facebook.com\/CienciaULL\/\" \/>\n<meta property=\"article:modified_time\" content=\"2024-02-19T11:09:21+00:00\" \/>\n<meta name=\"twitter:card\" content=\"summary_large_image\" \/>\n<meta name=\"twitter:site\" content=\"@CienciaULL\" \/>\n<meta name=\"twitter:label1\" content=\"Tiempo de lectura\" \/>\n\t<meta name=\"twitter:data1\" content=\"3 minutos\" \/>\n<script type=\"application\/ld+json\" class=\"yoast-schema-graph\">{\"@context\":\"https:\/\/schema.org\",\"@graph\":[{\"@type\":\"WebPage\",\"@id\":\"https:\/\/www.ull.es\/portal\/cienciaull\/laboratorio-arn-innova-2\/\",\"url\":\"https:\/\/www.ull.es\/portal\/cienciaull\/laboratorio-arn-innova-2\/\",\"name\":\"Laboratorio ARN Innova -\",\"isPartOf\":{\"@id\":\"https:\/\/www.ull.es\/portal\/cienciaull\/#website\"},\"datePublished\":\"2022-03-03T14:37:06+00:00\",\"dateModified\":\"2024-02-19T11:09:21+00:00\",\"breadcrumb\":{\"@id\":\"https:\/\/www.ull.es\/portal\/cienciaull\/laboratorio-arn-innova-2\/#breadcrumb\"},\"inLanguage\":\"es\",\"potentialAction\":[{\"@type\":\"ReadAction\",\"target\":[\"https:\/\/www.ull.es\/portal\/cienciaull\/laboratorio-arn-innova-2\/\"]}]},{\"@type\":\"BreadcrumbList\",\"@id\":\"https:\/\/www.ull.es\/portal\/cienciaull\/laboratorio-arn-innova-2\/#breadcrumb\",\"itemListElement\":[{\"@type\":\"ListItem\",\"position\":1,\"name\":\"Portada\",\"item\":\"https:\/\/www.ull.es\/portal\/cienciaull\/\"},{\"@type\":\"ListItem\",\"position\":2,\"name\":\"Laboratorio ARN Innova\"}]},{\"@type\":\"WebSite\",\"@id\":\"https:\/\/www.ull.es\/portal\/cienciaull\/#website\",\"url\":\"https:\/\/www.ull.es\/portal\/cienciaull\/\",\"name\":\"\",\"description\":\"Unidad de Cultura Cient\u00edfica y de la Innovaci\u00f3n de la Universidad de La Laguna\",\"potentialAction\":[{\"@type\":\"SearchAction\",\"target\":{\"@type\":\"EntryPoint\",\"urlTemplate\":\"https:\/\/www.ull.es\/portal\/cienciaull\/?s={search_term_string}\"},\"query-input\":\"required name=search_term_string\"}],\"inLanguage\":\"es\"}]}<\/script>\n<!-- \/ Yoast SEO plugin. -->","yoast_head_json":{"title":"Laboratorio ARN Innova -","robots":{"index":"index","follow":"follow","max-snippet":"max-snippet:-1","max-image-preview":"max-image-preview:large","max-video-preview":"max-video-preview:-1"},"canonical":"https:\/\/www.ull.es\/portal\/cienciaull\/laboratorio-arn-innova-2\/","og_locale":"es_ES","og_type":"article","og_title":"Laboratorio ARN Innova -","og_description":"[vc_row][vc_column][vc_separator color=\u00bbcustom\u00bb style=\u00bbdouble\u00bb border_width=\u00bb10&#8243; accent_color=\u00bb#747f31&#8243;][\/vc_column][\/vc_row][vc_row][vc_column width=\u00bb2\/3&#8243;][vc_empty_space height=\u00bb40px\u00bb][vc_custom_heading text=\u00bbPresentaci\u00f3n\u00bb font_container=\u00bbtag:h2|text_align:left|color:%233966b7&#8243; google_fonts=\u00bbfont_family:Roboto%20Slab%3A100%2C300%2Cregular%2C700|font_style:700%20bold%20regular%3A700%3Anormal\u00bb css=\u00bb.vc_custom_1647854681649{margin-bottom: 15px !important;border-bottom-width: 15px !important;padding-bottom: 15px !important;}\u00bb][vc_column_text] El \u00abPrograma de actividades para el fomento de la innovaci\u00f3n empresarial en el municipio de Arona, ARN INNOVA\u00bb es una iniciativa que surge, en diciembre de 2017 y de la mano del Ayuntamiento de Arona, la Universidad de...","og_url":"https:\/\/www.ull.es\/portal\/cienciaull\/laboratorio-arn-innova-2\/","article_publisher":"https:\/\/www.facebook.com\/CienciaULL\/","article_modified_time":"2024-02-19T11:09:21+00:00","twitter_card":"summary_large_image","twitter_site":"@CienciaULL","twitter_misc":{"Tiempo de lectura":"3 minutos"},"schema":{"@context":"https:\/\/schema.org","@graph":[{"@type":"WebPage","@id":"https:\/\/www.ull.es\/portal\/cienciaull\/laboratorio-arn-innova-2\/","url":"https:\/\/www.ull.es\/portal\/cienciaull\/laboratorio-arn-innova-2\/","name":"Laboratorio ARN Innova -","isPartOf":{"@id":"https:\/\/www.ull.es\/portal\/cienciaull\/#website"},"datePublished":"2022-03-03T14:37:06+00:00","dateModified":"2024-02-19T11:09:21+00:00","breadcrumb":{"@id":"https:\/\/www.ull.es\/portal\/cienciaull\/laboratorio-arn-innova-2\/#breadcrumb"},"inLanguage":"es","potentialAction":[{"@type":"ReadAction","target":["https:\/\/www.ull.es\/portal\/cienciaull\/laboratorio-arn-innova-2\/"]}]},{"@type":"BreadcrumbList","@id":"https:\/\/www.ull.es\/portal\/cienciaull\/laboratorio-arn-innova-2\/#breadcrumb","itemListElement":[{"@type":"ListItem","position":1,"name":"Portada","item":"https:\/\/www.ull.es\/portal\/cienciaull\/"},{"@type":"ListItem","position":2,"name":"Laboratorio ARN Innova"}]},{"@type":"WebSite","@id":"https:\/\/www.ull.es\/portal\/cienciaull\/#website","url":"https:\/\/www.ull.es\/portal\/cienciaull\/","name":"","description":"Unidad de Cultura Cient\u00edfica y de la Innovaci\u00f3n de la Universidad de La Laguna","potentialAction":[{"@type":"SearchAction","target":{"@type":"EntryPoint","urlTemplate":"https:\/\/www.ull.es\/portal\/cienciaull\/?s={search_term_string}"},"query-input":"required name=search_term_string"}],"inLanguage":"es"}]}},"_links":{"self":[{"href":"https:\/\/www.ull.es\/portal\/cienciaull\/wp-json\/wp\/v2\/pages\/15135"}],"collection":[{"href":"https:\/\/www.ull.es\/portal\/cienciaull\/wp-json\/wp\/v2\/pages"}],"about":[{"href":"https:\/\/www.ull.es\/portal\/cienciaull\/wp-json\/wp\/v2\/types\/page"}],"author":[{"embeddable":true,"href":"https:\/\/www.ull.es\/portal\/cienciaull\/wp-json\/wp\/v2\/users\/56"}],"replies":[{"embeddable":true,"href":"https:\/\/www.ull.es\/portal\/cienciaull\/wp-json\/wp\/v2\/comments?post=15135"}],"version-history":[{"count":85,"href":"https:\/\/www.ull.es\/portal\/cienciaull\/wp-json\/wp\/v2\/pages\/15135\/revisions"}],"predecessor-version":[{"id":26398,"href":"https:\/\/www.ull.es\/portal\/cienciaull\/wp-json\/wp\/v2\/pages\/15135\/revisions\/26398"}],"wp:attachment":[{"href":"https:\/\/www.ull.es\/portal\/cienciaull\/wp-json\/wp\/v2\/media?parent=15135"}],"curies":[{"name":"wp","href":"https:\/\/api.w.org\/{rel}","templated":true}]}}