{"id":15370,"date":"2022-03-14T11:08:59","date_gmt":"2022-03-14T11:08:59","guid":{"rendered":"https:\/\/www.ull.es\/portal\/cienciaull\/?page_id=15370"},"modified":"2024-09-04T11:38:57","modified_gmt":"2024-09-04T11:38:57","slug":"accion-1-1-programa-arn-tecnology","status":"publish","type":"page","link":"https:\/\/www.ull.es\/portal\/cienciaull\/laboratorio-arn-innova-2\/programa-de-actividades\/accion-1-1-programa-arn-tecnology\/","title":{"rendered":"Acci\u00f3n 1.1. Programa ARN Technology"},"content":{"rendered":"<p>[vc_row][vc_column]\n<div id=\"rev_slider_82_1_wrapper\" class=\"rev_slider_wrapper fullwidthbanner-container\" data-source=\"gallery\" style=\"margin:0px auto;background:transparent;padding:0px;margin-top:0px;margin-bottom:0px;\">\n<!-- START REVOLUTION SLIDER 5.4.7.3 auto mode -->\n\t<div id=\"rev_slider_82_1\" class=\"rev_slider fullwidthabanner\" style=\"display:none;\" data-version=\"5.4.7.3\">\n<ul>\t<!-- SLIDE  -->\n\t<li data-index=\"rs-110\" data-transition=\"fade\" data-slotamount=\"default\" data-hideafterloop=\"0\" data-hideslideonmobile=\"off\"  data-easein=\"default\" data-easeout=\"default\" data-masterspeed=\"300\"  data-rotate=\"0\"  data-saveperformance=\"off\"  data-title=\"Slide\" data-param1=\"\" data-param2=\"\" data-param3=\"\" data-param4=\"\" data-param5=\"\" data-param6=\"\" data-param7=\"\" data-param8=\"\" data-param9=\"\" data-param10=\"\" data-description=\"\">\n\t\t<!-- MAIN IMAGE -->\n\t\t<img src=\"https:\/\/www.ull.es\/portal\/cienciaull\/wp-content\/plugins\/revslider\/admin\/assets\/images\/transparent.png\"  alt=\"\" title=\"Acci\u00f3n 1.1. Programa ARN Technology\"  data-bgposition=\"center center\" data-bgfit=\"cover\" data-bgrepeat=\"no-repeat\" class=\"rev-slidebg\" data-no-retina>\n\t\t<!-- LAYERS -->\n\n\t\t<!-- LAYER NR. 1 -->\n\t\t<div class=\"tp-caption   tp-resizeme\" \n\t\t\t id=\"slide-110-layer-1\" \n\t\t\t data-x=\"\" \n\t\t\t data-y=\"\" \n\t\t\t\t\t\tdata-width=\"['none','none','none','none']\"\n\t\t\tdata-height=\"['none','none','none','none']\"\n \n\t\t\tdata-type=\"image\" \n\t\t\tdata-responsive_offset=\"on\" \n\n\t\t\tdata-frames='[{\"delay\":0,\"speed\":300,\"frame\":\"0\",\"from\":\"opacity:0;\",\"to\":\"o:1;\",\"ease\":\"Power3.easeInOut\"},{\"delay\":\"wait\",\"speed\":300,\"frame\":\"999\",\"to\":\"opacity:0;\",\"ease\":\"Power3.easeInOut\"}]'\n\t\t\tdata-textAlign=\"['inherit','inherit','inherit','inherit']\"\n\t\t\tdata-paddingtop=\"[0,0,0,0]\"\n\t\t\tdata-paddingright=\"[0,0,0,0]\"\n\t\t\tdata-paddingbottom=\"[0,0,0,0]\"\n\t\t\tdata-paddingleft=\"[0,0,0,0]\"\n\n\t\t\tstyle=\"z-index: 5;\"><img src=\"https:\/\/www.ull.es\/portal\/cienciaull\/wp-content\/uploads\/sites\/24\/2022\/03\/arn_innova_bn_fc.jpg\" alt=\"\" data-ww=\"1600px\" data-hh=\"593px\" width=\"1600\" height=\"593\" data-no-retina> <\/div>\n\t<\/li>\n<\/ul>\n<div class=\"tp-bannertimer tp-bottom\" style=\"visibility: hidden !important;\"><\/div>\t<\/div>\n<script>var htmlDiv = document.getElementById(\"rs-plugin-settings-inline-css\"); var htmlDivCss=\"\";\r\n\t\t\t\tif(htmlDiv) {\r\n\t\t\t\t\thtmlDiv.innerHTML = htmlDiv.innerHTML + htmlDivCss;\r\n\t\t\t\t}else{\r\n\t\t\t\t\tvar htmlDiv = document.createElement(\"div\");\r\n\t\t\t\t\thtmlDiv.innerHTML = \"<style>\" + htmlDivCss + \"<\/style>\";\r\n\t\t\t\t\tdocument.getElementsByTagName(\"head\")[0].appendChild(htmlDiv.childNodes[0]);\r\n\t\t\t\t}\r\n\t\t\t<\/script>\n\t\t<script type=\"text\/javascript\">\r\nif (setREVStartSize!==undefined) setREVStartSize(\r\n\t{c: '#rev_slider_82_1', gridwidth: [1600], gridheight: [593], sliderLayout: 'auto'});\r\n\t\t\t\r\nvar revapi82,\r\n\ttpj;\t\r\n(function() {\t\t\t\r\n\tif (!\/loaded|interactive|complete\/.test(document.readyState)) document.addEventListener(\"DOMContentLoaded\",onLoad); else onLoad();\t\r\n\tfunction onLoad() {\t\t\t\t\r\n\t\tif (tpj===undefined) { tpj = jQuery; if(\"off\" == \"on\") tpj.noConflict();}\r\n\tif(tpj(\"#rev_slider_82_1\").revolution == undefined){\n\t\trevslider_showDoubleJqueryError(\"#rev_slider_82_1\");\n\t}else{\n\t\trevapi82 = tpj(\"#rev_slider_82_1\").show().revolution({\n\t\t\tsliderType:\"standard\",\n\t\t\tjsFileLocation:\"\/\/www.ull.es\/portal\/cienciaull\/wp-content\/plugins\/revslider\/public\/assets\/js\/\",\n\t\t\tsliderLayout:\"auto\",\n\t\t\tdottedOverlay:\"none\",\n\t\t\tdelay:9000,\n\t\t\tnavigation: {\n\t\t\t\tonHoverStop:\"off\",\n\t\t\t},\n\t\t\tvisibilityLevels:[1240,1024,778,480],\n\t\t\tgridwidth:1600,\n\t\t\tgridheight:593,\n\t\t\tlazyType:\"none\",\n\t\t\tshadow:0,\n\t\t\tspinner:\"spinner0\",\n\t\t\tstopLoop:\"off\",\n\t\t\tstopAfterLoops:-1,\n\t\t\tstopAtSlide:-1,\n\t\t\tshuffle:\"off\",\n\t\t\tautoHeight:\"off\",\n\t\t\tdisableProgressBar:\"on\",\n\t\t\thideThumbsOnMobile:\"off\",\n\t\t\thideSliderAtLimit:0,\n\t\t\thideCaptionAtLimit:0,\n\t\t\thideAllCaptionAtLilmit:0,\n\t\t\tdebugMode:false,\n\t\t\tfallbacks: {\n\t\t\t\tsimplifyAll:\"off\",\n\t\t\t\tnextSlideOnWindowFocus:\"off\",\n\t\t\t\tdisableFocusListener:false,\n\t\t\t}\n\t\t});\n\t}; \/* END OF revapi call *\/\n\t\n }; \/* END OF ON LOAD FUNCTION *\/\r\n}()); \/* END OF WRAPPING FUNCTION *\/\r\n<\/script>\r\n\t\t<\/div><!-- END REVOLUTION SLIDER -->[\/vc_column][\/vc_row][vc_row][vc_column][vc_separator color=\u00bbcustom\u00bb style=\u00bbdouble\u00bb border_width=\u00bb10&#8243; accent_color=\u00bb#747f31&#8243;][\/vc_column][\/vc_row][vc_row][vc_column width=\u00bb2\/3&#8243;][vc_empty_space height=\u00bb40px\u00bb][vc_custom_heading text=\u00bbAcci\u00f3n 1.1. Programa ARN Technology\u00bb font_container=\u00bbtag:h2|text_align:left|color:%233966b7&#8243; google_fonts=\u00bbfont_family:Roboto%20Slab%3A100%2C300%2Cregular%2C700|font_style:700%20bold%20regular%3A700%3Anormal\u00bb][vc_column_text]<\/p>\n<p style=\"text-align: justify\">Se trata de una actividad de acompa\u00f1amiento dirigida a mayores de 16 a\u00f1os que permita dotarles de las herramientas y el contenido necesario sobre el uso de nuevas tecnolog\u00edas que le servir\u00e1n para el desarrollo de futuras ideas empresariales.<\/p>\n<p style=\"text-align: justify\">Esta actividad tendr\u00e1 una duraci\u00f3n de 4 meses y se realizar\u00e1 en dos etapas, de la mano de personal investigador de la Universidad de La Laguna. En<span style=\"color: #747f31\"> <strong>la primera etapa,<\/strong><\/span> se desarrollar\u00e1n diferentes talleres pr\u00e1cticos de 3-4 horas de sobre estas \u00e1reas:<\/p>\n<p style=\"text-align: justify\">\u2212 Dise\u00f1o digital, modelado e impresi\u00f3n en 3D, 40 horas.<br \/>\n\u2212 Rob\u00f3tica (con arduino y kits), 40 horas.<br \/>\n\u2212 Programaci\u00f3n, 40 horas.<\/p>\n<p style=\"text-align: justify\">El alumnado podr\u00e1 aprender los conocimientos b\u00e1sicos de estas \u00e1reas y el uso del equipamiento y el material asociado a las mismas.<\/p>\n<p style=\"text-align: justify\">En<span style=\"color: #747f31\"><strong> la segunda etapa,<\/strong><\/span> se ayudar\u00e1 al alumnado participante a definir un proyecto innovador que deber\u00e1n elaborar tomando como base el contenido aprendido y bajo la tutorizaci\u00f3n del personal investigador. El alumnado desarrollar\u00e1 un prototipo de su idea que se expondr\u00e1 en un evento final tras la finalizaci\u00f3n del programa para ser evaluado.<\/p>\n<p><strong>Curso de Pensamiento Computacional<\/strong><\/p>\n<p>Se publicaran los listados provisiones de admitidos el <strong>19 de marzo<\/strong> y el listado definitivo el <strong>22 de marzo<\/strong> en esta p\u00e1gina.[\/vc_column_text][\/vc_column][vc_column width=\u00bb1\/3&#8243;][vc_empty_space height=\u00bb120px\u00bb][vc_btn title=\u00bbPresentaci\u00f3n\u00bb color=\u00bbblue\u00bb size=\u00bblg\u00bb align=\u00bbcenter\u00bb button_block=\u00bbtrue\u00bb link=\u00bburl:https%3A%2F%2Fwww.ull.es%2Fportal%2Fcienciaull%2Flaboratorio-arn-innova-2%2F\u00bb css=\u00bb.vc_custom_1648115010444{margin-bottom: 3px !important;border-bottom-width: 3px !important;padding-bottom: 3px !important;}\u00bb][vc_btn title=\u00bbPrograma de Actividades\u00bb color=\u00bbwarning\u00bb size=\u00bblg\u00bb align=\u00bbcenter\u00bb button_block=\u00bbtrue\u00bb link=\u00bburl:https%3A%2F%2Fwww.ull.es%2Fportal%2Fcienciaull%2Flaboratorio-arn-innova-2%2Fprograma-de-actividades%2F\u00bb css=\u00bb.vc_custom_1648115014989{margin-bottom: 3px !important;border-bottom-width: 3px !important;padding-bottom: 3px !important;}\u00bb][vc_empty_space height=\u00bb40px\u00bb][vc_custom_heading text=\u00bbCurso Pensamiento Computacional 2024&#8243; google_fonts=\u00bbfont_family:Roboto%20Slab%3A100%2C300%2Cregular%2C700|font_style:700%20bold%20regular%3A700%3Anormal\u00bb css=\u00bb.vc_custom_1708612578962{margin-bottom: 3px !important;border-bottom-width: 3px !important;padding-bottom: 3px !important;}\u00bb][vc_empty_space height=\u00bb24px\u00bb][vc_btn title=\u00bbPrograma del curso\u00bb color=\u00bbvista-blue\u00bb size=\u00bblg\u00bb align=\u00bbcenter\u00bb button_block=\u00bbtrue\u00bb link=\u00bburl:https%3A%2F%2Fdrive.google.com%2Ffile%2Fd%2F12f5PltVFa8wzOnXIUs4FviFRPXmp-bVL%2Fview\u00bb css=\u00bb.vc_custom_1708612626169{margin-bottom: 3px !important;border-bottom-width: 3px !important;padding-bottom: 3px !important;}\u00bb][vc_btn title=\u00bbPlanificaci\u00f3n Abril-junio 2024&#8243; color=\u00bbgreen\u00bb size=\u00bblg\u00bb align=\u00bbcenter\u00bb button_block=\u00bbtrue\u00bb link=\u00bburl:https%3A%2F%2Fdocs.google.com%2Fpresentation%2Fd%2F1w3UBVr6BwoqoSFKBDeKDVXoC2_dzTgGik9FxgcS51lc%2Fedit%23slide%3Did.g1f0f244e57e_0_82&#8243; css=\u00bb.vc_custom_1708612203154{margin-bottom: 3px !important;border-bottom-width: 3px !important;padding-bottom: 3px !important;}\u00bb][vc_btn title=\u00bbListado Provisional de Admitidos\/as\u00bb color=\u00bbpink\u00bb size=\u00bblg\u00bb align=\u00bbcenter\u00bb button_block=\u00bbtrue\u00bb css=\u00bb.vc_custom_1710833463816{margin-bottom: 3px !important;border-bottom-width: 3px !important;padding-bottom: 3px !important;}\u00bb link=\u00bburl:https%3A%2F%2Fdrive.google.com%2Ffile%2Fd%2F10HVx9SViOZFC2GzDPLQqXHqkDbfx_UUf%2Fview\u00bb][vc_btn title=\u00bbListado Definitivo de Admitidos\/as\u00bb color=\u00bbviolet\u00bb size=\u00bblg\u00bb align=\u00bbcenter\u00bb button_block=\u00bbtrue\u00bb css=\u00bb.vc_custom_1711104182533{margin-bottom: 3px !important;border-bottom-width: 3px !important;padding-bottom: 3px !important;}\u00bb link=\u00bburl:https%3A%2F%2Fdrive.google.com%2Ffile%2Fd%2F1H_3OVRRdJw6u8KBuxsSQf3NL7v2hqCSC%2Fview%3Fusp%3Ddrive_link|title:listado%20definitivo%20Pensamiento%20ARN%202024&#8243;][vc_empty_space height=\u00bb40px\u00bb][vc_custom_heading text=\u00bbCurso Impresi\u00f3n 3D 2024&#8243; google_fonts=\u00bbfont_family:Roboto%20Slab%3A100%2C300%2Cregular%2C700|font_style:700%20bold%20regular%3A700%3Anormal\u00bb css=\u00bb.vc_custom_1725266362064{margin-bottom: 3px !important;border-bottom-width: 3px !important;padding-bottom: 3px !important;}\u00bb][vc_empty_space height=\u00bb24px\u00bb][vc_btn title=\u00bbPrograma del curso\u00bb color=\u00bbvista-blue\u00bb size=\u00bblg\u00bb align=\u00bbcenter\u00bb button_block=\u00bbtrue\u00bb link=\u00bburl:https%3A%2F%2Fdrive.google.com%2Ffile%2Fd%2F18eyHJ0F9GNqpnuVKK3QVvF3rbcZyEOPU%2Fview%3Fusp%3Ddrive_link\u00bb css=\u00bb.vc_custom_1725266422105{margin-bottom: 3px !important;border-bottom-width: 3px !important;padding-bottom: 3px !important;}\u00bb][vc_btn title=\u00bbPlanificaci\u00f3n octubre &#8211; diciembre 2024&#8243; color=\u00bbgreen\u00bb size=\u00bblg\u00bb align=\u00bbcenter\u00bb button_block=\u00bbtrue\u00bb link=\u00bburl:https%3A%2F%2Fdocs.google.com%2Fpresentation%2Fd%2F1a6ZEBH7EdqsoN6AMIYUuUIjc4k4qtMNNYAg9zCdWpKU%2Fedit%3Fusp%3Ddrive_link\u00bb css=\u00bb.vc_custom_1725266469176{margin-bottom: 3px !important;border-bottom-width: 3px !important;padding-bottom: 3px !important;}\u00bb][\/vc_column][\/vc_row][vc_row][vc_column][vc_empty_space][vc_custom_heading text=\u00bbCursos abiertos (Pincha en la imagen para m\u00e1s informaci\u00f3n)\u00bb google_fonts=\u00bbfont_family:Roboto%20Slab%3A100%2C300%2Cregular%2C700|font_style:700%20bold%20regular%3A700%3Anormal\u00bb][\/vc_column][\/vc_row][vc_row][vc_column width=\u00bb1\/2&#8243;][vc_empty_space height=\u00bb10px\u00bb][vc_single_image image=\u00bb26177&#8243; img_size=\u00bb500&#215;250&#8243; alignment=\u00bbcenter\u00bb onclick=\u00bbcustom_link\u00bb link=\u00bbhttps:\/\/docs.google.com\/forms\/d\/1ZtGOgOZVkEDOUxzTTyrWkwd-wXAC6trjDhfeBp00KPU\/edit\u00bb][\/vc_column][vc_column width=\u00bb1\/2&#8243;][vc_empty_space height=\u00bb10px\u00bb][vc_single_image image=\u00bb30892&#8243; img_size=\u00bb500&#215;250&#8243; alignment=\u00bbcenter\u00bb onclick=\u00bbcustom_link\u00bb img_link_target=\u00bb_blank\u00bb link=\u00bbhttps:\/\/docs.google.com\/forms\/d\/1ae4MKzniuI9nK0g3pPVCRju8uVXzeDQpaai1tv46DaU\/edit\u00bb][\/vc_column][\/vc_row]<\/p>\n","protected":false},"excerpt":{"rendered":"<p>[vc_row][vc_column][\/vc_column][\/vc_row][vc_row][vc_column][vc_separator color=\u00bbcustom\u00bb style=\u00bbdouble\u00bb border_width=\u00bb10&#8243; accent_color=\u00bb#747f31&#8243;][\/vc_column][\/vc_row][vc_row][vc_column width=\u00bb2\/3&#8243;][vc_empty_space height=\u00bb40px\u00bb][vc_custom_heading text=\u00bbAcci\u00f3n 1.1. Programa ARN Technology\u00bb font_container=\u00bbtag:h2|text_align:left|color:%233966b7&#8243; google_fonts=\u00bbfont_family:Roboto%20Slab%3A100%2C300%2Cregular%2C700|font_style:700%20bold%20regular%3A700%3Anormal\u00bb][vc_column_text] Se trata de una actividad de acompa\u00f1amiento dirigida a mayores de 16 a\u00f1os que permita dotarles de las herramientas y el contenido necesario sobre el uso de nuevas tecnolog\u00edas que le servir\u00e1n para el desarrollo de futuras ideas empresariales. Esta actividad&#8230;<\/p>\n","protected":false},"author":56,"featured_media":0,"parent":15260,"menu_order":0,"comment_status":"closed","ping_status":"closed","template":"templates\/cienciaull.php","meta":{"inline_featured_image":false,"footnotes":""},"acf":[],"yoast_head":"<!-- This site is optimized with the Yoast SEO plugin v21.3 - https:\/\/yoast.com\/wordpress\/plugins\/seo\/ -->\n<title>Acci\u00f3n 1.1. Programa ARN Technology -<\/title>\n<meta name=\"robots\" content=\"index, follow, max-snippet:-1, max-image-preview:large, max-video-preview:-1\" \/>\n<link rel=\"canonical\" href=\"https:\/\/www.ull.es\/portal\/cienciaull\/laboratorio-arn-innova-2\/programa-de-actividades\/accion-1-1-programa-arn-tecnology\/\" \/>\n<meta property=\"og:locale\" content=\"es_ES\" \/>\n<meta property=\"og:type\" content=\"article\" \/>\n<meta property=\"og:title\" content=\"Acci\u00f3n 1.1. Programa ARN Technology -\" \/>\n<meta property=\"og:description\" content=\"[vc_row][vc_column][\/vc_column][\/vc_row][vc_row][vc_column][vc_separator color=\u00bbcustom\u00bb style=\u00bbdouble\u00bb border_width=\u00bb10&#8243; accent_color=\u00bb#747f31&#8243;][\/vc_column][\/vc_row][vc_row][vc_column width=\u00bb2\/3&#8243;][vc_empty_space height=\u00bb40px\u00bb][vc_custom_heading text=\u00bbAcci\u00f3n 1.1. Programa ARN Technology\u00bb font_container=\u00bbtag:h2|text_align:left|color:%233966b7&#8243; google_fonts=\u00bbfont_family:Roboto%20Slab%3A100%2C300%2Cregular%2C700|font_style:700%20bold%20regular%3A700%3Anormal\u00bb][vc_column_text] Se trata de una actividad de acompa\u00f1amiento dirigida a mayores de 16 a\u00f1os que permita dotarles de las herramientas y el contenido necesario sobre el uso de nuevas tecnolog\u00edas que le servir\u00e1n para el desarrollo de futuras ideas empresariales. Esta actividad...\" \/>\n<meta property=\"og:url\" content=\"https:\/\/www.ull.es\/portal\/cienciaull\/laboratorio-arn-innova-2\/programa-de-actividades\/accion-1-1-programa-arn-tecnology\/\" \/>\n<meta property=\"article:publisher\" content=\"https:\/\/www.facebook.com\/CienciaULL\/\" \/>\n<meta property=\"article:modified_time\" content=\"2024-09-04T11:38:57+00:00\" \/>\n<meta name=\"twitter:card\" content=\"summary_large_image\" \/>\n<meta name=\"twitter:site\" content=\"@CienciaULL\" \/>\n<meta name=\"twitter:label1\" content=\"Tiempo de lectura\" \/>\n\t<meta name=\"twitter:data1\" content=\"2 minutos\" \/>\n<script type=\"application\/ld+json\" class=\"yoast-schema-graph\">{\"@context\":\"https:\/\/schema.org\",\"@graph\":[{\"@type\":\"WebPage\",\"@id\":\"https:\/\/www.ull.es\/portal\/cienciaull\/laboratorio-arn-innova-2\/programa-de-actividades\/accion-1-1-programa-arn-tecnology\/\",\"url\":\"https:\/\/www.ull.es\/portal\/cienciaull\/laboratorio-arn-innova-2\/programa-de-actividades\/accion-1-1-programa-arn-tecnology\/\",\"name\":\"Acci\u00f3n 1.1. Programa ARN Technology -\",\"isPartOf\":{\"@id\":\"https:\/\/www.ull.es\/portal\/cienciaull\/#website\"},\"datePublished\":\"2022-03-14T11:08:59+00:00\",\"dateModified\":\"2024-09-04T11:38:57+00:00\",\"breadcrumb\":{\"@id\":\"https:\/\/www.ull.es\/portal\/cienciaull\/laboratorio-arn-innova-2\/programa-de-actividades\/accion-1-1-programa-arn-tecnology\/#breadcrumb\"},\"inLanguage\":\"es\",\"potentialAction\":[{\"@type\":\"ReadAction\",\"target\":[\"https:\/\/www.ull.es\/portal\/cienciaull\/laboratorio-arn-innova-2\/programa-de-actividades\/accion-1-1-programa-arn-tecnology\/\"]}]},{\"@type\":\"BreadcrumbList\",\"@id\":\"https:\/\/www.ull.es\/portal\/cienciaull\/laboratorio-arn-innova-2\/programa-de-actividades\/accion-1-1-programa-arn-tecnology\/#breadcrumb\",\"itemListElement\":[{\"@type\":\"ListItem\",\"position\":1,\"name\":\"Portada\",\"item\":\"https:\/\/www.ull.es\/portal\/cienciaull\/\"},{\"@type\":\"ListItem\",\"position\":2,\"name\":\"Laboratorio ARN Innova\",\"item\":\"https:\/\/www.ull.es\/portal\/cienciaull\/laboratorio-arn-innova-2\/\"},{\"@type\":\"ListItem\",\"position\":3,\"name\":\"Programa de actividades\",\"item\":\"https:\/\/www.ull.es\/portal\/cienciaull\/laboratorio-arn-innova-2\/programa-de-actividades\/\"},{\"@type\":\"ListItem\",\"position\":4,\"name\":\"Acci\u00f3n 1.1. Programa ARN Technology\"}]},{\"@type\":\"WebSite\",\"@id\":\"https:\/\/www.ull.es\/portal\/cienciaull\/#website\",\"url\":\"https:\/\/www.ull.es\/portal\/cienciaull\/\",\"name\":\"\",\"description\":\"Unidad de Cultura Cient\u00edfica y de la Innovaci\u00f3n de la Universidad de La Laguna\",\"potentialAction\":[{\"@type\":\"SearchAction\",\"target\":{\"@type\":\"EntryPoint\",\"urlTemplate\":\"https:\/\/www.ull.es\/portal\/cienciaull\/?s={search_term_string}\"},\"query-input\":\"required name=search_term_string\"}],\"inLanguage\":\"es\"}]}<\/script>\n<!-- \/ Yoast SEO plugin. -->","yoast_head_json":{"title":"Acci\u00f3n 1.1. Programa ARN Technology -","robots":{"index":"index","follow":"follow","max-snippet":"max-snippet:-1","max-image-preview":"max-image-preview:large","max-video-preview":"max-video-preview:-1"},"canonical":"https:\/\/www.ull.es\/portal\/cienciaull\/laboratorio-arn-innova-2\/programa-de-actividades\/accion-1-1-programa-arn-tecnology\/","og_locale":"es_ES","og_type":"article","og_title":"Acci\u00f3n 1.1. Programa ARN Technology -","og_description":"[vc_row][vc_column][\/vc_column][\/vc_row][vc_row][vc_column][vc_separator color=\u00bbcustom\u00bb style=\u00bbdouble\u00bb border_width=\u00bb10&#8243; accent_color=\u00bb#747f31&#8243;][\/vc_column][\/vc_row][vc_row][vc_column width=\u00bb2\/3&#8243;][vc_empty_space height=\u00bb40px\u00bb][vc_custom_heading text=\u00bbAcci\u00f3n 1.1. Programa ARN Technology\u00bb font_container=\u00bbtag:h2|text_align:left|color:%233966b7&#8243; google_fonts=\u00bbfont_family:Roboto%20Slab%3A100%2C300%2Cregular%2C700|font_style:700%20bold%20regular%3A700%3Anormal\u00bb][vc_column_text] Se trata de una actividad de acompa\u00f1amiento dirigida a mayores de 16 a\u00f1os que permita dotarles de las herramientas y el contenido necesario sobre el uso de nuevas tecnolog\u00edas que le servir\u00e1n para el desarrollo de futuras ideas empresariales. Esta actividad...","og_url":"https:\/\/www.ull.es\/portal\/cienciaull\/laboratorio-arn-innova-2\/programa-de-actividades\/accion-1-1-programa-arn-tecnology\/","article_publisher":"https:\/\/www.facebook.com\/CienciaULL\/","article_modified_time":"2024-09-04T11:38:57+00:00","twitter_card":"summary_large_image","twitter_site":"@CienciaULL","twitter_misc":{"Tiempo de lectura":"2 minutos"},"schema":{"@context":"https:\/\/schema.org","@graph":[{"@type":"WebPage","@id":"https:\/\/www.ull.es\/portal\/cienciaull\/laboratorio-arn-innova-2\/programa-de-actividades\/accion-1-1-programa-arn-tecnology\/","url":"https:\/\/www.ull.es\/portal\/cienciaull\/laboratorio-arn-innova-2\/programa-de-actividades\/accion-1-1-programa-arn-tecnology\/","name":"Acci\u00f3n 1.1. Programa ARN Technology -","isPartOf":{"@id":"https:\/\/www.ull.es\/portal\/cienciaull\/#website"},"datePublished":"2022-03-14T11:08:59+00:00","dateModified":"2024-09-04T11:38:57+00:00","breadcrumb":{"@id":"https:\/\/www.ull.es\/portal\/cienciaull\/laboratorio-arn-innova-2\/programa-de-actividades\/accion-1-1-programa-arn-tecnology\/#breadcrumb"},"inLanguage":"es","potentialAction":[{"@type":"ReadAction","target":["https:\/\/www.ull.es\/portal\/cienciaull\/laboratorio-arn-innova-2\/programa-de-actividades\/accion-1-1-programa-arn-tecnology\/"]}]},{"@type":"BreadcrumbList","@id":"https:\/\/www.ull.es\/portal\/cienciaull\/laboratorio-arn-innova-2\/programa-de-actividades\/accion-1-1-programa-arn-tecnology\/#breadcrumb","itemListElement":[{"@type":"ListItem","position":1,"name":"Portada","item":"https:\/\/www.ull.es\/portal\/cienciaull\/"},{"@type":"ListItem","position":2,"name":"Laboratorio ARN Innova","item":"https:\/\/www.ull.es\/portal\/cienciaull\/laboratorio-arn-innova-2\/"},{"@type":"ListItem","position":3,"name":"Programa de actividades","item":"https:\/\/www.ull.es\/portal\/cienciaull\/laboratorio-arn-innova-2\/programa-de-actividades\/"},{"@type":"ListItem","position":4,"name":"Acci\u00f3n 1.1. Programa ARN Technology"}]},{"@type":"WebSite","@id":"https:\/\/www.ull.es\/portal\/cienciaull\/#website","url":"https:\/\/www.ull.es\/portal\/cienciaull\/","name":"","description":"Unidad de Cultura Cient\u00edfica y de la Innovaci\u00f3n de la Universidad de La Laguna","potentialAction":[{"@type":"SearchAction","target":{"@type":"EntryPoint","urlTemplate":"https:\/\/www.ull.es\/portal\/cienciaull\/?s={search_term_string}"},"query-input":"required name=search_term_string"}],"inLanguage":"es"}]}},"_links":{"self":[{"href":"https:\/\/www.ull.es\/portal\/cienciaull\/wp-json\/wp\/v2\/pages\/15370"}],"collection":[{"href":"https:\/\/www.ull.es\/portal\/cienciaull\/wp-json\/wp\/v2\/pages"}],"about":[{"href":"https:\/\/www.ull.es\/portal\/cienciaull\/wp-json\/wp\/v2\/types\/page"}],"author":[{"embeddable":true,"href":"https:\/\/www.ull.es\/portal\/cienciaull\/wp-json\/wp\/v2\/users\/56"}],"replies":[{"embeddable":true,"href":"https:\/\/www.ull.es\/portal\/cienciaull\/wp-json\/wp\/v2\/comments?post=15370"}],"version-history":[{"count":70,"href":"https:\/\/www.ull.es\/portal\/cienciaull\/wp-json\/wp\/v2\/pages\/15370\/revisions"}],"predecessor-version":[{"id":27874,"href":"https:\/\/www.ull.es\/portal\/cienciaull\/wp-json\/wp\/v2\/pages\/15370\/revisions\/27874"}],"up":[{"embeddable":true,"href":"https:\/\/www.ull.es\/portal\/cienciaull\/wp-json\/wp\/v2\/pages\/15260"}],"wp:attachment":[{"href":"https:\/\/www.ull.es\/portal\/cienciaull\/wp-json\/wp\/v2\/media?parent=15370"}],"curies":[{"name":"wp","href":"https:\/\/api.w.org\/{rel}","templated":true}]}}