{"id":15385,"date":"2022-03-15T14:29:22","date_gmt":"2022-03-15T14:29:22","guid":{"rendered":"https:\/\/www.ull.es\/portal\/cienciaull\/?page_id=15385"},"modified":"2026-01-09T08:59:34","modified_gmt":"2026-01-09T08:59:34","slug":"accion-1-2-iii-concurso-arona-junior-scientists","status":"publish","type":"page","link":"https:\/\/www.ull.es\/portal\/cienciaull\/laboratorio-arn-innova-2\/programa-de-actividades\/accion-1-2-iii-concurso-arona-junior-scientists\/","title":{"rendered":"Acci\u00f3n 1.2. III Concurso Arona Junior Scientists"},"content":{"rendered":"<p>[vc_row][vc_column]\n<div id=\"rev_slider_367_1_wrapper\" class=\"rev_slider_wrapper fullwidthbanner-container\" data-source=\"gallery\" style=\"margin:0px auto;background:transparent;padding:0px;margin-top:0px;margin-bottom:0px;\">\n<!-- START REVOLUTION SLIDER 5.4.7.3 auto mode -->\n\t<div id=\"rev_slider_367_1\" class=\"rev_slider fullwidthabanner\" style=\"display:none;\" data-version=\"5.4.7.3\">\n<ul>\t<!-- SLIDE  -->\n\t<li data-index=\"rs-421\" data-transition=\"fade\" data-slotamount=\"default\" data-hideafterloop=\"0\" data-hideslideonmobile=\"off\"  data-easein=\"default\" data-easeout=\"default\" data-masterspeed=\"300\"  data-rotate=\"0\"  data-saveperformance=\"off\"  data-title=\"Slide\" data-param1=\"\" data-param2=\"\" data-param3=\"\" data-param4=\"\" data-param5=\"\" data-param6=\"\" data-param7=\"\" data-param8=\"\" data-param9=\"\" data-param10=\"\" data-description=\"\">\n\t\t<!-- MAIN IMAGE -->\n\t\t<img src=\"https:\/\/www.ull.es\/portal\/cienciaull\/wp-content\/plugins\/revslider\/admin\/assets\/images\/transparent.png\"  alt=\"\" title=\"Acci\u00f3n 1.2. III Concurso Arona Junior Scientists\"  data-bgposition=\"center center\" data-bgfit=\"cover\" data-bgrepeat=\"no-repeat\" class=\"rev-slidebg\" data-no-retina>\n\t\t<!-- LAYERS -->\n\n\t\t<!-- LAYER NR. 1 -->\n\t\t<div class=\"tp-caption   tp-resizeme\" \n\t\t\t id=\"slide-421-layer-7\" \n\t\t\t data-x=\"-6\" \n\t\t\t data-y=\"64\" \n\t\t\t\t\t\tdata-width=\"['none','none','none','none']\"\n\t\t\tdata-height=\"['none','none','none','none']\"\n \n\t\t\tdata-type=\"image\" \n\t\t\tdata-responsive_offset=\"on\" \n\n\t\t\tdata-frames='[{\"delay\":0,\"speed\":300,\"frame\":\"0\",\"from\":\"opacity:0;\",\"to\":\"o:1;\",\"ease\":\"Power3.easeInOut\"},{\"delay\":\"wait\",\"speed\":300,\"frame\":\"999\",\"to\":\"opacity:0;\",\"ease\":\"Power3.easeInOut\"}]'\n\t\t\tdata-textAlign=\"['inherit','inherit','inherit','inherit']\"\n\t\t\tdata-paddingtop=\"[0,0,0,0]\"\n\t\t\tdata-paddingright=\"[0,0,0,0]\"\n\t\t\tdata-paddingbottom=\"[0,0,0,0]\"\n\t\t\tdata-paddingleft=\"[0,0,0,0]\"\n\n\t\t\tstyle=\"z-index: 5;\"><img src=\"https:\/\/www.ull.es\/portal\/cienciaull\/wp-content\/uploads\/sites\/24\/2025\/10\/Arona_Junior_Scientists_banner.jpg\" alt=\"\" data-ww=\"1972px\" data-hh=\"658px\" width=\"1600\" height=\"534\" data-no-retina> <\/div>\n\t<\/li>\n<\/ul>\n<div class=\"tp-bannertimer tp-bottom\" style=\"visibility: hidden !important;\"><\/div>\t<\/div>\n<script>var htmlDiv = document.getElementById(\"rs-plugin-settings-inline-css\"); var htmlDivCss=\"\";\r\n\t\t\t\tif(htmlDiv) {\r\n\t\t\t\t\thtmlDiv.innerHTML = htmlDiv.innerHTML + htmlDivCss;\r\n\t\t\t\t}else{\r\n\t\t\t\t\tvar htmlDiv = document.createElement(\"div\");\r\n\t\t\t\t\thtmlDiv.innerHTML = \"<style>\" + htmlDivCss + \"<\/style>\";\r\n\t\t\t\t\tdocument.getElementsByTagName(\"head\")[0].appendChild(htmlDiv.childNodes[0]);\r\n\t\t\t\t}\r\n\t\t\t<\/script>\n\t\t<script type=\"text\/javascript\">\r\nif (setREVStartSize!==undefined) setREVStartSize(\r\n\t{c: '#rev_slider_367_1', gridwidth: [1920], gridheight: [720], sliderLayout: 'auto'});\r\n\t\t\t\r\nvar revapi367,\r\n\ttpj;\t\r\n(function() {\t\t\t\r\n\tif (!\/loaded|interactive|complete\/.test(document.readyState)) document.addEventListener(\"DOMContentLoaded\",onLoad); else onLoad();\t\r\n\tfunction onLoad() {\t\t\t\t\r\n\t\tif (tpj===undefined) { tpj = jQuery; if(\"off\" == \"on\") tpj.noConflict();}\r\n\tif(tpj(\"#rev_slider_367_1\").revolution == undefined){\n\t\trevslider_showDoubleJqueryError(\"#rev_slider_367_1\");\n\t}else{\n\t\trevapi367 = tpj(\"#rev_slider_367_1\").show().revolution({\n\t\t\tsliderType:\"standard\",\n\t\t\tjsFileLocation:\"\/\/www.ull.es\/portal\/cienciaull\/wp-content\/plugins\/revslider\/public\/assets\/js\/\",\n\t\t\tsliderLayout:\"auto\",\n\t\t\tdottedOverlay:\"none\",\n\t\t\tdelay:9000,\n\t\t\tnavigation: {\n\t\t\t\tonHoverStop:\"off\",\n\t\t\t},\n\t\t\tvisibilityLevels:[1240,1024,778,480],\n\t\t\tgridwidth:1920,\n\t\t\tgridheight:720,\n\t\t\tlazyType:\"none\",\n\t\t\tshadow:0,\n\t\t\tspinner:\"spinner0\",\n\t\t\tstopLoop:\"off\",\n\t\t\tstopAfterLoops:-1,\n\t\t\tstopAtSlide:-1,\n\t\t\tshuffle:\"off\",\n\t\t\tautoHeight:\"off\",\n\t\t\tdisableProgressBar:\"on\",\n\t\t\thideThumbsOnMobile:\"off\",\n\t\t\thideSliderAtLimit:0,\n\t\t\thideCaptionAtLimit:0,\n\t\t\thideAllCaptionAtLilmit:0,\n\t\t\tdebugMode:false,\n\t\t\tfallbacks: {\n\t\t\t\tsimplifyAll:\"off\",\n\t\t\t\tnextSlideOnWindowFocus:\"off\",\n\t\t\t\tdisableFocusListener:false,\n\t\t\t}\n\t\t});\n\t}; \/* END OF revapi call *\/\n\t\n }; \/* END OF ON LOAD FUNCTION *\/\r\n}()); \/* END OF WRAPPING FUNCTION *\/\r\n<\/script>\r\n\t\t<\/div><!-- END REVOLUTION SLIDER -->[vc_separator color=\u00bbcustom\u00bb style=\u00bbdouble\u00bb border_width=\u00bb10&#8243; accent_color=\u00bb#cf8fbe\u00bb][\/vc_column][\/vc_row][vc_row][vc_column width=\u00bb2\/3&#8243;][vc_empty_space height=\u00bb40px\u00bb][vc_custom_heading text=\u00bbAcci\u00f3n 1.2. III Concurso Arona Junior Scientists\u00bb font_container=\u00bbtag:h2|text_align:left|color:%233966b7&#8243; google_fonts=\u00bbfont_family:Roboto%20Slab%3A100%2C300%2Cregular%2C700|font_style:700%20bold%20regular%3A700%3Anormal\u00bb][vc_column_text]<\/p>\n<p style=\"text-align: justify\"><span style=\"font-weight: 400\">La<\/span><b> III edici\u00f3n del Concurso Escolar de Proyectos Cient\u00edficos \u201cArona JUNIOR SCIENTISTS\u201d, <\/b><span style=\"font-weight: 400\">tiene como prop\u00f3sito f<em>omentar entre el alumnado escolar de Arona las vocaciones cient\u00edficas y tecnol\u00f3gicas a trav\u00e9s de la elaboraci\u00f3n de proyectos relacionados con las actividades principales que se desempe\u00f1an en su municipio.<\/em><\/span><\/p>\n<p style=\"text-align: justify\"><span style=\"font-weight: 400\">Los estudiantes de los niveles comprendidos entre <\/span><b>5\u00ba y 6\u00ba de Primaria y 1\u00ba y 2\u00ba de la ESO<\/b><span style=\"font-weight: 400\"> podr\u00e1n inscribirse con un m\u00e1ximo de 3 proyectos por clase, <\/span><b>la inscripci\u00f3n<\/b><span style=\"font-weight: 400\"> estar\u00e1 abierta desde el <strong>14<\/strong><\/span><b> de noviembre de 2025 hasta el 14 de mayo de 2026.<\/b><\/p>\n<p style=\"text-align: justify\"><b>Los requisitos a cumplir ser\u00edan:\u00a0<\/b><\/p>\n<ul>\n<li style=\"text-align: justify\"><span style=\"font-weight: 400\">Grupos de trabajo conformados de al menos 5 personas.<\/span><\/li>\n<li style=\"text-align: justify\"><span style=\"font-weight: 400\">La tem\u00e1tica del proyecto deber\u00e1 estar relacionada con las actividades que se realicen en el municipio (turismo, transportes, medioambiente y biodiversidad, energ\u00edas renovables, peque\u00f1o comercio, educaci\u00f3n y cultura, pesca y agricultura). <\/span><\/li>\n<li style=\"text-align: justify\"><span style=\"font-weight: 400\">La realizaci\u00f3n del trabajo deber\u00e1 pasar por<\/span><b> las fases del m\u00e9todo cient\u00edfico <\/b><span style=\"font-weight: 400\">y al concluir se deber\u00e1 presentar una memoria final (m\u00e1ximo 10 p\u00e1ginas) en la que se explicar\u00e1 de manera detallada cada una de las etapas. Durante este proceso el alumnado ser\u00e1 asesorado por doctorandos y\/o doctorandas de la Universidad de La Laguna.<\/span><\/li>\n<\/ul>\n<p style=\"text-align: justify\"><span style=\"font-weight: 400\">Finalmente tendr\u00e1n que exponer su proyecto apoyados por los medios visuales que necesiten atendiendo a una duraci\u00f3n m\u00e1xima de 10 minutos. Una vez celebrada la \u201cJornada de Cierre\u201d el Comit\u00e9 Evaluador realizar\u00e1 sus valoraciones y emitir\u00e1 su decisi\u00f3n disponiendo 3 premios cuya dotaci\u00f3n ser\u00e1 destinada a material educativo.\u00a0<\/span><\/p>\n<p style=\"text-align: justify\"><span style=\"font-weight: 400\">La <\/span><b>entrega del proyecto<\/b><span style=\"font-weight: 400\"> tendr\u00e1 como fecha l\u00edmite el <\/span><b>14 de mayo de 2026.<\/b><\/p>\n<p style=\"text-align: justify\">Esta acci\u00f3n es llevada a cabo por la Unidad de Cultura Cient\u00edfica y de la Innovaci\u00f3n de la Universidad de La Laguna (Cienci@ULL) y el Ayuntamiento de Arona, a trav\u00e9s del convenio suscrito para la realizaci\u00f3n del Programa ARN Innova.<\/p>\n<p>[\/vc_column_text][vc_btn title=\u00bbFormulario de Inscripci\u00f3n\u00bb style=\u00bb3d\u00bb color=\u00bbwarning\u00bb size=\u00bblg\u00bb align=\u00bbcenter\u00bb link=\u00bburl:https%3A%2F%2Fforms.gle%2FWbJG3ent1KKe7dvy8|title:Formulario%20de%20Inscripci%C3%B3n|target:_blank\u00bb][\/vc_column][vc_column width=\u00bb1\/3&#8243;][vc_empty_space height=\u00bb120px\u00bb][vc_column_text]<\/p>\n<p style=\"text-align: center\"><span style=\"color: #cf8fbe\"><strong>Dossier de Proyectos del Concurso 2023<\/strong><\/span><\/p>\n<p>[\/vc_column_text][vc_video link=\u00bbhttps:\/\/youtu.be\/fEVjo_NOfX8&#8243;][vc_empty_space height=\u00bb15px\u00bb][vc_btn title=\u00bbPresentaci\u00f3n\u00bb color=\u00bbblue\u00bb size=\u00bblg\u00bb align=\u00bbcenter\u00bb button_block=\u00bbtrue\u00bb link=\u00bburl:https%3A%2F%2Fwww.ull.es%2Fportal%2Fcienciaull%2Flaboratorio-arn-innova-2%2F\u00bb css=\u00bb.vc_custom_1648115040308{margin-bottom: 3px !important;border-bottom-width: 3px !important;padding-bottom: 3px !important;}\u00bb][vc_btn title=\u00bbPrograma de Actividades\u00bb color=\u00bbwarning\u00bb size=\u00bblg\u00bb align=\u00bbcenter\u00bb button_block=\u00bbtrue\u00bb link=\u00bburl:https%3A%2F%2Fwww.ull.es%2Fportal%2Fcienciaull%2Flaboratorio-arn-innova-2%2Fprograma-de-actividades%2F\u00bb css=\u00bb.vc_custom_1648115045476{margin-bottom: 3px !important;border-bottom-width: 3px !important;padding-bottom: 3px !important;}\u00bb][vc_btn title=\u00bbBases del Concurso\u00bb color=\u00bbblue\u00bb size=\u00bblg\u00bb align=\u00bbcenter\u00bb button_block=\u00bbtrue\u00bb link=\u00bburl:https%3A%2F%2Fdrive.google.com%2Ffile%2Fd%2F1_ClwhVkmOfcKEO-6caps3Ad4lIsl7iwF%2Fview%3Fusp%3Dsharing|target:_blank\u00bb css=\u00bb.vc_custom_1761038954514{margin-bottom: 3px !important;border-bottom-width: 3px !important;padding-bottom: 3px !important;}\u00bb][vc_btn title=\u00bbPrograma Acto de Presentaci\u00f3n\u00bb color=\u00bbwarning\u00bb size=\u00bblg\u00bb align=\u00bbcenter\u00bb button_block=\u00bbtrue\u00bb link=\u00bburl:https%3A%2F%2Fdrive.google.com%2Ffile%2Fd%2F17FUx8hRNd6sVX9ReCU5iR_C4EarhCP8l%2Fview%3Fusp%3Dshare_link\u00bb css=\u00bb.vc_custom_1684322197008{margin-bottom: 3px !important;border-bottom-width: 3px !important;padding-bottom: 3px !important;}\u00bb][\/vc_column][\/vc_row]<\/p>\n","protected":false},"excerpt":{"rendered":"<p>[vc_row][vc_column][vc_separator color=\u00bbcustom\u00bb style=\u00bbdouble\u00bb border_width=\u00bb10&#8243; accent_color=\u00bb#cf8fbe\u00bb][\/vc_column][\/vc_row][vc_row][vc_column width=\u00bb2\/3&#8243;][vc_empty_space height=\u00bb40px\u00bb][vc_custom_heading text=\u00bbAcci\u00f3n 1.2. III Concurso Arona Junior Scientists\u00bb font_container=\u00bbtag:h2|text_align:left|color:%233966b7&#8243; google_fonts=\u00bbfont_family:Roboto%20Slab%3A100%2C300%2Cregular%2C700|font_style:700%20bold%20regular%3A700%3Anormal\u00bb][vc_column_text] La III edici\u00f3n del Concurso Escolar de Proyectos Cient\u00edficos \u201cArona JUNIOR SCIENTISTS\u201d, tiene como prop\u00f3sito fomentar entre el alumnado escolar de Arona las vocaciones cient\u00edficas y tecnol\u00f3gicas a trav\u00e9s de la elaboraci\u00f3n de proyectos relacionados con las actividades principales&#8230;<\/p>\n","protected":false},"author":56,"featured_media":0,"parent":15260,"menu_order":0,"comment_status":"closed","ping_status":"closed","template":"","meta":{"inline_featured_image":false,"footnotes":""},"acf":[],"yoast_head":"<!-- This site is optimized with the Yoast SEO plugin v21.3 - https:\/\/yoast.com\/wordpress\/plugins\/seo\/ -->\n<title>Acci\u00f3n 1.2. III Concurso Arona Junior Scientists -<\/title>\n<meta name=\"robots\" content=\"index, follow, max-snippet:-1, max-image-preview:large, max-video-preview:-1\" \/>\n<link rel=\"canonical\" href=\"https:\/\/www.ull.es\/portal\/cienciaull\/laboratorio-arn-innova-2\/programa-de-actividades\/accion-1-2-iii-concurso-arona-junior-scientists\/\" \/>\n<meta property=\"og:locale\" content=\"es_ES\" \/>\n<meta property=\"og:type\" content=\"article\" \/>\n<meta property=\"og:title\" content=\"Acci\u00f3n 1.2. III Concurso Arona Junior Scientists -\" \/>\n<meta property=\"og:description\" content=\"[vc_row][vc_column][vc_separator color=\u00bbcustom\u00bb style=\u00bbdouble\u00bb border_width=\u00bb10&#8243; accent_color=\u00bb#cf8fbe\u00bb][\/vc_column][\/vc_row][vc_row][vc_column width=\u00bb2\/3&#8243;][vc_empty_space height=\u00bb40px\u00bb][vc_custom_heading text=\u00bbAcci\u00f3n 1.2. III Concurso Arona Junior Scientists\u00bb font_container=\u00bbtag:h2|text_align:left|color:%233966b7&#8243; google_fonts=\u00bbfont_family:Roboto%20Slab%3A100%2C300%2Cregular%2C700|font_style:700%20bold%20regular%3A700%3Anormal\u00bb][vc_column_text] La III edici\u00f3n del Concurso Escolar de Proyectos Cient\u00edficos \u201cArona JUNIOR SCIENTISTS\u201d, tiene como prop\u00f3sito fomentar entre el alumnado escolar de Arona las vocaciones cient\u00edficas y tecnol\u00f3gicas a trav\u00e9s de la elaboraci\u00f3n de proyectos relacionados con las actividades principales...\" \/>\n<meta property=\"og:url\" content=\"https:\/\/www.ull.es\/portal\/cienciaull\/laboratorio-arn-innova-2\/programa-de-actividades\/accion-1-2-iii-concurso-arona-junior-scientists\/\" \/>\n<meta property=\"article:publisher\" content=\"https:\/\/www.facebook.com\/CienciaULL\/\" \/>\n<meta property=\"article:modified_time\" content=\"2026-01-09T08:59:34+00:00\" \/>\n<meta name=\"twitter:card\" content=\"summary_large_image\" \/>\n<meta name=\"twitter:site\" content=\"@CienciaULL\" \/>\n<meta name=\"twitter:label1\" content=\"Tiempo de lectura\" \/>\n\t<meta name=\"twitter:data1\" content=\"2 minutos\" \/>\n<script type=\"application\/ld+json\" class=\"yoast-schema-graph\">{\"@context\":\"https:\/\/schema.org\",\"@graph\":[{\"@type\":\"WebPage\",\"@id\":\"https:\/\/www.ull.es\/portal\/cienciaull\/laboratorio-arn-innova-2\/programa-de-actividades\/accion-1-2-iii-concurso-arona-junior-scientists\/\",\"url\":\"https:\/\/www.ull.es\/portal\/cienciaull\/laboratorio-arn-innova-2\/programa-de-actividades\/accion-1-2-iii-concurso-arona-junior-scientists\/\",\"name\":\"Acci\u00f3n 1.2. III Concurso Arona Junior Scientists -\",\"isPartOf\":{\"@id\":\"https:\/\/www.ull.es\/portal\/cienciaull\/#website\"},\"datePublished\":\"2022-03-15T14:29:22+00:00\",\"dateModified\":\"2026-01-09T08:59:34+00:00\",\"breadcrumb\":{\"@id\":\"https:\/\/www.ull.es\/portal\/cienciaull\/laboratorio-arn-innova-2\/programa-de-actividades\/accion-1-2-iii-concurso-arona-junior-scientists\/#breadcrumb\"},\"inLanguage\":\"es\",\"potentialAction\":[{\"@type\":\"ReadAction\",\"target\":[\"https:\/\/www.ull.es\/portal\/cienciaull\/laboratorio-arn-innova-2\/programa-de-actividades\/accion-1-2-iii-concurso-arona-junior-scientists\/\"]}]},{\"@type\":\"BreadcrumbList\",\"@id\":\"https:\/\/www.ull.es\/portal\/cienciaull\/laboratorio-arn-innova-2\/programa-de-actividades\/accion-1-2-iii-concurso-arona-junior-scientists\/#breadcrumb\",\"itemListElement\":[{\"@type\":\"ListItem\",\"position\":1,\"name\":\"Portada\",\"item\":\"https:\/\/www.ull.es\/portal\/cienciaull\/\"},{\"@type\":\"ListItem\",\"position\":2,\"name\":\"Laboratorio ARN Innova\",\"item\":\"https:\/\/www.ull.es\/portal\/cienciaull\/laboratorio-arn-innova-2\/\"},{\"@type\":\"ListItem\",\"position\":3,\"name\":\"Programa de actividades\",\"item\":\"https:\/\/www.ull.es\/portal\/cienciaull\/laboratorio-arn-innova-2\/programa-de-actividades\/\"},{\"@type\":\"ListItem\",\"position\":4,\"name\":\"Acci\u00f3n 1.2. III Concurso Arona Junior Scientists\"}]},{\"@type\":\"WebSite\",\"@id\":\"https:\/\/www.ull.es\/portal\/cienciaull\/#website\",\"url\":\"https:\/\/www.ull.es\/portal\/cienciaull\/\",\"name\":\"\",\"description\":\"Unidad de Cultura Cient\u00edfica y de la Innovaci\u00f3n de la Universidad de La Laguna\",\"potentialAction\":[{\"@type\":\"SearchAction\",\"target\":{\"@type\":\"EntryPoint\",\"urlTemplate\":\"https:\/\/www.ull.es\/portal\/cienciaull\/?s={search_term_string}\"},\"query-input\":\"required name=search_term_string\"}],\"inLanguage\":\"es\"}]}<\/script>\n<!-- \/ Yoast SEO plugin. -->","yoast_head_json":{"title":"Acci\u00f3n 1.2. III Concurso Arona Junior Scientists -","robots":{"index":"index","follow":"follow","max-snippet":"max-snippet:-1","max-image-preview":"max-image-preview:large","max-video-preview":"max-video-preview:-1"},"canonical":"https:\/\/www.ull.es\/portal\/cienciaull\/laboratorio-arn-innova-2\/programa-de-actividades\/accion-1-2-iii-concurso-arona-junior-scientists\/","og_locale":"es_ES","og_type":"article","og_title":"Acci\u00f3n 1.2. III Concurso Arona Junior Scientists -","og_description":"[vc_row][vc_column][vc_separator color=\u00bbcustom\u00bb style=\u00bbdouble\u00bb border_width=\u00bb10&#8243; accent_color=\u00bb#cf8fbe\u00bb][\/vc_column][\/vc_row][vc_row][vc_column width=\u00bb2\/3&#8243;][vc_empty_space height=\u00bb40px\u00bb][vc_custom_heading text=\u00bbAcci\u00f3n 1.2. III Concurso Arona Junior Scientists\u00bb font_container=\u00bbtag:h2|text_align:left|color:%233966b7&#8243; google_fonts=\u00bbfont_family:Roboto%20Slab%3A100%2C300%2Cregular%2C700|font_style:700%20bold%20regular%3A700%3Anormal\u00bb][vc_column_text] La III edici\u00f3n del Concurso Escolar de Proyectos Cient\u00edficos \u201cArona JUNIOR SCIENTISTS\u201d, tiene como prop\u00f3sito fomentar entre el alumnado escolar de Arona las vocaciones cient\u00edficas y tecnol\u00f3gicas a trav\u00e9s de la elaboraci\u00f3n de proyectos relacionados con las actividades principales...","og_url":"https:\/\/www.ull.es\/portal\/cienciaull\/laboratorio-arn-innova-2\/programa-de-actividades\/accion-1-2-iii-concurso-arona-junior-scientists\/","article_publisher":"https:\/\/www.facebook.com\/CienciaULL\/","article_modified_time":"2026-01-09T08:59:34+00:00","twitter_card":"summary_large_image","twitter_site":"@CienciaULL","twitter_misc":{"Tiempo de lectura":"2 minutos"},"schema":{"@context":"https:\/\/schema.org","@graph":[{"@type":"WebPage","@id":"https:\/\/www.ull.es\/portal\/cienciaull\/laboratorio-arn-innova-2\/programa-de-actividades\/accion-1-2-iii-concurso-arona-junior-scientists\/","url":"https:\/\/www.ull.es\/portal\/cienciaull\/laboratorio-arn-innova-2\/programa-de-actividades\/accion-1-2-iii-concurso-arona-junior-scientists\/","name":"Acci\u00f3n 1.2. III Concurso Arona Junior Scientists -","isPartOf":{"@id":"https:\/\/www.ull.es\/portal\/cienciaull\/#website"},"datePublished":"2022-03-15T14:29:22+00:00","dateModified":"2026-01-09T08:59:34+00:00","breadcrumb":{"@id":"https:\/\/www.ull.es\/portal\/cienciaull\/laboratorio-arn-innova-2\/programa-de-actividades\/accion-1-2-iii-concurso-arona-junior-scientists\/#breadcrumb"},"inLanguage":"es","potentialAction":[{"@type":"ReadAction","target":["https:\/\/www.ull.es\/portal\/cienciaull\/laboratorio-arn-innova-2\/programa-de-actividades\/accion-1-2-iii-concurso-arona-junior-scientists\/"]}]},{"@type":"BreadcrumbList","@id":"https:\/\/www.ull.es\/portal\/cienciaull\/laboratorio-arn-innova-2\/programa-de-actividades\/accion-1-2-iii-concurso-arona-junior-scientists\/#breadcrumb","itemListElement":[{"@type":"ListItem","position":1,"name":"Portada","item":"https:\/\/www.ull.es\/portal\/cienciaull\/"},{"@type":"ListItem","position":2,"name":"Laboratorio ARN Innova","item":"https:\/\/www.ull.es\/portal\/cienciaull\/laboratorio-arn-innova-2\/"},{"@type":"ListItem","position":3,"name":"Programa de actividades","item":"https:\/\/www.ull.es\/portal\/cienciaull\/laboratorio-arn-innova-2\/programa-de-actividades\/"},{"@type":"ListItem","position":4,"name":"Acci\u00f3n 1.2. III Concurso Arona Junior Scientists"}]},{"@type":"WebSite","@id":"https:\/\/www.ull.es\/portal\/cienciaull\/#website","url":"https:\/\/www.ull.es\/portal\/cienciaull\/","name":"","description":"Unidad de Cultura Cient\u00edfica y de la Innovaci\u00f3n de la Universidad de La Laguna","potentialAction":[{"@type":"SearchAction","target":{"@type":"EntryPoint","urlTemplate":"https:\/\/www.ull.es\/portal\/cienciaull\/?s={search_term_string}"},"query-input":"required name=search_term_string"}],"inLanguage":"es"}]}},"_links":{"self":[{"href":"https:\/\/www.ull.es\/portal\/cienciaull\/wp-json\/wp\/v2\/pages\/15385"}],"collection":[{"href":"https:\/\/www.ull.es\/portal\/cienciaull\/wp-json\/wp\/v2\/pages"}],"about":[{"href":"https:\/\/www.ull.es\/portal\/cienciaull\/wp-json\/wp\/v2\/types\/page"}],"author":[{"embeddable":true,"href":"https:\/\/www.ull.es\/portal\/cienciaull\/wp-json\/wp\/v2\/users\/56"}],"replies":[{"embeddable":true,"href":"https:\/\/www.ull.es\/portal\/cienciaull\/wp-json\/wp\/v2\/comments?post=15385"}],"version-history":[{"count":44,"href":"https:\/\/www.ull.es\/portal\/cienciaull\/wp-json\/wp\/v2\/pages\/15385\/revisions"}],"predecessor-version":[{"id":36849,"href":"https:\/\/www.ull.es\/portal\/cienciaull\/wp-json\/wp\/v2\/pages\/15385\/revisions\/36849"}],"up":[{"embeddable":true,"href":"https:\/\/www.ull.es\/portal\/cienciaull\/wp-json\/wp\/v2\/pages\/15260"}],"wp:attachment":[{"href":"https:\/\/www.ull.es\/portal\/cienciaull\/wp-json\/wp\/v2\/media?parent=15385"}],"curies":[{"name":"wp","href":"https:\/\/api.w.org\/{rel}","templated":true}]}}