{"id":15495,"date":"2022-03-21T13:38:45","date_gmt":"2022-03-21T13:38:45","guid":{"rendered":"https:\/\/www.ull.es\/portal\/cienciaull\/?page_id=15495"},"modified":"2026-01-14T09:37:27","modified_gmt":"2026-01-14T09:37:27","slug":"accion-1-5-talleres-cientec-cienciull","status":"publish","type":"page","link":"https:\/\/www.ull.es\/portal\/cienciaull\/laboratorio-arn-innova-2\/accion-1-5-talleres-cientec-cienciull\/","title":{"rendered":"Acci\u00f3n 1.5. Talleres Ac\u00e9rcate a la Ciencia con la ULL"},"content":{"rendered":"<p>[vc_row][vc_column]\n<div id=\"rev_slider_277_1_wrapper\" class=\"rev_slider_wrapper fullwidthbanner-container\" data-source=\"gallery\" style=\"margin:0px auto;background:transparent;padding:0px;margin-top:0px;margin-bottom:0px;\">\n<!-- START REVOLUTION SLIDER 5.4.7.3 auto mode -->\n\t<div id=\"rev_slider_277_1\" class=\"rev_slider fullwidthabanner\" style=\"display:none;\" data-version=\"5.4.7.3\">\n<ul>\t<!-- SLIDE  -->\n\t<li data-index=\"rs-326\" data-transition=\"fade\" data-slotamount=\"default\" data-hideafterloop=\"0\" data-hideslideonmobile=\"off\"  data-easein=\"default\" data-easeout=\"default\" data-masterspeed=\"300\"  data-rotate=\"0\"  data-saveperformance=\"off\"  data-title=\"Slide\" data-param1=\"\" data-param2=\"\" data-param3=\"\" data-param4=\"\" data-param5=\"\" data-param6=\"\" data-param7=\"\" data-param8=\"\" data-param9=\"\" data-param10=\"\" data-description=\"\">\n\t\t<!-- MAIN IMAGE -->\n\t\t<img src=\"https:\/\/s9.gifyu.com\/images\/SFCdd.png\"  alt=\"\"  width=\"1920\" height=\"1080\" data-bgposition=\"center center\" data-bgfit=\"cover\" data-bgrepeat=\"no-repeat\" class=\"rev-slidebg\" data-no-retina>\n\t\t<!-- LAYERS -->\n\n\t\t<!-- LAYER NR. 1 -->\n\t\t<div class=\"tp-caption   tp-resizeme\" \n\t\t\t id=\"slide-326-layer-1\" \n\t\t\t data-x=\"\" \n\t\t\t data-y=\"\" \n\t\t\t\t\t\tdata-width=\"['none','none','none','none']\"\n\t\t\tdata-height=\"['none','none','none','none']\"\n \n\t\t\tdata-type=\"image\" \n\t\t\tdata-responsive_offset=\"on\" \n\n\t\t\tdata-frames='[{\"delay\":0,\"speed\":300,\"frame\":\"0\",\"from\":\"opacity:0;\",\"to\":\"o:1;\",\"ease\":\"Power3.easeInOut\"},{\"delay\":\"wait\",\"speed\":300,\"frame\":\"999\",\"to\":\"opacity:0;\",\"ease\":\"Power3.easeInOut\"}]'\n\t\t\tdata-textAlign=\"['inherit','inherit','inherit','inherit']\"\n\t\t\tdata-paddingtop=\"[0,0,0,0]\"\n\t\t\tdata-paddingright=\"[0,0,0,0]\"\n\t\t\tdata-paddingbottom=\"[0,0,0,0]\"\n\t\t\tdata-paddingleft=\"[0,0,0,0]\"\n\n\t\t\tstyle=\"z-index: 5;\"><img src=\"https:\/\/www.ull.es\/portal\/cienciaull\/wp-content\/uploads\/sites\/24\/2025\/10\/acercate_cienciaull_bn.jpg\" alt=\"\" data-ww=\"1600px\" data-hh=\"600px\" width=\"1600\" height=\"600\" data-no-retina> <\/div>\n\t<\/li>\n<\/ul>\n<div class=\"tp-bannertimer tp-bottom\" style=\"visibility: hidden !important;\"><\/div>\t<\/div>\n<script>var htmlDiv = document.getElementById(\"rs-plugin-settings-inline-css\"); var htmlDivCss=\"\";\r\n\t\t\t\tif(htmlDiv) {\r\n\t\t\t\t\thtmlDiv.innerHTML = htmlDiv.innerHTML + htmlDivCss;\r\n\t\t\t\t}else{\r\n\t\t\t\t\tvar htmlDiv = document.createElement(\"div\");\r\n\t\t\t\t\thtmlDiv.innerHTML = \"<style>\" + htmlDivCss + \"<\/style>\";\r\n\t\t\t\t\tdocument.getElementsByTagName(\"head\")[0].appendChild(htmlDiv.childNodes[0]);\r\n\t\t\t\t}\r\n\t\t\t<\/script>\n\t\t<script type=\"text\/javascript\">\r\nif (setREVStartSize!==undefined) setREVStartSize(\r\n\t{c: '#rev_slider_277_1', gridwidth: [1600], gridheight: [600], sliderLayout: 'auto'});\r\n\t\t\t\r\nvar revapi277,\r\n\ttpj;\t\r\n(function() {\t\t\t\r\n\tif (!\/loaded|interactive|complete\/.test(document.readyState)) document.addEventListener(\"DOMContentLoaded\",onLoad); else onLoad();\t\r\n\tfunction onLoad() {\t\t\t\t\r\n\t\tif (tpj===undefined) { tpj = jQuery; if(\"off\" == \"on\") tpj.noConflict();}\r\n\tif(tpj(\"#rev_slider_277_1\").revolution == undefined){\n\t\trevslider_showDoubleJqueryError(\"#rev_slider_277_1\");\n\t}else{\n\t\trevapi277 = tpj(\"#rev_slider_277_1\").show().revolution({\n\t\t\tsliderType:\"standard\",\n\t\t\tjsFileLocation:\"\/\/www.ull.es\/portal\/cienciaull\/wp-content\/plugins\/revslider\/public\/assets\/js\/\",\n\t\t\tsliderLayout:\"auto\",\n\t\t\tdottedOverlay:\"none\",\n\t\t\tdelay:9000,\n\t\t\tnavigation: {\n\t\t\t\tonHoverStop:\"off\",\n\t\t\t},\n\t\t\tvisibilityLevels:[1240,1024,778,480],\n\t\t\tgridwidth:1600,\n\t\t\tgridheight:600,\n\t\t\tlazyType:\"none\",\n\t\t\tshadow:0,\n\t\t\tspinner:\"spinner0\",\n\t\t\tstopLoop:\"off\",\n\t\t\tstopAfterLoops:-1,\n\t\t\tstopAtSlide:-1,\n\t\t\tshuffle:\"off\",\n\t\t\tautoHeight:\"off\",\n\t\t\tdisableProgressBar:\"on\",\n\t\t\thideThumbsOnMobile:\"off\",\n\t\t\thideSliderAtLimit:0,\n\t\t\thideCaptionAtLimit:0,\n\t\t\thideAllCaptionAtLilmit:0,\n\t\t\tdebugMode:false,\n\t\t\tfallbacks: {\n\t\t\t\tsimplifyAll:\"off\",\n\t\t\t\tnextSlideOnWindowFocus:\"off\",\n\t\t\t\tdisableFocusListener:false,\n\t\t\t}\n\t\t});\n\t}; \/* END OF revapi call *\/\n\t\n }; \/* END OF ON LOAD FUNCTION *\/\r\n}()); \/* END OF WRAPPING FUNCTION *\/\r\n<\/script>\r\n\t\t<\/div><!-- END REVOLUTION SLIDER -->[vc_separator color=\u00bbcustom\u00bb style=\u00bbdouble\u00bb border_width=\u00bb10&#8243; accent_color=\u00bb#ea501e\u00bb][\/vc_column][\/vc_row][vc_row][vc_column width=\u00bb1\/3&#8243;][vc_empty_space][vc_btn title=\u00bbPresentaci\u00f3n\u00bb color=\u00bbturquoise\u00bb size=\u00bblg\u00bb align=\u00bbcenter\u00bb button_block=\u00bbtrue\u00bb link=\u00bburl:https%3A%2F%2Fwww.ull.es%2Fportal%2Fcienciaull%2Flaboratorio-arn-innova-2%2F\u00bb css=\u00bb.vc_custom_1708343940109{margin-bottom: 3px !important;border-bottom-width: 3px !important;padding-bottom: 3px !important;}\u00bb][\/vc_column][vc_column width=\u00bb1\/3&#8243;][vc_empty_space][vc_btn title=\u00bbPrograma de Actividades\u00bb color=\u00bbwarning\u00bb size=\u00bblg\u00bb align=\u00bbcenter\u00bb button_block=\u00bbtrue\u00bb link=\u00bburl:https%3A%2F%2Fwww.ull.es%2Fportal%2Fcienciaull%2Flaboratorio-arn-innova-2%2Fprograma-de-actividades%2F\u00bb css=\u00bb.vc_custom_1648115110117{margin-bottom: 3px !important;border-bottom-width: 3px !important;padding-bottom: 3px !important;}\u00bb][\/vc_column][vc_column width=\u00bb1\/3&#8243;][vc_empty_space][vc_btn title=\u00bbInscripci\u00f3n\u00bb color=\u00bbviolet\u00bb size=\u00bblg\u00bb align=\u00bbcenter\u00bb button_block=\u00bbtrue\u00bb link=\u00bburl:https%3A%2F%2Fforms.gle%2FgePA4ysDodS4rzRF8|title:Inscripci%C3%B3n\u00bb][\/vc_column][\/vc_row][vc_row][vc_column width=\u00bb2\/3&#8243;][vc_empty_space height=\u00bb40px\u00bb][vc_custom_heading text=\u00bbAcci\u00f3n 1.5. Talleres Cientec Cienci@ULL\u00bb font_container=\u00bbtag:h2|text_align:left|color:%233966b7&#8243; google_fonts=\u00bbfont_family:Roboto%20Slab%3A100%2C300%2Cregular%2C700|font_style:700%20bold%20regular%3A700%3Anormal\u00bb][vc_column_text]<\/p>\n<p style=\"text-align: justify\">El<span style=\"color: #ff9900\"> <strong>Laboratorio de Ciencia y Tecnolog\u00eda,<\/strong><\/span> surge con la finalidad principal de dotar de conocimiento y herramientas necesarias para los ciudadanos y ciudadanas del municipio de Arona para fomentar la creatividad y el inter\u00e9s por la ciencia y la tecnolog\u00eda, especialmente desde edades tempranas, implicando de esta forma a la comunidad educativa en el desarrollo del municipio. Dentro de este programa, se destaca la acci\u00f3n:<span style=\"color: #ff9900\"> <strong>\u00abAc\u00e9rcate a la Ciencia con la ULL en Arona\u00bb<\/strong><\/span>, una iniciativa dirigida a fomentar las vocaciones cient\u00edficas de nuestros y nuestras j\u00f3venes del municipio de Arona. Todo ello, se har\u00e1 de la mano de doctorandos y j\u00f3venes investigadores de la Universidad de La Laguna.<\/p>\n<p><span style=\"font-weight: 400\">Se ofertan\u00a0<b>60 talleres<\/b> repartidos entre los meses de marzo, abril, mayo y junio. Estas propuestas did\u00e1cticas est\u00e1n destinadas al alumnado desde 3\u00ba de Educaci\u00f3n Primaria hasta Formaci\u00f3n Profesional. <\/span><\/p>\n<p><span style=\"font-weight: 400\">En esta edici\u00f3n, se abordar\u00e1n temas relacionados con:<\/span><\/p>\n<ul>\n<li style=\"text-align: justify\">Rob\u00f3tica y Arduino<\/li>\n<li style=\"text-align: justify\">Ciencias B\u00e1sicas (F\u00edsica, Matem\u00e1ticas, Biolog\u00eda y Qu\u00edmica)<\/li>\n<li style=\"text-align: justify\">Energ\u00edas renovables<\/li>\n<li style=\"text-align: justify\">Astrof\u00edsica<\/li>\n<li style=\"text-align: justify\">Bot\u00e1nica<\/li>\n<li style=\"text-align: justify\">Paleontolog\u00eda<\/li>\n<li style=\"text-align: justify\">Historia-Arqueolog\u00eda<\/li>\n<li style=\"text-align: justify\">Medio ambiente-Biodiversidad Marina<\/li>\n<\/ul>\n<p style=\"text-align: justify\">Estos talleres tendr\u00e1n una duraci\u00f3n de dos horas y estar\u00e1n dirigidos al alumnado de Educaci\u00f3n Primaria, Educaci\u00f3n Secundario, Bachillerato y Formaci\u00f3n Profesional. Ser\u00e1n impartidos por el personal investigador en formaci\u00f3n de la ULL en modalidad presencial en el centro escolar.<\/p>\n<p style=\"text-align: justify\"><b>El periodo de inscripci\u00f3n estar\u00e1 abierto hasta el 15 de febrero o completar el aforo a trav\u00e9s del siguiente enlace:\u00a0<\/b><\/p>\n<p>[\/vc_column_text][vc_btn title=\u00bbInscripci\u00f3n\u00bb shape=\u00bbround\u00bb color=\u00bbinfo\u00bb align=\u00bbcenter\u00bb link=\u00bburl:https%3A%2F%2Fforms.gle%2Fh7q18J7TqmPYoZDP9|title:Inscripci%C3%B3n\u00bb][vc_empty_space height=\u00bb40px\u00bb][vc_column_text]<\/p>\n<p style=\"text-align: justify\">ARN Innova se enmarca en el paquete de trabajo <strong>Researchers at Schools activities<\/strong> de <strong>MacaroNight 2025<\/strong> (Noche Europea de los Investigadores e investigadoras de la Macaronesia). Este proyecto es una iniciativa promovida por <a href=\"https:\/\/www.lapalmacentre.eu\/\" target=\"_blank\" rel=\"noopener\">La Palma Research Centre<\/a>; el <a href=\"https:\/\/www.oma.pt\/\" target=\"_blank\" rel=\"noopener\">Observatorio do Mar Dos A\u00e7ores<\/a>; <a href=\"https:\/\/www.bigvanciencia.com\/\" target=\"_blank\" rel=\"noopener\">Big Van Ciencia<\/a>; <a href=\"https:\/\/www.uma.pt\/\" target=\"_blank\" rel=\"noopener\">la Universidade da Madeira<\/a> y la <a href=\"https:\/\/fg.ull.es\/\" target=\"_blank\" rel=\"noopener\">Fundaci\u00f3n General de la Universidad de La Laguna<\/a>. Es cofinanciada por la Comisi\u00f3n Europea bajo las Acciones Marie Sk\u0142odowska-Curie (MSCA); iniciativa para fomentar las carreras cient\u00edficas en Europa, que se enmarca en <a href=\"https:\/\/www.horizonteeuropa.es\/\" target=\"_blank\" rel=\"noopener\">Horizonte Europa<\/a>; Programa Marco de Investigaci\u00f3n e Innovaci\u00f3n de la Uni\u00f3n Europea. En Tenerife cuenta con la colaboraci\u00f3n de <a href=\"https:\/\/www.cajasiete.com\/es\" target=\"_blank\" rel=\"noopener\" data-saferedirecturl=\"https:\/\/www.google.com\/url?q=https:\/\/www.cajasiete.com\/es&amp;source=gmail&amp;ust=1683789900929000&amp;usg=AOvVaw0OSs2WLqk08W2MKQxQ-gch\" target=\"_blank\" rel=\"noopener\">CajaSiete,<\/a>\u00a0 <a href=\"https:\/\/www.gobiernodecanarias.org\/conocimiento\/\" target=\"_blank\" rel=\"noopener\" data-saferedirecturl=\"https:\/\/www.google.com\/url?q=https:\/\/www.gobiernodecanarias.org\/conocimiento\/&amp;source=gmail&amp;ust=1683789900929000&amp;usg=AOvVaw1kBQyT5UjrnGgTUhOHS6dY\" target=\"_blank\" rel=\"noopener\">la Agencia Canaria de Investigaci\u00f3n, Innovaci\u00f3n y Sociedad de la Informaci\u00f3n del Gobierno de Canarias<\/a>, y<span style=\"color: #3d3d3d;font-family: ArgentumSans, sans-serif\">\u00a0<a href=\"https:\/\/www.arona.org\/\" target=\"_blank\" rel=\"noopener\">el Ayuntamiento de Arona.<\/a><\/span><\/p>\n<p>[\/vc_column_text][\/vc_column][vc_column width=\u00bb1\/3&#8243;][vc_column_text]<\/p>\n<p style=\"text-align: center\"><span style=\"color: #ff9900\"><strong>V\u00eddeo Resumen Programa Ac\u00e9rcate a la Ciencia con la ULL en Arona Edici\u00f3n Noviembre-Diciembre 2025<\/strong><\/span><\/p>\n<p>[\/vc_column_text][vc_video link=\u00bbhttps:\/\/youtu.be\/OyIGoyGsRvI\u00bb][vc_empty_space height=\u00bb15px\u00bb][vc_column_text]<\/p>\n<p style=\"text-align: center\"><span style=\"color: #ff9900\"><strong>V\u00eddeo Resumen Programa Ac\u00e9rcate a la Ciencia con la ULL en Arona Edici\u00f3n Marzo-Mayo 2025<\/strong><\/span><\/p>\n<p>[\/vc_column_text][vc_video link=\u00bbhttps:\/\/www.youtube.com\/watch?v=IijEet5US3k&amp;list=PLyCiNKvX7KOG6EOxOIIhY63DAR2zEnMqi&amp;index=7&#8243;][vc_empty_space height=\u00bb15px\u00bb][vc_column_text]<\/p>\n<p style=\"text-align: center\"><span style=\"color: #ff9900\"><strong>V\u00eddeo Resumen Programa Ac\u00e9rcate a la Ciencia con la ULL en Arona semestre 2024<\/strong><\/span><\/p>\n<p>[\/vc_column_text][vc_video link=\u00bbhttps:\/\/www.youtube.com\/watch?v=YGaT55hN0ic&amp;list=PLyCiNKvX7KOG6EOxOIIhY63DAR2zEnMqi&amp;index=5&#8243;][vc_empty_space height=\u00bb15px\u00bb][vc_column_text]<\/p>\n<p style=\"text-align: center\"><span style=\"color: #ff9900\"><strong>V\u00eddeo Resumen Programa Ac\u00e9rcate a la Ciencia con la ULL en Arona May-Jun 2023<\/strong><\/span><\/p>\n<p>[\/vc_column_text][vc_video link=\u00bbhttps:\/\/youtu.be\/eQQ1pdVmlKE\u00bb][vc_empty_space height=\u00bb15px\u00bb][vc_column_text]<\/p>\n<p style=\"text-align: center\"><span style=\"color: #ff9900\"><strong>V\u00eddeo Resumen Programa Ac\u00e9rcate a la Ciencia con la ULL en Arona Nov. 2022<\/strong><\/span><\/p>\n<p>[\/vc_column_text][vc_video link=\u00bbhttps:\/\/youtu.be\/go0qL1hu34g\u00bb][vc_empty_space height=\u00bb15px\u00bb][vc_column_text]<\/p>\n<p style=\"text-align: center\"><span style=\"color: #ff9900\"><strong>V\u00eddeo Resumen Programa Ac\u00e9rcate a la Ciencia con la ULL en Arona 2021\/2022<\/strong><\/span><\/p>\n<p>[\/vc_column_text][vc_video link=\u00bbhttps:\/\/youtu.be\/TEhogzW910c\u00bb][vc_empty_space height=\u00bb15px\u00bb][vc_btn title=\u00bbCat\u00e1logo para Educaci\u00f3n Primaria\u00bb color=\u00bbsuccess\u00bb align=\u00bbcenter\u00bb button_block=\u00bbtrue\u00bb][vc_btn title=\u00bbCat\u00e1logo para Secundaria\u00bb color=\u00bbpurple\u00bb align=\u00bbcenter\u00bb button_block=\u00bbtrue\u00bb][vc_btn title=\u00bbCat\u00e1logo para Bachillerato y FP\u00bb color=\u00bbwarning\u00bb align=\u00bbcenter\u00bb button_block=\u00bbtrue\u00bb][\/vc_column][\/vc_row][vc_row][vc_column width=\u00bb1\/3&#8243;][\/vc_column][vc_column width=\u00bb1\/3&#8243;][\/vc_column][vc_column width=\u00bb1\/3&#8243;][\/vc_column][\/vc_row]<\/p>\n","protected":false},"excerpt":{"rendered":"<p>[vc_row][vc_column][vc_separator color=\u00bbcustom\u00bb style=\u00bbdouble\u00bb border_width=\u00bb10&#8243; accent_color=\u00bb#ea501e\u00bb][\/vc_column][\/vc_row][vc_row][vc_column width=\u00bb1\/3&#8243;][vc_empty_space][vc_btn title=\u00bbPresentaci\u00f3n\u00bb color=\u00bbturquoise\u00bb size=\u00bblg\u00bb align=\u00bbcenter\u00bb button_block=\u00bbtrue\u00bb link=\u00bburl:https%3A%2F%2Fwww.ull.es%2Fportal%2Fcienciaull%2Flaboratorio-arn-innova-2%2F\u00bb css=\u00bb.vc_custom_1708343940109{margin-bottom: 3px !important;border-bottom-width: 3px !important;padding-bottom: 3px !important;}\u00bb][\/vc_column][vc_column width=\u00bb1\/3&#8243;][vc_empty_space][vc_btn title=\u00bbPrograma de Actividades\u00bb color=\u00bbwarning\u00bb size=\u00bblg\u00bb align=\u00bbcenter\u00bb button_block=\u00bbtrue\u00bb link=\u00bburl:https%3A%2F%2Fwww.ull.es%2Fportal%2Fcienciaull%2Flaboratorio-arn-innova-2%2Fprograma-de-actividades%2F\u00bb css=\u00bb.vc_custom_1648115110117{margin-bottom: 3px !important;border-bottom-width: 3px !important;padding-bottom: 3px !important;}\u00bb][\/vc_column][vc_column width=\u00bb1\/3&#8243;][vc_empty_space][vc_btn title=\u00bbInscripci\u00f3n\u00bb color=\u00bbviolet\u00bb size=\u00bblg\u00bb align=\u00bbcenter\u00bb button_block=\u00bbtrue\u00bb link=\u00bburl:https%3A%2F%2Fforms.gle%2FgePA4ysDodS4rzRF8|title:Inscripci%C3%B3n\u00bb][\/vc_column][\/vc_row][vc_row][vc_column width=\u00bb2\/3&#8243;][vc_empty_space height=\u00bb40px\u00bb][vc_custom_heading text=\u00bbAcci\u00f3n 1.5. Talleres Cientec Cienci@ULL\u00bb font_container=\u00bbtag:h2|text_align:left|color:%233966b7&#8243; google_fonts=\u00bbfont_family:Roboto%20Slab%3A100%2C300%2Cregular%2C700|font_style:700%20bold%20regular%3A700%3Anormal\u00bb][vc_column_text] El Laboratorio de Ciencia&#8230;<\/p>\n","protected":false},"author":56,"featured_media":0,"parent":15135,"menu_order":0,"comment_status":"closed","ping_status":"closed","template":"templates\/cienciaull.php","meta":{"inline_featured_image":false,"footnotes":""},"acf":[],"yoast_head":"<!-- This site is optimized with the Yoast SEO plugin v21.3 - https:\/\/yoast.com\/wordpress\/plugins\/seo\/ -->\n<title>Acci\u00f3n 1.5. Talleres Ac\u00e9rcate a la Ciencia con la ULL -<\/title>\n<meta name=\"robots\" content=\"index, follow, max-snippet:-1, max-image-preview:large, max-video-preview:-1\" \/>\n<link rel=\"canonical\" href=\"https:\/\/www.ull.es\/portal\/cienciaull\/laboratorio-arn-innova-2\/accion-1-5-talleres-cientec-cienciull\/\" \/>\n<meta property=\"og:locale\" content=\"es_ES\" \/>\n<meta property=\"og:type\" content=\"article\" \/>\n<meta property=\"og:title\" content=\"Acci\u00f3n 1.5. Talleres Ac\u00e9rcate a la Ciencia con la ULL -\" \/>\n<meta property=\"og:description\" content=\"[vc_row][vc_column][vc_separator color=\u00bbcustom\u00bb style=\u00bbdouble\u00bb border_width=\u00bb10&#8243; accent_color=\u00bb#ea501e\u00bb][\/vc_column][\/vc_row][vc_row][vc_column width=\u00bb1\/3&#8243;][vc_empty_space][vc_btn title=\u00bbPresentaci\u00f3n\u00bb color=\u00bbturquoise\u00bb size=\u00bblg\u00bb align=\u00bbcenter\u00bb button_block=\u00bbtrue\u00bb link=\u00bburl:https%3A%2F%2Fwww.ull.es%2Fportal%2Fcienciaull%2Flaboratorio-arn-innova-2%2F\u00bb css=\u00bb.vc_custom_1708343940109{margin-bottom: 3px !important;border-bottom-width: 3px !important;padding-bottom: 3px !important;}\u00bb][\/vc_column][vc_column width=\u00bb1\/3&#8243;][vc_empty_space][vc_btn title=\u00bbPrograma de Actividades\u00bb color=\u00bbwarning\u00bb size=\u00bblg\u00bb align=\u00bbcenter\u00bb button_block=\u00bbtrue\u00bb link=\u00bburl:https%3A%2F%2Fwww.ull.es%2Fportal%2Fcienciaull%2Flaboratorio-arn-innova-2%2Fprograma-de-actividades%2F\u00bb css=\u00bb.vc_custom_1648115110117{margin-bottom: 3px !important;border-bottom-width: 3px !important;padding-bottom: 3px !important;}\u00bb][\/vc_column][vc_column width=\u00bb1\/3&#8243;][vc_empty_space][vc_btn title=\u00bbInscripci\u00f3n\u00bb color=\u00bbviolet\u00bb size=\u00bblg\u00bb align=\u00bbcenter\u00bb button_block=\u00bbtrue\u00bb link=\u00bburl:https%3A%2F%2Fforms.gle%2FgePA4ysDodS4rzRF8|title:Inscripci%C3%B3n\u00bb][\/vc_column][\/vc_row][vc_row][vc_column width=\u00bb2\/3&#8243;][vc_empty_space height=\u00bb40px\u00bb][vc_custom_heading text=\u00bbAcci\u00f3n 1.5. Talleres Cientec Cienci@ULL\u00bb font_container=\u00bbtag:h2|text_align:left|color:%233966b7&#8243; google_fonts=\u00bbfont_family:Roboto%20Slab%3A100%2C300%2Cregular%2C700|font_style:700%20bold%20regular%3A700%3Anormal\u00bb][vc_column_text] El Laboratorio de Ciencia...\" \/>\n<meta property=\"og:url\" content=\"https:\/\/www.ull.es\/portal\/cienciaull\/laboratorio-arn-innova-2\/accion-1-5-talleres-cientec-cienciull\/\" \/>\n<meta property=\"article:publisher\" content=\"https:\/\/www.facebook.com\/CienciaULL\/\" \/>\n<meta property=\"article:modified_time\" content=\"2026-01-14T09:37:27+00:00\" \/>\n<meta name=\"twitter:card\" content=\"summary_large_image\" \/>\n<meta name=\"twitter:site\" content=\"@CienciaULL\" \/>\n<meta name=\"twitter:label1\" content=\"Tiempo de lectura\" \/>\n\t<meta name=\"twitter:data1\" content=\"3 minutos\" \/>\n<script type=\"application\/ld+json\" class=\"yoast-schema-graph\">{\"@context\":\"https:\/\/schema.org\",\"@graph\":[{\"@type\":\"WebPage\",\"@id\":\"https:\/\/www.ull.es\/portal\/cienciaull\/laboratorio-arn-innova-2\/accion-1-5-talleres-cientec-cienciull\/\",\"url\":\"https:\/\/www.ull.es\/portal\/cienciaull\/laboratorio-arn-innova-2\/accion-1-5-talleres-cientec-cienciull\/\",\"name\":\"Acci\u00f3n 1.5. Talleres Ac\u00e9rcate a la Ciencia con la ULL -\",\"isPartOf\":{\"@id\":\"https:\/\/www.ull.es\/portal\/cienciaull\/#website\"},\"datePublished\":\"2022-03-21T13:38:45+00:00\",\"dateModified\":\"2026-01-14T09:37:27+00:00\",\"breadcrumb\":{\"@id\":\"https:\/\/www.ull.es\/portal\/cienciaull\/laboratorio-arn-innova-2\/accion-1-5-talleres-cientec-cienciull\/#breadcrumb\"},\"inLanguage\":\"es\",\"potentialAction\":[{\"@type\":\"ReadAction\",\"target\":[\"https:\/\/www.ull.es\/portal\/cienciaull\/laboratorio-arn-innova-2\/accion-1-5-talleres-cientec-cienciull\/\"]}]},{\"@type\":\"BreadcrumbList\",\"@id\":\"https:\/\/www.ull.es\/portal\/cienciaull\/laboratorio-arn-innova-2\/accion-1-5-talleres-cientec-cienciull\/#breadcrumb\",\"itemListElement\":[{\"@type\":\"ListItem\",\"position\":1,\"name\":\"Portada\",\"item\":\"https:\/\/www.ull.es\/portal\/cienciaull\/\"},{\"@type\":\"ListItem\",\"position\":2,\"name\":\"Laboratorio ARN Innova\",\"item\":\"https:\/\/www.ull.es\/portal\/cienciaull\/laboratorio-arn-innova-2\/\"},{\"@type\":\"ListItem\",\"position\":3,\"name\":\"Acci\u00f3n 1.5. Talleres Ac\u00e9rcate a la Ciencia con la ULL\"}]},{\"@type\":\"WebSite\",\"@id\":\"https:\/\/www.ull.es\/portal\/cienciaull\/#website\",\"url\":\"https:\/\/www.ull.es\/portal\/cienciaull\/\",\"name\":\"\",\"description\":\"Unidad de Cultura Cient\u00edfica y de la Innovaci\u00f3n de la Universidad de La Laguna\",\"potentialAction\":[{\"@type\":\"SearchAction\",\"target\":{\"@type\":\"EntryPoint\",\"urlTemplate\":\"https:\/\/www.ull.es\/portal\/cienciaull\/?s={search_term_string}\"},\"query-input\":\"required name=search_term_string\"}],\"inLanguage\":\"es\"}]}<\/script>\n<!-- \/ Yoast SEO plugin. -->","yoast_head_json":{"title":"Acci\u00f3n 1.5. Talleres Ac\u00e9rcate a la Ciencia con la ULL -","robots":{"index":"index","follow":"follow","max-snippet":"max-snippet:-1","max-image-preview":"max-image-preview:large","max-video-preview":"max-video-preview:-1"},"canonical":"https:\/\/www.ull.es\/portal\/cienciaull\/laboratorio-arn-innova-2\/accion-1-5-talleres-cientec-cienciull\/","og_locale":"es_ES","og_type":"article","og_title":"Acci\u00f3n 1.5. Talleres Ac\u00e9rcate a la Ciencia con la ULL -","og_description":"[vc_row][vc_column][vc_separator color=\u00bbcustom\u00bb style=\u00bbdouble\u00bb border_width=\u00bb10&#8243; accent_color=\u00bb#ea501e\u00bb][\/vc_column][\/vc_row][vc_row][vc_column width=\u00bb1\/3&#8243;][vc_empty_space][vc_btn title=\u00bbPresentaci\u00f3n\u00bb color=\u00bbturquoise\u00bb size=\u00bblg\u00bb align=\u00bbcenter\u00bb button_block=\u00bbtrue\u00bb link=\u00bburl:https%3A%2F%2Fwww.ull.es%2Fportal%2Fcienciaull%2Flaboratorio-arn-innova-2%2F\u00bb css=\u00bb.vc_custom_1708343940109{margin-bottom: 3px !important;border-bottom-width: 3px !important;padding-bottom: 3px !important;}\u00bb][\/vc_column][vc_column width=\u00bb1\/3&#8243;][vc_empty_space][vc_btn title=\u00bbPrograma de Actividades\u00bb color=\u00bbwarning\u00bb size=\u00bblg\u00bb align=\u00bbcenter\u00bb button_block=\u00bbtrue\u00bb link=\u00bburl:https%3A%2F%2Fwww.ull.es%2Fportal%2Fcienciaull%2Flaboratorio-arn-innova-2%2Fprograma-de-actividades%2F\u00bb css=\u00bb.vc_custom_1648115110117{margin-bottom: 3px !important;border-bottom-width: 3px !important;padding-bottom: 3px !important;}\u00bb][\/vc_column][vc_column width=\u00bb1\/3&#8243;][vc_empty_space][vc_btn title=\u00bbInscripci\u00f3n\u00bb color=\u00bbviolet\u00bb size=\u00bblg\u00bb align=\u00bbcenter\u00bb button_block=\u00bbtrue\u00bb link=\u00bburl:https%3A%2F%2Fforms.gle%2FgePA4ysDodS4rzRF8|title:Inscripci%C3%B3n\u00bb][\/vc_column][\/vc_row][vc_row][vc_column width=\u00bb2\/3&#8243;][vc_empty_space height=\u00bb40px\u00bb][vc_custom_heading text=\u00bbAcci\u00f3n 1.5. Talleres Cientec Cienci@ULL\u00bb font_container=\u00bbtag:h2|text_align:left|color:%233966b7&#8243; google_fonts=\u00bbfont_family:Roboto%20Slab%3A100%2C300%2Cregular%2C700|font_style:700%20bold%20regular%3A700%3Anormal\u00bb][vc_column_text] El Laboratorio de Ciencia...","og_url":"https:\/\/www.ull.es\/portal\/cienciaull\/laboratorio-arn-innova-2\/accion-1-5-talleres-cientec-cienciull\/","article_publisher":"https:\/\/www.facebook.com\/CienciaULL\/","article_modified_time":"2026-01-14T09:37:27+00:00","twitter_card":"summary_large_image","twitter_site":"@CienciaULL","twitter_misc":{"Tiempo de lectura":"3 minutos"},"schema":{"@context":"https:\/\/schema.org","@graph":[{"@type":"WebPage","@id":"https:\/\/www.ull.es\/portal\/cienciaull\/laboratorio-arn-innova-2\/accion-1-5-talleres-cientec-cienciull\/","url":"https:\/\/www.ull.es\/portal\/cienciaull\/laboratorio-arn-innova-2\/accion-1-5-talleres-cientec-cienciull\/","name":"Acci\u00f3n 1.5. Talleres Ac\u00e9rcate a la Ciencia con la ULL -","isPartOf":{"@id":"https:\/\/www.ull.es\/portal\/cienciaull\/#website"},"datePublished":"2022-03-21T13:38:45+00:00","dateModified":"2026-01-14T09:37:27+00:00","breadcrumb":{"@id":"https:\/\/www.ull.es\/portal\/cienciaull\/laboratorio-arn-innova-2\/accion-1-5-talleres-cientec-cienciull\/#breadcrumb"},"inLanguage":"es","potentialAction":[{"@type":"ReadAction","target":["https:\/\/www.ull.es\/portal\/cienciaull\/laboratorio-arn-innova-2\/accion-1-5-talleres-cientec-cienciull\/"]}]},{"@type":"BreadcrumbList","@id":"https:\/\/www.ull.es\/portal\/cienciaull\/laboratorio-arn-innova-2\/accion-1-5-talleres-cientec-cienciull\/#breadcrumb","itemListElement":[{"@type":"ListItem","position":1,"name":"Portada","item":"https:\/\/www.ull.es\/portal\/cienciaull\/"},{"@type":"ListItem","position":2,"name":"Laboratorio ARN Innova","item":"https:\/\/www.ull.es\/portal\/cienciaull\/laboratorio-arn-innova-2\/"},{"@type":"ListItem","position":3,"name":"Acci\u00f3n 1.5. Talleres Ac\u00e9rcate a la Ciencia con la ULL"}]},{"@type":"WebSite","@id":"https:\/\/www.ull.es\/portal\/cienciaull\/#website","url":"https:\/\/www.ull.es\/portal\/cienciaull\/","name":"","description":"Unidad de Cultura Cient\u00edfica y de la Innovaci\u00f3n de la Universidad de La Laguna","potentialAction":[{"@type":"SearchAction","target":{"@type":"EntryPoint","urlTemplate":"https:\/\/www.ull.es\/portal\/cienciaull\/?s={search_term_string}"},"query-input":"required name=search_term_string"}],"inLanguage":"es"}]}},"_links":{"self":[{"href":"https:\/\/www.ull.es\/portal\/cienciaull\/wp-json\/wp\/v2\/pages\/15495"}],"collection":[{"href":"https:\/\/www.ull.es\/portal\/cienciaull\/wp-json\/wp\/v2\/pages"}],"about":[{"href":"https:\/\/www.ull.es\/portal\/cienciaull\/wp-json\/wp\/v2\/types\/page"}],"author":[{"embeddable":true,"href":"https:\/\/www.ull.es\/portal\/cienciaull\/wp-json\/wp\/v2\/users\/56"}],"replies":[{"embeddable":true,"href":"https:\/\/www.ull.es\/portal\/cienciaull\/wp-json\/wp\/v2\/comments?post=15495"}],"version-history":[{"count":58,"href":"https:\/\/www.ull.es\/portal\/cienciaull\/wp-json\/wp\/v2\/pages\/15495\/revisions"}],"predecessor-version":[{"id":36855,"href":"https:\/\/www.ull.es\/portal\/cienciaull\/wp-json\/wp\/v2\/pages\/15495\/revisions\/36855"}],"up":[{"embeddable":true,"href":"https:\/\/www.ull.es\/portal\/cienciaull\/wp-json\/wp\/v2\/pages\/15135"}],"wp:attachment":[{"href":"https:\/\/www.ull.es\/portal\/cienciaull\/wp-json\/wp\/v2\/media?parent=15495"}],"curies":[{"name":"wp","href":"https:\/\/api.w.org\/{rel}","templated":true}]}}