{"id":15549,"date":"2022-03-21T15:16:17","date_gmt":"2022-03-21T15:16:17","guid":{"rendered":"https:\/\/www.ull.es\/portal\/cienciaull\/?page_id=15549"},"modified":"2022-03-21T15:21:42","modified_gmt":"2022-03-21T15:21:42","slug":"nosotras-hacemos-ciencia","status":"publish","type":"page","link":"https:\/\/www.ull.es\/portal\/cienciaull\/laboratorio-vocaciones-cientificas\/descripcion-de-cada-actividad\/actividad-6-vocaciones\/nosotras-hacemos-ciencia\/","title":{"rendered":"\u00abNosotras Hacemos Ciencia\u00bb"},"content":{"rendered":"<p>[vc_row][vc_column]\n<div id=\"rev_slider_74_1_wrapper\" class=\"rev_slider_wrapper fullwidthbanner-container\" data-source=\"gallery\" style=\"margin:0px auto;background:transparent;padding:0px;margin-top:0px;margin-bottom:0px;\">\n<!-- START REVOLUTION SLIDER 5.4.7.3 auto mode -->\n\t<div id=\"rev_slider_74_1\" class=\"rev_slider fullwidthabanner\" style=\"display:none;\" data-version=\"5.4.7.3\">\n<ul>\t<!-- SLIDE  -->\n\t<li data-index=\"rs-102\" data-transition=\"fade\" data-slotamount=\"default\" data-hideafterloop=\"0\" data-hideslideonmobile=\"off\"  data-easein=\"default\" data-easeout=\"default\" data-masterspeed=\"300\"  data-rotate=\"0\"  data-saveperformance=\"off\"  data-title=\"Slide\" data-param1=\"\" data-param2=\"\" data-param3=\"\" data-param4=\"\" data-param5=\"\" data-param6=\"\" data-param7=\"\" data-param8=\"\" data-param9=\"\" data-param10=\"\" data-description=\"\">\n\t\t<!-- MAIN IMAGE -->\n\t\t<img src=\"https:\/\/www.ull.es\/portal\/cienciaull\/wp-content\/plugins\/revslider\/admin\/assets\/images\/transparent.png\"  alt=\"\" title=\"\u00abNosotras Hacemos Ciencia\u00bb\"  data-bgposition=\"center center\" data-bgfit=\"cover\" data-bgrepeat=\"no-repeat\" class=\"rev-slidebg\" data-no-retina>\n\t\t<!-- LAYERS -->\n\n\t\t<!-- LAYER NR. 1 -->\n\t\t<div class=\"tp-caption   tp-resizeme\" \n\t\t\t id=\"slide-102-layer-16\" \n\t\t\t data-x=\"1\" \n\t\t\t data-y=\"-1\" \n\t\t\t\t\t\tdata-width=\"['none','none','none','none']\"\n\t\t\tdata-height=\"['none','none','none','none']\"\n \n\t\t\tdata-type=\"image\" \n\t\t\tdata-responsive_offset=\"on\" \n\n\t\t\tdata-frames='[{\"delay\":0,\"speed\":300,\"frame\":\"0\",\"from\":\"opacity:0;\",\"to\":\"o:1;\",\"ease\":\"Power3.easeInOut\"},{\"delay\":\"wait\",\"speed\":300,\"frame\":\"999\",\"to\":\"opacity:0;\",\"ease\":\"Power3.easeInOut\"}]'\n\t\t\tdata-textAlign=\"['inherit','inherit','inherit','inherit']\"\n\t\t\tdata-paddingtop=\"[0,0,0,0]\"\n\t\t\tdata-paddingright=\"[0,0,0,0]\"\n\t\t\tdata-paddingbottom=\"[0,0,0,0]\"\n\t\t\tdata-paddingleft=\"[0,0,0,0]\"\n\n\t\t\tstyle=\"z-index: 5;\"><img src=\"https:\/\/www.ull.es\/portal\/cienciaull\/wp-content\/uploads\/sites\/24\/2022\/02\/Banners-vocaciones-cienti\u0301ficas_Facebook.png\" alt=\"\" data-ww=\"1200px\" data-hh=\"628px\" width=\"1200\" height=\"628\" data-no-retina> <\/div>\n\t<\/li>\n<\/ul>\n<div class=\"tp-bannertimer tp-bottom\" style=\"visibility: hidden !important;\"><\/div>\t<\/div>\n<script>var htmlDiv = document.getElementById(\"rs-plugin-settings-inline-css\"); var htmlDivCss=\"\";\r\n\t\t\t\tif(htmlDiv) {\r\n\t\t\t\t\thtmlDiv.innerHTML = htmlDiv.innerHTML + htmlDivCss;\r\n\t\t\t\t}else{\r\n\t\t\t\t\tvar htmlDiv = document.createElement(\"div\");\r\n\t\t\t\t\thtmlDiv.innerHTML = \"<style>\" + htmlDivCss + \"<\/style>\";\r\n\t\t\t\t\tdocument.getElementsByTagName(\"head\")[0].appendChild(htmlDiv.childNodes[0]);\r\n\t\t\t\t}\r\n\t\t\t<\/script>\n\t\t<script type=\"text\/javascript\">\r\nif (setREVStartSize!==undefined) setREVStartSize(\r\n\t{c: '#rev_slider_74_1', gridwidth: [1200], gridheight: [630], sliderLayout: 'auto'});\r\n\t\t\t\r\nvar revapi74,\r\n\ttpj;\t\r\n(function() {\t\t\t\r\n\tif (!\/loaded|interactive|complete\/.test(document.readyState)) document.addEventListener(\"DOMContentLoaded\",onLoad); else onLoad();\t\r\n\tfunction onLoad() {\t\t\t\t\r\n\t\tif (tpj===undefined) { tpj = jQuery; if(\"off\" == \"on\") tpj.noConflict();}\r\n\tif(tpj(\"#rev_slider_74_1\").revolution == undefined){\n\t\trevslider_showDoubleJqueryError(\"#rev_slider_74_1\");\n\t}else{\n\t\trevapi74 = tpj(\"#rev_slider_74_1\").show().revolution({\n\t\t\tsliderType:\"standard\",\n\t\t\tjsFileLocation:\"\/\/www.ull.es\/portal\/cienciaull\/wp-content\/plugins\/revslider\/public\/assets\/js\/\",\n\t\t\tsliderLayout:\"auto\",\n\t\t\tdottedOverlay:\"none\",\n\t\t\tdelay:9000,\n\t\t\tnavigation: {\n\t\t\t\tonHoverStop:\"off\",\n\t\t\t},\n\t\t\tvisibilityLevels:[1240,1024,778,480],\n\t\t\tgridwidth:1200,\n\t\t\tgridheight:630,\n\t\t\tlazyType:\"none\",\n\t\t\tshadow:0,\n\t\t\tspinner:\"spinner0\",\n\t\t\tstopLoop:\"off\",\n\t\t\tstopAfterLoops:-1,\n\t\t\tstopAtSlide:-1,\n\t\t\tshuffle:\"off\",\n\t\t\tautoHeight:\"off\",\n\t\t\tdisableProgressBar:\"on\",\n\t\t\thideThumbsOnMobile:\"off\",\n\t\t\thideSliderAtLimit:0,\n\t\t\thideCaptionAtLimit:0,\n\t\t\thideAllCaptionAtLilmit:0,\n\t\t\tdebugMode:false,\n\t\t\tfallbacks: {\n\t\t\t\tsimplifyAll:\"off\",\n\t\t\t\tnextSlideOnWindowFocus:\"off\",\n\t\t\t\tdisableFocusListener:false,\n\t\t\t}\n\t\t});\n\t}; \/* END OF revapi call *\/\n\t\n }; \/* END OF ON LOAD FUNCTION *\/\r\n}()); \/* END OF WRAPPING FUNCTION *\/\r\n<\/script>\r\n\t\t<\/div><!-- END REVOLUTION SLIDER -->[vc_separator color=\u00bbcustom\u00bb style=\u00bbdouble\u00bb border_width=\u00bb10&#8243; accent_color=\u00bb#1e73be\u00bb][\/vc_column][\/vc_row][vc_row][vc_column width=\u00bb2\/3&#8243;][vc_empty_space][vc_custom_heading text=\u00bb\u00abNosotras Hacemos Ciencia\u00ab\u00bb font_container=\u00bbtag:h2|text_align:left|color:%234184bf\u00bb google_fonts=\u00bbfont_family:Roboto%20Slab%3A100%2C300%2Cregular%2C700|font_style:700%20bold%20regular%3A700%3Anormal\u00bb css=\u00bb.vc_custom_1647875434697{margin-bottom: 5px !important;border-bottom-width: 5px !important;padding-bottom: 5px !important;}\u00bb][vc_column_text]<\/p>\n<p style=\"text-align: justify\">Es una actividad es promovida por la Facultad de Ciencia, la Biblioteca de la Universidad de La Laguna (ULL) y Cienci@ULL, con motivo de la conmemoraci\u00f3n del \u201cD\u00eda internacional de la Mujer y la Ni\u00f1a en la Ciencia 2022\u201d. Cuenta con la colaboraci\u00f3n del Proyecto Europeo MacaroNight 2021 y del proyecto Laboratorio Virtual\u00a0 para el Fomento de las Vocaciones Cient\u00edficas de Canarias (Lab_ConectaCienci@ULL) financiado por la Direcci\u00f3n General de Juventud del Gobierno de Canarias.<\/p>\n<p style=\"text-align: justify\">Tiene como finalidad \u201cfomentar las vocaciones cient\u00edficas y tecnol\u00f3gicas entre las j\u00f3venes canarias, para mejorar su rendimiento escolar e incrementar su inter\u00e9s por realizar estudios superiores, que les ayuden a alcanzar un mejor puesto laboral\u201d, a trav\u00e9s del testimonio de investigadoras de la Universidad de La Laguna y centros de I+D asociados, pertenecientes a diferentes \u00e1mbitos cient\u00edficos y sociales. Y est\u00e1 dirigida al alumnado de 5\u00ba y 6\u00ba de Primaria y Educaci\u00f3n Secundaria.<\/p>\n<p style=\"text-align: justify\">El programa de la jornada est\u00e1 compuesto por diferentes charlas divulgativas impartidas por investigadoras reales.<\/p>\n<ul style=\"text-align: justify\">\n<li>Apertura<\/li>\n<li>Charla con Rosa Mar\u00eda Mateos. Ge\u00f3loga, investigadora del Instituto Geol\u00f3gico y Minero de Espa\u00f1a (IGME).<\/li>\n<li>Charla con Cintia Hern\u00e1ndez. Ambient\u00f3loga e Ingeniera Civil, profesora ayudante doctor de la Universidad de La Laguna, investigadora del grupo interuniversitario de toxicolog\u00eda Alimentaria y Ambiental, e investigadora del grupo AChem.<\/li>\n<li>Charla con Elena Pastor. Qu\u00edmica, Catedr\u00e1tica de la Universidad de La Laguna, responsable del grupo de Ciencia de Superficies y Electrocat\u00e1lisis de la ULL.<\/li>\n<li>Concurso escolar.<\/li>\n<\/ul>\n<p style=\"text-align: justify\">Es una jornada virtual donde una vez que finalice la charla con cada una de las investigadoras, los escolares podr\u00e1n plantear las dudas e interrogantes que se les presentan y al finalizar la jornada, participar y disfrutar del concurso escolar en directo.<\/p>\n<p style=\"text-align: justify\">En la actividad participan 26 centros educativos:<\/p>\n<table width=\"640\">\n<tbody>\n<tr>\n<td width=\"319\">CEIP Los Menceyes<\/td>\n<td width=\"321\">CPEIPS Salesianos La Cuesta<\/td>\n<\/tr>\n<tr>\n<td width=\"319\">CEIP Abona<\/td>\n<td width=\"321\">CPEIPS Colegio Internacional Costa Adeje<\/td>\n<\/tr>\n<tr>\n<td width=\"319\">CEIP Camino Largo<\/td>\n<td width=\"321\">CPEIPS Nazaret Los Realejos<\/td>\n<\/tr>\n<tr>\n<td width=\"319\">CEIP Santo Domingo<\/td>\n<td width=\"321\">CEO La Pared<\/td>\n<\/tr>\n<tr>\n<td width=\"319\">CEIP Santa Rosa de Lima<\/td>\n<td width=\"321\">IES San Mat\u00edas<\/td>\n<\/tr>\n<tr>\n<td width=\"319\">CEIP El Ortigal<\/td>\n<td width=\"321\">IES Altavista<\/td>\n<\/tr>\n<tr>\n<td width=\"319\">CEIP Aurelio Emilio Acosta Fern\u00e1ndez<\/td>\n<td width=\"321\">IES Lucas Mart\u00edn Espino<\/td>\n<\/tr>\n<tr>\n<td width=\"319\">CEIP Mar\u00eda Rosa Alonso<\/td>\n<td width=\"321\">IES San Marcos<\/td>\n<\/tr>\n<tr>\n<td width=\"319\">CEIP Teobaldo Power<\/td>\n<td width=\"321\">IES Dr. Antonio Gonz\u00e1lez Gonz\u00e1lez<\/td>\n<\/tr>\n<tr>\n<td width=\"319\">CEIPS Tacoronte<\/td>\n<td width=\"321\">IES Andr\u00e9s Bello<\/td>\n<\/tr>\n<tr>\n<td width=\"319\">CPEIPS Colegio Casa Azul<\/td>\n<td width=\"321\">IES Valle Guerra<\/td>\n<\/tr>\n<tr>\n<td width=\"319\">CEO Hermano Pedro Vilaflor<\/td>\n<td width=\"321\">IES Las Salinas<\/td>\n<\/tr>\n<tr>\n<td width=\"319\">CPEIPS Mayco<\/td>\n<td width=\"321\">IES Arico<\/td>\n<\/tr>\n<\/tbody>\n<\/table>\n<p>[\/vc_column_text][\/vc_column][vc_column width=\u00bb1\/3&#8243;][vc_empty_space height=\u00bb90px\u00bb][vc_btn title=\u00bbActividad 6: Actividades para mostrar la importancia de la figura de la mujer en la ciencia y la tecnolog\u00eda\u00bb color=\u00bbpurple\u00bb size=\u00bblg\u00bb align=\u00bbcenter\u00bb button_block=\u00bbtrue\u00bb link=\u00bburl:https%3A%2F%2Fwww.ull.es%2Fportal%2Fcienciaull%2Flaboratorio-vocaciones-cientificas%2Fdescripcion-de-cada-actividad%2Factividad-6-vocaciones%2F\u00bb][\/vc_column][\/vc_row]<\/p>\n","protected":false},"excerpt":{"rendered":"<p>[vc_row][vc_column][vc_separator color=\u00bbcustom\u00bb style=\u00bbdouble\u00bb border_width=\u00bb10&#8243; accent_color=\u00bb#1e73be\u00bb][\/vc_column][\/vc_row][vc_row][vc_column width=\u00bb2\/3&#8243;][vc_empty_space][vc_custom_heading text=\u00bb\u00abNosotras Hacemos Ciencia\u00ab\u00bb font_container=\u00bbtag:h2|text_align:left|color:%234184bf\u00bb google_fonts=\u00bbfont_family:Roboto%20Slab%3A100%2C300%2Cregular%2C700|font_style:700%20bold%20regular%3A700%3Anormal\u00bb css=\u00bb.vc_custom_1647875434697{margin-bottom: 5px !important;border-bottom-width: 5px !important;padding-bottom: 5px !important;}\u00bb][vc_column_text] Es una actividad es promovida por la Facultad de Ciencia, la Biblioteca de la Universidad de La Laguna (ULL) y Cienci@ULL, con motivo de la conmemoraci\u00f3n del \u201cD\u00eda internacional de la Mujer y la Ni\u00f1a en la&#8230;<\/p>\n","protected":false},"author":56,"featured_media":0,"parent":14683,"menu_order":0,"comment_status":"closed","ping_status":"closed","template":"templates\/cienciaull.php","meta":{"inline_featured_image":false,"footnotes":""},"acf":[],"yoast_head":"<!-- This site is optimized with the Yoast SEO plugin v21.3 - https:\/\/yoast.com\/wordpress\/plugins\/seo\/ -->\n<title>&quot;Nosotras Hacemos Ciencia&quot; -<\/title>\n<meta name=\"robots\" content=\"index, follow, max-snippet:-1, max-image-preview:large, max-video-preview:-1\" \/>\n<link rel=\"canonical\" href=\"https:\/\/www.ull.es\/portal\/cienciaull\/laboratorio-vocaciones-cientificas\/descripcion-de-cada-actividad\/actividad-6-vocaciones\/nosotras-hacemos-ciencia\/\" \/>\n<meta property=\"og:locale\" content=\"es_ES\" \/>\n<meta property=\"og:type\" content=\"article\" \/>\n<meta property=\"og:title\" content=\"&quot;Nosotras Hacemos Ciencia&quot; -\" \/>\n<meta property=\"og:description\" content=\"[vc_row][vc_column][vc_separator color=\u00bbcustom\u00bb style=\u00bbdouble\u00bb border_width=\u00bb10&#8243; accent_color=\u00bb#1e73be\u00bb][\/vc_column][\/vc_row][vc_row][vc_column width=\u00bb2\/3&#8243;][vc_empty_space][vc_custom_heading text=\u00bb\u00abNosotras Hacemos Ciencia\u00ab\u00bb font_container=\u00bbtag:h2|text_align:left|color:%234184bf\u00bb google_fonts=\u00bbfont_family:Roboto%20Slab%3A100%2C300%2Cregular%2C700|font_style:700%20bold%20regular%3A700%3Anormal\u00bb css=\u00bb.vc_custom_1647875434697{margin-bottom: 5px !important;border-bottom-width: 5px !important;padding-bottom: 5px !important;}\u00bb][vc_column_text] Es una actividad es promovida por la Facultad de Ciencia, la Biblioteca de la Universidad de La Laguna (ULL) y Cienci@ULL, con motivo de la conmemoraci\u00f3n del \u201cD\u00eda internacional de la Mujer y la Ni\u00f1a en la...\" \/>\n<meta property=\"og:url\" content=\"https:\/\/www.ull.es\/portal\/cienciaull\/laboratorio-vocaciones-cientificas\/descripcion-de-cada-actividad\/actividad-6-vocaciones\/nosotras-hacemos-ciencia\/\" \/>\n<meta property=\"article:publisher\" content=\"https:\/\/www.facebook.com\/CienciaULL\/\" \/>\n<meta property=\"article:modified_time\" content=\"2022-03-21T15:21:42+00:00\" \/>\n<meta name=\"twitter:card\" content=\"summary_large_image\" \/>\n<meta name=\"twitter:site\" content=\"@CienciaULL\" \/>\n<meta name=\"twitter:label1\" content=\"Tiempo de lectura\" \/>\n\t<meta name=\"twitter:data1\" content=\"2 minutos\" \/>\n<script type=\"application\/ld+json\" class=\"yoast-schema-graph\">{\"@context\":\"https:\/\/schema.org\",\"@graph\":[{\"@type\":\"WebPage\",\"@id\":\"https:\/\/www.ull.es\/portal\/cienciaull\/laboratorio-vocaciones-cientificas\/descripcion-de-cada-actividad\/actividad-6-vocaciones\/nosotras-hacemos-ciencia\/\",\"url\":\"https:\/\/www.ull.es\/portal\/cienciaull\/laboratorio-vocaciones-cientificas\/descripcion-de-cada-actividad\/actividad-6-vocaciones\/nosotras-hacemos-ciencia\/\",\"name\":\"\\\"Nosotras Hacemos Ciencia\\\" -\",\"isPartOf\":{\"@id\":\"https:\/\/www.ull.es\/portal\/cienciaull\/#website\"},\"datePublished\":\"2022-03-21T15:16:17+00:00\",\"dateModified\":\"2022-03-21T15:21:42+00:00\",\"breadcrumb\":{\"@id\":\"https:\/\/www.ull.es\/portal\/cienciaull\/laboratorio-vocaciones-cientificas\/descripcion-de-cada-actividad\/actividad-6-vocaciones\/nosotras-hacemos-ciencia\/#breadcrumb\"},\"inLanguage\":\"es\",\"potentialAction\":[{\"@type\":\"ReadAction\",\"target\":[\"https:\/\/www.ull.es\/portal\/cienciaull\/laboratorio-vocaciones-cientificas\/descripcion-de-cada-actividad\/actividad-6-vocaciones\/nosotras-hacemos-ciencia\/\"]}]},{\"@type\":\"BreadcrumbList\",\"@id\":\"https:\/\/www.ull.es\/portal\/cienciaull\/laboratorio-vocaciones-cientificas\/descripcion-de-cada-actividad\/actividad-6-vocaciones\/nosotras-hacemos-ciencia\/#breadcrumb\",\"itemListElement\":[{\"@type\":\"ListItem\",\"position\":1,\"name\":\"Portada\",\"item\":\"https:\/\/www.ull.es\/portal\/cienciaull\/\"},{\"@type\":\"ListItem\",\"position\":2,\"name\":\"Laboratorio Virtual Vocaciones Cient\u00edficas\",\"item\":\"https:\/\/www.ull.es\/portal\/cienciaull\/laboratorio-vocaciones-cientificas\/\"},{\"@type\":\"ListItem\",\"position\":3,\"name\":\"Programa\",\"item\":\"https:\/\/www.ull.es\/portal\/cienciaull\/laboratorio-vocaciones-cientificas\/descripcion-de-cada-actividad\/\"},{\"@type\":\"ListItem\",\"position\":4,\"name\":\"Actividad 6: Laboratorio Virtual Vocaciones\",\"item\":\"https:\/\/www.ull.es\/portal\/cienciaull\/laboratorio-vocaciones-cientificas\/descripcion-de-cada-actividad\/actividad-6-vocaciones\/\"},{\"@type\":\"ListItem\",\"position\":5,\"name\":\"\u00abNosotras Hacemos Ciencia\u00bb\"}]},{\"@type\":\"WebSite\",\"@id\":\"https:\/\/www.ull.es\/portal\/cienciaull\/#website\",\"url\":\"https:\/\/www.ull.es\/portal\/cienciaull\/\",\"name\":\"\",\"description\":\"Unidad de Cultura Cient\u00edfica y de la Innovaci\u00f3n de la Universidad de La Laguna\",\"potentialAction\":[{\"@type\":\"SearchAction\",\"target\":{\"@type\":\"EntryPoint\",\"urlTemplate\":\"https:\/\/www.ull.es\/portal\/cienciaull\/?s={search_term_string}\"},\"query-input\":\"required name=search_term_string\"}],\"inLanguage\":\"es\"}]}<\/script>\n<!-- \/ Yoast SEO plugin. -->","yoast_head_json":{"title":"\"Nosotras Hacemos Ciencia\" -","robots":{"index":"index","follow":"follow","max-snippet":"max-snippet:-1","max-image-preview":"max-image-preview:large","max-video-preview":"max-video-preview:-1"},"canonical":"https:\/\/www.ull.es\/portal\/cienciaull\/laboratorio-vocaciones-cientificas\/descripcion-de-cada-actividad\/actividad-6-vocaciones\/nosotras-hacemos-ciencia\/","og_locale":"es_ES","og_type":"article","og_title":"\"Nosotras Hacemos Ciencia\" -","og_description":"[vc_row][vc_column][vc_separator color=\u00bbcustom\u00bb style=\u00bbdouble\u00bb border_width=\u00bb10&#8243; accent_color=\u00bb#1e73be\u00bb][\/vc_column][\/vc_row][vc_row][vc_column width=\u00bb2\/3&#8243;][vc_empty_space][vc_custom_heading text=\u00bb\u00abNosotras Hacemos Ciencia\u00ab\u00bb font_container=\u00bbtag:h2|text_align:left|color:%234184bf\u00bb google_fonts=\u00bbfont_family:Roboto%20Slab%3A100%2C300%2Cregular%2C700|font_style:700%20bold%20regular%3A700%3Anormal\u00bb css=\u00bb.vc_custom_1647875434697{margin-bottom: 5px !important;border-bottom-width: 5px !important;padding-bottom: 5px !important;}\u00bb][vc_column_text] Es una actividad es promovida por la Facultad de Ciencia, la Biblioteca de la Universidad de La Laguna (ULL) y Cienci@ULL, con motivo de la conmemoraci\u00f3n del \u201cD\u00eda internacional de la Mujer y la Ni\u00f1a en la...","og_url":"https:\/\/www.ull.es\/portal\/cienciaull\/laboratorio-vocaciones-cientificas\/descripcion-de-cada-actividad\/actividad-6-vocaciones\/nosotras-hacemos-ciencia\/","article_publisher":"https:\/\/www.facebook.com\/CienciaULL\/","article_modified_time":"2022-03-21T15:21:42+00:00","twitter_card":"summary_large_image","twitter_site":"@CienciaULL","twitter_misc":{"Tiempo de lectura":"2 minutos"},"schema":{"@context":"https:\/\/schema.org","@graph":[{"@type":"WebPage","@id":"https:\/\/www.ull.es\/portal\/cienciaull\/laboratorio-vocaciones-cientificas\/descripcion-de-cada-actividad\/actividad-6-vocaciones\/nosotras-hacemos-ciencia\/","url":"https:\/\/www.ull.es\/portal\/cienciaull\/laboratorio-vocaciones-cientificas\/descripcion-de-cada-actividad\/actividad-6-vocaciones\/nosotras-hacemos-ciencia\/","name":"\"Nosotras Hacemos Ciencia\" -","isPartOf":{"@id":"https:\/\/www.ull.es\/portal\/cienciaull\/#website"},"datePublished":"2022-03-21T15:16:17+00:00","dateModified":"2022-03-21T15:21:42+00:00","breadcrumb":{"@id":"https:\/\/www.ull.es\/portal\/cienciaull\/laboratorio-vocaciones-cientificas\/descripcion-de-cada-actividad\/actividad-6-vocaciones\/nosotras-hacemos-ciencia\/#breadcrumb"},"inLanguage":"es","potentialAction":[{"@type":"ReadAction","target":["https:\/\/www.ull.es\/portal\/cienciaull\/laboratorio-vocaciones-cientificas\/descripcion-de-cada-actividad\/actividad-6-vocaciones\/nosotras-hacemos-ciencia\/"]}]},{"@type":"BreadcrumbList","@id":"https:\/\/www.ull.es\/portal\/cienciaull\/laboratorio-vocaciones-cientificas\/descripcion-de-cada-actividad\/actividad-6-vocaciones\/nosotras-hacemos-ciencia\/#breadcrumb","itemListElement":[{"@type":"ListItem","position":1,"name":"Portada","item":"https:\/\/www.ull.es\/portal\/cienciaull\/"},{"@type":"ListItem","position":2,"name":"Laboratorio Virtual Vocaciones Cient\u00edficas","item":"https:\/\/www.ull.es\/portal\/cienciaull\/laboratorio-vocaciones-cientificas\/"},{"@type":"ListItem","position":3,"name":"Programa","item":"https:\/\/www.ull.es\/portal\/cienciaull\/laboratorio-vocaciones-cientificas\/descripcion-de-cada-actividad\/"},{"@type":"ListItem","position":4,"name":"Actividad 6: Laboratorio Virtual Vocaciones","item":"https:\/\/www.ull.es\/portal\/cienciaull\/laboratorio-vocaciones-cientificas\/descripcion-de-cada-actividad\/actividad-6-vocaciones\/"},{"@type":"ListItem","position":5,"name":"\u00abNosotras Hacemos Ciencia\u00bb"}]},{"@type":"WebSite","@id":"https:\/\/www.ull.es\/portal\/cienciaull\/#website","url":"https:\/\/www.ull.es\/portal\/cienciaull\/","name":"","description":"Unidad de Cultura Cient\u00edfica y de la Innovaci\u00f3n de la Universidad de La Laguna","potentialAction":[{"@type":"SearchAction","target":{"@type":"EntryPoint","urlTemplate":"https:\/\/www.ull.es\/portal\/cienciaull\/?s={search_term_string}"},"query-input":"required name=search_term_string"}],"inLanguage":"es"}]}},"_links":{"self":[{"href":"https:\/\/www.ull.es\/portal\/cienciaull\/wp-json\/wp\/v2\/pages\/15549"}],"collection":[{"href":"https:\/\/www.ull.es\/portal\/cienciaull\/wp-json\/wp\/v2\/pages"}],"about":[{"href":"https:\/\/www.ull.es\/portal\/cienciaull\/wp-json\/wp\/v2\/types\/page"}],"author":[{"embeddable":true,"href":"https:\/\/www.ull.es\/portal\/cienciaull\/wp-json\/wp\/v2\/users\/56"}],"replies":[{"embeddable":true,"href":"https:\/\/www.ull.es\/portal\/cienciaull\/wp-json\/wp\/v2\/comments?post=15549"}],"version-history":[{"count":13,"href":"https:\/\/www.ull.es\/portal\/cienciaull\/wp-json\/wp\/v2\/pages\/15549\/revisions"}],"predecessor-version":[{"id":15574,"href":"https:\/\/www.ull.es\/portal\/cienciaull\/wp-json\/wp\/v2\/pages\/15549\/revisions\/15574"}],"up":[{"embeddable":true,"href":"https:\/\/www.ull.es\/portal\/cienciaull\/wp-json\/wp\/v2\/pages\/14683"}],"wp:attachment":[{"href":"https:\/\/www.ull.es\/portal\/cienciaull\/wp-json\/wp\/v2\/media?parent=15549"}],"curies":[{"name":"wp","href":"https:\/\/api.w.org\/{rel}","templated":true}]}}