{"id":15697,"date":"2022-03-23T12:43:06","date_gmt":"2022-03-23T12:43:06","guid":{"rendered":"https:\/\/www.ull.es\/portal\/cienciaull\/?page_id=15697"},"modified":"2025-06-12T11:20:25","modified_gmt":"2025-06-12T11:20:25","slug":"macaronight-2022","status":"publish","type":"page","link":"https:\/\/www.ull.es\/portal\/cienciaull\/macaronight-2022\/","title":{"rendered":"MacaroNight 2022"},"content":{"rendered":"<p>[vc_row][vc_column]\n<div id=\"rev_slider_154_1_wrapper\" class=\"rev_slider_wrapper fullwidthbanner-container\" data-source=\"gallery\" style=\"margin:0px auto;background:transparent;padding:0px;margin-top:0px;margin-bottom:0px;\">\n<!-- START REVOLUTION SLIDER 5.4.7.3 auto mode -->\n\t<div id=\"rev_slider_154_1\" class=\"rev_slider fullwidthabanner\" style=\"display:none;\" data-version=\"5.4.7.3\">\n<ul>\t<!-- SLIDE  -->\n\t<li data-index=\"rs-183\" data-transition=\"fade\" data-slotamount=\"default\" data-hideafterloop=\"0\" data-hideslideonmobile=\"off\"  data-easein=\"default\" data-easeout=\"default\" data-masterspeed=\"300\"  data-rotate=\"0\"  data-saveperformance=\"off\"  data-title=\"Slide\" data-param1=\"\" data-param2=\"\" data-param3=\"\" data-param4=\"\" data-param5=\"\" data-param6=\"\" data-param7=\"\" data-param8=\"\" data-param9=\"\" data-param10=\"\" data-description=\"\">\n\t\t<!-- MAIN IMAGE -->\n\t\t<img src=\"https:\/\/www.ull.es\/portal\/cienciaull\/wp-content\/plugins\/revslider\/admin\/assets\/images\/transparent.png\"  alt=\"\" title=\"MacaroNight 2022\"  data-bgposition=\"center center\" data-bgfit=\"cover\" data-bgrepeat=\"no-repeat\" class=\"rev-slidebg\" data-no-retina>\n\t\t<!-- LAYERS -->\n\n\t\t<!-- LAYER NR. 1 -->\n\t\t<div class=\"tp-caption   tp-resizeme\" \n\t\t\t id=\"slide-183-layer-4\" \n\t\t\t data-x=\"-1\" \n\t\t\t data-y=\"\" \n\t\t\t\t\t\tdata-width=\"['none','none','none','none']\"\n\t\t\tdata-height=\"['none','none','none','none']\"\n \n\t\t\tdata-type=\"image\" \n\t\t\tdata-responsive_offset=\"on\" \n\n\t\t\tdata-frames='[{\"delay\":0,\"speed\":300,\"frame\":\"0\",\"from\":\"opacity:0;\",\"to\":\"o:1;\",\"ease\":\"Power3.easeInOut\"},{\"delay\":\"wait\",\"speed\":300,\"frame\":\"999\",\"to\":\"opacity:0;\",\"ease\":\"Power3.easeInOut\"}]'\n\t\t\tdata-textAlign=\"['inherit','inherit','inherit','inherit']\"\n\t\t\tdata-paddingtop=\"[0,0,0,0]\"\n\t\t\tdata-paddingright=\"[0,0,0,0]\"\n\t\t\tdata-paddingbottom=\"[0,0,0,0]\"\n\t\t\tdata-paddingleft=\"[0,0,0,0]\"\n\n\t\t\tstyle=\"z-index: 7;\"><img src=\"https:\/\/www.ull.es\/portal\/cienciaull\/wp-content\/uploads\/sites\/24\/2022\/09\/Macaronight-2022_bn-2-1.jpg\" alt=\"\" data-ww=\"1600px\" data-hh=\"600px\" width=\"1600\" height=\"600\" data-no-retina> <\/div>\n\t<\/li>\n<\/ul>\n<div class=\"tp-bannertimer tp-bottom\" style=\"visibility: hidden !important;\"><\/div>\t<\/div>\n<script>var htmlDiv = document.getElementById(\"rs-plugin-settings-inline-css\"); var htmlDivCss=\"\";\r\n\t\t\t\tif(htmlDiv) {\r\n\t\t\t\t\thtmlDiv.innerHTML = htmlDiv.innerHTML + htmlDivCss;\r\n\t\t\t\t}else{\r\n\t\t\t\t\tvar htmlDiv = document.createElement(\"div\");\r\n\t\t\t\t\thtmlDiv.innerHTML = \"<style>\" + htmlDivCss + \"<\/style>\";\r\n\t\t\t\t\tdocument.getElementsByTagName(\"head\")[0].appendChild(htmlDiv.childNodes[0]);\r\n\t\t\t\t}\r\n\t\t\t<\/script>\n\t\t<script type=\"text\/javascript\">\r\nif (setREVStartSize!==undefined) setREVStartSize(\r\n\t{c: '#rev_slider_154_1', gridwidth: [1600], gridheight: [600], sliderLayout: 'auto'});\r\n\t\t\t\r\nvar revapi154,\r\n\ttpj;\t\r\n(function() {\t\t\t\r\n\tif (!\/loaded|interactive|complete\/.test(document.readyState)) document.addEventListener(\"DOMContentLoaded\",onLoad); else onLoad();\t\r\n\tfunction onLoad() {\t\t\t\t\r\n\t\tif (tpj===undefined) { tpj = jQuery; if(\"off\" == \"on\") tpj.noConflict();}\r\n\tif(tpj(\"#rev_slider_154_1\").revolution == undefined){\n\t\trevslider_showDoubleJqueryError(\"#rev_slider_154_1\");\n\t}else{\n\t\trevapi154 = tpj(\"#rev_slider_154_1\").show().revolution({\n\t\t\tsliderType:\"hero\",\n\t\t\tjsFileLocation:\"\/\/www.ull.es\/portal\/cienciaull\/wp-content\/plugins\/revslider\/public\/assets\/js\/\",\n\t\t\tsliderLayout:\"auto\",\n\t\t\tdottedOverlay:\"none\",\n\t\t\tdelay:9000,\n\t\t\tvisibilityLevels:[1240,1024,778,480],\n\t\t\tgridwidth:1600,\n\t\t\tgridheight:600,\n\t\t\tlazyType:\"none\",\n\t\t\tshadow:0,\n\t\t\tspinner:\"spinner0\",\n\t\t\tautoHeight:\"off\",\n\t\t\tdisableProgressBar:\"on\",\n\t\t\thideThumbsOnMobile:\"off\",\n\t\t\thideSliderAtLimit:0,\n\t\t\thideCaptionAtLimit:0,\n\t\t\thideAllCaptionAtLilmit:0,\n\t\t\tdebugMode:false,\n\t\t\tfallbacks: {\n\t\t\t\tsimplifyAll:\"off\",\n\t\t\t\tdisableFocusListener:false,\n\t\t\t}\n\t\t});\n\t}; \/* END OF revapi call *\/\n\t\n }; \/* END OF ON LOAD FUNCTION *\/\r\n}()); \/* END OF WRAPPING FUNCTION *\/\r\n<\/script>\r\n\t\t<\/div><!-- END REVOLUTION SLIDER -->[vc_separator color=\u00bbcustom\u00bb border_width=\u00bb10&#8243; accent_color=\u00bb#1e73be\u00bb css=\u00bb.vc_custom_1648036225725{margin-top: 0px !important;border-top-width: 0px !important;padding-top: 0px !important;}\u00bb][\/vc_column][\/vc_row][vc_row][vc_column width=\u00bb2\/3&#8243;][vc_empty_space height=\u00bb40px\u00bb][vc_custom_heading text=\u00bbPresentaci\u00f3n\u00bb font_container=\u00bbtag:h2|text_align:left|color:%234a7cb5&#8243; google_fonts=\u00bbfont_family:Roboto%20Slab%3A100%2C300%2Cregular%2C700|font_style:700%20bold%20regular%3A700%3Anormal\u00bb css=\u00bb.vc_custom_1648036487186{margin-bottom: 7px !important;border-bottom-width: 7px !important;padding-bottom: 7px !important;}\u00bb][vc_column_text]<\/p>\n<p style=\"text-align: justify\"><span style=\"color: #d9b750\"><strong><span style=\"color: #0000ff\">Macaro<\/span>Night <\/strong><\/span>es una iniciativa enmarcada en la <em><strong>\u201cNoche Europea de los Investigadores\u201d<\/strong><\/em> que se celebra el \u00faltimo viernes de cada mes de septiembre en m\u00e1s de 300 ciudades desde el a\u00f1o 2018. Su objetivo es <span style=\"color: #2e74b5\"><em><span style=\"color: #800080\">\u201cdifundir la actividad investigadora que se desarrolla en las universidades y centros de I+D europeos, de una forma cercana y atractiva, y fomentar las vocaciones cient\u00edficas entre los y las j\u00f3venes\u201d<\/span><span style=\"color: #000000\">.<\/span><\/em><\/span><\/p>\n<p style=\"text-align: justify\">El proyecto <span style=\"color: #d9b750\"><strong><span style=\"color: #0000ff\">Macaro<\/span>Night<\/strong><\/span> marca un antes y un despu\u00e9s al unir al archipi\u00e9lago macaron\u00e9sico, en una \u00fanica noche donde compartir y mostrar nuestra actividad cient\u00edfica, cultura y pasado com\u00fan, a trav\u00e9s de un programa de actividades educativas y divulgativas por las ciudades m\u00e1s representativas de estas regiones.<\/p>\n<p style=\"text-align: justify\">Este proyecto es una iniciativa promovida por <a href=\"https:\/\/www.lapalmacentre.eu\/\" target=\"_blank\" rel=\"noopener\">La Palma Research Centre<\/a>, <a href=\"http:\/\/expolab.centrosciencia.azores.gov.pt\/expolab\/entidade-gestora\" target=\"_blank\" rel=\"noopener\">la Sociedade Afonso Chaves- Associa\u00e7\u00e3o de Estudos A\u00e7oreanos<\/a>, <a href=\"https:\/\/fpct.ulpgc.es\/es\/\" target=\"_blank\" rel=\"noopener\">la Fundaci\u00f3n del Parque Cient\u00edfico Tecnol\u00f3gico de la Universidad de Las Palmas de Gran Canaria<\/a>, <a href=\"https:\/\/www.uma.pt\/\" target=\"_blank\" rel=\"noopener\">la Universidad da Madeira<\/a>, <a href=\"https:\/\/fg.ull.es\/\" target=\"_blank\" rel=\"noopener\">Fundaci\u00f3n General de la Universidad de La Laguna<\/a>. Es cofinanciada por la Comisi\u00f3n Europea bajo las Acciones Marie Sk\u0142odowska-Curie (MSCA); iniciativa para fomentar las carreras cient\u00edficas en Europa, que se enmarca en <a href=\"https:\/\/www.horizonteeuropa.es\/\" target=\"_blank\" rel=\"noopener\">Horizonte Europa<\/a>, Programa Marco de Investigaci\u00f3n e Innovaci\u00f3n de la Uni\u00f3n Europea; y <a href=\"https:\/\/www.fecyt.es\/\" target=\"_blank\" rel=\"noopener\">la Fundaci\u00f3n Espa\u00f1ola para la Ciencia y la Tecnolog\u00eda (FECYT)<\/a>, que ayuda en el fomento de la cultura cient\u00edfica. En Tenerife cuenta con colaboraci\u00f3n de la <a href=\"https:\/\/www.gobiernodecanarias.org\/conocimiento\/\" target=\"_blank\" rel=\"noopener\">Agencia Canaria de Investigaci\u00f3n, Innovaci\u00f3n y Sociedad de la Informaci\u00f3n del Gobierno de Canarias (ACIISI)<\/a>,\u00a0 <a href=\"https:\/\/www.cajasiete.com\/es\" target=\"_blank\" rel=\"noopener\">CajaSiete<\/a>, <a href=\"https:\/\/www.santacruzdetenerife.es\/web\/inicio\" target=\"_blank\" rel=\"noopener\">el Ayuntamiento de Santa Cruz de Tenerife<\/a>, <a href=\"https:\/\/fundacion.cepsa.com\/es\" target=\"_blank\" rel=\"noopener\">Fundaci\u00f3n CEPSA<\/a>, <a href=\"https:\/\/www.gobiernodecanarias.org\/educacion\/web\/\" target=\"_blank\" rel=\"noopener\">Consejer\u00eda de Educaci\u00f3n y Universidades<\/a> y el <a href=\"https:\/\/ejercito.defensa.gob.es\/unidades\/Madrid\/ihycm\/Museos\/canarias.html\" target=\"_blank\" rel=\"noopener\">Museo Hist\u00f3rico Militar de Canarias.<\/a><\/p>\n<p style=\"text-align: justify\">Este a\u00f1o, en la Universidad de La Laguna el evento se celebrar\u00e1 del <span style=\"color: #ff0000\"><strong>27 al 30 de septiembre de 2022<\/strong><\/span>, en <span style=\"color: #339966\">modalidad semipresencial<\/span>. Se centrar\u00e1 en las tem\u00e1ticas de las cinco nuevas misiones establecidas por la <span style=\"color: #ff6600\">Comisi\u00f3n Europea (Missions Starfish 2030)<\/span> para aportar soluciones a los principales retos mundiales de aqu\u00ed a 2030:<\/p>\n<p>[\/vc_column_text][vc_single_image image=\u00bb18088&#8243; img_size=\u00bb1000&#215;450&#8243; alignment=\u00bbcenter\u00bb][vc_empty_space height=\u00bb20px\u00bb][vc_btn title=\u00bbZona de Directos MacaroNight 2022&#8243; color=\u00bbturquoise\u00bb align=\u00bbcenter\u00bb link=\u00bburl:https%3A%2F%2Fwww.ull.es%2Fportal%2Fcienciaull%2Fzona-de-directos-macaronight-2022%2F\u00bb][\/vc_column][vc_column width=\u00bb1\/3&#8243;][vc_empty_space height=\u00bb80px\u00bb][vc_btn title=\u00bbPrograma de actividades 2022&#8243; color=\u00bbviolet\u00bb align=\u00bbcenter\u00bb button_block=\u00bbtrue\u00bb link=\u00bburl:%20https%3A%2F%2Fwww.ull.es%2Fportal%2Fcienciaull%2Fmacaronight-2022%2Fprograma-de-actividades%2F|title:Programa%20de%20Actividades\u00bb css=\u00bb.vc_custom_1663089902979{margin-bottom: 3px !important;border-bottom-width: 3px !important;padding-bottom: 3px !important;}\u00bb][vc_btn title=\u00bbPre-actividades 2022&#8243; color=\u00bbblue\u00bb align=\u00bbcenter\u00bb button_block=\u00bbtrue\u00bb css=\u00bb.vc_custom_1663093477423{margin-bottom: 3px !important;border-bottom-width: 3px !important;padding-bottom: 3px !important;}\u00bb link=\u00bburl:%20https%3A%2F%2Fwww.ull.es%2Fportal%2Fcienciaull%2Fmacaronight-2022%2Fpre-actividades-2022%2F|title:Pre-actividades\u00bb][vc_btn title=\u00bbPersonal investigador participante\u00bb color=\u00bbpeacoc\u00bb align=\u00bbcenter\u00bb button_block=\u00bbtrue\u00bb css=\u00bb.vc_custom_1661776126091{margin-bottom: 3px !important;border-bottom-width: 3px !important;padding-bottom: 3px !important;}\u00bb link=\u00bburl:https%3A%2F%2Fwww.ull.es%2Fportal%2Fcienciaull%2Fmacaronight-2022%2Fpersonal-investigador-participante%2F\u00bb][vc_btn title=\u00bbEntidades colaboradoras\u00bb color=\u00bbsky\u00bb align=\u00bbcenter\u00bb button_block=\u00bbtrue\u00bb css=\u00bb.vc_custom_1666692543867{margin-bottom: 3px !important;border-bottom-width: 3px !important;padding-bottom: 3px !important;}\u00bb link=\u00bburl:%20https%3A%2F%2Fwww.ull.es%2Fportal%2Fcienciaull%2Fmacaronight-2022%2Fentidades-colaboradoras%2F\u00bb][vc_btn title=\u00bbInscripci\u00f3n\u00bb color=\u00bbturquoise\u00bb align=\u00bbcenter\u00bb button_block=\u00bbtrue\u00bb css=\u00bb.vc_custom_1648039043692{margin-bottom: 3px !important;border-bottom-width: 3px !important;padding-bottom: 3px !important;}\u00bb][vc_btn title=\u00bbMacaroNight 2021&#8243; color=\u00bbvista-blue\u00bb align=\u00bbcenter\u00bb button_block=\u00bbtrue\u00bb css=\u00bb.vc_custom_1648045830562{margin-bottom: 7px !important;border-bottom-width: 7px !important;padding-bottom: 7px !important;}\u00bb link=\u00bburl:https%3A%2F%2Fwww.ull.es%2Fportal%2Fcienciaull%2Fmacaronight-2021%2F\u00bb][vc_btn title=\u00bbMultimedia\u00bb color=\u00bbinfo\u00bb align=\u00bbcenter\u00bb button_block=\u00bbtrue\u00bb link=\u00bburl:https%3A%2F%2Fwww.ull.es%2Fportal%2Fcienciaull%2Fmacaronight-multimedia\u00bb][vc_single_image image=\u00bb18070&#8243; img_size=\u00bblarge\u00bb alignment=\u00bbcenter\u00bb onclick=\u00bbcustom_link\u00bb link=\u00bbhttps:\/\/macaronight.eu\/\u00bb][vc_column_text]<\/p>\n<h3 style=\"text-align: center\"><span style=\"color: #3366ff\"><strong>\u00a1\u00a1\u00a1No te las pierdas!!!<\/strong><\/span><\/h3>\n<p>[\/vc_column_text][\/vc_column][\/vc_row]<\/p>\n","protected":false},"excerpt":{"rendered":"<p>[vc_row][vc_column][vc_separator color=\u00bbcustom\u00bb border_width=\u00bb10&#8243; accent_color=\u00bb#1e73be\u00bb css=\u00bb.vc_custom_1648036225725{margin-top: 0px !important;border-top-width: 0px !important;padding-top: 0px !important;}\u00bb][\/vc_column][\/vc_row][vc_row][vc_column width=\u00bb2\/3&#8243;][vc_empty_space height=\u00bb40px\u00bb][vc_custom_heading text=\u00bbPresentaci\u00f3n\u00bb font_container=\u00bbtag:h2|text_align:left|color:%234a7cb5&#8243; google_fonts=\u00bbfont_family:Roboto%20Slab%3A100%2C300%2Cregular%2C700|font_style:700%20bold%20regular%3A700%3Anormal\u00bb css=\u00bb.vc_custom_1648036487186{margin-bottom: 7px !important;border-bottom-width: 7px !important;padding-bottom: 7px !important;}\u00bb][vc_column_text] MacaroNight es una iniciativa enmarcada en la \u201cNoche Europea de los Investigadores\u201d que se celebra el \u00faltimo viernes de cada mes de septiembre en m\u00e1s de 300 ciudades desde el a\u00f1o 2018&#8230;.<\/p>\n","protected":false},"author":56,"featured_media":0,"parent":0,"menu_order":0,"comment_status":"closed","ping_status":"closed","template":"templates\/cienciaull.php","meta":{"inline_featured_image":false,"footnotes":""},"acf":[],"yoast_head":"<!-- This site is optimized with the Yoast SEO plugin v21.3 - https:\/\/yoast.com\/wordpress\/plugins\/seo\/ -->\n<title>MacaroNight 2022 -<\/title>\n<meta name=\"robots\" content=\"index, follow, max-snippet:-1, max-image-preview:large, max-video-preview:-1\" \/>\n<link rel=\"canonical\" href=\"https:\/\/www.ull.es\/portal\/cienciaull\/macaronight-2022\/\" \/>\n<meta property=\"og:locale\" content=\"es_ES\" \/>\n<meta property=\"og:type\" content=\"article\" \/>\n<meta property=\"og:title\" content=\"MacaroNight 2022 -\" \/>\n<meta property=\"og:description\" content=\"[vc_row][vc_column][vc_separator color=\u00bbcustom\u00bb border_width=\u00bb10&#8243; accent_color=\u00bb#1e73be\u00bb css=\u00bb.vc_custom_1648036225725{margin-top: 0px !important;border-top-width: 0px !important;padding-top: 0px !important;}\u00bb][\/vc_column][\/vc_row][vc_row][vc_column width=\u00bb2\/3&#8243;][vc_empty_space height=\u00bb40px\u00bb][vc_custom_heading text=\u00bbPresentaci\u00f3n\u00bb font_container=\u00bbtag:h2|text_align:left|color:%234a7cb5&#8243; google_fonts=\u00bbfont_family:Roboto%20Slab%3A100%2C300%2Cregular%2C700|font_style:700%20bold%20regular%3A700%3Anormal\u00bb css=\u00bb.vc_custom_1648036487186{margin-bottom: 7px !important;border-bottom-width: 7px !important;padding-bottom: 7px !important;}\u00bb][vc_column_text] MacaroNight es una iniciativa enmarcada en la \u201cNoche Europea de los Investigadores\u201d que se celebra el \u00faltimo viernes de cada mes de septiembre en m\u00e1s de 300 ciudades desde el a\u00f1o 2018....\" \/>\n<meta property=\"og:url\" content=\"https:\/\/www.ull.es\/portal\/cienciaull\/macaronight-2022\/\" \/>\n<meta property=\"article:publisher\" content=\"https:\/\/www.facebook.com\/CienciaULL\/\" \/>\n<meta property=\"article:modified_time\" content=\"2025-06-12T11:20:25+00:00\" \/>\n<meta name=\"twitter:card\" content=\"summary_large_image\" \/>\n<meta name=\"twitter:site\" content=\"@CienciaULL\" \/>\n<meta name=\"twitter:label1\" content=\"Tiempo de lectura\" \/>\n\t<meta name=\"twitter:data1\" content=\"3 minutos\" \/>\n<script type=\"application\/ld+json\" class=\"yoast-schema-graph\">{\"@context\":\"https:\/\/schema.org\",\"@graph\":[{\"@type\":\"WebPage\",\"@id\":\"https:\/\/www.ull.es\/portal\/cienciaull\/macaronight-2022\/\",\"url\":\"https:\/\/www.ull.es\/portal\/cienciaull\/macaronight-2022\/\",\"name\":\"MacaroNight 2022 -\",\"isPartOf\":{\"@id\":\"https:\/\/www.ull.es\/portal\/cienciaull\/#website\"},\"datePublished\":\"2022-03-23T12:43:06+00:00\",\"dateModified\":\"2025-06-12T11:20:25+00:00\",\"breadcrumb\":{\"@id\":\"https:\/\/www.ull.es\/portal\/cienciaull\/macaronight-2022\/#breadcrumb\"},\"inLanguage\":\"es\",\"potentialAction\":[{\"@type\":\"ReadAction\",\"target\":[\"https:\/\/www.ull.es\/portal\/cienciaull\/macaronight-2022\/\"]}]},{\"@type\":\"BreadcrumbList\",\"@id\":\"https:\/\/www.ull.es\/portal\/cienciaull\/macaronight-2022\/#breadcrumb\",\"itemListElement\":[{\"@type\":\"ListItem\",\"position\":1,\"name\":\"Portada\",\"item\":\"https:\/\/www.ull.es\/portal\/cienciaull\/\"},{\"@type\":\"ListItem\",\"position\":2,\"name\":\"MacaroNight 2022\"}]},{\"@type\":\"WebSite\",\"@id\":\"https:\/\/www.ull.es\/portal\/cienciaull\/#website\",\"url\":\"https:\/\/www.ull.es\/portal\/cienciaull\/\",\"name\":\"\",\"description\":\"Unidad de Cultura Cient\u00edfica y de la Innovaci\u00f3n de la Universidad de La Laguna\",\"potentialAction\":[{\"@type\":\"SearchAction\",\"target\":{\"@type\":\"EntryPoint\",\"urlTemplate\":\"https:\/\/www.ull.es\/portal\/cienciaull\/?s={search_term_string}\"},\"query-input\":\"required name=search_term_string\"}],\"inLanguage\":\"es\"}]}<\/script>\n<!-- \/ Yoast SEO plugin. -->","yoast_head_json":{"title":"MacaroNight 2022 -","robots":{"index":"index","follow":"follow","max-snippet":"max-snippet:-1","max-image-preview":"max-image-preview:large","max-video-preview":"max-video-preview:-1"},"canonical":"https:\/\/www.ull.es\/portal\/cienciaull\/macaronight-2022\/","og_locale":"es_ES","og_type":"article","og_title":"MacaroNight 2022 -","og_description":"[vc_row][vc_column][vc_separator color=\u00bbcustom\u00bb border_width=\u00bb10&#8243; accent_color=\u00bb#1e73be\u00bb css=\u00bb.vc_custom_1648036225725{margin-top: 0px !important;border-top-width: 0px !important;padding-top: 0px !important;}\u00bb][\/vc_column][\/vc_row][vc_row][vc_column width=\u00bb2\/3&#8243;][vc_empty_space height=\u00bb40px\u00bb][vc_custom_heading text=\u00bbPresentaci\u00f3n\u00bb font_container=\u00bbtag:h2|text_align:left|color:%234a7cb5&#8243; google_fonts=\u00bbfont_family:Roboto%20Slab%3A100%2C300%2Cregular%2C700|font_style:700%20bold%20regular%3A700%3Anormal\u00bb css=\u00bb.vc_custom_1648036487186{margin-bottom: 7px !important;border-bottom-width: 7px !important;padding-bottom: 7px !important;}\u00bb][vc_column_text] MacaroNight es una iniciativa enmarcada en la \u201cNoche Europea de los Investigadores\u201d que se celebra el \u00faltimo viernes de cada mes de septiembre en m\u00e1s de 300 ciudades desde el a\u00f1o 2018....","og_url":"https:\/\/www.ull.es\/portal\/cienciaull\/macaronight-2022\/","article_publisher":"https:\/\/www.facebook.com\/CienciaULL\/","article_modified_time":"2025-06-12T11:20:25+00:00","twitter_card":"summary_large_image","twitter_site":"@CienciaULL","twitter_misc":{"Tiempo de lectura":"3 minutos"},"schema":{"@context":"https:\/\/schema.org","@graph":[{"@type":"WebPage","@id":"https:\/\/www.ull.es\/portal\/cienciaull\/macaronight-2022\/","url":"https:\/\/www.ull.es\/portal\/cienciaull\/macaronight-2022\/","name":"MacaroNight 2022 -","isPartOf":{"@id":"https:\/\/www.ull.es\/portal\/cienciaull\/#website"},"datePublished":"2022-03-23T12:43:06+00:00","dateModified":"2025-06-12T11:20:25+00:00","breadcrumb":{"@id":"https:\/\/www.ull.es\/portal\/cienciaull\/macaronight-2022\/#breadcrumb"},"inLanguage":"es","potentialAction":[{"@type":"ReadAction","target":["https:\/\/www.ull.es\/portal\/cienciaull\/macaronight-2022\/"]}]},{"@type":"BreadcrumbList","@id":"https:\/\/www.ull.es\/portal\/cienciaull\/macaronight-2022\/#breadcrumb","itemListElement":[{"@type":"ListItem","position":1,"name":"Portada","item":"https:\/\/www.ull.es\/portal\/cienciaull\/"},{"@type":"ListItem","position":2,"name":"MacaroNight 2022"}]},{"@type":"WebSite","@id":"https:\/\/www.ull.es\/portal\/cienciaull\/#website","url":"https:\/\/www.ull.es\/portal\/cienciaull\/","name":"","description":"Unidad de Cultura Cient\u00edfica y de la Innovaci\u00f3n de la Universidad de La Laguna","potentialAction":[{"@type":"SearchAction","target":{"@type":"EntryPoint","urlTemplate":"https:\/\/www.ull.es\/portal\/cienciaull\/?s={search_term_string}"},"query-input":"required name=search_term_string"}],"inLanguage":"es"}]}},"_links":{"self":[{"href":"https:\/\/www.ull.es\/portal\/cienciaull\/wp-json\/wp\/v2\/pages\/15697"}],"collection":[{"href":"https:\/\/www.ull.es\/portal\/cienciaull\/wp-json\/wp\/v2\/pages"}],"about":[{"href":"https:\/\/www.ull.es\/portal\/cienciaull\/wp-json\/wp\/v2\/types\/page"}],"author":[{"embeddable":true,"href":"https:\/\/www.ull.es\/portal\/cienciaull\/wp-json\/wp\/v2\/users\/56"}],"replies":[{"embeddable":true,"href":"https:\/\/www.ull.es\/portal\/cienciaull\/wp-json\/wp\/v2\/comments?post=15697"}],"version-history":[{"count":52,"href":"https:\/\/www.ull.es\/portal\/cienciaull\/wp-json\/wp\/v2\/pages\/15697\/revisions"}],"predecessor-version":[{"id":34594,"href":"https:\/\/www.ull.es\/portal\/cienciaull\/wp-json\/wp\/v2\/pages\/15697\/revisions\/34594"}],"wp:attachment":[{"href":"https:\/\/www.ull.es\/portal\/cienciaull\/wp-json\/wp\/v2\/media?parent=15697"}],"curies":[{"name":"wp","href":"https:\/\/api.w.org\/{rel}","templated":true}]}}