{"id":16149,"date":"2025-10-01T12:39:00","date_gmt":"2025-10-01T12:39:00","guid":{"rendered":"https:\/\/www.ull.es\/portal\/cienciaull\/?page_id=16149"},"modified":"2025-10-01T12:39:00","modified_gmt":"2025-10-01T12:39:00","slug":"temporada-2022","status":"publish","type":"page","link":"https:\/\/www.ull.es\/portal\/cienciaull\/doblehelice3-0\/temporada-2022\/","title":{"rendered":"Temporada 2022"},"content":{"rendered":"<p>[vc_row][vc_column][vc_custom_heading source=\u00bbpost_title\u00bb google_fonts=\u00bbfont_family:Roboto%20Slab%3A100%2C300%2Cregular%2C700|font_style:700%20bold%20regular%3A700%3Anormal\u00bb css=\u00bb.vc_custom_1650883495181{margin-bottom: 5px !important;border-bottom-width: 5px !important;padding-bottom: 5px !important;}\u00bb][vc_column_text]A continuaci\u00f3n se recoge los programas realizados durante la <strong>temporada 2022<\/strong>:[\/vc_column_text][\/vc_column][\/vc_row][vc_row][vc_column][vc_column_text]<\/p>\n<table width=\"1030\">\n<tbody>\n<tr>\n<td width=\"18\"><strong>\u00a0<\/strong><\/td>\n<td width=\"44\"><strong>\u00a0<\/strong><\/td>\n<td width=\"301\"><strong>Programa<\/strong><\/td>\n<td width=\"666\"><strong>Invitado\/a<\/strong><\/td>\n<\/tr>\n<tr>\n<td width=\"18\"><strong>\u00a0<\/strong><\/td>\n<td width=\"44\"><strong>01<\/strong><\/td>\n<td width=\"301\"><strong><a href=\"https:\/\/www.ivoox.com\/lo-mejor-ciencia-2021-audios-mp3_rf_80341327_1.html\" target=\"_blank\" rel=\"noopener\">Especial Resumen 2021<\/a><\/strong><\/td>\n<td width=\"666\">Guido Santos<\/td>\n<\/tr>\n<tr>\n<td width=\"18\"><strong>\u00a0<\/strong><\/td>\n<td width=\"44\"><strong>02<\/strong><\/td>\n<td width=\"301\"><a href=\"https:\/\/www.ivoox.com\/primeras-conclusiones-erupcion-la-palma-audios-mp3_rf_80940535_1.html\" target=\"_blank\" rel=\"noopener\"><strong>As\u00ed fue la erupci\u00f3n de La Palma<\/strong><\/a><\/td>\n<td width=\"666\">Ram\u00f3n Casillas<\/td>\n<\/tr>\n<tr>\n<td width=\"18\"><strong>\u00a0<\/strong><\/td>\n<td width=\"44\"><strong>03<\/strong><\/td>\n<td width=\"301\"><strong>L<a href=\"https:\/\/www.ivoox.com\/enfermedades-tropicales-espana-audios-mp3_rf_81261161_1.html\" target=\"_blank\" rel=\"noopener\">a Leishmaniasis y las ET en Espa\u00f1a<\/a><\/strong><\/td>\n<td width=\"666\">Emma Carmelo<\/td>\n<\/tr>\n<tr>\n<td width=\"18\"><strong>\u00a0<\/strong><\/td>\n<td width=\"44\"><strong>04<\/strong><\/td>\n<td width=\"301\"><a href=\"https:\/\/www.ivoox.com\/suicidio-su-prevencion-audios-mp3_rf_81572890_1.html\" target=\"_blank\" rel=\"noopener\"><strong>Prevenci\u00f3n del suicidio<\/strong><\/a><\/td>\n<td width=\"666\">Francisco Rodr\u00edguez Pulido<\/td>\n<\/tr>\n<tr>\n<td width=\"18\"><\/td>\n<td width=\"44\"><strong>05<\/strong><\/td>\n<td width=\"301\"><strong><a href=\"https:\/\/www.ivoox.com\/nuevas-estrategias-contra-cancer-audios-mp3_rf_81871864_1.html\" target=\"_blank\" rel=\"noopener\">D\u00eda Mundial contra el c\u00e1ncer<\/a><\/strong><\/td>\n<td width=\"666\">Jos\u00e9 Manuel Padr\u00f3n<\/td>\n<\/tr>\n<tr>\n<td width=\"18\"><strong>\u00a0<\/strong><\/td>\n<td width=\"44\"><strong>06<\/strong><\/td>\n<td width=\"301\"><strong><a href=\"https:\/\/www.ivoox.com\/piratas-mitos-realidades-audios-mp3_rf_82186209_1.html\" target=\"_blank\" rel=\"noopener\">Pirater\u00eda en Canarias<\/a><\/strong><\/td>\n<td width=\"666\">Rafael Mu\u00f1oz<\/td>\n<\/tr>\n<tr>\n<td width=\"18\"><strong>\u00a0<\/strong><\/td>\n<td width=\"44\"><strong>07<\/strong><\/td>\n<td width=\"301\"><strong><a href=\"https:\/\/www.ivoox.com\/buscando-vida-bajo-hielo-antartico-audios-mp3_rf_82513209_1.html\" target=\"_blank\" rel=\"noopener\">Microorganismos bajo el hielo<\/a><\/strong><\/td>\n<td width=\"666\">Jos\u00e9 Manuel Gonz\u00e1lez<\/td>\n<\/tr>\n<tr>\n<td width=\"18\"><\/td>\n<td width=\"44\"><strong>08<\/strong><\/td>\n<td width=\"301\"><strong><a href=\"https:\/\/www.ivoox.com\/una-alternativa-energetica-biodiesel-audios-mp3_rf_82838563_1.html\" target=\"_blank\" rel=\"noopener\">Un nuevo catalizador<\/a><\/strong><\/td>\n<td width=\"666\">Laura D\u00edaz<\/td>\n<\/tr>\n<tr>\n<td width=\"18\"><\/td>\n<td width=\"44\"><strong>09<\/strong><\/td>\n<td width=\"301\"><strong><a href=\"https:\/\/www.ivoox.com\/imprimir-medicamentos-nueva-revolucion-tecnologica-audios-mp3_rf_83154561_1.html\" target=\"_blank\" rel=\"noopener\">Impresi\u00f3n 3D de medicamentos<\/a><\/strong><\/td>\n<td width=\"666\">Ana Mar\u00eda Santove\u00f1a<\/td>\n<\/tr>\n<tr>\n<td width=\"18\"><\/td>\n<td width=\"44\"><strong>10<\/strong><\/td>\n<td width=\"301\"><strong><a href=\"https:\/\/www.ivoox.com\/revolucion-imagen-audios-mp3_rf_83453234_1.html\" target=\"_blank\" rel=\"noopener\">Wooptix, la revoluci\u00f3n de la imagen<\/a><\/strong><\/td>\n<td width=\"666\">Jos\u00e9 Manuel Rodr\u00edguez Ramos<\/td>\n<\/tr>\n<tr>\n<td width=\"18\"><\/td>\n<td width=\"44\"><strong>11<\/strong><\/td>\n<td width=\"301\"><a href=\"https:\/\/www.ivoox.com\/fascinante-mundo-aranas-audios-mp3_rf_83799710_1.html\" target=\"_blank\" rel=\"noopener\"><strong>El fascinante mundo de las ara\u00f1as<\/strong><\/a><\/td>\n<td width=\"666\">Nuria Esther Mac\u00edas<\/td>\n<\/tr>\n<tr>\n<td width=\"18\"><\/td>\n<td width=\"44\"><strong>12<\/strong><\/td>\n<td width=\"301\"><a href=\"https:\/\/www.ivoox.com\/colonizacion-nuevos-territorios-audios-mp3_rf_84655373_1.html\" target=\"_blank\" rel=\"noopener\"><strong>Colonizaci\u00f3n coladas La Palma<\/strong><\/a><\/td>\n<td width=\"666\">Carlos San Gil<\/td>\n<\/tr>\n<tr>\n<td width=\"18\"><\/td>\n<td width=\"44\"><strong>13<\/strong><\/td>\n<td width=\"301\"><strong><a href=\"https:\/\/www.ivoox.com\/crisis-energetica-cual-es-solucion-audios-mp3_rf_85554647_1.html\" target=\"_blank\" rel=\"noopener\">Crisis energ\u00e9tica<\/a><\/strong><\/td>\n<td width=\"666\">Francisco Javier Ramos real<\/td>\n<\/tr>\n<tr>\n<td width=\"18\"><strong>\u00a0<\/strong><\/td>\n<td width=\"44\"><strong>14<\/strong><\/td>\n<td width=\"301\"><strong><a href=\"https:\/\/www.ivoox.com\/alimentando-sueno-audios-mp3_rf_85860388_1.html\" target=\"_blank\" rel=\"noopener\">Alimentando el sue\u00f1o<\/a><\/strong><\/td>\n<td width=\"666\">Raquel Mar\u00edn<\/td>\n<\/tr>\n<tr>\n<td width=\"18\"><\/td>\n<td width=\"44\"><strong>15<\/strong><\/td>\n<td width=\"301\"><strong><a href=\"https:\/\/www.ivoox.com\/stop-moquitos-audios-mp3_rf_86165024_1.html\" target=\"_blank\" rel=\"noopener\">Detecci\u00f3n temprana de mosquitos<\/a><\/strong><\/td>\n<td width=\"666\">Irene Seraf\u00edn<\/td>\n<\/tr>\n<tr>\n<td width=\"18\"><\/td>\n<td width=\"44\"><strong>16<\/strong><\/td>\n<td width=\"301\"><a href=\"https:\/\/www.ivoox.com\/matematicas-hecha-fisquitos-audios-mp3_rf_86545254_1.html\" target=\"_blank\" rel=\"noopener\"><strong>Matem\u00e1ticas hecha fisquitos<\/strong><\/a><\/td>\n<td width=\"666\">Edith Padr\u00f3n y Santi Cremades<\/td>\n<\/tr>\n<tr>\n<td width=\"18\"><\/td>\n<td width=\"44\"><strong>17<\/strong><\/td>\n<td width=\"301\"><a href=\"https:\/\/www.ivoox.com\/animales-laboratorio-audios-mp3_rf_86792081_1.html\" target=\"_blank\" rel=\"noopener\"><strong>Animales de laboratorio<\/strong><\/a><\/td>\n<td width=\"666\">Mar\u00eda Rosa Arnau<\/td>\n<\/tr>\n<tr>\n<td width=\"18\"><\/td>\n<td width=\"44\"><strong>18<\/strong><\/td>\n<td width=\"301\"><strong><a href=\"https:\/\/www.ivoox.com\/ciberguerras-audios-mp3_rf_87077050_1.html\" target=\"_blank\" rel=\"noopener\">Las ciberguerras<\/a><\/strong><\/td>\n<td width=\"666\">Pino Caballero<\/td>\n<\/tr>\n<tr>\n<td width=\"18\"><\/td>\n<td width=\"44\"><strong>19<\/strong><\/td>\n<td width=\"301\"><a href=\"https:\/\/www.ivoox.com\/alimentos-metales-pesados-audios-mp3_rf_87453571_1.html\" target=\"_blank\" rel=\"noopener\"><strong>Alimentos y metales pesados<\/strong><\/a><\/td>\n<td width=\"666\">\u00c1ngel J. Guti\u00e9rrez<\/td>\n<\/tr>\n<tr>\n<td width=\"18\"><\/td>\n<td width=\"44\"><strong>20<\/strong><\/td>\n<td width=\"301\"><strong><a href=\"https:\/\/www.ivoox.com\/agujeros-negros-audios-mp3_rf_87668517_1.html\" target=\"_blank\" rel=\"noopener\">Agujeros negros<\/a><\/strong><\/td>\n<td width=\"666\">Evencio Mediavilla<\/td>\n<\/tr>\n<tr>\n<td width=\"18\"><\/td>\n<td width=\"44\"><strong>21<\/strong><\/td>\n<td width=\"301\"><a href=\"https:\/\/www.ivoox.com\/historia-viruela-audios-mp3_rf_88070137_1.html\" target=\"_blank\" rel=\"noopener\"><strong>La historia de la viruela<\/strong><\/a><\/td>\n<td width=\"666\">Justo Hern\u00e1ndez<\/td>\n<\/tr>\n<tr>\n<td width=\"18\"><\/td>\n<td width=\"44\"><strong>22<\/strong><\/td>\n<td width=\"301\"><strong><a href=\"https:\/\/www.ivoox.com\/programa-especial-400-desde-interior-una-audios-mp3_rf_88290079_1.html\" target=\"_blank\" rel=\"noopener\">Especial 400 programas<\/a><\/strong><\/td>\n<td width=\"666\">Juan Carlos Santamarta y Rafael Lario<\/td>\n<\/tr>\n<tr>\n<td width=\"18\"><\/td>\n<td width=\"44\"><strong>23<\/strong><\/td>\n<td width=\"301\"><a href=\"https:\/\/www.ivoox.com\/convivir-noticias-falsas-audios-mp3_rf_88622800_1.html\" target=\"_blank\" rel=\"noopener\"><strong>Convivir con las noticias falsas<\/strong><\/a><\/td>\n<td width=\"666\">Patricia Delponti<\/td>\n<\/tr>\n<tr>\n<td width=\"18\"><\/td>\n<td width=\"44\"><strong>24<\/strong><\/td>\n<td width=\"301\"><a href=\"https:\/\/www.ivoox.com\/apasionante-geologia-fuerteventura-audios-mp3_rf_88964821_1.html\" target=\"_blank\" rel=\"noopener\"><strong>La apasionante geolog\u00eda de Fuerteventura<\/strong><\/a><\/td>\n<td width=\"666\">Ram\u00f3n Casillas<\/td>\n<\/tr>\n<tr>\n<td width=\"18\"><\/td>\n<td width=\"44\"><strong>25<\/strong><\/td>\n<td width=\"301\"><a href=\"https:\/\/www.ivoox.com\/un-yacimiento-mucha-historia-audios-mp3_rf_89323380_1.html\" target=\"_blank\" rel=\"noopener\"><strong>Un yacimiento con mucha historia<\/strong><\/a><\/td>\n<td width=\"666\">Esther Ch\u00e1vez y Mar\u00eda del Cristo Gonz\u00e1lez<\/td>\n<\/tr>\n<tr>\n<td width=\"18\"><\/td>\n<td width=\"44\"><strong>26<\/strong><\/td>\n<td width=\"301\"><a href=\"https:\/\/www.ivoox.com\/indundaciones-maritimas-cuando-olas-entran-tu-audios-mp3_rf_89541722_1.html\" target=\"_blank\" rel=\"noopener\"><strong>Inundaciones mar\u00edtimas: cuando las olas entran en tu pueblo<\/strong><\/a><\/td>\n<td width=\"666\">Raquel de la Cruz Modino y Carla Gonz\u00e1lez<\/td>\n<\/tr>\n<tr>\n<td width=\"18\"><\/td>\n<td width=\"44\"><strong>27<\/strong><\/td>\n<td width=\"301\"><a href=\"https:\/\/www.ivoox.com\/gestionar-nuestro-recurso-mas-preciado-audios-mp3_rf_89907714_1.html\" target=\"_blank\" rel=\"noopener\"><strong>Gestionar nuestro recurso m\u00e1s preciado<\/strong><\/a><\/td>\n<td width=\"666\">Luisa Vera<\/td>\n<\/tr>\n<tr>\n<td width=\"18\"><\/td>\n<td width=\"44\"><strong>28<\/strong><\/td>\n<td width=\"301\"><a href=\"https:\/\/www.ivoox.com\/herbivoros-su-impacto-naturaleza-audios-mp3_rf_90203294_1.html\" target=\"_blank\" rel=\"noopener\"><strong>Los herb\u00edvoros y su impacto en la naturaleza. El caso del PN del Teide<\/strong><\/a><\/td>\n<td width=\"666\">Jonay Cubas<\/td>\n<\/tr>\n<tr>\n<td width=\"18\"><\/td>\n<td width=\"44\"><strong>29<\/strong><\/td>\n<td width=\"301\"><a href=\"https:\/\/www.ivoox.com\/alimentos-contaminados-audios-mp3_rf_90340670_1.html\" target=\"_blank\" rel=\"noopener\"><strong>Alimentos contaminados<\/strong><\/a><\/td>\n<td width=\"666\">B\u00e1rbara Socas y Antonio Vicente Herrera<\/td>\n<\/tr>\n<tr>\n<td width=\"18\"><\/td>\n<td width=\"44\"><strong>30<\/strong><\/td>\n<td width=\"301\"><strong><a href=\"https:\/\/www.ivoox.com\/increible-viaje-calima-audios-mp3_rf_90502920_1.html\" target=\"_blank\" rel=\"noopener\">El incre\u00edble viaje de la calima<\/a><\/strong><\/td>\n<td width=\"666\">Cristina Gonz\u00e1lez<\/td>\n<\/tr>\n<tr>\n<td width=\"18\"><\/td>\n<td width=\"44\"><strong>31<\/strong><\/td>\n<td width=\"301\"><a href=\"https:\/\/www.ivoox.com\/observando-cerebro-funcionamiento-audios-mp3_rf_90503128_1.html\" target=\"_blank\" rel=\"noopener\"><strong>Observando el cerebro en funcionamiento<\/strong><\/a><\/td>\n<td width=\"666\">Jos\u00e9 Luis Gonz\u00e1lez Mora<\/td>\n<\/tr>\n<tr>\n<td width=\"18\"><\/td>\n<td width=\"44\"><strong>32<\/strong><\/td>\n<td width=\"301\"><strong><a href=\"https:\/\/www.ivoox.com\/salvando-a-tortugas-marinas-audios-mp3_rf_90503283_1.html\" target=\"_blank\" rel=\"noopener\">Salvando a las tortugas marinas<\/a><\/strong><\/td>\n<td width=\"666\">Claudia Hurtado<\/td>\n<\/tr>\n<tr>\n<td width=\"18\"><\/td>\n<td width=\"44\"><strong>33<\/strong><\/td>\n<td width=\"301\"><a href=\"https:\/\/www.ivoox.com\/amebas-comecerebros-audios-mp3_rf_91709463_1.html\" target=\"_blank\" rel=\"noopener\"><strong>Amebas comecerebros<\/strong><\/a><\/td>\n<td width=\"666\">Jacob Lorenzo<\/td>\n<\/tr>\n<tr>\n<td width=\"18\"><\/td>\n<td width=\"44\"><strong>34<\/strong><\/td>\n<td width=\"301\"><a href=\"https:\/\/www.ivoox.com\/apasionante-geologia-fuerteventura-audios-mp3_rf_88964821_1.html\" target=\"_blank\" rel=\"noopener\"><strong>La apasionante geolog\u00eda de Fuerteventura<\/strong><\/a><\/td>\n<td width=\"666\">Ram\u00f3n Casillas<\/td>\n<\/tr>\n<tr>\n<td width=\"18\"><\/td>\n<td width=\"44\"><strong>35<\/strong><\/td>\n<td width=\"301\"><strong><a href=\"https:\/\/www.ivoox.com\/importancia-difusion-ciencia-audios-mp3_rf_92189097_1.html\" target=\"_blank\" rel=\"noopener\">La importancia de la difusi\u00f3n de la ciencia, MacaroNight 22<\/a><\/strong><\/td>\n<td width=\"666\">Carlos Garc\u00eda Mart\u00ednez y Antonio Darwich<\/td>\n<\/tr>\n<tr>\n<td width=\"18\"><\/td>\n<td width=\"44\"><strong>36<\/strong><\/td>\n<td width=\"301\"><strong><a href=\"https:\/\/www.ivoox.com\/reto-descarbonizacion-audios-mp3_rf_92496269_1.html\" target=\"_blank\" rel=\"noopener\">El reto de la descarbonizaci\u00f3n<\/a><\/strong><\/td>\n<td width=\"666\">Seraf\u00edn Corral<\/td>\n<\/tr>\n<tr>\n<td width=\"18\"><\/td>\n<td width=\"44\"><strong>37<\/strong><\/td>\n<td width=\"301\"><strong><a href=\"https:\/\/www.ivoox.com\/erupcion-la-palma-ano-de-audios-mp3_rf_92755764_1.html\" target=\"_blank\" rel=\"noopener\">La erupci\u00f3n de La Palma, un a\u00f1o de investigaci\u00f3n.<\/a><\/strong><\/td>\n<td width=\"666\">\u00a0Ram\u00f3n Casillas, Carlos San Gil y Abel L\u00f3pez<\/td>\n<\/tr>\n<tr>\n<td width=\"18\"><\/td>\n<td width=\"44\"><strong>38<\/strong><\/td>\n<td width=\"301\"><strong><a href=\"https:\/\/www.ivoox.com\/investigando-cambio-climatico-audios-mp3_rf_93680277_1.html\" target=\"_blank\" rel=\"noopener\">Investigando el Cambio Clim\u00e1tico<\/a><\/strong><\/td>\n<td width=\"666\">Juan Pedro D\u00edaz y David Curbelo<\/td>\n<\/tr>\n<tr>\n<td width=\"18\"><\/td>\n<td width=\"44\"><strong>39<\/strong><\/td>\n<td width=\"301\"><strong><a href=\"https:\/\/www.ivoox.com\/misterioso-mundo-fisica-cuantica-audios-mp3_rf_93985437_1.html\" target=\"_blank\" rel=\"noopener\">El misterioso mundo de la F\u00edsica Cu\u00e1ntica<\/a><\/strong><\/td>\n<td width=\"666\">Rafael Sala<\/td>\n<\/tr>\n<tr>\n<td width=\"18\"><\/td>\n<td width=\"44\"><strong>40<\/strong><\/td>\n<td width=\"301\"><strong><a href=\"https:\/\/www.ivoox.com\/increible-historia-del-padre-fisica-audios-mp3_rf_94478162_1.html\" target=\"_blank\" rel=\"noopener\">La incre\u00edble historia del padre de la F\u00edsica Espa\u00f1ola<\/a><\/strong><\/td>\n<td width=\"666\">Jorge M\u00e9ndez<\/td>\n<\/tr>\n<tr>\n<td width=\"18\"><\/td>\n<td width=\"44\"><strong>41<\/strong><\/td>\n<td width=\"301\"><strong><a href=\"https:\/\/www.ivoox.com\/extraterrestres-cine-audios-mp3_rf_95019886_1.html\" target=\"_blank\" rel=\"noopener\">Los Extraterrestres y el Cine<\/a><\/strong><\/td>\n<td width=\"666\">David Fuentefr\u00eda<\/td>\n<\/tr>\n<tr>\n<td width=\"18\"><\/td>\n<td width=\"44\"><strong>42<\/strong><\/td>\n<td width=\"301\"><strong><a href=\"https:\/\/www.ivoox.com\/contaminantes-fertilidad-humana-audios-mp3_rf_95565373_1.html\" target=\"_blank\" rel=\"noopener\">Contaminantes y fertilidad humana<\/a><\/strong><\/td>\n<td width=\"666\">Rubi Rodr\u00edguez, Raquel Blanes<\/td>\n<\/tr>\n<tr>\n<td width=\"18\"><\/td>\n<td width=\"44\"><strong>43<\/strong><\/td>\n<td width=\"301\"><strong><a href=\"https:\/\/www.ivoox.com\/santiago-ramon-cajal-audios-mp3_rf_96217776_1.html\" target=\"_blank\" rel=\"noopener\">Santiago Ram\u00f3n y Cajal<\/a><\/strong><\/td>\n<td width=\"666\">Justo Hern\u00e1ndez<\/td>\n<\/tr>\n<tr>\n<td width=\"18\"><\/td>\n<td width=\"44\"><strong>44<\/strong><\/td>\n<td width=\"301\"><strong><a href=\"https:\/\/www.ivoox.com\/de-tutankamon-hasta-tumba-tebana-209-audios-mp3_rf_96725238_1.html\" target=\"_blank\" rel=\"noopener\">De Tutankam\u00f3n hasta Tumba tebana 209<\/a><\/strong><\/td>\n<td width=\"666\">Miguel \u00c1ngel Molinero Polo<\/td>\n<\/tr>\n<tr>\n<td width=\"18\"><\/td>\n<td width=\"44\"><strong>45<\/strong><\/td>\n<td width=\"301\"><strong><a href=\"https:\/\/www.ivoox.com\/calderones-secretos-amenazas-audios-mp3_rf_96717306_1.html\" target=\"_blank\" rel=\"noopener\">Los Calderones: secretos y amenazas<\/a><\/strong><\/td>\n<td width=\"666\">Patricia Arranz<\/td>\n<\/tr>\n<tr>\n<td width=\"18\"><\/td>\n<td width=\"44\"><strong>46<\/strong><\/td>\n<td width=\"301\"><strong><a href=\"https:\/\/www.ivoox.com\/creando-mundos-3d-audios-mp3_rf_97830193_1.html\" target=\"_blank\" rel=\"noopener\">Creando mundos en 3D<\/a><\/strong><\/td>\n<td width=\"666\">Fernando P\u00e9rez Nava<\/td>\n<\/tr>\n<tr>\n<td width=\"18\"><\/td>\n<td width=\"44\"><strong>47<\/strong><\/td>\n<td width=\"301\"><strong><a href=\"https:\/\/www.ivoox.com\/algoritmos-mueven-mundo-audios-mp3_rf_99552292_1.html\" target=\"_blank\" rel=\"noopener\">Los algoritmos mueven el mundo<\/a><\/strong><\/td>\n<td width=\"666\">Ignacio Garc\u00eda<\/td>\n<\/tr>\n<tr>\n<td width=\"18\"><\/td>\n<td width=\"44\"><strong>48<\/strong><\/td>\n<td width=\"301\"><strong><a href=\"https:\/\/www.ivoox.com\/especial-reportajes-2022-audios-mp3_rf_100016123_1.html\" target=\"_blank\" rel=\"noopener\">Especial reportajes 2022<\/a><\/strong><\/td>\n<td width=\"666\"><\/td>\n<\/tr>\n<\/tbody>\n<\/table>\n<p>[\/vc_column_text][\/vc_column][\/vc_row]<\/p>\n","protected":false},"excerpt":{"rendered":"<p>[vc_row][vc_column][vc_custom_heading source=\u00bbpost_title\u00bb google_fonts=\u00bbfont_family:Roboto%20Slab%3A100%2C300%2Cregular%2C700|font_style:700%20bold%20regular%3A700%3Anormal\u00bb css=\u00bb.vc_custom_1650883495181{margin-bottom: 5px !important;border-bottom-width: 5px !important;padding-bottom: 5px !important;}\u00bb][vc_column_text]A continuaci\u00f3n se recoge los programas realizados durante la temporada 2022:[\/vc_column_text][\/vc_column][\/vc_row][vc_row][vc_column][vc_column_text] \u00a0 \u00a0 Programa Invitado\/a \u00a0 01 Especial Resumen 2021 Guido Santos \u00a0 02 As\u00ed fue la erupci\u00f3n de La Palma Ram\u00f3n Casillas \u00a0 03 La Leishmaniasis y las ET en Espa\u00f1a Emma Carmelo \u00a0 04&#8230;<\/p>\n","protected":false},"author":56,"featured_media":0,"parent":2428,"menu_order":0,"comment_status":"closed","ping_status":"closed","template":"","meta":{"inline_featured_image":false,"footnotes":""},"acf":[],"yoast_head":"<!-- This site is optimized with the Yoast SEO plugin v21.3 - https:\/\/yoast.com\/wordpress\/plugins\/seo\/ -->\n<title>Temporada 2022 -<\/title>\n<meta name=\"robots\" content=\"index, follow, max-snippet:-1, max-image-preview:large, max-video-preview:-1\" \/>\n<link rel=\"canonical\" href=\"https:\/\/www.ull.es\/portal\/cienciaull\/doblehelice3-0\/temporada-2022\/\" \/>\n<meta property=\"og:locale\" content=\"es_ES\" \/>\n<meta property=\"og:type\" content=\"article\" \/>\n<meta property=\"og:title\" content=\"Temporada 2022 -\" \/>\n<meta property=\"og:description\" content=\"[vc_row][vc_column][vc_custom_heading source=\u00bbpost_title\u00bb google_fonts=\u00bbfont_family:Roboto%20Slab%3A100%2C300%2Cregular%2C700|font_style:700%20bold%20regular%3A700%3Anormal\u00bb css=\u00bb.vc_custom_1650883495181{margin-bottom: 5px !important;border-bottom-width: 5px !important;padding-bottom: 5px !important;}\u00bb][vc_column_text]A continuaci\u00f3n se recoge los programas realizados durante la temporada 2022:[\/vc_column_text][\/vc_column][\/vc_row][vc_row][vc_column][vc_column_text] \u00a0 \u00a0 Programa Invitado\/a \u00a0 01 Especial Resumen 2021 Guido Santos \u00a0 02 As\u00ed fue la erupci\u00f3n de La Palma Ram\u00f3n Casillas \u00a0 03 La Leishmaniasis y las ET en Espa\u00f1a Emma Carmelo \u00a0 04...\" \/>\n<meta property=\"og:url\" content=\"https:\/\/www.ull.es\/portal\/cienciaull\/doblehelice3-0\/temporada-2022\/\" \/>\n<meta property=\"article:publisher\" content=\"https:\/\/www.facebook.com\/CienciaULL\/\" \/>\n<meta name=\"twitter:card\" content=\"summary_large_image\" \/>\n<meta name=\"twitter:site\" content=\"@CienciaULL\" \/>\n<meta name=\"twitter:label1\" content=\"Tiempo de lectura\" \/>\n\t<meta name=\"twitter:data1\" content=\"3 minutos\" \/>\n<script type=\"application\/ld+json\" class=\"yoast-schema-graph\">{\"@context\":\"https:\/\/schema.org\",\"@graph\":[{\"@type\":\"WebPage\",\"@id\":\"https:\/\/www.ull.es\/portal\/cienciaull\/doblehelice3-0\/temporada-2022\/\",\"url\":\"https:\/\/www.ull.es\/portal\/cienciaull\/doblehelice3-0\/temporada-2022\/\",\"name\":\"Temporada 2022 -\",\"isPartOf\":{\"@id\":\"https:\/\/www.ull.es\/portal\/cienciaull\/#website\"},\"datePublished\":\"2025-10-01T12:39:00+00:00\",\"dateModified\":\"2025-10-01T12:39:00+00:00\",\"breadcrumb\":{\"@id\":\"https:\/\/www.ull.es\/portal\/cienciaull\/doblehelice3-0\/temporada-2022\/#breadcrumb\"},\"inLanguage\":\"es\",\"potentialAction\":[{\"@type\":\"ReadAction\",\"target\":[\"https:\/\/www.ull.es\/portal\/cienciaull\/doblehelice3-0\/temporada-2022\/\"]}]},{\"@type\":\"BreadcrumbList\",\"@id\":\"https:\/\/www.ull.es\/portal\/cienciaull\/doblehelice3-0\/temporada-2022\/#breadcrumb\",\"itemListElement\":[{\"@type\":\"ListItem\",\"position\":1,\"name\":\"Portada\",\"item\":\"https:\/\/www.ull.es\/portal\/cienciaull\/\"},{\"@type\":\"ListItem\",\"position\":2,\"name\":\"Doble H\u00e9lice 3.0\",\"item\":\"https:\/\/www.ull.es\/portal\/cienciaull\/doblehelice3-0\/\"},{\"@type\":\"ListItem\",\"position\":3,\"name\":\"Temporada 2022\"}]},{\"@type\":\"WebSite\",\"@id\":\"https:\/\/www.ull.es\/portal\/cienciaull\/#website\",\"url\":\"https:\/\/www.ull.es\/portal\/cienciaull\/\",\"name\":\"\",\"description\":\"Unidad de Cultura Cient\u00edfica y de la Innovaci\u00f3n de la Universidad de La Laguna\",\"potentialAction\":[{\"@type\":\"SearchAction\",\"target\":{\"@type\":\"EntryPoint\",\"urlTemplate\":\"https:\/\/www.ull.es\/portal\/cienciaull\/?s={search_term_string}\"},\"query-input\":\"required name=search_term_string\"}],\"inLanguage\":\"es\"}]}<\/script>\n<!-- \/ Yoast SEO plugin. -->","yoast_head_json":{"title":"Temporada 2022 -","robots":{"index":"index","follow":"follow","max-snippet":"max-snippet:-1","max-image-preview":"max-image-preview:large","max-video-preview":"max-video-preview:-1"},"canonical":"https:\/\/www.ull.es\/portal\/cienciaull\/doblehelice3-0\/temporada-2022\/","og_locale":"es_ES","og_type":"article","og_title":"Temporada 2022 -","og_description":"[vc_row][vc_column][vc_custom_heading source=\u00bbpost_title\u00bb google_fonts=\u00bbfont_family:Roboto%20Slab%3A100%2C300%2Cregular%2C700|font_style:700%20bold%20regular%3A700%3Anormal\u00bb css=\u00bb.vc_custom_1650883495181{margin-bottom: 5px !important;border-bottom-width: 5px !important;padding-bottom: 5px !important;}\u00bb][vc_column_text]A continuaci\u00f3n se recoge los programas realizados durante la temporada 2022:[\/vc_column_text][\/vc_column][\/vc_row][vc_row][vc_column][vc_column_text] \u00a0 \u00a0 Programa Invitado\/a \u00a0 01 Especial Resumen 2021 Guido Santos \u00a0 02 As\u00ed fue la erupci\u00f3n de La Palma Ram\u00f3n Casillas \u00a0 03 La Leishmaniasis y las ET en Espa\u00f1a Emma Carmelo \u00a0 04...","og_url":"https:\/\/www.ull.es\/portal\/cienciaull\/doblehelice3-0\/temporada-2022\/","article_publisher":"https:\/\/www.facebook.com\/CienciaULL\/","twitter_card":"summary_large_image","twitter_site":"@CienciaULL","twitter_misc":{"Tiempo de lectura":"3 minutos"},"schema":{"@context":"https:\/\/schema.org","@graph":[{"@type":"WebPage","@id":"https:\/\/www.ull.es\/portal\/cienciaull\/doblehelice3-0\/temporada-2022\/","url":"https:\/\/www.ull.es\/portal\/cienciaull\/doblehelice3-0\/temporada-2022\/","name":"Temporada 2022 -","isPartOf":{"@id":"https:\/\/www.ull.es\/portal\/cienciaull\/#website"},"datePublished":"2025-10-01T12:39:00+00:00","dateModified":"2025-10-01T12:39:00+00:00","breadcrumb":{"@id":"https:\/\/www.ull.es\/portal\/cienciaull\/doblehelice3-0\/temporada-2022\/#breadcrumb"},"inLanguage":"es","potentialAction":[{"@type":"ReadAction","target":["https:\/\/www.ull.es\/portal\/cienciaull\/doblehelice3-0\/temporada-2022\/"]}]},{"@type":"BreadcrumbList","@id":"https:\/\/www.ull.es\/portal\/cienciaull\/doblehelice3-0\/temporada-2022\/#breadcrumb","itemListElement":[{"@type":"ListItem","position":1,"name":"Portada","item":"https:\/\/www.ull.es\/portal\/cienciaull\/"},{"@type":"ListItem","position":2,"name":"Doble H\u00e9lice 3.0","item":"https:\/\/www.ull.es\/portal\/cienciaull\/doblehelice3-0\/"},{"@type":"ListItem","position":3,"name":"Temporada 2022"}]},{"@type":"WebSite","@id":"https:\/\/www.ull.es\/portal\/cienciaull\/#website","url":"https:\/\/www.ull.es\/portal\/cienciaull\/","name":"","description":"Unidad de Cultura Cient\u00edfica y de la Innovaci\u00f3n de la Universidad de La Laguna","potentialAction":[{"@type":"SearchAction","target":{"@type":"EntryPoint","urlTemplate":"https:\/\/www.ull.es\/portal\/cienciaull\/?s={search_term_string}"},"query-input":"required name=search_term_string"}],"inLanguage":"es"}]}},"_links":{"self":[{"href":"https:\/\/www.ull.es\/portal\/cienciaull\/wp-json\/wp\/v2\/pages\/16149"}],"collection":[{"href":"https:\/\/www.ull.es\/portal\/cienciaull\/wp-json\/wp\/v2\/pages"}],"about":[{"href":"https:\/\/www.ull.es\/portal\/cienciaull\/wp-json\/wp\/v2\/types\/page"}],"author":[{"embeddable":true,"href":"https:\/\/www.ull.es\/portal\/cienciaull\/wp-json\/wp\/v2\/users\/56"}],"replies":[{"embeddable":true,"href":"https:\/\/www.ull.es\/portal\/cienciaull\/wp-json\/wp\/v2\/comments?post=16149"}],"version-history":[{"count":31,"href":"https:\/\/www.ull.es\/portal\/cienciaull\/wp-json\/wp\/v2\/pages\/16149\/revisions"}],"predecessor-version":[{"id":26453,"href":"https:\/\/www.ull.es\/portal\/cienciaull\/wp-json\/wp\/v2\/pages\/16149\/revisions\/26453"}],"up":[{"embeddable":true,"href":"https:\/\/www.ull.es\/portal\/cienciaull\/wp-json\/wp\/v2\/pages\/2428"}],"wp:attachment":[{"href":"https:\/\/www.ull.es\/portal\/cienciaull\/wp-json\/wp\/v2\/media?parent=16149"}],"curies":[{"name":"wp","href":"https:\/\/api.w.org\/{rel}","templated":true}]}}