{"id":16265,"date":"2022-05-06T11:53:02","date_gmt":"2022-05-06T11:53:02","guid":{"rendered":"https:\/\/www.ull.es\/portal\/cienciaull\/?page_id=16265"},"modified":"2025-07-28T10:45:29","modified_gmt":"2025-07-28T10:45:29","slug":"taller-14-el-sonido-de-los-cetaceos-y-sus-aplicaciones-una-introduccion-a-la-bioacustica","status":"publish","type":"page","link":"https:\/\/www.ull.es\/portal\/cienciaull\/laboratorio-virtual-conecta-cienciull\/energia-biodiversidad-y-medioambiente\/taller-14-el-sonido-de-los-cetaceos-y-sus-aplicaciones-una-introduccion-a-la-bioacustica\/","title":{"rendered":"Taller 14. \u00abEl sonido de los cet\u00e1ceos y sus aplicaciones: Una introducci\u00f3n a la bioac\u00fastica\u00bb"},"content":{"rendered":"<p>[vc_row][vc_column][vc_custom_heading source=\u00bbpost_title\u00bb font_container=\u00bbtag:h2|text_align:left|color:%236aaa3a\u00bb google_fonts=\u00bbfont_family:Roboto%20Slab%3A100%2C300%2Cregular%2C700|font_style:700%20bold%20regular%3A700%3Anormal\u00bb][vc_video link=\u00bbhttps:\/\/youtu.be\/Zq6-qKUd5Xs\u00bb][vc_empty_space][vc_column_text]<\/p>\n<table style=\"height: 146px\" width=\"1029\">\n<tbody>\n<tr>\n<td width=\"118\"><strong>Breve descripci\u00f3n<\/strong><\/td>\n<\/tr>\n<tr>\n<td style=\"text-align: justify\">\n<p style=\"text-align: justify\">En este taller realizaremos una introducci\u00f3n a la f\u00edsica del sonido y la bioac\u00fastica, la rama encargada del estudio de los sonidos producidos en la naturaleza por los seres vivos y sus aplicaciones. Concretamente, el taller estar\u00e1 orientado dentro de la rama de biolog\u00eda marina y por tanto enfocado al estudio del sonido que hacen los mam\u00edferos marinos como los cet\u00e1ceos, as\u00ed como las utilidades que esto tiene en el campo de la conservaci\u00f3n y la biolog\u00eda de estas especies.<\/p>\n<p style=\"text-align: justify\">El alumnado conocer\u00e1 los conceptos b\u00e1sicos relacionados con la f\u00edsica del sonido y tendr\u00e1 la oportunidad de analizar registros de sonidos de distintas especies, as\u00ed como su propia voz para familiarizarse con los an\u00e1lisis m\u00e1s comunes en el campo de la bioac\u00fastica. La finalidad principal del taller es despertar en el alumnado el inter\u00e9s por estas ramas de las ciencias relacionando sus aplicaciones pr\u00e1cticas en \u00e1mbitos como el de la conservaci\u00f3n de la biodiversidad.<\/p>\n<\/td>\n<\/tr>\n<\/tbody>\n<\/table>\n<p>[\/vc_column_text][vc_column_text]<\/p>\n<table style=\"height: 57px\" width=\"744\">\n<tbody>\n<tr>\n<td width=\"152\"><strong>P\u00fablico al que se dirige<\/strong><\/td>\n<td width=\"80\"><strong>Duraci\u00f3n\u00a0<\/strong><\/td>\n<\/tr>\n<tr>\n<td>Alumnado de ESO y Bachillerato<\/td>\n<td>23:31<\/td>\n<\/tr>\n<\/tbody>\n<\/table>\n<p>[\/vc_column_text][vc_column_text]<\/p>\n<table>\n<tbody>\n<tr>\n<td colspan=\"2\" width=\"566\"><strong>Materiales y recursos<\/strong><\/td>\n<\/tr>\n<tr>\n<td width=\"283\">\n<ul>\n<li>Port\u00e1til<\/li>\n<li>Cascos<\/li>\n<li>Micr\u00f3fono<\/li>\n<\/ul>\n<\/td>\n<td width=\"283\">\n<ul>\n<li>Programa gratuito Audacity<\/li>\n<li>Grabaciones de sonidos de cet\u00e1ceos<\/li>\n<li>Pizarra<\/li>\n<\/ul>\n<\/td>\n<\/tr>\n<\/tbody>\n<\/table>\n<p>[\/vc_column_text][vc_column_text]<\/p>\n<table style=\"height: 35px\" width=\"741\">\n<tbody>\n<tr>\n<td width=\"97\"><strong>Investigador<\/strong><\/td>\n<td width=\"80\">Daniel Miranda Gonz\u00e1lez<\/td>\n<\/tr>\n<tr>\n<td><strong>Departamento<\/strong><\/td>\n<td>Biolog\u00eda Animal, Biolog\u00eda Marina, Geolog\u00eda y Edafolog\u00eda<\/td>\n<\/tr>\n<\/tbody>\n<\/table>\n<p><span style=\"vertical-align: inherit\"><span style=\"vertical-align: inherit\">[\/vc_column_text][vc_empty_space][vc_btn title=\u00bbDescargar ficha del taller\u00bb color=\u00bbgreen\u00bb align=\u00bbcenter\u00bb link=\u00bburl:https%3A%2F%2Fdrive.google.com%2Ffile%2Fd%2F17lZLxVx_UCCW5bHcMJSHI4dz55ZceOjh%2Fview%3Fusp%3Dsharing|target:_blank\u00bb][\/vc_column][\/vc_row][vc_row][vc_column][vc_column_text]<\/span><\/span>[\/vc_column_text][\/vc_column][\/vc_row]<\/p>\n","protected":false},"excerpt":{"rendered":"<p>[vc_row][vc_column][vc_custom_heading source=\u00bbpost_title\u00bb font_container=\u00bbtag:h2|text_align:left|color:%236aaa3a\u00bb google_fonts=\u00bbfont_family:Roboto%20Slab%3A100%2C300%2Cregular%2C700|font_style:700%20bold%20regular%3A700%3Anormal\u00bb][vc_video link=\u00bbhttps:\/\/youtu.be\/Zq6-qKUd5Xs\u00bb][vc_empty_space][vc_column_text] Breve descripci\u00f3n En este taller realizaremos una introducci\u00f3n a la f\u00edsica del sonido y la bioac\u00fastica, la rama encargada del estudio de los sonidos producidos en la naturaleza por los seres vivos y sus aplicaciones. Concretamente, el taller estar\u00e1 orientado dentro de la rama de biolog\u00eda marina y por tanto&#8230;<\/p>\n","protected":false},"author":56,"featured_media":0,"parent":26989,"menu_order":14,"comment_status":"closed","ping_status":"closed","template":"","meta":{"inline_featured_image":false,"footnotes":""},"acf":[],"yoast_head":"<!-- This site is optimized with the Yoast SEO plugin v21.3 - https:\/\/yoast.com\/wordpress\/plugins\/seo\/ -->\n<title>Taller 14. \u00abEl sonido de los cet\u00e1ceos y sus aplicaciones: Una introducci\u00f3n a la bioac\u00fastica\u00bb -<\/title>\n<meta name=\"robots\" content=\"index, follow, max-snippet:-1, max-image-preview:large, max-video-preview:-1\" \/>\n<link rel=\"canonical\" href=\"https:\/\/www.ull.es\/portal\/cienciaull\/laboratorio-virtual-conecta-cienciull\/energia-biodiversidad-y-medioambiente\/taller-14-el-sonido-de-los-cetaceos-y-sus-aplicaciones-una-introduccion-a-la-bioacustica\/\" \/>\n<meta property=\"og:locale\" content=\"es_ES\" \/>\n<meta property=\"og:type\" content=\"article\" \/>\n<meta property=\"og:title\" content=\"Taller 14. \u00abEl sonido de los cet\u00e1ceos y sus aplicaciones: Una introducci\u00f3n a la bioac\u00fastica\u00bb -\" \/>\n<meta property=\"og:description\" content=\"[vc_row][vc_column][vc_custom_heading source=\u00bbpost_title\u00bb font_container=\u00bbtag:h2|text_align:left|color:%236aaa3a\u00bb google_fonts=\u00bbfont_family:Roboto%20Slab%3A100%2C300%2Cregular%2C700|font_style:700%20bold%20regular%3A700%3Anormal\u00bb][vc_video link=\u00bbhttps:\/\/youtu.be\/Zq6-qKUd5Xs\u00bb][vc_empty_space][vc_column_text] Breve descripci\u00f3n En este taller realizaremos una introducci\u00f3n a la f\u00edsica del sonido y la bioac\u00fastica, la rama encargada del estudio de los sonidos producidos en la naturaleza por los seres vivos y sus aplicaciones. Concretamente, el taller estar\u00e1 orientado dentro de la rama de biolog\u00eda marina y por tanto...\" \/>\n<meta property=\"og:url\" content=\"https:\/\/www.ull.es\/portal\/cienciaull\/laboratorio-virtual-conecta-cienciull\/energia-biodiversidad-y-medioambiente\/taller-14-el-sonido-de-los-cetaceos-y-sus-aplicaciones-una-introduccion-a-la-bioacustica\/\" \/>\n<meta property=\"article:publisher\" content=\"https:\/\/www.facebook.com\/CienciaULL\/\" \/>\n<meta property=\"article:modified_time\" content=\"2025-07-28T10:45:29+00:00\" \/>\n<meta name=\"twitter:card\" content=\"summary_large_image\" \/>\n<meta name=\"twitter:site\" content=\"@CienciaULL\" \/>\n<meta name=\"twitter:label1\" content=\"Tiempo de lectura\" \/>\n\t<meta name=\"twitter:data1\" content=\"1 minuto\" \/>\n<script type=\"application\/ld+json\" class=\"yoast-schema-graph\">{\"@context\":\"https:\/\/schema.org\",\"@graph\":[{\"@type\":\"WebPage\",\"@id\":\"https:\/\/www.ull.es\/portal\/cienciaull\/laboratorio-virtual-conecta-cienciull\/energia-biodiversidad-y-medioambiente\/taller-14-el-sonido-de-los-cetaceos-y-sus-aplicaciones-una-introduccion-a-la-bioacustica\/\",\"url\":\"https:\/\/www.ull.es\/portal\/cienciaull\/laboratorio-virtual-conecta-cienciull\/energia-biodiversidad-y-medioambiente\/taller-14-el-sonido-de-los-cetaceos-y-sus-aplicaciones-una-introduccion-a-la-bioacustica\/\",\"name\":\"Taller 14. \u00abEl sonido de los cet\u00e1ceos y sus aplicaciones: Una introducci\u00f3n a la bioac\u00fastica\u00bb -\",\"isPartOf\":{\"@id\":\"https:\/\/www.ull.es\/portal\/cienciaull\/#website\"},\"datePublished\":\"2022-05-06T11:53:02+00:00\",\"dateModified\":\"2025-07-28T10:45:29+00:00\",\"breadcrumb\":{\"@id\":\"https:\/\/www.ull.es\/portal\/cienciaull\/laboratorio-virtual-conecta-cienciull\/energia-biodiversidad-y-medioambiente\/taller-14-el-sonido-de-los-cetaceos-y-sus-aplicaciones-una-introduccion-a-la-bioacustica\/#breadcrumb\"},\"inLanguage\":\"es\",\"potentialAction\":[{\"@type\":\"ReadAction\",\"target\":[\"https:\/\/www.ull.es\/portal\/cienciaull\/laboratorio-virtual-conecta-cienciull\/energia-biodiversidad-y-medioambiente\/taller-14-el-sonido-de-los-cetaceos-y-sus-aplicaciones-una-introduccion-a-la-bioacustica\/\"]}]},{\"@type\":\"BreadcrumbList\",\"@id\":\"https:\/\/www.ull.es\/portal\/cienciaull\/laboratorio-virtual-conecta-cienciull\/energia-biodiversidad-y-medioambiente\/taller-14-el-sonido-de-los-cetaceos-y-sus-aplicaciones-una-introduccion-a-la-bioacustica\/#breadcrumb\",\"itemListElement\":[{\"@type\":\"ListItem\",\"position\":1,\"name\":\"Portada\",\"item\":\"https:\/\/www.ull.es\/portal\/cienciaull\/\"},{\"@type\":\"ListItem\",\"position\":2,\"name\":\"Laboratorio Virtual Conecta Cienci@ULL\",\"item\":\"https:\/\/www.ull.es\/portal\/cienciaull\/laboratorio-virtual-conecta-cienciull\/\"},{\"@type\":\"ListItem\",\"position\":3,\"name\":\"Energ\u00eda, Biodiversidad y Medioambiente\",\"item\":\"https:\/\/www.ull.es\/portal\/cienciaull\/laboratorio-virtual-conecta-cienciull\/energia-biodiversidad-y-medioambiente\/\"},{\"@type\":\"ListItem\",\"position\":4,\"name\":\"Taller 14. \u00abEl sonido de los cet\u00e1ceos y sus aplicaciones: Una introducci\u00f3n a la bioac\u00fastica\u00bb\"}]},{\"@type\":\"WebSite\",\"@id\":\"https:\/\/www.ull.es\/portal\/cienciaull\/#website\",\"url\":\"https:\/\/www.ull.es\/portal\/cienciaull\/\",\"name\":\"\",\"description\":\"Unidad de Cultura Cient\u00edfica y de la Innovaci\u00f3n de la Universidad de La Laguna\",\"potentialAction\":[{\"@type\":\"SearchAction\",\"target\":{\"@type\":\"EntryPoint\",\"urlTemplate\":\"https:\/\/www.ull.es\/portal\/cienciaull\/?s={search_term_string}\"},\"query-input\":\"required name=search_term_string\"}],\"inLanguage\":\"es\"}]}<\/script>\n<!-- \/ Yoast SEO plugin. -->","yoast_head_json":{"title":"Taller 14. \u00abEl sonido de los cet\u00e1ceos y sus aplicaciones: Una introducci\u00f3n a la bioac\u00fastica\u00bb -","robots":{"index":"index","follow":"follow","max-snippet":"max-snippet:-1","max-image-preview":"max-image-preview:large","max-video-preview":"max-video-preview:-1"},"canonical":"https:\/\/www.ull.es\/portal\/cienciaull\/laboratorio-virtual-conecta-cienciull\/energia-biodiversidad-y-medioambiente\/taller-14-el-sonido-de-los-cetaceos-y-sus-aplicaciones-una-introduccion-a-la-bioacustica\/","og_locale":"es_ES","og_type":"article","og_title":"Taller 14. \u00abEl sonido de los cet\u00e1ceos y sus aplicaciones: Una introducci\u00f3n a la bioac\u00fastica\u00bb -","og_description":"[vc_row][vc_column][vc_custom_heading source=\u00bbpost_title\u00bb font_container=\u00bbtag:h2|text_align:left|color:%236aaa3a\u00bb google_fonts=\u00bbfont_family:Roboto%20Slab%3A100%2C300%2Cregular%2C700|font_style:700%20bold%20regular%3A700%3Anormal\u00bb][vc_video link=\u00bbhttps:\/\/youtu.be\/Zq6-qKUd5Xs\u00bb][vc_empty_space][vc_column_text] Breve descripci\u00f3n En este taller realizaremos una introducci\u00f3n a la f\u00edsica del sonido y la bioac\u00fastica, la rama encargada del estudio de los sonidos producidos en la naturaleza por los seres vivos y sus aplicaciones. Concretamente, el taller estar\u00e1 orientado dentro de la rama de biolog\u00eda marina y por tanto...","og_url":"https:\/\/www.ull.es\/portal\/cienciaull\/laboratorio-virtual-conecta-cienciull\/energia-biodiversidad-y-medioambiente\/taller-14-el-sonido-de-los-cetaceos-y-sus-aplicaciones-una-introduccion-a-la-bioacustica\/","article_publisher":"https:\/\/www.facebook.com\/CienciaULL\/","article_modified_time":"2025-07-28T10:45:29+00:00","twitter_card":"summary_large_image","twitter_site":"@CienciaULL","twitter_misc":{"Tiempo de lectura":"1 minuto"},"schema":{"@context":"https:\/\/schema.org","@graph":[{"@type":"WebPage","@id":"https:\/\/www.ull.es\/portal\/cienciaull\/laboratorio-virtual-conecta-cienciull\/energia-biodiversidad-y-medioambiente\/taller-14-el-sonido-de-los-cetaceos-y-sus-aplicaciones-una-introduccion-a-la-bioacustica\/","url":"https:\/\/www.ull.es\/portal\/cienciaull\/laboratorio-virtual-conecta-cienciull\/energia-biodiversidad-y-medioambiente\/taller-14-el-sonido-de-los-cetaceos-y-sus-aplicaciones-una-introduccion-a-la-bioacustica\/","name":"Taller 14. \u00abEl sonido de los cet\u00e1ceos y sus aplicaciones: Una introducci\u00f3n a la bioac\u00fastica\u00bb -","isPartOf":{"@id":"https:\/\/www.ull.es\/portal\/cienciaull\/#website"},"datePublished":"2022-05-06T11:53:02+00:00","dateModified":"2025-07-28T10:45:29+00:00","breadcrumb":{"@id":"https:\/\/www.ull.es\/portal\/cienciaull\/laboratorio-virtual-conecta-cienciull\/energia-biodiversidad-y-medioambiente\/taller-14-el-sonido-de-los-cetaceos-y-sus-aplicaciones-una-introduccion-a-la-bioacustica\/#breadcrumb"},"inLanguage":"es","potentialAction":[{"@type":"ReadAction","target":["https:\/\/www.ull.es\/portal\/cienciaull\/laboratorio-virtual-conecta-cienciull\/energia-biodiversidad-y-medioambiente\/taller-14-el-sonido-de-los-cetaceos-y-sus-aplicaciones-una-introduccion-a-la-bioacustica\/"]}]},{"@type":"BreadcrumbList","@id":"https:\/\/www.ull.es\/portal\/cienciaull\/laboratorio-virtual-conecta-cienciull\/energia-biodiversidad-y-medioambiente\/taller-14-el-sonido-de-los-cetaceos-y-sus-aplicaciones-una-introduccion-a-la-bioacustica\/#breadcrumb","itemListElement":[{"@type":"ListItem","position":1,"name":"Portada","item":"https:\/\/www.ull.es\/portal\/cienciaull\/"},{"@type":"ListItem","position":2,"name":"Laboratorio Virtual Conecta Cienci@ULL","item":"https:\/\/www.ull.es\/portal\/cienciaull\/laboratorio-virtual-conecta-cienciull\/"},{"@type":"ListItem","position":3,"name":"Energ\u00eda, Biodiversidad y Medioambiente","item":"https:\/\/www.ull.es\/portal\/cienciaull\/laboratorio-virtual-conecta-cienciull\/energia-biodiversidad-y-medioambiente\/"},{"@type":"ListItem","position":4,"name":"Taller 14. \u00abEl sonido de los cet\u00e1ceos y sus aplicaciones: Una introducci\u00f3n a la bioac\u00fastica\u00bb"}]},{"@type":"WebSite","@id":"https:\/\/www.ull.es\/portal\/cienciaull\/#website","url":"https:\/\/www.ull.es\/portal\/cienciaull\/","name":"","description":"Unidad de Cultura Cient\u00edfica y de la Innovaci\u00f3n de la Universidad de La Laguna","potentialAction":[{"@type":"SearchAction","target":{"@type":"EntryPoint","urlTemplate":"https:\/\/www.ull.es\/portal\/cienciaull\/?s={search_term_string}"},"query-input":"required name=search_term_string"}],"inLanguage":"es"}]}},"_links":{"self":[{"href":"https:\/\/www.ull.es\/portal\/cienciaull\/wp-json\/wp\/v2\/pages\/16265"}],"collection":[{"href":"https:\/\/www.ull.es\/portal\/cienciaull\/wp-json\/wp\/v2\/pages"}],"about":[{"href":"https:\/\/www.ull.es\/portal\/cienciaull\/wp-json\/wp\/v2\/types\/page"}],"author":[{"embeddable":true,"href":"https:\/\/www.ull.es\/portal\/cienciaull\/wp-json\/wp\/v2\/users\/56"}],"replies":[{"embeddable":true,"href":"https:\/\/www.ull.es\/portal\/cienciaull\/wp-json\/wp\/v2\/comments?post=16265"}],"version-history":[{"count":12,"href":"https:\/\/www.ull.es\/portal\/cienciaull\/wp-json\/wp\/v2\/pages\/16265\/revisions"}],"predecessor-version":[{"id":35007,"href":"https:\/\/www.ull.es\/portal\/cienciaull\/wp-json\/wp\/v2\/pages\/16265\/revisions\/35007"}],"up":[{"embeddable":true,"href":"https:\/\/www.ull.es\/portal\/cienciaull\/wp-json\/wp\/v2\/pages\/26989"}],"wp:attachment":[{"href":"https:\/\/www.ull.es\/portal\/cienciaull\/wp-json\/wp\/v2\/media?parent=16265"}],"curies":[{"name":"wp","href":"https:\/\/api.w.org\/{rel}","templated":true}]}}