{"id":16334,"date":"2022-05-09T11:43:27","date_gmt":"2022-05-09T11:43:27","guid":{"rendered":"https:\/\/www.ull.es\/portal\/cienciaull\/?page_id=16334"},"modified":"2024-08-26T12:05:22","modified_gmt":"2024-08-26T12:05:22","slug":"lugar-y-periodos-de-celebracion-cct-canarias2022","status":"publish","type":"page","link":"https:\/\/www.ull.es\/portal\/cienciaull\/cctcanarias\/lugar-y-periodos-de-celebracion-cct-canarias2022\/","title":{"rendered":"Lugar y periodos de celebraci\u00f3n &#8211; CCT Canarias 2022"},"content":{"rendered":"<p>[vc_row][vc_column]\n<div id=\"rev_slider_293_1_wrapper\" class=\"rev_slider_wrapper fullwidthbanner-container\" data-source=\"gallery\" style=\"margin:0px auto;background:transparent;padding:0px;margin-top:0px;margin-bottom:0px;\">\n<!-- START REVOLUTION SLIDER 5.4.7.3 auto mode -->\n\t<div id=\"rev_slider_293_1\" class=\"rev_slider fullwidthabanner\" style=\"display:none;\" data-version=\"5.4.7.3\">\n<ul>\t<!-- SLIDE  -->\n\t<li data-index=\"rs-343\" data-transition=\"fade\" data-slotamount=\"default\" data-hideafterloop=\"0\" data-hideslideonmobile=\"off\"  data-easein=\"default\" data-easeout=\"default\" data-masterspeed=\"300\"  data-rotate=\"0\"  data-saveperformance=\"off\"  data-title=\"Slide\" data-param1=\"\" data-param2=\"\" data-param3=\"\" data-param4=\"\" data-param5=\"\" data-param6=\"\" data-param7=\"\" data-param8=\"\" data-param9=\"\" data-param10=\"\" data-description=\"\">\n\t\t<!-- MAIN IMAGE -->\n\t\t<img src=\"https:\/\/www.ull.es\/portal\/cienciaull\/wp-content\/plugins\/revslider\/admin\/assets\/images\/transparent.png\"  alt=\"\" title=\"Lugar y periodos de celebraci\u00f3n &#8211; CCT Canarias 2022\"  data-bgposition=\"center center\" data-bgfit=\"cover\" data-bgrepeat=\"no-repeat\" class=\"rev-slidebg\" data-no-retina>\n\t\t<!-- LAYERS -->\n\n\t\t<!-- LAYER NR. 1 -->\n\t\t<div class=\"tp-caption   tp-resizeme\" \n\t\t\t id=\"slide-343-layer-2\" \n\t\t\t data-x=\"\" \n\t\t\t data-y=\"-56\" \n\t\t\t\t\t\tdata-width=\"['none','none','none','none']\"\n\t\t\tdata-height=\"['none','none','none','none']\"\n \n\t\t\tdata-type=\"image\" \n\t\t\tdata-responsive_offset=\"on\" \n\n\t\t\tdata-frames='[{\"delay\":0,\"speed\":300,\"frame\":\"0\",\"from\":\"opacity:0;\",\"to\":\"o:1;\",\"ease\":\"Power3.easeInOut\"},{\"delay\":\"wait\",\"speed\":300,\"frame\":\"999\",\"to\":\"opacity:0;\",\"ease\":\"Power3.easeInOut\"}]'\n\t\t\tdata-textAlign=\"['inherit','inherit','inherit','inherit']\"\n\t\t\tdata-paddingtop=\"[0,0,0,0]\"\n\t\t\tdata-paddingright=\"[0,0,0,0]\"\n\t\t\tdata-paddingbottom=\"[0,0,0,0]\"\n\t\t\tdata-paddingleft=\"[0,0,0,0]\"\n\n\t\t\tstyle=\"z-index: 6;\"><img src=\"https:\/\/www.ull.es\/portal\/cienciaull\/wp-content\/uploads\/sites\/24\/2024\/06\/cct_canarias_Banner-header-Facebook.jpg\" alt=\"\" data-ww=\"1524px\" data-hh=\"564px\" width=\"1773\" height=\"656\" data-no-retina> <\/div>\n\t<\/li>\n<\/ul>\n<div class=\"tp-bannertimer tp-bottom\" style=\"visibility: hidden !important;\"><\/div>\t<\/div>\n<script>var htmlDiv = document.getElementById(\"rs-plugin-settings-inline-css\"); var htmlDivCss=\"\";\r\n\t\t\t\tif(htmlDiv) {\r\n\t\t\t\t\thtmlDiv.innerHTML = htmlDiv.innerHTML + htmlDivCss;\r\n\t\t\t\t}else{\r\n\t\t\t\t\tvar htmlDiv = document.createElement(\"div\");\r\n\t\t\t\t\thtmlDiv.innerHTML = \"<style>\" + htmlDivCss + \"<\/style>\";\r\n\t\t\t\t\tdocument.getElementsByTagName(\"head\")[0].appendChild(htmlDiv.childNodes[0]);\r\n\t\t\t\t}\r\n\t\t\t<\/script>\n\t\t<script type=\"text\/javascript\">\r\nif (setREVStartSize!==undefined) setREVStartSize(\r\n\t{c: '#rev_slider_293_1', gridwidth: [1500], gridheight: [500], sliderLayout: 'auto'});\r\n\t\t\t\r\nvar revapi293,\r\n\ttpj;\t\r\n(function() {\t\t\t\r\n\tif (!\/loaded|interactive|complete\/.test(document.readyState)) document.addEventListener(\"DOMContentLoaded\",onLoad); else onLoad();\t\r\n\tfunction onLoad() {\t\t\t\t\r\n\t\tif (tpj===undefined) { tpj = jQuery; if(\"off\" == \"on\") tpj.noConflict();}\r\n\tif(tpj(\"#rev_slider_293_1\").revolution == undefined){\n\t\trevslider_showDoubleJqueryError(\"#rev_slider_293_1\");\n\t}else{\n\t\trevapi293 = tpj(\"#rev_slider_293_1\").show().revolution({\n\t\t\tsliderType:\"hero\",\n\t\t\tjsFileLocation:\"\/\/www.ull.es\/portal\/cienciaull\/wp-content\/plugins\/revslider\/public\/assets\/js\/\",\n\t\t\tsliderLayout:\"auto\",\n\t\t\tdottedOverlay:\"none\",\n\t\t\tdelay:9000,\n\t\t\tvisibilityLevels:[1240,1024,778,480],\n\t\t\tgridwidth:1500,\n\t\t\tgridheight:500,\n\t\t\tlazyType:\"none\",\n\t\t\tshadow:0,\n\t\t\tspinner:\"spinner0\",\n\t\t\tautoHeight:\"off\",\n\t\t\tdisableProgressBar:\"on\",\n\t\t\thideThumbsOnMobile:\"off\",\n\t\t\thideSliderAtLimit:0,\n\t\t\thideCaptionAtLimit:0,\n\t\t\thideAllCaptionAtLilmit:0,\n\t\t\tdebugMode:false,\n\t\t\tfallbacks: {\n\t\t\t\tsimplifyAll:\"off\",\n\t\t\t\tdisableFocusListener:false,\n\t\t\t}\n\t\t});\n\t}; \/* END OF revapi call *\/\n\t\n }; \/* END OF ON LOAD FUNCTION *\/\r\n}()); \/* END OF WRAPPING FUNCTION *\/\r\n<\/script>\r\n\t\t<\/div><!-- END REVOLUTION SLIDER -->[vc_separator color=\u00bbcustom\u00bb border_width=\u00bb10&#8243; accent_color=\u00bb#e84e1b\u00bb][\/vc_column][\/vc_row][vc_row][vc_column width=\u00bb2\/3&#8243;][vc_empty_space height=\u00bb40px\u00bb][vc_custom_heading text=\u00bbLugar y periodos de celebraci\u00f3n\u00bb font_container=\u00bbtag:h2|text_align:left|color:%23e84e1b\u00bb google_fonts=\u00bbfont_family:Roboto%20Slab%3A100%2C300%2Cregular%2C700|font_style:700%20bold%20regular%3A700%3Anormal\u00bb css=\u00bb.vc_custom_1652097685860{margin-bottom: 7px !important;border-bottom-width: 7px !important;padding-bottom: 7px !important;}\u00bb][vc_column_text]<\/p>\n<p style=\"text-align: justify\">El CCT Canarias se realizar\u00e1 durante el mes de julio y tendr\u00e1 una duraci\u00f3n de dos semanas de acuerdo a la siguiente programaci\u00f3n:<\/p>\n<ul style=\"text-align: justify\">\n<li><strong>Eje Biomedicina y salud<\/strong>. Del 22 al julio al 02 de agosto de 2024. Campus Anchieta<\/li>\n<\/ul>\n<p>[\/vc_column_text][vc_empty_space height=\u00bb20px\u00bb][vc_column_text]<\/p>\n<ul style=\"text-align: justify\">\n<li><strong>Eje Ciencia, ingenier\u00eda y tecnolog\u00eda . <\/strong>Del 22 al julio al 02 de agosto de 2024 Campus Anchieta.<\/li>\n<\/ul>\n<p>[\/vc_column_text][vc_empty_space height=\u00bb20px\u00bb][vc_column_text]<\/p>\n<ul style=\"text-align: justify\">\n<li><strong>Eje Sociedad, Humanidades y Arte. <\/strong>Del 22 al julio al 02 de agosto de 2024. Campus Guajara.<\/li>\n<\/ul>\n<p>[\/vc_column_text][vc_empty_space height=\u00bb20px\u00bb][vc_column_text]<\/p>\n<ul>\n<li><strong>Eje Negocio y Emprendimiento. <\/strong>Del 22 al julio al 02 de agosto de 2024. Aulario de la FGULL.<\/li>\n<\/ul>\n<p>[\/vc_column_text][vc_empty_space height=\u00bb20px\u00bb][vc_column_text]<\/p>\n<p style=\"text-align: justify\">La actividad se desarrollar\u00e1 en los diferentes campus universitarios de la Universidad de La Laguna<\/p>\n<p>[\/vc_column_text][\/vc_column][vc_column width=\u00bb1\/3&#8243;][vc_empty_space height=\u00bb92px\u00bb][vc_single_image image=\u00bb16546&#8243; img_size=\u00bb500&#215;500&#8243;][vc_empty_space height=\u00bb10px\u00bb][vc_btn title=\u00bbPresentaci\u00f3n\u00bb color=\u00bbinfo\u00bb size=\u00bblg\u00bb align=\u00bbcenter\u00bb button_block=\u00bbtrue\u00bb link=\u00bburl:https%3A%2F%2Fwww.ull.es%2Fportal%2Fcienciaull%2Fcctcanarias%2F\u00bb css=\u00bb.vc_custom_1652901890815{margin-bottom: 3px !important;border-bottom-width: 3px !important;padding-bottom: 3px !important;}\u00bb][vc_btn title=\u00bbDestinatarios\u00bb color=\u00bbwarning\u00bb size=\u00bblg\u00bb align=\u00bbcenter\u00bb button_block=\u00bbtrue\u00bb link=\u00bburl:https%3A%2F%2Fwww.ull.es%2Fportal%2Fcienciaull%2Fcctcanarias%2Fpublico-objetivo-cct-canarias2022%2F\u00bb css=\u00bb.vc_custom_1652982779708{margin-bottom: 3px !important;border-bottom-width: 3px !important;padding-bottom: 3px !important;}\u00bb][vc_btn title=\u00bbObjetivos\u00bb color=\u00bbinfo\u00bb size=\u00bblg\u00bb align=\u00bbcenter\u00bb button_block=\u00bbtrue\u00bb link=\u00bburl:https%3A%2F%2Fwww.ull.es%2Fportal%2Fcienciaull%2Fcctcanarias%2Fobjetivos-cct-canarias2022%2F\u00bb css=\u00bb.vc_custom_1652901905722{margin-bottom: 3px !important;border-bottom-width: 3px !important;padding-bottom: 3px !important;}\u00bb][vc_btn title=\u00bbPrograma de actividades\u00bb color=\u00bbwarning\u00bb size=\u00bblg\u00bb align=\u00bbcenter\u00bb button_block=\u00bbtrue\u00bb link=\u00bburl:https%3A%2F%2Fwww.ull.es%2Fportal%2Fcienciaull%2Fcctcanarias%2Fprograma-de-actividades-cct-canarias-2022%2F\u00bb css=\u00bb.vc_custom_1652901919795{margin-bottom: 3px !important;border-bottom-width: 3px !important;padding-bottom: 3px !important;}\u00bb][vc_btn title=\u00bbMultimedia\u00bb color=\u00bbinfo\u00bb size=\u00bblg\u00bb align=\u00bbcenter\u00bb button_block=\u00bbtrue\u00bb link=\u00bburl:https%3A%2F%2Fwww.ull.es%2Fportal%2Fcienciaull%2Fcctcanarias%2Fmultimedia-cct-canarias-2022%2F\u00bb css=\u00bb.vc_custom_1652901935862{margin-bottom: 3px !important;border-bottom-width: 3px !important;padding-bottom: 3px !important;}\u00bb][vc_btn title=\u00bbPreinscripci\u00f3n\u00bb color=\u00bbwarning\u00bb size=\u00bblg\u00bb align=\u00bbcenter\u00bb button_block=\u00bbtrue\u00bb link=\u00bburl:https%3A%2F%2Fwww.ull.es%2Fportal%2Fcienciaull%2Fcctcanarias%2Fpreinscripcion-2%2F|title:Preinscripci%C3%B3n\u00bb css=\u00bb.vc_custom_1652969518178{margin-bottom: 3px !important;border-bottom-width: 3px !important;padding-bottom: 3px !important;}\u00bb][vc_btn title=\u00bbEntidades Colaboradoras\u00bb color=\u00bbinfo\u00bb size=\u00bblg\u00bb align=\u00bbcenter\u00bb button_block=\u00bbtrue\u00bb link=\u00bburl:https%3A%2F%2Fwww.ull.es%2Fportal%2Fcienciaull%2Fcctcanarias%2Fcolaboradores-cct-canarias%2F\u00bb css=\u00bb.vc_custom_1658754868597{margin-bottom: 3px !important;border-bottom-width: 3px !important;padding-bottom: 3px !important;}\u00bb][vc_btn title=\u00bbProyectos 2024&#8243; color=\u00bbwarning\u00bb size=\u00bblg\u00bb align=\u00bbcenter\u00bb button_block=\u00bbtrue\u00bb link=\u00bburl:https%3A%2F%2Fwww.ull.es%2Fportal%2Fcienciaull%2Fgrupos-por-proyecto-cct-canarias-2024%2F|title:Preinscripci%C3%B3n\u00bb css=\u00bb.vc_custom_1724673920099{margin-bottom: 3px !important;border-bottom-width: 3px !important;padding-bottom: 3px !important;}\u00bb][\/vc_column][\/vc_row]<\/p>\n","protected":false},"excerpt":{"rendered":"<p>[vc_row][vc_column][vc_separator color=\u00bbcustom\u00bb border_width=\u00bb10&#8243; accent_color=\u00bb#e84e1b\u00bb][\/vc_column][\/vc_row][vc_row][vc_column width=\u00bb2\/3&#8243;][vc_empty_space height=\u00bb40px\u00bb][vc_custom_heading text=\u00bbLugar y periodos de celebraci\u00f3n\u00bb font_container=\u00bbtag:h2|text_align:left|color:%23e84e1b\u00bb google_fonts=\u00bbfont_family:Roboto%20Slab%3A100%2C300%2Cregular%2C700|font_style:700%20bold%20regular%3A700%3Anormal\u00bb css=\u00bb.vc_custom_1652097685860{margin-bottom: 7px !important;border-bottom-width: 7px !important;padding-bottom: 7px !important;}\u00bb][vc_column_text] El CCT Canarias se realizar\u00e1 durante el mes de julio y tendr\u00e1 una duraci\u00f3n de dos semanas de acuerdo a la siguiente programaci\u00f3n: Eje Biomedicina y salud. Del 22 al julio al 02 de agosto&#8230;<\/p>\n","protected":false},"author":56,"featured_media":0,"parent":3919,"menu_order":0,"comment_status":"closed","ping_status":"closed","template":"templates\/cienciaull.php","meta":{"inline_featured_image":false,"footnotes":""},"acf":[],"yoast_head":"<!-- This site is optimized with the Yoast SEO plugin v21.3 - https:\/\/yoast.com\/wordpress\/plugins\/seo\/ -->\n<title>Lugar y periodos de celebraci\u00f3n - CCT Canarias 2022 -<\/title>\n<meta name=\"robots\" content=\"index, follow, max-snippet:-1, max-image-preview:large, max-video-preview:-1\" \/>\n<link rel=\"canonical\" href=\"https:\/\/www.ull.es\/portal\/cienciaull\/cctcanarias\/lugar-y-periodos-de-celebracion-cct-canarias2022\/\" \/>\n<meta property=\"og:locale\" content=\"es_ES\" \/>\n<meta property=\"og:type\" content=\"article\" \/>\n<meta property=\"og:title\" content=\"Lugar y periodos de celebraci\u00f3n - CCT Canarias 2022 -\" \/>\n<meta property=\"og:description\" content=\"[vc_row][vc_column][vc_separator color=\u00bbcustom\u00bb border_width=\u00bb10&#8243; accent_color=\u00bb#e84e1b\u00bb][\/vc_column][\/vc_row][vc_row][vc_column width=\u00bb2\/3&#8243;][vc_empty_space height=\u00bb40px\u00bb][vc_custom_heading text=\u00bbLugar y periodos de celebraci\u00f3n\u00bb font_container=\u00bbtag:h2|text_align:left|color:%23e84e1b\u00bb google_fonts=\u00bbfont_family:Roboto%20Slab%3A100%2C300%2Cregular%2C700|font_style:700%20bold%20regular%3A700%3Anormal\u00bb css=\u00bb.vc_custom_1652097685860{margin-bottom: 7px !important;border-bottom-width: 7px !important;padding-bottom: 7px !important;}\u00bb][vc_column_text] El CCT Canarias se realizar\u00e1 durante el mes de julio y tendr\u00e1 una duraci\u00f3n de dos semanas de acuerdo a la siguiente programaci\u00f3n: Eje Biomedicina y salud. Del 22 al julio al 02 de agosto...\" \/>\n<meta property=\"og:url\" content=\"https:\/\/www.ull.es\/portal\/cienciaull\/cctcanarias\/lugar-y-periodos-de-celebracion-cct-canarias2022\/\" \/>\n<meta property=\"article:publisher\" content=\"https:\/\/www.facebook.com\/CienciaULL\/\" \/>\n<meta property=\"article:modified_time\" content=\"2024-08-26T12:05:22+00:00\" \/>\n<meta name=\"twitter:card\" content=\"summary_large_image\" \/>\n<meta name=\"twitter:site\" content=\"@CienciaULL\" \/>\n<meta name=\"twitter:label1\" content=\"Tiempo de lectura\" \/>\n\t<meta name=\"twitter:data1\" content=\"2 minutos\" \/>\n<script type=\"application\/ld+json\" class=\"yoast-schema-graph\">{\"@context\":\"https:\/\/schema.org\",\"@graph\":[{\"@type\":\"WebPage\",\"@id\":\"https:\/\/www.ull.es\/portal\/cienciaull\/cctcanarias\/lugar-y-periodos-de-celebracion-cct-canarias2022\/\",\"url\":\"https:\/\/www.ull.es\/portal\/cienciaull\/cctcanarias\/lugar-y-periodos-de-celebracion-cct-canarias2022\/\",\"name\":\"Lugar y periodos de celebraci\u00f3n - CCT Canarias 2022 -\",\"isPartOf\":{\"@id\":\"https:\/\/www.ull.es\/portal\/cienciaull\/#website\"},\"datePublished\":\"2022-05-09T11:43:27+00:00\",\"dateModified\":\"2024-08-26T12:05:22+00:00\",\"breadcrumb\":{\"@id\":\"https:\/\/www.ull.es\/portal\/cienciaull\/cctcanarias\/lugar-y-periodos-de-celebracion-cct-canarias2022\/#breadcrumb\"},\"inLanguage\":\"es\",\"potentialAction\":[{\"@type\":\"ReadAction\",\"target\":[\"https:\/\/www.ull.es\/portal\/cienciaull\/cctcanarias\/lugar-y-periodos-de-celebracion-cct-canarias2022\/\"]}]},{\"@type\":\"BreadcrumbList\",\"@id\":\"https:\/\/www.ull.es\/portal\/cienciaull\/cctcanarias\/lugar-y-periodos-de-celebracion-cct-canarias2022\/#breadcrumb\",\"itemListElement\":[{\"@type\":\"ListItem\",\"position\":1,\"name\":\"Portada\",\"item\":\"https:\/\/www.ull.es\/portal\/cienciaull\/\"},{\"@type\":\"ListItem\",\"position\":2,\"name\":\"CCT Canarias\",\"item\":\"https:\/\/www.ull.es\/portal\/cienciaull\/cctcanarias\/\"},{\"@type\":\"ListItem\",\"position\":3,\"name\":\"Lugar y periodos de celebraci\u00f3n &#8211; CCT Canarias 2022\"}]},{\"@type\":\"WebSite\",\"@id\":\"https:\/\/www.ull.es\/portal\/cienciaull\/#website\",\"url\":\"https:\/\/www.ull.es\/portal\/cienciaull\/\",\"name\":\"\",\"description\":\"Unidad de Cultura Cient\u00edfica y de la Innovaci\u00f3n de la Universidad de La Laguna\",\"potentialAction\":[{\"@type\":\"SearchAction\",\"target\":{\"@type\":\"EntryPoint\",\"urlTemplate\":\"https:\/\/www.ull.es\/portal\/cienciaull\/?s={search_term_string}\"},\"query-input\":\"required name=search_term_string\"}],\"inLanguage\":\"es\"}]}<\/script>\n<!-- \/ Yoast SEO plugin. -->","yoast_head_json":{"title":"Lugar y periodos de celebraci\u00f3n - CCT Canarias 2022 -","robots":{"index":"index","follow":"follow","max-snippet":"max-snippet:-1","max-image-preview":"max-image-preview:large","max-video-preview":"max-video-preview:-1"},"canonical":"https:\/\/www.ull.es\/portal\/cienciaull\/cctcanarias\/lugar-y-periodos-de-celebracion-cct-canarias2022\/","og_locale":"es_ES","og_type":"article","og_title":"Lugar y periodos de celebraci\u00f3n - CCT Canarias 2022 -","og_description":"[vc_row][vc_column][vc_separator color=\u00bbcustom\u00bb border_width=\u00bb10&#8243; accent_color=\u00bb#e84e1b\u00bb][\/vc_column][\/vc_row][vc_row][vc_column width=\u00bb2\/3&#8243;][vc_empty_space height=\u00bb40px\u00bb][vc_custom_heading text=\u00bbLugar y periodos de celebraci\u00f3n\u00bb font_container=\u00bbtag:h2|text_align:left|color:%23e84e1b\u00bb google_fonts=\u00bbfont_family:Roboto%20Slab%3A100%2C300%2Cregular%2C700|font_style:700%20bold%20regular%3A700%3Anormal\u00bb css=\u00bb.vc_custom_1652097685860{margin-bottom: 7px !important;border-bottom-width: 7px !important;padding-bottom: 7px !important;}\u00bb][vc_column_text] El CCT Canarias se realizar\u00e1 durante el mes de julio y tendr\u00e1 una duraci\u00f3n de dos semanas de acuerdo a la siguiente programaci\u00f3n: Eje Biomedicina y salud. Del 22 al julio al 02 de agosto...","og_url":"https:\/\/www.ull.es\/portal\/cienciaull\/cctcanarias\/lugar-y-periodos-de-celebracion-cct-canarias2022\/","article_publisher":"https:\/\/www.facebook.com\/CienciaULL\/","article_modified_time":"2024-08-26T12:05:22+00:00","twitter_card":"summary_large_image","twitter_site":"@CienciaULL","twitter_misc":{"Tiempo de lectura":"2 minutos"},"schema":{"@context":"https:\/\/schema.org","@graph":[{"@type":"WebPage","@id":"https:\/\/www.ull.es\/portal\/cienciaull\/cctcanarias\/lugar-y-periodos-de-celebracion-cct-canarias2022\/","url":"https:\/\/www.ull.es\/portal\/cienciaull\/cctcanarias\/lugar-y-periodos-de-celebracion-cct-canarias2022\/","name":"Lugar y periodos de celebraci\u00f3n - CCT Canarias 2022 -","isPartOf":{"@id":"https:\/\/www.ull.es\/portal\/cienciaull\/#website"},"datePublished":"2022-05-09T11:43:27+00:00","dateModified":"2024-08-26T12:05:22+00:00","breadcrumb":{"@id":"https:\/\/www.ull.es\/portal\/cienciaull\/cctcanarias\/lugar-y-periodos-de-celebracion-cct-canarias2022\/#breadcrumb"},"inLanguage":"es","potentialAction":[{"@type":"ReadAction","target":["https:\/\/www.ull.es\/portal\/cienciaull\/cctcanarias\/lugar-y-periodos-de-celebracion-cct-canarias2022\/"]}]},{"@type":"BreadcrumbList","@id":"https:\/\/www.ull.es\/portal\/cienciaull\/cctcanarias\/lugar-y-periodos-de-celebracion-cct-canarias2022\/#breadcrumb","itemListElement":[{"@type":"ListItem","position":1,"name":"Portada","item":"https:\/\/www.ull.es\/portal\/cienciaull\/"},{"@type":"ListItem","position":2,"name":"CCT Canarias","item":"https:\/\/www.ull.es\/portal\/cienciaull\/cctcanarias\/"},{"@type":"ListItem","position":3,"name":"Lugar y periodos de celebraci\u00f3n &#8211; CCT Canarias 2022"}]},{"@type":"WebSite","@id":"https:\/\/www.ull.es\/portal\/cienciaull\/#website","url":"https:\/\/www.ull.es\/portal\/cienciaull\/","name":"","description":"Unidad de Cultura Cient\u00edfica y de la Innovaci\u00f3n de la Universidad de La Laguna","potentialAction":[{"@type":"SearchAction","target":{"@type":"EntryPoint","urlTemplate":"https:\/\/www.ull.es\/portal\/cienciaull\/?s={search_term_string}"},"query-input":"required name=search_term_string"}],"inLanguage":"es"}]}},"_links":{"self":[{"href":"https:\/\/www.ull.es\/portal\/cienciaull\/wp-json\/wp\/v2\/pages\/16334"}],"collection":[{"href":"https:\/\/www.ull.es\/portal\/cienciaull\/wp-json\/wp\/v2\/pages"}],"about":[{"href":"https:\/\/www.ull.es\/portal\/cienciaull\/wp-json\/wp\/v2\/types\/page"}],"author":[{"embeddable":true,"href":"https:\/\/www.ull.es\/portal\/cienciaull\/wp-json\/wp\/v2\/users\/56"}],"replies":[{"embeddable":true,"href":"https:\/\/www.ull.es\/portal\/cienciaull\/wp-json\/wp\/v2\/comments?post=16334"}],"version-history":[{"count":38,"href":"https:\/\/www.ull.es\/portal\/cienciaull\/wp-json\/wp\/v2\/pages\/16334\/revisions"}],"predecessor-version":[{"id":30821,"href":"https:\/\/www.ull.es\/portal\/cienciaull\/wp-json\/wp\/v2\/pages\/16334\/revisions\/30821"}],"up":[{"embeddable":true,"href":"https:\/\/www.ull.es\/portal\/cienciaull\/wp-json\/wp\/v2\/pages\/3919"}],"wp:attachment":[{"href":"https:\/\/www.ull.es\/portal\/cienciaull\/wp-json\/wp\/v2\/media?parent=16334"}],"curies":[{"name":"wp","href":"https:\/\/api.w.org\/{rel}","templated":true}]}}