{"id":16348,"date":"2022-05-09T12:05:06","date_gmt":"2022-05-09T12:05:06","guid":{"rendered":"https:\/\/www.ull.es\/portal\/cienciaull\/?page_id=16348"},"modified":"2024-08-26T12:04:45","modified_gmt":"2024-08-26T12:04:45","slug":"programa-de-actividades-cct-canarias-2022","status":"publish","type":"page","link":"https:\/\/www.ull.es\/portal\/cienciaull\/cctcanarias\/programa-de-actividades-cct-canarias-2022\/","title":{"rendered":"Programa de actividades &#8211; CCT Canarias 2022"},"content":{"rendered":"<p>[vc_row][vc_column]\n<div id=\"rev_slider_293_1_wrapper\" class=\"rev_slider_wrapper fullwidthbanner-container\" data-source=\"gallery\" style=\"margin:0px auto;background:transparent;padding:0px;margin-top:0px;margin-bottom:0px;\">\n<!-- START REVOLUTION SLIDER 5.4.7.3 auto mode -->\n\t<div id=\"rev_slider_293_1\" class=\"rev_slider fullwidthabanner\" style=\"display:none;\" data-version=\"5.4.7.3\">\n<ul>\t<!-- SLIDE  -->\n\t<li data-index=\"rs-343\" data-transition=\"fade\" data-slotamount=\"default\" data-hideafterloop=\"0\" data-hideslideonmobile=\"off\"  data-easein=\"default\" data-easeout=\"default\" data-masterspeed=\"300\"  data-rotate=\"0\"  data-saveperformance=\"off\"  data-title=\"Slide\" data-param1=\"\" data-param2=\"\" data-param3=\"\" data-param4=\"\" data-param5=\"\" data-param6=\"\" data-param7=\"\" data-param8=\"\" data-param9=\"\" data-param10=\"\" data-description=\"\">\n\t\t<!-- MAIN IMAGE -->\n\t\t<img src=\"https:\/\/www.ull.es\/portal\/cienciaull\/wp-content\/plugins\/revslider\/admin\/assets\/images\/transparent.png\"  alt=\"\" title=\"Programa de actividades &#8211; CCT Canarias 2022\"  data-bgposition=\"center center\" data-bgfit=\"cover\" data-bgrepeat=\"no-repeat\" class=\"rev-slidebg\" data-no-retina>\n\t\t<!-- LAYERS -->\n\n\t\t<!-- LAYER NR. 1 -->\n\t\t<div class=\"tp-caption   tp-resizeme\" \n\t\t\t id=\"slide-343-layer-2\" \n\t\t\t data-x=\"\" \n\t\t\t data-y=\"-56\" \n\t\t\t\t\t\tdata-width=\"['none','none','none','none']\"\n\t\t\tdata-height=\"['none','none','none','none']\"\n \n\t\t\tdata-type=\"image\" \n\t\t\tdata-responsive_offset=\"on\" \n\n\t\t\tdata-frames='[{\"delay\":0,\"speed\":300,\"frame\":\"0\",\"from\":\"opacity:0;\",\"to\":\"o:1;\",\"ease\":\"Power3.easeInOut\"},{\"delay\":\"wait\",\"speed\":300,\"frame\":\"999\",\"to\":\"opacity:0;\",\"ease\":\"Power3.easeInOut\"}]'\n\t\t\tdata-textAlign=\"['inherit','inherit','inherit','inherit']\"\n\t\t\tdata-paddingtop=\"[0,0,0,0]\"\n\t\t\tdata-paddingright=\"[0,0,0,0]\"\n\t\t\tdata-paddingbottom=\"[0,0,0,0]\"\n\t\t\tdata-paddingleft=\"[0,0,0,0]\"\n\n\t\t\tstyle=\"z-index: 6;\"><img src=\"https:\/\/www.ull.es\/portal\/cienciaull\/wp-content\/uploads\/sites\/24\/2024\/06\/cct_canarias_Banner-header-Facebook.jpg\" alt=\"\" data-ww=\"1524px\" data-hh=\"564px\" width=\"1773\" height=\"656\" data-no-retina> <\/div>\n\t<\/li>\n<\/ul>\n<div class=\"tp-bannertimer tp-bottom\" style=\"visibility: hidden !important;\"><\/div>\t<\/div>\n<script>var htmlDiv = document.getElementById(\"rs-plugin-settings-inline-css\"); var htmlDivCss=\"\";\r\n\t\t\t\tif(htmlDiv) {\r\n\t\t\t\t\thtmlDiv.innerHTML = htmlDiv.innerHTML + htmlDivCss;\r\n\t\t\t\t}else{\r\n\t\t\t\t\tvar htmlDiv = document.createElement(\"div\");\r\n\t\t\t\t\thtmlDiv.innerHTML = \"<style>\" + htmlDivCss + \"<\/style>\";\r\n\t\t\t\t\tdocument.getElementsByTagName(\"head\")[0].appendChild(htmlDiv.childNodes[0]);\r\n\t\t\t\t}\r\n\t\t\t<\/script>\n\t\t<script type=\"text\/javascript\">\r\nif (setREVStartSize!==undefined) setREVStartSize(\r\n\t{c: '#rev_slider_293_1', gridwidth: [1500], gridheight: [500], sliderLayout: 'auto'});\r\n\t\t\t\r\nvar revapi293,\r\n\ttpj;\t\r\n(function() {\t\t\t\r\n\tif (!\/loaded|interactive|complete\/.test(document.readyState)) document.addEventListener(\"DOMContentLoaded\",onLoad); else onLoad();\t\r\n\tfunction onLoad() {\t\t\t\t\r\n\t\tif (tpj===undefined) { tpj = jQuery; if(\"off\" == \"on\") tpj.noConflict();}\r\n\tif(tpj(\"#rev_slider_293_1\").revolution == undefined){\n\t\trevslider_showDoubleJqueryError(\"#rev_slider_293_1\");\n\t}else{\n\t\trevapi293 = tpj(\"#rev_slider_293_1\").show().revolution({\n\t\t\tsliderType:\"hero\",\n\t\t\tjsFileLocation:\"\/\/www.ull.es\/portal\/cienciaull\/wp-content\/plugins\/revslider\/public\/assets\/js\/\",\n\t\t\tsliderLayout:\"auto\",\n\t\t\tdottedOverlay:\"none\",\n\t\t\tdelay:9000,\n\t\t\tvisibilityLevels:[1240,1024,778,480],\n\t\t\tgridwidth:1500,\n\t\t\tgridheight:500,\n\t\t\tlazyType:\"none\",\n\t\t\tshadow:0,\n\t\t\tspinner:\"spinner0\",\n\t\t\tautoHeight:\"off\",\n\t\t\tdisableProgressBar:\"on\",\n\t\t\thideThumbsOnMobile:\"off\",\n\t\t\thideSliderAtLimit:0,\n\t\t\thideCaptionAtLimit:0,\n\t\t\thideAllCaptionAtLilmit:0,\n\t\t\tdebugMode:false,\n\t\t\tfallbacks: {\n\t\t\t\tsimplifyAll:\"off\",\n\t\t\t\tdisableFocusListener:false,\n\t\t\t}\n\t\t});\n\t}; \/* END OF revapi call *\/\n\t\n }; \/* END OF ON LOAD FUNCTION *\/\r\n}()); \/* END OF WRAPPING FUNCTION *\/\r\n<\/script>\r\n\t\t<\/div><!-- END REVOLUTION SLIDER -->[vc_separator color=\u00bbcustom\u00bb border_width=\u00bb10&#8243; accent_color=\u00bb#e84e1b\u00bb][\/vc_column][\/vc_row][vc_row][vc_column width=\u00bb2\/3&#8243;][vc_empty_space height=\u00bb40px\u00bb][vc_custom_heading text=\u00bbPrograma de actividades\u00bb font_container=\u00bbtag:h2|text_align:left|color:%23e84e1b\u00bb google_fonts=\u00bbfont_family:Roboto%20Slab%3A100%2C300%2Cregular%2C700|font_style:700%20bold%20regular%3A700%3Anormal\u00bb css=\u00bb.vc_custom_1652099453134{margin-bottom: 7px !important;border-bottom-width: 7px !important;padding-bottom: 7px !important;}\u00bb][vc_column_text]<\/p>\n<p style=\"text-align: justify\">Las actividades a realizar en cada eje cient\u00edfico ser\u00e1n las siguientes:<\/p>\n<p style=\"text-align: justify\"><strong>A) Proyecto de Investigaci\u00f3n\/Idea de Negocio<\/strong><\/p>\n<p style=\"text-align: justify\">Durante dos semanas, cada grupo de 8 alumnos\/as realizar\u00e1 un proyecto de investigaci\u00f3n o un plan de negocio bajo la supervisi\u00f3n de un grupo de investigaci\u00f3n o estructura cient\u00edfica de la ULL, esta es la actividad principal del Campus y tendr\u00e1 una <strong>duraci\u00f3n de 20 horas<\/strong>.<\/p>\n<p style=\"text-align: justify\"><strong>B) Conoce la actividad investigadora que se desarrolla en la ULL y otros Centros de investigaci\u00f3n de la isla<\/strong><\/p>\n<p style=\"text-align: justify\">Cada equipo de trabajo podr\u00e1 conocer, adem\u00e1s de la actividad investigadora que se desarrolla en su grupo investigaci\u00f3n, diferentes departamentos, spin-off, laboratorios y servicios de la ULL u otros centros de I+D de la isla anfitriona (IAC, ITER, ICIA , ITC, IEO,\u2026).<\/p>\n<p style=\"text-align: justify\">Para ello, se organizar\u00e1n diferentes visitas guiadas por personal investigador o t\u00e9cnico, que tendr\u00e1n un componente te\u00f3rico-pr\u00e1ctico. Por cada eje se plantea la realizaci\u00f3n de dos visitas. Esta actividad tendr\u00e1 una <strong>duraci\u00f3n de 4 horas.<\/strong><\/p>\n<p style=\"text-align: justify\"><strong>C) Formaci\u00f3n complementaria<\/strong><\/p>\n<p style=\"text-align: justify\">Paralelamente a estas actividades, el alumnado participante recibir\u00e1 formaci\u00f3n en:<\/p>\n<p><strong>Eje 1, 2 y 3:<\/strong><\/p>\n<ul style=\"text-align: justify\">\n<li><strong>Idiomas. <\/strong>Mostrar el idioma aplicado a la investigaci\u00f3n de un proyecto de I+D (4 horas)<\/li>\n<li><strong>Divulgaci\u00f3n cient\u00edfica.<\/strong>\u00a0Conceptos b\u00e1sicos y herramientas para que un investigador comunique la labor que realiza a la sociedad. El alumnado desarrolla un blog divulgativo durante el Campus (4 horas).<\/li>\n<li><strong>Pensamiento Computacional. <\/strong>Se muestra al alumnado como resolver problemas desde el punto de vista computacional y se les muestra instrumentos educativos basados en la TIC. (4 horas)<\/li>\n<\/ul>\n<p><strong>Eje 4:<\/strong><\/p>\n<ul style=\"text-align: justify\">\n<li><strong>Emprendimiento. <\/strong>Concepto, tipos, ejemplos, plan de negocio,&#8230; (4 horas)<\/li>\n<li><strong>Transformaci\u00f3n Digital. <\/strong>Aplicaciones y ejemplos.\u00a0(4 horas).<\/li>\n<li><strong>Pensamiento Computacional. <\/strong>Se muestra al alumnado como resolver problemas desde el punto de vista computacional y se les muestra instrumentos educativos basados en la TIC. (4 horas)<\/li>\n<\/ul>\n<ul style=\"text-align: justify\">\n<li style=\"list-style-type: none\">\n<ul style=\"text-align: justify\">Esta actividad tiene un car\u00e1cter complementario y servir\u00e1 como ayuda para mejorar la capacidad del alumnado en la exposici\u00f3n de un trabajo o resultado.<\/ul>\n<\/li>\n<\/ul>\n<p style=\"text-align: justify\"><strong>D) Taller Cient\u00edfico<\/strong><\/p>\n<p style=\"text-align: justify\">Para cada eje se organizar\u00e1 un taller cient\u00edfico donde el alumnado puedo aprender a trav\u00e9s de ejercicios pr\u00e1cticos conceptos cient\u00edficos relacionados con el \u00e1mbito de los proyectos. Tendr\u00e1 una duraci\u00f3n de dos horas y ser\u00e1 impartido por un grupo de investigaci\u00f3n de la ULL.<\/p>\n<p>[\/vc_column_text][\/vc_column][vc_column width=\u00bb1\/3&#8243;][vc_empty_space height=\u00bb92px\u00bb][vc_single_image image=\u00bb16583&#8243; img_size=\u00bb500&#215;500&#8243;][vc_empty_space height=\u00bb20px\u00bb][vc_btn title=\u00bbPresentaci\u00f3n\u00bb color=\u00bbinfo\u00bb size=\u00bblg\u00bb align=\u00bbcenter\u00bb button_block=\u00bbtrue\u00bb link=\u00bburl:https%3A%2F%2Fwww.ull.es%2Fportal%2Fcienciaull%2Fcctcanarias%2F\u00bb css=\u00bb.vc_custom_1652902460581{margin-bottom: 3px !important;border-bottom-width: 3px !important;padding-bottom: 3px !important;}\u00bb][vc_btn title=\u00bbP\u00fablico Objetivo\u00bb color=\u00bbwarning\u00bb size=\u00bblg\u00bb align=\u00bbcenter\u00bb button_block=\u00bbtrue\u00bb link=\u00bburl:https%3A%2F%2Fwww.ull.es%2Fportal%2Fcienciaull%2Fcctcanarias%2Fpublico-objetivo-cct-canarias2022%2F\u00bb css=\u00bb.vc_custom_1652902467228{margin-bottom: 3px !important;border-bottom-width: 3px !important;padding-bottom: 3px !important;}\u00bb][vc_btn title=\u00bbObjetivos\u00bb color=\u00bbinfo\u00bb size=\u00bblg\u00bb align=\u00bbcenter\u00bb button_block=\u00bbtrue\u00bb link=\u00bburl:https%3A%2F%2Fwww.ull.es%2Fportal%2Fcienciaull%2Fcctcanarias%2Fobjetivos-cct-canarias2022%2F\u00bb css=\u00bb.vc_custom_1652902473856{margin-bottom: 3px !important;border-bottom-width: 3px !important;padding-bottom: 3px !important;}\u00bb][vc_btn title=\u00bbLugar y periodos de celebraci\u00f3n\u00bb color=\u00bbwarning\u00bb size=\u00bblg\u00bb align=\u00bbcenter\u00bb button_block=\u00bbtrue\u00bb link=\u00bburl:https%3A%2F%2Fwww.ull.es%2Fportal%2Fcienciaull%2Fcctcanarias%2Flugar-y-periodos-de-celebracion-cct-canarias2022%2F\u00bb css=\u00bb.vc_custom_1721223819428{margin-bottom: 3px !important;border-bottom-width: 3px !important;padding-bottom: 3px !important;}\u00bb][vc_btn title=\u00bbMultimedia\u00bb color=\u00bbinfo\u00bb size=\u00bblg\u00bb align=\u00bbcenter\u00bb button_block=\u00bbtrue\u00bb link=\u00bburl:https%3A%2F%2Fwww.ull.es%2Fportal%2Fcienciaull%2Fcctcanarias%2Fmultimedia-cct-canarias-2022%2F\u00bb css=\u00bb.vc_custom_1652902518481{margin-bottom: 3px !important;border-bottom-width: 3px !important;padding-bottom: 3px !important;}\u00bb][vc_btn title=\u00bbPreinscripci\u00f3n\u00bb color=\u00bbwarning\u00bb size=\u00bblg\u00bb align=\u00bbcenter\u00bb button_block=\u00bbtrue\u00bb link=\u00bburl:https%3A%2F%2Fwww.ull.es%2Fportal%2Fcienciaull%2Fcctcanarias%2Fpreinscripcion-2%2F|title:Preinscripci%C3%B3n\u00bb css=\u00bb.vc_custom_1721223570366{margin-bottom: 3px !important;border-bottom-width: 3px !important;padding-bottom: 3px !important;}\u00bb][vc_btn title=\u00bbProyectos 2024&#8243; color=\u00bbinfo\u00bb size=\u00bblg\u00bb align=\u00bbcenter\u00bb button_block=\u00bbtrue\u00bb link=\u00bburl:https%3A%2F%2Fwww.ull.es%2Fportal%2Fcienciaull%2Fgrupos-por-proyecto-cct-canarias-2024%2F|title:Preinscripci%C3%B3n\u00bb css=\u00bb.vc_custom_1724673879961{margin-bottom: 3px !important;border-bottom-width: 3px !important;padding-bottom: 3px !important;}\u00bb][vc_empty_space height=\u00bb50px\u00bb][vc_column_text]<\/p>\n<h2 style=\"text-align: center\"><span style=\"color: #000000\"><strong>Itinerarios<\/strong><\/span><\/h2>\n<p>[\/vc_column_text][vc_btn title=\u00bbItinerario Biomedicina y Salud\u00bb color=\u00bbviolet\u00bb size=\u00bblg\u00bb align=\u00bbcenter\u00bb button_block=\u00bbtrue\u00bb css=\u00bb.vc_custom_1721224222660{margin-bottom: 5px !important;border-bottom-width: 5px !important;padding-bottom: 5px !important;}\u00bb link=\u00bburl:https%3A%2F%2Fdrive.google.com%2Ffile%2Fd%2F1A4-FBQkPlO12Yr47tfr5GXLf3gpFPwHc%2Fview%3Fusp%3Dsharing\u00bb][vc_btn title=\u00bbItinerario Ciencia y Tecnolog\u00eda\u00bb color=\u00bbviolet\u00bb size=\u00bblg\u00bb align=\u00bbcenter\u00bb button_block=\u00bbtrue\u00bb css=\u00bb.vc_custom_1721224077214{margin-bottom: 5px !important;border-bottom-width: 5px !important;padding-bottom: 5px !important;}\u00bb link=\u00bburl:https%3A%2F%2Fdrive.google.com%2Ffile%2Fd%2F1ozGzYpavmDn2FA3kB1wOhZ7UG8amF1PS%2Fview%3Fusp%3Dsharing\u00bb][vc_btn title=\u00bbItinerario Sociedad, Humanidades y Arte\u00bb color=\u00bbviolet\u00bb size=\u00bblg\u00bb align=\u00bbcenter\u00bb button_block=\u00bbtrue\u00bb css=\u00bb.vc_custom_1721223899942{margin-bottom: 5px !important;border-bottom-width: 5px !important;padding-bottom: 5px !important;}\u00bb link=\u00bburl:https%3A%2F%2Fdrive.google.com%2Ffile%2Fd%2F1X1FFflGJYgnUcR6OBpAVGsNezdZvMWTs%2Fview%3Fusp%3Ddrive_link\u00bb][vc_btn title=\u00bbItinerario Escuela de Negocio y Emprendimiento de Tenerife\u00bb color=\u00bbviolet\u00bb size=\u00bblg\u00bb align=\u00bbcenter\u00bb button_block=\u00bbtrue\u00bb link=\u00bburl:https%3A%2F%2Fdrive.google.com%2Ffile%2Fd%2F17V3eAW1RGh9sN98m2XOQBsJ31o-_F-Nb%2Fview%3Fusp%3Dsharing\u00bb][\/vc_column][\/vc_row]<\/p>\n","protected":false},"excerpt":{"rendered":"<p>[vc_row][vc_column][vc_separator color=\u00bbcustom\u00bb border_width=\u00bb10&#8243; accent_color=\u00bb#e84e1b\u00bb][\/vc_column][\/vc_row][vc_row][vc_column width=\u00bb2\/3&#8243;][vc_empty_space height=\u00bb40px\u00bb][vc_custom_heading text=\u00bbPrograma de actividades\u00bb font_container=\u00bbtag:h2|text_align:left|color:%23e84e1b\u00bb google_fonts=\u00bbfont_family:Roboto%20Slab%3A100%2C300%2Cregular%2C700|font_style:700%20bold%20regular%3A700%3Anormal\u00bb css=\u00bb.vc_custom_1652099453134{margin-bottom: 7px !important;border-bottom-width: 7px !important;padding-bottom: 7px !important;}\u00bb][vc_column_text] Las actividades a realizar en cada eje cient\u00edfico ser\u00e1n las siguientes: A) Proyecto de Investigaci\u00f3n\/Idea de Negocio Durante dos semanas, cada grupo de 8 alumnos\/as realizar\u00e1 un proyecto de investigaci\u00f3n o un plan de negocio bajo la&#8230;<\/p>\n","protected":false},"author":56,"featured_media":0,"parent":3919,"menu_order":0,"comment_status":"closed","ping_status":"closed","template":"templates\/cienciaull.php","meta":{"inline_featured_image":false,"footnotes":""},"acf":[],"yoast_head":"<!-- This site is optimized with the Yoast SEO plugin v21.3 - https:\/\/yoast.com\/wordpress\/plugins\/seo\/ -->\n<title>Programa de actividades - CCT Canarias 2022 -<\/title>\n<meta name=\"robots\" content=\"index, follow, max-snippet:-1, max-image-preview:large, max-video-preview:-1\" \/>\n<link rel=\"canonical\" href=\"https:\/\/www.ull.es\/portal\/cienciaull\/cctcanarias\/programa-de-actividades-cct-canarias-2022\/\" \/>\n<meta property=\"og:locale\" content=\"es_ES\" \/>\n<meta property=\"og:type\" content=\"article\" \/>\n<meta property=\"og:title\" content=\"Programa de actividades - CCT Canarias 2022 -\" \/>\n<meta property=\"og:description\" content=\"[vc_row][vc_column][vc_separator color=\u00bbcustom\u00bb border_width=\u00bb10&#8243; accent_color=\u00bb#e84e1b\u00bb][\/vc_column][\/vc_row][vc_row][vc_column width=\u00bb2\/3&#8243;][vc_empty_space height=\u00bb40px\u00bb][vc_custom_heading text=\u00bbPrograma de actividades\u00bb font_container=\u00bbtag:h2|text_align:left|color:%23e84e1b\u00bb google_fonts=\u00bbfont_family:Roboto%20Slab%3A100%2C300%2Cregular%2C700|font_style:700%20bold%20regular%3A700%3Anormal\u00bb css=\u00bb.vc_custom_1652099453134{margin-bottom: 7px !important;border-bottom-width: 7px !important;padding-bottom: 7px !important;}\u00bb][vc_column_text] Las actividades a realizar en cada eje cient\u00edfico ser\u00e1n las siguientes: A) Proyecto de Investigaci\u00f3n\/Idea de Negocio Durante dos semanas, cada grupo de 8 alumnos\/as realizar\u00e1 un proyecto de investigaci\u00f3n o un plan de negocio bajo la...\" \/>\n<meta property=\"og:url\" content=\"https:\/\/www.ull.es\/portal\/cienciaull\/cctcanarias\/programa-de-actividades-cct-canarias-2022\/\" \/>\n<meta property=\"article:publisher\" content=\"https:\/\/www.facebook.com\/CienciaULL\/\" \/>\n<meta property=\"article:modified_time\" content=\"2024-08-26T12:04:45+00:00\" \/>\n<meta name=\"twitter:card\" content=\"summary_large_image\" \/>\n<meta name=\"twitter:site\" content=\"@CienciaULL\" \/>\n<meta name=\"twitter:label1\" content=\"Tiempo de lectura\" \/>\n\t<meta name=\"twitter:data1\" content=\"3 minutos\" \/>\n<script type=\"application\/ld+json\" class=\"yoast-schema-graph\">{\"@context\":\"https:\/\/schema.org\",\"@graph\":[{\"@type\":\"WebPage\",\"@id\":\"https:\/\/www.ull.es\/portal\/cienciaull\/cctcanarias\/programa-de-actividades-cct-canarias-2022\/\",\"url\":\"https:\/\/www.ull.es\/portal\/cienciaull\/cctcanarias\/programa-de-actividades-cct-canarias-2022\/\",\"name\":\"Programa de actividades - CCT Canarias 2022 -\",\"isPartOf\":{\"@id\":\"https:\/\/www.ull.es\/portal\/cienciaull\/#website\"},\"datePublished\":\"2022-05-09T12:05:06+00:00\",\"dateModified\":\"2024-08-26T12:04:45+00:00\",\"breadcrumb\":{\"@id\":\"https:\/\/www.ull.es\/portal\/cienciaull\/cctcanarias\/programa-de-actividades-cct-canarias-2022\/#breadcrumb\"},\"inLanguage\":\"es\",\"potentialAction\":[{\"@type\":\"ReadAction\",\"target\":[\"https:\/\/www.ull.es\/portal\/cienciaull\/cctcanarias\/programa-de-actividades-cct-canarias-2022\/\"]}]},{\"@type\":\"BreadcrumbList\",\"@id\":\"https:\/\/www.ull.es\/portal\/cienciaull\/cctcanarias\/programa-de-actividades-cct-canarias-2022\/#breadcrumb\",\"itemListElement\":[{\"@type\":\"ListItem\",\"position\":1,\"name\":\"Portada\",\"item\":\"https:\/\/www.ull.es\/portal\/cienciaull\/\"},{\"@type\":\"ListItem\",\"position\":2,\"name\":\"CCT Canarias\",\"item\":\"https:\/\/www.ull.es\/portal\/cienciaull\/cctcanarias\/\"},{\"@type\":\"ListItem\",\"position\":3,\"name\":\"Programa de actividades &#8211; CCT Canarias 2022\"}]},{\"@type\":\"WebSite\",\"@id\":\"https:\/\/www.ull.es\/portal\/cienciaull\/#website\",\"url\":\"https:\/\/www.ull.es\/portal\/cienciaull\/\",\"name\":\"\",\"description\":\"Unidad de Cultura Cient\u00edfica y de la Innovaci\u00f3n de la Universidad de La Laguna\",\"potentialAction\":[{\"@type\":\"SearchAction\",\"target\":{\"@type\":\"EntryPoint\",\"urlTemplate\":\"https:\/\/www.ull.es\/portal\/cienciaull\/?s={search_term_string}\"},\"query-input\":\"required name=search_term_string\"}],\"inLanguage\":\"es\"}]}<\/script>\n<!-- \/ Yoast SEO plugin. -->","yoast_head_json":{"title":"Programa de actividades - CCT Canarias 2022 -","robots":{"index":"index","follow":"follow","max-snippet":"max-snippet:-1","max-image-preview":"max-image-preview:large","max-video-preview":"max-video-preview:-1"},"canonical":"https:\/\/www.ull.es\/portal\/cienciaull\/cctcanarias\/programa-de-actividades-cct-canarias-2022\/","og_locale":"es_ES","og_type":"article","og_title":"Programa de actividades - CCT Canarias 2022 -","og_description":"[vc_row][vc_column][vc_separator color=\u00bbcustom\u00bb border_width=\u00bb10&#8243; accent_color=\u00bb#e84e1b\u00bb][\/vc_column][\/vc_row][vc_row][vc_column width=\u00bb2\/3&#8243;][vc_empty_space height=\u00bb40px\u00bb][vc_custom_heading text=\u00bbPrograma de actividades\u00bb font_container=\u00bbtag:h2|text_align:left|color:%23e84e1b\u00bb google_fonts=\u00bbfont_family:Roboto%20Slab%3A100%2C300%2Cregular%2C700|font_style:700%20bold%20regular%3A700%3Anormal\u00bb css=\u00bb.vc_custom_1652099453134{margin-bottom: 7px !important;border-bottom-width: 7px !important;padding-bottom: 7px !important;}\u00bb][vc_column_text] Las actividades a realizar en cada eje cient\u00edfico ser\u00e1n las siguientes: A) Proyecto de Investigaci\u00f3n\/Idea de Negocio Durante dos semanas, cada grupo de 8 alumnos\/as realizar\u00e1 un proyecto de investigaci\u00f3n o un plan de negocio bajo la...","og_url":"https:\/\/www.ull.es\/portal\/cienciaull\/cctcanarias\/programa-de-actividades-cct-canarias-2022\/","article_publisher":"https:\/\/www.facebook.com\/CienciaULL\/","article_modified_time":"2024-08-26T12:04:45+00:00","twitter_card":"summary_large_image","twitter_site":"@CienciaULL","twitter_misc":{"Tiempo de lectura":"3 minutos"},"schema":{"@context":"https:\/\/schema.org","@graph":[{"@type":"WebPage","@id":"https:\/\/www.ull.es\/portal\/cienciaull\/cctcanarias\/programa-de-actividades-cct-canarias-2022\/","url":"https:\/\/www.ull.es\/portal\/cienciaull\/cctcanarias\/programa-de-actividades-cct-canarias-2022\/","name":"Programa de actividades - CCT Canarias 2022 -","isPartOf":{"@id":"https:\/\/www.ull.es\/portal\/cienciaull\/#website"},"datePublished":"2022-05-09T12:05:06+00:00","dateModified":"2024-08-26T12:04:45+00:00","breadcrumb":{"@id":"https:\/\/www.ull.es\/portal\/cienciaull\/cctcanarias\/programa-de-actividades-cct-canarias-2022\/#breadcrumb"},"inLanguage":"es","potentialAction":[{"@type":"ReadAction","target":["https:\/\/www.ull.es\/portal\/cienciaull\/cctcanarias\/programa-de-actividades-cct-canarias-2022\/"]}]},{"@type":"BreadcrumbList","@id":"https:\/\/www.ull.es\/portal\/cienciaull\/cctcanarias\/programa-de-actividades-cct-canarias-2022\/#breadcrumb","itemListElement":[{"@type":"ListItem","position":1,"name":"Portada","item":"https:\/\/www.ull.es\/portal\/cienciaull\/"},{"@type":"ListItem","position":2,"name":"CCT Canarias","item":"https:\/\/www.ull.es\/portal\/cienciaull\/cctcanarias\/"},{"@type":"ListItem","position":3,"name":"Programa de actividades &#8211; CCT Canarias 2022"}]},{"@type":"WebSite","@id":"https:\/\/www.ull.es\/portal\/cienciaull\/#website","url":"https:\/\/www.ull.es\/portal\/cienciaull\/","name":"","description":"Unidad de Cultura Cient\u00edfica y de la Innovaci\u00f3n de la Universidad de La Laguna","potentialAction":[{"@type":"SearchAction","target":{"@type":"EntryPoint","urlTemplate":"https:\/\/www.ull.es\/portal\/cienciaull\/?s={search_term_string}"},"query-input":"required name=search_term_string"}],"inLanguage":"es"}]}},"_links":{"self":[{"href":"https:\/\/www.ull.es\/portal\/cienciaull\/wp-json\/wp\/v2\/pages\/16348"}],"collection":[{"href":"https:\/\/www.ull.es\/portal\/cienciaull\/wp-json\/wp\/v2\/pages"}],"about":[{"href":"https:\/\/www.ull.es\/portal\/cienciaull\/wp-json\/wp\/v2\/types\/page"}],"author":[{"embeddable":true,"href":"https:\/\/www.ull.es\/portal\/cienciaull\/wp-json\/wp\/v2\/users\/56"}],"replies":[{"embeddable":true,"href":"https:\/\/www.ull.es\/portal\/cienciaull\/wp-json\/wp\/v2\/comments?post=16348"}],"version-history":[{"count":32,"href":"https:\/\/www.ull.es\/portal\/cienciaull\/wp-json\/wp\/v2\/pages\/16348\/revisions"}],"predecessor-version":[{"id":30820,"href":"https:\/\/www.ull.es\/portal\/cienciaull\/wp-json\/wp\/v2\/pages\/16348\/revisions\/30820"}],"up":[{"embeddable":true,"href":"https:\/\/www.ull.es\/portal\/cienciaull\/wp-json\/wp\/v2\/pages\/3919"}],"wp:attachment":[{"href":"https:\/\/www.ull.es\/portal\/cienciaull\/wp-json\/wp\/v2\/media?parent=16348"}],"curies":[{"name":"wp","href":"https:\/\/api.w.org\/{rel}","templated":true}]}}