{"id":16621,"date":"2022-05-19T14:05:12","date_gmt":"2022-05-19T14:05:12","guid":{"rendered":"https:\/\/www.ull.es\/portal\/cienciaull\/?page_id=16621"},"modified":"2024-07-17T13:07:51","modified_gmt":"2024-07-17T13:07:51","slug":"preinscripcion-2","status":"publish","type":"page","link":"https:\/\/www.ull.es\/portal\/cienciaull\/preinscripcion-2\/","title":{"rendered":"Preinscripci\u00f3n"},"content":{"rendered":"<p>[vc_row][vc_column]\n<div id=\"rev_slider_293_1_wrapper\" class=\"rev_slider_wrapper fullwidthbanner-container\" data-source=\"gallery\" style=\"margin:0px auto;background:transparent;padding:0px;margin-top:0px;margin-bottom:0px;\">\n<!-- START REVOLUTION SLIDER 5.4.7.3 auto mode -->\n\t<div id=\"rev_slider_293_1\" class=\"rev_slider fullwidthabanner\" style=\"display:none;\" data-version=\"5.4.7.3\">\n<ul>\t<!-- SLIDE  -->\n\t<li data-index=\"rs-343\" data-transition=\"fade\" data-slotamount=\"default\" data-hideafterloop=\"0\" data-hideslideonmobile=\"off\"  data-easein=\"default\" data-easeout=\"default\" data-masterspeed=\"300\"  data-rotate=\"0\"  data-saveperformance=\"off\"  data-title=\"Slide\" data-param1=\"\" data-param2=\"\" data-param3=\"\" data-param4=\"\" data-param5=\"\" data-param6=\"\" data-param7=\"\" data-param8=\"\" data-param9=\"\" data-param10=\"\" data-description=\"\">\n\t\t<!-- MAIN IMAGE -->\n\t\t<img src=\"https:\/\/www.ull.es\/portal\/cienciaull\/wp-content\/plugins\/revslider\/admin\/assets\/images\/transparent.png\"  alt=\"\" title=\"Preinscripci\u00f3n\"  data-bgposition=\"center center\" data-bgfit=\"cover\" data-bgrepeat=\"no-repeat\" class=\"rev-slidebg\" data-no-retina>\n\t\t<!-- LAYERS -->\n\n\t\t<!-- LAYER NR. 1 -->\n\t\t<div class=\"tp-caption   tp-resizeme\" \n\t\t\t id=\"slide-343-layer-2\" \n\t\t\t data-x=\"\" \n\t\t\t data-y=\"-56\" \n\t\t\t\t\t\tdata-width=\"['none','none','none','none']\"\n\t\t\tdata-height=\"['none','none','none','none']\"\n \n\t\t\tdata-type=\"image\" \n\t\t\tdata-responsive_offset=\"on\" \n\n\t\t\tdata-frames='[{\"delay\":0,\"speed\":300,\"frame\":\"0\",\"from\":\"opacity:0;\",\"to\":\"o:1;\",\"ease\":\"Power3.easeInOut\"},{\"delay\":\"wait\",\"speed\":300,\"frame\":\"999\",\"to\":\"opacity:0;\",\"ease\":\"Power3.easeInOut\"}]'\n\t\t\tdata-textAlign=\"['inherit','inherit','inherit','inherit']\"\n\t\t\tdata-paddingtop=\"[0,0,0,0]\"\n\t\t\tdata-paddingright=\"[0,0,0,0]\"\n\t\t\tdata-paddingbottom=\"[0,0,0,0]\"\n\t\t\tdata-paddingleft=\"[0,0,0,0]\"\n\n\t\t\tstyle=\"z-index: 6;\"><img src=\"https:\/\/www.ull.es\/portal\/cienciaull\/wp-content\/uploads\/sites\/24\/2024\/06\/cct_canarias_Banner-header-Facebook.jpg\" alt=\"\" data-ww=\"1524px\" data-hh=\"564px\" width=\"1773\" height=\"656\" data-no-retina> <\/div>\n\t<\/li>\n<\/ul>\n<div class=\"tp-bannertimer tp-bottom\" style=\"visibility: hidden !important;\"><\/div>\t<\/div>\n<script>var htmlDiv = document.getElementById(\"rs-plugin-settings-inline-css\"); var htmlDivCss=\"\";\r\n\t\t\t\tif(htmlDiv) {\r\n\t\t\t\t\thtmlDiv.innerHTML = htmlDiv.innerHTML + htmlDivCss;\r\n\t\t\t\t}else{\r\n\t\t\t\t\tvar htmlDiv = document.createElement(\"div\");\r\n\t\t\t\t\thtmlDiv.innerHTML = \"<style>\" + htmlDivCss + \"<\/style>\";\r\n\t\t\t\t\tdocument.getElementsByTagName(\"head\")[0].appendChild(htmlDiv.childNodes[0]);\r\n\t\t\t\t}\r\n\t\t\t<\/script>\n\t\t<script type=\"text\/javascript\">\r\nif (setREVStartSize!==undefined) setREVStartSize(\r\n\t{c: '#rev_slider_293_1', gridwidth: [1500], gridheight: [500], sliderLayout: 'auto'});\r\n\t\t\t\r\nvar revapi293,\r\n\ttpj;\t\r\n(function() {\t\t\t\r\n\tif (!\/loaded|interactive|complete\/.test(document.readyState)) document.addEventListener(\"DOMContentLoaded\",onLoad); else onLoad();\t\r\n\tfunction onLoad() {\t\t\t\t\r\n\t\tif (tpj===undefined) { tpj = jQuery; if(\"off\" == \"on\") tpj.noConflict();}\r\n\tif(tpj(\"#rev_slider_293_1\").revolution == undefined){\n\t\trevslider_showDoubleJqueryError(\"#rev_slider_293_1\");\n\t}else{\n\t\trevapi293 = tpj(\"#rev_slider_293_1\").show().revolution({\n\t\t\tsliderType:\"hero\",\n\t\t\tjsFileLocation:\"\/\/www.ull.es\/portal\/cienciaull\/wp-content\/plugins\/revslider\/public\/assets\/js\/\",\n\t\t\tsliderLayout:\"auto\",\n\t\t\tdottedOverlay:\"none\",\n\t\t\tdelay:9000,\n\t\t\tvisibilityLevels:[1240,1024,778,480],\n\t\t\tgridwidth:1500,\n\t\t\tgridheight:500,\n\t\t\tlazyType:\"none\",\n\t\t\tshadow:0,\n\t\t\tspinner:\"spinner0\",\n\t\t\tautoHeight:\"off\",\n\t\t\tdisableProgressBar:\"on\",\n\t\t\thideThumbsOnMobile:\"off\",\n\t\t\thideSliderAtLimit:0,\n\t\t\thideCaptionAtLimit:0,\n\t\t\thideAllCaptionAtLilmit:0,\n\t\t\tdebugMode:false,\n\t\t\tfallbacks: {\n\t\t\t\tsimplifyAll:\"off\",\n\t\t\t\tdisableFocusListener:false,\n\t\t\t}\n\t\t});\n\t}; \/* END OF revapi call *\/\n\t\n }; \/* END OF ON LOAD FUNCTION *\/\r\n}()); \/* END OF WRAPPING FUNCTION *\/\r\n<\/script>\r\n\t\t<\/div><!-- END REVOLUTION SLIDER -->[vc_separator color=\u00bbcustom\u00bb border_width=\u00bb10&#8243; accent_color=\u00bb#e84e1b\u00bb][\/vc_column][\/vc_row][vc_row][vc_column width=\u00bb2\/3&#8243;][vc_empty_space height=\u00bb40px\u00bb][vc_custom_heading text=\u00bbPreinscripci\u00f3n\u00bb font_container=\u00bbtag:h2|text_align:left|color:%23e84e1b\u00bb google_fonts=\u00bbfont_family:Roboto%20Slab%3A100%2C300%2Cregular%2C700|font_style:700%20bold%20regular%3A700%3Anormal\u00bb css=\u00bb.vc_custom_1652980773859{margin-bottom: 6px !important;border-bottom-width: 6px !important;padding-bottom: 6px !important;}\u00bb][vc_column_text]<\/p>\n<p style=\"text-align: justify\">El periodo de prescripci\u00f3n a esta actividad se amplia<span style=\"color: #ff0000\"> <strong>hasta el <span style=\"text-decoration: underline\">\u00a016 de julio de 2024 hasta las 23:59 h<\/span>. <\/strong><\/span><\/p>\n<p style=\"text-align: justify\">Para realizarla tienes que rellenar el siguiente formulario, <span style=\"color: #ff0000\">antes de cumplimentarlo lee detenidamente las bases del programa, en ella se recogen<\/span> los requisitos de los y las participantes, la documentaci\u00f3n aportar y las condiciones de participaci\u00f3n.<\/p>\n<p>[\/vc_column_text][vc_empty_space height=\u00bb20px\u00bb][vc_btn title=\u00bbBases de Participaci\u00f3n\u00bb color=\u00bbinfo\u00bb size=\u00bblg\u00bb align=\u00bbcenter\u00bb button_block=\u00bbtrue\u00bb link=\u00bburl:https%3A%2F%2Fdrive.google.com%2Ffile%2Fd%2F1cutFXA9AP1ggU6BAMIWOYWUQLhVEbq2G%2Fview%3Fusp%3Ddrive_link\u00bb][vc_btn title=\u00bbFormulario de Inscripci\u00f3n\u00bb color=\u00bbinfo\u00bb size=\u00bblg\u00bb align=\u00bbcenter\u00bb button_block=\u00bbtrue\u00bb link=\u00bburl:https%3A%2F%2Fforms.gle%2FPEhmQf525fMty7SP8&#8243;][vc_btn title=\u00bbListado Provisional \u00bb color=\u00bbinfo\u00bb size=\u00bblg\u00bb align=\u00bbcenter\u00bb button_block=\u00bbtrue\u00bb link=\u00bburl:https%3A%2F%2Fdrive.google.com%2Ffile%2Fd%2F12j3nnOhEEXDpwS8TTyvDYT2zXmuQ7RgG%2Fview%3Fusp%3Dsharing\u00bb][vc_message message_box_color=\u00bbjuicy_pink\u00bb]Se corregido la base 4\u00ba de las bases quedando redactada de la siguiente forma:<\/p>\n<p><strong>BASE 4. REQUISITOS DE LOS BENEFICARIOS<\/strong>.- Ser\u00e1n requisitos necesarios para poder participar en el CCT CANARIAS:<\/p>\n<ol>\n<li><strong>Haber cursando, en el a\u00f1o acad\u00e9mico 2023-2024, ense\u00f1anzas de tercero y cuarto curso de Educaci\u00f3n Secundaria Obligatoria o primer curso de Bachillerato de la especialidad de Ciencias y Tecnolog\u00eda y Ciencias Sociales y Humanidades, del sistema educativo espa\u00f1ol.<\/strong><\/li>\n<li>Haber nacido con posterioridad al 31 de diciembre de 2006.<\/li>\n<li><strong>Haber obtenido una nota media en el curso escolar 2023-2024 igual o superior a 6,00<\/strong><\/li>\n<\/ol>\n<p>Para realizar el c\u00e1lculo de la nota media se tendr\u00e1n en cuenta todas las asignaturas computables, (conforme a lo dispuesto en el Real Decreto 1631\/2006, de 29 de diciembre, disposici\u00f3n adicional segunda, apartado 7) cursadas por el solicitante en el curso escolar 2019-2020 y en los supuestos en los que no figure calificaci\u00f3n num\u00e9rica, se aplicar\u00e1 el siguiente baremo:<\/p>\n<ul>\n<li>Matr\u00edcula de Honor: 10<\/li>\n<li>Sobresaliente: 9 puntos.<\/li>\n<li>Notable: 7,5<\/li>\n<li>Bien: 6,5<\/li>\n<li>Suficiente o apto: 5,5<\/li>\n<li>Insuficiente o no apto: 3<\/li>\n<\/ul>\n<p>Muy deficiente o no presentado: 1 punto[\/vc_message][\/vc_column][vc_column width=\u00bb1\/3&#8243;][vc_empty_space height=\u00bb92px\u00bb][vc_btn title=\u00bbPresentaci\u00f3n\u00bb color=\u00bbinfo\u00bb size=\u00bblg\u00bb align=\u00bbcenter\u00bb button_block=\u00bbtrue\u00bb css=\u00bb.vc_custom_1652972191329{margin-bottom: 3px !important;border-bottom-width: 3px !important;padding-bottom: 3px !important;}\u00bb link=\u00bburl:https%3A%2F%2Fwww.ull.es%2Fportal%2Fcienciaull%2Fcctcanarias%2F\u00bb][vc_btn title=\u00bbObjetivos\u00bb color=\u00bbwarning\u00bb size=\u00bblg\u00bb align=\u00bbcenter\u00bb button_block=\u00bbtrue\u00bb css=\u00bb.vc_custom_1652972013513{margin-bottom: 3px !important;border-bottom-width: 3px !important;padding-bottom: 3px !important;}\u00bb link=\u00bburl:https%3A%2F%2Fwww.ull.es%2Fportal%2Fcienciaull%2Fcctcanarias%2Fobjetivos-cct-canarias2022%2F|title:Objetivos%20%E2%80%93%20CCT%20Canarias%202022&#8243;][vc_btn title=\u00bbDestinatarios\u00bb color=\u00bbinfo\u00bb size=\u00bblg\u00bb align=\u00bbcenter\u00bb button_block=\u00bbtrue\u00bb css=\u00bb.vc_custom_1652972066177{margin-bottom: 3px !important;border-bottom-width: 3px !important;padding-bottom: 3px !important;}\u00bb link=\u00bburl:https%3A%2F%2Fwww.ull.es%2Fportal%2Fcienciaull%2Fcctcanarias%2Fpublico-objetivo-cct-canarias2022%2F|title:P%C3%BAblico%20objetivo%20%E2%80%93%20CCT%20Canarias%202022&#8243;][vc_btn title=\u00bbPrograma de actividades\u00bb color=\u00bbwarning\u00bb size=\u00bblg\u00bb align=\u00bbcenter\u00bb button_block=\u00bbtrue\u00bb css=\u00bb.vc_custom_1652972092784{margin-bottom: 3px !important;border-bottom-width: 3px !important;padding-bottom: 3px !important;}\u00bb link=\u00bburl:https%3A%2F%2Fwww.ull.es%2Fportal%2Fcienciaull%2Fcctcanarias%2Fprograma-de-actividades-cct-canarias-2022%2F|title:Programa%20de%20actividades%20%E2%80%93%20CCT%20Canarias%202022&#8243;][vc_btn title=\u00bbLugar y periodos de celebraci\u00f3n\u00bb color=\u00bbinfo\u00bb size=\u00bblg\u00bb align=\u00bbcenter\u00bb button_block=\u00bbtrue\u00bb css=\u00bb.vc_custom_1652972132193{margin-bottom: 3px !important;border-bottom-width: 3px !important;padding-bottom: 3px !important;}\u00bb link=\u00bburl:https%3A%2F%2Fwww.ull.es%2Fportal%2Fcienciaull%2Fcctcanarias%2Flugar-y-periodos-de-celebracion-cct-canarias2022%2F|title:Lugar%20y%20periodos%20de%20celebraci%C3%B3n%20%E2%80%93%20CCT%20Canarias%202022&#8243;][vc_btn title=\u00bbMultimedia\u00bb color=\u00bbwarning\u00bb size=\u00bblg\u00bb align=\u00bbcenter\u00bb button_block=\u00bbtrue\u00bb css=\u00bb.vc_custom_1652972155114{margin-bottom: 3px !important;border-bottom-width: 3px !important;padding-bottom: 3px !important;}\u00bb link=\u00bburl:https%3A%2F%2Fwww.ull.es%2Fportal%2Fcienciaull%2Fcctcanarias%2Fmultimedia-cct-canarias-2022%2F|title:Multimedia%20%E2%80%93%20CCT%20Canarias%202022&#8243;][vc_btn title=\u00bbEntidades Colaboradoras\u00bb color=\u00bbinfo\u00bb size=\u00bblg\u00bb align=\u00bbcenter\u00bb button_block=\u00bbtrue\u00bb link=\u00bburl:https%3A%2F%2Fwww.ull.es%2Fportal%2Fcienciaull%2Fcctcanarias%2Fcolaboradores-cct-canarias%2F\u00bb css=\u00bb.vc_custom_1658755165706{margin-bottom: 3px !important;border-bottom-width: 3px !important;padding-bottom: 3px !important;}\u00bb][\/vc_column][vc_column][\/vc_column][\/vc_row]<\/p>\n","protected":false},"excerpt":{"rendered":"<p>[vc_row][vc_column][vc_separator color=\u00bbcustom\u00bb border_width=\u00bb10&#8243; accent_color=\u00bb#e84e1b\u00bb][\/vc_column][\/vc_row][vc_row][vc_column width=\u00bb2\/3&#8243;][vc_empty_space height=\u00bb40px\u00bb][vc_custom_heading text=\u00bbPreinscripci\u00f3n\u00bb font_container=\u00bbtag:h2|text_align:left|color:%23e84e1b\u00bb google_fonts=\u00bbfont_family:Roboto%20Slab%3A100%2C300%2Cregular%2C700|font_style:700%20bold%20regular%3A700%3Anormal\u00bb css=\u00bb.vc_custom_1652980773859{margin-bottom: 6px !important;border-bottom-width: 6px !important;padding-bottom: 6px !important;}\u00bb][vc_column_text] El periodo de prescripci\u00f3n a esta actividad se amplia hasta el \u00a016 de julio de 2024 hasta las 23:59 h. Para realizarla tienes que rellenar el siguiente formulario, antes de cumplimentarlo lee detenidamente las bases del programa, en ella&#8230;<\/p>\n","protected":false},"author":56,"featured_media":0,"parent":0,"menu_order":0,"comment_status":"closed","ping_status":"closed","template":"templates\/cienciaull.php","meta":{"inline_featured_image":false,"footnotes":""},"acf":[],"yoast_head":"<!-- This site is optimized with the Yoast SEO plugin v21.3 - https:\/\/yoast.com\/wordpress\/plugins\/seo\/ -->\n<title>Preinscripci\u00f3n -<\/title>\n<meta name=\"robots\" content=\"index, follow, max-snippet:-1, max-image-preview:large, max-video-preview:-1\" \/>\n<link rel=\"canonical\" href=\"https:\/\/www.ull.es\/portal\/cienciaull\/preinscripcion-2\/\" \/>\n<meta property=\"og:locale\" content=\"es_ES\" \/>\n<meta property=\"og:type\" content=\"article\" \/>\n<meta property=\"og:title\" content=\"Preinscripci\u00f3n -\" \/>\n<meta property=\"og:description\" content=\"[vc_row][vc_column][vc_separator color=\u00bbcustom\u00bb border_width=\u00bb10&#8243; accent_color=\u00bb#e84e1b\u00bb][\/vc_column][\/vc_row][vc_row][vc_column width=\u00bb2\/3&#8243;][vc_empty_space height=\u00bb40px\u00bb][vc_custom_heading text=\u00bbPreinscripci\u00f3n\u00bb font_container=\u00bbtag:h2|text_align:left|color:%23e84e1b\u00bb google_fonts=\u00bbfont_family:Roboto%20Slab%3A100%2C300%2Cregular%2C700|font_style:700%20bold%20regular%3A700%3Anormal\u00bb css=\u00bb.vc_custom_1652980773859{margin-bottom: 6px !important;border-bottom-width: 6px !important;padding-bottom: 6px !important;}\u00bb][vc_column_text] El periodo de prescripci\u00f3n a esta actividad se amplia hasta el \u00a016 de julio de 2024 hasta las 23:59 h. Para realizarla tienes que rellenar el siguiente formulario, antes de cumplimentarlo lee detenidamente las bases del programa, en ella...\" \/>\n<meta property=\"og:url\" content=\"https:\/\/www.ull.es\/portal\/cienciaull\/preinscripcion-2\/\" \/>\n<meta property=\"article:publisher\" content=\"https:\/\/www.facebook.com\/CienciaULL\/\" \/>\n<meta property=\"article:modified_time\" content=\"2024-07-17T13:07:51+00:00\" \/>\n<meta name=\"twitter:card\" content=\"summary_large_image\" \/>\n<meta name=\"twitter:site\" content=\"@CienciaULL\" \/>\n<meta name=\"twitter:label1\" content=\"Tiempo de lectura\" \/>\n\t<meta name=\"twitter:data1\" content=\"2 minutos\" \/>\n<script type=\"application\/ld+json\" class=\"yoast-schema-graph\">{\"@context\":\"https:\/\/schema.org\",\"@graph\":[{\"@type\":\"WebPage\",\"@id\":\"https:\/\/www.ull.es\/portal\/cienciaull\/preinscripcion-2\/\",\"url\":\"https:\/\/www.ull.es\/portal\/cienciaull\/preinscripcion-2\/\",\"name\":\"Preinscripci\u00f3n -\",\"isPartOf\":{\"@id\":\"https:\/\/www.ull.es\/portal\/cienciaull\/#website\"},\"datePublished\":\"2022-05-19T14:05:12+00:00\",\"dateModified\":\"2024-07-17T13:07:51+00:00\",\"breadcrumb\":{\"@id\":\"https:\/\/www.ull.es\/portal\/cienciaull\/preinscripcion-2\/#breadcrumb\"},\"inLanguage\":\"es\",\"potentialAction\":[{\"@type\":\"ReadAction\",\"target\":[\"https:\/\/www.ull.es\/portal\/cienciaull\/preinscripcion-2\/\"]}]},{\"@type\":\"BreadcrumbList\",\"@id\":\"https:\/\/www.ull.es\/portal\/cienciaull\/preinscripcion-2\/#breadcrumb\",\"itemListElement\":[{\"@type\":\"ListItem\",\"position\":1,\"name\":\"Portada\",\"item\":\"https:\/\/www.ull.es\/portal\/cienciaull\/\"},{\"@type\":\"ListItem\",\"position\":2,\"name\":\"Preinscripci\u00f3n\"}]},{\"@type\":\"WebSite\",\"@id\":\"https:\/\/www.ull.es\/portal\/cienciaull\/#website\",\"url\":\"https:\/\/www.ull.es\/portal\/cienciaull\/\",\"name\":\"\",\"description\":\"Unidad de Cultura Cient\u00edfica y de la Innovaci\u00f3n de la Universidad de La Laguna\",\"potentialAction\":[{\"@type\":\"SearchAction\",\"target\":{\"@type\":\"EntryPoint\",\"urlTemplate\":\"https:\/\/www.ull.es\/portal\/cienciaull\/?s={search_term_string}\"},\"query-input\":\"required name=search_term_string\"}],\"inLanguage\":\"es\"}]}<\/script>\n<!-- \/ Yoast SEO plugin. -->","yoast_head_json":{"title":"Preinscripci\u00f3n -","robots":{"index":"index","follow":"follow","max-snippet":"max-snippet:-1","max-image-preview":"max-image-preview:large","max-video-preview":"max-video-preview:-1"},"canonical":"https:\/\/www.ull.es\/portal\/cienciaull\/preinscripcion-2\/","og_locale":"es_ES","og_type":"article","og_title":"Preinscripci\u00f3n -","og_description":"[vc_row][vc_column][vc_separator color=\u00bbcustom\u00bb border_width=\u00bb10&#8243; accent_color=\u00bb#e84e1b\u00bb][\/vc_column][\/vc_row][vc_row][vc_column width=\u00bb2\/3&#8243;][vc_empty_space height=\u00bb40px\u00bb][vc_custom_heading text=\u00bbPreinscripci\u00f3n\u00bb font_container=\u00bbtag:h2|text_align:left|color:%23e84e1b\u00bb google_fonts=\u00bbfont_family:Roboto%20Slab%3A100%2C300%2Cregular%2C700|font_style:700%20bold%20regular%3A700%3Anormal\u00bb css=\u00bb.vc_custom_1652980773859{margin-bottom: 6px !important;border-bottom-width: 6px !important;padding-bottom: 6px !important;}\u00bb][vc_column_text] El periodo de prescripci\u00f3n a esta actividad se amplia hasta el \u00a016 de julio de 2024 hasta las 23:59 h. Para realizarla tienes que rellenar el siguiente formulario, antes de cumplimentarlo lee detenidamente las bases del programa, en ella...","og_url":"https:\/\/www.ull.es\/portal\/cienciaull\/preinscripcion-2\/","article_publisher":"https:\/\/www.facebook.com\/CienciaULL\/","article_modified_time":"2024-07-17T13:07:51+00:00","twitter_card":"summary_large_image","twitter_site":"@CienciaULL","twitter_misc":{"Tiempo de lectura":"2 minutos"},"schema":{"@context":"https:\/\/schema.org","@graph":[{"@type":"WebPage","@id":"https:\/\/www.ull.es\/portal\/cienciaull\/preinscripcion-2\/","url":"https:\/\/www.ull.es\/portal\/cienciaull\/preinscripcion-2\/","name":"Preinscripci\u00f3n -","isPartOf":{"@id":"https:\/\/www.ull.es\/portal\/cienciaull\/#website"},"datePublished":"2022-05-19T14:05:12+00:00","dateModified":"2024-07-17T13:07:51+00:00","breadcrumb":{"@id":"https:\/\/www.ull.es\/portal\/cienciaull\/preinscripcion-2\/#breadcrumb"},"inLanguage":"es","potentialAction":[{"@type":"ReadAction","target":["https:\/\/www.ull.es\/portal\/cienciaull\/preinscripcion-2\/"]}]},{"@type":"BreadcrumbList","@id":"https:\/\/www.ull.es\/portal\/cienciaull\/preinscripcion-2\/#breadcrumb","itemListElement":[{"@type":"ListItem","position":1,"name":"Portada","item":"https:\/\/www.ull.es\/portal\/cienciaull\/"},{"@type":"ListItem","position":2,"name":"Preinscripci\u00f3n"}]},{"@type":"WebSite","@id":"https:\/\/www.ull.es\/portal\/cienciaull\/#website","url":"https:\/\/www.ull.es\/portal\/cienciaull\/","name":"","description":"Unidad de Cultura Cient\u00edfica y de la Innovaci\u00f3n de la Universidad de La Laguna","potentialAction":[{"@type":"SearchAction","target":{"@type":"EntryPoint","urlTemplate":"https:\/\/www.ull.es\/portal\/cienciaull\/?s={search_term_string}"},"query-input":"required name=search_term_string"}],"inLanguage":"es"}]}},"_links":{"self":[{"href":"https:\/\/www.ull.es\/portal\/cienciaull\/wp-json\/wp\/v2\/pages\/16621"}],"collection":[{"href":"https:\/\/www.ull.es\/portal\/cienciaull\/wp-json\/wp\/v2\/pages"}],"about":[{"href":"https:\/\/www.ull.es\/portal\/cienciaull\/wp-json\/wp\/v2\/types\/page"}],"author":[{"embeddable":true,"href":"https:\/\/www.ull.es\/portal\/cienciaull\/wp-json\/wp\/v2\/users\/56"}],"replies":[{"embeddable":true,"href":"https:\/\/www.ull.es\/portal\/cienciaull\/wp-json\/wp\/v2\/comments?post=16621"}],"version-history":[{"count":38,"href":"https:\/\/www.ull.es\/portal\/cienciaull\/wp-json\/wp\/v2\/pages\/16621\/revisions"}],"predecessor-version":[{"id":30521,"href":"https:\/\/www.ull.es\/portal\/cienciaull\/wp-json\/wp\/v2\/pages\/16621\/revisions\/30521"}],"wp:attachment":[{"href":"https:\/\/www.ull.es\/portal\/cienciaull\/wp-json\/wp\/v2\/media?parent=16621"}],"curies":[{"name":"wp","href":"https:\/\/api.w.org\/{rel}","templated":true}]}}