{"id":16879,"date":"2022-07-07T09:14:20","date_gmt":"2022-07-07T09:14:20","guid":{"rendered":"https:\/\/www.ull.es\/portal\/cienciaull\/?page_id=16879"},"modified":"2025-07-28T10:47:00","modified_gmt":"2025-07-28T10:47:00","slug":"taller-15-alerta-tortuga-la-importancia-de-las-tortugas-marinas-su-conservacion-y-correcto-manejo-en-canarias","status":"publish","type":"page","link":"https:\/\/www.ull.es\/portal\/cienciaull\/laboratorio-virtual-conecta-cienciull\/energia-biodiversidad-y-medioambiente\/taller-15-alerta-tortuga-la-importancia-de-las-tortugas-marinas-su-conservacion-y-correcto-manejo-en-canarias\/","title":{"rendered":"Taller 15. \u00abAlerta tortuga: la importancia de las tortugas marinas, su conservaci\u00f3n y correcto manejo en Canarias\u00bb"},"content":{"rendered":"<p>[vc_row][vc_column][vc_custom_heading source=\u00bbpost_title\u00bb font_container=\u00bbtag:h2|text_align:left|color:%236aaa3a\u00bb google_fonts=\u00bbfont_family:Roboto%20Slab%3A100%2C300%2Cregular%2C700|font_style:700%20bold%20regular%3A700%3Anormal\u00bb][vc_video link=\u00bbhttps:\/\/youtu.be\/A-ZxSnXumVM\u00bb][vc_empty_space][vc_column_text]<\/p>\n<table style=\"height: 146px\" width=\"1029\">\n<tbody>\n<tr>\n<td width=\"118\"><strong>Breve descripci\u00f3n<\/strong><\/td>\n<\/tr>\n<tr>\n<td style=\"text-align: justify\">\n<p style=\"text-align: justify\">Canarias es una zona de paso y alimentaci\u00f3n para las tortugas marinas, especialmente para la tortuga boba (Caretta caretta) y la tortuga verde (Chelonia mydas). Sin embargo, anualmente, se producen numerosos varamientos de estos animales, en las costas del archipi\u00e9lago. Actualmente, todas las especies de tortugas marinas se encuentran en peligro de extinci\u00f3n, y en diferentes partes del mundo se est\u00e1n llevando a cabo programas de conservaci\u00f3n. Creemos que en las islas tambi\u00e9n es importante desarrollar acciones que contribuyan a garantizar la supervivencia de las especies que pasan aqu\u00ed parte de su vida. Para ello, la mejor manera es profundizar en los problemas a los que se enfrentan en una zona tan importante para ellas como Canarias, y hacer llegar a la sociedad informaci\u00f3n acerca de c\u00f3mo deber\u00edan actuar frente a tortugas con problemas y c\u00f3mo pueden sumarse a las iniciativas de conservaci\u00f3n. En el v\u00eddeo hablaremos de la biolog\u00eda de las especies de tortugas marinas que se encuentran en las islas, de su importancia para los ecosistemas marinos y costeros de Canarias; de su situaci\u00f3n actual y la problem\u00e1tica de los varamientos y los pl\u00e1sticos\/basura en el mar.<\/p>\n<p style=\"text-align: justify\">De manera pr\u00e1ctica podr\u00e1s observar las correctas t\u00e9cnicas de actuaci\u00f3n frente a un varamiento de tortuga marina y el manejo correcto de estos animales. Tambi\u00e9n se mostrar\u00e1n las diferentes t\u00e9cnicas de investigaci\u00f3n que se est\u00e1n utilizando para conocer m\u00e1s sobre los individuos encontrados en Canarias y su identificaci\u00f3n. Con la finalidad de que el alumnado salga concienciado sobre esta problem\u00e1tica ambiental, y tenga las t\u00e9cnicas necesarias para actuar y ayudar a estos animales si se encuentran con problemas. As\u00ed como, aprenda diferentes t\u00e9cnicas de identificaci\u00f3n de estos individuos y de su estado ecol\u00f3gico.<\/p>\n<\/td>\n<\/tr>\n<\/tbody>\n<\/table>\n<p>[\/vc_column_text][vc_column_text]<\/p>\n<table style=\"height: 57px\" width=\"744\">\n<tbody>\n<tr>\n<td width=\"152\"><strong>P\u00fablico al que se dirige<\/strong><\/td>\n<td width=\"80\"><strong>Duraci\u00f3n\u00a0<\/strong><\/td>\n<\/tr>\n<tr>\n<td>Alumnado de ESO y Bachillerato<\/td>\n<td>16:20<\/td>\n<\/tr>\n<\/tbody>\n<\/table>\n<p>[\/vc_column_text][vc_column_text]<\/p>\n<table>\n<tbody>\n<tr>\n<td colspan=\"2\" width=\"566\"><strong>Materiales y recursos<\/strong><\/td>\n<\/tr>\n<tr>\n<td width=\"283\">\n<ul>\n<li>Maquetas tortugas marinas para la pr\u00e1ctica del protocolo de actuaci\u00f3n<\/li>\n<li>Redes de pesca pl\u00e1sticas, anzuelos y sedales<\/li>\n<\/ul>\n<\/td>\n<td width=\"283\">\n<ul>\n<li>Bolsas pl\u00e1sticas<\/li>\n<li>Recipiente grande con agua<\/li>\n<li>Tijeras y alicates<\/li>\n<li>Ordenador<\/li>\n<\/ul>\n<\/td>\n<\/tr>\n<\/tbody>\n<\/table>\n<p>[\/vc_column_text][vc_column_text]<\/p>\n<table style=\"height: 35px\" width=\"741\">\n<tbody>\n<tr>\n<td width=\"97\"><strong>Investigadora<\/strong><\/td>\n<td width=\"80\">Claudia Hurtado Pamp\u00edn<\/td>\n<\/tr>\n<tr>\n<td><strong>Departamento<\/strong><\/td>\n<td>Biolog\u00eda Animal, Edafolog\u00eda y Geolog\u00eda. Y colaboradora del Instituto Universitario de Investigaci\u00f3n Social y Turismos (ISTUR)<\/td>\n<\/tr>\n<\/tbody>\n<\/table>\n<p>[\/vc_column_text][vc_empty_space][\/vc_column][\/vc_row][vc_row][vc_column width=\u00bb1\/2&#8243;][vc_btn title=\u00bbDescargar ficha del taller\u00bb color=\u00bbgreen\u00bb align=\u00bbcenter\u00bb button_block=\u00bbtrue\u00bb link=\u00bburl:https%3A%2F%2Fdrive.google.com%2Ffile%2Fd%2F1xiU9zyi2u9cXOkzOgmdt-rJ64Nctkpel%2Fview%3Fusp%3Dsharing|target:_blank\u00bb][\/vc_column][vc_column width=\u00bb1\/2&#8243;][vc_btn title=\u00bbAnexo taller\u00bb color=\u00bbsuccess\u00bb align=\u00bbcenter\u00bb button_block=\u00bbtrue\u00bb link=\u00bburl:https%3A%2F%2Fdrive.google.com%2Fdrive%2Ffolders%2F1kugPTq2IJBlKtcgAQ4AU&#8211;UtIRRyr8yL%3Fusp%3Dsharing|target:_blank\u00bb][\/vc_column][\/vc_row]<\/p>\n","protected":false},"excerpt":{"rendered":"<p>[vc_row][vc_column][vc_custom_heading source=\u00bbpost_title\u00bb font_container=\u00bbtag:h2|text_align:left|color:%236aaa3a\u00bb google_fonts=\u00bbfont_family:Roboto%20Slab%3A100%2C300%2Cregular%2C700|font_style:700%20bold%20regular%3A700%3Anormal\u00bb][vc_video link=\u00bbhttps:\/\/youtu.be\/A-ZxSnXumVM\u00bb][vc_empty_space][vc_column_text] Breve descripci\u00f3n Canarias es una zona de paso y alimentaci\u00f3n para las tortugas marinas, especialmente para la tortuga boba (Caretta caretta) y la tortuga verde (Chelonia mydas). Sin embargo, anualmente, se producen numerosos varamientos de estos animales, en las costas del archipi\u00e9lago. Actualmente, todas las especies de tortugas marinas se&#8230;<\/p>\n","protected":false},"author":56,"featured_media":0,"parent":26989,"menu_order":15,"comment_status":"closed","ping_status":"closed","template":"","meta":{"inline_featured_image":false,"footnotes":""},"acf":[],"yoast_head":"<!-- This site is optimized with the Yoast SEO plugin v21.3 - https:\/\/yoast.com\/wordpress\/plugins\/seo\/ -->\n<title>Taller 15. \u00abAlerta tortuga: la importancia de las tortugas marinas, su conservaci\u00f3n y correcto manejo en Canarias\u00bb -<\/title>\n<meta name=\"robots\" content=\"index, follow, max-snippet:-1, max-image-preview:large, max-video-preview:-1\" \/>\n<link rel=\"canonical\" href=\"https:\/\/www.ull.es\/portal\/cienciaull\/laboratorio-virtual-conecta-cienciull\/energia-biodiversidad-y-medioambiente\/taller-15-alerta-tortuga-la-importancia-de-las-tortugas-marinas-su-conservacion-y-correcto-manejo-en-canarias\/\" \/>\n<meta property=\"og:locale\" content=\"es_ES\" \/>\n<meta property=\"og:type\" content=\"article\" \/>\n<meta property=\"og:title\" content=\"Taller 15. \u00abAlerta tortuga: la importancia de las tortugas marinas, su conservaci\u00f3n y correcto manejo en Canarias\u00bb -\" \/>\n<meta property=\"og:description\" content=\"[vc_row][vc_column][vc_custom_heading source=\u00bbpost_title\u00bb font_container=\u00bbtag:h2|text_align:left|color:%236aaa3a\u00bb google_fonts=\u00bbfont_family:Roboto%20Slab%3A100%2C300%2Cregular%2C700|font_style:700%20bold%20regular%3A700%3Anormal\u00bb][vc_video link=\u00bbhttps:\/\/youtu.be\/A-ZxSnXumVM\u00bb][vc_empty_space][vc_column_text] Breve descripci\u00f3n Canarias es una zona de paso y alimentaci\u00f3n para las tortugas marinas, especialmente para la tortuga boba (Caretta caretta) y la tortuga verde (Chelonia mydas). Sin embargo, anualmente, se producen numerosos varamientos de estos animales, en las costas del archipi\u00e9lago. Actualmente, todas las especies de tortugas marinas se...\" \/>\n<meta property=\"og:url\" content=\"https:\/\/www.ull.es\/portal\/cienciaull\/laboratorio-virtual-conecta-cienciull\/energia-biodiversidad-y-medioambiente\/taller-15-alerta-tortuga-la-importancia-de-las-tortugas-marinas-su-conservacion-y-correcto-manejo-en-canarias\/\" \/>\n<meta property=\"article:publisher\" content=\"https:\/\/www.facebook.com\/CienciaULL\/\" \/>\n<meta property=\"article:modified_time\" content=\"2025-07-28T10:47:00+00:00\" \/>\n<meta name=\"twitter:card\" content=\"summary_large_image\" \/>\n<meta name=\"twitter:site\" content=\"@CienciaULL\" \/>\n<meta name=\"twitter:label1\" content=\"Tiempo de lectura\" \/>\n\t<meta name=\"twitter:data1\" content=\"2 minutos\" \/>\n<script type=\"application\/ld+json\" class=\"yoast-schema-graph\">{\"@context\":\"https:\/\/schema.org\",\"@graph\":[{\"@type\":\"WebPage\",\"@id\":\"https:\/\/www.ull.es\/portal\/cienciaull\/laboratorio-virtual-conecta-cienciull\/energia-biodiversidad-y-medioambiente\/taller-15-alerta-tortuga-la-importancia-de-las-tortugas-marinas-su-conservacion-y-correcto-manejo-en-canarias\/\",\"url\":\"https:\/\/www.ull.es\/portal\/cienciaull\/laboratorio-virtual-conecta-cienciull\/energia-biodiversidad-y-medioambiente\/taller-15-alerta-tortuga-la-importancia-de-las-tortugas-marinas-su-conservacion-y-correcto-manejo-en-canarias\/\",\"name\":\"Taller 15. \u00abAlerta tortuga: la importancia de las tortugas marinas, su conservaci\u00f3n y correcto manejo en Canarias\u00bb -\",\"isPartOf\":{\"@id\":\"https:\/\/www.ull.es\/portal\/cienciaull\/#website\"},\"datePublished\":\"2022-07-07T09:14:20+00:00\",\"dateModified\":\"2025-07-28T10:47:00+00:00\",\"breadcrumb\":{\"@id\":\"https:\/\/www.ull.es\/portal\/cienciaull\/laboratorio-virtual-conecta-cienciull\/energia-biodiversidad-y-medioambiente\/taller-15-alerta-tortuga-la-importancia-de-las-tortugas-marinas-su-conservacion-y-correcto-manejo-en-canarias\/#breadcrumb\"},\"inLanguage\":\"es\",\"potentialAction\":[{\"@type\":\"ReadAction\",\"target\":[\"https:\/\/www.ull.es\/portal\/cienciaull\/laboratorio-virtual-conecta-cienciull\/energia-biodiversidad-y-medioambiente\/taller-15-alerta-tortuga-la-importancia-de-las-tortugas-marinas-su-conservacion-y-correcto-manejo-en-canarias\/\"]}]},{\"@type\":\"BreadcrumbList\",\"@id\":\"https:\/\/www.ull.es\/portal\/cienciaull\/laboratorio-virtual-conecta-cienciull\/energia-biodiversidad-y-medioambiente\/taller-15-alerta-tortuga-la-importancia-de-las-tortugas-marinas-su-conservacion-y-correcto-manejo-en-canarias\/#breadcrumb\",\"itemListElement\":[{\"@type\":\"ListItem\",\"position\":1,\"name\":\"Portada\",\"item\":\"https:\/\/www.ull.es\/portal\/cienciaull\/\"},{\"@type\":\"ListItem\",\"position\":2,\"name\":\"Laboratorio Virtual Conecta Cienci@ULL\",\"item\":\"https:\/\/www.ull.es\/portal\/cienciaull\/laboratorio-virtual-conecta-cienciull\/\"},{\"@type\":\"ListItem\",\"position\":3,\"name\":\"Energ\u00eda, Biodiversidad y Medioambiente\",\"item\":\"https:\/\/www.ull.es\/portal\/cienciaull\/laboratorio-virtual-conecta-cienciull\/energia-biodiversidad-y-medioambiente\/\"},{\"@type\":\"ListItem\",\"position\":4,\"name\":\"Taller 15. \u00abAlerta tortuga: la importancia de las tortugas marinas, su conservaci\u00f3n y correcto manejo en Canarias\u00bb\"}]},{\"@type\":\"WebSite\",\"@id\":\"https:\/\/www.ull.es\/portal\/cienciaull\/#website\",\"url\":\"https:\/\/www.ull.es\/portal\/cienciaull\/\",\"name\":\"\",\"description\":\"Unidad de Cultura Cient\u00edfica y de la Innovaci\u00f3n de la Universidad de La Laguna\",\"potentialAction\":[{\"@type\":\"SearchAction\",\"target\":{\"@type\":\"EntryPoint\",\"urlTemplate\":\"https:\/\/www.ull.es\/portal\/cienciaull\/?s={search_term_string}\"},\"query-input\":\"required name=search_term_string\"}],\"inLanguage\":\"es\"}]}<\/script>\n<!-- \/ Yoast SEO plugin. -->","yoast_head_json":{"title":"Taller 15. \u00abAlerta tortuga: la importancia de las tortugas marinas, su conservaci\u00f3n y correcto manejo en Canarias\u00bb -","robots":{"index":"index","follow":"follow","max-snippet":"max-snippet:-1","max-image-preview":"max-image-preview:large","max-video-preview":"max-video-preview:-1"},"canonical":"https:\/\/www.ull.es\/portal\/cienciaull\/laboratorio-virtual-conecta-cienciull\/energia-biodiversidad-y-medioambiente\/taller-15-alerta-tortuga-la-importancia-de-las-tortugas-marinas-su-conservacion-y-correcto-manejo-en-canarias\/","og_locale":"es_ES","og_type":"article","og_title":"Taller 15. \u00abAlerta tortuga: la importancia de las tortugas marinas, su conservaci\u00f3n y correcto manejo en Canarias\u00bb -","og_description":"[vc_row][vc_column][vc_custom_heading source=\u00bbpost_title\u00bb font_container=\u00bbtag:h2|text_align:left|color:%236aaa3a\u00bb google_fonts=\u00bbfont_family:Roboto%20Slab%3A100%2C300%2Cregular%2C700|font_style:700%20bold%20regular%3A700%3Anormal\u00bb][vc_video link=\u00bbhttps:\/\/youtu.be\/A-ZxSnXumVM\u00bb][vc_empty_space][vc_column_text] Breve descripci\u00f3n Canarias es una zona de paso y alimentaci\u00f3n para las tortugas marinas, especialmente para la tortuga boba (Caretta caretta) y la tortuga verde (Chelonia mydas). Sin embargo, anualmente, se producen numerosos varamientos de estos animales, en las costas del archipi\u00e9lago. Actualmente, todas las especies de tortugas marinas se...","og_url":"https:\/\/www.ull.es\/portal\/cienciaull\/laboratorio-virtual-conecta-cienciull\/energia-biodiversidad-y-medioambiente\/taller-15-alerta-tortuga-la-importancia-de-las-tortugas-marinas-su-conservacion-y-correcto-manejo-en-canarias\/","article_publisher":"https:\/\/www.facebook.com\/CienciaULL\/","article_modified_time":"2025-07-28T10:47:00+00:00","twitter_card":"summary_large_image","twitter_site":"@CienciaULL","twitter_misc":{"Tiempo de lectura":"2 minutos"},"schema":{"@context":"https:\/\/schema.org","@graph":[{"@type":"WebPage","@id":"https:\/\/www.ull.es\/portal\/cienciaull\/laboratorio-virtual-conecta-cienciull\/energia-biodiversidad-y-medioambiente\/taller-15-alerta-tortuga-la-importancia-de-las-tortugas-marinas-su-conservacion-y-correcto-manejo-en-canarias\/","url":"https:\/\/www.ull.es\/portal\/cienciaull\/laboratorio-virtual-conecta-cienciull\/energia-biodiversidad-y-medioambiente\/taller-15-alerta-tortuga-la-importancia-de-las-tortugas-marinas-su-conservacion-y-correcto-manejo-en-canarias\/","name":"Taller 15. \u00abAlerta tortuga: la importancia de las tortugas marinas, su conservaci\u00f3n y correcto manejo en Canarias\u00bb -","isPartOf":{"@id":"https:\/\/www.ull.es\/portal\/cienciaull\/#website"},"datePublished":"2022-07-07T09:14:20+00:00","dateModified":"2025-07-28T10:47:00+00:00","breadcrumb":{"@id":"https:\/\/www.ull.es\/portal\/cienciaull\/laboratorio-virtual-conecta-cienciull\/energia-biodiversidad-y-medioambiente\/taller-15-alerta-tortuga-la-importancia-de-las-tortugas-marinas-su-conservacion-y-correcto-manejo-en-canarias\/#breadcrumb"},"inLanguage":"es","potentialAction":[{"@type":"ReadAction","target":["https:\/\/www.ull.es\/portal\/cienciaull\/laboratorio-virtual-conecta-cienciull\/energia-biodiversidad-y-medioambiente\/taller-15-alerta-tortuga-la-importancia-de-las-tortugas-marinas-su-conservacion-y-correcto-manejo-en-canarias\/"]}]},{"@type":"BreadcrumbList","@id":"https:\/\/www.ull.es\/portal\/cienciaull\/laboratorio-virtual-conecta-cienciull\/energia-biodiversidad-y-medioambiente\/taller-15-alerta-tortuga-la-importancia-de-las-tortugas-marinas-su-conservacion-y-correcto-manejo-en-canarias\/#breadcrumb","itemListElement":[{"@type":"ListItem","position":1,"name":"Portada","item":"https:\/\/www.ull.es\/portal\/cienciaull\/"},{"@type":"ListItem","position":2,"name":"Laboratorio Virtual Conecta Cienci@ULL","item":"https:\/\/www.ull.es\/portal\/cienciaull\/laboratorio-virtual-conecta-cienciull\/"},{"@type":"ListItem","position":3,"name":"Energ\u00eda, Biodiversidad y Medioambiente","item":"https:\/\/www.ull.es\/portal\/cienciaull\/laboratorio-virtual-conecta-cienciull\/energia-biodiversidad-y-medioambiente\/"},{"@type":"ListItem","position":4,"name":"Taller 15. \u00abAlerta tortuga: la importancia de las tortugas marinas, su conservaci\u00f3n y correcto manejo en Canarias\u00bb"}]},{"@type":"WebSite","@id":"https:\/\/www.ull.es\/portal\/cienciaull\/#website","url":"https:\/\/www.ull.es\/portal\/cienciaull\/","name":"","description":"Unidad de Cultura Cient\u00edfica y de la Innovaci\u00f3n de la Universidad de La Laguna","potentialAction":[{"@type":"SearchAction","target":{"@type":"EntryPoint","urlTemplate":"https:\/\/www.ull.es\/portal\/cienciaull\/?s={search_term_string}"},"query-input":"required name=search_term_string"}],"inLanguage":"es"}]}},"_links":{"self":[{"href":"https:\/\/www.ull.es\/portal\/cienciaull\/wp-json\/wp\/v2\/pages\/16879"}],"collection":[{"href":"https:\/\/www.ull.es\/portal\/cienciaull\/wp-json\/wp\/v2\/pages"}],"about":[{"href":"https:\/\/www.ull.es\/portal\/cienciaull\/wp-json\/wp\/v2\/types\/page"}],"author":[{"embeddable":true,"href":"https:\/\/www.ull.es\/portal\/cienciaull\/wp-json\/wp\/v2\/users\/56"}],"replies":[{"embeddable":true,"href":"https:\/\/www.ull.es\/portal\/cienciaull\/wp-json\/wp\/v2\/comments?post=16879"}],"version-history":[{"count":8,"href":"https:\/\/www.ull.es\/portal\/cienciaull\/wp-json\/wp\/v2\/pages\/16879\/revisions"}],"predecessor-version":[{"id":35009,"href":"https:\/\/www.ull.es\/portal\/cienciaull\/wp-json\/wp\/v2\/pages\/16879\/revisions\/35009"}],"up":[{"embeddable":true,"href":"https:\/\/www.ull.es\/portal\/cienciaull\/wp-json\/wp\/v2\/pages\/26989"}],"wp:attachment":[{"href":"https:\/\/www.ull.es\/portal\/cienciaull\/wp-json\/wp\/v2\/media?parent=16879"}],"curies":[{"name":"wp","href":"https:\/\/api.w.org\/{rel}","templated":true}]}}