{"id":17368,"date":"2022-07-28T12:58:58","date_gmt":"2022-07-28T12:58:58","guid":{"rendered":"https:\/\/www.ull.es\/portal\/cienciaull\/?page_id=17368"},"modified":"2022-07-29T10:23:13","modified_gmt":"2022-07-29T10:23:13","slug":"the-pioneers-cct-canarias-2022","status":"publish","type":"page","link":"https:\/\/www.ull.es\/portal\/cienciaull\/the-pioneers-cct-canarias-2022\/","title":{"rendered":"The Pioneers &#8211; CCT Canarias 2022"},"content":{"rendered":"<p>[vc_row][vc_column]\n<div id=\"rev_slider_145_1_wrapper\" class=\"rev_slider_wrapper fullwidthbanner-container\" data-source=\"gallery\" style=\"margin:0px auto;background:transparent;padding:0px;margin-top:0px;margin-bottom:0px;\">\n<!-- START REVOLUTION SLIDER 5.4.7.3 fullwidth mode -->\n\t<div id=\"rev_slider_145_1\" class=\"rev_slider fullwidthabanner\" style=\"display:none;\" data-version=\"5.4.7.3\">\n<ul>\t<!-- SLIDE  -->\n\t<li data-index=\"rs-174\" data-transition=\"fade\" data-slotamount=\"default\" data-hideafterloop=\"0\" data-hideslideonmobile=\"off\"  data-easein=\"default\" data-easeout=\"default\" data-masterspeed=\"300\"  data-rotate=\"0\"  data-saveperformance=\"off\"  data-title=\"Slide\" data-param1=\"\" data-param2=\"\" data-param3=\"\" data-param4=\"\" data-param5=\"\" data-param6=\"\" data-param7=\"\" data-param8=\"\" data-param9=\"\" data-param10=\"\" data-description=\"\">\n\t\t<!-- MAIN IMAGE -->\n\t\t<img src=\"https:\/\/s8.gifyu.com\/images\/Banners-Campus-de-la-Ciencia-y-la-Tecnologia-1600x600px.png\"  alt=\"\"  width=\"1920\" height=\"1080\" data-bgposition=\"center center\" data-bgfit=\"cover\" data-bgrepeat=\"no-repeat\" class=\"rev-slidebg\" data-no-retina>\n\t\t<!-- LAYERS -->\n\t<\/li>\n<\/ul>\n<div class=\"tp-bannertimer tp-bottom\" style=\"visibility: hidden !important;\"><\/div>\t<\/div>\n<script>var htmlDiv = document.getElementById(\"rs-plugin-settings-inline-css\"); var htmlDivCss=\"\";\r\n\t\t\t\tif(htmlDiv) {\r\n\t\t\t\t\thtmlDiv.innerHTML = htmlDiv.innerHTML + htmlDivCss;\r\n\t\t\t\t}else{\r\n\t\t\t\t\tvar htmlDiv = document.createElement(\"div\");\r\n\t\t\t\t\thtmlDiv.innerHTML = \"<style>\" + htmlDivCss + \"<\/style>\";\r\n\t\t\t\t\tdocument.getElementsByTagName(\"head\")[0].appendChild(htmlDiv.childNodes[0]);\r\n\t\t\t\t}\r\n\t\t\t<\/script>\n\t\t<script type=\"text\/javascript\">\r\nif (setREVStartSize!==undefined) setREVStartSize(\r\n\t{c: '#rev_slider_145_1', gridwidth: [1600], gridheight: [600], sliderLayout: 'auto'});\r\n\t\t\t\r\nvar revapi145,\r\n\ttpj;\t\r\n(function() {\t\t\t\r\n\tif (!\/loaded|interactive|complete\/.test(document.readyState)) document.addEventListener(\"DOMContentLoaded\",onLoad); else onLoad();\t\r\n\tfunction onLoad() {\t\t\t\t\r\n\t\tif (tpj===undefined) { tpj = jQuery; if(\"off\" == \"on\") tpj.noConflict();}\r\n\tif(tpj(\"#rev_slider_145_1\").revolution == undefined){\n\t\trevslider_showDoubleJqueryError(\"#rev_slider_145_1\");\n\t}else{\n\t\trevapi145 = tpj(\"#rev_slider_145_1\").show().revolution({\n\t\t\tsliderType:\"hero\",\n\t\t\tjsFileLocation:\"\/\/www.ull.es\/portal\/cienciaull\/wp-content\/plugins\/revslider\/public\/assets\/js\/\",\n\t\t\tsliderLayout:\"auto\",\n\t\t\tdottedOverlay:\"none\",\n\t\t\tdelay:9000,\n\t\t\tvisibilityLevels:[1240,1024,778,480],\n\t\t\tgridwidth:1600,\n\t\t\tgridheight:600,\n\t\t\tlazyType:\"none\",\n\t\t\tshadow:0,\n\t\t\tspinner:\"spinner0\",\n\t\t\tautoHeight:\"off\",\n\t\t\tdisableProgressBar:\"on\",\n\t\t\thideThumbsOnMobile:\"off\",\n\t\t\thideSliderAtLimit:0,\n\t\t\thideCaptionAtLimit:0,\n\t\t\thideAllCaptionAtLilmit:0,\n\t\t\tdebugMode:false,\n\t\t\tfallbacks: {\n\t\t\t\tsimplifyAll:\"off\",\n\t\t\t\tdisableFocusListener:false,\n\t\t\t}\n\t\t});\n\t}; \/* END OF revapi call *\/\n\t\n }; \/* END OF ON LOAD FUNCTION *\/\r\n}()); \/* END OF WRAPPING FUNCTION *\/\r\n<\/script>\r\n\t\t<\/div><!-- END REVOLUTION SLIDER -->[vc_separator color=\u00bbcustom\u00bb border_width=\u00bb10&#8243; accent_color=\u00bb#e84e1b\u00bb][\/vc_column][\/vc_row][vc_row][vc_column width=\u00bb2\/3&#8243;][vc_empty_space][vc_custom_heading text=\u00bbThe Pioneers\u00bb font_container=\u00bbtag:h2|text_align:left|color:%2340748e\u00bb google_fonts=\u00bbfont_family:Roboto%20Slab%3A100%2C300%2Cregular%2C700|font_style:700%20bold%20regular%3A700%3Anormal\u00bb css=\u00bb.vc_custom_1659011924534{margin-bottom: 3px !important;border-bottom-width: 3px !important;padding-bottom: 3px !important;}\u00bb][vc_column_text css=\u00bb.vc_custom_1659081103374{background-color: #d6eaf8 !important;border-radius: 3px !important;}\u00bb]<\/p>\n<p style=\"text-align: justify\"><strong>Eje cient\u00edfico:<\/strong> Biomedicina y Salud<\/p>\n<p style=\"text-align: justify\"><strong>Grupo de Investigaci\u00f3n tutor:<\/strong> Bases Moleculares de Canalopat\u00edas Humanas<\/p>\n<p style=\"text-align: justify\"><strong>Tutora cient\u00edfica:<\/strong> Belinda Rivero P\u00e9rez<\/p>\n<p style=\"text-align: justify\"><strong>Descripci\u00f3n del Proyecto:<\/strong> Nuestro proyecto consiste en la creaci\u00f3n de una l\u00ednea celular que exprese una prote\u00edna relacionada con la excitaci\u00f3n neuronal, con el objetivo de emplearla en el estudio de diferentes enfermedades como el Parkinson o la Epilepsia.<\/p>\n<p>[\/vc_column_text][vc_column_text]<\/p>\n<p style=\"text-align: justify\"><strong>Miembros:<\/strong><\/p>\n<ul>\n<li style=\"text-align: justify\">Alba \u00c1lvarez P\u00e9rez.<\/li>\n<li style=\"text-align: justify\">Erik Calvi\u00f1o Oleshko.<\/li>\n<li style=\"text-align: justify\">Luis D\u00edaz Armas.<\/li>\n<li style=\"text-align: justify\">Mar\u00eda de Dios Ch\u00e1vez Arvelo.<\/li>\n<li style=\"text-align: justify\">Marco H\u00e9bel Garc\u00eda Garc\u00eda.<\/li>\n<li style=\"text-align: justify\">Jorge Gonz\u00e1lez Guti\u00e9rrez.<\/li>\n<\/ul>\n<p>[\/vc_column_text][vc_empty_space height=\u00bb50px\u00bb][vc_row_inner][vc_column_inner width=\u00bb1\/3&#8243;][vc_icon icon_fontawesome=\u00bbfab fa-twitter\u00bb color=\u00bbcustom\u00bb custom_color=\u00bb#1ebfe8&#8243; link=\u00bburl:https%3A%2F%2Ftwitter.com%2FThe_Pi_oneers\u00bb][\/vc_column_inner][vc_column_inner width=\u00bb1\/3&#8243;][vc_icon icon_fontawesome=\u00bbfab fa-instagram\u00bb color=\u00bbcustom\u00bb custom_color=\u00bb#702246&#8243; link=\u00bburl:https%3A%2F%2Fwww.instagram.com%2F_the_pi_oneers%2F\u00bb][\/vc_column_inner][vc_column_inner width=\u00bb1\/3&#8243;][vc_icon icon_fontawesome=\u00bbfas fa-globe\u00bb color=\u00bbcustom\u00bb align=\u00bbcenter\u00bb custom_color=\u00bb#dd9933&#8243; link=\u00bburl:https%3A%2F%2Fcctcanariasbio01.wordpress.com%2F\u00bb][\/vc_column_inner][\/vc_row_inner][\/vc_column][vc_column width=\u00bb1\/3&#8243;][vc_empty_space height=\u00bb60px\u00bb][vc_single_image image=\u00bb17246&#8243; img_size=\u00bbmedium\u00bb alignment=\u00bbcenter\u00bb][vc_btn title=\u00bbProyectos 2022&#8243; color=\u00bbprimary\u00bb size=\u00bblg\u00bb align=\u00bbcenter\u00bb button_block=\u00bbtrue\u00bb link=\u00bburl:https%3A%2F%2Fwww.ull.es%2Fportal%2Fcienciaull%2F%3Fpage_id%3D17186%26preview%3Dtrue\u00bb css=\u00bb.vc_custom_1659089215072{margin-bottom: 3px !important;border-bottom-width: 3px !important;padding-bottom: 3px !important;}\u00bb][vc_btn title=\u00bbWeb\u00bb color=\u00bbinfo\u00bb size=\u00bblg\u00bb align=\u00bbcenter\u00bb button_block=\u00bbtrue\u00bb link=\u00bburl:https%3A%2F%2Fcctcanariasbio01.wordpress.com%2F\u00bb][vc_empty_space][vc_media_grid style=\u00bbpagination\u00bb items_per_page=\u00bb1&#8243; element_width=\u00bb12&#8243; paging_color=\u00bbsky\u00bb loop=\u00bbyes\u00bb autoplay=\u00bb3&#8243; grid_id=\u00bbvc_gid:1659090168556-2c195869-368f-6&#8243; include=\u00bb17371,17372,17373,17374,17375,17377,17378,17379,17380,17381,17382,17383,17385,17387&#8243;][\/vc_column][\/vc_row]<\/p>\n","protected":false},"excerpt":{"rendered":"<p>[vc_row][vc_column][vc_separator color=\u00bbcustom\u00bb border_width=\u00bb10&#8243; accent_color=\u00bb#e84e1b\u00bb][\/vc_column][\/vc_row][vc_row][vc_column width=\u00bb2\/3&#8243;][vc_empty_space][vc_custom_heading text=\u00bbThe Pioneers\u00bb font_container=\u00bbtag:h2|text_align:left|color:%2340748e\u00bb google_fonts=\u00bbfont_family:Roboto%20Slab%3A100%2C300%2Cregular%2C700|font_style:700%20bold%20regular%3A700%3Anormal\u00bb css=\u00bb.vc_custom_1659011924534{margin-bottom: 3px !important;border-bottom-width: 3px !important;padding-bottom: 3px !important;}\u00bb][vc_column_text css=\u00bb.vc_custom_1659081103374{background-color: #d6eaf8 !important;border-radius: 3px !important;}\u00bb] Eje cient\u00edfico: Biomedicina y Salud Grupo de Investigaci\u00f3n tutor: Bases Moleculares de Canalopat\u00edas Humanas Tutora cient\u00edfica: Belinda Rivero P\u00e9rez Descripci\u00f3n del Proyecto: Nuestro proyecto consiste en la creaci\u00f3n de una l\u00ednea celular que exprese&#8230;<\/p>\n","protected":false},"author":56,"featured_media":0,"parent":0,"menu_order":0,"comment_status":"closed","ping_status":"closed","template":"templates\/cienciaull.php","meta":{"inline_featured_image":false,"footnotes":""},"acf":[],"yoast_head":"<!-- This site is optimized with the Yoast SEO plugin v21.3 - https:\/\/yoast.com\/wordpress\/plugins\/seo\/ -->\n<title>The Pioneers - CCT Canarias 2022 -<\/title>\n<meta name=\"robots\" content=\"index, follow, max-snippet:-1, max-image-preview:large, max-video-preview:-1\" \/>\n<link rel=\"canonical\" href=\"https:\/\/www.ull.es\/portal\/cienciaull\/the-pioneers-cct-canarias-2022\/\" \/>\n<meta property=\"og:locale\" content=\"es_ES\" \/>\n<meta property=\"og:type\" content=\"article\" \/>\n<meta property=\"og:title\" content=\"The Pioneers - CCT Canarias 2022 -\" \/>\n<meta property=\"og:description\" content=\"[vc_row][vc_column][vc_separator color=\u00bbcustom\u00bb border_width=\u00bb10&#8243; accent_color=\u00bb#e84e1b\u00bb][\/vc_column][\/vc_row][vc_row][vc_column width=\u00bb2\/3&#8243;][vc_empty_space][vc_custom_heading text=\u00bbThe Pioneers\u00bb font_container=\u00bbtag:h2|text_align:left|color:%2340748e\u00bb google_fonts=\u00bbfont_family:Roboto%20Slab%3A100%2C300%2Cregular%2C700|font_style:700%20bold%20regular%3A700%3Anormal\u00bb css=\u00bb.vc_custom_1659011924534{margin-bottom: 3px !important;border-bottom-width: 3px !important;padding-bottom: 3px !important;}\u00bb][vc_column_text css=\u00bb.vc_custom_1659081103374{background-color: #d6eaf8 !important;border-radius: 3px !important;}\u00bb] Eje cient\u00edfico: Biomedicina y Salud Grupo de Investigaci\u00f3n tutor: Bases Moleculares de Canalopat\u00edas Humanas Tutora cient\u00edfica: Belinda Rivero P\u00e9rez Descripci\u00f3n del Proyecto: Nuestro proyecto consiste en la creaci\u00f3n de una l\u00ednea celular que exprese...\" \/>\n<meta property=\"og:url\" content=\"https:\/\/www.ull.es\/portal\/cienciaull\/the-pioneers-cct-canarias-2022\/\" \/>\n<meta property=\"article:publisher\" content=\"https:\/\/www.facebook.com\/CienciaULL\/\" \/>\n<meta property=\"article:modified_time\" content=\"2022-07-29T10:23:13+00:00\" \/>\n<meta name=\"twitter:card\" content=\"summary_large_image\" \/>\n<meta name=\"twitter:site\" content=\"@CienciaULL\" \/>\n<meta name=\"twitter:label1\" content=\"Tiempo de lectura\" \/>\n\t<meta name=\"twitter:data1\" content=\"1 minuto\" \/>\n<script type=\"application\/ld+json\" class=\"yoast-schema-graph\">{\"@context\":\"https:\/\/schema.org\",\"@graph\":[{\"@type\":\"WebPage\",\"@id\":\"https:\/\/www.ull.es\/portal\/cienciaull\/the-pioneers-cct-canarias-2022\/\",\"url\":\"https:\/\/www.ull.es\/portal\/cienciaull\/the-pioneers-cct-canarias-2022\/\",\"name\":\"The Pioneers - CCT Canarias 2022 -\",\"isPartOf\":{\"@id\":\"https:\/\/www.ull.es\/portal\/cienciaull\/#website\"},\"datePublished\":\"2022-07-28T12:58:58+00:00\",\"dateModified\":\"2022-07-29T10:23:13+00:00\",\"breadcrumb\":{\"@id\":\"https:\/\/www.ull.es\/portal\/cienciaull\/the-pioneers-cct-canarias-2022\/#breadcrumb\"},\"inLanguage\":\"es\",\"potentialAction\":[{\"@type\":\"ReadAction\",\"target\":[\"https:\/\/www.ull.es\/portal\/cienciaull\/the-pioneers-cct-canarias-2022\/\"]}]},{\"@type\":\"BreadcrumbList\",\"@id\":\"https:\/\/www.ull.es\/portal\/cienciaull\/the-pioneers-cct-canarias-2022\/#breadcrumb\",\"itemListElement\":[{\"@type\":\"ListItem\",\"position\":1,\"name\":\"Portada\",\"item\":\"https:\/\/www.ull.es\/portal\/cienciaull\/\"},{\"@type\":\"ListItem\",\"position\":2,\"name\":\"The Pioneers &#8211; CCT Canarias 2022\"}]},{\"@type\":\"WebSite\",\"@id\":\"https:\/\/www.ull.es\/portal\/cienciaull\/#website\",\"url\":\"https:\/\/www.ull.es\/portal\/cienciaull\/\",\"name\":\"\",\"description\":\"Unidad de Cultura Cient\u00edfica y de la Innovaci\u00f3n de la Universidad de La Laguna\",\"potentialAction\":[{\"@type\":\"SearchAction\",\"target\":{\"@type\":\"EntryPoint\",\"urlTemplate\":\"https:\/\/www.ull.es\/portal\/cienciaull\/?s={search_term_string}\"},\"query-input\":\"required name=search_term_string\"}],\"inLanguage\":\"es\"}]}<\/script>\n<!-- \/ Yoast SEO plugin. -->","yoast_head_json":{"title":"The Pioneers - CCT Canarias 2022 -","robots":{"index":"index","follow":"follow","max-snippet":"max-snippet:-1","max-image-preview":"max-image-preview:large","max-video-preview":"max-video-preview:-1"},"canonical":"https:\/\/www.ull.es\/portal\/cienciaull\/the-pioneers-cct-canarias-2022\/","og_locale":"es_ES","og_type":"article","og_title":"The Pioneers - CCT Canarias 2022 -","og_description":"[vc_row][vc_column][vc_separator color=\u00bbcustom\u00bb border_width=\u00bb10&#8243; accent_color=\u00bb#e84e1b\u00bb][\/vc_column][\/vc_row][vc_row][vc_column width=\u00bb2\/3&#8243;][vc_empty_space][vc_custom_heading text=\u00bbThe Pioneers\u00bb font_container=\u00bbtag:h2|text_align:left|color:%2340748e\u00bb google_fonts=\u00bbfont_family:Roboto%20Slab%3A100%2C300%2Cregular%2C700|font_style:700%20bold%20regular%3A700%3Anormal\u00bb css=\u00bb.vc_custom_1659011924534{margin-bottom: 3px !important;border-bottom-width: 3px !important;padding-bottom: 3px !important;}\u00bb][vc_column_text css=\u00bb.vc_custom_1659081103374{background-color: #d6eaf8 !important;border-radius: 3px !important;}\u00bb] Eje cient\u00edfico: Biomedicina y Salud Grupo de Investigaci\u00f3n tutor: Bases Moleculares de Canalopat\u00edas Humanas Tutora cient\u00edfica: Belinda Rivero P\u00e9rez Descripci\u00f3n del Proyecto: Nuestro proyecto consiste en la creaci\u00f3n de una l\u00ednea celular que exprese...","og_url":"https:\/\/www.ull.es\/portal\/cienciaull\/the-pioneers-cct-canarias-2022\/","article_publisher":"https:\/\/www.facebook.com\/CienciaULL\/","article_modified_time":"2022-07-29T10:23:13+00:00","twitter_card":"summary_large_image","twitter_site":"@CienciaULL","twitter_misc":{"Tiempo de lectura":"1 minuto"},"schema":{"@context":"https:\/\/schema.org","@graph":[{"@type":"WebPage","@id":"https:\/\/www.ull.es\/portal\/cienciaull\/the-pioneers-cct-canarias-2022\/","url":"https:\/\/www.ull.es\/portal\/cienciaull\/the-pioneers-cct-canarias-2022\/","name":"The Pioneers - CCT Canarias 2022 -","isPartOf":{"@id":"https:\/\/www.ull.es\/portal\/cienciaull\/#website"},"datePublished":"2022-07-28T12:58:58+00:00","dateModified":"2022-07-29T10:23:13+00:00","breadcrumb":{"@id":"https:\/\/www.ull.es\/portal\/cienciaull\/the-pioneers-cct-canarias-2022\/#breadcrumb"},"inLanguage":"es","potentialAction":[{"@type":"ReadAction","target":["https:\/\/www.ull.es\/portal\/cienciaull\/the-pioneers-cct-canarias-2022\/"]}]},{"@type":"BreadcrumbList","@id":"https:\/\/www.ull.es\/portal\/cienciaull\/the-pioneers-cct-canarias-2022\/#breadcrumb","itemListElement":[{"@type":"ListItem","position":1,"name":"Portada","item":"https:\/\/www.ull.es\/portal\/cienciaull\/"},{"@type":"ListItem","position":2,"name":"The Pioneers &#8211; CCT Canarias 2022"}]},{"@type":"WebSite","@id":"https:\/\/www.ull.es\/portal\/cienciaull\/#website","url":"https:\/\/www.ull.es\/portal\/cienciaull\/","name":"","description":"Unidad de Cultura Cient\u00edfica y de la Innovaci\u00f3n de la Universidad de La Laguna","potentialAction":[{"@type":"SearchAction","target":{"@type":"EntryPoint","urlTemplate":"https:\/\/www.ull.es\/portal\/cienciaull\/?s={search_term_string}"},"query-input":"required name=search_term_string"}],"inLanguage":"es"}]}},"_links":{"self":[{"href":"https:\/\/www.ull.es\/portal\/cienciaull\/wp-json\/wp\/v2\/pages\/17368"}],"collection":[{"href":"https:\/\/www.ull.es\/portal\/cienciaull\/wp-json\/wp\/v2\/pages"}],"about":[{"href":"https:\/\/www.ull.es\/portal\/cienciaull\/wp-json\/wp\/v2\/types\/page"}],"author":[{"embeddable":true,"href":"https:\/\/www.ull.es\/portal\/cienciaull\/wp-json\/wp\/v2\/users\/56"}],"replies":[{"embeddable":true,"href":"https:\/\/www.ull.es\/portal\/cienciaull\/wp-json\/wp\/v2\/comments?post=17368"}],"version-history":[{"count":35,"href":"https:\/\/www.ull.es\/portal\/cienciaull\/wp-json\/wp\/v2\/pages\/17368\/revisions"}],"predecessor-version":[{"id":17656,"href":"https:\/\/www.ull.es\/portal\/cienciaull\/wp-json\/wp\/v2\/pages\/17368\/revisions\/17656"}],"wp:attachment":[{"href":"https:\/\/www.ull.es\/portal\/cienciaull\/wp-json\/wp\/v2\/media?parent=17368"}],"curies":[{"name":"wp","href":"https:\/\/api.w.org\/{rel}","templated":true}]}}