{"id":18654,"date":"2022-09-22T12:37:11","date_gmt":"2022-09-22T12:37:11","guid":{"rendered":"https:\/\/www.ull.es\/portal\/cienciaull\/?page_id=18654"},"modified":"2022-09-30T01:35:50","modified_gmt":"2022-09-30T01:35:50","slug":"zona-de-directos-macaronight-2022","status":"publish","type":"page","link":"https:\/\/www.ull.es\/portal\/cienciaull\/zona-de-directos-macaronight-2022\/","title":{"rendered":"Zona de Directos MacaroNight 2022"},"content":{"rendered":"<p>[vc_row][vc_column]\n<div id=\"rev_slider_154_1_wrapper\" class=\"rev_slider_wrapper fullwidthbanner-container\" data-source=\"gallery\" style=\"margin:0px auto;background:transparent;padding:0px;margin-top:0px;margin-bottom:0px;\">\n<!-- START REVOLUTION SLIDER 5.4.7.3 auto mode -->\n\t<div id=\"rev_slider_154_1\" class=\"rev_slider fullwidthabanner\" style=\"display:none;\" data-version=\"5.4.7.3\">\n<ul>\t<!-- SLIDE  -->\n\t<li data-index=\"rs-183\" data-transition=\"fade\" data-slotamount=\"default\" data-hideafterloop=\"0\" data-hideslideonmobile=\"off\"  data-easein=\"default\" data-easeout=\"default\" data-masterspeed=\"300\"  data-rotate=\"0\"  data-saveperformance=\"off\"  data-title=\"Slide\" data-param1=\"\" data-param2=\"\" data-param3=\"\" data-param4=\"\" data-param5=\"\" data-param6=\"\" data-param7=\"\" data-param8=\"\" data-param9=\"\" data-param10=\"\" data-description=\"\">\n\t\t<!-- MAIN IMAGE -->\n\t\t<img src=\"https:\/\/www.ull.es\/portal\/cienciaull\/wp-content\/plugins\/revslider\/admin\/assets\/images\/transparent.png\"  alt=\"\" title=\"Zona de Directos MacaroNight 2022\"  data-bgposition=\"center center\" data-bgfit=\"cover\" data-bgrepeat=\"no-repeat\" class=\"rev-slidebg\" data-no-retina>\n\t\t<!-- LAYERS -->\n\n\t\t<!-- LAYER NR. 1 -->\n\t\t<div class=\"tp-caption   tp-resizeme\" \n\t\t\t id=\"slide-183-layer-4\" \n\t\t\t data-x=\"-1\" \n\t\t\t data-y=\"\" \n\t\t\t\t\t\tdata-width=\"['none','none','none','none']\"\n\t\t\tdata-height=\"['none','none','none','none']\"\n \n\t\t\tdata-type=\"image\" \n\t\t\tdata-responsive_offset=\"on\" \n\n\t\t\tdata-frames='[{\"delay\":0,\"speed\":300,\"frame\":\"0\",\"from\":\"opacity:0;\",\"to\":\"o:1;\",\"ease\":\"Power3.easeInOut\"},{\"delay\":\"wait\",\"speed\":300,\"frame\":\"999\",\"to\":\"opacity:0;\",\"ease\":\"Power3.easeInOut\"}]'\n\t\t\tdata-textAlign=\"['inherit','inherit','inherit','inherit']\"\n\t\t\tdata-paddingtop=\"[0,0,0,0]\"\n\t\t\tdata-paddingright=\"[0,0,0,0]\"\n\t\t\tdata-paddingbottom=\"[0,0,0,0]\"\n\t\t\tdata-paddingleft=\"[0,0,0,0]\"\n\n\t\t\tstyle=\"z-index: 7;\"><img src=\"https:\/\/www.ull.es\/portal\/cienciaull\/wp-content\/uploads\/sites\/24\/2022\/09\/Macaronight-2022_bn-2-1.jpg\" alt=\"\" data-ww=\"1600px\" data-hh=\"600px\" width=\"1600\" height=\"600\" data-no-retina> <\/div>\n\t<\/li>\n<\/ul>\n<div class=\"tp-bannertimer tp-bottom\" style=\"visibility: hidden !important;\"><\/div>\t<\/div>\n<script>var htmlDiv = document.getElementById(\"rs-plugin-settings-inline-css\"); var htmlDivCss=\"\";\r\n\t\t\t\tif(htmlDiv) {\r\n\t\t\t\t\thtmlDiv.innerHTML = htmlDiv.innerHTML + htmlDivCss;\r\n\t\t\t\t}else{\r\n\t\t\t\t\tvar htmlDiv = document.createElement(\"div\");\r\n\t\t\t\t\thtmlDiv.innerHTML = \"<style>\" + htmlDivCss + \"<\/style>\";\r\n\t\t\t\t\tdocument.getElementsByTagName(\"head\")[0].appendChild(htmlDiv.childNodes[0]);\r\n\t\t\t\t}\r\n\t\t\t<\/script>\n\t\t<script type=\"text\/javascript\">\r\nif (setREVStartSize!==undefined) setREVStartSize(\r\n\t{c: '#rev_slider_154_1', gridwidth: [1600], gridheight: [600], sliderLayout: 'auto'});\r\n\t\t\t\r\nvar revapi154,\r\n\ttpj;\t\r\n(function() {\t\t\t\r\n\tif (!\/loaded|interactive|complete\/.test(document.readyState)) document.addEventListener(\"DOMContentLoaded\",onLoad); else onLoad();\t\r\n\tfunction onLoad() {\t\t\t\t\r\n\t\tif (tpj===undefined) { tpj = jQuery; if(\"off\" == \"on\") tpj.noConflict();}\r\n\tif(tpj(\"#rev_slider_154_1\").revolution == undefined){\n\t\trevslider_showDoubleJqueryError(\"#rev_slider_154_1\");\n\t}else{\n\t\trevapi154 = tpj(\"#rev_slider_154_1\").show().revolution({\n\t\t\tsliderType:\"hero\",\n\t\t\tjsFileLocation:\"\/\/www.ull.es\/portal\/cienciaull\/wp-content\/plugins\/revslider\/public\/assets\/js\/\",\n\t\t\tsliderLayout:\"auto\",\n\t\t\tdottedOverlay:\"none\",\n\t\t\tdelay:9000,\n\t\t\tvisibilityLevels:[1240,1024,778,480],\n\t\t\tgridwidth:1600,\n\t\t\tgridheight:600,\n\t\t\tlazyType:\"none\",\n\t\t\tshadow:0,\n\t\t\tspinner:\"spinner0\",\n\t\t\tautoHeight:\"off\",\n\t\t\tdisableProgressBar:\"on\",\n\t\t\thideThumbsOnMobile:\"off\",\n\t\t\thideSliderAtLimit:0,\n\t\t\thideCaptionAtLimit:0,\n\t\t\thideAllCaptionAtLilmit:0,\n\t\t\tdebugMode:false,\n\t\t\tfallbacks: {\n\t\t\t\tsimplifyAll:\"off\",\n\t\t\t\tdisableFocusListener:false,\n\t\t\t}\n\t\t});\n\t}; \/* END OF revapi call *\/\n\t\n }; \/* END OF ON LOAD FUNCTION *\/\r\n}()); \/* END OF WRAPPING FUNCTION *\/\r\n<\/script>\r\n\t\t<\/div><!-- END REVOLUTION SLIDER -->[vc_separator color=\u00bbcustom\u00bb border_width=\u00bb10&#8243; accent_color=\u00bb#1e73be\u00bb][vc_empty_space height=\u00bb40px\u00bb][\/vc_column][\/vc_row][vc_row][vc_column width=\u00bb1\/3&#8243;][vc_btn title=\u00bbP\u00e1gina principal\u00bb color=\u00bbprimary\u00bb align=\u00bbcenter\u00bb button_block=\u00bbtrue\u00bb link=\u00bburl:https%3A%2F%2Fwww.ull.es%2Fportal%2Fcienciaull%2Fmacaronight-2022%2F\u00bb][\/vc_column][vc_column width=\u00bb1\/3&#8243;][vc_btn title=\u00bbPrograma de actividades 2022&#8243; color=\u00bbinfo\u00bb align=\u00bbcenter\u00bb button_block=\u00bbtrue\u00bb link=\u00bburl:https%3A%2F%2Fwww.ull.es%2Fportal%2Fcienciaull%2Fmacaronight-2022%2Fprograma-de-actividades%2F\u00bb][\/vc_column][vc_column width=\u00bb1\/3&#8243;][vc_btn title=\u00bbPersonal investigador participante\u00bb color=\u00bbvista-blue\u00bb align=\u00bbcenter\u00bb button_block=\u00bbtrue\u00bb][\/vc_column][\/vc_row][vc_row][vc_column][vc_empty_space height=\u00bb30px\u00bb][vc_custom_heading text=\u00bbZona de directos\u00bb font_container=\u00bbtag:h2|text_align:center|color:%234a7cb5&#8243; google_fonts=\u00bbfont_family:Roboto%20Slab%3A100%2C300%2Cregular%2C700|font_style:700%20bold%20regular%3A700%3Anormal\u00bb][vc_column_text]<\/p>\n<p style=\"text-align: center\">En esta \u00e1rea puedes ver las actividades en abierto de <strong>MacaroNight 2022<\/strong>.<\/p>\n<p>[\/vc_column_text][vc_empty_space height=\u00bb20px\u00bb][\/vc_column][\/vc_row][vc_row][vc_column][vc_empty_space height=\u00bb40px\u00bb][vc_separator border_width=\u00bb3&#8243;][vc_custom_heading text=\u00bbJornada Divulgativa \u00abLa Ciencia detr\u00e1s de la reconstrucci\u00f3n de La Palma\u00ab\u00bb font_container=\u00bbtag:h2|text_align:center|color:%238224e3&#8243; google_fonts=\u00bbfont_family:Roboto%20Slab%3A100%2C300%2Cregular%2C700|font_style:700%20bold%20regular%3A700%3Anormal\u00bb][vc_column_text]<\/p>\n<p style=\"text-align: justify\">El pr\u00f3ximo 30 de septiembre de 2022,<b> cuatro cient\u00edficos y cient\u00edficas de la Universidad de La Laguna y Centros I+D <\/b>explicar\u00e1n, a trav\u00e9s de peque\u00f1as ponencias, el trabajo que est\u00e1n realizando para reactivar La Palma tras la erupci\u00f3n volc\u00e1nica de Tajogaite, en materia econ\u00f3mica, social o medioambiental.<\/p>\n<p style=\"text-align: justify\"><span style=\"font-weight: 400\">Esta jornada, de car\u00e1cter divulgativo, est\u00e1 dirigida a p\u00fablico general. Se realizar\u00e1 en el <span style=\"color: #ff0000\"><strong>Sal\u00f3n de Grados Aulario de Guajara<\/strong><\/span> a partir de 20:30 h.\u00a0<\/span><\/p>\n<p>[\/vc_column_text][vc_column_text css=\u00bb.vc_custom_1663872453268{margin-right: 0px !important;margin-left: 0px !important;border-right-width: 0px !important;border-left-width: 0px !important;padding-right: 35px !important;padding-left: 35px !important;background-color: #fef5e7 !important;}\u00bb]<\/p>\n<h3 style=\"text-align: center\"><span style=\"color: #ff6600\"><strong>PROGRAMA<\/strong><\/span><\/h3>\n<p><strong>20:30 a 20:45 h La necesidad de una estrategia Canaria para la reducci\u00f3n del riesgo volc\u00e1nico<\/strong><\/p>\n<p><a href=\"https:\/\/www.ull.es\/portal\/cienciaull\/nemesio-perez\/\" target=\"_blank\" rel=\"noopener\">Dr. <\/a><a href=\"https:\/\/www.ull.es\/portal\/cienciaull\/nemesio-perez\/\" target=\"_blank\" rel=\"noopener\">Nemesio M. P\u00e9rez<\/a>, Coordinador Cient\u00edfico del INVOLCAN<\/p>\n<p><b>20:45 <\/b><b>a <\/b><b>21:00 <\/b><b>h Aprendizajes en torno a la Reducci\u00f3n del Riesgo de Desastres. La erupci\u00f3n del volc\u00e1n <\/b><b>Tajogaite<\/b><b> (La Palma)<\/b><\/p>\n<p><a href=\"https:\/\/www.ull.es\/portal\/cienciaull\/abel-lopez-diez-2\/\" target=\"_blank\" rel=\"noopener\">Dr. Abel L\u00f3pez <\/a><a href=\"https:\/\/www.ull.es\/portal\/cienciaull\/abel-lopez-diez-2\/\" target=\"_blank\" rel=\"noopener\">Di\u00e9z<\/a>, investigador de la C\u00e1tedra Universitaria \u201cReducci\u00f3n del Riesgo de Desastres y Ciudades Resilientes de la Universidad de La Laguna<\/p>\n<p><strong>21:00 a 21:15 h\u00a0 \u00a0La erupci\u00f3n volc\u00e1nica de Tajogaite desde el Observatorio del Roque de los Muchachos<\/strong><\/p>\n<p><a href=\"https:\/\/www.ull.es\/portal\/cienciaull\/julio-castro-almazan\/\" target=\"_blank\" rel=\"noopener\">Dr. Julio Castro Almaz\u00e1n<\/a>, investigador del Instituto de Astrof\u00edsica de Canaria<\/p>\n<p><strong>21:15 a 21:30 h \u2018Revivir El Valle\u2019: Ciencia para la recuperaci\u00f3n integral de La Palma con enfoque comunitario<\/strong><\/p>\n<p><a href=\"https:\/\/www.ull.es\/portal\/cienciaull\/vicente-manuel-zapata-hernandez-2\/\" target=\"_blank\" rel=\"noopener\">Dr. Vicente Zapata Hern\u00e1ndez<\/a>, Profesor Titular de Departamento de Geograf\u00eda y director de varios proyectos de innovaci\u00f3n social en La Palma y Tenerife.[\/vc_column_text][vc_empty_space height=\u00bb20px\u00bb][vc_video link=\u00bbhttps:\/\/youtu.be\/wiljEj8kwoM\u00bb align=\u00bbcenter\u00bb][vc_empty_space height=\u00bb30px\u00bb][vc_separator border_width=\u00bb3&#8243;][vc_custom_heading text=\u00bbEntrega de Premios Concursos\u00bb font_container=\u00bbtag:h2|text_align:center|color:%238224e3&#8243; google_fonts=\u00bbfont_family:Roboto%20Slab%3A100%2C300%2Cregular%2C700|font_style:700%20bold%20regular%3A700%3Anormal\u00bb][vc_column_text]<\/p>\n<p style=\"text-align: justify\">Como cierre de <strong>MacaroNight_2022<\/strong> se har\u00e1 <strong>entrega de los premios de los concursos promovidos por este proyecto<\/strong> para el alumnado escolar y el personal investigador joven y\/o en formaci\u00f3n. El <strong><a href=\"https:\/\/www.ull.es\/portal\/cienciaull\/concurso-infantil-de-maletas-cientificas-de-canarias-2022\/\" target=\"_blank\" rel=\"noopener\">Concurso Infantil de Maletas Cient\u00edficas de Canaria<\/a>s<\/strong>, dirigido al alumnado de 4\u00ba, 5\u00ba y 6\u00ba de primaria de los centros educativos de educaci\u00f3n primaria de la Comunidad Aut\u00f3noma de Canarias, y el <strong><a href=\"https:\/\/www.ull.es\/portal\/cienciaull\/concurso-de-divulgacion-3\/\" target=\"_blank\" rel=\"noopener\">Concurso de Divulgaci\u00f3n Cient\u00edfica Cienci@ULL<\/a><\/strong>, dirigido al personal investigador y t\u00e9cnico de Canarias.<\/p>\n<p>Se llevar\u00e1 acabo en el <span style=\"color: #ff0000\"><strong>Sal\u00f3n de Grados Aulario de Guajara<\/strong>,<\/span> a partir de las 21:30 h.[\/vc_column_text][vc_empty_space height=\u00bb20px\u00bb][vc_video link=\u00bbhttps:\/\/youtu.be\/wiljEj8kwoM\u00bb align=\u00bbcenter\u00bb][\/vc_column][\/vc_row]<\/p>\n","protected":false},"excerpt":{"rendered":"<p>[vc_row][vc_column][vc_separator color=\u00bbcustom\u00bb border_width=\u00bb10&#8243; accent_color=\u00bb#1e73be\u00bb][vc_empty_space height=\u00bb40px\u00bb][\/vc_column][\/vc_row][vc_row][vc_column width=\u00bb1\/3&#8243;][vc_btn title=\u00bbP\u00e1gina principal\u00bb color=\u00bbprimary\u00bb align=\u00bbcenter\u00bb button_block=\u00bbtrue\u00bb link=\u00bburl:https%3A%2F%2Fwww.ull.es%2Fportal%2Fcienciaull%2Fmacaronight-2022%2F\u00bb][\/vc_column][vc_column width=\u00bb1\/3&#8243;][vc_btn title=\u00bbPrograma de actividades 2022&#8243; color=\u00bbinfo\u00bb align=\u00bbcenter\u00bb button_block=\u00bbtrue\u00bb link=\u00bburl:https%3A%2F%2Fwww.ull.es%2Fportal%2Fcienciaull%2Fmacaronight-2022%2Fprograma-de-actividades%2F\u00bb][\/vc_column][vc_column width=\u00bb1\/3&#8243;][vc_btn title=\u00bbPersonal investigador participante\u00bb color=\u00bbvista-blue\u00bb align=\u00bbcenter\u00bb button_block=\u00bbtrue\u00bb][\/vc_column][\/vc_row][vc_row][vc_column][vc_empty_space height=\u00bb30px\u00bb][vc_custom_heading text=\u00bbZona de directos\u00bb font_container=\u00bbtag:h2|text_align:center|color:%234a7cb5&#8243; google_fonts=\u00bbfont_family:Roboto%20Slab%3A100%2C300%2Cregular%2C700|font_style:700%20bold%20regular%3A700%3Anormal\u00bb][vc_column_text] En esta \u00e1rea puedes ver las actividades en abierto de MacaroNight 2022. [\/vc_column_text][vc_empty_space height=\u00bb20px\u00bb][\/vc_column][\/vc_row][vc_row][vc_column][vc_empty_space height=\u00bb40px\u00bb][vc_separator border_width=\u00bb3&#8243;][vc_custom_heading text=\u00bbJornada Divulgativa \u00abLa Ciencia detr\u00e1s&#8230;<\/p>\n","protected":false},"author":56,"featured_media":0,"parent":0,"menu_order":0,"comment_status":"closed","ping_status":"closed","template":"templates\/cienciaull.php","meta":{"inline_featured_image":false,"footnotes":""},"acf":[],"yoast_head":"<!-- This site is optimized with the Yoast SEO plugin v21.3 - https:\/\/yoast.com\/wordpress\/plugins\/seo\/ -->\n<title>Zona de Directos MacaroNight 2022 -<\/title>\n<meta name=\"robots\" content=\"index, follow, max-snippet:-1, max-image-preview:large, max-video-preview:-1\" \/>\n<link rel=\"canonical\" href=\"https:\/\/www.ull.es\/portal\/cienciaull\/zona-de-directos-macaronight-2022\/\" \/>\n<meta property=\"og:locale\" content=\"es_ES\" \/>\n<meta property=\"og:type\" content=\"article\" \/>\n<meta property=\"og:title\" content=\"Zona de Directos MacaroNight 2022 -\" \/>\n<meta property=\"og:description\" content=\"[vc_row][vc_column][vc_separator color=\u00bbcustom\u00bb border_width=\u00bb10&#8243; accent_color=\u00bb#1e73be\u00bb][vc_empty_space height=\u00bb40px\u00bb][\/vc_column][\/vc_row][vc_row][vc_column width=\u00bb1\/3&#8243;][vc_btn title=\u00bbP\u00e1gina principal\u00bb color=\u00bbprimary\u00bb align=\u00bbcenter\u00bb button_block=\u00bbtrue\u00bb link=\u00bburl:https%3A%2F%2Fwww.ull.es%2Fportal%2Fcienciaull%2Fmacaronight-2022%2F\u00bb][\/vc_column][vc_column width=\u00bb1\/3&#8243;][vc_btn title=\u00bbPrograma de actividades 2022&#8243; color=\u00bbinfo\u00bb align=\u00bbcenter\u00bb button_block=\u00bbtrue\u00bb link=\u00bburl:https%3A%2F%2Fwww.ull.es%2Fportal%2Fcienciaull%2Fmacaronight-2022%2Fprograma-de-actividades%2F\u00bb][\/vc_column][vc_column width=\u00bb1\/3&#8243;][vc_btn title=\u00bbPersonal investigador participante\u00bb color=\u00bbvista-blue\u00bb align=\u00bbcenter\u00bb button_block=\u00bbtrue\u00bb][\/vc_column][\/vc_row][vc_row][vc_column][vc_empty_space height=\u00bb30px\u00bb][vc_custom_heading text=\u00bbZona de directos\u00bb font_container=\u00bbtag:h2|text_align:center|color:%234a7cb5&#8243; google_fonts=\u00bbfont_family:Roboto%20Slab%3A100%2C300%2Cregular%2C700|font_style:700%20bold%20regular%3A700%3Anormal\u00bb][vc_column_text] En esta \u00e1rea puedes ver las actividades en abierto de MacaroNight 2022. [\/vc_column_text][vc_empty_space height=\u00bb20px\u00bb][\/vc_column][\/vc_row][vc_row][vc_column][vc_empty_space height=\u00bb40px\u00bb][vc_separator border_width=\u00bb3&#8243;][vc_custom_heading text=\u00bbJornada Divulgativa \u00abLa Ciencia detr\u00e1s...\" \/>\n<meta property=\"og:url\" content=\"https:\/\/www.ull.es\/portal\/cienciaull\/zona-de-directos-macaronight-2022\/\" \/>\n<meta property=\"article:publisher\" content=\"https:\/\/www.facebook.com\/CienciaULL\/\" \/>\n<meta property=\"article:modified_time\" content=\"2022-09-30T01:35:50+00:00\" \/>\n<meta name=\"twitter:card\" content=\"summary_large_image\" \/>\n<meta name=\"twitter:site\" content=\"@CienciaULL\" \/>\n<meta name=\"twitter:label1\" content=\"Tiempo de lectura\" \/>\n\t<meta name=\"twitter:data1\" content=\"2 minutos\" \/>\n<script type=\"application\/ld+json\" class=\"yoast-schema-graph\">{\"@context\":\"https:\/\/schema.org\",\"@graph\":[{\"@type\":\"WebPage\",\"@id\":\"https:\/\/www.ull.es\/portal\/cienciaull\/zona-de-directos-macaronight-2022\/\",\"url\":\"https:\/\/www.ull.es\/portal\/cienciaull\/zona-de-directos-macaronight-2022\/\",\"name\":\"Zona de Directos MacaroNight 2022 -\",\"isPartOf\":{\"@id\":\"https:\/\/www.ull.es\/portal\/cienciaull\/#website\"},\"datePublished\":\"2022-09-22T12:37:11+00:00\",\"dateModified\":\"2022-09-30T01:35:50+00:00\",\"breadcrumb\":{\"@id\":\"https:\/\/www.ull.es\/portal\/cienciaull\/zona-de-directos-macaronight-2022\/#breadcrumb\"},\"inLanguage\":\"es\",\"potentialAction\":[{\"@type\":\"ReadAction\",\"target\":[\"https:\/\/www.ull.es\/portal\/cienciaull\/zona-de-directos-macaronight-2022\/\"]}]},{\"@type\":\"BreadcrumbList\",\"@id\":\"https:\/\/www.ull.es\/portal\/cienciaull\/zona-de-directos-macaronight-2022\/#breadcrumb\",\"itemListElement\":[{\"@type\":\"ListItem\",\"position\":1,\"name\":\"Portada\",\"item\":\"https:\/\/www.ull.es\/portal\/cienciaull\/\"},{\"@type\":\"ListItem\",\"position\":2,\"name\":\"Zona de Directos MacaroNight 2022\"}]},{\"@type\":\"WebSite\",\"@id\":\"https:\/\/www.ull.es\/portal\/cienciaull\/#website\",\"url\":\"https:\/\/www.ull.es\/portal\/cienciaull\/\",\"name\":\"\",\"description\":\"Unidad de Cultura Cient\u00edfica y de la Innovaci\u00f3n de la Universidad de La Laguna\",\"potentialAction\":[{\"@type\":\"SearchAction\",\"target\":{\"@type\":\"EntryPoint\",\"urlTemplate\":\"https:\/\/www.ull.es\/portal\/cienciaull\/?s={search_term_string}\"},\"query-input\":\"required name=search_term_string\"}],\"inLanguage\":\"es\"}]}<\/script>\n<!-- \/ Yoast SEO plugin. -->","yoast_head_json":{"title":"Zona de Directos MacaroNight 2022 -","robots":{"index":"index","follow":"follow","max-snippet":"max-snippet:-1","max-image-preview":"max-image-preview:large","max-video-preview":"max-video-preview:-1"},"canonical":"https:\/\/www.ull.es\/portal\/cienciaull\/zona-de-directos-macaronight-2022\/","og_locale":"es_ES","og_type":"article","og_title":"Zona de Directos MacaroNight 2022 -","og_description":"[vc_row][vc_column][vc_separator color=\u00bbcustom\u00bb border_width=\u00bb10&#8243; accent_color=\u00bb#1e73be\u00bb][vc_empty_space height=\u00bb40px\u00bb][\/vc_column][\/vc_row][vc_row][vc_column width=\u00bb1\/3&#8243;][vc_btn title=\u00bbP\u00e1gina principal\u00bb color=\u00bbprimary\u00bb align=\u00bbcenter\u00bb button_block=\u00bbtrue\u00bb link=\u00bburl:https%3A%2F%2Fwww.ull.es%2Fportal%2Fcienciaull%2Fmacaronight-2022%2F\u00bb][\/vc_column][vc_column width=\u00bb1\/3&#8243;][vc_btn title=\u00bbPrograma de actividades 2022&#8243; color=\u00bbinfo\u00bb align=\u00bbcenter\u00bb button_block=\u00bbtrue\u00bb link=\u00bburl:https%3A%2F%2Fwww.ull.es%2Fportal%2Fcienciaull%2Fmacaronight-2022%2Fprograma-de-actividades%2F\u00bb][\/vc_column][vc_column width=\u00bb1\/3&#8243;][vc_btn title=\u00bbPersonal investigador participante\u00bb color=\u00bbvista-blue\u00bb align=\u00bbcenter\u00bb button_block=\u00bbtrue\u00bb][\/vc_column][\/vc_row][vc_row][vc_column][vc_empty_space height=\u00bb30px\u00bb][vc_custom_heading text=\u00bbZona de directos\u00bb font_container=\u00bbtag:h2|text_align:center|color:%234a7cb5&#8243; google_fonts=\u00bbfont_family:Roboto%20Slab%3A100%2C300%2Cregular%2C700|font_style:700%20bold%20regular%3A700%3Anormal\u00bb][vc_column_text] En esta \u00e1rea puedes ver las actividades en abierto de MacaroNight 2022. [\/vc_column_text][vc_empty_space height=\u00bb20px\u00bb][\/vc_column][\/vc_row][vc_row][vc_column][vc_empty_space height=\u00bb40px\u00bb][vc_separator border_width=\u00bb3&#8243;][vc_custom_heading text=\u00bbJornada Divulgativa \u00abLa Ciencia detr\u00e1s...","og_url":"https:\/\/www.ull.es\/portal\/cienciaull\/zona-de-directos-macaronight-2022\/","article_publisher":"https:\/\/www.facebook.com\/CienciaULL\/","article_modified_time":"2022-09-30T01:35:50+00:00","twitter_card":"summary_large_image","twitter_site":"@CienciaULL","twitter_misc":{"Tiempo de lectura":"2 minutos"},"schema":{"@context":"https:\/\/schema.org","@graph":[{"@type":"WebPage","@id":"https:\/\/www.ull.es\/portal\/cienciaull\/zona-de-directos-macaronight-2022\/","url":"https:\/\/www.ull.es\/portal\/cienciaull\/zona-de-directos-macaronight-2022\/","name":"Zona de Directos MacaroNight 2022 -","isPartOf":{"@id":"https:\/\/www.ull.es\/portal\/cienciaull\/#website"},"datePublished":"2022-09-22T12:37:11+00:00","dateModified":"2022-09-30T01:35:50+00:00","breadcrumb":{"@id":"https:\/\/www.ull.es\/portal\/cienciaull\/zona-de-directos-macaronight-2022\/#breadcrumb"},"inLanguage":"es","potentialAction":[{"@type":"ReadAction","target":["https:\/\/www.ull.es\/portal\/cienciaull\/zona-de-directos-macaronight-2022\/"]}]},{"@type":"BreadcrumbList","@id":"https:\/\/www.ull.es\/portal\/cienciaull\/zona-de-directos-macaronight-2022\/#breadcrumb","itemListElement":[{"@type":"ListItem","position":1,"name":"Portada","item":"https:\/\/www.ull.es\/portal\/cienciaull\/"},{"@type":"ListItem","position":2,"name":"Zona de Directos MacaroNight 2022"}]},{"@type":"WebSite","@id":"https:\/\/www.ull.es\/portal\/cienciaull\/#website","url":"https:\/\/www.ull.es\/portal\/cienciaull\/","name":"","description":"Unidad de Cultura Cient\u00edfica y de la Innovaci\u00f3n de la Universidad de La Laguna","potentialAction":[{"@type":"SearchAction","target":{"@type":"EntryPoint","urlTemplate":"https:\/\/www.ull.es\/portal\/cienciaull\/?s={search_term_string}"},"query-input":"required name=search_term_string"}],"inLanguage":"es"}]}},"_links":{"self":[{"href":"https:\/\/www.ull.es\/portal\/cienciaull\/wp-json\/wp\/v2\/pages\/18654"}],"collection":[{"href":"https:\/\/www.ull.es\/portal\/cienciaull\/wp-json\/wp\/v2\/pages"}],"about":[{"href":"https:\/\/www.ull.es\/portal\/cienciaull\/wp-json\/wp\/v2\/types\/page"}],"author":[{"embeddable":true,"href":"https:\/\/www.ull.es\/portal\/cienciaull\/wp-json\/wp\/v2\/users\/56"}],"replies":[{"embeddable":true,"href":"https:\/\/www.ull.es\/portal\/cienciaull\/wp-json\/wp\/v2\/comments?post=18654"}],"version-history":[{"count":49,"href":"https:\/\/www.ull.es\/portal\/cienciaull\/wp-json\/wp\/v2\/pages\/18654\/revisions"}],"predecessor-version":[{"id":18758,"href":"https:\/\/www.ull.es\/portal\/cienciaull\/wp-json\/wp\/v2\/pages\/18654\/revisions\/18758"}],"wp:attachment":[{"href":"https:\/\/www.ull.es\/portal\/cienciaull\/wp-json\/wp\/v2\/media?parent=18654"}],"curies":[{"name":"wp","href":"https:\/\/api.w.org\/{rel}","templated":true}]}}