{"id":18893,"date":"2022-10-04T12:23:22","date_gmt":"2022-10-04T12:23:22","guid":{"rendered":"https:\/\/www.ull.es\/portal\/cienciaull\/?page_id=18893"},"modified":"2023-05-16T09:50:26","modified_gmt":"2023-05-16T09:50:26","slug":"marta-sigut-saavedra","status":"publish","type":"page","link":"https:\/\/www.ull.es\/portal\/cienciaull\/marta-sigut-saavedra\/","title":{"rendered":"Marta Sigut Saavedra"},"content":{"rendered":"<p>[vc_row][vc_column][vc_empty_space]\n<div id=\"rev_slider_175_1_wrapper\" class=\"rev_slider_wrapper fullwidthbanner-container\" data-source=\"gallery\" style=\"margin:0px auto;background:transparent;padding:0px;margin-top:0px;margin-bottom:0px;\">\n<!-- START REVOLUTION SLIDER 5.4.7.3 auto mode -->\n\t<div id=\"rev_slider_175_1\" class=\"rev_slider fullwidthabanner\" style=\"display:none;\" data-version=\"5.4.7.3\">\n<ul>\t<!-- SLIDE  -->\n\t<li data-index=\"rs-206\" data-transition=\"fade\" data-slotamount=\"default\" data-hideafterloop=\"0\" data-hideslideonmobile=\"off\"  data-easein=\"default\" data-easeout=\"default\" data-masterspeed=\"300\"  data-rotate=\"0\"  data-saveperformance=\"off\"  data-title=\"Slide\" data-param1=\"\" data-param2=\"\" data-param3=\"\" data-param4=\"\" data-param5=\"\" data-param6=\"\" data-param7=\"\" data-param8=\"\" data-param9=\"\" data-param10=\"\" data-description=\"\">\n\t\t<!-- MAIN IMAGE -->\n\t\t<img src=\"https:\/\/www.ull.es\/portal\/cienciaull\/wp-content\/plugins\/revslider\/admin\/assets\/images\/transparent.png\"  alt=\"\" title=\"Marta Sigut Saavedra\"  data-bgposition=\"center center\" data-bgfit=\"cover\" data-bgrepeat=\"no-repeat\" class=\"rev-slidebg\" data-no-retina>\n\t\t<!-- LAYERS -->\n\n\t\t<!-- LAYER NR. 1 -->\n\t\t<div class=\"tp-caption   tp-resizeme\" \n\t\t\t id=\"slide-206-layer-3\" \n\t\t\t data-x=\"-1\" \n\t\t\t data-y=\"-2\" \n\t\t\t\t\t\tdata-width=\"['none','none','none','none']\"\n\t\t\tdata-height=\"['none','none','none','none']\"\n \n\t\t\tdata-type=\"image\" \n\t\t\tdata-responsive_offset=\"on\" \n\n\t\t\tdata-frames='[{\"delay\":0,\"speed\":300,\"frame\":\"0\",\"from\":\"opacity:0;\",\"to\":\"o:1;\",\"ease\":\"Power3.easeInOut\"},{\"delay\":\"wait\",\"speed\":300,\"frame\":\"999\",\"to\":\"opacity:0;\",\"ease\":\"Power3.easeInOut\"}]'\n\t\t\tdata-textAlign=\"['inherit','inherit','inherit','inherit']\"\n\t\t\tdata-paddingtop=\"[0,0,0,0]\"\n\t\t\tdata-paddingright=\"[0,0,0,0]\"\n\t\t\tdata-paddingbottom=\"[0,0,0,0]\"\n\t\t\tdata-paddingleft=\"[0,0,0,0]\"\n\n\t\t\tstyle=\"z-index: 7;\"><img src=\"https:\/\/www.ull.es\/portal\/cienciaull\/wp-content\/uploads\/sites\/24\/2022\/10\/Marta-Sigut-Banner-1.jpg\" alt=\"\" data-ww=\"1500px\" data-hh=\"500px\" width=\"1500\" height=\"500\" data-no-retina> <\/div>\n\t<\/li>\n<\/ul>\n<div class=\"tp-bannertimer tp-bottom\" style=\"visibility: hidden !important;\"><\/div>\t<\/div>\n<script>var htmlDiv = document.getElementById(\"rs-plugin-settings-inline-css\"); var htmlDivCss=\"\";\r\n\t\t\t\tif(htmlDiv) {\r\n\t\t\t\t\thtmlDiv.innerHTML = htmlDiv.innerHTML + htmlDivCss;\r\n\t\t\t\t}else{\r\n\t\t\t\t\tvar htmlDiv = document.createElement(\"div\");\r\n\t\t\t\t\thtmlDiv.innerHTML = \"<style>\" + htmlDivCss + \"<\/style>\";\r\n\t\t\t\t\tdocument.getElementsByTagName(\"head\")[0].appendChild(htmlDiv.childNodes[0]);\r\n\t\t\t\t}\r\n\t\t\t<\/script>\n\t\t<script type=\"text\/javascript\">\r\nif (setREVStartSize!==undefined) setREVStartSize(\r\n\t{c: '#rev_slider_175_1', gridwidth: [1500], gridheight: [500], sliderLayout: 'auto'});\r\n\t\t\t\r\nvar revapi175,\r\n\ttpj;\t\r\n(function() {\t\t\t\r\n\tif (!\/loaded|interactive|complete\/.test(document.readyState)) document.addEventListener(\"DOMContentLoaded\",onLoad); else onLoad();\t\r\n\tfunction onLoad() {\t\t\t\t\r\n\t\tif (tpj===undefined) { tpj = jQuery; if(\"off\" == \"on\") tpj.noConflict();}\r\n\tif(tpj(\"#rev_slider_175_1\").revolution == undefined){\n\t\trevslider_showDoubleJqueryError(\"#rev_slider_175_1\");\n\t}else{\n\t\trevapi175 = tpj(\"#rev_slider_175_1\").show().revolution({\n\t\t\tsliderType:\"standard\",\n\t\t\tjsFileLocation:\"\/\/www.ull.es\/portal\/cienciaull\/wp-content\/plugins\/revslider\/public\/assets\/js\/\",\n\t\t\tsliderLayout:\"auto\",\n\t\t\tdottedOverlay:\"none\",\n\t\t\tdelay:9000,\n\t\t\tnavigation: {\n\t\t\t\tonHoverStop:\"off\",\n\t\t\t},\n\t\t\tvisibilityLevels:[1240,1024,778,480],\n\t\t\tgridwidth:1500,\n\t\t\tgridheight:500,\n\t\t\tlazyType:\"none\",\n\t\t\tshadow:0,\n\t\t\tspinner:\"spinner0\",\n\t\t\tstopLoop:\"off\",\n\t\t\tstopAfterLoops:-1,\n\t\t\tstopAtSlide:-1,\n\t\t\tshuffle:\"off\",\n\t\t\tautoHeight:\"off\",\n\t\t\tdisableProgressBar:\"on\",\n\t\t\thideThumbsOnMobile:\"off\",\n\t\t\thideSliderAtLimit:0,\n\t\t\thideCaptionAtLimit:0,\n\t\t\thideAllCaptionAtLilmit:0,\n\t\t\tdebugMode:false,\n\t\t\tfallbacks: {\n\t\t\t\tsimplifyAll:\"off\",\n\t\t\t\tnextSlideOnWindowFocus:\"off\",\n\t\t\t\tdisableFocusListener:false,\n\t\t\t}\n\t\t});\n\t}; \/* END OF revapi call *\/\n\t\n }; \/* END OF ON LOAD FUNCTION *\/\r\n}()); \/* END OF WRAPPING FUNCTION *\/\r\n<\/script>\r\n\t\t<\/div><!-- END REVOLUTION SLIDER -->[\/vc_column][\/vc_row][vc_row][vc_column width=\u00bb2\/3&#8243;][vc_empty_space css=\u00bb.vc_custom_1684230505450{margin-bottom: 3px !important;border-bottom-width: 3px !important;padding-bottom: 3px !important;}\u00bb][vc_custom_heading text=\u00bb\u00c1rea Ciencia y Tecnolog\u00eda\u00bb font_container=\u00bbtag:h2|text_align:left|color:%23ff8034&#8243; google_fonts=\u00bbfont_family:Roboto%20Slab%3A100%2C300%2Cregular%2C700|font_style:700%20bold%20regular%3A700%3Anormal\u00bb css=\u00bb.vc_custom_1684230512056{margin-bottom: 3px !important;border-bottom-width: 3px !important;padding-bottom: 3px !important;}\u00bb][vc_custom_heading text=\u00bbCap\u00edtulo 11. Marta Sigut Saavedra &#8211; Ingeniera Industrial\u00bb font_container=\u00bbtag:h3|text_align:left|color:%23ff8034&#8243; google_fonts=\u00bbfont_family:Roboto%20Slab%3A100%2C300%2Cregular%2C700|font_style:700%20bold%20regular%3A700%3Anormal\u00bb css=\u00bb.vc_custom_1684230517569{margin-bottom: 5px !important;border-bottom-width: 5px !important;padding-bottom: 5px !important;}\u00bb][vc_custom_heading text=\u00bb<strong>Biograf\u00eda<\/strong>\u00bb font_container=\u00bbtag:h4|text_align:left|color:%23535968&#8243; google_fonts=\u00bbfont_family:Roboto%20Slab%3A100%2C300%2Cregular%2C700|font_style:700%20bold%20regular%3A700%3Anormal\u00bb css=\u00bb.vc_custom_1684230523466{margin-bottom: 5px !important;border-bottom-width: 5px !important;padding-bottom: 5px !important;}\u00bb][vc_column_text css=\u00bb.vc_custom_1684230530612{margin-bottom: 5px !important;border-bottom-width: 5px !important;padding-bottom: 5px !important;}\u00bb]<\/p>\n<p style=\"text-align: justify\"><span style=\"font-weight: 400\">Obtuvo la licenciatura en F\u00edsica en 1996 y es doctora por la Universidad de La Laguna desde diciembre de 2002 con la tesis titulada \u201cAn\u00e1lisis y s\u00edntesis de estrategias de control para sistemas de larga escala: aplicaci\u00f3n al espejo primario del GTC\u201d.<\/span><\/p>\n<p style=\"text-align: justify\"><span style=\"font-weight: 400\">Actualmente, imparte docencia en los grados de Ingenier\u00eda Electr\u00f3nica Industrial y Autom\u00e1tica, Ingenier\u00eda Mec\u00e1nica e Ingenier\u00eda Inform\u00e1tica, as\u00ed como en el M\u00e1ster Universitario en Ingenier\u00eda Industrial y en el M\u00e1ster Universitario en Inform\u00e1tica Industrial y Rob\u00f3tica. En todas estas titulaciones imparte asignaturas de Control y de Automatizaci\u00f3n de procesos, y de Rob\u00f3tica.<\/span><\/p>\n<p style=\"text-align: justify\"><span style=\"font-weight: 400\">En lo referente a su actividad cient\u00edfica e investigadora, ha participado en 8 proyectos de investigaci\u00f3n, 4 de ellos del Plan Nacional DPI y un PROFIT, y en 4 convenios\/contratos de investigaci\u00f3n con empresas. En varios de los proyectos del Plan Nacional DPI en los que ha participado: \u201cGuiado de un sistema de transporte en una urbanizaci\u00f3n bioclim\u00e1tica cerrada\u201d, \u201cSistema inteligente de bajo coste para el transporte y la vigilancia en entornos ecol\u00f3gicos no estructurados\u201d y \u201cSistema Aut\u00f3nomo con Gesti\u00f3n de la Energ\u00eda para la Navegaci\u00f3n en Entornos Din\u00e1micos con Inteligencia Ambiental\u201d, se aborda la navegaci\u00f3n de veh\u00edculos aut\u00f3nomos en entornos no estructurados. Adem\u00e1s, es coautora de numerosas publicaciones, tanto en revistas indexadas en el Journal Citation Reports como en congresos internacionales de primer nivel, como el American Control Conference o el IEEE Conference on Decision and Control.\u00a0<\/span><\/p>\n<p style=\"text-align: justify\"><span style=\"font-weight: 400\">En cuanto a los reconocimientos obtenidos, en 1996 fue Premio Extraordinario de Fin de Carrera. En 1999, obtuvo el Premio de Investigaci\u00f3n Agust\u00edn de Bethencourt con el trabajo titulado \u201cDise\u00f1o de estrategias de control para el espejo primario del Gran Telescopio de Canarias\u201d, y en el a\u00f1o 2002 fue galardonada con el Premio D\u00eda de Canarias para J\u00f3venes Investigadores en el \u00e1rea de Ciencias T\u00e9cnicas.\u00a0<\/span><\/p>\n<p style=\"text-align: justify\"><span style=\"font-weight: 400\">Actualmente trabaja en dos grandes l\u00edneas de investigaci\u00f3n:\u00a0<\/span><\/p>\n<ul>\n<li style=\"font-weight: 400;text-align: justify\"><span style=\"font-weight: 400\">La detecci\u00f3n de fugas de combustible en estaciones de servicio empleando t\u00e9cnicas de inteligencia artificial.\u00a0<\/span><\/li>\n<li style=\"font-weight: 400;text-align: justify\">La reconstrucci\u00f3n completa de escenas 3D empleando informaci\u00f3n de disparidad U-V de im\u00e1genes obtenidas con un sistema de visi\u00f3n estereosc\u00f3pica.<\/li>\n<\/ul>\n<p>[\/vc_column_text][vc_custom_heading text=\u00bb<strong>Departamento<\/strong>\u00bb font_container=\u00bbtag:h4|text_align:left|color:%23535968&#8243; google_fonts=\u00bbfont_family:Roboto%20Slab%3A100%2C300%2Cregular%2C700|font_style:700%20bold%20regular%3A700%3Anormal\u00bb css=\u00bb.vc_custom_1684230539003{margin-bottom: 5px !important;border-bottom-width: 5px !important;padding-bottom: 5px !important;}\u00bb][vc_column_text]<\/p>\n<ul>\n<li><a href=\"https:\/\/portalciencia.ull.es\/unidades\/2915\/detalle\" target=\"_blank\" rel=\"noopener\">Ingenier\u00eda Inform\u00e1tica y de Sistemas<\/a><\/li>\n<\/ul>\n<p>[\/vc_column_text][vc_custom_heading text=\u00bb<strong>L\u00edneas de investigaci\u00f3n<\/strong>\u00bb font_container=\u00bbtag:h4|text_align:left|color:%23535968&#8243; google_fonts=\u00bbfont_family:Roboto%20Slab%3A100%2C300%2Cregular%2C700|font_style:700%20bold%20regular%3A700%3Anormal\u00bb css=\u00bb.vc_custom_1684230554387{margin-bottom: 5px !important;border-bottom-width: 5px !important;padding-bottom: 5px !important;}\u00bb][vc_column_text]<\/p>\n<ul>\n<li>Reconocimiento de patrones y la visi\u00f3n por computador.<\/li>\n<\/ul>\n<p>[\/vc_column_text][vc_custom_heading text=\u00bb<strong>Grupo de investigaci\u00f3n<\/strong>\u00bb font_container=\u00bbtag:h4|text_align:left|color:%23535968&#8243; google_fonts=\u00bbfont_family:Roboto%20Slab%3A100%2C300%2Cregular%2C700|font_style:700%20bold%20regular%3A700%3Anormal\u00bb css=\u00bb.vc_custom_1684230543571{margin-bottom: 5px !important;border-bottom-width: 5px !important;padding-bottom: 5px !important;}\u00bb][vc_column_text]<\/p>\n<ul>\n<li><a href=\"https:\/\/portalciencia.ull.es\/grupos\/6388\/detalle\" target=\"_blank\" rel=\"noopener\">Grupo de Rob\u00f3tica de la ULL<\/a><\/li>\n<li><a href=\"https:\/\/portalciencia.ull.es\/grupos\/6293\/detalle\" target=\"_blank\" rel=\"noopener\">Computadoras y Control<\/a><\/li>\n<\/ul>\n<p>[\/vc_column_text][\/vc_column][vc_column width=\u00bb1\/3&#8243;][vc_empty_space height=\u00bb135px\u00bb][vc_custom_heading text=\u00bb<strong>V\u00eddeo<\/strong>\u00bb font_container=\u00bbtag:h4|text_align:center|color:%23535968&#8243; google_fonts=\u00bbfont_family:Roboto%20Slab%3A100%2C300%2Cregular%2C700|font_style:700%20bold%20regular%3A700%3Anormal\u00bb css=\u00bb.vc_custom_1684230596864{margin-bottom: 5px !important;border-bottom-width: 5px !important;padding-bottom: 5px !important;}\u00bb][vc_video link=\u00bbhttps:\/\/youtu.be\/YZkjtnwhvoI\u00bb][vc_empty_space css=\u00bb.vc_custom_1684230605566{margin-bottom: 3px !important;border-bottom-width: 3px !important;padding-bottom: 3px !important;}\u00bb][vc_btn title=\u00bbSerie Chicas con Cienci@ULL\u00bb color=\u00bbwarning\u00bb size=\u00bblg\u00bb align=\u00bbcenter\u00bb button_block=\u00bbtrue\u00bb link=\u00bburl:https%3A%2F%2Fwww.ull.es%2Fportal%2Fcienciaull%2F3a-temporada-chicas-con-cienciull%2F\u00bb css=\u00bb.vc_custom_1684230609350{margin-bottom: 3px !important;border-bottom-width: 3px !important;padding-bottom: 3px !important;}\u00bb][vc_btn title=\u00bbProducci\u00f3n cient\u00edfica\u00bb color=\u00bbgreen\u00bb size=\u00bblg\u00bb align=\u00bbcenter\u00bb button_block=\u00bbtrue\u00bb link=\u00bburl:https%3A%2F%2Fportalciencia.ull.es%2Finvestigadores%2F82208%2Fdetalle\u00bb css=\u00bb.vc_custom_1682604209935{margin-bottom: 3px !important;border-bottom-width: 3px !important;padding-bottom: 3px !important;}\u00bb][vc_btn title=\u00bbFiguras destacadas\u00bb color=\u00bbdanger\u00bb size=\u00bblg\u00bb align=\u00bbcenter\u00bb button_block=\u00bbtrue\u00bb link=\u00bburl:https%3A%2F%2Fwww.ull.es%2Fportal%2Fcienciaull%2Fcalendario-investigaull%2Ffigurasdesta_investigaull%2F\u00bb][\/vc_column][\/vc_row][vc_row][vc_column][vc_empty_space][vc_single_image image=\u00bb19011&#8243; img_size=\u00bb1500&#215;250&#8243;][\/vc_column][\/vc_row]<\/p>\n","protected":false},"excerpt":{"rendered":"<p>[vc_row][vc_column][vc_empty_space][\/vc_column][\/vc_row][vc_row][vc_column width=\u00bb2\/3&#8243;][vc_empty_space css=\u00bb.vc_custom_1684230505450{margin-bottom: 3px !important;border-bottom-width: 3px !important;padding-bottom: 3px !important;}\u00bb][vc_custom_heading text=\u00bb\u00c1rea Ciencia y Tecnolog\u00eda\u00bb font_container=\u00bbtag:h2|text_align:left|color:%23ff8034&#8243; google_fonts=\u00bbfont_family:Roboto%20Slab%3A100%2C300%2Cregular%2C700|font_style:700%20bold%20regular%3A700%3Anormal\u00bb css=\u00bb.vc_custom_1684230512056{margin-bottom: 3px !important;border-bottom-width: 3px !important;padding-bottom: 3px !important;}\u00bb][vc_custom_heading text=\u00bbCap\u00edtulo 11. Marta Sigut Saavedra &#8211; Ingeniera Industrial\u00bb font_container=\u00bbtag:h3|text_align:left|color:%23ff8034&#8243; google_fonts=\u00bbfont_family:Roboto%20Slab%3A100%2C300%2Cregular%2C700|font_style:700%20bold%20regular%3A700%3Anormal\u00bb css=\u00bb.vc_custom_1684230517569{margin-bottom: 5px !important;border-bottom-width: 5px !important;padding-bottom: 5px !important;}\u00bb][vc_custom_heading text=\u00bbBiograf\u00eda\u00bb font_container=\u00bbtag:h4|text_align:left|color:%23535968&#8243; google_fonts=\u00bbfont_family:Roboto%20Slab%3A100%2C300%2Cregular%2C700|font_style:700%20bold%20regular%3A700%3Anormal\u00bb css=\u00bb.vc_custom_1684230523466{margin-bottom: 5px !important;border-bottom-width: 5px !important;padding-bottom: 5px !important;}\u00bb][vc_column_text css=\u00bb.vc_custom_1684230530612{margin-bottom: 5px !important;border-bottom-width: 5px !important;padding-bottom: 5px&#8230;<\/p>\n","protected":false},"author":56,"featured_media":0,"parent":0,"menu_order":0,"comment_status":"closed","ping_status":"closed","template":"templates\/cienciaull.php","meta":{"inline_featured_image":false,"footnotes":""},"acf":[],"yoast_head":"<!-- This site is optimized with the Yoast SEO plugin v21.3 - https:\/\/yoast.com\/wordpress\/plugins\/seo\/ -->\n<title>Marta Sigut Saavedra -<\/title>\n<meta name=\"robots\" content=\"index, follow, max-snippet:-1, max-image-preview:large, max-video-preview:-1\" \/>\n<link rel=\"canonical\" href=\"https:\/\/www.ull.es\/portal\/cienciaull\/marta-sigut-saavedra\/\" \/>\n<meta property=\"og:locale\" content=\"es_ES\" \/>\n<meta property=\"og:type\" content=\"article\" \/>\n<meta property=\"og:title\" content=\"Marta Sigut Saavedra -\" \/>\n<meta property=\"og:description\" content=\"[vc_row][vc_column][vc_empty_space][\/vc_column][\/vc_row][vc_row][vc_column width=\u00bb2\/3&#8243;][vc_empty_space css=\u00bb.vc_custom_1684230505450{margin-bottom: 3px !important;border-bottom-width: 3px !important;padding-bottom: 3px !important;}\u00bb][vc_custom_heading text=\u00bb\u00c1rea Ciencia y Tecnolog\u00eda\u00bb font_container=\u00bbtag:h2|text_align:left|color:%23ff8034&#8243; google_fonts=\u00bbfont_family:Roboto%20Slab%3A100%2C300%2Cregular%2C700|font_style:700%20bold%20regular%3A700%3Anormal\u00bb css=\u00bb.vc_custom_1684230512056{margin-bottom: 3px !important;border-bottom-width: 3px !important;padding-bottom: 3px !important;}\u00bb][vc_custom_heading text=\u00bbCap\u00edtulo 11. Marta Sigut Saavedra &#8211; Ingeniera Industrial\u00bb font_container=\u00bbtag:h3|text_align:left|color:%23ff8034&#8243; google_fonts=\u00bbfont_family:Roboto%20Slab%3A100%2C300%2Cregular%2C700|font_style:700%20bold%20regular%3A700%3Anormal\u00bb css=\u00bb.vc_custom_1684230517569{margin-bottom: 5px !important;border-bottom-width: 5px !important;padding-bottom: 5px !important;}\u00bb][vc_custom_heading text=\u00bbBiograf\u00eda\u00bb font_container=\u00bbtag:h4|text_align:left|color:%23535968&#8243; google_fonts=\u00bbfont_family:Roboto%20Slab%3A100%2C300%2Cregular%2C700|font_style:700%20bold%20regular%3A700%3Anormal\u00bb css=\u00bb.vc_custom_1684230523466{margin-bottom: 5px !important;border-bottom-width: 5px !important;padding-bottom: 5px !important;}\u00bb][vc_column_text css=\u00bb.vc_custom_1684230530612{margin-bottom: 5px !important;border-bottom-width: 5px !important;padding-bottom: 5px...\" \/>\n<meta property=\"og:url\" content=\"https:\/\/www.ull.es\/portal\/cienciaull\/marta-sigut-saavedra\/\" \/>\n<meta property=\"article:publisher\" content=\"https:\/\/www.facebook.com\/CienciaULL\/\" \/>\n<meta property=\"article:modified_time\" content=\"2023-05-16T09:50:26+00:00\" \/>\n<meta name=\"twitter:card\" content=\"summary_large_image\" \/>\n<meta name=\"twitter:site\" content=\"@CienciaULL\" \/>\n<meta name=\"twitter:label1\" content=\"Tiempo de lectura\" \/>\n\t<meta name=\"twitter:data1\" content=\"3 minutos\" \/>\n<script type=\"application\/ld+json\" class=\"yoast-schema-graph\">{\"@context\":\"https:\/\/schema.org\",\"@graph\":[{\"@type\":\"WebPage\",\"@id\":\"https:\/\/www.ull.es\/portal\/cienciaull\/marta-sigut-saavedra\/\",\"url\":\"https:\/\/www.ull.es\/portal\/cienciaull\/marta-sigut-saavedra\/\",\"name\":\"Marta Sigut Saavedra -\",\"isPartOf\":{\"@id\":\"https:\/\/www.ull.es\/portal\/cienciaull\/#website\"},\"datePublished\":\"2022-10-04T12:23:22+00:00\",\"dateModified\":\"2023-05-16T09:50:26+00:00\",\"breadcrumb\":{\"@id\":\"https:\/\/www.ull.es\/portal\/cienciaull\/marta-sigut-saavedra\/#breadcrumb\"},\"inLanguage\":\"es\",\"potentialAction\":[{\"@type\":\"ReadAction\",\"target\":[\"https:\/\/www.ull.es\/portal\/cienciaull\/marta-sigut-saavedra\/\"]}]},{\"@type\":\"BreadcrumbList\",\"@id\":\"https:\/\/www.ull.es\/portal\/cienciaull\/marta-sigut-saavedra\/#breadcrumb\",\"itemListElement\":[{\"@type\":\"ListItem\",\"position\":1,\"name\":\"Portada\",\"item\":\"https:\/\/www.ull.es\/portal\/cienciaull\/\"},{\"@type\":\"ListItem\",\"position\":2,\"name\":\"Marta Sigut Saavedra\"}]},{\"@type\":\"WebSite\",\"@id\":\"https:\/\/www.ull.es\/portal\/cienciaull\/#website\",\"url\":\"https:\/\/www.ull.es\/portal\/cienciaull\/\",\"name\":\"\",\"description\":\"Unidad de Cultura Cient\u00edfica y de la Innovaci\u00f3n de la Universidad de La Laguna\",\"potentialAction\":[{\"@type\":\"SearchAction\",\"target\":{\"@type\":\"EntryPoint\",\"urlTemplate\":\"https:\/\/www.ull.es\/portal\/cienciaull\/?s={search_term_string}\"},\"query-input\":\"required name=search_term_string\"}],\"inLanguage\":\"es\"}]}<\/script>\n<!-- \/ Yoast SEO plugin. -->","yoast_head_json":{"title":"Marta Sigut Saavedra -","robots":{"index":"index","follow":"follow","max-snippet":"max-snippet:-1","max-image-preview":"max-image-preview:large","max-video-preview":"max-video-preview:-1"},"canonical":"https:\/\/www.ull.es\/portal\/cienciaull\/marta-sigut-saavedra\/","og_locale":"es_ES","og_type":"article","og_title":"Marta Sigut Saavedra -","og_description":"[vc_row][vc_column][vc_empty_space][\/vc_column][\/vc_row][vc_row][vc_column width=\u00bb2\/3&#8243;][vc_empty_space css=\u00bb.vc_custom_1684230505450{margin-bottom: 3px !important;border-bottom-width: 3px !important;padding-bottom: 3px !important;}\u00bb][vc_custom_heading text=\u00bb\u00c1rea Ciencia y Tecnolog\u00eda\u00bb font_container=\u00bbtag:h2|text_align:left|color:%23ff8034&#8243; google_fonts=\u00bbfont_family:Roboto%20Slab%3A100%2C300%2Cregular%2C700|font_style:700%20bold%20regular%3A700%3Anormal\u00bb css=\u00bb.vc_custom_1684230512056{margin-bottom: 3px !important;border-bottom-width: 3px !important;padding-bottom: 3px !important;}\u00bb][vc_custom_heading text=\u00bbCap\u00edtulo 11. Marta Sigut Saavedra &#8211; Ingeniera Industrial\u00bb font_container=\u00bbtag:h3|text_align:left|color:%23ff8034&#8243; google_fonts=\u00bbfont_family:Roboto%20Slab%3A100%2C300%2Cregular%2C700|font_style:700%20bold%20regular%3A700%3Anormal\u00bb css=\u00bb.vc_custom_1684230517569{margin-bottom: 5px !important;border-bottom-width: 5px !important;padding-bottom: 5px !important;}\u00bb][vc_custom_heading text=\u00bbBiograf\u00eda\u00bb font_container=\u00bbtag:h4|text_align:left|color:%23535968&#8243; google_fonts=\u00bbfont_family:Roboto%20Slab%3A100%2C300%2Cregular%2C700|font_style:700%20bold%20regular%3A700%3Anormal\u00bb css=\u00bb.vc_custom_1684230523466{margin-bottom: 5px !important;border-bottom-width: 5px !important;padding-bottom: 5px !important;}\u00bb][vc_column_text css=\u00bb.vc_custom_1684230530612{margin-bottom: 5px !important;border-bottom-width: 5px !important;padding-bottom: 5px...","og_url":"https:\/\/www.ull.es\/portal\/cienciaull\/marta-sigut-saavedra\/","article_publisher":"https:\/\/www.facebook.com\/CienciaULL\/","article_modified_time":"2023-05-16T09:50:26+00:00","twitter_card":"summary_large_image","twitter_site":"@CienciaULL","twitter_misc":{"Tiempo de lectura":"3 minutos"},"schema":{"@context":"https:\/\/schema.org","@graph":[{"@type":"WebPage","@id":"https:\/\/www.ull.es\/portal\/cienciaull\/marta-sigut-saavedra\/","url":"https:\/\/www.ull.es\/portal\/cienciaull\/marta-sigut-saavedra\/","name":"Marta Sigut Saavedra -","isPartOf":{"@id":"https:\/\/www.ull.es\/portal\/cienciaull\/#website"},"datePublished":"2022-10-04T12:23:22+00:00","dateModified":"2023-05-16T09:50:26+00:00","breadcrumb":{"@id":"https:\/\/www.ull.es\/portal\/cienciaull\/marta-sigut-saavedra\/#breadcrumb"},"inLanguage":"es","potentialAction":[{"@type":"ReadAction","target":["https:\/\/www.ull.es\/portal\/cienciaull\/marta-sigut-saavedra\/"]}]},{"@type":"BreadcrumbList","@id":"https:\/\/www.ull.es\/portal\/cienciaull\/marta-sigut-saavedra\/#breadcrumb","itemListElement":[{"@type":"ListItem","position":1,"name":"Portada","item":"https:\/\/www.ull.es\/portal\/cienciaull\/"},{"@type":"ListItem","position":2,"name":"Marta Sigut Saavedra"}]},{"@type":"WebSite","@id":"https:\/\/www.ull.es\/portal\/cienciaull\/#website","url":"https:\/\/www.ull.es\/portal\/cienciaull\/","name":"","description":"Unidad de Cultura Cient\u00edfica y de la Innovaci\u00f3n de la Universidad de La Laguna","potentialAction":[{"@type":"SearchAction","target":{"@type":"EntryPoint","urlTemplate":"https:\/\/www.ull.es\/portal\/cienciaull\/?s={search_term_string}"},"query-input":"required name=search_term_string"}],"inLanguage":"es"}]}},"_links":{"self":[{"href":"https:\/\/www.ull.es\/portal\/cienciaull\/wp-json\/wp\/v2\/pages\/18893"}],"collection":[{"href":"https:\/\/www.ull.es\/portal\/cienciaull\/wp-json\/wp\/v2\/pages"}],"about":[{"href":"https:\/\/www.ull.es\/portal\/cienciaull\/wp-json\/wp\/v2\/types\/page"}],"author":[{"embeddable":true,"href":"https:\/\/www.ull.es\/portal\/cienciaull\/wp-json\/wp\/v2\/users\/56"}],"replies":[{"embeddable":true,"href":"https:\/\/www.ull.es\/portal\/cienciaull\/wp-json\/wp\/v2\/comments?post=18893"}],"version-history":[{"count":17,"href":"https:\/\/www.ull.es\/portal\/cienciaull\/wp-json\/wp\/v2\/pages\/18893\/revisions"}],"predecessor-version":[{"id":23288,"href":"https:\/\/www.ull.es\/portal\/cienciaull\/wp-json\/wp\/v2\/pages\/18893\/revisions\/23288"}],"wp:attachment":[{"href":"https:\/\/www.ull.es\/portal\/cienciaull\/wp-json\/wp\/v2\/media?parent=18893"}],"curies":[{"name":"wp","href":"https:\/\/api.w.org\/{rel}","templated":true}]}}