{"id":18902,"date":"2022-10-04T12:42:38","date_gmt":"2022-10-04T12:42:38","guid":{"rendered":"https:\/\/www.ull.es\/portal\/cienciaull\/?page_id=18902"},"modified":"2024-06-03T10:28:52","modified_gmt":"2024-06-03T10:28:52","slug":"maria-de-la-pena-fabiani-bendicho","status":"publish","type":"page","link":"https:\/\/www.ull.es\/portal\/cienciaull\/maria-de-la-pena-fabiani-bendicho\/","title":{"rendered":"Mar\u00eda de la Pe\u00f1a Fabiani Bendicho &#8211;"},"content":{"rendered":"<p>[vc_row][vc_column][vc_empty_space]\n<div id=\"rev_slider_190_1_wrapper\" class=\"rev_slider_wrapper fullwidthbanner-container\" data-source=\"gallery\" style=\"margin:0px auto;background:transparent;padding:0px;margin-top:0px;margin-bottom:0px;\">\n<!-- START REVOLUTION SLIDER 5.4.7.3 auto mode -->\n\t<div id=\"rev_slider_190_1\" class=\"rev_slider fullwidthabanner\" style=\"display:none;\" data-version=\"5.4.7.3\">\n<ul>\t<!-- SLIDE  -->\n\t<li data-index=\"rs-221\" data-transition=\"fade\" data-slotamount=\"default\" data-hideafterloop=\"0\" data-hideslideonmobile=\"off\"  data-easein=\"default\" data-easeout=\"default\" data-masterspeed=\"300\"  data-rotate=\"0\"  data-saveperformance=\"off\"  data-title=\"Slide\" data-param1=\"\" data-param2=\"\" data-param3=\"\" data-param4=\"\" data-param5=\"\" data-param6=\"\" data-param7=\"\" data-param8=\"\" data-param9=\"\" data-param10=\"\" data-description=\"\">\n\t\t<!-- MAIN IMAGE -->\n\t\t<img src=\"https:\/\/www.ull.es\/portal\/cienciaull\/wp-content\/plugins\/revslider\/admin\/assets\/images\/transparent.png\"  alt=\"\" title=\"Mar\u00eda de la Pe\u00f1a Fabiani Bendicho &#8211;\"  data-bgposition=\"center center\" data-bgfit=\"cover\" data-bgrepeat=\"no-repeat\" class=\"rev-slidebg\" data-no-retina>\n\t\t<!-- LAYERS -->\n\n\t\t<!-- LAYER NR. 1 -->\n\t\t<div class=\"tp-caption   tp-resizeme\" \n\t\t\t id=\"slide-221-layer-1\" \n\t\t\t data-x=\"\" \n\t\t\t data-y=\"\" \n\t\t\t\t\t\tdata-width=\"['none','none','none','none']\"\n\t\t\tdata-height=\"['none','none','none','none']\"\n \n\t\t\tdata-type=\"image\" \n\t\t\tdata-responsive_offset=\"on\" \n\n\t\t\tdata-frames='[{\"delay\":0,\"speed\":300,\"frame\":\"0\",\"from\":\"opacity:0;\",\"to\":\"o:1;\",\"ease\":\"Power3.easeInOut\"},{\"delay\":\"wait\",\"speed\":300,\"frame\":\"999\",\"to\":\"opacity:0;\",\"ease\":\"Power3.easeInOut\"}]'\n\t\t\tdata-textAlign=\"['inherit','inherit','inherit','inherit']\"\n\t\t\tdata-paddingtop=\"[0,0,0,0]\"\n\t\t\tdata-paddingright=\"[0,0,0,0]\"\n\t\t\tdata-paddingbottom=\"[0,0,0,0]\"\n\t\t\tdata-paddingleft=\"[0,0,0,0]\"\n\n\t\t\tstyle=\"z-index: 5;\"><img src=\"https:\/\/www.ull.es\/portal\/cienciaull\/wp-content\/uploads\/sites\/24\/2022\/11\/Pena-Fabiani-Banner.jpg\" alt=\"\" data-ww=\"1500px\" data-hh=\"500px\" width=\"1500\" height=\"500\" data-no-retina> <\/div>\n\t<\/li>\n<\/ul>\n<div class=\"tp-bannertimer tp-bottom\" style=\"visibility: hidden !important;\"><\/div>\t<\/div>\n<script>var htmlDiv = document.getElementById(\"rs-plugin-settings-inline-css\"); var htmlDivCss=\"\";\r\n\t\t\t\tif(htmlDiv) {\r\n\t\t\t\t\thtmlDiv.innerHTML = htmlDiv.innerHTML + htmlDivCss;\r\n\t\t\t\t}else{\r\n\t\t\t\t\tvar htmlDiv = document.createElement(\"div\");\r\n\t\t\t\t\thtmlDiv.innerHTML = \"<style>\" + htmlDivCss + \"<\/style>\";\r\n\t\t\t\t\tdocument.getElementsByTagName(\"head\")[0].appendChild(htmlDiv.childNodes[0]);\r\n\t\t\t\t}\r\n\t\t\t<\/script>\n\t\t<script type=\"text\/javascript\">\r\nif (setREVStartSize!==undefined) setREVStartSize(\r\n\t{c: '#rev_slider_190_1', gridwidth: [1500], gridheight: [500], sliderLayout: 'auto'});\r\n\t\t\t\r\nvar revapi190,\r\n\ttpj;\t\r\n(function() {\t\t\t\r\n\tif (!\/loaded|interactive|complete\/.test(document.readyState)) document.addEventListener(\"DOMContentLoaded\",onLoad); else onLoad();\t\r\n\tfunction onLoad() {\t\t\t\t\r\n\t\tif (tpj===undefined) { tpj = jQuery; if(\"off\" == \"on\") tpj.noConflict();}\r\n\tif(tpj(\"#rev_slider_190_1\").revolution == undefined){\n\t\trevslider_showDoubleJqueryError(\"#rev_slider_190_1\");\n\t}else{\n\t\trevapi190 = tpj(\"#rev_slider_190_1\").show().revolution({\n\t\t\tsliderType:\"standard\",\n\t\t\tjsFileLocation:\"\/\/www.ull.es\/portal\/cienciaull\/wp-content\/plugins\/revslider\/public\/assets\/js\/\",\n\t\t\tsliderLayout:\"auto\",\n\t\t\tdottedOverlay:\"none\",\n\t\t\tdelay:9000,\n\t\t\tnavigation: {\n\t\t\t\tonHoverStop:\"off\",\n\t\t\t},\n\t\t\tvisibilityLevels:[1240,1024,778,480],\n\t\t\tgridwidth:1500,\n\t\t\tgridheight:500,\n\t\t\tlazyType:\"none\",\n\t\t\tshadow:0,\n\t\t\tspinner:\"spinner0\",\n\t\t\tstopLoop:\"off\",\n\t\t\tstopAfterLoops:-1,\n\t\t\tstopAtSlide:-1,\n\t\t\tshuffle:\"off\",\n\t\t\tautoHeight:\"off\",\n\t\t\tdisableProgressBar:\"on\",\n\t\t\thideThumbsOnMobile:\"off\",\n\t\t\thideSliderAtLimit:0,\n\t\t\thideCaptionAtLimit:0,\n\t\t\thideAllCaptionAtLilmit:0,\n\t\t\tdebugMode:false,\n\t\t\tfallbacks: {\n\t\t\t\tsimplifyAll:\"off\",\n\t\t\t\tnextSlideOnWindowFocus:\"off\",\n\t\t\t\tdisableFocusListener:false,\n\t\t\t}\n\t\t});\n\t}; \/* END OF revapi call *\/\n\t\n }; \/* END OF ON LOAD FUNCTION *\/\r\n}()); \/* END OF WRAPPING FUNCTION *\/\r\n<\/script>\r\n\t\t<\/div><!-- END REVOLUTION SLIDER -->[\/vc_column][\/vc_row][vc_row][vc_column width=\u00bb2\/3&#8243;][vc_empty_space css=\u00bb.vc_custom_1684235388571{margin-bottom: 3px !important;border-bottom-width: 3px !important;padding-bottom: 3px !important;}\u00bb][vc_custom_heading text=\u00bb\u00c1rea Ciencia y Tecnolog\u00eda\u00bb font_container=\u00bbtag:h2|text_align:left|color:%23ff8034&#8243; google_fonts=\u00bbfont_family:Roboto%20Slab%3A100%2C300%2Cregular%2C700|font_style:700%20bold%20regular%3A700%3Anormal\u00bb css=\u00bb.vc_custom_1684235393453{margin-bottom: 3px !important;border-bottom-width: 3px !important;padding-bottom: 3px !important;}\u00bb][vc_custom_heading text=\u00bbCap\u00edtulo 21. Mar\u00eda de la Pe\u00f1a Fabiani Bendicho &#8211; F\u00edsica\u00bb font_container=\u00bbtag:h3|text_align:left|color:%23ff8034&#8243; google_fonts=\u00bbfont_family:Roboto%20Slab%3A100%2C300%2Cregular%2C700|font_style:700%20bold%20regular%3A700%3Anormal\u00bb css=\u00bb.vc_custom_1684235399740{margin-bottom: 5px !important;border-bottom-width: 5px !important;padding-bottom: 5px !important;}\u00bb][vc_custom_heading text=\u00bb<strong>Biograf\u00eda<\/strong>\u00bb font_container=\u00bbtag:h4|text_align:left|color:%23535968&#8243; google_fonts=\u00bbfont_family:Roboto%20Slab%3A100%2C300%2Cregular%2C700|font_style:700%20bold%20regular%3A700%3Anormal\u00bb css=\u00bb.vc_custom_1684235406003{margin-bottom: 5px !important;border-bottom-width: 5px !important;padding-bottom: 5px !important;}\u00bb][vc_column_text css=\u00bb.vc_custom_1717410529761{margin-bottom: 5px !important;border-bottom-width: 5px !important;padding-bottom: 5px !important;}\u00bb]<\/p>\n<p style=\"text-align: justify\">Es licenciada en Ciencias F\u00edsicas por la Universidad de Zaragoza en 1989 y doctora en Astrof\u00edsica por la Universidad de la Laguna en 1993. Trabaj\u00f3 seis a\u00f1os en el Instituto de Astrof\u00edsica de Canarias, dentro del grupo de F\u00edsica Solar y dos a\u00f1os en Alemania con una beca de la Agencia Espacial Europea (Kieppenheuer Institut f\u00fcr SonnenPhysics, Friburgo), realizando estancias breves en Gotinga (Alemania), N\u00e1poles (Italia) y los Alamos (USA). En el a\u00f1o 2000, comenz\u00f3 a trabajar para el CNRS Franc\u00e9s (Centre National pour la Reserche Scientifique). En 2002 se incorpor\u00f3 como docente a tiempo parcial en la ULL en el departamento de F\u00edsica B\u00e1sica.<\/p>\n<p style=\"text-align: justify\">Durante este periodo, su investigaci\u00f3n se centr\u00f3 en espectroscop\u00eda, transporte de radiaci\u00f3n, m\u00e9todos num\u00e9ricos y simulaciones magnetohidrodin\u00e1micas, compaginando la faceta investigadora con labores tecnol\u00f3gicas como Astr\u00f3nomo de Soporte, primero en los telescopios alemanes del observatorio de Iza\u00f1a y posteriormente en el telescopio franc\u00e9s Themis.<\/p>\n<p style=\"text-align: justify\">Al entrar como docente en la Universidad, su campo de trabajo se reorient\u00f3 hacia cuestiones relacionadas con la Ingenier\u00eda. Actualmente, forma parte del departamento de Ingenier\u00eda Industrial, participando en varios proyectos de investigaci\u00f3n. Sus l\u00edneas de investigaci\u00f3n actuales incluyen temas relacionados con las energ\u00edas renovables en entornos n\u00e1uticos, trabajos interdisciplinares con bi\u00f3logos marinos e innovaci\u00f3n docente en Ingenier\u00eda.<\/p>\n<p>[\/vc_column_text][vc_custom_heading text=\u00bb<strong>Departamento<\/strong>\u00bb font_container=\u00bbtag:h4|text_align:left|color:%23535968&#8243; google_fonts=\u00bbfont_family:Roboto%20Slab%3A100%2C300%2Cregular%2C700|font_style:700%20bold%20regular%3A700%3Anormal\u00bb css=\u00bb.vc_custom_1684235807015{margin-top: 0px !important;margin-bottom: 5px !important;border-bottom-width: 5px !important;padding-bottom: 5px !important;}\u00bb][vc_column_text]<\/p>\n<ul>\n<li><a href=\"https:\/\/www.ull.es\/departamentos\/ingenieria-industrial\/\" target=\"_blank\" rel=\"noopener\">Ingenier\u00eda industrial<\/a><\/li>\n<\/ul>\n<p>[\/vc_column_text][vc_custom_heading text=\u00bb<strong>L\u00edneas de investigaci\u00f3n<\/strong>\u00bb font_container=\u00bbtag:h4|text_align:left|color:%23535968&#8243; google_fonts=\u00bbfont_family:Roboto%20Slab%3A100%2C300%2Cregular%2C700|font_style:700%20bold%20regular%3A700%3Anormal\u00bb css=\u00bb.vc_custom_1684235710744{margin-top: 0px !important;margin-bottom: 5px !important;border-bottom-width: 5px !important;padding-bottom: 5px !important;}\u00bb][vc_column_text]<\/p>\n<ul>\n<li>Realidad Aumentada y en el uso de PoPBL (Project and Problem Based Learning).<\/li>\n<\/ul>\n<p>[\/vc_column_text][vc_custom_heading text=\u00bb<strong>Grupos de investigaci\u00f3n<\/strong>\u00bb font_container=\u00bbtag:h4|text_align:left|color:%23535968&#8243; google_fonts=\u00bbfont_family:Roboto%20Slab%3A100%2C300%2Cregular%2C700|font_style:700%20bold%20regular%3A700%3Anormal\u00bb css=\u00bb.vc_custom_1684235439041{margin-top: 0px !important;margin-bottom: 5px !important;border-bottom-width: 5px !important;padding-bottom: 5px !important;}\u00bb][vc_column_text]<\/p>\n<ul>\n<li style=\"text-align: justify\"><a href=\"https:\/\/portalciencia.ull.es\/grupos\/6317\/detalle\" target=\"_blank\" rel=\"noopener\">Ingenier\u00eda el\u00e9ctrica y bioingenier\u00eda<\/a><\/li>\n<li><a class=\"waffle-rich-text-link\" href=\"https:\/\/portalciencia.ull.es\/grupos\/6403\/detalle\" data-sheets-formula-bar-text-link=\"https:\/\/portalciencia.ull.es\/grupos\/6403\/detalle\" data-sheets-formula-bar-text-style=\"font-size:16px;color:#000000;font-weight:normal;text-decoration:underline;font-family:'docs-Calibri';font-style:normal;text-decoration-skip-ink:none;\" target=\"_blank\" rel=\"noopener\">Active Learning Group for Active Education (ALGAE)<\/a><\/li>\n<li><a href=\"https:\/\/portalciencia.ull.es\/grupos\/24594\/detalle\" target=\"_blank\" rel=\"noopener\">LFD-TECNOMAR<\/a><\/li>\n<\/ul>\n<p>[\/vc_column_text][\/vc_column][vc_column width=\u00bb1\/3&#8243;][vc_empty_space height=\u00bb135px\u00bb][vc_custom_heading text=\u00bb<strong>V\u00eddeo<\/strong>\u00bb font_container=\u00bbtag:h4|text_align:center|color:%23535968&#8243; google_fonts=\u00bbfont_family:Roboto%20Slab%3A100%2C300%2Cregular%2C700|font_style:700%20bold%20regular%3A700%3Anormal\u00bb css=\u00bb.vc_custom_1684235570951{margin-bottom: 5px !important;border-bottom-width: 5px !important;padding-bottom: 5px !important;}\u00bb][vc_video link=\u00bbhttps:\/\/youtu.be\/USUQdOrB5S4&#8243;][vc_empty_space css=\u00bb.vc_custom_1684235573900{margin-bottom: 3px !important;border-bottom-width: 3px !important;padding-bottom: 3px !important;}\u00bb][vc_btn title=\u00bbSerie Chicas con Cienci@ULL\u00bb color=\u00bbwarning\u00bb size=\u00bblg\u00bb align=\u00bbcenter\u00bb button_block=\u00bbtrue\u00bb link=\u00bburl:https%3A%2F%2Fwww.ull.es%2Fportal%2Fcienciaull%2F3a-temporada-chicas-con-cienciull%2F\u00bb css=\u00bb.vc_custom_1683019376752{margin-bottom: 3px !important;border-bottom-width: 3px !important;padding-bottom: 3px !important;}\u00bb][vc_btn title=\u00bbProducci\u00f3n cient\u00edfica\u00bb color=\u00bbvista-blue\u00bb size=\u00bblg\u00bb align=\u00bbcenter\u00bb button_block=\u00bbtrue\u00bb link=\u00bburl:https%3A%2F%2Fportalciencia.ull.es%2Finvestigadores%2F82049%2Fdetalle\u00bb css=\u00bb.vc_custom_1683019389015{margin-bottom: 3px !important;border-bottom-width: 3px !important;padding-bottom: 3px !important;}\u00bb][vc_btn title=\u00bbFiguras destacadas\u00bb color=\u00bbpink\u00bb size=\u00bblg\u00bb align=\u00bbcenter\u00bb button_block=\u00bbtrue\u00bb css=\u00bb.vc_custom_1684235584517{margin-bottom: 3px !important;border-bottom-width: 3px !important;padding-bottom: 3px !important;}\u00bb link=\u00bburl:https%3A%2F%2Fwww.ull.es%2Fportal%2Fcienciaull%2Fcalendario-investigaull%2Ffigurasdesta_investigaull%2F\u00bb][\/vc_column][\/vc_row][vc_row][vc_column][vc_empty_space][vc_single_image image=\u00bb19011&#8243; img_size=\u00bb1500&#215;250&#8243;][\/vc_column][\/vc_row]<\/p>\n","protected":false},"excerpt":{"rendered":"<p>[vc_row][vc_column][vc_empty_space][\/vc_column][\/vc_row][vc_row][vc_column width=\u00bb2\/3&#8243;][vc_empty_space css=\u00bb.vc_custom_1684235388571{margin-bottom: 3px !important;border-bottom-width: 3px !important;padding-bottom: 3px !important;}\u00bb][vc_custom_heading text=\u00bb\u00c1rea Ciencia y Tecnolog\u00eda\u00bb font_container=\u00bbtag:h2|text_align:left|color:%23ff8034&#8243; google_fonts=\u00bbfont_family:Roboto%20Slab%3A100%2C300%2Cregular%2C700|font_style:700%20bold%20regular%3A700%3Anormal\u00bb css=\u00bb.vc_custom_1684235393453{margin-bottom: 3px !important;border-bottom-width: 3px !important;padding-bottom: 3px !important;}\u00bb][vc_custom_heading text=\u00bbCap\u00edtulo 21. Mar\u00eda de la Pe\u00f1a Fabiani Bendicho &#8211; F\u00edsica\u00bb font_container=\u00bbtag:h3|text_align:left|color:%23ff8034&#8243; google_fonts=\u00bbfont_family:Roboto%20Slab%3A100%2C300%2Cregular%2C700|font_style:700%20bold%20regular%3A700%3Anormal\u00bb css=\u00bb.vc_custom_1684235399740{margin-bottom: 5px !important;border-bottom-width: 5px !important;padding-bottom: 5px !important;}\u00bb][vc_custom_heading text=\u00bbBiograf\u00eda\u00bb font_container=\u00bbtag:h4|text_align:left|color:%23535968&#8243; google_fonts=\u00bbfont_family:Roboto%20Slab%3A100%2C300%2Cregular%2C700|font_style:700%20bold%20regular%3A700%3Anormal\u00bb css=\u00bb.vc_custom_1684235406003{margin-bottom: 5px !important;border-bottom-width: 5px !important;padding-bottom: 5px !important;}\u00bb][vc_column_text css=\u00bb.vc_custom_1717410529761{margin-bottom: 5px !important;border-bottom-width: 5px&#8230;<\/p>\n","protected":false},"author":56,"featured_media":0,"parent":0,"menu_order":0,"comment_status":"closed","ping_status":"closed","template":"templates\/cienciaull.php","meta":{"inline_featured_image":false,"footnotes":""},"acf":[],"yoast_head":"<!-- This site is optimized with the Yoast SEO plugin v21.3 - https:\/\/yoast.com\/wordpress\/plugins\/seo\/ -->\n<title>Mar\u00eda de la Pe\u00f1a Fabiani Bendicho -<\/title>\n<meta name=\"robots\" content=\"index, follow, max-snippet:-1, max-image-preview:large, max-video-preview:-1\" \/>\n<link rel=\"canonical\" href=\"https:\/\/www.ull.es\/portal\/cienciaull\/maria-de-la-pena-fabiani-bendicho\/\" \/>\n<meta property=\"og:locale\" content=\"es_ES\" \/>\n<meta property=\"og:type\" content=\"article\" \/>\n<meta property=\"og:title\" content=\"Mar\u00eda de la Pe\u00f1a Fabiani Bendicho -\" \/>\n<meta property=\"og:description\" content=\"[vc_row][vc_column][vc_empty_space][\/vc_column][\/vc_row][vc_row][vc_column width=\u00bb2\/3&#8243;][vc_empty_space css=\u00bb.vc_custom_1684235388571{margin-bottom: 3px !important;border-bottom-width: 3px !important;padding-bottom: 3px !important;}\u00bb][vc_custom_heading text=\u00bb\u00c1rea Ciencia y Tecnolog\u00eda\u00bb font_container=\u00bbtag:h2|text_align:left|color:%23ff8034&#8243; google_fonts=\u00bbfont_family:Roboto%20Slab%3A100%2C300%2Cregular%2C700|font_style:700%20bold%20regular%3A700%3Anormal\u00bb css=\u00bb.vc_custom_1684235393453{margin-bottom: 3px !important;border-bottom-width: 3px !important;padding-bottom: 3px !important;}\u00bb][vc_custom_heading text=\u00bbCap\u00edtulo 21. Mar\u00eda de la Pe\u00f1a Fabiani Bendicho &#8211; F\u00edsica\u00bb font_container=\u00bbtag:h3|text_align:left|color:%23ff8034&#8243; google_fonts=\u00bbfont_family:Roboto%20Slab%3A100%2C300%2Cregular%2C700|font_style:700%20bold%20regular%3A700%3Anormal\u00bb css=\u00bb.vc_custom_1684235399740{margin-bottom: 5px !important;border-bottom-width: 5px !important;padding-bottom: 5px !important;}\u00bb][vc_custom_heading text=\u00bbBiograf\u00eda\u00bb font_container=\u00bbtag:h4|text_align:left|color:%23535968&#8243; google_fonts=\u00bbfont_family:Roboto%20Slab%3A100%2C300%2Cregular%2C700|font_style:700%20bold%20regular%3A700%3Anormal\u00bb css=\u00bb.vc_custom_1684235406003{margin-bottom: 5px !important;border-bottom-width: 5px !important;padding-bottom: 5px !important;}\u00bb][vc_column_text css=\u00bb.vc_custom_1717410529761{margin-bottom: 5px !important;border-bottom-width: 5px...\" \/>\n<meta property=\"og:url\" content=\"https:\/\/www.ull.es\/portal\/cienciaull\/maria-de-la-pena-fabiani-bendicho\/\" \/>\n<meta property=\"article:publisher\" content=\"https:\/\/www.facebook.com\/CienciaULL\/\" \/>\n<meta property=\"article:modified_time\" content=\"2024-06-03T10:28:52+00:00\" \/>\n<meta name=\"twitter:card\" content=\"summary_large_image\" \/>\n<meta name=\"twitter:site\" content=\"@CienciaULL\" \/>\n<meta name=\"twitter:label1\" content=\"Tiempo de lectura\" \/>\n\t<meta name=\"twitter:data1\" content=\"2 minutos\" \/>\n<script type=\"application\/ld+json\" class=\"yoast-schema-graph\">{\"@context\":\"https:\/\/schema.org\",\"@graph\":[{\"@type\":\"WebPage\",\"@id\":\"https:\/\/www.ull.es\/portal\/cienciaull\/maria-de-la-pena-fabiani-bendicho\/\",\"url\":\"https:\/\/www.ull.es\/portal\/cienciaull\/maria-de-la-pena-fabiani-bendicho\/\",\"name\":\"Mar\u00eda de la Pe\u00f1a Fabiani Bendicho -\",\"isPartOf\":{\"@id\":\"https:\/\/www.ull.es\/portal\/cienciaull\/#website\"},\"datePublished\":\"2022-10-04T12:42:38+00:00\",\"dateModified\":\"2024-06-03T10:28:52+00:00\",\"breadcrumb\":{\"@id\":\"https:\/\/www.ull.es\/portal\/cienciaull\/maria-de-la-pena-fabiani-bendicho\/#breadcrumb\"},\"inLanguage\":\"es\",\"potentialAction\":[{\"@type\":\"ReadAction\",\"target\":[\"https:\/\/www.ull.es\/portal\/cienciaull\/maria-de-la-pena-fabiani-bendicho\/\"]}]},{\"@type\":\"BreadcrumbList\",\"@id\":\"https:\/\/www.ull.es\/portal\/cienciaull\/maria-de-la-pena-fabiani-bendicho\/#breadcrumb\",\"itemListElement\":[{\"@type\":\"ListItem\",\"position\":1,\"name\":\"Portada\",\"item\":\"https:\/\/www.ull.es\/portal\/cienciaull\/\"},{\"@type\":\"ListItem\",\"position\":2,\"name\":\"Mar\u00eda de la Pe\u00f1a Fabiani Bendicho &#8211;\"}]},{\"@type\":\"WebSite\",\"@id\":\"https:\/\/www.ull.es\/portal\/cienciaull\/#website\",\"url\":\"https:\/\/www.ull.es\/portal\/cienciaull\/\",\"name\":\"\",\"description\":\"Unidad de Cultura Cient\u00edfica y de la Innovaci\u00f3n de la Universidad de La Laguna\",\"potentialAction\":[{\"@type\":\"SearchAction\",\"target\":{\"@type\":\"EntryPoint\",\"urlTemplate\":\"https:\/\/www.ull.es\/portal\/cienciaull\/?s={search_term_string}\"},\"query-input\":\"required name=search_term_string\"}],\"inLanguage\":\"es\"}]}<\/script>\n<!-- \/ Yoast SEO plugin. -->","yoast_head_json":{"title":"Mar\u00eda de la Pe\u00f1a Fabiani Bendicho -","robots":{"index":"index","follow":"follow","max-snippet":"max-snippet:-1","max-image-preview":"max-image-preview:large","max-video-preview":"max-video-preview:-1"},"canonical":"https:\/\/www.ull.es\/portal\/cienciaull\/maria-de-la-pena-fabiani-bendicho\/","og_locale":"es_ES","og_type":"article","og_title":"Mar\u00eda de la Pe\u00f1a Fabiani Bendicho -","og_description":"[vc_row][vc_column][vc_empty_space][\/vc_column][\/vc_row][vc_row][vc_column width=\u00bb2\/3&#8243;][vc_empty_space css=\u00bb.vc_custom_1684235388571{margin-bottom: 3px !important;border-bottom-width: 3px !important;padding-bottom: 3px !important;}\u00bb][vc_custom_heading text=\u00bb\u00c1rea Ciencia y Tecnolog\u00eda\u00bb font_container=\u00bbtag:h2|text_align:left|color:%23ff8034&#8243; google_fonts=\u00bbfont_family:Roboto%20Slab%3A100%2C300%2Cregular%2C700|font_style:700%20bold%20regular%3A700%3Anormal\u00bb css=\u00bb.vc_custom_1684235393453{margin-bottom: 3px !important;border-bottom-width: 3px !important;padding-bottom: 3px !important;}\u00bb][vc_custom_heading text=\u00bbCap\u00edtulo 21. Mar\u00eda de la Pe\u00f1a Fabiani Bendicho &#8211; F\u00edsica\u00bb font_container=\u00bbtag:h3|text_align:left|color:%23ff8034&#8243; google_fonts=\u00bbfont_family:Roboto%20Slab%3A100%2C300%2Cregular%2C700|font_style:700%20bold%20regular%3A700%3Anormal\u00bb css=\u00bb.vc_custom_1684235399740{margin-bottom: 5px !important;border-bottom-width: 5px !important;padding-bottom: 5px !important;}\u00bb][vc_custom_heading text=\u00bbBiograf\u00eda\u00bb font_container=\u00bbtag:h4|text_align:left|color:%23535968&#8243; google_fonts=\u00bbfont_family:Roboto%20Slab%3A100%2C300%2Cregular%2C700|font_style:700%20bold%20regular%3A700%3Anormal\u00bb css=\u00bb.vc_custom_1684235406003{margin-bottom: 5px !important;border-bottom-width: 5px !important;padding-bottom: 5px !important;}\u00bb][vc_column_text css=\u00bb.vc_custom_1717410529761{margin-bottom: 5px !important;border-bottom-width: 5px...","og_url":"https:\/\/www.ull.es\/portal\/cienciaull\/maria-de-la-pena-fabiani-bendicho\/","article_publisher":"https:\/\/www.facebook.com\/CienciaULL\/","article_modified_time":"2024-06-03T10:28:52+00:00","twitter_card":"summary_large_image","twitter_site":"@CienciaULL","twitter_misc":{"Tiempo de lectura":"2 minutos"},"schema":{"@context":"https:\/\/schema.org","@graph":[{"@type":"WebPage","@id":"https:\/\/www.ull.es\/portal\/cienciaull\/maria-de-la-pena-fabiani-bendicho\/","url":"https:\/\/www.ull.es\/portal\/cienciaull\/maria-de-la-pena-fabiani-bendicho\/","name":"Mar\u00eda de la Pe\u00f1a Fabiani Bendicho -","isPartOf":{"@id":"https:\/\/www.ull.es\/portal\/cienciaull\/#website"},"datePublished":"2022-10-04T12:42:38+00:00","dateModified":"2024-06-03T10:28:52+00:00","breadcrumb":{"@id":"https:\/\/www.ull.es\/portal\/cienciaull\/maria-de-la-pena-fabiani-bendicho\/#breadcrumb"},"inLanguage":"es","potentialAction":[{"@type":"ReadAction","target":["https:\/\/www.ull.es\/portal\/cienciaull\/maria-de-la-pena-fabiani-bendicho\/"]}]},{"@type":"BreadcrumbList","@id":"https:\/\/www.ull.es\/portal\/cienciaull\/maria-de-la-pena-fabiani-bendicho\/#breadcrumb","itemListElement":[{"@type":"ListItem","position":1,"name":"Portada","item":"https:\/\/www.ull.es\/portal\/cienciaull\/"},{"@type":"ListItem","position":2,"name":"Mar\u00eda de la Pe\u00f1a Fabiani Bendicho &#8211;"}]},{"@type":"WebSite","@id":"https:\/\/www.ull.es\/portal\/cienciaull\/#website","url":"https:\/\/www.ull.es\/portal\/cienciaull\/","name":"","description":"Unidad de Cultura Cient\u00edfica y de la Innovaci\u00f3n de la Universidad de La Laguna","potentialAction":[{"@type":"SearchAction","target":{"@type":"EntryPoint","urlTemplate":"https:\/\/www.ull.es\/portal\/cienciaull\/?s={search_term_string}"},"query-input":"required name=search_term_string"}],"inLanguage":"es"}]}},"_links":{"self":[{"href":"https:\/\/www.ull.es\/portal\/cienciaull\/wp-json\/wp\/v2\/pages\/18902"}],"collection":[{"href":"https:\/\/www.ull.es\/portal\/cienciaull\/wp-json\/wp\/v2\/pages"}],"about":[{"href":"https:\/\/www.ull.es\/portal\/cienciaull\/wp-json\/wp\/v2\/types\/page"}],"author":[{"embeddable":true,"href":"https:\/\/www.ull.es\/portal\/cienciaull\/wp-json\/wp\/v2\/users\/56"}],"replies":[{"embeddable":true,"href":"https:\/\/www.ull.es\/portal\/cienciaull\/wp-json\/wp\/v2\/comments?post=18902"}],"version-history":[{"count":15,"href":"https:\/\/www.ull.es\/portal\/cienciaull\/wp-json\/wp\/v2\/pages\/18902\/revisions"}],"predecessor-version":[{"id":23315,"href":"https:\/\/www.ull.es\/portal\/cienciaull\/wp-json\/wp\/v2\/pages\/18902\/revisions\/23315"}],"wp:attachment":[{"href":"https:\/\/www.ull.es\/portal\/cienciaull\/wp-json\/wp\/v2\/media?parent=18902"}],"curies":[{"name":"wp","href":"https:\/\/api.w.org\/{rel}","templated":true}]}}