{"id":18923,"date":"2022-10-04T13:27:26","date_gmt":"2022-10-04T13:27:26","guid":{"rendered":"https:\/\/www.ull.es\/portal\/cienciaull\/?page_id=18923"},"modified":"2023-05-16T10:12:25","modified_gmt":"2023-05-16T10:12:25","slug":"tania-castellano-san-jacinto","status":"publish","type":"page","link":"https:\/\/www.ull.es\/portal\/cienciaull\/tania-castellano-san-jacinto\/","title":{"rendered":"Tania Castellano San Jacinto &#8211;"},"content":{"rendered":"<p>[vc_row][vc_column][vc_empty_space]\n<div id=\"rev_slider_168_1_wrapper\" class=\"rev_slider_wrapper fullwidthbanner-container\" data-source=\"gallery\" style=\"margin:0px auto;background:transparent;padding:0px;margin-top:0px;margin-bottom:0px;\">\n<!-- START REVOLUTION SLIDER 5.4.7.3 auto mode -->\n\t<div id=\"rev_slider_168_1\" class=\"rev_slider fullwidthabanner\" style=\"display:none;\" data-version=\"5.4.7.3\">\n<ul>\t<!-- SLIDE  -->\n\t<li data-index=\"rs-197\" data-transition=\"fade\" data-slotamount=\"default\" data-hideafterloop=\"0\" data-hideslideonmobile=\"off\"  data-easein=\"default\" data-easeout=\"default\" data-masterspeed=\"300\"  data-rotate=\"0\"  data-saveperformance=\"off\"  data-title=\"Slide\" data-param1=\"\" data-param2=\"\" data-param3=\"\" data-param4=\"\" data-param5=\"\" data-param6=\"\" data-param7=\"\" data-param8=\"\" data-param9=\"\" data-param10=\"\" data-description=\"\">\n\t\t<!-- MAIN IMAGE -->\n\t\t<img src=\"https:\/\/www.ull.es\/portal\/cienciaull\/wp-content\/plugins\/revslider\/admin\/assets\/images\/transparent.png\"  alt=\"\" title=\"Tania Castellano San Jacinto &#8211;\"  data-bgposition=\"center center\" data-bgfit=\"cover\" data-bgrepeat=\"no-repeat\" class=\"rev-slidebg\" data-no-retina>\n\t\t<!-- LAYERS -->\n\n\t\t<!-- LAYER NR. 1 -->\n\t\t<div class=\"tp-caption   tp-resizeme\" \n\t\t\t id=\"slide-197-layer-6\" \n\t\t\t data-x=\"\" \n\t\t\t data-y=\"\" \n\t\t\t\t\t\tdata-width=\"['none','none','none','none']\"\n\t\t\tdata-height=\"['none','none','none','none']\"\n \n\t\t\tdata-type=\"image\" \n\t\t\tdata-responsive_offset=\"on\" \n\n\t\t\tdata-frames='[{\"delay\":0,\"speed\":300,\"frame\":\"0\",\"from\":\"opacity:0;\",\"to\":\"o:1;\",\"ease\":\"Power3.easeInOut\"},{\"delay\":\"wait\",\"speed\":300,\"frame\":\"999\",\"to\":\"opacity:0;\",\"ease\":\"Power3.easeInOut\"}]'\n\t\t\tdata-textAlign=\"['inherit','inherit','inherit','inherit']\"\n\t\t\tdata-paddingtop=\"[0,0,0,0]\"\n\t\t\tdata-paddingright=\"[0,0,0,0]\"\n\t\t\tdata-paddingbottom=\"[0,0,0,0]\"\n\t\t\tdata-paddingleft=\"[0,0,0,0]\"\n\n\t\t\tstyle=\"z-index: 8;\"><img src=\"https:\/\/www.ull.es\/portal\/cienciaull\/wp-content\/uploads\/sites\/24\/2023\/01\/Banner-Web-Chicas-con-Cienci@ULL-Tania-Castellano.png\" alt=\"\" data-ww=\"1500px\" data-hh=\"500px\" width=\"1500\" height=\"500\" data-no-retina> <\/div>\n\t<\/li>\n<\/ul>\n<div class=\"tp-bannertimer tp-bottom\" style=\"visibility: hidden !important;\"><\/div>\t<\/div>\n<script>var htmlDiv = document.getElementById(\"rs-plugin-settings-inline-css\"); var htmlDivCss=\"\";\r\n\t\t\t\tif(htmlDiv) {\r\n\t\t\t\t\thtmlDiv.innerHTML = htmlDiv.innerHTML + htmlDivCss;\r\n\t\t\t\t}else{\r\n\t\t\t\t\tvar htmlDiv = document.createElement(\"div\");\r\n\t\t\t\t\thtmlDiv.innerHTML = \"<style>\" + htmlDivCss + \"<\/style>\";\r\n\t\t\t\t\tdocument.getElementsByTagName(\"head\")[0].appendChild(htmlDiv.childNodes[0]);\r\n\t\t\t\t}\r\n\t\t\t<\/script>\n\t\t<script type=\"text\/javascript\">\r\nif (setREVStartSize!==undefined) setREVStartSize(\r\n\t{c: '#rev_slider_168_1', gridwidth: [1500], gridheight: [500], sliderLayout: 'auto'});\r\n\t\t\t\r\nvar revapi168,\r\n\ttpj;\t\r\n(function() {\t\t\t\r\n\tif (!\/loaded|interactive|complete\/.test(document.readyState)) document.addEventListener(\"DOMContentLoaded\",onLoad); else onLoad();\t\r\n\tfunction onLoad() {\t\t\t\t\r\n\t\tif (tpj===undefined) { tpj = jQuery; if(\"off\" == \"on\") tpj.noConflict();}\r\n\tif(tpj(\"#rev_slider_168_1\").revolution == undefined){\n\t\trevslider_showDoubleJqueryError(\"#rev_slider_168_1\");\n\t}else{\n\t\trevapi168 = tpj(\"#rev_slider_168_1\").show().revolution({\n\t\t\tsliderType:\"standard\",\n\t\t\tjsFileLocation:\"\/\/www.ull.es\/portal\/cienciaull\/wp-content\/plugins\/revslider\/public\/assets\/js\/\",\n\t\t\tsliderLayout:\"auto\",\n\t\t\tdottedOverlay:\"none\",\n\t\t\tdelay:9000,\n\t\t\tnavigation: {\n\t\t\t\tonHoverStop:\"off\",\n\t\t\t},\n\t\t\tvisibilityLevels:[1240,1024,778,480],\n\t\t\tgridwidth:1500,\n\t\t\tgridheight:500,\n\t\t\tlazyType:\"none\",\n\t\t\tshadow:0,\n\t\t\tspinner:\"spinner0\",\n\t\t\tstopLoop:\"off\",\n\t\t\tstopAfterLoops:-1,\n\t\t\tstopAtSlide:-1,\n\t\t\tshuffle:\"off\",\n\t\t\tautoHeight:\"off\",\n\t\t\tdisableProgressBar:\"on\",\n\t\t\thideThumbsOnMobile:\"off\",\n\t\t\thideSliderAtLimit:0,\n\t\t\thideCaptionAtLimit:0,\n\t\t\thideAllCaptionAtLilmit:0,\n\t\t\tdebugMode:false,\n\t\t\tfallbacks: {\n\t\t\t\tsimplifyAll:\"off\",\n\t\t\t\tnextSlideOnWindowFocus:\"off\",\n\t\t\t\tdisableFocusListener:false,\n\t\t\t}\n\t\t});\n\t}; \/* END OF revapi call *\/\n\t\n }; \/* END OF ON LOAD FUNCTION *\/\r\n}()); \/* END OF WRAPPING FUNCTION *\/\r\n<\/script>\r\n\t\t<\/div><!-- END REVOLUTION SLIDER -->[\/vc_column][\/vc_row][vc_row][vc_column width=\u00bb2\/3&#8243;][vc_empty_space css=\u00bb.vc_custom_1684231778709{margin-bottom: 3px !important;border-bottom-width: 3px !important;padding-bottom: 3px !important;}\u00bb][vc_custom_heading text=\u00bb\u00c1rea Arte y Humanidades\u00bb font_container=\u00bbtag:h2|text_align:left|color:%238d4b93&#8243; google_fonts=\u00bbfont_family:Roboto%20Slab%3A100%2C300%2Cregular%2C700|font_style:700%20bold%20regular%3A700%3Anormal\u00bb css=\u00bb.vc_custom_1684231783145{margin-bottom: 3px !important;border-bottom-width: 3px !important;padding-bottom: 3px !important;}\u00bb][vc_custom_heading text=\u00bbCap\u00edtulo 14. Tania Castellano San Jacinto &#8211; Artista Virtual\u00bb font_container=\u00bbtag:h3|text_align:left|color:%238d4b93&#8243; google_fonts=\u00bbfont_family:Roboto%20Slab%3A100%2C300%2Cregular%2C700|font_style:700%20bold%20regular%3A700%3Anormal\u00bb css=\u00bb.vc_custom_1684231788482{margin-bottom: 5px !important;border-bottom-width: 5px !important;padding-bottom: 5px !important;}\u00bb][vc_custom_heading text=\u00bb<strong>Biograf\u00eda<\/strong>\u00bb font_container=\u00bbtag:h4|text_align:left|color:%23535968&#8243; google_fonts=\u00bbfont_family:Roboto%20Slab%3A100%2C300%2Cregular%2C700|font_style:700%20bold%20regular%3A700%3Anormal\u00bb css=\u00bb.vc_custom_1684231794070{margin-bottom: 5px !important;border-bottom-width: 5px !important;padding-bottom: 5px !important;}\u00bb][vc_column_text css=\u00bb.vc_custom_1684231799455{margin-bottom: 5px !important;border-bottom-width: 5px !important;padding-bottom: 5px !important;}\u00bb]<\/p>\n<p style=\"text-align: justify\"><span style=\"font-weight: 400\">Licenciada en Bellas Artes por la Universidad Complutense de Madrid (2005), con Premio Extraordinario de Licenciatura. Durante esos estudios disfrut\u00f3 de una Beca Erasmus en la Universit\u00e9 Saint Denis-Vincennes, Par\u00eds (2003-2004), y de una Beca de Colaboraci\u00f3n en la Secci\u00f3n Departamental de Historia del Arte III (Contempor\u00e1neo) de la Facultad de Bellas Artes, UCM (2004-2005). Mag\u00edster en Teor\u00eda y Pr\u00e1ctica de las Artes Pl\u00e1sticas Contempor\u00e1neas (2009), por el Departamento de Pintura de la UCM, y Doctora en Bellas Artes (2016) por el Departamento de Historia del Arte III (Contempor\u00e1neo) de la misma universidad. Su tesis <\/span><i><span style=\"font-weight: 400\">Distracci\u00f3n, shock, interrupci\u00f3n: la recepci\u00f3n de Walter Benjamin en las pr\u00e1cticas art\u00edsticas contempor\u00e1neas<\/span><\/i><span style=\"font-weight: 400\"> (Doctorado Europeo), dirigida por la Dra. Aurora Fern\u00e1ndez Polanco, recibi\u00f3 el Premio Extraordinario de Doctorado de la UCM. Ha realizado estancias de investigaci\u00f3n en el Walter Benjamin Archive, Akademie der Kunste, en Berl\u00edn (2009); en el Departamento de Filosof\u00eda de la Universit\u00e9 Paris 8, Saint Denis-Vincennes, en Par\u00eds (2010-2011); en la Maison des Sciences de l\u2019Homme, en Par\u00eds (2010-2011), y en el Museo MoMA (Museum of Modern Art) \u2013Library, Media Center y Film Study Center\u2013, en Nueva York (2011).<\/span><\/p>\n<p style=\"text-align: justify\"><span style=\"font-weight: 400\">Actualmente es docente en el Grado de Bellas Artes de la Universidad de La Laguna, dentro del \u00c1rea de Dibujo, y tambi\u00e9n imparte docencia en el posgrado Especializaci\u00f3n en Pr\u00e1cticas de Producci\u00f3n Art\u00edstica Contempor\u00e1nea, de la Facultad de Artes de la Universidad Nacional de C\u00f3rdoba (Argentina). Previamente ha trabajado en la Facultad de Filosof\u00eda y Letras de la Universidad de Zaragoza, en los Grados de Filosof\u00eda e Historia del Arte, y en la Facultad de Ciencias Humanas y de la Educaci\u00f3n de la misma universidad, en el Grado de Magisterio en Educaci\u00f3n Primaria.<\/span><\/p>\n<p style=\"text-align: justify\"><span style=\"font-weight: 400\">Forma parte del proyecto de investigaci\u00f3n \u201cMaterias de la imagen\u201d (MICINN 2021 PID2021-122762NB-I00). Previamente ha integrado otros proyectos de investigaci\u00f3n a nivel nacional, como \u201cIm\u00e1genes, acci\u00f3n y poder. Agencia ic\u00f3nica y pr\u00e1cticas de la imagen contempor\u00e1nea\u201d (FFI2017-84944-P, 2018-2021); \u201cInteracciones del arte en la tecnosfera. La irrupcio\u0301n de la experiencia. (Creacio\u0301n de soportes e instrumentos para una reflexio\u0301n cri\u0301tica, pu\u0301blica y trasversal)\u201d (HAR2017-86608-P, 2018-2021); \u201cVisualidades cr\u00edticas: reescritura de las narrativas a trav\u00e9s de las im\u00e1genes\u201d (HAR2013-43016P, 2014-2017) e \u201cIm\u00e1genes del arte y reescritura de las narrativas en la cultura visual global\u201d (HAR2009-10768, 2010-2013). Pertenece a los grupos de investigaci\u00f3n \u201cEst\u00e9tica y Filosof\u00eda de la imagen\u201d (DGA, H29-20R) y \u201cDibujo contempor\u00e1neo: experiencia y conocimiento\u201d (ULL).<\/span><\/p>\n<p style=\"text-align: justify\"><span style=\"font-weight: 400\">Es coordinadora POAT (Plan de Orientaci\u00f3n y Acci\u00f3n Tutorial) desde 2018 en la Facultad de BBAA de la ULL para los tres grados que se imparten en el centro. Ha sido co-presidenta de RADAR. Congreso Transversal desde las Artes (Facultad de Bellas Artes de la Universidad de La Laguna, 2022) y previamente co-organizadora de los seminarios RADAR 2019 y RADAR 2020, realizados en la misma facultad. Dentro del \u00e1mbito del dibujo, ha organizado el Seminario Internacional de Dibujo Contempor\u00e1neo \u201cBordeando l\u00edneas\u201d (ULL, 2021) y el Seminario de Dibujo Contempor\u00e1neo \u201cOtros Dibujos\u201d (ULL, 2020).<\/span><\/p>\n<p style=\"text-align: justify\"><span style=\"font-weight: 400\">Ha realizado m\u00faltiples exposiciones individuales y colectivas. En 2021 llev\u00f3 a cabo la exposici\u00f3n individual <\/span><i><span style=\"font-weight: 400\">De pliegue en pliegue<\/span><\/i><span style=\"font-weight: 400\">, como cierre a la residencia art\u00edstica Tarquis Robayna, en el Museo de BBAA de Santa Cruz de Tenerife, gracias al Organismo Aut\u00f3nomo de Cultura. Tambi\u00e9n ese a\u00f1o fue seleccionada dentro de la secci\u00f3n Atl\u00e1ntica Colectivas, en la Bienal de Fotograf\u00eda Fotonoviembre 2021.<\/span><\/p>\n<p>[\/vc_column_text][vc_custom_heading text=\u00bb<strong>Departamento<\/strong>\u00bb font_container=\u00bbtag:h4|text_align:left|color:%23535968&#8243; google_fonts=\u00bbfont_family:Roboto%20Slab%3A100%2C300%2Cregular%2C700|font_style:700%20bold%20regular%3A700%3Anormal\u00bb css=\u00bb.vc_custom_1684231837518{margin-bottom: 5px !important;border-bottom-width: 5px !important;padding-bottom: 5px !important;}\u00bb][vc_column_text]<\/p>\n<ul>\n<li><a href=\"https:\/\/portalciencia.ull.es\/unidades\/2883\/detalle\" target=\"_blank\" rel=\"noopener\">Bellas Artes<\/a><\/li>\n<\/ul>\n<p>[\/vc_column_text][vc_custom_heading text=\u00bb<strong>L\u00edneas de investigaci\u00f3n<\/strong>\u00bb font_container=\u00bbtag:h4|text_align:left|color:%23535968&#8243; google_fonts=\u00bbfont_family:Roboto%20Slab%3A100%2C300%2Cregular%2C700|font_style:700%20bold%20regular%3A700%3Anormal\u00bb css=\u00bb.vc_custom_1684231827225{margin-bottom: 5px !important;border-bottom-width: 5px !important;padding-bottom: 5px !important;}\u00bb][vc_column_text]<\/p>\n<ul>\n<li style=\"text-align: justify\"><span style=\"font-weight: 400\">El fen\u00f3meno de la distracci\u00f3n desde la modernidad hasta nuestros d\u00edas.<\/span><\/li>\n<li style=\"text-align: justify\"><span style=\"font-weight: 400\">Pr\u00e1cticas art\u00edsticas derivadas del fallo t\u00e9cnico y la disfunci\u00f3n tecnol\u00f3gica.<\/span><\/li>\n<li style=\"text-align: justify\"><span style=\"font-weight: 400\">Gram\u00e1ticas art\u00edsticas implicadas en la interrupci\u00f3n del material audio-visible<\/span><\/li>\n<li style=\"text-align: justify\"><span style=\"font-weight: 400\">Aspectos genuinos de la esfera digital asociados con nuevos h\u00e1bitos perceptivos de la audio-imagen.<\/span><\/li>\n<\/ul>\n<p>[\/vc_column_text][vc_custom_heading text=\u00bb<strong>Grupos de investigaci\u00f3n<\/strong>\u00bb font_container=\u00bbtag:h4|text_align:left|color:%23535968&#8243; google_fonts=\u00bbfont_family:Roboto%20Slab%3A100%2C300%2Cregular%2C700|font_style:700%20bold%20regular%3A700%3Anormal\u00bb css=\u00bb.vc_custom_1684231815624{margin-bottom: 5px !important;border-bottom-width: 5px !important;padding-bottom: 5px !important;}\u00bb][vc_column_text]<\/p>\n<ul>\n<li><a href=\"https:\/\/portalciencia.ull.es\/grupos\/6479\/detalle\" target=\"_blank\" rel=\"noopener\">Arte contempor\u00e1neo<\/a><\/li>\n<li><a href=\"https:\/\/portalciencia.ull.es\/grupos\/11532\/detalle\" target=\"_blank\" rel=\"noopener\">Dibujo contempor\u00e1neo: experiencia y conocimiento<\/a><\/li>\n<\/ul>\n<p>[\/vc_column_text][\/vc_column][vc_column width=\u00bb1\/3&#8243;][vc_empty_space height=\u00bb135px\u00bb][vc_custom_heading text=\u00bb<strong>V\u00eddeo<\/strong>\u00bb font_container=\u00bbtag:h4|text_align:center|color:%23535968&#8243; google_fonts=\u00bbfont_family:Roboto%20Slab%3A100%2C300%2Cregular%2C700|font_style:700%20bold%20regular%3A700%3Anormal\u00bb][vc_video link=\u00bbhttps:\/\/youtu.be\/KqegfNgMVgk\u00bb][vc_empty_space][vc_btn title=\u00bbSerie Chicas con Cienci@ULL\u00bb color=\u00bbviolet\u00bb size=\u00bblg\u00bb align=\u00bbcenter\u00bb button_block=\u00bbtrue\u00bb link=\u00bburl:https%3A%2F%2Fwww.ull.es%2Fportal%2Fcienciaull%2F3a-temporada-chicas-con-cienciull%2F\u00bb css=\u00bb.vc_custom_1682604314870{margin-bottom: 3px !important;border-bottom-width: 3px !important;padding-bottom: 3px !important;}\u00bb][vc_btn title=\u00bbProducci\u00f3n cient\u00edfica\u00bb color=\u00bborange\u00bb size=\u00bblg\u00bb align=\u00bbcenter\u00bb button_block=\u00bbtrue\u00bb link=\u00bburl:https%3A%2F%2Fportalciencia.ull.es%2Finvestigadores%2F81860%2Fdetalle\u00bb css=\u00bb.vc_custom_1682604320203{margin-bottom: 3px !important;border-bottom-width: 3px !important;padding-bottom: 3px !important;}\u00bb][vc_btn title=\u00bbFiguras destacadas\u00bb color=\u00bbdanger\u00bb size=\u00bblg\u00bb align=\u00bbcenter\u00bb button_block=\u00bbtrue\u00bb css=\u00bb.vc_custom_1684231866145{margin-bottom: 3px !important;border-bottom-width: 3px !important;padding-bottom: 3px !important;}\u00bb link=\u00bburl:https%3A%2F%2Fwww.ull.es%2Fportal%2Fcienciaull%2Fcalendario-investigaull%2Ffigurasdesta_investigaull%2F\u00bb][\/vc_column][\/vc_row][vc_row][vc_column][vc_empty_space][vc_single_image image=\u00bb19011&#8243; img_size=\u00bb1500&#215;250&#8243;][\/vc_column][\/vc_row]<\/p>\n","protected":false},"excerpt":{"rendered":"<p>[vc_row][vc_column][vc_empty_space][\/vc_column][\/vc_row][vc_row][vc_column width=\u00bb2\/3&#8243;][vc_empty_space css=\u00bb.vc_custom_1684231778709{margin-bottom: 3px !important;border-bottom-width: 3px !important;padding-bottom: 3px !important;}\u00bb][vc_custom_heading text=\u00bb\u00c1rea Arte y Humanidades\u00bb font_container=\u00bbtag:h2|text_align:left|color:%238d4b93&#8243; google_fonts=\u00bbfont_family:Roboto%20Slab%3A100%2C300%2Cregular%2C700|font_style:700%20bold%20regular%3A700%3Anormal\u00bb css=\u00bb.vc_custom_1684231783145{margin-bottom: 3px !important;border-bottom-width: 3px !important;padding-bottom: 3px !important;}\u00bb][vc_custom_heading text=\u00bbCap\u00edtulo 14. Tania Castellano San Jacinto &#8211; Artista Virtual\u00bb font_container=\u00bbtag:h3|text_align:left|color:%238d4b93&#8243; google_fonts=\u00bbfont_family:Roboto%20Slab%3A100%2C300%2Cregular%2C700|font_style:700%20bold%20regular%3A700%3Anormal\u00bb css=\u00bb.vc_custom_1684231788482{margin-bottom: 5px !important;border-bottom-width: 5px !important;padding-bottom: 5px !important;}\u00bb][vc_custom_heading text=\u00bbBiograf\u00eda\u00bb font_container=\u00bbtag:h4|text_align:left|color:%23535968&#8243; google_fonts=\u00bbfont_family:Roboto%20Slab%3A100%2C300%2Cregular%2C700|font_style:700%20bold%20regular%3A700%3Anormal\u00bb css=\u00bb.vc_custom_1684231794070{margin-bottom: 5px !important;border-bottom-width: 5px !important;padding-bottom: 5px !important;}\u00bb][vc_column_text css=\u00bb.vc_custom_1684231799455{margin-bottom: 5px !important;border-bottom-width: 5px !important;padding-bottom:&#8230;<\/p>\n","protected":false},"author":56,"featured_media":0,"parent":0,"menu_order":0,"comment_status":"closed","ping_status":"closed","template":"templates\/cienciaull.php","meta":{"inline_featured_image":false,"footnotes":""},"acf":[],"yoast_head":"<!-- This site is optimized with the Yoast SEO plugin v21.3 - https:\/\/yoast.com\/wordpress\/plugins\/seo\/ -->\n<title>Tania Castellano San Jacinto -<\/title>\n<meta name=\"robots\" content=\"index, follow, max-snippet:-1, max-image-preview:large, max-video-preview:-1\" \/>\n<link rel=\"canonical\" href=\"https:\/\/www.ull.es\/portal\/cienciaull\/tania-castellano-san-jacinto\/\" \/>\n<meta property=\"og:locale\" content=\"es_ES\" \/>\n<meta property=\"og:type\" content=\"article\" \/>\n<meta property=\"og:title\" content=\"Tania Castellano San Jacinto -\" \/>\n<meta property=\"og:description\" content=\"[vc_row][vc_column][vc_empty_space][\/vc_column][\/vc_row][vc_row][vc_column width=\u00bb2\/3&#8243;][vc_empty_space css=\u00bb.vc_custom_1684231778709{margin-bottom: 3px !important;border-bottom-width: 3px !important;padding-bottom: 3px !important;}\u00bb][vc_custom_heading text=\u00bb\u00c1rea Arte y Humanidades\u00bb font_container=\u00bbtag:h2|text_align:left|color:%238d4b93&#8243; google_fonts=\u00bbfont_family:Roboto%20Slab%3A100%2C300%2Cregular%2C700|font_style:700%20bold%20regular%3A700%3Anormal\u00bb css=\u00bb.vc_custom_1684231783145{margin-bottom: 3px !important;border-bottom-width: 3px !important;padding-bottom: 3px !important;}\u00bb][vc_custom_heading text=\u00bbCap\u00edtulo 14. Tania Castellano San Jacinto &#8211; Artista Virtual\u00bb font_container=\u00bbtag:h3|text_align:left|color:%238d4b93&#8243; google_fonts=\u00bbfont_family:Roboto%20Slab%3A100%2C300%2Cregular%2C700|font_style:700%20bold%20regular%3A700%3Anormal\u00bb css=\u00bb.vc_custom_1684231788482{margin-bottom: 5px !important;border-bottom-width: 5px !important;padding-bottom: 5px !important;}\u00bb][vc_custom_heading text=\u00bbBiograf\u00eda\u00bb font_container=\u00bbtag:h4|text_align:left|color:%23535968&#8243; google_fonts=\u00bbfont_family:Roboto%20Slab%3A100%2C300%2Cregular%2C700|font_style:700%20bold%20regular%3A700%3Anormal\u00bb css=\u00bb.vc_custom_1684231794070{margin-bottom: 5px !important;border-bottom-width: 5px !important;padding-bottom: 5px !important;}\u00bb][vc_column_text css=\u00bb.vc_custom_1684231799455{margin-bottom: 5px !important;border-bottom-width: 5px !important;padding-bottom:...\" \/>\n<meta property=\"og:url\" content=\"https:\/\/www.ull.es\/portal\/cienciaull\/tania-castellano-san-jacinto\/\" \/>\n<meta property=\"article:publisher\" content=\"https:\/\/www.facebook.com\/CienciaULL\/\" \/>\n<meta property=\"article:modified_time\" content=\"2023-05-16T10:12:25+00:00\" \/>\n<meta name=\"twitter:card\" content=\"summary_large_image\" \/>\n<meta name=\"twitter:site\" content=\"@CienciaULL\" \/>\n<meta name=\"twitter:label1\" content=\"Tiempo de lectura\" \/>\n\t<meta name=\"twitter:data1\" content=\"4 minutos\" \/>\n<script type=\"application\/ld+json\" class=\"yoast-schema-graph\">{\"@context\":\"https:\/\/schema.org\",\"@graph\":[{\"@type\":\"WebPage\",\"@id\":\"https:\/\/www.ull.es\/portal\/cienciaull\/tania-castellano-san-jacinto\/\",\"url\":\"https:\/\/www.ull.es\/portal\/cienciaull\/tania-castellano-san-jacinto\/\",\"name\":\"Tania Castellano San Jacinto -\",\"isPartOf\":{\"@id\":\"https:\/\/www.ull.es\/portal\/cienciaull\/#website\"},\"datePublished\":\"2022-10-04T13:27:26+00:00\",\"dateModified\":\"2023-05-16T10:12:25+00:00\",\"breadcrumb\":{\"@id\":\"https:\/\/www.ull.es\/portal\/cienciaull\/tania-castellano-san-jacinto\/#breadcrumb\"},\"inLanguage\":\"es\",\"potentialAction\":[{\"@type\":\"ReadAction\",\"target\":[\"https:\/\/www.ull.es\/portal\/cienciaull\/tania-castellano-san-jacinto\/\"]}]},{\"@type\":\"BreadcrumbList\",\"@id\":\"https:\/\/www.ull.es\/portal\/cienciaull\/tania-castellano-san-jacinto\/#breadcrumb\",\"itemListElement\":[{\"@type\":\"ListItem\",\"position\":1,\"name\":\"Portada\",\"item\":\"https:\/\/www.ull.es\/portal\/cienciaull\/\"},{\"@type\":\"ListItem\",\"position\":2,\"name\":\"Tania Castellano San Jacinto &#8211;\"}]},{\"@type\":\"WebSite\",\"@id\":\"https:\/\/www.ull.es\/portal\/cienciaull\/#website\",\"url\":\"https:\/\/www.ull.es\/portal\/cienciaull\/\",\"name\":\"\",\"description\":\"Unidad de Cultura Cient\u00edfica y de la Innovaci\u00f3n de la Universidad de La Laguna\",\"potentialAction\":[{\"@type\":\"SearchAction\",\"target\":{\"@type\":\"EntryPoint\",\"urlTemplate\":\"https:\/\/www.ull.es\/portal\/cienciaull\/?s={search_term_string}\"},\"query-input\":\"required name=search_term_string\"}],\"inLanguage\":\"es\"}]}<\/script>\n<!-- \/ Yoast SEO plugin. -->","yoast_head_json":{"title":"Tania Castellano San Jacinto -","robots":{"index":"index","follow":"follow","max-snippet":"max-snippet:-1","max-image-preview":"max-image-preview:large","max-video-preview":"max-video-preview:-1"},"canonical":"https:\/\/www.ull.es\/portal\/cienciaull\/tania-castellano-san-jacinto\/","og_locale":"es_ES","og_type":"article","og_title":"Tania Castellano San Jacinto -","og_description":"[vc_row][vc_column][vc_empty_space][\/vc_column][\/vc_row][vc_row][vc_column width=\u00bb2\/3&#8243;][vc_empty_space css=\u00bb.vc_custom_1684231778709{margin-bottom: 3px !important;border-bottom-width: 3px !important;padding-bottom: 3px !important;}\u00bb][vc_custom_heading text=\u00bb\u00c1rea Arte y Humanidades\u00bb font_container=\u00bbtag:h2|text_align:left|color:%238d4b93&#8243; google_fonts=\u00bbfont_family:Roboto%20Slab%3A100%2C300%2Cregular%2C700|font_style:700%20bold%20regular%3A700%3Anormal\u00bb css=\u00bb.vc_custom_1684231783145{margin-bottom: 3px !important;border-bottom-width: 3px !important;padding-bottom: 3px !important;}\u00bb][vc_custom_heading text=\u00bbCap\u00edtulo 14. Tania Castellano San Jacinto &#8211; Artista Virtual\u00bb font_container=\u00bbtag:h3|text_align:left|color:%238d4b93&#8243; google_fonts=\u00bbfont_family:Roboto%20Slab%3A100%2C300%2Cregular%2C700|font_style:700%20bold%20regular%3A700%3Anormal\u00bb css=\u00bb.vc_custom_1684231788482{margin-bottom: 5px !important;border-bottom-width: 5px !important;padding-bottom: 5px !important;}\u00bb][vc_custom_heading text=\u00bbBiograf\u00eda\u00bb font_container=\u00bbtag:h4|text_align:left|color:%23535968&#8243; google_fonts=\u00bbfont_family:Roboto%20Slab%3A100%2C300%2Cregular%2C700|font_style:700%20bold%20regular%3A700%3Anormal\u00bb css=\u00bb.vc_custom_1684231794070{margin-bottom: 5px !important;border-bottom-width: 5px !important;padding-bottom: 5px !important;}\u00bb][vc_column_text css=\u00bb.vc_custom_1684231799455{margin-bottom: 5px !important;border-bottom-width: 5px !important;padding-bottom:...","og_url":"https:\/\/www.ull.es\/portal\/cienciaull\/tania-castellano-san-jacinto\/","article_publisher":"https:\/\/www.facebook.com\/CienciaULL\/","article_modified_time":"2023-05-16T10:12:25+00:00","twitter_card":"summary_large_image","twitter_site":"@CienciaULL","twitter_misc":{"Tiempo de lectura":"4 minutos"},"schema":{"@context":"https:\/\/schema.org","@graph":[{"@type":"WebPage","@id":"https:\/\/www.ull.es\/portal\/cienciaull\/tania-castellano-san-jacinto\/","url":"https:\/\/www.ull.es\/portal\/cienciaull\/tania-castellano-san-jacinto\/","name":"Tania Castellano San Jacinto -","isPartOf":{"@id":"https:\/\/www.ull.es\/portal\/cienciaull\/#website"},"datePublished":"2022-10-04T13:27:26+00:00","dateModified":"2023-05-16T10:12:25+00:00","breadcrumb":{"@id":"https:\/\/www.ull.es\/portal\/cienciaull\/tania-castellano-san-jacinto\/#breadcrumb"},"inLanguage":"es","potentialAction":[{"@type":"ReadAction","target":["https:\/\/www.ull.es\/portal\/cienciaull\/tania-castellano-san-jacinto\/"]}]},{"@type":"BreadcrumbList","@id":"https:\/\/www.ull.es\/portal\/cienciaull\/tania-castellano-san-jacinto\/#breadcrumb","itemListElement":[{"@type":"ListItem","position":1,"name":"Portada","item":"https:\/\/www.ull.es\/portal\/cienciaull\/"},{"@type":"ListItem","position":2,"name":"Tania Castellano San Jacinto &#8211;"}]},{"@type":"WebSite","@id":"https:\/\/www.ull.es\/portal\/cienciaull\/#website","url":"https:\/\/www.ull.es\/portal\/cienciaull\/","name":"","description":"Unidad de Cultura Cient\u00edfica y de la Innovaci\u00f3n de la Universidad de La Laguna","potentialAction":[{"@type":"SearchAction","target":{"@type":"EntryPoint","urlTemplate":"https:\/\/www.ull.es\/portal\/cienciaull\/?s={search_term_string}"},"query-input":"required name=search_term_string"}],"inLanguage":"es"}]}},"_links":{"self":[{"href":"https:\/\/www.ull.es\/portal\/cienciaull\/wp-json\/wp\/v2\/pages\/18923"}],"collection":[{"href":"https:\/\/www.ull.es\/portal\/cienciaull\/wp-json\/wp\/v2\/pages"}],"about":[{"href":"https:\/\/www.ull.es\/portal\/cienciaull\/wp-json\/wp\/v2\/types\/page"}],"author":[{"embeddable":true,"href":"https:\/\/www.ull.es\/portal\/cienciaull\/wp-json\/wp\/v2\/users\/56"}],"replies":[{"embeddable":true,"href":"https:\/\/www.ull.es\/portal\/cienciaull\/wp-json\/wp\/v2\/comments?post=18923"}],"version-history":[{"count":13,"href":"https:\/\/www.ull.es\/portal\/cienciaull\/wp-json\/wp\/v2\/pages\/18923\/revisions"}],"predecessor-version":[{"id":23295,"href":"https:\/\/www.ull.es\/portal\/cienciaull\/wp-json\/wp\/v2\/pages\/18923\/revisions\/23295"}],"wp:attachment":[{"href":"https:\/\/www.ull.es\/portal\/cienciaull\/wp-json\/wp\/v2\/media?parent=18923"}],"curies":[{"name":"wp","href":"https:\/\/api.w.org\/{rel}","templated":true}]}}