{"id":19259,"date":"2022-10-28T10:28:04","date_gmt":"2022-10-28T10:28:04","guid":{"rendered":"https:\/\/www.ull.es\/portal\/cienciaull\/?page_id=19259"},"modified":"2024-11-28T11:15:06","modified_gmt":"2024-11-28T11:15:06","slug":"pensamientocomputacionullmente-accion1-1","status":"publish","type":"page","link":"https:\/\/www.ull.es\/portal\/cienciaull\/pensamientocomputacionullmente-accion1-1\/","title":{"rendered":"PiensaComputacionULLmente &#8211; ctc4t.org"},"content":{"rendered":"<p>[vc_row][vc_column]\n<div id=\"rev_slider_176_1_wrapper\" class=\"rev_slider_wrapper fullwidthbanner-container\" data-source=\"gallery\" style=\"margin:0px auto;background:transparent;padding:0px;margin-top:0px;margin-bottom:0px;\">\n<!-- START REVOLUTION SLIDER 5.4.7.3 auto mode -->\n\t<div id=\"rev_slider_176_1\" class=\"rev_slider fullwidthabanner\" style=\"display:none;\" data-version=\"5.4.7.3\">\n<ul>\t<!-- SLIDE  -->\n\t<li data-index=\"rs-207\" data-transition=\"fade\" data-slotamount=\"default\" data-hideafterloop=\"0\" data-hideslideonmobile=\"off\"  data-easein=\"default\" data-easeout=\"default\" data-masterspeed=\"300\"  data-rotate=\"0\"  data-saveperformance=\"off\"  data-title=\"Slide\" data-param1=\"\" data-param2=\"\" data-param3=\"\" data-param4=\"\" data-param5=\"\" data-param6=\"\" data-param7=\"\" data-param8=\"\" data-param9=\"\" data-param10=\"\" data-description=\"\">\n\t\t<!-- MAIN IMAGE -->\n\t\t<img src=\"https:\/\/www.ull.es\/portal\/cienciaull\/wp-content\/plugins\/revslider\/admin\/assets\/images\/transparent.png\"  alt=\"\" title=\"PiensaComputacionULLmente &#8211; ctc4t.org\"  data-bgposition=\"center center\" data-bgfit=\"cover\" data-bgrepeat=\"no-repeat\" class=\"rev-slidebg\" data-no-retina>\n\t\t<!-- LAYERS -->\n\n\t\t<!-- LAYER NR. 1 -->\n\t\t<div class=\"tp-caption   tp-resizeme\" \n\t\t\t id=\"slide-207-layer-4\" \n\t\t\t data-x=\"\" \n\t\t\t data-y=\"\" \n\t\t\t\t\t\tdata-width=\"['none','none','none','none']\"\n\t\t\tdata-height=\"['none','none','none','none']\"\n \n\t\t\tdata-type=\"image\" \n\t\t\tdata-responsive_offset=\"on\" \n\n\t\t\tdata-frames='[{\"delay\":0,\"speed\":300,\"frame\":\"0\",\"from\":\"opacity:0;\",\"to\":\"o:1;\",\"ease\":\"Power3.easeInOut\"},{\"delay\":\"wait\",\"speed\":300,\"frame\":\"999\",\"to\":\"opacity:0;\",\"ease\":\"Power3.easeInOut\"}]'\n\t\t\tdata-textAlign=\"['inherit','inherit','inherit','inherit']\"\n\t\t\tdata-paddingtop=\"[0,0,0,0]\"\n\t\t\tdata-paddingright=\"[0,0,0,0]\"\n\t\t\tdata-paddingbottom=\"[0,0,0,0]\"\n\t\t\tdata-paddingleft=\"[0,0,0,0]\"\n\n\t\t\tstyle=\"z-index: 5;\"><img src=\"https:\/\/www.ull.es\/portal\/cienciaull\/wp-content\/uploads\/sites\/24\/2022\/11\/CTCT_banner_web-1.jpg\" alt=\"\" data-ww=\"1357px\" data-hh=\"509px\" width=\"1600\" height=\"600\" data-no-retina> <\/div>\n\t<\/li>\n<\/ul>\n<div class=\"tp-bannertimer tp-bottom\" style=\"visibility: hidden !important;\"><\/div>\t<\/div>\n<script>var htmlDiv = document.getElementById(\"rs-plugin-settings-inline-css\"); var htmlDivCss=\"\";\r\n\t\t\t\tif(htmlDiv) {\r\n\t\t\t\t\thtmlDiv.innerHTML = htmlDiv.innerHTML + htmlDivCss;\r\n\t\t\t\t}else{\r\n\t\t\t\t\tvar htmlDiv = document.createElement(\"div\");\r\n\t\t\t\t\thtmlDiv.innerHTML = \"<style>\" + htmlDivCss + \"<\/style>\";\r\n\t\t\t\t\tdocument.getElementsByTagName(\"head\")[0].appendChild(htmlDiv.childNodes[0]);\r\n\t\t\t\t}\r\n\t\t\t<\/script>\n\t\t<script type=\"text\/javascript\">\r\nif (setREVStartSize!==undefined) setREVStartSize(\r\n\t{c: '#rev_slider_176_1', gridwidth: [1357], gridheight: [509], sliderLayout: 'auto'});\r\n\t\t\t\r\nvar revapi176,\r\n\ttpj;\t\r\n(function() {\t\t\t\r\n\tif (!\/loaded|interactive|complete\/.test(document.readyState)) document.addEventListener(\"DOMContentLoaded\",onLoad); else onLoad();\t\r\n\tfunction onLoad() {\t\t\t\t\r\n\t\tif (tpj===undefined) { tpj = jQuery; if(\"off\" == \"on\") tpj.noConflict();}\r\n\tif(tpj(\"#rev_slider_176_1\").revolution == undefined){\n\t\trevslider_showDoubleJqueryError(\"#rev_slider_176_1\");\n\t}else{\n\t\trevapi176 = tpj(\"#rev_slider_176_1\").show().revolution({\n\t\t\tsliderType:\"standard\",\n\t\t\tjsFileLocation:\"\/\/www.ull.es\/portal\/cienciaull\/wp-content\/plugins\/revslider\/public\/assets\/js\/\",\n\t\t\tsliderLayout:\"auto\",\n\t\t\tdottedOverlay:\"none\",\n\t\t\tdelay:9000,\n\t\t\tnavigation: {\n\t\t\t\tonHoverStop:\"off\",\n\t\t\t},\n\t\t\tvisibilityLevels:[1240,1024,778,480],\n\t\t\tgridwidth:1357,\n\t\t\tgridheight:509,\n\t\t\tlazyType:\"none\",\n\t\t\tshadow:0,\n\t\t\tspinner:\"spinner0\",\n\t\t\tstopLoop:\"off\",\n\t\t\tstopAfterLoops:-1,\n\t\t\tstopAtSlide:-1,\n\t\t\tshuffle:\"off\",\n\t\t\tautoHeight:\"off\",\n\t\t\tdisableProgressBar:\"on\",\n\t\t\thideThumbsOnMobile:\"off\",\n\t\t\thideSliderAtLimit:0,\n\t\t\thideCaptionAtLimit:0,\n\t\t\thideAllCaptionAtLilmit:0,\n\t\t\tdebugMode:false,\n\t\t\tfallbacks: {\n\t\t\t\tsimplifyAll:\"off\",\n\t\t\t\tnextSlideOnWindowFocus:\"off\",\n\t\t\t\tdisableFocusListener:false,\n\t\t\t}\n\t\t});\n\t}; \/* END OF revapi call *\/\n\t\n }; \/* END OF ON LOAD FUNCTION *\/\r\n}()); \/* END OF WRAPPING FUNCTION *\/\r\n<\/script>\r\n\t\t<\/div><!-- END REVOLUTION SLIDER -->[vc_separator color=\u00bbjuicy_pink\u00bb style=\u00bbdouble\u00bb border_width=\u00bb10&#8243;][\/vc_column][\/vc_row][vc_row][vc_column width=\u00bb1\/5&#8243; offset=\u00bbvc_col-lg-1\/5&#8243;][vc_empty_space][vc_btn title=\u00bbProyecto\u00bb color=\u00bbblue\u00bb size=\u00bblg\u00bb align=\u00bbcenter\u00bb button_block=\u00bbtrue\u00bb link=\u00bburl:https%3A%2F%2Fwww.ull.es%2Fportal%2Fcienciaull%2Fpiensacomputacionaullmente%2F|title:Proyecto\u00bb][\/vc_column][vc_column width=\u00bb1\/5&#8243; offset=\u00bbvc_col-lg-3&#8243;][vc_empty_space][vc_btn title=\u00bbPrograma Formativo\u00bb color=\u00bbturquoise\u00bb size=\u00bblg\u00bb align=\u00bbcenter\u00bb button_block=\u00bbtrue\u00bb link=\u00bburl:https%3A%2F%2Fwww.ull.es%2Fportal%2Fcienciaull%2Fpensamientocomputacionullmente-accion-1%2Fprograma-formativo-accion-1%2F|title:Programa%20Formativo\u00bb][\/vc_column][vc_column width=\u00bb1\/5&#8243; offset=\u00bbvc_col-lg-1\/5&#8243;][vc_empty_space][vc_btn title=\u00bbCentros escolares\u00bb color=\u00bbprimary\u00bb size=\u00bblg\u00bb align=\u00bbcenter\u00bb button_block=\u00bbtrue\u00bb link=\u00bburl:https%3A%2F%2Fwww.ull.es%2Fportal%2Fcienciaull%2Fpensamientocomputacionullmente-accion-1%2Fcentros-escolares-accion-1-pensamiento%2F|title:Centros%20Escolares\u00bb][\/vc_column][vc_column width=\u00bb1\/5&#8243; offset=\u00bbvc_col-lg-2&#8243;][vc_empty_space][vc_btn title=\u00bbMultimedia\u00bb color=\u00bbturquoise\u00bb size=\u00bblg\u00bb align=\u00bbcenter\u00bb button_block=\u00bbtrue\u00bb link=\u00bburl:https%3A%2F%2Fwww.ull.es%2Fportal%2Fcienciaull%2Fpensamientocomputacionullmente-accion-1%2Fmultimedia-accion-1-pensamiento%2F|title:Multimedia\u00bb][\/vc_column][vc_column width=\u00bb1\/5&#8243; offset=\u00bbvc_col-lg-2&#8243;][vc_empty_space][vc_btn title=\u00bbRecursos\u00bb color=\u00bbsky\u00bb size=\u00bblg\u00bb align=\u00bbcenter\u00bb button_block=\u00bbtrue\u00bb link=\u00bburl:https%3A%2F%2Fwww.ull.es%2Fportal%2Fcienciaull%2Fpensamientocomputacionullmente-accion-1%2Fmateriales-accion-1-pensamiento%2F|title:Materiales\u00bb][\/vc_column][\/vc_row][vc_row][vc_column width=\u00bb1\/2&#8243; offset=\u00bbvc_col-lg-3\/5&#8243;][vc_empty_space height=\u00bb10px\u00bb][vc_single_image source=\u00bbexternal_link\u00bb external_img_size=\u00bb250&#215;150&#8243; custom_src=\u00bbhttps:\/\/s6.gifyu.com\/images\/Presentacion-Pensamiento-Computacional-PNG.png\u00bb][vc_empty_space height=\u00bb10px\u00bb][vc_column_text]<\/p>\n<p style=\"text-align: justify\">El Proyecto Educativo <strong>Piensa ComputacionULLmente <\/strong>surge en 2017, como un proyecto de investigaci\u00f3n por parte del <span style=\"font-weight: 400\"> <a href=\"https:\/\/www.tenerife.es\/portalcabtfe\/es\/\" target=\"_blank\" rel=\"noopener\">Cabildo de Tenerife<\/a> y la <a href=\"https:\/\/www.ull.es\/\" target=\"_blank\" rel=\"noopener\">Universidad de La Laguna<\/a>,<\/span>\u00a0en el que se tratan de fomentar el Pensamiento Computacional a trav\u00e9s de la realizaci\u00f3n de actividades que permitan su desarrollo e inclusi\u00f3n en el curr\u00edculo en estudios pre-universitarios en los centros de primaria, secundaria y formaci\u00f3n profesional b\u00e1sica y media de la Isla de Tenerife.<\/p>\n<p style=\"text-align: justify\">La principal finalidad de este proyecto es apoyar a los escolares, sus familias y sus docentes en la integraci\u00f3n del Pensamiento Computacional para lograr la educaci\u00f3n de una nueva generaci\u00f3n con una compresi\u00f3n mucho m\u00e1s profunda de nuestro mundo.<\/p>\n<p style=\"text-align: justify\">Es por ello, que los dos cursos pasados se dise\u00f1\u00f3 una nueva metodolog\u00eda de trabajo, la Acci\u00f3n1: <b>Computational Thinking Curriculum for 4 Tenerife<\/b>, basada en la iniciativa CSpathshala (<a href=\"https:\/\/cspathshala.org\/\" target=\"_blank\" rel=\"noopener\">https:\/\/cspathshala.org\/<\/a>), a trav\u00e9s de la que se ha generado material did\u00e1ctico que el profesorado de cualquier nivel puede utilizar para implementar el Pensamiento Computacional en el contenido de las asignaturas que imparten.<\/p>\n<p>El temario a tratar se puede englobar en 5 grandes temas:<\/p>\n<table>\n<tbody>\n<tr>\n<td width=\"75\"><\/td>\n<td width=\"491\"><strong>\u00b7\u00a0\u00a0\u00a0\u00a0\u00a0\u00a0\u00a0\u00a0 Tema 1. Contar Sistem\u00e1ticamente<\/strong><\/p>\n<p><strong>\u00b7\u00a0\u00a0\u00a0\u00a0\u00a0\u00a0\u00a0\u00a0 Tema 2. Patrones &amp; Procesos Iterativos<\/strong><\/p>\n<p><strong>\u00b7\u00a0\u00a0\u00a0\u00a0\u00a0\u00a0\u00a0\u00a0 Tema 3. Datos<\/strong><\/p>\n<p><strong>\u00b7\u00a0\u00a0\u00a0\u00a0\u00a0\u00a0\u00a0\u00a0 Tema 4. Algoritmos<\/strong><\/p>\n<p><strong>\u00b7\u00a0\u00a0\u00a0\u00a0\u00a0\u00a0\u00a0\u00a0 Tema 5. Codificaci\u00f3n\u00a0<\/strong><\/td>\n<\/tr>\n<\/tbody>\n<\/table>\n<p>&nbsp;<\/p>\n<p style=\"text-align: justify\">Este nuevo curso acad\u00e9mico 2024\/25, la <strong>Acci\u00f3n 1<\/strong> plantea continuar con esta actividad en al menos el 25% de los 159 docentes, procedentes de los 103 centros de las islas, de cada nivel educativo de primaria, secundaria y formaci\u00f3n profesional b\u00e1sica y media que han solicitado acceso a ese material.<\/p>\n<p style=\"text-align: justify\">Las principales acciones a realizar son:<\/p>\n<ul style=\"text-align: justify\">\n<li>Adaptaci\u00f3n a la realidad de los centros escolares participantes y traducci\u00f3n al espa\u00f1ol de las actividades base de la iniciativa CSpathshala<\/li>\n<li>Dise\u00f1o del estudio de investigaci\u00f3n:\n<ul>\n<li>Hacer un diagn\u00f3stico previo de los conocimientos de cada uno de los cursos. Para ello se puede utilizar el Test de Pensamiento Computacional u otros test de resoluci\u00f3n de problemas.<\/li>\n<li>Test de evaluaci\u00f3n de las actividades con la implicaci\u00f3n del profesorado participante.<\/li>\n<li>Elaborar un diagn\u00f3stico final del grado de conocimientos adquiridos.<\/li>\n<\/ul>\n<\/li>\n<li>Realizaci\u00f3n de hoja de ruta a seguir con el profesorado para el desarrollo de la actividad en cada centro.<\/li>\n<li>Tutorizaci\u00f3n y control de cada sesi\u00f3n.<\/li>\n<\/ul>\n<p style=\"text-align: justify\">Para cada nivel educativo se ha creado un aula virtual en la que se podr\u00e1n encontrar un contenido personalizado para cada temario. Para acceder a estas aulas ser\u00e1 necesario que se cumplimente el siguiente formulario<\/p>\n<p>[\/vc_column_text][vc_btn title=\u00bbFormulario Inscripci\u00f3n\u00bb color=\u00bbinfo\u00bb size=\u00bblg\u00bb align=\u00bbcenter\u00bb link=\u00bburl:https%3A%2F%2Fdocs.google.com%2Fforms%2Fd%2F1Vwtzpndi4fZjxBwdFvcxhylfzOA5YDy5u1QAhUvdMsM%2Fedit\u00bb][\/vc_column][vc_column width=\u00bb1\/2&#8243; offset=\u00bbvc_col-lg-4&#8243;][vc_empty_space height=\u00bb120px\u00bb][vc_video link=\u00bbhttps:\/\/www.youtube.com\/watch?v=nVbNv6VcQB0&#8243;][vc_empty_space height=\u00bb40px\u00bb][vc_media_grid style=\u00bbpagination\u00bb items_per_page=\u00bb1&#8243; element_width=\u00bb12&#8243; paging_color=\u00bbpink\u00bb loop=\u00bbyes\u00bb autoplay=\u00bb3&#8243; item=\u00bbmediaGrid_FadeInWithIcon\u00bb initial_loading_animation=\u00bbnone\u00bb grid_id=\u00bbvc_gid:1732792476040-ee5afd57-ebd1-3&#8243; include=\u00bb19538,19527,19529,19530,19536,19537,19526,19525&#8243;][vc_empty_space height=\u00bb4px\u00bb][vc_btn title=\u00bbGu\u00eda Did\u00e1ctica\u00bb color=\u00bbturquoise\u00bb size=\u00bblg\u00bb align=\u00bbcenter\u00bb button_block=\u00bbtrue\u00bb link=\u00bburl:https%3A%2F%2Fdrive.google.com%2Ffile%2Fd%2F1qrtTj5HQ_1CTzEe1lDqbytgykSehT_oZ%2Fview%3Fusp%3Dshare_link|title:Gu%C3%ADa%20Acci%C3%B3n%201%20Pensamiento|target:_blank\u00bb][\/vc_column][\/vc_row]<\/p>\n","protected":false},"excerpt":{"rendered":"<p>[vc_row][vc_column][vc_separator color=\u00bbjuicy_pink\u00bb style=\u00bbdouble\u00bb border_width=\u00bb10&#8243;][\/vc_column][\/vc_row][vc_row][vc_column width=\u00bb1\/5&#8243; offset=\u00bbvc_col-lg-1\/5&#8243;][vc_empty_space][vc_btn title=\u00bbProyecto\u00bb color=\u00bbblue\u00bb size=\u00bblg\u00bb align=\u00bbcenter\u00bb button_block=\u00bbtrue\u00bb link=\u00bburl:https%3A%2F%2Fwww.ull.es%2Fportal%2Fcienciaull%2Fpiensacomputacionaullmente%2F|title:Proyecto\u00bb][\/vc_column][vc_column width=\u00bb1\/5&#8243; offset=\u00bbvc_col-lg-3&#8243;][vc_empty_space][vc_btn title=\u00bbPrograma Formativo\u00bb color=\u00bbturquoise\u00bb size=\u00bblg\u00bb align=\u00bbcenter\u00bb button_block=\u00bbtrue\u00bb link=\u00bburl:https%3A%2F%2Fwww.ull.es%2Fportal%2Fcienciaull%2Fpensamientocomputacionullmente-accion-1%2Fprograma-formativo-accion-1%2F|title:Programa%20Formativo\u00bb][\/vc_column][vc_column width=\u00bb1\/5&#8243; offset=\u00bbvc_col-lg-1\/5&#8243;][vc_empty_space][vc_btn title=\u00bbCentros escolares\u00bb color=\u00bbprimary\u00bb size=\u00bblg\u00bb align=\u00bbcenter\u00bb button_block=\u00bbtrue\u00bb link=\u00bburl:https%3A%2F%2Fwww.ull.es%2Fportal%2Fcienciaull%2Fpensamientocomputacionullmente-accion-1%2Fcentros-escolares-accion-1-pensamiento%2F|title:Centros%20Escolares\u00bb][\/vc_column][vc_column width=\u00bb1\/5&#8243; offset=\u00bbvc_col-lg-2&#8243;][vc_empty_space][vc_btn title=\u00bbMultimedia\u00bb color=\u00bbturquoise\u00bb size=\u00bblg\u00bb align=\u00bbcenter\u00bb button_block=\u00bbtrue\u00bb link=\u00bburl:https%3A%2F%2Fwww.ull.es%2Fportal%2Fcienciaull%2Fpensamientocomputacionullmente-accion-1%2Fmultimedia-accion-1-pensamiento%2F|title:Multimedia\u00bb][\/vc_column][vc_column width=\u00bb1\/5&#8243; offset=\u00bbvc_col-lg-2&#8243;][vc_empty_space][vc_btn title=\u00bbRecursos\u00bb color=\u00bbsky\u00bb size=\u00bblg\u00bb align=\u00bbcenter\u00bb button_block=\u00bbtrue\u00bb link=\u00bburl:https%3A%2F%2Fwww.ull.es%2Fportal%2Fcienciaull%2Fpensamientocomputacionullmente-accion-1%2Fmateriales-accion-1-pensamiento%2F|title:Materiales\u00bb][\/vc_column][\/vc_row][vc_row][vc_column width=\u00bb1\/2&#8243; offset=\u00bbvc_col-lg-3\/5&#8243;][vc_empty_space height=\u00bb10px\u00bb][vc_single_image source=\u00bbexternal_link\u00bb external_img_size=\u00bb250&#215;150&#8243; custom_src=\u00bbhttps:\/\/s6.gifyu.com\/images\/Presentacion-Pensamiento-Computacional-PNG.png\u00bb][vc_empty_space height=\u00bb10px\u00bb][vc_column_text] El Proyecto&#8230;<\/p>\n","protected":false},"author":56,"featured_media":0,"parent":0,"menu_order":0,"comment_status":"closed","ping_status":"closed","template":"templates\/cienciaull.php","meta":{"inline_featured_image":false,"footnotes":""},"acf":[],"yoast_head":"<!-- This site is optimized with the Yoast SEO plugin v21.3 - https:\/\/yoast.com\/wordpress\/plugins\/seo\/ -->\n<title>PiensaComputacionULLmente - ctc4t.org -<\/title>\n<meta name=\"robots\" content=\"index, follow, max-snippet:-1, max-image-preview:large, max-video-preview:-1\" \/>\n<link rel=\"canonical\" href=\"https:\/\/www.ull.es\/portal\/cienciaull\/pensamientocomputacionullmente-accion1-1\/\" \/>\n<meta property=\"og:locale\" content=\"es_ES\" \/>\n<meta property=\"og:type\" content=\"article\" \/>\n<meta property=\"og:title\" content=\"PiensaComputacionULLmente - ctc4t.org -\" \/>\n<meta property=\"og:description\" content=\"[vc_row][vc_column][vc_separator color=\u00bbjuicy_pink\u00bb style=\u00bbdouble\u00bb border_width=\u00bb10&#8243;][\/vc_column][\/vc_row][vc_row][vc_column width=\u00bb1\/5&#8243; offset=\u00bbvc_col-lg-1\/5&#8243;][vc_empty_space][vc_btn title=\u00bbProyecto\u00bb color=\u00bbblue\u00bb size=\u00bblg\u00bb align=\u00bbcenter\u00bb button_block=\u00bbtrue\u00bb link=\u00bburl:https%3A%2F%2Fwww.ull.es%2Fportal%2Fcienciaull%2Fpiensacomputacionaullmente%2F|title:Proyecto\u00bb][\/vc_column][vc_column width=\u00bb1\/5&#8243; offset=\u00bbvc_col-lg-3&#8243;][vc_empty_space][vc_btn title=\u00bbPrograma Formativo\u00bb color=\u00bbturquoise\u00bb size=\u00bblg\u00bb align=\u00bbcenter\u00bb button_block=\u00bbtrue\u00bb link=\u00bburl:https%3A%2F%2Fwww.ull.es%2Fportal%2Fcienciaull%2Fpensamientocomputacionullmente-accion-1%2Fprograma-formativo-accion-1%2F|title:Programa%20Formativo\u00bb][\/vc_column][vc_column width=\u00bb1\/5&#8243; offset=\u00bbvc_col-lg-1\/5&#8243;][vc_empty_space][vc_btn title=\u00bbCentros escolares\u00bb color=\u00bbprimary\u00bb size=\u00bblg\u00bb align=\u00bbcenter\u00bb button_block=\u00bbtrue\u00bb link=\u00bburl:https%3A%2F%2Fwww.ull.es%2Fportal%2Fcienciaull%2Fpensamientocomputacionullmente-accion-1%2Fcentros-escolares-accion-1-pensamiento%2F|title:Centros%20Escolares\u00bb][\/vc_column][vc_column width=\u00bb1\/5&#8243; offset=\u00bbvc_col-lg-2&#8243;][vc_empty_space][vc_btn title=\u00bbMultimedia\u00bb color=\u00bbturquoise\u00bb size=\u00bblg\u00bb align=\u00bbcenter\u00bb button_block=\u00bbtrue\u00bb link=\u00bburl:https%3A%2F%2Fwww.ull.es%2Fportal%2Fcienciaull%2Fpensamientocomputacionullmente-accion-1%2Fmultimedia-accion-1-pensamiento%2F|title:Multimedia\u00bb][\/vc_column][vc_column width=\u00bb1\/5&#8243; offset=\u00bbvc_col-lg-2&#8243;][vc_empty_space][vc_btn title=\u00bbRecursos\u00bb color=\u00bbsky\u00bb size=\u00bblg\u00bb align=\u00bbcenter\u00bb button_block=\u00bbtrue\u00bb link=\u00bburl:https%3A%2F%2Fwww.ull.es%2Fportal%2Fcienciaull%2Fpensamientocomputacionullmente-accion-1%2Fmateriales-accion-1-pensamiento%2F|title:Materiales\u00bb][\/vc_column][\/vc_row][vc_row][vc_column width=\u00bb1\/2&#8243; offset=\u00bbvc_col-lg-3\/5&#8243;][vc_empty_space height=\u00bb10px\u00bb][vc_single_image source=\u00bbexternal_link\u00bb external_img_size=\u00bb250&#215;150&#8243; custom_src=\u00bbhttps:\/\/s6.gifyu.com\/images\/Presentacion-Pensamiento-Computacional-PNG.png\u00bb][vc_empty_space height=\u00bb10px\u00bb][vc_column_text] El Proyecto...\" \/>\n<meta property=\"og:url\" content=\"https:\/\/www.ull.es\/portal\/cienciaull\/pensamientocomputacionullmente-accion1-1\/\" \/>\n<meta property=\"article:publisher\" content=\"https:\/\/www.facebook.com\/CienciaULL\/\" \/>\n<meta property=\"article:modified_time\" content=\"2024-11-28T11:15:06+00:00\" \/>\n<meta name=\"twitter:card\" content=\"summary_large_image\" \/>\n<meta name=\"twitter:site\" content=\"@CienciaULL\" \/>\n<meta name=\"twitter:label1\" content=\"Tiempo de lectura\" \/>\n\t<meta name=\"twitter:data1\" content=\"3 minutos\" \/>\n<script type=\"application\/ld+json\" class=\"yoast-schema-graph\">{\"@context\":\"https:\/\/schema.org\",\"@graph\":[{\"@type\":\"WebPage\",\"@id\":\"https:\/\/www.ull.es\/portal\/cienciaull\/pensamientocomputacionullmente-accion1-1\/\",\"url\":\"https:\/\/www.ull.es\/portal\/cienciaull\/pensamientocomputacionullmente-accion1-1\/\",\"name\":\"PiensaComputacionULLmente - ctc4t.org -\",\"isPartOf\":{\"@id\":\"https:\/\/www.ull.es\/portal\/cienciaull\/#website\"},\"datePublished\":\"2022-10-28T10:28:04+00:00\",\"dateModified\":\"2024-11-28T11:15:06+00:00\",\"breadcrumb\":{\"@id\":\"https:\/\/www.ull.es\/portal\/cienciaull\/pensamientocomputacionullmente-accion1-1\/#breadcrumb\"},\"inLanguage\":\"es\",\"potentialAction\":[{\"@type\":\"ReadAction\",\"target\":[\"https:\/\/www.ull.es\/portal\/cienciaull\/pensamientocomputacionullmente-accion1-1\/\"]}]},{\"@type\":\"BreadcrumbList\",\"@id\":\"https:\/\/www.ull.es\/portal\/cienciaull\/pensamientocomputacionullmente-accion1-1\/#breadcrumb\",\"itemListElement\":[{\"@type\":\"ListItem\",\"position\":1,\"name\":\"Portada\",\"item\":\"https:\/\/www.ull.es\/portal\/cienciaull\/\"},{\"@type\":\"ListItem\",\"position\":2,\"name\":\"PiensaComputacionULLmente &#8211; ctc4t.org\"}]},{\"@type\":\"WebSite\",\"@id\":\"https:\/\/www.ull.es\/portal\/cienciaull\/#website\",\"url\":\"https:\/\/www.ull.es\/portal\/cienciaull\/\",\"name\":\"\",\"description\":\"Unidad de Cultura Cient\u00edfica y de la Innovaci\u00f3n de la Universidad de La Laguna\",\"potentialAction\":[{\"@type\":\"SearchAction\",\"target\":{\"@type\":\"EntryPoint\",\"urlTemplate\":\"https:\/\/www.ull.es\/portal\/cienciaull\/?s={search_term_string}\"},\"query-input\":\"required name=search_term_string\"}],\"inLanguage\":\"es\"}]}<\/script>\n<!-- \/ Yoast SEO plugin. -->","yoast_head_json":{"title":"PiensaComputacionULLmente - ctc4t.org -","robots":{"index":"index","follow":"follow","max-snippet":"max-snippet:-1","max-image-preview":"max-image-preview:large","max-video-preview":"max-video-preview:-1"},"canonical":"https:\/\/www.ull.es\/portal\/cienciaull\/pensamientocomputacionullmente-accion1-1\/","og_locale":"es_ES","og_type":"article","og_title":"PiensaComputacionULLmente - ctc4t.org -","og_description":"[vc_row][vc_column][vc_separator color=\u00bbjuicy_pink\u00bb style=\u00bbdouble\u00bb border_width=\u00bb10&#8243;][\/vc_column][\/vc_row][vc_row][vc_column width=\u00bb1\/5&#8243; offset=\u00bbvc_col-lg-1\/5&#8243;][vc_empty_space][vc_btn title=\u00bbProyecto\u00bb color=\u00bbblue\u00bb size=\u00bblg\u00bb align=\u00bbcenter\u00bb button_block=\u00bbtrue\u00bb link=\u00bburl:https%3A%2F%2Fwww.ull.es%2Fportal%2Fcienciaull%2Fpiensacomputacionaullmente%2F|title:Proyecto\u00bb][\/vc_column][vc_column width=\u00bb1\/5&#8243; offset=\u00bbvc_col-lg-3&#8243;][vc_empty_space][vc_btn title=\u00bbPrograma Formativo\u00bb color=\u00bbturquoise\u00bb size=\u00bblg\u00bb align=\u00bbcenter\u00bb button_block=\u00bbtrue\u00bb link=\u00bburl:https%3A%2F%2Fwww.ull.es%2Fportal%2Fcienciaull%2Fpensamientocomputacionullmente-accion-1%2Fprograma-formativo-accion-1%2F|title:Programa%20Formativo\u00bb][\/vc_column][vc_column width=\u00bb1\/5&#8243; offset=\u00bbvc_col-lg-1\/5&#8243;][vc_empty_space][vc_btn title=\u00bbCentros escolares\u00bb color=\u00bbprimary\u00bb size=\u00bblg\u00bb align=\u00bbcenter\u00bb button_block=\u00bbtrue\u00bb link=\u00bburl:https%3A%2F%2Fwww.ull.es%2Fportal%2Fcienciaull%2Fpensamientocomputacionullmente-accion-1%2Fcentros-escolares-accion-1-pensamiento%2F|title:Centros%20Escolares\u00bb][\/vc_column][vc_column width=\u00bb1\/5&#8243; offset=\u00bbvc_col-lg-2&#8243;][vc_empty_space][vc_btn title=\u00bbMultimedia\u00bb color=\u00bbturquoise\u00bb size=\u00bblg\u00bb align=\u00bbcenter\u00bb button_block=\u00bbtrue\u00bb link=\u00bburl:https%3A%2F%2Fwww.ull.es%2Fportal%2Fcienciaull%2Fpensamientocomputacionullmente-accion-1%2Fmultimedia-accion-1-pensamiento%2F|title:Multimedia\u00bb][\/vc_column][vc_column width=\u00bb1\/5&#8243; offset=\u00bbvc_col-lg-2&#8243;][vc_empty_space][vc_btn title=\u00bbRecursos\u00bb color=\u00bbsky\u00bb size=\u00bblg\u00bb align=\u00bbcenter\u00bb button_block=\u00bbtrue\u00bb link=\u00bburl:https%3A%2F%2Fwww.ull.es%2Fportal%2Fcienciaull%2Fpensamientocomputacionullmente-accion-1%2Fmateriales-accion-1-pensamiento%2F|title:Materiales\u00bb][\/vc_column][\/vc_row][vc_row][vc_column width=\u00bb1\/2&#8243; offset=\u00bbvc_col-lg-3\/5&#8243;][vc_empty_space height=\u00bb10px\u00bb][vc_single_image source=\u00bbexternal_link\u00bb external_img_size=\u00bb250&#215;150&#8243; custom_src=\u00bbhttps:\/\/s6.gifyu.com\/images\/Presentacion-Pensamiento-Computacional-PNG.png\u00bb][vc_empty_space height=\u00bb10px\u00bb][vc_column_text] El Proyecto...","og_url":"https:\/\/www.ull.es\/portal\/cienciaull\/pensamientocomputacionullmente-accion1-1\/","article_publisher":"https:\/\/www.facebook.com\/CienciaULL\/","article_modified_time":"2024-11-28T11:15:06+00:00","twitter_card":"summary_large_image","twitter_site":"@CienciaULL","twitter_misc":{"Tiempo de lectura":"3 minutos"},"schema":{"@context":"https:\/\/schema.org","@graph":[{"@type":"WebPage","@id":"https:\/\/www.ull.es\/portal\/cienciaull\/pensamientocomputacionullmente-accion1-1\/","url":"https:\/\/www.ull.es\/portal\/cienciaull\/pensamientocomputacionullmente-accion1-1\/","name":"PiensaComputacionULLmente - ctc4t.org -","isPartOf":{"@id":"https:\/\/www.ull.es\/portal\/cienciaull\/#website"},"datePublished":"2022-10-28T10:28:04+00:00","dateModified":"2024-11-28T11:15:06+00:00","breadcrumb":{"@id":"https:\/\/www.ull.es\/portal\/cienciaull\/pensamientocomputacionullmente-accion1-1\/#breadcrumb"},"inLanguage":"es","potentialAction":[{"@type":"ReadAction","target":["https:\/\/www.ull.es\/portal\/cienciaull\/pensamientocomputacionullmente-accion1-1\/"]}]},{"@type":"BreadcrumbList","@id":"https:\/\/www.ull.es\/portal\/cienciaull\/pensamientocomputacionullmente-accion1-1\/#breadcrumb","itemListElement":[{"@type":"ListItem","position":1,"name":"Portada","item":"https:\/\/www.ull.es\/portal\/cienciaull\/"},{"@type":"ListItem","position":2,"name":"PiensaComputacionULLmente &#8211; ctc4t.org"}]},{"@type":"WebSite","@id":"https:\/\/www.ull.es\/portal\/cienciaull\/#website","url":"https:\/\/www.ull.es\/portal\/cienciaull\/","name":"","description":"Unidad de Cultura Cient\u00edfica y de la Innovaci\u00f3n de la Universidad de La Laguna","potentialAction":[{"@type":"SearchAction","target":{"@type":"EntryPoint","urlTemplate":"https:\/\/www.ull.es\/portal\/cienciaull\/?s={search_term_string}"},"query-input":"required name=search_term_string"}],"inLanguage":"es"}]}},"_links":{"self":[{"href":"https:\/\/www.ull.es\/portal\/cienciaull\/wp-json\/wp\/v2\/pages\/19259"}],"collection":[{"href":"https:\/\/www.ull.es\/portal\/cienciaull\/wp-json\/wp\/v2\/pages"}],"about":[{"href":"https:\/\/www.ull.es\/portal\/cienciaull\/wp-json\/wp\/v2\/types\/page"}],"author":[{"embeddable":true,"href":"https:\/\/www.ull.es\/portal\/cienciaull\/wp-json\/wp\/v2\/users\/56"}],"replies":[{"embeddable":true,"href":"https:\/\/www.ull.es\/portal\/cienciaull\/wp-json\/wp\/v2\/comments?post=19259"}],"version-history":[{"count":88,"href":"https:\/\/www.ull.es\/portal\/cienciaull\/wp-json\/wp\/v2\/pages\/19259\/revisions"}],"predecessor-version":[{"id":32211,"href":"https:\/\/www.ull.es\/portal\/cienciaull\/wp-json\/wp\/v2\/pages\/19259\/revisions\/32211"}],"wp:attachment":[{"href":"https:\/\/www.ull.es\/portal\/cienciaull\/wp-json\/wp\/v2\/media?parent=19259"}],"curies":[{"name":"wp","href":"https:\/\/api.w.org\/{rel}","templated":true}]}}