{"id":19311,"date":"2022-10-28T11:37:01","date_gmt":"2022-10-28T11:37:01","guid":{"rendered":"https:\/\/www.ull.es\/portal\/cienciaull\/?page_id=19311"},"modified":"2024-07-02T11:03:56","modified_gmt":"2024-07-02T11:03:56","slug":"materiales-accion-1-pensamiento","status":"publish","type":"page","link":"https:\/\/www.ull.es\/portal\/cienciaull\/pensamientocomputacionullmente-accion1-1\/materiales-accion-1-pensamiento\/","title":{"rendered":"Materiales \u2013 ctc4t.org"},"content":{"rendered":"<p>[vc_row full_width=\u00bbstretch_row\u00bb][vc_column]\n<div id=\"rev_slider_187_1_wrapper\" class=\"rev_slider_wrapper fullwidthbanner-container\" data-source=\"gallery\" style=\"margin:0px auto;background:transparent;padding:0px;margin-top:0px;margin-bottom:0px;\">\n<!-- START REVOLUTION SLIDER 5.4.7.3 auto mode -->\n\t<div id=\"rev_slider_187_1\" class=\"rev_slider fullwidthabanner\" style=\"display:none;\" data-version=\"5.4.7.3\">\n<ul>\t<!-- SLIDE  -->\n\t<li data-index=\"rs-218\" data-transition=\"fade\" data-slotamount=\"default\" data-hideafterloop=\"0\" data-hideslideonmobile=\"off\"  data-easein=\"default\" data-easeout=\"default\" data-masterspeed=\"300\"  data-rotate=\"0\"  data-saveperformance=\"off\"  data-title=\"Slide\" data-param1=\"\" data-param2=\"\" data-param3=\"\" data-param4=\"\" data-param5=\"\" data-param6=\"\" data-param7=\"\" data-param8=\"\" data-param9=\"\" data-param10=\"\" data-description=\"\">\n\t\t<!-- MAIN IMAGE -->\n\t\t<img src=\"https:\/\/www.ull.es\/portal\/cienciaull\/wp-content\/plugins\/revslider\/admin\/assets\/images\/transparent.png\"  alt=\"\" title=\"Materiales \u2013 ctc4t.org\"  data-bgposition=\"center center\" data-bgfit=\"cover\" data-bgrepeat=\"no-repeat\" class=\"rev-slidebg\" data-no-retina>\n\t\t<!-- LAYERS -->\n\n\t\t<!-- LAYER NR. 1 -->\n\t\t<div class=\"tp-caption   tp-resizeme\" \n\t\t\t id=\"slide-218-layer-1\" \n\t\t\t data-x=\"2\" \n\t\t\t data-y=\"-2\" \n\t\t\t\t\t\tdata-width=\"['none','none','none','none']\"\n\t\t\tdata-height=\"['none','none','none','none']\"\n \n\t\t\tdata-type=\"image\" \n\t\t\tdata-responsive_offset=\"on\" \n\n\t\t\tdata-frames='[{\"delay\":0,\"speed\":300,\"frame\":\"0\",\"from\":\"opacity:0;\",\"to\":\"o:1;\",\"ease\":\"Power3.easeInOut\"},{\"delay\":\"wait\",\"speed\":300,\"frame\":\"999\",\"to\":\"opacity:0;\",\"ease\":\"Power3.easeInOut\"}]'\n\t\t\tdata-textAlign=\"['inherit','inherit','inherit','inherit']\"\n\t\t\tdata-paddingtop=\"[0,0,0,0]\"\n\t\t\tdata-paddingright=\"[0,0,0,0]\"\n\t\t\tdata-paddingbottom=\"[0,0,0,0]\"\n\t\t\tdata-paddingleft=\"[0,0,0,0]\"\n\n\t\t\tstyle=\"z-index: 5;\"><img src=\"https:\/\/www.ull.es\/portal\/cienciaull\/wp-content\/uploads\/sites\/24\/2022\/11\/CTCT_banner_web.jpg\" alt=\"\" data-ww=\"1600px\" data-hh=\"600px\" width=\"1600\" height=\"600\" data-no-retina> <\/div>\n\t<\/li>\n<\/ul>\n<div class=\"tp-bannertimer tp-bottom\" style=\"visibility: hidden !important;\"><\/div>\t<\/div>\n<script>var htmlDiv = document.getElementById(\"rs-plugin-settings-inline-css\"); var htmlDivCss=\"\";\r\n\t\t\t\tif(htmlDiv) {\r\n\t\t\t\t\thtmlDiv.innerHTML = htmlDiv.innerHTML + htmlDivCss;\r\n\t\t\t\t}else{\r\n\t\t\t\t\tvar htmlDiv = document.createElement(\"div\");\r\n\t\t\t\t\thtmlDiv.innerHTML = \"<style>\" + htmlDivCss + \"<\/style>\";\r\n\t\t\t\t\tdocument.getElementsByTagName(\"head\")[0].appendChild(htmlDiv.childNodes[0]);\r\n\t\t\t\t}\r\n\t\t\t<\/script>\n\t\t<script type=\"text\/javascript\">\r\nif (setREVStartSize!==undefined) setREVStartSize(\r\n\t{c: '#rev_slider_187_1', gridwidth: [1600], gridheight: [600], sliderLayout: 'auto'});\r\n\t\t\t\r\nvar revapi187,\r\n\ttpj;\t\r\n(function() {\t\t\t\r\n\tif (!\/loaded|interactive|complete\/.test(document.readyState)) document.addEventListener(\"DOMContentLoaded\",onLoad); else onLoad();\t\r\n\tfunction onLoad() {\t\t\t\t\r\n\t\tif (tpj===undefined) { tpj = jQuery; if(\"off\" == \"on\") tpj.noConflict();}\r\n\tif(tpj(\"#rev_slider_187_1\").revolution == undefined){\n\t\trevslider_showDoubleJqueryError(\"#rev_slider_187_1\");\n\t}else{\n\t\trevapi187 = tpj(\"#rev_slider_187_1\").show().revolution({\n\t\t\tsliderType:\"standard\",\n\t\t\tjsFileLocation:\"\/\/www.ull.es\/portal\/cienciaull\/wp-content\/plugins\/revslider\/public\/assets\/js\/\",\n\t\t\tsliderLayout:\"auto\",\n\t\t\tdottedOverlay:\"none\",\n\t\t\tdelay:9000,\n\t\t\tnavigation: {\n\t\t\t\tonHoverStop:\"off\",\n\t\t\t},\n\t\t\tvisibilityLevels:[1240,1024,778,480],\n\t\t\tgridwidth:1600,\n\t\t\tgridheight:600,\n\t\t\tlazyType:\"none\",\n\t\t\tshadow:0,\n\t\t\tspinner:\"spinner0\",\n\t\t\tstopLoop:\"off\",\n\t\t\tstopAfterLoops:-1,\n\t\t\tstopAtSlide:-1,\n\t\t\tshuffle:\"off\",\n\t\t\tautoHeight:\"off\",\n\t\t\tdisableProgressBar:\"on\",\n\t\t\thideThumbsOnMobile:\"off\",\n\t\t\thideSliderAtLimit:0,\n\t\t\thideCaptionAtLimit:0,\n\t\t\thideAllCaptionAtLilmit:0,\n\t\t\tdebugMode:false,\n\t\t\tfallbacks: {\n\t\t\t\tsimplifyAll:\"off\",\n\t\t\t\tnextSlideOnWindowFocus:\"off\",\n\t\t\t\tdisableFocusListener:false,\n\t\t\t}\n\t\t});\n\t}; \/* END OF revapi call *\/\n\t\n }; \/* END OF ON LOAD FUNCTION *\/\r\n}()); \/* END OF WRAPPING FUNCTION *\/\r\n<\/script>\r\n\t\t<\/div><!-- END REVOLUTION SLIDER -->[vc_separator color=\u00bbjuicy_pink\u00bb style=\u00bbdouble\u00bb border_width=\u00bb10&#8243;][vc_empty_space height=\u00bb40px\u00bb][\/vc_column][\/vc_row][vc_row][vc_column width=\u00bb1\/5&#8243; offset=\u00bbvc_col-lg-2&#8243;][vc_btn title=\u00bbInicio\u00bb color=\u00bbblue\u00bb size=\u00bblg\u00bb align=\u00bbcenter\u00bb button_block=\u00bbtrue\u00bb link=\u00bburl:https%3A%2F%2Fwww.ull.es%2Fportal%2Fcienciaull%2Fpensamientocomputacionullmente-accion1-1%2F|title:PiensaComputacionULLmente%20%E2%80%93%20ctc4t.org\u00bb][\/vc_column][vc_column width=\u00bb1\/5&#8243; offset=\u00bbvc_col-lg-2&#8243;][vc_btn title=\u00bbProyecto\u00bb color=\u00bbturquoise\u00bb size=\u00bblg\u00bb align=\u00bbcenter\u00bb button_block=\u00bbtrue\u00bb link=\u00bburl:https%3A%2F%2Fwww.ull.es%2Fportal%2Fcienciaull%2Fpiensacomputacionaullmente%2F\u00bb][\/vc_column][vc_column width=\u00bb1\/5&#8243; offset=\u00bbvc_col-lg-3&#8243;][vc_btn title=\u00bbPrograma Formativo\u00bb color=\u00bbprimary\u00bb size=\u00bblg\u00bb align=\u00bbcenter\u00bb button_block=\u00bbtrue\u00bb link=\u00bburl:https%3A%2F%2Fwww.ull.es%2Fportal%2Fcienciaull%2Fpensamientocomputacionullmente-accion1-1%2Fprograma-formativo-accion-1%2F|title:Programa%20Formativo-ctc4t.org\u00bb][\/vc_column][vc_column width=\u00bb1\/5&#8243;][vc_btn title=\u00bbCentros Escolares\u00bb color=\u00bbblue\u00bb size=\u00bblg\u00bb align=\u00bbcenter\u00bb button_block=\u00bbtrue\u00bb link=\u00bburl:https%3A%2F%2Fwww.ull.es%2Fportal%2Fcienciaull%2Fpensamientocomputacionullmente-accion1-1%2Fcentros-escolares-accion-1-pensamiento%2F|title:Centros%20Escolares%20%E2%80%93%20ctc4t.org\u00bb][\/vc_column][vc_column width=\u00bb1\/5&#8243;][vc_btn title=\u00bbMultimedia\u00bb color=\u00bbsky\u00bb size=\u00bblg\u00bb align=\u00bbcenter\u00bb button_block=\u00bbtrue\u00bb link=\u00bburl:https%3A%2F%2Fwww.ull.es%2Fportal%2Fcienciaull%2Fpensamientocomputacionullmente-accion1-1%2Fmultimedia-accion-1-pensamiento%2F|title:Multimedia%20%E2%80%93%20ctc4t.org\u00bb][\/vc_column][\/vc_row][vc_row][vc_column][vc_custom_heading text=\u00bbMateriales\u00bb google_fonts=\u00bbfont_family:Roboto%20Slab%3A100%2C300%2Cregular%2C700|font_style:700%20bold%20regular%3A700%3Anormal\u00bb][vc_column_text]<\/p>\n<p style=\"text-align: justify\">El material seleccionado fomenta el desarrollo de las competencias claves establecidas en el curr\u00edculo de primaria, por la Ley Org\u00e1nica 3\/2020, de 29 de diciembre, por la que se modifica la Ley Org\u00e1nica 2\/2006, de 3 de mayo, de Educaci\u00f3n<\/p>\n<p style=\"text-align: justify\">Cada nivel educativo de primaria y secundaria dispondr\u00e1 de un aula virtual donde se podr\u00e1 encontrar un contenido personalizados separado en 5 temas:<\/p>\n<table>\n<tbody>\n<tr>\n<td width=\"47\"><\/td>\n<td width=\"519\"><strong>Tema 1. Contar Sistem\u00e1ticamente<\/strong><\/p>\n<p><strong>Tema 2. Patrones &amp; Procesos Iterativos\u00a0<\/strong><\/p>\n<p><strong>Tema 3. Datos<\/strong><\/p>\n<p><strong>Tema 4. Algoritmos<\/strong><\/p>\n<p><strong>Tema 5. Codificaci\u00f3n<\/strong><\/td>\n<\/tr>\n<\/tbody>\n<\/table>\n<p style=\"text-align: justify\">En cada tema podr\u00e1n encontrar:<\/p>\n<ul>\n<li style=\"text-align: justify\">Una ficha del profesorado donde se facilita un guion para impartir la clase.<\/li>\n<li style=\"text-align: justify\">Una presentaci\u00f3n Power Point para la realizaci\u00f3n de la clase.<\/li>\n<li style=\"text-align: justify\">Una Ficha de evaluaci\u00f3n del alumnado con una serie de ejercicios para evaluar el temario impartida<\/li>\n<\/ul>\n<p style=\"text-align: justify\">En el caso de secundaria, se impartir\u00e1 el mismo contenido, pero comenzando con actividades enchufadas con las que aprender\u00e1n la base de la programaci\u00f3n con Scratch, un lenguaje de programaci\u00f3n con bloques (1\u00ba y 2\u00ba ESO) y Python, un lenguaje de programaci\u00f3n de texto. (3\u00ba y 4\u00ba ESO)<\/p>\n<p>[\/vc_column_text][vc_empty_space height=\u00bb20px\u00bb][\/vc_column][\/vc_row][vc_row][vc_column][vc_custom_heading text=\u00bbAcceso a las aulas virtuales\u00bb google_fonts=\u00bbfont_family:Roboto%20Slab%3A100%2C300%2Cregular%2C700|font_style:700%20bold%20regular%3A700%3Anormal\u00bb][\/vc_column][\/vc_row][vc_row][vc_column width=\u00bb1\/3&#8243; offset=\u00bbvc_col-lg-3\/5&#8243;][vc_column_text css=\u00bb.vc_custom_1667383452651{border-radius: 5px !important;}\u00bb]<\/p>\n<h3><strong>PRIMARIA<\/strong><\/h3>\n<p>[\/vc_column_text][vc_empty_space][\/vc_column][\/vc_row][vc_section][vc_row][vc_column width=\u00bb1\/3&#8243;][vc_single_image image=\u00bb19594&#8243; img_size=\u00bb103&#215;103&#8243; alignment=\u00bbcenter\u00bb onclick=\u00bbcustom_link\u00bb img_link_target=\u00bb_blank\u00bb link=\u00bbhttps:\/\/campus.fg.ull.es\/course\/view.php?id=400001271&#8243;][\/vc_column][vc_column width=\u00bb1\/3&#8243;][vc_single_image image=\u00bb19622&#8243; img_size=\u00bb103&#215;103&#8243; alignment=\u00bbcenter\u00bb onclick=\u00bbcustom_link\u00bb img_link_target=\u00bb_blank\u00bb link=\u00bbhttps:\/\/campus.fg.ull.es\/course\/view.php?id=400001272&#8243;][\/vc_column][vc_column width=\u00bb1\/3&#8243;][vc_single_image image=\u00bb19623&#8243; img_size=\u00bb104&#215;103&#8243; alignment=\u00bbcenter\u00bb onclick=\u00bbcustom_link\u00bb img_link_target=\u00bb_blank\u00bb link=\u00bbhttps:\/\/campus.fg.ull.es\/course\/view.php?id=400001273&#8243;][\/vc_column][\/vc_row][vc_row][vc_column width=\u00bb1\/3&#8243;][vc_single_image image=\u00bb19631&#8243; img_size=\u00bb103&#215;102&#8243; alignment=\u00bbcenter\u00bb onclick=\u00bbcustom_link\u00bb img_link_target=\u00bb_blank\u00bb link=\u00bbhttps:\/\/campus.fg.ull.es\/course\/view.php?id=400001274&#8243;][\/vc_column][vc_column width=\u00bb1\/3&#8243;][vc_single_image image=\u00bb19632&#8243; img_size=\u00bb103&#215;103&#8243; alignment=\u00bbcenter\u00bb onclick=\u00bbcustom_link\u00bb img_link_target=\u00bb_blank\u00bb link=\u00bbhttps:\/\/campus.fg.ull.es\/course\/view.php?id=400001275&#8243;][\/vc_column][vc_column width=\u00bb1\/3&#8243;][vc_single_image image=\u00bb19633&#8243; img_size=\u00bb104&#215;102&#8243; alignment=\u00bbcenter\u00bb onclick=\u00bbcustom_link\u00bb img_link_target=\u00bb_blank\u00bb link=\u00bbhttps:\/\/campus.fg.ull.es\/course\/view.php?id=400001276&#8243;][\/vc_column][\/vc_row][\/vc_section][vc_row][vc_column][vc_column_text]<\/p>\n<h3>SECUNDARIA<\/h3>\n<p>[\/vc_column_text][vc_empty_space][\/vc_column][\/vc_row][vc_row][vc_column width=\u00bb1\/4&#8243;][vc_single_image image=\u00bb19634&#8243; img_size=\u00bb103&#215;102&#8243; alignment=\u00bbcenter\u00bb onclick=\u00bbcustom_link\u00bb img_link_target=\u00bb_blank\u00bb link=\u00bbhttps:\/\/campus.fg.ull.es\/course\/view.php?id=400001277&#8243;][\/vc_column][vc_column width=\u00bb1\/4&#8243;][vc_single_image image=\u00bb19635&#8243; img_size=\u00bb103&#215;102&#8243; alignment=\u00bbcenter\u00bb onclick=\u00bbcustom_link\u00bb img_link_target=\u00bb_blank\u00bb link=\u00bbhttps:\/\/campus.fg.ull.es\/course\/view.php?id=400001278&#8243;][\/vc_column][vc_column width=\u00bb1\/4&#8243;][vc_single_image image=\u00bb19636&#8243; img_size=\u00bb104&#215;102&#8243; alignment=\u00bbcenter\u00bb onclick=\u00bbcustom_link\u00bb img_link_target=\u00bb_blank\u00bb link=\u00bbhttps:\/\/campus.fg.ull.es\/course\/view.php?id=400001279&#8243;][\/vc_column][vc_column width=\u00bb1\/4&#8243;][vc_single_image image=\u00bb19637&#8243; img_size=\u00bb104&#215;102&#8243; alignment=\u00bbcenter\u00bb onclick=\u00bbcustom_link\u00bb img_link_target=\u00bb_blank\u00bb link=\u00bbhttps:\/\/campus.fg.ull.es\/course\/view.php?id=400001280&#8243;][\/vc_column][\/vc_row]<\/p>\n","protected":false},"excerpt":{"rendered":"<p>[vc_row full_width=\u00bbstretch_row\u00bb][vc_column][vc_separator color=\u00bbjuicy_pink\u00bb style=\u00bbdouble\u00bb border_width=\u00bb10&#8243;][vc_empty_space height=\u00bb40px\u00bb][\/vc_column][\/vc_row][vc_row][vc_column width=\u00bb1\/5&#8243; offset=\u00bbvc_col-lg-2&#8243;][vc_btn title=\u00bbInicio\u00bb color=\u00bbblue\u00bb size=\u00bblg\u00bb align=\u00bbcenter\u00bb button_block=\u00bbtrue\u00bb link=\u00bburl:https%3A%2F%2Fwww.ull.es%2Fportal%2Fcienciaull%2Fpensamientocomputacionullmente-accion1-1%2F|title:PiensaComputacionULLmente%20%E2%80%93%20ctc4t.org\u00bb][\/vc_column][vc_column width=\u00bb1\/5&#8243; offset=\u00bbvc_col-lg-2&#8243;][vc_btn title=\u00bbProyecto\u00bb color=\u00bbturquoise\u00bb size=\u00bblg\u00bb align=\u00bbcenter\u00bb button_block=\u00bbtrue\u00bb link=\u00bburl:https%3A%2F%2Fwww.ull.es%2Fportal%2Fcienciaull%2Fpiensacomputacionaullmente%2F\u00bb][\/vc_column][vc_column width=\u00bb1\/5&#8243; offset=\u00bbvc_col-lg-3&#8243;][vc_btn title=\u00bbPrograma Formativo\u00bb color=\u00bbprimary\u00bb size=\u00bblg\u00bb align=\u00bbcenter\u00bb button_block=\u00bbtrue\u00bb link=\u00bburl:https%3A%2F%2Fwww.ull.es%2Fportal%2Fcienciaull%2Fpensamientocomputacionullmente-accion1-1%2Fprograma-formativo-accion-1%2F|title:Programa%20Formativo-ctc4t.org\u00bb][\/vc_column][vc_column width=\u00bb1\/5&#8243;][vc_btn title=\u00bbCentros Escolares\u00bb color=\u00bbblue\u00bb size=\u00bblg\u00bb align=\u00bbcenter\u00bb button_block=\u00bbtrue\u00bb link=\u00bburl:https%3A%2F%2Fwww.ull.es%2Fportal%2Fcienciaull%2Fpensamientocomputacionullmente-accion1-1%2Fcentros-escolares-accion-1-pensamiento%2F|title:Centros%20Escolares%20%E2%80%93%20ctc4t.org\u00bb][\/vc_column][vc_column width=\u00bb1\/5&#8243;][vc_btn title=\u00bbMultimedia\u00bb color=\u00bbsky\u00bb size=\u00bblg\u00bb align=\u00bbcenter\u00bb button_block=\u00bbtrue\u00bb link=\u00bburl:https%3A%2F%2Fwww.ull.es%2Fportal%2Fcienciaull%2Fpensamientocomputacionullmente-accion1-1%2Fmultimedia-accion-1-pensamiento%2F|title:Multimedia%20%E2%80%93%20ctc4t.org\u00bb][\/vc_column][\/vc_row][vc_row][vc_column][vc_custom_heading text=\u00bbMateriales\u00bb google_fonts=\u00bbfont_family:Roboto%20Slab%3A100%2C300%2Cregular%2C700|font_style:700%20bold%20regular%3A700%3Anormal\u00bb][vc_column_text] El material seleccionado fomenta el desarrollo de&#8230;<\/p>\n","protected":false},"author":56,"featured_media":0,"parent":19259,"menu_order":4,"comment_status":"closed","ping_status":"closed","template":"templates\/cienciaull.php","meta":{"inline_featured_image":false,"footnotes":""},"acf":[],"yoast_head":"<!-- This site is optimized with the Yoast SEO plugin v21.3 - https:\/\/yoast.com\/wordpress\/plugins\/seo\/ -->\n<title>Materiales \u2013 ctc4t.org -<\/title>\n<meta name=\"robots\" content=\"index, follow, max-snippet:-1, max-image-preview:large, max-video-preview:-1\" \/>\n<link rel=\"canonical\" href=\"https:\/\/www.ull.es\/portal\/cienciaull\/pensamientocomputacionullmente-accion1-1\/materiales-accion-1-pensamiento\/\" \/>\n<meta property=\"og:locale\" content=\"es_ES\" \/>\n<meta property=\"og:type\" content=\"article\" \/>\n<meta property=\"og:title\" content=\"Materiales \u2013 ctc4t.org -\" \/>\n<meta property=\"og:description\" content=\"[vc_row full_width=\u00bbstretch_row\u00bb][vc_column][vc_separator color=\u00bbjuicy_pink\u00bb style=\u00bbdouble\u00bb border_width=\u00bb10&#8243;][vc_empty_space height=\u00bb40px\u00bb][\/vc_column][\/vc_row][vc_row][vc_column width=\u00bb1\/5&#8243; offset=\u00bbvc_col-lg-2&#8243;][vc_btn title=\u00bbInicio\u00bb color=\u00bbblue\u00bb size=\u00bblg\u00bb align=\u00bbcenter\u00bb button_block=\u00bbtrue\u00bb link=\u00bburl:https%3A%2F%2Fwww.ull.es%2Fportal%2Fcienciaull%2Fpensamientocomputacionullmente-accion1-1%2F|title:PiensaComputacionULLmente%20%E2%80%93%20ctc4t.org\u00bb][\/vc_column][vc_column width=\u00bb1\/5&#8243; offset=\u00bbvc_col-lg-2&#8243;][vc_btn title=\u00bbProyecto\u00bb color=\u00bbturquoise\u00bb size=\u00bblg\u00bb align=\u00bbcenter\u00bb button_block=\u00bbtrue\u00bb link=\u00bburl:https%3A%2F%2Fwww.ull.es%2Fportal%2Fcienciaull%2Fpiensacomputacionaullmente%2F\u00bb][\/vc_column][vc_column width=\u00bb1\/5&#8243; offset=\u00bbvc_col-lg-3&#8243;][vc_btn title=\u00bbPrograma Formativo\u00bb color=\u00bbprimary\u00bb size=\u00bblg\u00bb align=\u00bbcenter\u00bb button_block=\u00bbtrue\u00bb link=\u00bburl:https%3A%2F%2Fwww.ull.es%2Fportal%2Fcienciaull%2Fpensamientocomputacionullmente-accion1-1%2Fprograma-formativo-accion-1%2F|title:Programa%20Formativo-ctc4t.org\u00bb][\/vc_column][vc_column width=\u00bb1\/5&#8243;][vc_btn title=\u00bbCentros Escolares\u00bb color=\u00bbblue\u00bb size=\u00bblg\u00bb align=\u00bbcenter\u00bb button_block=\u00bbtrue\u00bb link=\u00bburl:https%3A%2F%2Fwww.ull.es%2Fportal%2Fcienciaull%2Fpensamientocomputacionullmente-accion1-1%2Fcentros-escolares-accion-1-pensamiento%2F|title:Centros%20Escolares%20%E2%80%93%20ctc4t.org\u00bb][\/vc_column][vc_column width=\u00bb1\/5&#8243;][vc_btn title=\u00bbMultimedia\u00bb color=\u00bbsky\u00bb size=\u00bblg\u00bb align=\u00bbcenter\u00bb button_block=\u00bbtrue\u00bb link=\u00bburl:https%3A%2F%2Fwww.ull.es%2Fportal%2Fcienciaull%2Fpensamientocomputacionullmente-accion1-1%2Fmultimedia-accion-1-pensamiento%2F|title:Multimedia%20%E2%80%93%20ctc4t.org\u00bb][\/vc_column][\/vc_row][vc_row][vc_column][vc_custom_heading text=\u00bbMateriales\u00bb google_fonts=\u00bbfont_family:Roboto%20Slab%3A100%2C300%2Cregular%2C700|font_style:700%20bold%20regular%3A700%3Anormal\u00bb][vc_column_text] El material seleccionado fomenta el desarrollo de...\" \/>\n<meta property=\"og:url\" content=\"https:\/\/www.ull.es\/portal\/cienciaull\/pensamientocomputacionullmente-accion1-1\/materiales-accion-1-pensamiento\/\" \/>\n<meta property=\"article:publisher\" content=\"https:\/\/www.facebook.com\/CienciaULL\/\" \/>\n<meta property=\"article:modified_time\" content=\"2024-07-02T11:03:56+00:00\" \/>\n<meta name=\"twitter:card\" content=\"summary_large_image\" \/>\n<meta name=\"twitter:site\" content=\"@CienciaULL\" \/>\n<meta name=\"twitter:label1\" content=\"Tiempo de lectura\" \/>\n\t<meta name=\"twitter:data1\" content=\"2 minutos\" \/>\n<script type=\"application\/ld+json\" class=\"yoast-schema-graph\">{\"@context\":\"https:\/\/schema.org\",\"@graph\":[{\"@type\":\"WebPage\",\"@id\":\"https:\/\/www.ull.es\/portal\/cienciaull\/pensamientocomputacionullmente-accion1-1\/materiales-accion-1-pensamiento\/\",\"url\":\"https:\/\/www.ull.es\/portal\/cienciaull\/pensamientocomputacionullmente-accion1-1\/materiales-accion-1-pensamiento\/\",\"name\":\"Materiales \u2013 ctc4t.org -\",\"isPartOf\":{\"@id\":\"https:\/\/www.ull.es\/portal\/cienciaull\/#website\"},\"datePublished\":\"2022-10-28T11:37:01+00:00\",\"dateModified\":\"2024-07-02T11:03:56+00:00\",\"breadcrumb\":{\"@id\":\"https:\/\/www.ull.es\/portal\/cienciaull\/pensamientocomputacionullmente-accion1-1\/materiales-accion-1-pensamiento\/#breadcrumb\"},\"inLanguage\":\"es\",\"potentialAction\":[{\"@type\":\"ReadAction\",\"target\":[\"https:\/\/www.ull.es\/portal\/cienciaull\/pensamientocomputacionullmente-accion1-1\/materiales-accion-1-pensamiento\/\"]}]},{\"@type\":\"BreadcrumbList\",\"@id\":\"https:\/\/www.ull.es\/portal\/cienciaull\/pensamientocomputacionullmente-accion1-1\/materiales-accion-1-pensamiento\/#breadcrumb\",\"itemListElement\":[{\"@type\":\"ListItem\",\"position\":1,\"name\":\"Portada\",\"item\":\"https:\/\/www.ull.es\/portal\/cienciaull\/\"},{\"@type\":\"ListItem\",\"position\":2,\"name\":\"PiensaComputacionULLmente &#8211; ctc4t.org\",\"item\":\"https:\/\/www.ull.es\/portal\/cienciaull\/pensamientocomputacionullmente-accion1-1\/\"},{\"@type\":\"ListItem\",\"position\":3,\"name\":\"Materiales \u2013 ctc4t.org\"}]},{\"@type\":\"WebSite\",\"@id\":\"https:\/\/www.ull.es\/portal\/cienciaull\/#website\",\"url\":\"https:\/\/www.ull.es\/portal\/cienciaull\/\",\"name\":\"\",\"description\":\"Unidad de Cultura Cient\u00edfica y de la Innovaci\u00f3n de la Universidad de La Laguna\",\"potentialAction\":[{\"@type\":\"SearchAction\",\"target\":{\"@type\":\"EntryPoint\",\"urlTemplate\":\"https:\/\/www.ull.es\/portal\/cienciaull\/?s={search_term_string}\"},\"query-input\":\"required name=search_term_string\"}],\"inLanguage\":\"es\"}]}<\/script>\n<!-- \/ Yoast SEO plugin. -->","yoast_head_json":{"title":"Materiales \u2013 ctc4t.org -","robots":{"index":"index","follow":"follow","max-snippet":"max-snippet:-1","max-image-preview":"max-image-preview:large","max-video-preview":"max-video-preview:-1"},"canonical":"https:\/\/www.ull.es\/portal\/cienciaull\/pensamientocomputacionullmente-accion1-1\/materiales-accion-1-pensamiento\/","og_locale":"es_ES","og_type":"article","og_title":"Materiales \u2013 ctc4t.org -","og_description":"[vc_row full_width=\u00bbstretch_row\u00bb][vc_column][vc_separator color=\u00bbjuicy_pink\u00bb style=\u00bbdouble\u00bb border_width=\u00bb10&#8243;][vc_empty_space height=\u00bb40px\u00bb][\/vc_column][\/vc_row][vc_row][vc_column width=\u00bb1\/5&#8243; offset=\u00bbvc_col-lg-2&#8243;][vc_btn title=\u00bbInicio\u00bb color=\u00bbblue\u00bb size=\u00bblg\u00bb align=\u00bbcenter\u00bb button_block=\u00bbtrue\u00bb link=\u00bburl:https%3A%2F%2Fwww.ull.es%2Fportal%2Fcienciaull%2Fpensamientocomputacionullmente-accion1-1%2F|title:PiensaComputacionULLmente%20%E2%80%93%20ctc4t.org\u00bb][\/vc_column][vc_column width=\u00bb1\/5&#8243; offset=\u00bbvc_col-lg-2&#8243;][vc_btn title=\u00bbProyecto\u00bb color=\u00bbturquoise\u00bb size=\u00bblg\u00bb align=\u00bbcenter\u00bb button_block=\u00bbtrue\u00bb link=\u00bburl:https%3A%2F%2Fwww.ull.es%2Fportal%2Fcienciaull%2Fpiensacomputacionaullmente%2F\u00bb][\/vc_column][vc_column width=\u00bb1\/5&#8243; offset=\u00bbvc_col-lg-3&#8243;][vc_btn title=\u00bbPrograma Formativo\u00bb color=\u00bbprimary\u00bb size=\u00bblg\u00bb align=\u00bbcenter\u00bb button_block=\u00bbtrue\u00bb link=\u00bburl:https%3A%2F%2Fwww.ull.es%2Fportal%2Fcienciaull%2Fpensamientocomputacionullmente-accion1-1%2Fprograma-formativo-accion-1%2F|title:Programa%20Formativo-ctc4t.org\u00bb][\/vc_column][vc_column width=\u00bb1\/5&#8243;][vc_btn title=\u00bbCentros Escolares\u00bb color=\u00bbblue\u00bb size=\u00bblg\u00bb align=\u00bbcenter\u00bb button_block=\u00bbtrue\u00bb link=\u00bburl:https%3A%2F%2Fwww.ull.es%2Fportal%2Fcienciaull%2Fpensamientocomputacionullmente-accion1-1%2Fcentros-escolares-accion-1-pensamiento%2F|title:Centros%20Escolares%20%E2%80%93%20ctc4t.org\u00bb][\/vc_column][vc_column width=\u00bb1\/5&#8243;][vc_btn title=\u00bbMultimedia\u00bb color=\u00bbsky\u00bb size=\u00bblg\u00bb align=\u00bbcenter\u00bb button_block=\u00bbtrue\u00bb link=\u00bburl:https%3A%2F%2Fwww.ull.es%2Fportal%2Fcienciaull%2Fpensamientocomputacionullmente-accion1-1%2Fmultimedia-accion-1-pensamiento%2F|title:Multimedia%20%E2%80%93%20ctc4t.org\u00bb][\/vc_column][\/vc_row][vc_row][vc_column][vc_custom_heading text=\u00bbMateriales\u00bb google_fonts=\u00bbfont_family:Roboto%20Slab%3A100%2C300%2Cregular%2C700|font_style:700%20bold%20regular%3A700%3Anormal\u00bb][vc_column_text] El material seleccionado fomenta el desarrollo de...","og_url":"https:\/\/www.ull.es\/portal\/cienciaull\/pensamientocomputacionullmente-accion1-1\/materiales-accion-1-pensamiento\/","article_publisher":"https:\/\/www.facebook.com\/CienciaULL\/","article_modified_time":"2024-07-02T11:03:56+00:00","twitter_card":"summary_large_image","twitter_site":"@CienciaULL","twitter_misc":{"Tiempo de lectura":"2 minutos"},"schema":{"@context":"https:\/\/schema.org","@graph":[{"@type":"WebPage","@id":"https:\/\/www.ull.es\/portal\/cienciaull\/pensamientocomputacionullmente-accion1-1\/materiales-accion-1-pensamiento\/","url":"https:\/\/www.ull.es\/portal\/cienciaull\/pensamientocomputacionullmente-accion1-1\/materiales-accion-1-pensamiento\/","name":"Materiales \u2013 ctc4t.org -","isPartOf":{"@id":"https:\/\/www.ull.es\/portal\/cienciaull\/#website"},"datePublished":"2022-10-28T11:37:01+00:00","dateModified":"2024-07-02T11:03:56+00:00","breadcrumb":{"@id":"https:\/\/www.ull.es\/portal\/cienciaull\/pensamientocomputacionullmente-accion1-1\/materiales-accion-1-pensamiento\/#breadcrumb"},"inLanguage":"es","potentialAction":[{"@type":"ReadAction","target":["https:\/\/www.ull.es\/portal\/cienciaull\/pensamientocomputacionullmente-accion1-1\/materiales-accion-1-pensamiento\/"]}]},{"@type":"BreadcrumbList","@id":"https:\/\/www.ull.es\/portal\/cienciaull\/pensamientocomputacionullmente-accion1-1\/materiales-accion-1-pensamiento\/#breadcrumb","itemListElement":[{"@type":"ListItem","position":1,"name":"Portada","item":"https:\/\/www.ull.es\/portal\/cienciaull\/"},{"@type":"ListItem","position":2,"name":"PiensaComputacionULLmente &#8211; ctc4t.org","item":"https:\/\/www.ull.es\/portal\/cienciaull\/pensamientocomputacionullmente-accion1-1\/"},{"@type":"ListItem","position":3,"name":"Materiales \u2013 ctc4t.org"}]},{"@type":"WebSite","@id":"https:\/\/www.ull.es\/portal\/cienciaull\/#website","url":"https:\/\/www.ull.es\/portal\/cienciaull\/","name":"","description":"Unidad de Cultura Cient\u00edfica y de la Innovaci\u00f3n de la Universidad de La Laguna","potentialAction":[{"@type":"SearchAction","target":{"@type":"EntryPoint","urlTemplate":"https:\/\/www.ull.es\/portal\/cienciaull\/?s={search_term_string}"},"query-input":"required name=search_term_string"}],"inLanguage":"es"}]}},"_links":{"self":[{"href":"https:\/\/www.ull.es\/portal\/cienciaull\/wp-json\/wp\/v2\/pages\/19311"}],"collection":[{"href":"https:\/\/www.ull.es\/portal\/cienciaull\/wp-json\/wp\/v2\/pages"}],"about":[{"href":"https:\/\/www.ull.es\/portal\/cienciaull\/wp-json\/wp\/v2\/types\/page"}],"author":[{"embeddable":true,"href":"https:\/\/www.ull.es\/portal\/cienciaull\/wp-json\/wp\/v2\/users\/56"}],"replies":[{"embeddable":true,"href":"https:\/\/www.ull.es\/portal\/cienciaull\/wp-json\/wp\/v2\/comments?post=19311"}],"version-history":[{"count":78,"href":"https:\/\/www.ull.es\/portal\/cienciaull\/wp-json\/wp\/v2\/pages\/19311\/revisions"}],"predecessor-version":[{"id":30517,"href":"https:\/\/www.ull.es\/portal\/cienciaull\/wp-json\/wp\/v2\/pages\/19311\/revisions\/30517"}],"up":[{"embeddable":true,"href":"https:\/\/www.ull.es\/portal\/cienciaull\/wp-json\/wp\/v2\/pages\/19259"}],"wp:attachment":[{"href":"https:\/\/www.ull.es\/portal\/cienciaull\/wp-json\/wp\/v2\/media?parent=19311"}],"curies":[{"name":"wp","href":"https:\/\/api.w.org\/{rel}","templated":true}]}}