{"id":19426,"date":"2022-11-02T12:28:55","date_gmt":"2022-11-02T12:28:55","guid":{"rendered":"https:\/\/www.ull.es\/portal\/cienciaull\/?page_id=19426"},"modified":"2022-11-03T12:49:27","modified_gmt":"2022-11-03T12:49:27","slug":"programa-formativo","status":"publish","type":"page","link":"https:\/\/www.ull.es\/portal\/cienciaull\/ciencia-a-lo-grande\/programa-formativo\/","title":{"rendered":"Ciencia a lo Grande &#8211; Programa formativo"},"content":{"rendered":"<p>[vc_row][vc_column width=\u00bb1\/2&#8243;][vc_empty_space height=\u00bb40px\u00bb][vc_custom_heading text=\u00bbPrograma formativo\u00bb font_container=\u00bbtag:h2|text_align:left|color:%233f2987&#8243; google_fonts=\u00bbfont_family:Roboto%20Slab%3A100%2C300%2Cregular%2C700|font_style:700%20bold%20regular%3A700%3Anormal\u00bb][\/vc_column][\/vc_row][vc_row][vc_column][vc_column_text]El contenido formativo del proyecto esta relacionado entre s\u00ed, separ\u00e1ndose en 4 grandes m\u00f3dulos que son los que se observan a continuaci\u00f3n[\/vc_column_text][\/vc_column][\/vc_row][vc_row full_width=\u00bbstretch_row_content\u00bb gap=\u00bb30&#8243; equal_height=\u00bbyes\u00bb][vc_column width=\u00bb1\/4&#8243; offset=\u00bbvc_col-lg-2&#8243;][\/vc_column][vc_column width=\u00bb1\/4&#8243; offset=\u00bbvc_col-lg-3&#8243;][vc_custom_heading text=\u00bbSesi\u00f3n I.<br \/>\nGrandes Ideas de la Ciencia\u00bb font_container=\u00bbtag:h2|text_align:center|color:%23000000&#8243; google_fonts=\u00bbfont_family:Roboto%20Slab%3A100%2C300%2Cregular%2C700|font_style:300%20light%20regular%3A300%3Anormal\u00bb css=\u00bb.vc_custom_1667396507337{background-color: #ab73e2 !important;}\u00bb][vc_column_text css_animation=\u00bbbottom-to-top\u00bb css=\u00bb.vc_custom_1667478927489{background-color: #ffffff !important;}\u00bb]En la sesi\u00f3n inaugural se le pedir\u00e1 al profesorado que nos env\u00ede una relaci\u00f3n entre las actividades que realizan y los conceptos que presenta el proyecto. Se analizar\u00e1n las propuestas y se organizar\u00e1n en torno a grandes ideas.<\/p>\n<p><strong>Horas formativas:<\/strong> 2<\/p>\n<p><strong>Horas de trabajo aut\u00f3nomo:<\/strong> 2[\/vc_column_text][vc_empty_space height=\u00bb20px\u00bb][\/vc_column][vc_column width=\u00bb1\/4&#8243; offset=\u00bbvc_col-lg-3&#8243;][vc_custom_heading text=\u00bbSesi\u00f3n II.<br \/>\nLa carga el\u00e9ctrica\u00bb font_container=\u00bbtag:h2|text_align:center|color:%23000000&#8243; google_fonts=\u00bbfont_family:Roboto%20Slab%3A100%2C300%2Cregular%2C700|font_style:300%20light%20regular%3A300%3Anormal\u00bb css=\u00bb.vc_custom_1667396521849{background-color: #1f8bdd !important;}\u00bb][vc_column_text css_animation=\u00bbbottom-to-top\u00bb css=\u00bb.vc_custom_1667479504995{background-color: #ffffff !important;}\u00bb]<span style=\"font-weight: 400\">Se explicar\u00e1n los conceptos b\u00e1sicos del electromagnetismo, su aplicaci\u00f3n a la vida diaria y\u00a0 una serie de recursos que ser\u00e1n proporcionados para su utilizaci\u00f3n con el alumnado.<\/span><\/p>\n<p><strong>Horas formativas:<\/strong> 2<\/p>\n<p><strong>Horas de trabajo aut\u00f3nomo:<\/strong> 2[\/vc_column_text][vc_empty_space height=\u00bb20px\u00bb][\/vc_column][vc_column width=\u00bb1\/4&#8243;][\/vc_column][\/vc_row][vc_row full_width=\u00bbstretch_row_content_no_spaces\u00bb gap=\u00bb30&#8243;][vc_column width=\u00bb1\/3&#8243; offset=\u00bbvc_col-lg-2&#8243;][\/vc_column][vc_column width=\u00bb1\/3&#8243; offset=\u00bbvc_col-lg-3&#8243;][vc_custom_heading text=\u00bbSesi\u00f3n III.<br \/>\nLa masa\u00bb font_container=\u00bbtag:h2|text_align:center|color:%23000000&#8243; google_fonts=\u00bbfont_family:Roboto%20Slab%3A100%2C300%2Cregular%2C700|font_style:300%20light%20regular%3A300%3Anormal\u00bb css=\u00bb.vc_custom_1667396512594{background-color: #dd9933 !important;}\u00bb][vc_column_text css_animation=\u00bbbottom-to-top\u00bb css=\u00bb.vc_custom_1667396078473{background-color: #ffffff !important;}\u00bb]<span style=\"font-weight: 400\">Se explicar\u00e1n los conceptos b\u00e1sicos sobre la masa, su medida y la importancia de la fuerza de la gravedad a la hora de entender el mundo cercano que nos rodea y la estructura y din\u00e1mica del universo, en particular la relaci\u00f3n Tierra-luna, Tierra-sol y el sistema solar.<\/span><\/p>\n<p><strong>Horas formativas:<\/strong> 2<\/p>\n<p><strong>Horas de trabajo aut\u00f3nomo:<\/strong> 2[\/vc_column_text][\/vc_column][vc_column width=\u00bb1\/3&#8243; offset=\u00bbvc_col-lg-3&#8243;][vc_custom_heading text=\u00bbSesi\u00f3n IV.<br \/>\nComposici\u00f3n de la materia\u00bb font_container=\u00bbtag:h2|text_align:center|color:%23000000&#8243; google_fonts=\u00bbfont_family:Roboto%20Slab%3A100%2C300%2Cregular%2C700|font_style:300%20light%20regular%3A300%3Anormal\u00bb css=\u00bb.vc_custom_1667396527363{background-color: #81d742 !important;}\u00bb][vc_column_text css_animation=\u00bbbottom-to-top\u00bb css=\u00bb.vc_custom_1667478420405{background-color: #ffffff !important;}\u00bb]<span style=\"font-weight: 400\">Se van a explicar los conceptos b\u00e1sicos asociados a la qu\u00edmica, como la idea del \u00e1tomo, las mol\u00e9culas, y otros compuestos m\u00e1s complejos.\u00a0<\/span><span style=\"font-weight: 400\">Se presentar\u00e1n, adem\u00e1s, sencillos recursos para poder aplicarlos con el alumnado de primaria.<\/span><\/p>\n<p><strong>Horas formativas:<\/strong> 2<\/p>\n<p><strong>Horas de trabajo aut\u00f3nomo:<\/strong> 2[\/vc_column_text][\/vc_column][\/vc_row]<\/p>\n","protected":false},"excerpt":{"rendered":"<p>[vc_row][vc_column width=\u00bb1\/2&#8243;][vc_empty_space height=\u00bb40px\u00bb][vc_custom_heading text=\u00bbPrograma formativo\u00bb font_container=\u00bbtag:h2|text_align:left|color:%233f2987&#8243; google_fonts=\u00bbfont_family:Roboto%20Slab%3A100%2C300%2Cregular%2C700|font_style:700%20bold%20regular%3A700%3Anormal\u00bb][\/vc_column][\/vc_row][vc_row][vc_column][vc_column_text]El contenido formativo del proyecto esta relacionado entre s\u00ed, separ\u00e1ndose en 4 grandes m\u00f3dulos que son los que se observan a continuaci\u00f3n[\/vc_column_text][\/vc_column][\/vc_row][vc_row full_width=\u00bbstretch_row_content\u00bb gap=\u00bb30&#8243; equal_height=\u00bbyes\u00bb][vc_column width=\u00bb1\/4&#8243; offset=\u00bbvc_col-lg-2&#8243;][\/vc_column][vc_column width=\u00bb1\/4&#8243; offset=\u00bbvc_col-lg-3&#8243;][vc_custom_heading text=\u00bbSesi\u00f3n I. Grandes Ideas de la Ciencia\u00bb font_container=\u00bbtag:h2|text_align:center|color:%23000000&#8243; google_fonts=\u00bbfont_family:Roboto%20Slab%3A100%2C300%2Cregular%2C700|font_style:300%20light%20regular%3A300%3Anormal\u00bb css=\u00bb.vc_custom_1667396507337{background-color: #ab73e2 !important;}\u00bb][vc_column_text css_animation=\u00bbbottom-to-top\u00bb css=\u00bb.vc_custom_1667478927489{background-color: #ffffff !important;}\u00bb]En la sesi\u00f3n inaugural se&#8230;<\/p>\n","protected":false},"author":56,"featured_media":0,"parent":12207,"menu_order":0,"comment_status":"closed","ping_status":"closed","template":"","meta":{"inline_featured_image":false,"footnotes":""},"acf":[],"yoast_head":"<!-- This site is optimized with the Yoast SEO plugin v21.3 - https:\/\/yoast.com\/wordpress\/plugins\/seo\/ -->\n<title>Ciencia a lo Grande - Programa formativo -<\/title>\n<meta name=\"robots\" content=\"index, follow, max-snippet:-1, max-image-preview:large, max-video-preview:-1\" \/>\n<link rel=\"canonical\" href=\"https:\/\/www.ull.es\/portal\/cienciaull\/ciencia-a-lo-grande\/programa-formativo\/\" \/>\n<meta property=\"og:locale\" content=\"es_ES\" \/>\n<meta property=\"og:type\" content=\"article\" \/>\n<meta property=\"og:title\" content=\"Ciencia a lo Grande - Programa formativo -\" \/>\n<meta property=\"og:description\" content=\"[vc_row][vc_column width=\u00bb1\/2&#8243;][vc_empty_space height=\u00bb40px\u00bb][vc_custom_heading text=\u00bbPrograma formativo\u00bb font_container=\u00bbtag:h2|text_align:left|color:%233f2987&#8243; google_fonts=\u00bbfont_family:Roboto%20Slab%3A100%2C300%2Cregular%2C700|font_style:700%20bold%20regular%3A700%3Anormal\u00bb][\/vc_column][\/vc_row][vc_row][vc_column][vc_column_text]El contenido formativo del proyecto esta relacionado entre s\u00ed, separ\u00e1ndose en 4 grandes m\u00f3dulos que son los que se observan a continuaci\u00f3n[\/vc_column_text][\/vc_column][\/vc_row][vc_row full_width=\u00bbstretch_row_content\u00bb gap=\u00bb30&#8243; equal_height=\u00bbyes\u00bb][vc_column width=\u00bb1\/4&#8243; offset=\u00bbvc_col-lg-2&#8243;][\/vc_column][vc_column width=\u00bb1\/4&#8243; offset=\u00bbvc_col-lg-3&#8243;][vc_custom_heading text=\u00bbSesi\u00f3n I. Grandes Ideas de la Ciencia\u00bb font_container=\u00bbtag:h2|text_align:center|color:%23000000&#8243; google_fonts=\u00bbfont_family:Roboto%20Slab%3A100%2C300%2Cregular%2C700|font_style:300%20light%20regular%3A300%3Anormal\u00bb css=\u00bb.vc_custom_1667396507337{background-color: #ab73e2 !important;}\u00bb][vc_column_text css_animation=\u00bbbottom-to-top\u00bb css=\u00bb.vc_custom_1667478927489{background-color: #ffffff !important;}\u00bb]En la sesi\u00f3n inaugural se...\" \/>\n<meta property=\"og:url\" content=\"https:\/\/www.ull.es\/portal\/cienciaull\/ciencia-a-lo-grande\/programa-formativo\/\" \/>\n<meta property=\"article:publisher\" content=\"https:\/\/www.facebook.com\/CienciaULL\/\" \/>\n<meta property=\"article:modified_time\" content=\"2022-11-03T12:49:27+00:00\" \/>\n<meta name=\"twitter:card\" content=\"summary_large_image\" \/>\n<meta name=\"twitter:site\" content=\"@CienciaULL\" \/>\n<meta name=\"twitter:label1\" content=\"Tiempo de lectura\" \/>\n\t<meta name=\"twitter:data1\" content=\"2 minutos\" \/>\n<script type=\"application\/ld+json\" class=\"yoast-schema-graph\">{\"@context\":\"https:\/\/schema.org\",\"@graph\":[{\"@type\":\"WebPage\",\"@id\":\"https:\/\/www.ull.es\/portal\/cienciaull\/ciencia-a-lo-grande\/programa-formativo\/\",\"url\":\"https:\/\/www.ull.es\/portal\/cienciaull\/ciencia-a-lo-grande\/programa-formativo\/\",\"name\":\"Ciencia a lo Grande - Programa formativo -\",\"isPartOf\":{\"@id\":\"https:\/\/www.ull.es\/portal\/cienciaull\/#website\"},\"datePublished\":\"2022-11-02T12:28:55+00:00\",\"dateModified\":\"2022-11-03T12:49:27+00:00\",\"breadcrumb\":{\"@id\":\"https:\/\/www.ull.es\/portal\/cienciaull\/ciencia-a-lo-grande\/programa-formativo\/#breadcrumb\"},\"inLanguage\":\"es\",\"potentialAction\":[{\"@type\":\"ReadAction\",\"target\":[\"https:\/\/www.ull.es\/portal\/cienciaull\/ciencia-a-lo-grande\/programa-formativo\/\"]}]},{\"@type\":\"BreadcrumbList\",\"@id\":\"https:\/\/www.ull.es\/portal\/cienciaull\/ciencia-a-lo-grande\/programa-formativo\/#breadcrumb\",\"itemListElement\":[{\"@type\":\"ListItem\",\"position\":1,\"name\":\"Portada\",\"item\":\"https:\/\/www.ull.es\/portal\/cienciaull\/\"},{\"@type\":\"ListItem\",\"position\":2,\"name\":\"Ciencia a lo Grande\",\"item\":\"https:\/\/www.ull.es\/portal\/cienciaull\/ciencia-a-lo-grande\/\"},{\"@type\":\"ListItem\",\"position\":3,\"name\":\"Ciencia a lo Grande &#8211; Programa formativo\"}]},{\"@type\":\"WebSite\",\"@id\":\"https:\/\/www.ull.es\/portal\/cienciaull\/#website\",\"url\":\"https:\/\/www.ull.es\/portal\/cienciaull\/\",\"name\":\"\",\"description\":\"Unidad de Cultura Cient\u00edfica y de la Innovaci\u00f3n de la Universidad de La Laguna\",\"potentialAction\":[{\"@type\":\"SearchAction\",\"target\":{\"@type\":\"EntryPoint\",\"urlTemplate\":\"https:\/\/www.ull.es\/portal\/cienciaull\/?s={search_term_string}\"},\"query-input\":\"required name=search_term_string\"}],\"inLanguage\":\"es\"}]}<\/script>\n<!-- \/ Yoast SEO plugin. -->","yoast_head_json":{"title":"Ciencia a lo Grande - Programa formativo -","robots":{"index":"index","follow":"follow","max-snippet":"max-snippet:-1","max-image-preview":"max-image-preview:large","max-video-preview":"max-video-preview:-1"},"canonical":"https:\/\/www.ull.es\/portal\/cienciaull\/ciencia-a-lo-grande\/programa-formativo\/","og_locale":"es_ES","og_type":"article","og_title":"Ciencia a lo Grande - Programa formativo -","og_description":"[vc_row][vc_column width=\u00bb1\/2&#8243;][vc_empty_space height=\u00bb40px\u00bb][vc_custom_heading text=\u00bbPrograma formativo\u00bb font_container=\u00bbtag:h2|text_align:left|color:%233f2987&#8243; google_fonts=\u00bbfont_family:Roboto%20Slab%3A100%2C300%2Cregular%2C700|font_style:700%20bold%20regular%3A700%3Anormal\u00bb][\/vc_column][\/vc_row][vc_row][vc_column][vc_column_text]El contenido formativo del proyecto esta relacionado entre s\u00ed, separ\u00e1ndose en 4 grandes m\u00f3dulos que son los que se observan a continuaci\u00f3n[\/vc_column_text][\/vc_column][\/vc_row][vc_row full_width=\u00bbstretch_row_content\u00bb gap=\u00bb30&#8243; equal_height=\u00bbyes\u00bb][vc_column width=\u00bb1\/4&#8243; offset=\u00bbvc_col-lg-2&#8243;][\/vc_column][vc_column width=\u00bb1\/4&#8243; offset=\u00bbvc_col-lg-3&#8243;][vc_custom_heading text=\u00bbSesi\u00f3n I. Grandes Ideas de la Ciencia\u00bb font_container=\u00bbtag:h2|text_align:center|color:%23000000&#8243; google_fonts=\u00bbfont_family:Roboto%20Slab%3A100%2C300%2Cregular%2C700|font_style:300%20light%20regular%3A300%3Anormal\u00bb css=\u00bb.vc_custom_1667396507337{background-color: #ab73e2 !important;}\u00bb][vc_column_text css_animation=\u00bbbottom-to-top\u00bb css=\u00bb.vc_custom_1667478927489{background-color: #ffffff !important;}\u00bb]En la sesi\u00f3n inaugural se...","og_url":"https:\/\/www.ull.es\/portal\/cienciaull\/ciencia-a-lo-grande\/programa-formativo\/","article_publisher":"https:\/\/www.facebook.com\/CienciaULL\/","article_modified_time":"2022-11-03T12:49:27+00:00","twitter_card":"summary_large_image","twitter_site":"@CienciaULL","twitter_misc":{"Tiempo de lectura":"2 minutos"},"schema":{"@context":"https:\/\/schema.org","@graph":[{"@type":"WebPage","@id":"https:\/\/www.ull.es\/portal\/cienciaull\/ciencia-a-lo-grande\/programa-formativo\/","url":"https:\/\/www.ull.es\/portal\/cienciaull\/ciencia-a-lo-grande\/programa-formativo\/","name":"Ciencia a lo Grande - Programa formativo -","isPartOf":{"@id":"https:\/\/www.ull.es\/portal\/cienciaull\/#website"},"datePublished":"2022-11-02T12:28:55+00:00","dateModified":"2022-11-03T12:49:27+00:00","breadcrumb":{"@id":"https:\/\/www.ull.es\/portal\/cienciaull\/ciencia-a-lo-grande\/programa-formativo\/#breadcrumb"},"inLanguage":"es","potentialAction":[{"@type":"ReadAction","target":["https:\/\/www.ull.es\/portal\/cienciaull\/ciencia-a-lo-grande\/programa-formativo\/"]}]},{"@type":"BreadcrumbList","@id":"https:\/\/www.ull.es\/portal\/cienciaull\/ciencia-a-lo-grande\/programa-formativo\/#breadcrumb","itemListElement":[{"@type":"ListItem","position":1,"name":"Portada","item":"https:\/\/www.ull.es\/portal\/cienciaull\/"},{"@type":"ListItem","position":2,"name":"Ciencia a lo Grande","item":"https:\/\/www.ull.es\/portal\/cienciaull\/ciencia-a-lo-grande\/"},{"@type":"ListItem","position":3,"name":"Ciencia a lo Grande &#8211; Programa formativo"}]},{"@type":"WebSite","@id":"https:\/\/www.ull.es\/portal\/cienciaull\/#website","url":"https:\/\/www.ull.es\/portal\/cienciaull\/","name":"","description":"Unidad de Cultura Cient\u00edfica y de la Innovaci\u00f3n de la Universidad de La Laguna","potentialAction":[{"@type":"SearchAction","target":{"@type":"EntryPoint","urlTemplate":"https:\/\/www.ull.es\/portal\/cienciaull\/?s={search_term_string}"},"query-input":"required name=search_term_string"}],"inLanguage":"es"}]}},"_links":{"self":[{"href":"https:\/\/www.ull.es\/portal\/cienciaull\/wp-json\/wp\/v2\/pages\/19426"}],"collection":[{"href":"https:\/\/www.ull.es\/portal\/cienciaull\/wp-json\/wp\/v2\/pages"}],"about":[{"href":"https:\/\/www.ull.es\/portal\/cienciaull\/wp-json\/wp\/v2\/types\/page"}],"author":[{"embeddable":true,"href":"https:\/\/www.ull.es\/portal\/cienciaull\/wp-json\/wp\/v2\/users\/56"}],"replies":[{"embeddable":true,"href":"https:\/\/www.ull.es\/portal\/cienciaull\/wp-json\/wp\/v2\/comments?post=19426"}],"version-history":[{"count":40,"href":"https:\/\/www.ull.es\/portal\/cienciaull\/wp-json\/wp\/v2\/pages\/19426\/revisions"}],"predecessor-version":[{"id":19552,"href":"https:\/\/www.ull.es\/portal\/cienciaull\/wp-json\/wp\/v2\/pages\/19426\/revisions\/19552"}],"up":[{"embeddable":true,"href":"https:\/\/www.ull.es\/portal\/cienciaull\/wp-json\/wp\/v2\/pages\/12207"}],"wp:attachment":[{"href":"https:\/\/www.ull.es\/portal\/cienciaull\/wp-json\/wp\/v2\/media?parent=19426"}],"curies":[{"name":"wp","href":"https:\/\/api.w.org\/{rel}","templated":true}]}}