{"id":19682,"date":"2022-11-10T14:25:57","date_gmt":"2022-11-10T14:25:57","guid":{"rendered":"https:\/\/www.ull.es\/portal\/cienciaull\/?page_id=19682"},"modified":"2022-12-29T08:29:55","modified_gmt":"2022-12-29T08:29:55","slug":"materiales-proyectamates","status":"publish","type":"page","link":"https:\/\/www.ull.es\/portal\/cienciaull\/materiales-proyectamates\/","title":{"rendered":"Materiales ProyectaMates"},"content":{"rendered":"<p>[vc_row][vc_column][vc_empty_space]\n<div id=\"rev_slider_186_1_wrapper\" class=\"rev_slider_wrapper fullwidthbanner-container\" data-source=\"gallery\" style=\"margin:0px auto;background:transparent;padding:0px;margin-top:0px;margin-bottom:0px;\">\n<!-- START REVOLUTION SLIDER 5.4.7.3 auto mode -->\n\t<div id=\"rev_slider_186_1\" class=\"rev_slider fullwidthabanner\" style=\"display:none;\" data-version=\"5.4.7.3\">\n<ul>\t<!-- SLIDE  -->\n\t<li data-index=\"rs-217\" data-transition=\"fade\" data-slotamount=\"default\" data-hideafterloop=\"0\" data-hideslideonmobile=\"off\"  data-easein=\"default\" data-easeout=\"default\" data-masterspeed=\"300\"  data-rotate=\"0\"  data-saveperformance=\"off\"  data-title=\"Slide\" data-param1=\"\" data-param2=\"\" data-param3=\"\" data-param4=\"\" data-param5=\"\" data-param6=\"\" data-param7=\"\" data-param8=\"\" data-param9=\"\" data-param10=\"\" data-description=\"\">\n\t\t<!-- MAIN IMAGE -->\n\t\t<img src=\"https:\/\/www.ull.es\/portal\/cienciaull\/wp-content\/plugins\/revslider\/admin\/assets\/images\/transparent.png\"  alt=\"\" title=\"Materiales ProyectaMates\"  data-bgposition=\"center center\" data-bgfit=\"cover\" data-bgrepeat=\"no-repeat\" class=\"rev-slidebg\" data-no-retina>\n\t\t<!-- LAYERS -->\n\n\t\t<!-- LAYER NR. 1 -->\n\t\t<div class=\"tp-caption   tp-resizeme\" \n\t\t\t id=\"slide-217-layer-1\" \n\t\t\t data-x=\"\" \n\t\t\t data-y=\"\" \n\t\t\t\t\t\tdata-width=\"['none','none','none','none']\"\n\t\t\tdata-height=\"['none','none','none','none']\"\n \n\t\t\tdata-type=\"image\" \n\t\t\tdata-responsive_offset=\"on\" \n\n\t\t\tdata-frames='[{\"delay\":0,\"speed\":300,\"frame\":\"0\",\"from\":\"opacity:0;\",\"to\":\"o:1;\",\"ease\":\"Power3.easeInOut\"},{\"delay\":\"wait\",\"speed\":300,\"frame\":\"999\",\"to\":\"opacity:0;\",\"ease\":\"Power3.easeInOut\"}]'\n\t\t\tdata-textAlign=\"['inherit','inherit','inherit','inherit']\"\n\t\t\tdata-paddingtop=\"[0,0,0,0]\"\n\t\t\tdata-paddingright=\"[0,0,0,0]\"\n\t\t\tdata-paddingbottom=\"[0,0,0,0]\"\n\t\t\tdata-paddingleft=\"[0,0,0,0]\"\n\n\t\t\tstyle=\"z-index: 5;\"><img src=\"https:\/\/www.ull.es\/portal\/cienciaull\/wp-content\/uploads\/sites\/24\/2022\/11\/proyecta_materiales_500.jpg\" alt=\"\" data-ww=\"3335px\" data-hh=\"1251\" width=\"1600\" height=\"600\" data-no-retina> <\/div>\n\t<\/li>\n<\/ul>\n<div class=\"tp-bannertimer tp-bottom\" style=\"visibility: hidden !important;\"><\/div>\t<\/div>\n<script>var htmlDiv = document.getElementById(\"rs-plugin-settings-inline-css\"); var htmlDivCss=\"\";\r\n\t\t\t\tif(htmlDiv) {\r\n\t\t\t\t\thtmlDiv.innerHTML = htmlDiv.innerHTML + htmlDivCss;\r\n\t\t\t\t}else{\r\n\t\t\t\t\tvar htmlDiv = document.createElement(\"div\");\r\n\t\t\t\t\thtmlDiv.innerHTML = \"<style>\" + htmlDivCss + \"<\/style>\";\r\n\t\t\t\t\tdocument.getElementsByTagName(\"head\")[0].appendChild(htmlDiv.childNodes[0]);\r\n\t\t\t\t}\r\n\t\t\t<\/script>\n\t\t<script type=\"text\/javascript\">\r\nif (setREVStartSize!==undefined) setREVStartSize(\r\n\t{c: '#rev_slider_186_1', gridwidth: [3335], gridheight: [1250], sliderLayout: 'auto'});\r\n\t\t\t\r\nvar revapi186,\r\n\ttpj;\t\r\n(function() {\t\t\t\r\n\tif (!\/loaded|interactive|complete\/.test(document.readyState)) document.addEventListener(\"DOMContentLoaded\",onLoad); else onLoad();\t\r\n\tfunction onLoad() {\t\t\t\t\r\n\t\tif (tpj===undefined) { tpj = jQuery; if(\"off\" == \"on\") tpj.noConflict();}\r\n\tif(tpj(\"#rev_slider_186_1\").revolution == undefined){\n\t\trevslider_showDoubleJqueryError(\"#rev_slider_186_1\");\n\t}else{\n\t\trevapi186 = tpj(\"#rev_slider_186_1\").show().revolution({\n\t\t\tsliderType:\"standard\",\n\t\t\tjsFileLocation:\"\/\/www.ull.es\/portal\/cienciaull\/wp-content\/plugins\/revslider\/public\/assets\/js\/\",\n\t\t\tsliderLayout:\"auto\",\n\t\t\tdottedOverlay:\"none\",\n\t\t\tdelay:9000,\n\t\t\tnavigation: {\n\t\t\t\tonHoverStop:\"off\",\n\t\t\t},\n\t\t\tvisibilityLevels:[1240,1024,778,480],\n\t\t\tgridwidth:3335,\n\t\t\tgridheight:1250,\n\t\t\tlazyType:\"none\",\n\t\t\tshadow:0,\n\t\t\tspinner:\"spinner0\",\n\t\t\tstopLoop:\"off\",\n\t\t\tstopAfterLoops:-1,\n\t\t\tstopAtSlide:-1,\n\t\t\tshuffle:\"off\",\n\t\t\tautoHeight:\"off\",\n\t\t\tdisableProgressBar:\"on\",\n\t\t\thideThumbsOnMobile:\"off\",\n\t\t\thideSliderAtLimit:0,\n\t\t\thideCaptionAtLimit:0,\n\t\t\thideAllCaptionAtLilmit:0,\n\t\t\tdebugMode:false,\n\t\t\tfallbacks: {\n\t\t\t\tsimplifyAll:\"off\",\n\t\t\t\tnextSlideOnWindowFocus:\"off\",\n\t\t\t\tdisableFocusListener:false,\n\t\t\t}\n\t\t});\n\t}; \/* END OF revapi call *\/\n\t\n }; \/* END OF ON LOAD FUNCTION *\/\r\n}()); \/* END OF WRAPPING FUNCTION *\/\r\n<\/script>\r\n\t\t<\/div><!-- END REVOLUTION SLIDER -->[vc_separator color=\u00bbblue\u00bb border_width=\u00bb10&#8243;][\/vc_column][\/vc_row][vc_row][vc_column width=\u00bb1\/4&#8243;][vc_empty_space][vc_btn title=\u00bbP\u00e1gina principal\u00bb color=\u00bbvista-blue\u00bb size=\u00bblg\u00bb align=\u00bbcenter\u00bb button_block=\u00bbtrue\u00bb link=\u00bburl:https%3A%2F%2Fwww.ull.es%2Fportal%2Fcienciaull%2Fproyectamates%2F\u00bb][\/vc_column][vc_column width=\u00bb1\/4&#8243;][vc_empty_space][vc_btn title=\u00bbDivulgaci\u00f3n\u00bb color=\u00bbwarning\u00bb size=\u00bblg\u00bb align=\u00bbcenter\u00bb button_block=\u00bbtrue\u00bb link=\u00bburl:https%3A%2F%2Fwww.ull.es%2Fportal%2Fcienciaull%2Fdivulgacion-cientifica%2F\u00bb][\/vc_column][vc_column width=\u00bb1\/4&#8243;][vc_empty_space][vc_btn title=\u00bbFormaci\u00f3n\u00bb color=\u00bborange\u00bb size=\u00bblg\u00bb align=\u00bbcenter\u00bb button_block=\u00bbtrue\u00bb link=\u00bburl:https%3A%2F%2Fwww.ull.es%2Fportal%2Fcienciaull%2Fformacion-proyectamates%2F\u00bb][\/vc_column][vc_column width=\u00bb1\/4&#8243;][vc_empty_space][vc_btn title=\u00bbInvestigaci\u00f3n\u00bb color=\u00bbgreen\u00bb size=\u00bblg\u00bb align=\u00bbcenter\u00bb button_block=\u00bbtrue\u00bb link=\u00bburl:https%3A%2F%2Fwww.ull.es%2Fportal%2Fcienciaull%2Finvestigacion-proyectamates%2F\u00bb][\/vc_column][\/vc_row][vc_row][vc_column width=\u00bb2\/3&#8243;][vc_empty_space][vc_custom_heading text=\u00bbMateriales\u00bb google_fonts=\u00bbfont_family:Roboto%20Slab%3A100%2C300%2Cregular%2C700|font_style:700%20bold%20regular%3A700%3Anormal\u00bb css=\u00bb.vc_custom_1672256019824{margin-bottom: 10px !important;border-bottom-width: 10px !important;padding-bottom: 10px !important;}\u00bb][vc_column_text]<\/p>\n<p style=\"text-align: justify\">La \u201cMaleta Matem\u00e1tica\u201d es un conjunto de recursos did\u00e1cticos que ayudar\u00e1n a facilitar el aprendizaje de las matem\u00e1ticas del alumnado escolar de Primaria y Secundaria, as\u00ed como la ense\u00f1anza del profesorado.<\/p>\n<p style=\"text-align: justify\">La maleta contiene m\u00faltiples herramientas que nos servir\u00e1n para trabajar las matem\u00e1ticas de forma manipulativa. En cada edici\u00f3n del proyecto, se actualiza el contenido de esta Maleta Matem\u00e1tica, siendo parte de la innovaci\u00f3n y flexibilidad que caracteriza ProyectaMates. En esta edici\u00f3n, la Maleta est\u00e1 formada por los siguientes materiales: Tangram, Pentaminos, Cubo Soma, Geoplano, Cuadrado M\u00e1gico 3&#215;3, Juego del Nim, Juego al agua pato, Juego bingo loco, Cubo MultiLink y Mu torere.<\/p>\n<p style=\"text-align: justify\">Los materiales que contienen son de diferentes tipos:<\/p>\n<ul>\n<li>Did\u00e1ctico-matem\u00e1ticos con un car\u00e1cter m\u00e1s vers\u00e1til, son aquellos materiales que presentan m\u00faltiples aplicaciones did\u00e1cticas.<\/li>\n<li>L\u00fadico-matem\u00e1ticos, que son aquellos con un enfoque l\u00fadico y un trasfondo de aprendizaje y reflexi\u00f3n, con los que se pretende potenciar el pensamiento cr\u00edtico e hipot\u00e9tico en momentos de juego libre y exploraci\u00f3n aut\u00f3noma.<\/li>\n<\/ul>\n<p style=\"text-align: justify\">Nuestro proyecto educativo presenta varias propuestas did\u00e1cticas basadas en la utilizaci\u00f3n de estos materiales para trabajar las matem\u00e1ticas. Todas nuestras actividades pueden ser adaptadas a los distintos niveles educativos de primaria y secundaria.<\/p>\n<p>[\/vc_column_text][\/vc_column][vc_column width=\u00bb1\/3&#8243;][vc_empty_space height=\u00bb90px\u00bb][vc_video link=\u00bbhttps:\/\/youtu.be\/-TViSQWHsFQ\u00bb align=\u00bbcenter\u00bb][vc_empty_space][vc_btn title=\u00bbGu\u00eda de la Maleta\u00bb color=\u00bbinfo\u00bb size=\u00bblg\u00bb align=\u00bbcenter\u00bb button_block=\u00bbtrue\u00bb link=\u00bburl:https%3A%2F%2Fdrive.google.com%2Ffile%2Fd%2F1L2qbSKSPVZ5tl-8YVvnkih8TruS1_-jW%2Fview%3Fusp%3Dsharing\u00bb css=\u00bb.vc_custom_1672256035143{margin-bottom: 6px !important;border-bottom-width: 6px !important;padding-bottom: 6px !important;}\u00bb][vc_btn title=\u00bbMultimedia\u00bb color=\u00bbviolet\u00bb size=\u00bblg\u00bb align=\u00bbcenter\u00bb button_block=\u00bbtrue\u00bb link=\u00bburl:https%3A%2F%2Fwww.ull.es%2Fportal%2Fcienciaull%2Fproyectamates%2Fmultimedia%2F\u00bb css=\u00bb.vc_custom_1672256049681{margin-bottom: 6px !important;border-bottom-width: 6px !important;padding-bottom: 6px !important;}\u00bb][vc_btn title=\u00bbRecortables\u00bb color=\u00bbpink\u00bb size=\u00bblg\u00bb align=\u00bbcenter\u00bb button_block=\u00bbtrue\u00bb link=\u00bburl:https%3A%2F%2Fdrive.google.com%2Fdrive%2Ffolders%2F1QnvmxLniJTbqSg9VbOc-7ompG0oy137-%3Fusp%3Dsharing\u00bb][\/vc_column][\/vc_row][vc_row][vc_column width=\u00bb1\/3&#8243;][\/vc_column][vc_column width=\u00bb1\/3&#8243;][\/vc_column][vc_column width=\u00bb1\/3&#8243;][\/vc_column][\/vc_row][vc_row][vc_column width=\u00bb1\/3&#8243;][\/vc_column][vc_column width=\u00bb1\/3&#8243;][\/vc_column][vc_column width=\u00bb1\/3&#8243;][\/vc_column][\/vc_row]<\/p>\n","protected":false},"excerpt":{"rendered":"<p>[vc_row][vc_column][vc_empty_space][vc_separator color=\u00bbblue\u00bb border_width=\u00bb10&#8243;][\/vc_column][\/vc_row][vc_row][vc_column width=\u00bb1\/4&#8243;][vc_empty_space][vc_btn title=\u00bbP\u00e1gina principal\u00bb color=\u00bbvista-blue\u00bb size=\u00bblg\u00bb align=\u00bbcenter\u00bb button_block=\u00bbtrue\u00bb link=\u00bburl:https%3A%2F%2Fwww.ull.es%2Fportal%2Fcienciaull%2Fproyectamates%2F\u00bb][\/vc_column][vc_column width=\u00bb1\/4&#8243;][vc_empty_space][vc_btn title=\u00bbDivulgaci\u00f3n\u00bb color=\u00bbwarning\u00bb size=\u00bblg\u00bb align=\u00bbcenter\u00bb button_block=\u00bbtrue\u00bb link=\u00bburl:https%3A%2F%2Fwww.ull.es%2Fportal%2Fcienciaull%2Fdivulgacion-cientifica%2F\u00bb][\/vc_column][vc_column width=\u00bb1\/4&#8243;][vc_empty_space][vc_btn title=\u00bbFormaci\u00f3n\u00bb color=\u00bborange\u00bb size=\u00bblg\u00bb align=\u00bbcenter\u00bb button_block=\u00bbtrue\u00bb link=\u00bburl:https%3A%2F%2Fwww.ull.es%2Fportal%2Fcienciaull%2Fformacion-proyectamates%2F\u00bb][\/vc_column][vc_column width=\u00bb1\/4&#8243;][vc_empty_space][vc_btn title=\u00bbInvestigaci\u00f3n\u00bb color=\u00bbgreen\u00bb size=\u00bblg\u00bb align=\u00bbcenter\u00bb button_block=\u00bbtrue\u00bb link=\u00bburl:https%3A%2F%2Fwww.ull.es%2Fportal%2Fcienciaull%2Finvestigacion-proyectamates%2F\u00bb][\/vc_column][\/vc_row][vc_row][vc_column width=\u00bb2\/3&#8243;][vc_empty_space][vc_custom_heading text=\u00bbMateriales\u00bb google_fonts=\u00bbfont_family:Roboto%20Slab%3A100%2C300%2Cregular%2C700|font_style:700%20bold%20regular%3A700%3Anormal\u00bb css=\u00bb.vc_custom_1672256019824{margin-bottom: 10px !important;border-bottom-width: 10px !important;padding-bottom: 10px !important;}\u00bb][vc_column_text] La \u201cMaleta Matem\u00e1tica\u201d es un conjunto de recursos did\u00e1cticos que ayudar\u00e1n a facilitar&#8230;<\/p>\n","protected":false},"author":56,"featured_media":0,"parent":0,"menu_order":0,"comment_status":"closed","ping_status":"closed","template":"templates\/cienciaull.php","meta":{"inline_featured_image":false,"footnotes":""},"acf":[],"yoast_head":"<!-- This site is optimized with the Yoast SEO plugin v21.3 - https:\/\/yoast.com\/wordpress\/plugins\/seo\/ -->\n<title>Materiales ProyectaMates -<\/title>\n<meta name=\"robots\" content=\"index, follow, max-snippet:-1, max-image-preview:large, max-video-preview:-1\" \/>\n<link rel=\"canonical\" href=\"https:\/\/www.ull.es\/portal\/cienciaull\/materiales-proyectamates\/\" \/>\n<meta property=\"og:locale\" content=\"es_ES\" \/>\n<meta property=\"og:type\" content=\"article\" \/>\n<meta property=\"og:title\" content=\"Materiales ProyectaMates -\" \/>\n<meta property=\"og:description\" content=\"[vc_row][vc_column][vc_empty_space][vc_separator color=\u00bbblue\u00bb border_width=\u00bb10&#8243;][\/vc_column][\/vc_row][vc_row][vc_column width=\u00bb1\/4&#8243;][vc_empty_space][vc_btn title=\u00bbP\u00e1gina principal\u00bb color=\u00bbvista-blue\u00bb size=\u00bblg\u00bb align=\u00bbcenter\u00bb button_block=\u00bbtrue\u00bb link=\u00bburl:https%3A%2F%2Fwww.ull.es%2Fportal%2Fcienciaull%2Fproyectamates%2F\u00bb][\/vc_column][vc_column width=\u00bb1\/4&#8243;][vc_empty_space][vc_btn title=\u00bbDivulgaci\u00f3n\u00bb color=\u00bbwarning\u00bb size=\u00bblg\u00bb align=\u00bbcenter\u00bb button_block=\u00bbtrue\u00bb link=\u00bburl:https%3A%2F%2Fwww.ull.es%2Fportal%2Fcienciaull%2Fdivulgacion-cientifica%2F\u00bb][\/vc_column][vc_column width=\u00bb1\/4&#8243;][vc_empty_space][vc_btn title=\u00bbFormaci\u00f3n\u00bb color=\u00bborange\u00bb size=\u00bblg\u00bb align=\u00bbcenter\u00bb button_block=\u00bbtrue\u00bb link=\u00bburl:https%3A%2F%2Fwww.ull.es%2Fportal%2Fcienciaull%2Fformacion-proyectamates%2F\u00bb][\/vc_column][vc_column width=\u00bb1\/4&#8243;][vc_empty_space][vc_btn title=\u00bbInvestigaci\u00f3n\u00bb color=\u00bbgreen\u00bb size=\u00bblg\u00bb align=\u00bbcenter\u00bb button_block=\u00bbtrue\u00bb link=\u00bburl:https%3A%2F%2Fwww.ull.es%2Fportal%2Fcienciaull%2Finvestigacion-proyectamates%2F\u00bb][\/vc_column][\/vc_row][vc_row][vc_column width=\u00bb2\/3&#8243;][vc_empty_space][vc_custom_heading text=\u00bbMateriales\u00bb google_fonts=\u00bbfont_family:Roboto%20Slab%3A100%2C300%2Cregular%2C700|font_style:700%20bold%20regular%3A700%3Anormal\u00bb css=\u00bb.vc_custom_1672256019824{margin-bottom: 10px !important;border-bottom-width: 10px !important;padding-bottom: 10px !important;}\u00bb][vc_column_text] La \u201cMaleta Matem\u00e1tica\u201d es un conjunto de recursos did\u00e1cticos que ayudar\u00e1n a facilitar...\" \/>\n<meta property=\"og:url\" content=\"https:\/\/www.ull.es\/portal\/cienciaull\/materiales-proyectamates\/\" \/>\n<meta property=\"article:publisher\" content=\"https:\/\/www.facebook.com\/CienciaULL\/\" \/>\n<meta property=\"article:modified_time\" content=\"2022-12-29T08:29:55+00:00\" \/>\n<meta name=\"twitter:card\" content=\"summary_large_image\" \/>\n<meta name=\"twitter:site\" content=\"@CienciaULL\" \/>\n<meta name=\"twitter:label1\" content=\"Tiempo de lectura\" \/>\n\t<meta name=\"twitter:data1\" content=\"2 minutos\" \/>\n<script type=\"application\/ld+json\" class=\"yoast-schema-graph\">{\"@context\":\"https:\/\/schema.org\",\"@graph\":[{\"@type\":\"WebPage\",\"@id\":\"https:\/\/www.ull.es\/portal\/cienciaull\/materiales-proyectamates\/\",\"url\":\"https:\/\/www.ull.es\/portal\/cienciaull\/materiales-proyectamates\/\",\"name\":\"Materiales ProyectaMates -\",\"isPartOf\":{\"@id\":\"https:\/\/www.ull.es\/portal\/cienciaull\/#website\"},\"datePublished\":\"2022-11-10T14:25:57+00:00\",\"dateModified\":\"2022-12-29T08:29:55+00:00\",\"breadcrumb\":{\"@id\":\"https:\/\/www.ull.es\/portal\/cienciaull\/materiales-proyectamates\/#breadcrumb\"},\"inLanguage\":\"es\",\"potentialAction\":[{\"@type\":\"ReadAction\",\"target\":[\"https:\/\/www.ull.es\/portal\/cienciaull\/materiales-proyectamates\/\"]}]},{\"@type\":\"BreadcrumbList\",\"@id\":\"https:\/\/www.ull.es\/portal\/cienciaull\/materiales-proyectamates\/#breadcrumb\",\"itemListElement\":[{\"@type\":\"ListItem\",\"position\":1,\"name\":\"Portada\",\"item\":\"https:\/\/www.ull.es\/portal\/cienciaull\/\"},{\"@type\":\"ListItem\",\"position\":2,\"name\":\"Materiales ProyectaMates\"}]},{\"@type\":\"WebSite\",\"@id\":\"https:\/\/www.ull.es\/portal\/cienciaull\/#website\",\"url\":\"https:\/\/www.ull.es\/portal\/cienciaull\/\",\"name\":\"\",\"description\":\"Unidad de Cultura Cient\u00edfica y de la Innovaci\u00f3n de la Universidad de La Laguna\",\"potentialAction\":[{\"@type\":\"SearchAction\",\"target\":{\"@type\":\"EntryPoint\",\"urlTemplate\":\"https:\/\/www.ull.es\/portal\/cienciaull\/?s={search_term_string}\"},\"query-input\":\"required name=search_term_string\"}],\"inLanguage\":\"es\"}]}<\/script>\n<!-- \/ Yoast SEO plugin. -->","yoast_head_json":{"title":"Materiales ProyectaMates -","robots":{"index":"index","follow":"follow","max-snippet":"max-snippet:-1","max-image-preview":"max-image-preview:large","max-video-preview":"max-video-preview:-1"},"canonical":"https:\/\/www.ull.es\/portal\/cienciaull\/materiales-proyectamates\/","og_locale":"es_ES","og_type":"article","og_title":"Materiales ProyectaMates -","og_description":"[vc_row][vc_column][vc_empty_space][vc_separator color=\u00bbblue\u00bb border_width=\u00bb10&#8243;][\/vc_column][\/vc_row][vc_row][vc_column width=\u00bb1\/4&#8243;][vc_empty_space][vc_btn title=\u00bbP\u00e1gina principal\u00bb color=\u00bbvista-blue\u00bb size=\u00bblg\u00bb align=\u00bbcenter\u00bb button_block=\u00bbtrue\u00bb link=\u00bburl:https%3A%2F%2Fwww.ull.es%2Fportal%2Fcienciaull%2Fproyectamates%2F\u00bb][\/vc_column][vc_column width=\u00bb1\/4&#8243;][vc_empty_space][vc_btn title=\u00bbDivulgaci\u00f3n\u00bb color=\u00bbwarning\u00bb size=\u00bblg\u00bb align=\u00bbcenter\u00bb button_block=\u00bbtrue\u00bb link=\u00bburl:https%3A%2F%2Fwww.ull.es%2Fportal%2Fcienciaull%2Fdivulgacion-cientifica%2F\u00bb][\/vc_column][vc_column width=\u00bb1\/4&#8243;][vc_empty_space][vc_btn title=\u00bbFormaci\u00f3n\u00bb color=\u00bborange\u00bb size=\u00bblg\u00bb align=\u00bbcenter\u00bb button_block=\u00bbtrue\u00bb link=\u00bburl:https%3A%2F%2Fwww.ull.es%2Fportal%2Fcienciaull%2Fformacion-proyectamates%2F\u00bb][\/vc_column][vc_column width=\u00bb1\/4&#8243;][vc_empty_space][vc_btn title=\u00bbInvestigaci\u00f3n\u00bb color=\u00bbgreen\u00bb size=\u00bblg\u00bb align=\u00bbcenter\u00bb button_block=\u00bbtrue\u00bb link=\u00bburl:https%3A%2F%2Fwww.ull.es%2Fportal%2Fcienciaull%2Finvestigacion-proyectamates%2F\u00bb][\/vc_column][\/vc_row][vc_row][vc_column width=\u00bb2\/3&#8243;][vc_empty_space][vc_custom_heading text=\u00bbMateriales\u00bb google_fonts=\u00bbfont_family:Roboto%20Slab%3A100%2C300%2Cregular%2C700|font_style:700%20bold%20regular%3A700%3Anormal\u00bb css=\u00bb.vc_custom_1672256019824{margin-bottom: 10px !important;border-bottom-width: 10px !important;padding-bottom: 10px !important;}\u00bb][vc_column_text] La \u201cMaleta Matem\u00e1tica\u201d es un conjunto de recursos did\u00e1cticos que ayudar\u00e1n a facilitar...","og_url":"https:\/\/www.ull.es\/portal\/cienciaull\/materiales-proyectamates\/","article_publisher":"https:\/\/www.facebook.com\/CienciaULL\/","article_modified_time":"2022-12-29T08:29:55+00:00","twitter_card":"summary_large_image","twitter_site":"@CienciaULL","twitter_misc":{"Tiempo de lectura":"2 minutos"},"schema":{"@context":"https:\/\/schema.org","@graph":[{"@type":"WebPage","@id":"https:\/\/www.ull.es\/portal\/cienciaull\/materiales-proyectamates\/","url":"https:\/\/www.ull.es\/portal\/cienciaull\/materiales-proyectamates\/","name":"Materiales ProyectaMates -","isPartOf":{"@id":"https:\/\/www.ull.es\/portal\/cienciaull\/#website"},"datePublished":"2022-11-10T14:25:57+00:00","dateModified":"2022-12-29T08:29:55+00:00","breadcrumb":{"@id":"https:\/\/www.ull.es\/portal\/cienciaull\/materiales-proyectamates\/#breadcrumb"},"inLanguage":"es","potentialAction":[{"@type":"ReadAction","target":["https:\/\/www.ull.es\/portal\/cienciaull\/materiales-proyectamates\/"]}]},{"@type":"BreadcrumbList","@id":"https:\/\/www.ull.es\/portal\/cienciaull\/materiales-proyectamates\/#breadcrumb","itemListElement":[{"@type":"ListItem","position":1,"name":"Portada","item":"https:\/\/www.ull.es\/portal\/cienciaull\/"},{"@type":"ListItem","position":2,"name":"Materiales ProyectaMates"}]},{"@type":"WebSite","@id":"https:\/\/www.ull.es\/portal\/cienciaull\/#website","url":"https:\/\/www.ull.es\/portal\/cienciaull\/","name":"","description":"Unidad de Cultura Cient\u00edfica y de la Innovaci\u00f3n de la Universidad de La Laguna","potentialAction":[{"@type":"SearchAction","target":{"@type":"EntryPoint","urlTemplate":"https:\/\/www.ull.es\/portal\/cienciaull\/?s={search_term_string}"},"query-input":"required name=search_term_string"}],"inLanguage":"es"}]}},"_links":{"self":[{"href":"https:\/\/www.ull.es\/portal\/cienciaull\/wp-json\/wp\/v2\/pages\/19682"}],"collection":[{"href":"https:\/\/www.ull.es\/portal\/cienciaull\/wp-json\/wp\/v2\/pages"}],"about":[{"href":"https:\/\/www.ull.es\/portal\/cienciaull\/wp-json\/wp\/v2\/types\/page"}],"author":[{"embeddable":true,"href":"https:\/\/www.ull.es\/portal\/cienciaull\/wp-json\/wp\/v2\/users\/56"}],"replies":[{"embeddable":true,"href":"https:\/\/www.ull.es\/portal\/cienciaull\/wp-json\/wp\/v2\/comments?post=19682"}],"version-history":[{"count":23,"href":"https:\/\/www.ull.es\/portal\/cienciaull\/wp-json\/wp\/v2\/pages\/19682\/revisions"}],"predecessor-version":[{"id":20396,"href":"https:\/\/www.ull.es\/portal\/cienciaull\/wp-json\/wp\/v2\/pages\/19682\/revisions\/20396"}],"wp:attachment":[{"href":"https:\/\/www.ull.es\/portal\/cienciaull\/wp-json\/wp\/v2\/media?parent=19682"}],"curies":[{"name":"wp","href":"https:\/\/api.w.org\/{rel}","templated":true}]}}