{"id":19730,"date":"2022-11-11T08:54:43","date_gmt":"2022-11-11T08:54:43","guid":{"rendered":"https:\/\/www.ull.es\/portal\/cienciaull\/?page_id=19730"},"modified":"2024-11-20T11:22:57","modified_gmt":"2024-11-20T11:22:57","slug":"programa-formativo","status":"publish","type":"page","link":"https:\/\/www.ull.es\/portal\/cienciaull\/piensacomputacionaullmente\/programa-formativo\/","title":{"rendered":"Programa Formativo"},"content":{"rendered":"<p>[vc_row][vc_column]\n<div id=\"rev_slider_135_1_wrapper\" class=\"rev_slider_wrapper fullwidthbanner-container\" data-source=\"gallery\" style=\"margin:0px auto;background:transparent;padding:0px;margin-top:0px;margin-bottom:0px;\">\n<!-- START REVOLUTION SLIDER 5.4.7.3 auto mode -->\n\t<div id=\"rev_slider_135_1\" class=\"rev_slider fullwidthabanner\" style=\"display:none;\" data-version=\"5.4.7.3\">\n<ul>\t<!-- SLIDE  -->\n\t<li data-index=\"rs-164\" data-transition=\"fade\" data-slotamount=\"default\" data-hideafterloop=\"0\" data-hideslideonmobile=\"off\"  data-easein=\"default\" data-easeout=\"default\" data-masterspeed=\"300\"  data-rotate=\"0\"  data-saveperformance=\"off\"  data-title=\"Slide\" data-param1=\"\" data-param2=\"\" data-param3=\"\" data-param4=\"\" data-param5=\"\" data-param6=\"\" data-param7=\"\" data-param8=\"\" data-param9=\"\" data-param10=\"\" data-description=\"\">\n\t\t<!-- MAIN IMAGE -->\n\t\t<img src=\"https:\/\/www.ull.es\/portal\/cienciaull\/wp-content\/plugins\/revslider\/admin\/assets\/images\/transparent.png\"  alt=\"\" title=\"piensacompu_banner_web\"  width=\"1600\" height=\"600\" data-bgposition=\"center center\" data-bgfit=\"cover\" data-bgrepeat=\"no-repeat\" class=\"rev-slidebg\" data-no-retina>\n\t\t<!-- LAYERS -->\n\n\t\t<!-- LAYER NR. 1 -->\n\t\t<div class=\"tp-caption   tp-resizeme\" \n\t\t\t id=\"slide-164-layer-3\" \n\t\t\t data-x=\"3\" \n\t\t\t data-y=\"-5\" \n\t\t\t\t\t\tdata-width=\"['none','none','none','none']\"\n\t\t\tdata-height=\"['none','none','none','none']\"\n \n\t\t\tdata-type=\"image\" \n\t\t\tdata-responsive_offset=\"on\" \n\n\t\t\tdata-frames='[{\"delay\":0,\"speed\":300,\"frame\":\"0\",\"from\":\"opacity:0;\",\"to\":\"o:1;\",\"ease\":\"Power3.easeInOut\"},{\"delay\":\"wait\",\"speed\":300,\"frame\":\"999\",\"to\":\"opacity:0;\",\"ease\":\"Power3.easeInOut\"}]'\n\t\t\tdata-textAlign=\"['inherit','inherit','inherit','inherit']\"\n\t\t\tdata-paddingtop=\"[0,0,0,0]\"\n\t\t\tdata-paddingright=\"[0,0,0,0]\"\n\t\t\tdata-paddingbottom=\"[0,0,0,0]\"\n\t\t\tdata-paddingleft=\"[0,0,0,0]\"\n\n\t\t\tstyle=\"z-index: 6;\"><img src=\"https:\/\/www.ull.es\/portal\/cienciaull\/wp-content\/uploads\/sites\/24\/2025\/11\/piensacompu_banner_web.jpg\" alt=\"\" data-ww=\"1600px\" data-hh=\"600px\" width=\"1600\" height=\"600\" data-no-retina> <\/div>\n\t<\/li>\n<\/ul>\n<div class=\"tp-bannertimer tp-bottom\" style=\"visibility: hidden !important;\"><\/div>\t<\/div>\n<script>var htmlDiv = document.getElementById(\"rs-plugin-settings-inline-css\"); var htmlDivCss=\"\";\r\n\t\t\t\tif(htmlDiv) {\r\n\t\t\t\t\thtmlDiv.innerHTML = htmlDiv.innerHTML + htmlDivCss;\r\n\t\t\t\t}else{\r\n\t\t\t\t\tvar htmlDiv = document.createElement(\"div\");\r\n\t\t\t\t\thtmlDiv.innerHTML = \"<style>\" + htmlDivCss + \"<\/style>\";\r\n\t\t\t\t\tdocument.getElementsByTagName(\"head\")[0].appendChild(htmlDiv.childNodes[0]);\r\n\t\t\t\t}\r\n\t\t\t<\/script>\n\t\t<script type=\"text\/javascript\">\r\nif (setREVStartSize!==undefined) setREVStartSize(\r\n\t{c: '#rev_slider_135_1', gridwidth: [1470], gridheight: [600], sliderLayout: 'auto'});\r\n\t\t\t\r\nvar revapi135,\r\n\ttpj;\t\r\n(function() {\t\t\t\r\n\tif (!\/loaded|interactive|complete\/.test(document.readyState)) document.addEventListener(\"DOMContentLoaded\",onLoad); else onLoad();\t\r\n\tfunction onLoad() {\t\t\t\t\r\n\t\tif (tpj===undefined) { tpj = jQuery; if(\"off\" == \"on\") tpj.noConflict();}\r\n\tif(tpj(\"#rev_slider_135_1\").revolution == undefined){\n\t\trevslider_showDoubleJqueryError(\"#rev_slider_135_1\");\n\t}else{\n\t\trevapi135 = tpj(\"#rev_slider_135_1\").show().revolution({\n\t\t\tsliderType:\"hero\",\n\t\t\tjsFileLocation:\"\/\/www.ull.es\/portal\/cienciaull\/wp-content\/plugins\/revslider\/public\/assets\/js\/\",\n\t\t\tsliderLayout:\"auto\",\n\t\t\tdottedOverlay:\"none\",\n\t\t\tdelay:9000,\n\t\t\tvisibilityLevels:[1240,1024,778,480],\n\t\t\tgridwidth:1470,\n\t\t\tgridheight:600,\n\t\t\tlazyType:\"none\",\n\t\t\tshadow:0,\n\t\t\tspinner:\"spinner0\",\n\t\t\tautoHeight:\"off\",\n\t\t\tdisableProgressBar:\"on\",\n\t\t\thideThumbsOnMobile:\"off\",\n\t\t\thideSliderAtLimit:0,\n\t\t\thideCaptionAtLimit:0,\n\t\t\thideAllCaptionAtLilmit:0,\n\t\t\tdebugMode:false,\n\t\t\tfallbacks: {\n\t\t\t\tsimplifyAll:\"off\",\n\t\t\t\tdisableFocusListener:false,\n\t\t\t}\n\t\t});\n\t}; \/* END OF revapi call *\/\n\t\n }; \/* END OF ON LOAD FUNCTION *\/\r\n}()); \/* END OF WRAPPING FUNCTION *\/\r\n<\/script>\r\n\t\t<\/div><!-- END REVOLUTION SLIDER -->[vc_separator color=\u00bbpink\u00bb style=\u00bbdouble\u00bb border_width=\u00bb10&#8243;][\/vc_column][\/vc_row][vc_row][vc_column width=\u00bb1\/3&#8243;][vc_empty_space][vc_btn title=\u00bbInicio\u00bb color=\u00bbblue\u00bb size=\u00bblg\u00bb align=\u00bbcenter\u00bb button_block=\u00bbtrue\u00bb link=\u00bburl:https%3A%2F%2Fwww.ull.es%2Fportal%2Fcienciaull%2Fpiensacomputacionaullmente%2F|title:PiensacomputacionaULLmente\u00bb][vc_btn title=\u00bbInscripci\u00f3n\u00bb color=\u00bbprimary\u00bb size=\u00bblg\u00bb align=\u00bbcenter\u00bb button_block=\u00bbtrue\u00bb link=\u00bburl:https%3A%2F%2Fwww.ull.es%2Fportal%2Fcienciaull%2Fpiensacomputacionaullmente%2Finscripcion%2F|title:Inscripci%C3%B3n\u00bb][\/vc_column][vc_column width=\u00bb1\/3&#8243;][vc_empty_space][vc_btn title=\u00bbProyecto\u00bb color=\u00bbprimary\u00bb size=\u00bblg\u00bb align=\u00bbcenter\u00bb button_block=\u00bbtrue\u00bb link=\u00bburl:https%3A%2F%2Fwww.ull.es%2Fportal%2Fcienciaull%2Fpiensacomputacionaullmente%2Fproyecto%2F|title:Proyecto\u00bb][vc_btn title=\u00bbMateriales\u00bb color=\u00bbturquoise\u00bb size=\u00bblg\u00bb align=\u00bbcenter\u00bb button_block=\u00bbtrue\u00bb link=\u00bburl:https%3A%2F%2Fwww.ull.es%2Fportal%2Fcienciaull%2Fpiensacomputacionaullmente%2Fmateriales%2F|title:Materiales\u00bb][\/vc_column][vc_column width=\u00bb1\/3&#8243;][vc_empty_space][vc_btn title=\u00bbCentros Escolares\u00bb color=\u00bbturquoise\u00bb size=\u00bblg\u00bb align=\u00bbcenter\u00bb button_block=\u00bbtrue\u00bb link=\u00bburl:https%3A%2F%2Fwww.ull.es%2Fportal%2Fcienciaull%2Fpiensacomputacionaullmente%2Fcentros-escolares%2F|title:Centros%20escolares\u00bb][vc_btn title=\u00bbMultimedia\u00bb color=\u00bbblue\u00bb size=\u00bblg\u00bb align=\u00bbcenter\u00bb button_block=\u00bbtrue\u00bb link=\u00bburl:https%3A%2F%2Fwww.ull.es%2Fportal%2Fcienciaull%2Fpiensacomputacionaullmente%2Fmultimedia%2F|title:Multimedia\u00bb][\/vc_column][\/vc_row][vc_row][vc_column][vc_custom_heading text=\u00bbPrograma Formativo Profesorado\u00bb google_fonts=\u00bbfont_family:Roboto%3A100%2C100italic%2C300%2C300italic%2Cregular%2Citalic%2C500%2C500italic%2C700%2C700italic%2C900%2C900italic|font_style:700%20bold%20regular%3A700%3Anormal\u00bb][\/vc_column][\/vc_row][vc_row][vc_column][vc_column_text]Con el fin de que el profesorado disponga de las herramientas y los recursos necesarios sobre Pensamiento Computacional y sobre las Ciencias de la Computaci\u00f3n se impartir\u00e1 un curso formativo de<strong> 30 horas<\/strong> de duraci\u00f3n.<\/p>\n<p>Este curso est\u00e1 dirigido tanto al profesorado en activo como al alumnado de los grados de educaci\u00f3n y pedagog\u00eda y m\u00e1ster de educaci\u00f3n de la Universidad de la Laguna. Tendr\u00e1 car\u00e1cter virtual, a trav\u00e9s de la herramienta\u00a0 Google.meet y del aula virtual de la Fundaci\u00f3n General de la Universidad de La Laguna.[\/vc_column_text][vc_empty_space][vc_btn title=\u00bbAcceso al Aula Virtual del Profesorado\u00bb style=\u00bb3d\u00bb shape=\u00bbround\u00bb color=\u00bbpurple\u00bb align=\u00bbcenter\u00bb link=\u00bburl:https%3A%2F%2Fcampus.fg.ull.es%2Fcourse%2Fview.php%3Fid%3D400002131|title:Acceso%20al%20aula%20virtual%20de%20Profesorado|target:_blank\u00bb][vc_empty_space][\/vc_column][\/vc_row][vc_row][vc_column][vc_column_text css=\u00bb.vc_custom_1732101428379{background-color: #5d91bf !important;border-radius: 10px !important;}\u00bb]<span style=\"color: #ffffff\">\u00a0 \u00a0 \u00a0El programa para este curso ser\u00e1:<\/span><\/p>\n<table>\n<tbody>\n<tr>\n<td width=\"56\"><\/td>\n<td width=\"510\"><span style=\"color: #000000\"><strong>M\u00f3dulo I.<\/strong> Introducci\u00f3n al Pensamiento Computacional : Conceptos, iniciativas y recursos<\/span><\/p>\n<p><span style=\"color: #000000\"><strong>M\u00f3dulo II.<\/strong> Actividades desenchufadas y enchufadas<\/span><\/p>\n<p><span style=\"color: #000000\"><strong>M\u00f3dulo III.<\/strong> Herramientas de IA<\/span><\/td>\n<\/tr>\n<\/tbody>\n<\/table>\n<p>[\/vc_column_text][vc_btn title=\u00bbPrograma Formaci\u00f3n Profesorado 2024\/2025&#8243; style=\u00bb3d\u00bb shape=\u00bbround\u00bb color=\u00bbpurple\u00bb align=\u00bbcenter\u00bb link=\u00bburl:https%3A%2F%2Fdrive.google.com%2Ffile%2Fd%2F1RKJimAVs0jIJ6nQjttFK9ud505UNFno5%2Fview%3Fusp%3Ddrive_link|title:Acceso%20al%20aula%20virtual%20de%20Profesorado|target:_blank\u00bb][\/vc_column][\/vc_row]<\/p>\n","protected":false},"excerpt":{"rendered":"<p>[vc_row][vc_column][vc_separator color=\u00bbpink\u00bb style=\u00bbdouble\u00bb border_width=\u00bb10&#8243;][\/vc_column][\/vc_row][vc_row][vc_column width=\u00bb1\/3&#8243;][vc_empty_space][vc_btn title=\u00bbInicio\u00bb color=\u00bbblue\u00bb size=\u00bblg\u00bb align=\u00bbcenter\u00bb button_block=\u00bbtrue\u00bb link=\u00bburl:https%3A%2F%2Fwww.ull.es%2Fportal%2Fcienciaull%2Fpiensacomputacionaullmente%2F|title:PiensacomputacionaULLmente\u00bb][vc_btn title=\u00bbInscripci\u00f3n\u00bb color=\u00bbprimary\u00bb size=\u00bblg\u00bb align=\u00bbcenter\u00bb button_block=\u00bbtrue\u00bb link=\u00bburl:https%3A%2F%2Fwww.ull.es%2Fportal%2Fcienciaull%2Fpiensacomputacionaullmente%2Finscripcion%2F|title:Inscripci%C3%B3n\u00bb][\/vc_column][vc_column width=\u00bb1\/3&#8243;][vc_empty_space][vc_btn title=\u00bbProyecto\u00bb color=\u00bbprimary\u00bb size=\u00bblg\u00bb align=\u00bbcenter\u00bb button_block=\u00bbtrue\u00bb link=\u00bburl:https%3A%2F%2Fwww.ull.es%2Fportal%2Fcienciaull%2Fpiensacomputacionaullmente%2Fproyecto%2F|title:Proyecto\u00bb][vc_btn title=\u00bbMateriales\u00bb color=\u00bbturquoise\u00bb size=\u00bblg\u00bb align=\u00bbcenter\u00bb button_block=\u00bbtrue\u00bb link=\u00bburl:https%3A%2F%2Fwww.ull.es%2Fportal%2Fcienciaull%2Fpiensacomputacionaullmente%2Fmateriales%2F|title:Materiales\u00bb][\/vc_column][vc_column width=\u00bb1\/3&#8243;][vc_empty_space][vc_btn title=\u00bbCentros Escolares\u00bb color=\u00bbturquoise\u00bb size=\u00bblg\u00bb align=\u00bbcenter\u00bb button_block=\u00bbtrue\u00bb link=\u00bburl:https%3A%2F%2Fwww.ull.es%2Fportal%2Fcienciaull%2Fpiensacomputacionaullmente%2Fcentros-escolares%2F|title:Centros%20escolares\u00bb][vc_btn title=\u00bbMultimedia\u00bb color=\u00bbblue\u00bb size=\u00bblg\u00bb align=\u00bbcenter\u00bb button_block=\u00bbtrue\u00bb link=\u00bburl:https%3A%2F%2Fwww.ull.es%2Fportal%2Fcienciaull%2Fpiensacomputacionaullmente%2Fmultimedia%2F|title:Multimedia\u00bb][\/vc_column][\/vc_row][vc_row][vc_column][vc_custom_heading text=\u00bbPrograma Formativo Profesorado\u00bb google_fonts=\u00bbfont_family:Roboto%3A100%2C100italic%2C300%2C300italic%2Cregular%2Citalic%2C500%2C500italic%2C700%2C700italic%2C900%2C900italic|font_style:700%20bold%20regular%3A700%3Anormal\u00bb][\/vc_column][\/vc_row][vc_row][vc_column][vc_column_text]Con el fin de que el profesorado disponga&#8230;<\/p>\n","protected":false},"author":56,"featured_media":0,"parent":4761,"menu_order":6,"comment_status":"closed","ping_status":"closed","template":"templates\/cienciaull.php","meta":{"inline_featured_image":false,"footnotes":""},"acf":[],"yoast_head":"<!-- This site is optimized with the Yoast SEO plugin v21.3 - https:\/\/yoast.com\/wordpress\/plugins\/seo\/ -->\n<title>Programa Formativo -<\/title>\n<meta name=\"robots\" content=\"index, follow, max-snippet:-1, max-image-preview:large, max-video-preview:-1\" \/>\n<link rel=\"canonical\" href=\"https:\/\/www.ull.es\/portal\/cienciaull\/piensacomputacionaullmente\/programa-formativo\/\" \/>\n<meta property=\"og:locale\" content=\"es_ES\" \/>\n<meta property=\"og:type\" content=\"article\" \/>\n<meta property=\"og:title\" content=\"Programa Formativo -\" \/>\n<meta property=\"og:description\" content=\"[vc_row][vc_column][vc_separator color=\u00bbpink\u00bb style=\u00bbdouble\u00bb border_width=\u00bb10&#8243;][\/vc_column][\/vc_row][vc_row][vc_column width=\u00bb1\/3&#8243;][vc_empty_space][vc_btn title=\u00bbInicio\u00bb color=\u00bbblue\u00bb size=\u00bblg\u00bb align=\u00bbcenter\u00bb button_block=\u00bbtrue\u00bb link=\u00bburl:https%3A%2F%2Fwww.ull.es%2Fportal%2Fcienciaull%2Fpiensacomputacionaullmente%2F|title:PiensacomputacionaULLmente\u00bb][vc_btn title=\u00bbInscripci\u00f3n\u00bb color=\u00bbprimary\u00bb size=\u00bblg\u00bb align=\u00bbcenter\u00bb button_block=\u00bbtrue\u00bb link=\u00bburl:https%3A%2F%2Fwww.ull.es%2Fportal%2Fcienciaull%2Fpiensacomputacionaullmente%2Finscripcion%2F|title:Inscripci%C3%B3n\u00bb][\/vc_column][vc_column width=\u00bb1\/3&#8243;][vc_empty_space][vc_btn title=\u00bbProyecto\u00bb color=\u00bbprimary\u00bb size=\u00bblg\u00bb align=\u00bbcenter\u00bb button_block=\u00bbtrue\u00bb link=\u00bburl:https%3A%2F%2Fwww.ull.es%2Fportal%2Fcienciaull%2Fpiensacomputacionaullmente%2Fproyecto%2F|title:Proyecto\u00bb][vc_btn title=\u00bbMateriales\u00bb color=\u00bbturquoise\u00bb size=\u00bblg\u00bb align=\u00bbcenter\u00bb button_block=\u00bbtrue\u00bb link=\u00bburl:https%3A%2F%2Fwww.ull.es%2Fportal%2Fcienciaull%2Fpiensacomputacionaullmente%2Fmateriales%2F|title:Materiales\u00bb][\/vc_column][vc_column width=\u00bb1\/3&#8243;][vc_empty_space][vc_btn title=\u00bbCentros Escolares\u00bb color=\u00bbturquoise\u00bb size=\u00bblg\u00bb align=\u00bbcenter\u00bb button_block=\u00bbtrue\u00bb link=\u00bburl:https%3A%2F%2Fwww.ull.es%2Fportal%2Fcienciaull%2Fpiensacomputacionaullmente%2Fcentros-escolares%2F|title:Centros%20escolares\u00bb][vc_btn title=\u00bbMultimedia\u00bb color=\u00bbblue\u00bb size=\u00bblg\u00bb align=\u00bbcenter\u00bb button_block=\u00bbtrue\u00bb link=\u00bburl:https%3A%2F%2Fwww.ull.es%2Fportal%2Fcienciaull%2Fpiensacomputacionaullmente%2Fmultimedia%2F|title:Multimedia\u00bb][\/vc_column][\/vc_row][vc_row][vc_column][vc_custom_heading text=\u00bbPrograma Formativo Profesorado\u00bb google_fonts=\u00bbfont_family:Roboto%3A100%2C100italic%2C300%2C300italic%2Cregular%2Citalic%2C500%2C500italic%2C700%2C700italic%2C900%2C900italic|font_style:700%20bold%20regular%3A700%3Anormal\u00bb][\/vc_column][\/vc_row][vc_row][vc_column][vc_column_text]Con el fin de que el profesorado disponga...\" \/>\n<meta property=\"og:url\" content=\"https:\/\/www.ull.es\/portal\/cienciaull\/piensacomputacionaullmente\/programa-formativo\/\" \/>\n<meta property=\"article:publisher\" content=\"https:\/\/www.facebook.com\/CienciaULL\/\" \/>\n<meta property=\"article:modified_time\" content=\"2024-11-20T11:22:57+00:00\" \/>\n<meta name=\"twitter:card\" content=\"summary_large_image\" \/>\n<meta name=\"twitter:site\" content=\"@CienciaULL\" \/>\n<meta name=\"twitter:label1\" content=\"Tiempo de lectura\" \/>\n\t<meta name=\"twitter:data1\" content=\"1 minuto\" \/>\n<script type=\"application\/ld+json\" class=\"yoast-schema-graph\">{\"@context\":\"https:\/\/schema.org\",\"@graph\":[{\"@type\":\"WebPage\",\"@id\":\"https:\/\/www.ull.es\/portal\/cienciaull\/piensacomputacionaullmente\/programa-formativo\/\",\"url\":\"https:\/\/www.ull.es\/portal\/cienciaull\/piensacomputacionaullmente\/programa-formativo\/\",\"name\":\"Programa Formativo -\",\"isPartOf\":{\"@id\":\"https:\/\/www.ull.es\/portal\/cienciaull\/#website\"},\"datePublished\":\"2022-11-11T08:54:43+00:00\",\"dateModified\":\"2024-11-20T11:22:57+00:00\",\"breadcrumb\":{\"@id\":\"https:\/\/www.ull.es\/portal\/cienciaull\/piensacomputacionaullmente\/programa-formativo\/#breadcrumb\"},\"inLanguage\":\"es\",\"potentialAction\":[{\"@type\":\"ReadAction\",\"target\":[\"https:\/\/www.ull.es\/portal\/cienciaull\/piensacomputacionaullmente\/programa-formativo\/\"]}]},{\"@type\":\"BreadcrumbList\",\"@id\":\"https:\/\/www.ull.es\/portal\/cienciaull\/piensacomputacionaullmente\/programa-formativo\/#breadcrumb\",\"itemListElement\":[{\"@type\":\"ListItem\",\"position\":1,\"name\":\"Portada\",\"item\":\"https:\/\/www.ull.es\/portal\/cienciaull\/\"},{\"@type\":\"ListItem\",\"position\":2,\"name\":\"PiensacomputacionULLmente\",\"item\":\"https:\/\/www.ull.es\/portal\/cienciaull\/piensacomputacionaullmente\/\"},{\"@type\":\"ListItem\",\"position\":3,\"name\":\"Programa Formativo\"}]},{\"@type\":\"WebSite\",\"@id\":\"https:\/\/www.ull.es\/portal\/cienciaull\/#website\",\"url\":\"https:\/\/www.ull.es\/portal\/cienciaull\/\",\"name\":\"\",\"description\":\"Unidad de Cultura Cient\u00edfica y de la Innovaci\u00f3n de la Universidad de La Laguna\",\"potentialAction\":[{\"@type\":\"SearchAction\",\"target\":{\"@type\":\"EntryPoint\",\"urlTemplate\":\"https:\/\/www.ull.es\/portal\/cienciaull\/?s={search_term_string}\"},\"query-input\":\"required name=search_term_string\"}],\"inLanguage\":\"es\"}]}<\/script>\n<!-- \/ Yoast SEO plugin. -->","yoast_head_json":{"title":"Programa Formativo -","robots":{"index":"index","follow":"follow","max-snippet":"max-snippet:-1","max-image-preview":"max-image-preview:large","max-video-preview":"max-video-preview:-1"},"canonical":"https:\/\/www.ull.es\/portal\/cienciaull\/piensacomputacionaullmente\/programa-formativo\/","og_locale":"es_ES","og_type":"article","og_title":"Programa Formativo -","og_description":"[vc_row][vc_column][vc_separator color=\u00bbpink\u00bb style=\u00bbdouble\u00bb border_width=\u00bb10&#8243;][\/vc_column][\/vc_row][vc_row][vc_column width=\u00bb1\/3&#8243;][vc_empty_space][vc_btn title=\u00bbInicio\u00bb color=\u00bbblue\u00bb size=\u00bblg\u00bb align=\u00bbcenter\u00bb button_block=\u00bbtrue\u00bb link=\u00bburl:https%3A%2F%2Fwww.ull.es%2Fportal%2Fcienciaull%2Fpiensacomputacionaullmente%2F|title:PiensacomputacionaULLmente\u00bb][vc_btn title=\u00bbInscripci\u00f3n\u00bb color=\u00bbprimary\u00bb size=\u00bblg\u00bb align=\u00bbcenter\u00bb button_block=\u00bbtrue\u00bb link=\u00bburl:https%3A%2F%2Fwww.ull.es%2Fportal%2Fcienciaull%2Fpiensacomputacionaullmente%2Finscripcion%2F|title:Inscripci%C3%B3n\u00bb][\/vc_column][vc_column width=\u00bb1\/3&#8243;][vc_empty_space][vc_btn title=\u00bbProyecto\u00bb color=\u00bbprimary\u00bb size=\u00bblg\u00bb align=\u00bbcenter\u00bb button_block=\u00bbtrue\u00bb link=\u00bburl:https%3A%2F%2Fwww.ull.es%2Fportal%2Fcienciaull%2Fpiensacomputacionaullmente%2Fproyecto%2F|title:Proyecto\u00bb][vc_btn title=\u00bbMateriales\u00bb color=\u00bbturquoise\u00bb size=\u00bblg\u00bb align=\u00bbcenter\u00bb button_block=\u00bbtrue\u00bb link=\u00bburl:https%3A%2F%2Fwww.ull.es%2Fportal%2Fcienciaull%2Fpiensacomputacionaullmente%2Fmateriales%2F|title:Materiales\u00bb][\/vc_column][vc_column width=\u00bb1\/3&#8243;][vc_empty_space][vc_btn title=\u00bbCentros Escolares\u00bb color=\u00bbturquoise\u00bb size=\u00bblg\u00bb align=\u00bbcenter\u00bb button_block=\u00bbtrue\u00bb link=\u00bburl:https%3A%2F%2Fwww.ull.es%2Fportal%2Fcienciaull%2Fpiensacomputacionaullmente%2Fcentros-escolares%2F|title:Centros%20escolares\u00bb][vc_btn title=\u00bbMultimedia\u00bb color=\u00bbblue\u00bb size=\u00bblg\u00bb align=\u00bbcenter\u00bb button_block=\u00bbtrue\u00bb link=\u00bburl:https%3A%2F%2Fwww.ull.es%2Fportal%2Fcienciaull%2Fpiensacomputacionaullmente%2Fmultimedia%2F|title:Multimedia\u00bb][\/vc_column][\/vc_row][vc_row][vc_column][vc_custom_heading text=\u00bbPrograma Formativo Profesorado\u00bb google_fonts=\u00bbfont_family:Roboto%3A100%2C100italic%2C300%2C300italic%2Cregular%2Citalic%2C500%2C500italic%2C700%2C700italic%2C900%2C900italic|font_style:700%20bold%20regular%3A700%3Anormal\u00bb][\/vc_column][\/vc_row][vc_row][vc_column][vc_column_text]Con el fin de que el profesorado disponga...","og_url":"https:\/\/www.ull.es\/portal\/cienciaull\/piensacomputacionaullmente\/programa-formativo\/","article_publisher":"https:\/\/www.facebook.com\/CienciaULL\/","article_modified_time":"2024-11-20T11:22:57+00:00","twitter_card":"summary_large_image","twitter_site":"@CienciaULL","twitter_misc":{"Tiempo de lectura":"1 minuto"},"schema":{"@context":"https:\/\/schema.org","@graph":[{"@type":"WebPage","@id":"https:\/\/www.ull.es\/portal\/cienciaull\/piensacomputacionaullmente\/programa-formativo\/","url":"https:\/\/www.ull.es\/portal\/cienciaull\/piensacomputacionaullmente\/programa-formativo\/","name":"Programa Formativo -","isPartOf":{"@id":"https:\/\/www.ull.es\/portal\/cienciaull\/#website"},"datePublished":"2022-11-11T08:54:43+00:00","dateModified":"2024-11-20T11:22:57+00:00","breadcrumb":{"@id":"https:\/\/www.ull.es\/portal\/cienciaull\/piensacomputacionaullmente\/programa-formativo\/#breadcrumb"},"inLanguage":"es","potentialAction":[{"@type":"ReadAction","target":["https:\/\/www.ull.es\/portal\/cienciaull\/piensacomputacionaullmente\/programa-formativo\/"]}]},{"@type":"BreadcrumbList","@id":"https:\/\/www.ull.es\/portal\/cienciaull\/piensacomputacionaullmente\/programa-formativo\/#breadcrumb","itemListElement":[{"@type":"ListItem","position":1,"name":"Portada","item":"https:\/\/www.ull.es\/portal\/cienciaull\/"},{"@type":"ListItem","position":2,"name":"PiensacomputacionULLmente","item":"https:\/\/www.ull.es\/portal\/cienciaull\/piensacomputacionaullmente\/"},{"@type":"ListItem","position":3,"name":"Programa Formativo"}]},{"@type":"WebSite","@id":"https:\/\/www.ull.es\/portal\/cienciaull\/#website","url":"https:\/\/www.ull.es\/portal\/cienciaull\/","name":"","description":"Unidad de Cultura Cient\u00edfica y de la Innovaci\u00f3n de la Universidad de La Laguna","potentialAction":[{"@type":"SearchAction","target":{"@type":"EntryPoint","urlTemplate":"https:\/\/www.ull.es\/portal\/cienciaull\/?s={search_term_string}"},"query-input":"required name=search_term_string"}],"inLanguage":"es"}]}},"_links":{"self":[{"href":"https:\/\/www.ull.es\/portal\/cienciaull\/wp-json\/wp\/v2\/pages\/19730"}],"collection":[{"href":"https:\/\/www.ull.es\/portal\/cienciaull\/wp-json\/wp\/v2\/pages"}],"about":[{"href":"https:\/\/www.ull.es\/portal\/cienciaull\/wp-json\/wp\/v2\/types\/page"}],"author":[{"embeddable":true,"href":"https:\/\/www.ull.es\/portal\/cienciaull\/wp-json\/wp\/v2\/users\/56"}],"replies":[{"embeddable":true,"href":"https:\/\/www.ull.es\/portal\/cienciaull\/wp-json\/wp\/v2\/comments?post=19730"}],"version-history":[{"count":11,"href":"https:\/\/www.ull.es\/portal\/cienciaull\/wp-json\/wp\/v2\/pages\/19730\/revisions"}],"predecessor-version":[{"id":32024,"href":"https:\/\/www.ull.es\/portal\/cienciaull\/wp-json\/wp\/v2\/pages\/19730\/revisions\/32024"}],"up":[{"embeddable":true,"href":"https:\/\/www.ull.es\/portal\/cienciaull\/wp-json\/wp\/v2\/pages\/4761"}],"wp:attachment":[{"href":"https:\/\/www.ull.es\/portal\/cienciaull\/wp-json\/wp\/v2\/media?parent=19730"}],"curies":[{"name":"wp","href":"https:\/\/api.w.org\/{rel}","templated":true}]}}