{"id":20035,"date":"2022-11-30T12:40:32","date_gmt":"2022-11-30T12:40:32","guid":{"rendered":"https:\/\/www.ull.es\/portal\/cienciaull\/?page_id=20035"},"modified":"2025-07-28T11:56:40","modified_gmt":"2025-07-28T11:56:40","slug":"taller-14-fabricando-la-bombilla-de-edison","status":"publish","type":"page","link":"https:\/\/www.ull.es\/portal\/cienciaull\/laboratorio-virtual-conecta-cienciull\/ciencia-y-tecnologia\/taller-14-fabricando-la-bombilla-de-edison\/","title":{"rendered":"Taller 14. \u00abFabricando la bombilla de Edison\u00bb"},"content":{"rendered":"<p>[vc_row][vc_column][vc_custom_heading source=\u00bbpost_title\u00bb font_container=\u00bbtag:h2|text_align:left|color:%23dd9933&#8243; google_fonts=\u00bbfont_family:Roboto%20Slab%3A100%2C300%2Cregular%2C700|font_style:700%20bold%20regular%3A700%3Anormal\u00bb][vc_video link=\u00bbhttps:\/\/youtu.be\/XoZSk2ktdXA\u00bb][vc_empty_space][vc_column_text]<\/p>\n<table style=\"height: 31px\" width=\"969\">\n<tbody>\n<tr>\n<td width=\"118\"><strong>Breve descripci\u00f3n<\/strong><\/td>\n<\/tr>\n<tr>\n<td style=\"text-align: justify\">Este taller deber\u00e1 realizarse bajo la supervisi\u00f3n de un adulto.<\/p>\n<p>En este taller <strong>se aprender\u00e1 a generar luz de una manera muy sencilla y con materiales reciclados<\/strong>, siguiendo un dise\u00f1o similar al de Thomas Alva Edison y Joseph Wilson Swan en el siglo XIX.<\/td>\n<\/tr>\n<\/tbody>\n<\/table>\n<p>[\/vc_column_text][vc_column_text]<\/p>\n<table style=\"height: 92px\" width=\"653\">\n<tbody>\n<tr>\n<td width=\"152\"><strong>Publico al que se dirige<\/strong><\/td>\n<td width=\"80\"><strong>Duraci\u00f3n<\/strong><\/td>\n<\/tr>\n<tr>\n<td>Alumnado de ESO y Bachillerato<\/td>\n<td>30 minutos<\/td>\n<\/tr>\n<\/tbody>\n<\/table>\n<p>[\/vc_column_text][vc_column_text]<\/p>\n<table style=\"height: 116px\" width=\"367\">\n<tbody>\n<tr>\n<td width=\"152\"><strong>Materiales y recursos<\/strong><\/td>\n<\/tr>\n<tr>\n<td>\n<ul>\n<li style=\"text-align: justify\">1 frasco de cristal reciclado con abertura ancha. Por ejemplo: frascos de pimientos, aceitunas, Nutella o similar.<\/li>\n<li style=\"text-align: justify\">Cinta adhesiva y\/o americana<\/li>\n<li style=\"text-align: justify\">Alicates, tijeras, taladro (o algo para hacer agujero)<\/li>\n<li style=\"text-align: justify\">Fuente de alimentaci\u00f3n de un PC viejo<\/li>\n<li style=\"text-align: justify\">Alambre<\/li>\n<li style=\"text-align: justify\">Mina de portaminas<\/li>\n<li style=\"text-align: justify\">Estropajo de aceros o \u201cnanas\u201d<\/li>\n<\/ul>\n<\/td>\n<\/tr>\n<\/tbody>\n<\/table>\n<p>[\/vc_column_text][vc_column_text]<\/p>\n<table style=\"height: 71px\" width=\"390\">\n<tbody>\n<tr>\n<td width=\"152\"><strong>Investigador<\/strong><\/td>\n<td width=\"152\">\u00a0Joshua Barrios P\u00e9rez<\/td>\n<\/tr>\n<tr>\n<td><strong>Departamento<\/strong><\/td>\n<td>TEIDESAT<\/td>\n<\/tr>\n<\/tbody>\n<\/table>\n<p>[\/vc_column_text][vc_empty_space][vc_btn title=\u00bbDescargar ficha del taller\u00bb color=\u00bborange\u00bb align=\u00bbcenter\u00bb link=\u00bburl:https%3A%2F%2Fdrive.google.com%2Ffile%2Fd%2F1NqZWglV7PR-rcHAaEfjQCvyEAN0OjkXN%2Fview%3Fusp%3Dsharing|target:_blank\u00bb][\/vc_column][\/vc_row]<\/p>\n","protected":false},"excerpt":{"rendered":"<p>[vc_row][vc_column][vc_custom_heading source=\u00bbpost_title\u00bb font_container=\u00bbtag:h2|text_align:left|color:%23dd9933&#8243; google_fonts=\u00bbfont_family:Roboto%20Slab%3A100%2C300%2Cregular%2C700|font_style:700%20bold%20regular%3A700%3Anormal\u00bb][vc_video link=\u00bbhttps:\/\/youtu.be\/XoZSk2ktdXA\u00bb][vc_empty_space][vc_column_text] Breve descripci\u00f3n Este taller deber\u00e1 realizarse bajo la supervisi\u00f3n de un adulto. En este taller se aprender\u00e1 a generar luz de una manera muy sencilla y con materiales reciclados, siguiendo un dise\u00f1o similar al de Thomas Alva Edison y Joseph Wilson Swan en el siglo XIX. [\/vc_column_text][vc_column_text] Publico al que&#8230;<\/p>\n","protected":false},"author":56,"featured_media":0,"parent":27036,"menu_order":14,"comment_status":"closed","ping_status":"closed","template":"","meta":{"inline_featured_image":false,"footnotes":""},"acf":[],"yoast_head":"<!-- This site is optimized with the Yoast SEO plugin v21.3 - https:\/\/yoast.com\/wordpress\/plugins\/seo\/ -->\n<title>Taller 14. \u00abFabricando la bombilla de Edison\u00bb -<\/title>\n<meta name=\"robots\" content=\"index, follow, max-snippet:-1, max-image-preview:large, max-video-preview:-1\" \/>\n<link rel=\"canonical\" href=\"https:\/\/www.ull.es\/portal\/cienciaull\/laboratorio-virtual-conecta-cienciull\/ciencia-y-tecnologia\/taller-14-fabricando-la-bombilla-de-edison\/\" \/>\n<meta property=\"og:locale\" content=\"es_ES\" \/>\n<meta property=\"og:type\" content=\"article\" \/>\n<meta property=\"og:title\" content=\"Taller 14. \u00abFabricando la bombilla de Edison\u00bb -\" \/>\n<meta property=\"og:description\" content=\"[vc_row][vc_column][vc_custom_heading source=\u00bbpost_title\u00bb font_container=\u00bbtag:h2|text_align:left|color:%23dd9933&#8243; google_fonts=\u00bbfont_family:Roboto%20Slab%3A100%2C300%2Cregular%2C700|font_style:700%20bold%20regular%3A700%3Anormal\u00bb][vc_video link=\u00bbhttps:\/\/youtu.be\/XoZSk2ktdXA\u00bb][vc_empty_space][vc_column_text] Breve descripci\u00f3n Este taller deber\u00e1 realizarse bajo la supervisi\u00f3n de un adulto. En este taller se aprender\u00e1 a generar luz de una manera muy sencilla y con materiales reciclados, siguiendo un dise\u00f1o similar al de Thomas Alva Edison y Joseph Wilson Swan en el siglo XIX. [\/vc_column_text][vc_column_text] Publico al que...\" \/>\n<meta property=\"og:url\" content=\"https:\/\/www.ull.es\/portal\/cienciaull\/laboratorio-virtual-conecta-cienciull\/ciencia-y-tecnologia\/taller-14-fabricando-la-bombilla-de-edison\/\" \/>\n<meta property=\"article:publisher\" content=\"https:\/\/www.facebook.com\/CienciaULL\/\" \/>\n<meta property=\"article:modified_time\" content=\"2025-07-28T11:56:40+00:00\" \/>\n<meta name=\"twitter:card\" content=\"summary_large_image\" \/>\n<meta name=\"twitter:site\" content=\"@CienciaULL\" \/>\n<meta name=\"twitter:label1\" content=\"Tiempo de lectura\" \/>\n\t<meta name=\"twitter:data1\" content=\"1 minuto\" \/>\n<script type=\"application\/ld+json\" class=\"yoast-schema-graph\">{\"@context\":\"https:\/\/schema.org\",\"@graph\":[{\"@type\":\"WebPage\",\"@id\":\"https:\/\/www.ull.es\/portal\/cienciaull\/laboratorio-virtual-conecta-cienciull\/ciencia-y-tecnologia\/taller-14-fabricando-la-bombilla-de-edison\/\",\"url\":\"https:\/\/www.ull.es\/portal\/cienciaull\/laboratorio-virtual-conecta-cienciull\/ciencia-y-tecnologia\/taller-14-fabricando-la-bombilla-de-edison\/\",\"name\":\"Taller 14. \u00abFabricando la bombilla de Edison\u00bb -\",\"isPartOf\":{\"@id\":\"https:\/\/www.ull.es\/portal\/cienciaull\/#website\"},\"datePublished\":\"2022-11-30T12:40:32+00:00\",\"dateModified\":\"2025-07-28T11:56:40+00:00\",\"breadcrumb\":{\"@id\":\"https:\/\/www.ull.es\/portal\/cienciaull\/laboratorio-virtual-conecta-cienciull\/ciencia-y-tecnologia\/taller-14-fabricando-la-bombilla-de-edison\/#breadcrumb\"},\"inLanguage\":\"es\",\"potentialAction\":[{\"@type\":\"ReadAction\",\"target\":[\"https:\/\/www.ull.es\/portal\/cienciaull\/laboratorio-virtual-conecta-cienciull\/ciencia-y-tecnologia\/taller-14-fabricando-la-bombilla-de-edison\/\"]}]},{\"@type\":\"BreadcrumbList\",\"@id\":\"https:\/\/www.ull.es\/portal\/cienciaull\/laboratorio-virtual-conecta-cienciull\/ciencia-y-tecnologia\/taller-14-fabricando-la-bombilla-de-edison\/#breadcrumb\",\"itemListElement\":[{\"@type\":\"ListItem\",\"position\":1,\"name\":\"Portada\",\"item\":\"https:\/\/www.ull.es\/portal\/cienciaull\/\"},{\"@type\":\"ListItem\",\"position\":2,\"name\":\"Laboratorio Virtual Conecta Cienci@ULL\",\"item\":\"https:\/\/www.ull.es\/portal\/cienciaull\/laboratorio-virtual-conecta-cienciull\/\"},{\"@type\":\"ListItem\",\"position\":3,\"name\":\"Ciencia y Tecnolog\u00eda\",\"item\":\"https:\/\/www.ull.es\/portal\/cienciaull\/laboratorio-virtual-conecta-cienciull\/ciencia-y-tecnologia\/\"},{\"@type\":\"ListItem\",\"position\":4,\"name\":\"Taller 14. \u00abFabricando la bombilla de Edison\u00bb\"}]},{\"@type\":\"WebSite\",\"@id\":\"https:\/\/www.ull.es\/portal\/cienciaull\/#website\",\"url\":\"https:\/\/www.ull.es\/portal\/cienciaull\/\",\"name\":\"\",\"description\":\"Unidad de Cultura Cient\u00edfica y de la Innovaci\u00f3n de la Universidad de La Laguna\",\"potentialAction\":[{\"@type\":\"SearchAction\",\"target\":{\"@type\":\"EntryPoint\",\"urlTemplate\":\"https:\/\/www.ull.es\/portal\/cienciaull\/?s={search_term_string}\"},\"query-input\":\"required name=search_term_string\"}],\"inLanguage\":\"es\"}]}<\/script>\n<!-- \/ Yoast SEO plugin. -->","yoast_head_json":{"title":"Taller 14. \u00abFabricando la bombilla de Edison\u00bb -","robots":{"index":"index","follow":"follow","max-snippet":"max-snippet:-1","max-image-preview":"max-image-preview:large","max-video-preview":"max-video-preview:-1"},"canonical":"https:\/\/www.ull.es\/portal\/cienciaull\/laboratorio-virtual-conecta-cienciull\/ciencia-y-tecnologia\/taller-14-fabricando-la-bombilla-de-edison\/","og_locale":"es_ES","og_type":"article","og_title":"Taller 14. \u00abFabricando la bombilla de Edison\u00bb -","og_description":"[vc_row][vc_column][vc_custom_heading source=\u00bbpost_title\u00bb font_container=\u00bbtag:h2|text_align:left|color:%23dd9933&#8243; google_fonts=\u00bbfont_family:Roboto%20Slab%3A100%2C300%2Cregular%2C700|font_style:700%20bold%20regular%3A700%3Anormal\u00bb][vc_video link=\u00bbhttps:\/\/youtu.be\/XoZSk2ktdXA\u00bb][vc_empty_space][vc_column_text] Breve descripci\u00f3n Este taller deber\u00e1 realizarse bajo la supervisi\u00f3n de un adulto. En este taller se aprender\u00e1 a generar luz de una manera muy sencilla y con materiales reciclados, siguiendo un dise\u00f1o similar al de Thomas Alva Edison y Joseph Wilson Swan en el siglo XIX. [\/vc_column_text][vc_column_text] Publico al que...","og_url":"https:\/\/www.ull.es\/portal\/cienciaull\/laboratorio-virtual-conecta-cienciull\/ciencia-y-tecnologia\/taller-14-fabricando-la-bombilla-de-edison\/","article_publisher":"https:\/\/www.facebook.com\/CienciaULL\/","article_modified_time":"2025-07-28T11:56:40+00:00","twitter_card":"summary_large_image","twitter_site":"@CienciaULL","twitter_misc":{"Tiempo de lectura":"1 minuto"},"schema":{"@context":"https:\/\/schema.org","@graph":[{"@type":"WebPage","@id":"https:\/\/www.ull.es\/portal\/cienciaull\/laboratorio-virtual-conecta-cienciull\/ciencia-y-tecnologia\/taller-14-fabricando-la-bombilla-de-edison\/","url":"https:\/\/www.ull.es\/portal\/cienciaull\/laboratorio-virtual-conecta-cienciull\/ciencia-y-tecnologia\/taller-14-fabricando-la-bombilla-de-edison\/","name":"Taller 14. \u00abFabricando la bombilla de Edison\u00bb -","isPartOf":{"@id":"https:\/\/www.ull.es\/portal\/cienciaull\/#website"},"datePublished":"2022-11-30T12:40:32+00:00","dateModified":"2025-07-28T11:56:40+00:00","breadcrumb":{"@id":"https:\/\/www.ull.es\/portal\/cienciaull\/laboratorio-virtual-conecta-cienciull\/ciencia-y-tecnologia\/taller-14-fabricando-la-bombilla-de-edison\/#breadcrumb"},"inLanguage":"es","potentialAction":[{"@type":"ReadAction","target":["https:\/\/www.ull.es\/portal\/cienciaull\/laboratorio-virtual-conecta-cienciull\/ciencia-y-tecnologia\/taller-14-fabricando-la-bombilla-de-edison\/"]}]},{"@type":"BreadcrumbList","@id":"https:\/\/www.ull.es\/portal\/cienciaull\/laboratorio-virtual-conecta-cienciull\/ciencia-y-tecnologia\/taller-14-fabricando-la-bombilla-de-edison\/#breadcrumb","itemListElement":[{"@type":"ListItem","position":1,"name":"Portada","item":"https:\/\/www.ull.es\/portal\/cienciaull\/"},{"@type":"ListItem","position":2,"name":"Laboratorio Virtual Conecta Cienci@ULL","item":"https:\/\/www.ull.es\/portal\/cienciaull\/laboratorio-virtual-conecta-cienciull\/"},{"@type":"ListItem","position":3,"name":"Ciencia y Tecnolog\u00eda","item":"https:\/\/www.ull.es\/portal\/cienciaull\/laboratorio-virtual-conecta-cienciull\/ciencia-y-tecnologia\/"},{"@type":"ListItem","position":4,"name":"Taller 14. \u00abFabricando la bombilla de Edison\u00bb"}]},{"@type":"WebSite","@id":"https:\/\/www.ull.es\/portal\/cienciaull\/#website","url":"https:\/\/www.ull.es\/portal\/cienciaull\/","name":"","description":"Unidad de Cultura Cient\u00edfica y de la Innovaci\u00f3n de la Universidad de La Laguna","potentialAction":[{"@type":"SearchAction","target":{"@type":"EntryPoint","urlTemplate":"https:\/\/www.ull.es\/portal\/cienciaull\/?s={search_term_string}"},"query-input":"required name=search_term_string"}],"inLanguage":"es"}]}},"_links":{"self":[{"href":"https:\/\/www.ull.es\/portal\/cienciaull\/wp-json\/wp\/v2\/pages\/20035"}],"collection":[{"href":"https:\/\/www.ull.es\/portal\/cienciaull\/wp-json\/wp\/v2\/pages"}],"about":[{"href":"https:\/\/www.ull.es\/portal\/cienciaull\/wp-json\/wp\/v2\/types\/page"}],"author":[{"embeddable":true,"href":"https:\/\/www.ull.es\/portal\/cienciaull\/wp-json\/wp\/v2\/users\/56"}],"replies":[{"embeddable":true,"href":"https:\/\/www.ull.es\/portal\/cienciaull\/wp-json\/wp\/v2\/comments?post=20035"}],"version-history":[{"count":12,"href":"https:\/\/www.ull.es\/portal\/cienciaull\/wp-json\/wp\/v2\/pages\/20035\/revisions"}],"predecessor-version":[{"id":20638,"href":"https:\/\/www.ull.es\/portal\/cienciaull\/wp-json\/wp\/v2\/pages\/20035\/revisions\/20638"}],"up":[{"embeddable":true,"href":"https:\/\/www.ull.es\/portal\/cienciaull\/wp-json\/wp\/v2\/pages\/27036"}],"wp:attachment":[{"href":"https:\/\/www.ull.es\/portal\/cienciaull\/wp-json\/wp\/v2\/media?parent=20035"}],"curies":[{"name":"wp","href":"https:\/\/api.w.org\/{rel}","templated":true}]}}