{"id":20423,"date":"2025-10-01T12:39:00","date_gmt":"2025-10-01T12:39:00","guid":{"rendered":"https:\/\/www.ull.es\/portal\/cienciaull\/?page_id=20423"},"modified":"2025-10-01T12:39:00","modified_gmt":"2025-10-01T12:39:00","slug":"temporada-2023","status":"publish","type":"page","link":"https:\/\/www.ull.es\/portal\/cienciaull\/doblehelice3-0\/temporada-2023\/","title":{"rendered":"Temporada 2023"},"content":{"rendered":"<p>[vc_row][vc_column][vc_custom_heading text=\u00bbTemporada 2023&#8243; google_fonts=\u00bbfont_family:Roboto%20Slab%3A100%2C300%2Cregular%2C700|font_style:700%20bold%20regular%3A700%3Anormal\u00bb css=\u00bb.vc_custom_1673514631307{margin-bottom: 5px !important;border-bottom-width: 5px !important;padding-bottom: 5px !important;}\u00bb][vc_column_text]A continuaci\u00f3n se recoge los programas realizados durante la <strong>temporada 2023:<\/strong>[\/vc_column_text][\/vc_column][\/vc_row][vc_row][vc_column][vc_column_text]<\/p>\n<table width=\"1030\">\n<tbody>\n<tr>\n<td width=\"18\"><strong>\u00a0<\/strong><\/td>\n<td width=\"44\"><strong>\u00a0<\/strong><\/td>\n<td width=\"301\"><strong>Programa<\/strong><\/td>\n<td width=\"666\"><strong>Invitado\/a<\/strong><\/td>\n<\/tr>\n<tr>\n<td width=\"18\"><strong>\u00a0<\/strong><\/td>\n<td width=\"44\"><strong>01<\/strong><\/td>\n<td width=\"301\"><a href=\"https:\/\/www.ivoox.com\/lo-mejor-ciencia-2022-audios-mp3_rf_101152718_1.html\" target=\"_blank\" rel=\"noopener\"><b>Lo mejor de la ciencia en 2022<\/b><\/a><\/td>\n<td width=\"666\">Guido Santos Rosales<\/td>\n<\/tr>\n<tr>\n<td width=\"18\"><strong>\u00a0<\/strong><\/td>\n<td width=\"44\"><strong>02<\/strong><\/td>\n<td width=\"301\"><a href=\"https:\/\/www.ivoox.com\/computacion-cuantica-audios-mp3_rf_101518842_1.html\" target=\"_blank\" rel=\"noopener\"><b>Computaci\u00f3n cu\u00e1ntica<\/b><\/a><\/td>\n<td width=\"666\">Daniel Alonso Ram\u00edrez<\/td>\n<\/tr>\n<tr>\n<td width=\"18\"><strong>\u00a0<\/strong><\/td>\n<td width=\"44\"><strong>03<\/strong><\/td>\n<td width=\"301\"><a href=\"https:\/\/www.ivoox.com\/que-esta-pasando-nucleo-la-audios-mp3_rf_102294309_1.html\" target=\"_blank\" rel=\"noopener\"><b>\u00bfQu\u00e9 est\u00e1 pasando en el n\u00facleo de la Tierra?<\/b><\/a><\/td>\n<td width=\"666\">Antonio Eff-Darwich Pe\u00f1a<\/td>\n<\/tr>\n<tr>\n<td width=\"18\"><strong>\u00a0<\/strong><\/td>\n<td width=\"44\"><strong>04<\/strong><\/td>\n<td width=\"301\"><a href=\"https:\/\/www.ivoox.com\/motores-como-hacer-vehiculos-electricos-desde-cero-audios-mp3_rf_102610031_1.html\" target=\"_blank\" rel=\"noopener\"><b>Motores y c\u00f3mo hacer veh\u00edculos el\u00e9ctricos desde cero<\/b><\/a><\/td>\n<td width=\"666\">Carmelo Militello y Ar\u00f3n Cabrera<\/td>\n<\/tr>\n<tr>\n<td width=\"18\"><\/td>\n<td width=\"44\"><strong>05<\/strong><\/td>\n<td width=\"301\"><a href=\"https:\/\/www.ivoox.com\/especies-exoticas-invaden-montanas-audios-mp3_rf_102976689_1.html\" target=\"_blank\" rel=\"noopener\"><b>Las especies ex\u00f3ticas invaden las monta\u00f1as<\/b><\/a><\/td>\n<td width=\"666\">Jos\u00e9 Ram\u00f3n Ar\u00e9valo Sierra<\/td>\n<\/tr>\n<tr>\n<td width=\"18\"><strong>\u00a0<\/strong><\/td>\n<td width=\"44\"><strong>06<\/strong><\/td>\n<td width=\"301\"><a href=\"https:\/\/www.ivoox.com\/horizonte-energetico-papel-la-audios-mp3_rf_103261218_1.html\" target=\"_blank\" rel=\"noopener\"><b>El horizonte energ\u00e9tico y el papel de la energ\u00eda fotovoltaica<\/b><\/a><\/td>\n<td width=\"666\">Benjam\u00edn Gonz\u00e1lez D\u00edaz<\/td>\n<\/tr>\n<tr>\n<td width=\"18\"><strong>\u00a0<\/strong><\/td>\n<td width=\"44\"><strong>07<\/strong><\/td>\n<td width=\"301\"><a href=\"https:\/\/www.ivoox.com\/sonido-contamina-oceanos-audios-mp3_rf_103611988_1.html\" target=\"_blank\" rel=\"noopener\"><b>El sonido contamina los oc\u00e9anos<\/b><\/a><\/td>\n<td width=\"666\">Fernando Luis Rosa Gonz\u00e1lez<\/td>\n<\/tr>\n<tr>\n<td width=\"18\"><\/td>\n<td width=\"44\"><strong>08<\/strong><\/td>\n<td width=\"301\"><a href=\"https:\/\/www.ivoox.com\/cerebro-lenguaje-nuestro-cuerpo-audios-mp3_rf_103945207_1.html\" target=\"_blank\" rel=\"noopener\"><b>El cerebro, el lenguaje y nuestro cuerpo<\/b><\/a><\/td>\n<td width=\"666\">Manuel de Vega Rodr\u00edguez y Hip\u00f3lito Marrero Hern\u00e1ndez<\/td>\n<\/tr>\n<tr>\n<td width=\"18\"><\/td>\n<td width=\"44\"><strong>09<\/strong><\/td>\n<td width=\"301\"><a href=\"https:\/\/www.ivoox.com\/guanches-sus-memorias-audios-mp3_rf_104320357_1.html\" target=\"_blank\" rel=\"noopener\"><b>Los Guanches y sus memorias<\/b><\/a><\/td>\n<td width=\"666\">Jos\u00e9 Farrujia de la Rosa<\/td>\n<\/tr>\n<tr>\n<td width=\"18\"><\/td>\n<td width=\"44\"><strong>10<\/strong><\/td>\n<td width=\"301\"><a href=\"https:\/\/www.ivoox.com\/inteligencia-artificial-diagnostico-enfermedades-audios-mp3_rf_104752760_1.html\" target=\"_blank\" rel=\"noopener\"><strong>La inteligencia Artificial y el diagn\u00f3stico de enfermedades<\/strong><\/a><\/td>\n<td width=\"666\">Eduardo Salido Ru\u00edz y Carlos Westendorp<\/td>\n<\/tr>\n<tr>\n<td width=\"18\"><\/td>\n<td width=\"44\"><strong>11<\/strong><\/td>\n<td width=\"301\"><a href=\"https:\/\/www.ivoox.com\/numero-pi-estrella-matematicas-audios-mp3_rf_105118602_1.html\" target=\"_blank\" rel=\"noopener\"><strong>El n\u00famero Pi, la estrella de las matem\u00e1ticas<\/strong><\/a><\/td>\n<td width=\"666\">Edith Padr\u00f3n Fern\u00e1ndez<\/td>\n<\/tr>\n<tr>\n<td width=\"18\"><\/td>\n<td width=\"44\"><strong>12<\/strong><\/td>\n<td width=\"301\"><a href=\"https:\/\/www.ivoox.com\/galaxias-audios-mp3_rf_105492405_1.html\" target=\"_blank\" rel=\"noopener\"><strong>Galaxias<\/strong><\/a><\/td>\n<td width=\"666\">Arianna Di Cintio<\/td>\n<\/tr>\n<tr>\n<td width=\"18\"><\/td>\n<td width=\"44\"><strong>13<\/strong><\/td>\n<td width=\"301\"><a href=\"https:\/\/www.ivoox.com\/microplasticos-hasta-sopa-audios-mp3_rf_106001165_1.html\" target=\"_blank\" rel=\"noopener\"><b>Micropl\u00e1sticos hasta en la sopa<\/b><\/a><\/td>\n<td width=\"666\">Javier Hern\u00e1ndez Borges<\/td>\n<\/tr>\n<tr>\n<td width=\"18\"><strong>\u00a0<\/strong><\/td>\n<td width=\"44\"><strong>14<\/strong><\/td>\n<td width=\"301\"><a href=\"https:\/\/www.ivoox.com\/luces-sombras-inteligencia-artificial-audios-mp3_rf_106338359_1.html\" target=\"_blank\" rel=\"noopener\"><b>Luces y sombras de la Inteligencia Artificial<\/b><\/a><\/td>\n<td width=\"666\">Jos\u00e9 Marcos Moreno Vega<\/td>\n<\/tr>\n<tr>\n<td width=\"18\"><\/td>\n<td width=\"44\"><strong>15<\/strong><\/td>\n<td width=\"301\"><a href=\"https:\/\/www.ivoox.com\/geoturismo-potencial-volcanes-audios-mp3_rf_106903847_1.html\" target=\"_blank\" rel=\"noopener\"><b>Geoturismo, el potencial de los volcanes<\/b><\/a><\/td>\n<td width=\"666\">Javier D\u00f3niz P\u00e1ez<\/td>\n<\/tr>\n<tr>\n<td width=\"18\"><\/td>\n<td width=\"44\"><strong>16<\/strong><\/td>\n<td width=\"301\"><a href=\"https:\/\/www.ivoox.com\/pensando-azul-audios-mp3_rf_106906872_1.html\" target=\"_blank\" rel=\"noopener\"><b>Pensando en azul<\/b><\/a><\/td>\n<td width=\"666\">Jos\u00e9 Antonio P\u00e9rez P\u00e9rez<\/td>\n<\/tr>\n<tr>\n<td width=\"18\"><\/td>\n<td width=\"44\"><strong>17<\/strong><\/td>\n<td width=\"301\"><a href=\"https:\/\/www.ivoox.com\/agricultura-gran-consumidora-agua-audios-mp3_rf_108305383_1.html\" target=\"_blank\" rel=\"noopener\"><b>Agricultura, la gran consumidora de agua<\/b><\/a><\/td>\n<td width=\"666\">Noelia Cruz P\u00e9rez<\/td>\n<\/tr>\n<tr>\n<td width=\"18\"><\/td>\n<td width=\"44\"><strong>18<\/strong><\/td>\n<td width=\"301\"><a href=\"https:\/\/www.ivoox.com\/avance-desiertos-audios-mp3_rf_108304520_1.html\" target=\"_blank\" rel=\"noopener\"><b>El avance de los desiertos<\/b><\/a><\/td>\n<td width=\"666\">Marisa Tejedor Salguero<\/td>\n<\/tr>\n<tr>\n<td width=\"18\"><\/td>\n<td width=\"44\"><strong>19<\/strong><\/td>\n<td width=\"301\"><a href=\"https:\/\/www.ivoox.com\/problemas-eticos-inteligencia-artificial-audios-mp3_rf_107619906_1.html\" target=\"_blank\" rel=\"noopener\"><b>Problemas \u00e9ticos de la inteligencia Artificial<\/b><\/a><\/td>\n<td width=\"666\">Manuel Liz Guti\u00e9rrez<\/td>\n<\/tr>\n<tr>\n<td width=\"18\"><\/td>\n<td width=\"44\"><strong>20<\/strong><\/td>\n<td width=\"301\"><a href=\"https:\/\/www.ivoox.com\/consumo-cannabis-salud-audios-mp3_rf_107620065_1.html\" target=\"_blank\" rel=\"noopener\"><b>El consumo de cannabis y la salud<\/b><\/a><\/td>\n<td width=\"666\">Guillermo Burillo Putze<\/td>\n<\/tr>\n<tr>\n<td width=\"18\"><\/td>\n<td width=\"44\"><strong>21<\/strong><\/td>\n<td width=\"301\"><a href=\"https:\/\/www.ivoox.com\/raices-geneticas-del-asma-audios-mp3_rf_109985502_1.html\" target=\"_blank\" rel=\"noopener\"><b>Las ra\u00edces gen\u00e9ticas del asma<\/b><\/a><\/td>\n<td width=\"666\">Fabi\u00e1n Lorenzo D\u00edaz y Javier P\u00e9rez Garc\u00eda<\/td>\n<\/tr>\n<tr>\n<td width=\"18\"><\/td>\n<td width=\"44\"><strong>22<\/strong><\/td>\n<td width=\"301\"><a href=\"https:\/\/www.ivoox.com\/pornografia-trafico-personas-prostitucion-audios-mp3_rf_110896136_1.html\" target=\"_blank\" rel=\"noopener\"><b>Pornograf\u00eda, tr\u00e1fico de personas y prostituci\u00f3n<\/b><\/a><\/td>\n<td width=\"666\">Esther Torrado Mart\u00edn-Palomino<\/td>\n<\/tr>\n<tr>\n<td width=\"18\"><\/td>\n<td width=\"44\"><strong>23<\/strong><\/td>\n<td width=\"301\"><a href=\"https:\/\/www.ivoox.com\/astronomia-para-conocer-pasado-audios-mp3_rf_111164616_1.html\" target=\"_blank\" rel=\"noopener\"><b>La Astronom\u00eda para conocer el pasado<\/b><\/a><\/td>\n<td width=\"666\">Juan Antonio Belmonte Avil\u00e9s<\/td>\n<\/tr>\n<tr>\n<td width=\"18\"><\/td>\n<td width=\"44\"><strong>24<\/strong><\/td>\n<td width=\"301\"><a href=\"https:\/\/www.ivoox.com\/superbacterias-la-proxima-pandemia-audios-mp3_rf_111626654_1.html\" target=\"_blank\" rel=\"noopener\"><b>Las superbacterias \u00bfLa pr\u00f3xima pandemia?<\/b><\/a><\/td>\n<td width=\"666\">Eduardo P\u00e9rez Roth<\/td>\n<\/tr>\n<tr>\n<td width=\"18\"><\/td>\n<td width=\"44\"><strong>25<\/strong><\/td>\n<td width=\"301\"><a href=\"https:\/\/www.ivoox.com\/legado-cientifico-del-mundo-arabe-audios-mp3_rf_108304295_1.html\" target=\"_blank\" rel=\"noopener\"><strong>El legado cient\u00edfico del mundo \u00e1rabe<\/strong><\/a><\/td>\n<td width=\"666\">Maravillas Aguiar Aguilar<\/td>\n<\/tr>\n<tr>\n<td width=\"18\"><\/td>\n<td width=\"44\"><strong>26<\/strong><\/td>\n<td width=\"301\"><a href=\"https:\/\/www.ivoox.com\/palabra-como-objeto-estudio-audios-mp3_rf_112533160_1.html\" target=\"_blank\" rel=\"noopener\"><b>La palabra como objeto de estudio<\/b><\/a><\/td>\n<td width=\"666\">Dolores Corbella D\u00edaz<\/td>\n<\/tr>\n<tr>\n<td width=\"18\"><\/td>\n<td width=\"44\"><strong>27<\/strong><\/td>\n<td width=\"301\"><a href=\"https:\/\/www.ivoox.com\/incendios-forestales-cambio-climatico-audios-mp3_rf_115229249_1.html\" target=\"_blank\" rel=\"noopener\"><b>Incendios forestales y cambio clim\u00e1tico<\/b><\/a><\/td>\n<td width=\"666\">Ab\u00e9l L\u00f3pez<\/td>\n<\/tr>\n<tr>\n<td width=\"18\"><\/td>\n<td width=\"44\"><strong>28<\/strong><\/td>\n<td width=\"301\"><a href=\"https:\/\/www.ivoox.com\/oceanos-acidos-audios-mp3_rf_115409939_1.html\" target=\"_blank\" rel=\"noopener\"><b>Oc\u00e9anos \u00e1cidos<\/b><\/a><\/td>\n<td width=\"666\">Jos\u00e9 Carlos Hdez<\/td>\n<\/tr>\n<tr>\n<td width=\"18\"><\/td>\n<td width=\"44\"><strong>29<\/strong><\/td>\n<td width=\"301\"><a href=\"https:\/\/www.ivoox.com\/arqueologia-del-fuego-audios-mp3_rf_115863376_1.html\" target=\"_blank\" rel=\"noopener\"><b>Arqueolog\u00eda del fuego<\/b><\/a><\/td>\n<td width=\"666\">Paloma Vidal<\/td>\n<\/tr>\n<tr>\n<td width=\"18\"><\/td>\n<td width=\"44\"><strong>30<\/strong><\/td>\n<td width=\"301\"><a href=\"https:\/\/www.ivoox.com\/de-vacunas-desalacion-macaronight-23-audios-mp3_rf_116465832_1.html\" target=\"_blank\" rel=\"noopener\"><b>De vacunas y desalaci\u00f3n. Macaronight 23<\/b><\/a><\/td>\n<td width=\"666\">Luis Ortigosa, Jorge camachoy y Ariadna Ortega<\/td>\n<\/tr>\n<tr>\n<td width=\"18\"><\/td>\n<td width=\"44\"><strong>31<\/strong><\/td>\n<td width=\"301\"><a href=\"https:\/\/www.ivoox.com\/de-computacion-cuantica-fertilidad-macaronight-23-audios-mp3_rf_117029039_1.html\" target=\"_blank\" rel=\"noopener\"><b>De Computaci\u00f3n Cu\u00e1ntica y fertilidad. Macaronight 23<\/b><\/a><\/td>\n<td width=\"666\">Ariadna Ortega y Jos\u00e9 Daniel Esc\u00e1nez<\/td>\n<\/tr>\n<tr>\n<td width=\"18\"><\/td>\n<td width=\"44\"><strong>32<\/strong><\/td>\n<td width=\"301\"><a href=\"https:\/\/www.ivoox.com\/de-donde-venimos-respuesta-esta-la-audios-mp3_rf_117157151_1.html\" target=\"_blank\" rel=\"noopener\"><b>\u00bfDe d\u00f3nde venimos? la respuesta est\u00e1 en la gen\u00e9tica<\/b><\/a><\/td>\n<td width=\"666\">Rosa Fregel y Javier Gonz\u00e1lez<\/td>\n<\/tr>\n<tr>\n<td width=\"18\"><\/td>\n<td width=\"44\"><strong>33<\/strong><\/td>\n<td width=\"301\"><a href=\"https:\/\/www.ivoox.com\/fascinante-mundo-dinosaurios-audios-mp3_rf_117609934_1.html\" target=\"_blank\" rel=\"noopener\"><b>El fascinante mundo de los Dinosaurios<\/b><\/a><\/td>\n<td width=\"666\">Pen\u00e9lope Cruzado<\/td>\n<\/tr>\n<tr>\n<td width=\"18\"><\/td>\n<td width=\"44\"><strong>34<\/strong><\/td>\n<td width=\"301\"><a href=\"https:\/\/www.ivoox.com\/blas-cabrera-vida-novela-audios-mp3_rf_118213856_1.html\" target=\"_blank\" rel=\"noopener\"><b>Blas Cabrera, un vida de novela<\/b><\/a><\/td>\n<td width=\"666\">Ver\u00f3nica Pav\u00e9s y Rafel Sala<\/td>\n<\/tr>\n<tr>\n<td width=\"18\"><\/td>\n<td width=\"44\"><strong>35<\/strong><\/td>\n<td width=\"301\"><a href=\"https:\/\/www.ivoox.com\/empatia-ventaja-o-desventaja-del-personal-sanitario-audios-mp3_rf_118221422_1.html\" target=\"_blank\" rel=\"noopener\"><b>La empat\u00eda \u00bfventaja o desventaja del personal sanitario?<\/b><\/a><\/td>\n<td width=\"666\">Naira Delgado<\/td>\n<\/tr>\n<tr>\n<td width=\"18\"><\/td>\n<td width=\"44\"><strong>36<\/strong><\/td>\n<td width=\"301\"><a href=\"https:\/\/www.ivoox.com\/20-anos-divulgando-ciencia-luchando-contra-la-audios-mp3_rf_118887662_1.html\" target=\"_blank\" rel=\"noopener\"><strong>20 a\u00f1os divulgando ciencia y luchando contra la pseudociencia<\/strong><\/a><\/td>\n<td width=\"666\">Carlos \u00c1lvarez<\/td>\n<\/tr>\n<tr>\n<td width=\"18\"><\/td>\n<td width=\"44\"><strong>37<\/strong><\/td>\n<td width=\"301\"><a href=\"https:\/\/www.ivoox.com\/incendios-forestales-proteccion-los-audios-mp3_rf_119218627_1.html\" target=\"_blank\" rel=\"noopener\"><b>Los incendios forestales y la protecci\u00f3n de los suelos<\/b><\/a><\/td>\n<td width=\"666\">Jonay Neris<\/td>\n<\/tr>\n<tr>\n<td width=\"18\"><\/td>\n<td width=\"44\"><strong>38<\/strong><\/td>\n<td width=\"301\"><a href=\"https:\/\/www.ivoox.com\/somos-lo-comemos-acuicultura-el-audios-mp3_rf_119588551_1.html\" target=\"_blank\" rel=\"noopener\"><b>Somos lo que comemos: la Acuicultura y el Omega 3<\/b><\/a><\/td>\n<td width=\"666\">Covadonga Rodr\u00edguez<\/td>\n<\/tr>\n<tr>\n<td width=\"18\"><\/td>\n<td width=\"44\"><strong>39<\/strong><\/td>\n<td width=\"301\"><a href=\"https:\/\/www.ivoox.com\/arqueologia-molecular-audios-mp3_rf_119978962_1.html\" target=\"_blank\" rel=\"noopener\"><b>Arqueolog\u00eda molecular<\/b><\/a><\/td>\n<td width=\"666\">Enrique Fernando-Palacios<\/td>\n<\/tr>\n<tr>\n<td width=\"18\"><\/td>\n<td width=\"44\"><strong>40<\/strong><\/td>\n<td width=\"301\"><a href=\"https:\/\/www.ivoox.com\/historia-del-pasado-esta-sedimentos-audios-mp3_rf_120178300_1.html\" target=\"_blank\" rel=\"noopener\"><b>La historia del pasado est\u00e1 en los sedimentos<\/b><\/a><\/td>\n<td width=\"666\">Margarita Jambrina<\/td>\n<\/tr>\n<tr>\n<td width=\"18\"><\/td>\n<td width=\"44\"><strong>41<\/strong><\/td>\n<td width=\"301\"><a href=\"https:\/\/www.ivoox.com\/omnipresencia-microplasticos-audios-mp3_rf_120563409_1.html\" target=\"_blank\" rel=\"noopener\"><b>La omnipresencia de los Micropl\u00e1sticos<\/b><\/a><\/td>\n<td width=\"666\">Javier Hern\u00e1ndez Borges<\/td>\n<\/tr>\n<tr>\n<td width=\"18\"><\/td>\n<td width=\"44\"><strong>42<\/strong><\/td>\n<td width=\"301\"><strong><a href=\"https:\/\/www.ivoox.com\/robotica-del-siglo-xxi-audios-mp3_rf_121057512_1.html\" target=\"_blank\" rel=\"noopener\">Rob\u00f3tica del siglo XXI<\/a><\/strong><\/td>\n<td width=\"666\">Jonay Toledo<\/td>\n<\/tr>\n<tr>\n<td width=\"18\"><\/td>\n<td width=\"44\"><strong>43<\/strong><\/td>\n<td width=\"301\"><a href=\"https:\/\/www.ivoox.com\/nuevas-armas-contra-superbacterias-audios-mp3_rf_121476167_1.html\" target=\"_blank\" rel=\"noopener\"><b>Nuevas armas contra las superbacterias<\/b><\/a><\/td>\n<td width=\"666\">Eduardo P\u00e9rez Roth<\/td>\n<\/tr>\n<tr>\n<td width=\"18\"><\/td>\n<td width=\"44\"><strong>44<\/strong><\/td>\n<td width=\"301\"><a href=\"https:\/\/www.ivoox.com\/lo-mejor-no-lo-mas-importante-de-audios-mp3_rf_120928083_1.html\" target=\"_blank\" rel=\"noopener\"><b>Lo mejor, que no lo m\u00e1s importante, de la Ciencia en 2023<\/b><\/a><\/td>\n<td width=\"666\">Guido Santos Rosales<\/td>\n<\/tr>\n<\/tbody>\n<\/table>\n<p>[\/vc_column_text][\/vc_column][\/vc_row]<\/p>\n","protected":false},"excerpt":{"rendered":"<p>[vc_row][vc_column][vc_custom_heading text=\u00bbTemporada 2023&#8243; google_fonts=\u00bbfont_family:Roboto%20Slab%3A100%2C300%2Cregular%2C700|font_style:700%20bold%20regular%3A700%3Anormal\u00bb css=\u00bb.vc_custom_1673514631307{margin-bottom: 5px !important;border-bottom-width: 5px !important;padding-bottom: 5px !important;}\u00bb][vc_column_text]A continuaci\u00f3n se recoge los programas realizados durante la temporada 2023:[\/vc_column_text][\/vc_column][\/vc_row][vc_row][vc_column][vc_column_text] \u00a0 \u00a0 Programa Invitado\/a \u00a0 01 Lo mejor de la ciencia en 2022 Guido Santos Rosales \u00a0 02 Computaci\u00f3n cu\u00e1ntica Daniel Alonso Ram\u00edrez \u00a0 03 \u00bfQu\u00e9 est\u00e1 pasando en el n\u00facleo de la Tierra?&#8230;<\/p>\n","protected":false},"author":56,"featured_media":0,"parent":2428,"menu_order":0,"comment_status":"closed","ping_status":"closed","template":"","meta":{"inline_featured_image":false,"footnotes":""},"acf":[],"yoast_head":"<!-- This site is optimized with the Yoast SEO plugin v21.3 - https:\/\/yoast.com\/wordpress\/plugins\/seo\/ -->\n<title>Temporada 2023 -<\/title>\n<meta name=\"robots\" content=\"index, follow, max-snippet:-1, max-image-preview:large, max-video-preview:-1\" \/>\n<link rel=\"canonical\" href=\"https:\/\/www.ull.es\/portal\/cienciaull\/doblehelice3-0\/temporada-2023\/\" \/>\n<meta property=\"og:locale\" content=\"es_ES\" \/>\n<meta property=\"og:type\" content=\"article\" \/>\n<meta property=\"og:title\" content=\"Temporada 2023 -\" \/>\n<meta property=\"og:description\" content=\"[vc_row][vc_column][vc_custom_heading text=\u00bbTemporada 2023&#8243; google_fonts=\u00bbfont_family:Roboto%20Slab%3A100%2C300%2Cregular%2C700|font_style:700%20bold%20regular%3A700%3Anormal\u00bb css=\u00bb.vc_custom_1673514631307{margin-bottom: 5px !important;border-bottom-width: 5px !important;padding-bottom: 5px !important;}\u00bb][vc_column_text]A continuaci\u00f3n se recoge los programas realizados durante la temporada 2023:[\/vc_column_text][\/vc_column][\/vc_row][vc_row][vc_column][vc_column_text] \u00a0 \u00a0 Programa Invitado\/a \u00a0 01 Lo mejor de la ciencia en 2022 Guido Santos Rosales \u00a0 02 Computaci\u00f3n cu\u00e1ntica Daniel Alonso Ram\u00edrez \u00a0 03 \u00bfQu\u00e9 est\u00e1 pasando en el n\u00facleo de la Tierra?...\" \/>\n<meta property=\"og:url\" content=\"https:\/\/www.ull.es\/portal\/cienciaull\/doblehelice3-0\/temporada-2023\/\" \/>\n<meta property=\"article:publisher\" content=\"https:\/\/www.facebook.com\/CienciaULL\/\" \/>\n<meta name=\"twitter:card\" content=\"summary_large_image\" \/>\n<meta name=\"twitter:site\" content=\"@CienciaULL\" \/>\n<meta name=\"twitter:label1\" content=\"Tiempo de lectura\" \/>\n\t<meta name=\"twitter:data1\" content=\"3 minutos\" \/>\n<script type=\"application\/ld+json\" class=\"yoast-schema-graph\">{\"@context\":\"https:\/\/schema.org\",\"@graph\":[{\"@type\":\"WebPage\",\"@id\":\"https:\/\/www.ull.es\/portal\/cienciaull\/doblehelice3-0\/temporada-2023\/\",\"url\":\"https:\/\/www.ull.es\/portal\/cienciaull\/doblehelice3-0\/temporada-2023\/\",\"name\":\"Temporada 2023 -\",\"isPartOf\":{\"@id\":\"https:\/\/www.ull.es\/portal\/cienciaull\/#website\"},\"datePublished\":\"2025-10-01T12:39:00+00:00\",\"dateModified\":\"2025-10-01T12:39:00+00:00\",\"breadcrumb\":{\"@id\":\"https:\/\/www.ull.es\/portal\/cienciaull\/doblehelice3-0\/temporada-2023\/#breadcrumb\"},\"inLanguage\":\"es\",\"potentialAction\":[{\"@type\":\"ReadAction\",\"target\":[\"https:\/\/www.ull.es\/portal\/cienciaull\/doblehelice3-0\/temporada-2023\/\"]}]},{\"@type\":\"BreadcrumbList\",\"@id\":\"https:\/\/www.ull.es\/portal\/cienciaull\/doblehelice3-0\/temporada-2023\/#breadcrumb\",\"itemListElement\":[{\"@type\":\"ListItem\",\"position\":1,\"name\":\"Portada\",\"item\":\"https:\/\/www.ull.es\/portal\/cienciaull\/\"},{\"@type\":\"ListItem\",\"position\":2,\"name\":\"Doble H\u00e9lice 3.0\",\"item\":\"https:\/\/www.ull.es\/portal\/cienciaull\/doblehelice3-0\/\"},{\"@type\":\"ListItem\",\"position\":3,\"name\":\"Temporada 2023\"}]},{\"@type\":\"WebSite\",\"@id\":\"https:\/\/www.ull.es\/portal\/cienciaull\/#website\",\"url\":\"https:\/\/www.ull.es\/portal\/cienciaull\/\",\"name\":\"\",\"description\":\"Unidad de Cultura Cient\u00edfica y de la Innovaci\u00f3n de la Universidad de La Laguna\",\"potentialAction\":[{\"@type\":\"SearchAction\",\"target\":{\"@type\":\"EntryPoint\",\"urlTemplate\":\"https:\/\/www.ull.es\/portal\/cienciaull\/?s={search_term_string}\"},\"query-input\":\"required name=search_term_string\"}],\"inLanguage\":\"es\"}]}<\/script>\n<!-- \/ Yoast SEO plugin. -->","yoast_head_json":{"title":"Temporada 2023 -","robots":{"index":"index","follow":"follow","max-snippet":"max-snippet:-1","max-image-preview":"max-image-preview:large","max-video-preview":"max-video-preview:-1"},"canonical":"https:\/\/www.ull.es\/portal\/cienciaull\/doblehelice3-0\/temporada-2023\/","og_locale":"es_ES","og_type":"article","og_title":"Temporada 2023 -","og_description":"[vc_row][vc_column][vc_custom_heading text=\u00bbTemporada 2023&#8243; google_fonts=\u00bbfont_family:Roboto%20Slab%3A100%2C300%2Cregular%2C700|font_style:700%20bold%20regular%3A700%3Anormal\u00bb css=\u00bb.vc_custom_1673514631307{margin-bottom: 5px !important;border-bottom-width: 5px !important;padding-bottom: 5px !important;}\u00bb][vc_column_text]A continuaci\u00f3n se recoge los programas realizados durante la temporada 2023:[\/vc_column_text][\/vc_column][\/vc_row][vc_row][vc_column][vc_column_text] \u00a0 \u00a0 Programa Invitado\/a \u00a0 01 Lo mejor de la ciencia en 2022 Guido Santos Rosales \u00a0 02 Computaci\u00f3n cu\u00e1ntica Daniel Alonso Ram\u00edrez \u00a0 03 \u00bfQu\u00e9 est\u00e1 pasando en el n\u00facleo de la Tierra?...","og_url":"https:\/\/www.ull.es\/portal\/cienciaull\/doblehelice3-0\/temporada-2023\/","article_publisher":"https:\/\/www.facebook.com\/CienciaULL\/","twitter_card":"summary_large_image","twitter_site":"@CienciaULL","twitter_misc":{"Tiempo de lectura":"3 minutos"},"schema":{"@context":"https:\/\/schema.org","@graph":[{"@type":"WebPage","@id":"https:\/\/www.ull.es\/portal\/cienciaull\/doblehelice3-0\/temporada-2023\/","url":"https:\/\/www.ull.es\/portal\/cienciaull\/doblehelice3-0\/temporada-2023\/","name":"Temporada 2023 -","isPartOf":{"@id":"https:\/\/www.ull.es\/portal\/cienciaull\/#website"},"datePublished":"2025-10-01T12:39:00+00:00","dateModified":"2025-10-01T12:39:00+00:00","breadcrumb":{"@id":"https:\/\/www.ull.es\/portal\/cienciaull\/doblehelice3-0\/temporada-2023\/#breadcrumb"},"inLanguage":"es","potentialAction":[{"@type":"ReadAction","target":["https:\/\/www.ull.es\/portal\/cienciaull\/doblehelice3-0\/temporada-2023\/"]}]},{"@type":"BreadcrumbList","@id":"https:\/\/www.ull.es\/portal\/cienciaull\/doblehelice3-0\/temporada-2023\/#breadcrumb","itemListElement":[{"@type":"ListItem","position":1,"name":"Portada","item":"https:\/\/www.ull.es\/portal\/cienciaull\/"},{"@type":"ListItem","position":2,"name":"Doble H\u00e9lice 3.0","item":"https:\/\/www.ull.es\/portal\/cienciaull\/doblehelice3-0\/"},{"@type":"ListItem","position":3,"name":"Temporada 2023"}]},{"@type":"WebSite","@id":"https:\/\/www.ull.es\/portal\/cienciaull\/#website","url":"https:\/\/www.ull.es\/portal\/cienciaull\/","name":"","description":"Unidad de Cultura Cient\u00edfica y de la Innovaci\u00f3n de la Universidad de La Laguna","potentialAction":[{"@type":"SearchAction","target":{"@type":"EntryPoint","urlTemplate":"https:\/\/www.ull.es\/portal\/cienciaull\/?s={search_term_string}"},"query-input":"required name=search_term_string"}],"inLanguage":"es"}]}},"_links":{"self":[{"href":"https:\/\/www.ull.es\/portal\/cienciaull\/wp-json\/wp\/v2\/pages\/20423"}],"collection":[{"href":"https:\/\/www.ull.es\/portal\/cienciaull\/wp-json\/wp\/v2\/pages"}],"about":[{"href":"https:\/\/www.ull.es\/portal\/cienciaull\/wp-json\/wp\/v2\/types\/page"}],"author":[{"embeddable":true,"href":"https:\/\/www.ull.es\/portal\/cienciaull\/wp-json\/wp\/v2\/users\/56"}],"replies":[{"embeddable":true,"href":"https:\/\/www.ull.es\/portal\/cienciaull\/wp-json\/wp\/v2\/comments?post=20423"}],"version-history":[{"count":38,"href":"https:\/\/www.ull.es\/portal\/cienciaull\/wp-json\/wp\/v2\/pages\/20423\/revisions"}],"predecessor-version":[{"id":26452,"href":"https:\/\/www.ull.es\/portal\/cienciaull\/wp-json\/wp\/v2\/pages\/20423\/revisions\/26452"}],"up":[{"embeddable":true,"href":"https:\/\/www.ull.es\/portal\/cienciaull\/wp-json\/wp\/v2\/pages\/2428"}],"wp:attachment":[{"href":"https:\/\/www.ull.es\/portal\/cienciaull\/wp-json\/wp\/v2\/media?parent=20423"}],"curies":[{"name":"wp","href":"https:\/\/api.w.org\/{rel}","templated":true}]}}