{"id":2059,"date":"2020-02-04T12:28:51","date_gmt":"2020-02-04T12:28:51","guid":{"rendered":"https:\/\/www.ull.es\/portal\/cienciaull\/?page_id=2059"},"modified":"2020-11-06T10:04:00","modified_gmt":"2020-11-06T10:04:00","slug":"centros","status":"publish","type":"page","link":"https:\/\/www.ull.es\/portal\/cienciaull\/proyectochicasconcienciaull\/centros\/","title":{"rendered":"Centros"},"content":{"rendered":"<p>[vc_row][vc_column]<link href=\"https:\/\/fonts.googleapis.com\/css?family=Roboto:500\" rel=\"stylesheet\" property=\"stylesheet\" type=\"text\/css\" media=\"all\">\n<div id=\"rev_slider_6_1_wrapper\" class=\"rev_slider_wrapper fullwidthbanner-container\" data-source=\"gallery\" style=\"margin:0px auto;background:transparent;padding:0px;margin-top:0px;margin-bottom:0px;\">\n<!-- START REVOLUTION SLIDER 5.4.7.3 auto mode -->\n\t<div id=\"rev_slider_6_1\" class=\"rev_slider fullwidthabanner\" style=\"display:none;\" data-version=\"5.4.7.3\">\n<ul>\t<!-- SLIDE  -->\n\t<li data-index=\"rs-77\" data-transition=\"fade\" data-slotamount=\"default\" data-hideafterloop=\"0\" data-hideslideonmobile=\"off\"  data-easein=\"default\" data-easeout=\"default\" data-masterspeed=\"300\"  data-thumb=\"\"  data-rotate=\"0\"  data-saveperformance=\"off\"  data-title=\"Slide\" data-param1=\"\" data-param2=\"\" data-param3=\"\" data-param4=\"\" data-param5=\"\" data-param6=\"\" data-param7=\"\" data-param8=\"\" data-param9=\"\" data-param10=\"\" data-description=\"\">\n\t\t<!-- MAIN IMAGE -->\n\t\t<img src=\"https:\/\/s4.gifyu.com\/images\/Banner-Chicas-con-CienciULL-Portal-Web-10-03-2021-2393-x-1732.png\"  alt=\"\"  width=\"1920\" height=\"1080\" data-bgposition=\"left top\" data-bgfit=\"cover\" data-bgrepeat=\"no-repeat\" data-bgparallax=\"off\" class=\"rev-slidebg\" data-no-retina>\n\t\t<!-- LAYERS -->\n\n\t\t<!-- LAYER NR. 1 -->\n\t\t<div class=\"tp-caption rev-btn rev-hiddenicon \" \n\t\t\t id=\"slide-77-layer-2\" \n\t\t\t data-x=\"87\" \n\t\t\t data-y=\"1594\" \n\t\t\t\t\t\tdata-width=\"['83']\"\n\t\t\tdata-height=\"['42']\"\n \n\t\t\tdata-type=\"button\" \n\t\t\tdata-actions='[{\"event\":\"click\",\"action\":\"simplelink\",\"target\":\"_self\",\"url\":\"https:\\\/\\\/www.ull.es\\\/portal\\\/cienciaull\\\/chicasconcienciaull\\\/\",\"delay\":\"\"}]'\n\t\t\tdata-responsive_offset=\"on\" \n\t\t\tdata-responsive=\"off\"\n\t\t\tdata-frames='[{\"delay\":0,\"speed\":300,\"frame\":\"0\",\"from\":\"opacity:0;\",\"to\":\"o:1;\",\"ease\":\"Power3.easeInOut\"},{\"delay\":\"wait\",\"speed\":300,\"frame\":\"999\",\"to\":\"opacity:0;\",\"ease\":\"Power3.easeInOut\"},{\"frame\":\"hover\",\"speed\":\"0\",\"ease\":\"Linear.easeNone\",\"to\":\"o:1;rX:0;rY:0;rZ:0;z:0;\",\"style\":\"c:rgba(0,0,0,0);bg:rgba(255,255,255,0);bs:solid;bw:0 0 0 0;\"}]'\n\t\t\tdata-textAlign=\"['inherit','inherit','inherit','inherit']\"\n\t\t\tdata-paddingtop=\"[12,12,12,12]\"\n\t\t\tdata-paddingright=\"[35,35,35,35]\"\n\t\t\tdata-paddingbottom=\"[12,12,12,12]\"\n\t\t\tdata-paddingleft=\"[35,35,35,35]\"\n\n\t\t\tstyle=\"z-index: 5; min-width: 83px; max-width: 83px; max-width: 42px; max-width: 42px; white-space: nowrap; font-size: 17px; line-height: 17px; font-weight: 500; color: rgba(255,255,255,0); letter-spacing: px;font-family:Roboto;background-color:rgba(0,0,0,0);border-radius:30px 30px 30px 30px;outline:none;box-shadow:none;box-sizing:border-box;-moz-box-sizing:border-box;-webkit-box-sizing:border-box;cursor:pointer;\"> <i class=\"fa-icon-chevron-right\"><\/i> <\/div>\n\n\t\t<!-- LAYER NR. 2 -->\n\t\t<div class=\"tp-caption rev-btn rev-hiddenicon \" \n\t\t\t id=\"slide-77-layer-3\" \n\t\t\t data-x=\"361\" \n\t\t\t data-y=\"1592\" \n\t\t\t\t\t\tdata-width=\"['129']\"\n\t\t\tdata-height=\"['auto']\"\n \n\t\t\tdata-type=\"button\" \n\t\t\tdata-actions='[{\"event\":\"click\",\"action\":\"simplelink\",\"target\":\"_self\",\"url\":\"https:\\\/\\\/www.ull.es\\\/portal\\\/cienciaull\\\/chicasconcienciaull\\\/proyecto\\\/\",\"delay\":\"\"}]'\n\t\t\tdata-responsive_offset=\"on\" \n\t\t\tdata-responsive=\"off\"\n\t\t\tdata-frames='[{\"delay\":0,\"speed\":300,\"frame\":\"0\",\"from\":\"opacity:0;\",\"to\":\"o:1;\",\"ease\":\"Power3.easeInOut\"},{\"delay\":\"wait\",\"speed\":300,\"frame\":\"999\",\"to\":\"opacity:0;\",\"ease\":\"Power3.easeInOut\"},{\"frame\":\"hover\",\"speed\":\"0\",\"ease\":\"Linear.easeNone\",\"to\":\"o:1;rX:0;rY:0;rZ:0;z:0;\",\"style\":\"c:rgba(0,0,0,0);bg:rgba(255,255,255,0);bs:solid;bw:0 0 0 0;\"}]'\n\t\t\tdata-textAlign=\"['inherit','inherit','inherit','inherit']\"\n\t\t\tdata-paddingtop=\"[12,12,12,12]\"\n\t\t\tdata-paddingright=\"[35,35,35,35]\"\n\t\t\tdata-paddingbottom=\"[12,12,12,12]\"\n\t\t\tdata-paddingleft=\"[35,35,35,35]\"\n\n\t\t\tstyle=\"z-index: 6; min-width: 129px; max-width: 129px; white-space: nowrap; font-size: 17px; line-height: 17px; font-weight: 500; color: rgba(255,255,255,0); letter-spacing: px;font-family:Roboto;background-color:rgba(0,0,0,0);border-radius:30px 30px 30px 30px;outline:none;box-shadow:none;box-sizing:border-box;-moz-box-sizing:border-box;-webkit-box-sizing:border-box;cursor:pointer;\"> <i class=\"fa-icon-chevron-right\"><\/i> <\/div>\n\n\t\t<!-- LAYER NR. 3 -->\n\t\t<div class=\"tp-caption rev-btn rev-hiddenicon \" \n\t\t\t id=\"slide-77-layer-4\" \n\t\t\t data-x=\"738\" \n\t\t\t data-y=\"1597\" \n\t\t\t\t\t\tdata-width=\"['207']\"\n\t\t\tdata-height=\"['42']\"\n \n\t\t\tdata-type=\"button\" \n\t\t\tdata-actions='[{\"event\":\"click\",\"action\":\"simplelink\",\"target\":\"_self\",\"url\":\"https:\\\/\\\/www.ull.es\\\/portal\\\/cienciaull\\\/chicasconcienciaull\\\/pre-inscripcion\\\/\",\"delay\":\"\"}]'\n\t\t\tdata-responsive_offset=\"on\" \n\t\t\tdata-responsive=\"off\"\n\t\t\tdata-frames='[{\"delay\":0,\"speed\":300,\"frame\":\"0\",\"from\":\"opacity:0;\",\"to\":\"o:1;\",\"ease\":\"Power3.easeInOut\"},{\"delay\":\"wait\",\"speed\":300,\"frame\":\"999\",\"to\":\"opacity:0;\",\"ease\":\"Power3.easeInOut\"},{\"frame\":\"hover\",\"speed\":\"0\",\"ease\":\"Linear.easeNone\",\"to\":\"o:1;rX:0;rY:0;rZ:0;z:0;\",\"style\":\"c:rgba(0,0,0,0);bg:rgba(255,255,255,0);bs:solid;bw:0 0 0 0;\"}]'\n\t\t\tdata-textAlign=\"['inherit','inherit','inherit','inherit']\"\n\t\t\tdata-paddingtop=\"[12,12,12,12]\"\n\t\t\tdata-paddingright=\"[35,35,35,35]\"\n\t\t\tdata-paddingbottom=\"[12,12,12,12]\"\n\t\t\tdata-paddingleft=\"[35,35,35,35]\"\n\n\t\t\tstyle=\"z-index: 7; min-width: 207px; max-width: 207px; max-width: 42px; max-width: 42px; white-space: nowrap; font-size: 17px; line-height: 17px; font-weight: 500; color: rgba(255,255,255,0); letter-spacing: px;font-family:Roboto;background-color:rgba(0,0,0,0);border-radius:30px 30px 30px 30px;outline:none;box-shadow:none;box-sizing:border-box;-moz-box-sizing:border-box;-webkit-box-sizing:border-box;cursor:pointer;\"> <i class=\"fa-icon-chevron-right\"><\/i> <\/div>\n\n\t\t<!-- LAYER NR. 4 -->\n\t\t<div class=\"tp-caption rev-btn rev-hiddenicon \" \n\t\t\t id=\"slide-77-layer-5\" \n\t\t\t data-x=\"1617\" \n\t\t\t data-y=\"1596\" \n\t\t\t\t\t\tdata-width=\"['151']\"\n\t\t\tdata-height=\"['43']\"\n \n\t\t\tdata-type=\"button\" \n\t\t\tdata-actions='[{\"event\":\"click\",\"action\":\"simplelink\",\"target\":\"_self\",\"url\":\"https:\\\/\\\/www.ull.es\\\/portal\\\/cienciaull\\\/chicasconcienciaull\\\/materiales\\\/\",\"delay\":\"\"}]'\n\t\t\tdata-responsive_offset=\"on\" \n\t\t\tdata-responsive=\"off\"\n\t\t\tdata-frames='[{\"delay\":0,\"speed\":300,\"frame\":\"0\",\"from\":\"opacity:0;\",\"to\":\"o:1;\",\"ease\":\"Power3.easeInOut\"},{\"delay\":\"wait\",\"speed\":300,\"frame\":\"999\",\"to\":\"opacity:0;\",\"ease\":\"Power3.easeInOut\"},{\"frame\":\"hover\",\"speed\":\"0\",\"ease\":\"Linear.easeNone\",\"to\":\"o:1;rX:0;rY:0;rZ:0;z:0;\",\"style\":\"c:rgba(0,0,0,0);bg:rgba(255,255,255,0);bs:solid;bw:0 0 0 0;\"}]'\n\t\t\tdata-textAlign=\"['inherit','inherit','inherit','inherit']\"\n\t\t\tdata-paddingtop=\"[12,12,12,12]\"\n\t\t\tdata-paddingright=\"[35,35,35,35]\"\n\t\t\tdata-paddingbottom=\"[12,12,12,12]\"\n\t\t\tdata-paddingleft=\"[35,35,35,35]\"\n\n\t\t\tstyle=\"z-index: 8; min-width: 151px; max-width: 151px; max-width: 43px; max-width: 43px; white-space: nowrap; font-size: 17px; line-height: 17px; font-weight: 500; color: rgba(255,255,255,0); letter-spacing: px;font-family:Roboto;background-color:rgba(0,0,0,0);border-radius:30px 30px 30px 30px;outline:none;box-shadow:none;box-sizing:border-box;-moz-box-sizing:border-box;-webkit-box-sizing:border-box;cursor:pointer;\"> <i class=\"fa-icon-chevron-right\"><\/i> <\/div>\n\n\t\t<!-- LAYER NR. 5 -->\n\t\t<div class=\"tp-caption rev-btn rev-hiddenicon \" \n\t\t\t id=\"slide-77-layer-6\" \n\t\t\t data-x=\"2034\" \n\t\t\t data-y=\"1597\" \n\t\t\t\t\t\tdata-width=\"['137']\"\n\t\t\tdata-height=\"['44']\"\n \n\t\t\tdata-type=\"button\" \n\t\t\tdata-actions='[{\"event\":\"click\",\"action\":\"simplelink\",\"target\":\"_self\",\"url\":\"https:\\\/\\\/www.ull.es\\\/portal\\\/cienciaull\\\/chicasconcienciaull\\\/concurso\\\/\",\"delay\":\"\"}]'\n\t\t\tdata-responsive_offset=\"on\" \n\t\t\tdata-responsive=\"off\"\n\t\t\tdata-frames='[{\"delay\":0,\"speed\":300,\"frame\":\"0\",\"from\":\"opacity:0;\",\"to\":\"o:1;\",\"ease\":\"Power3.easeInOut\"},{\"delay\":\"wait\",\"speed\":300,\"frame\":\"999\",\"to\":\"opacity:0;\",\"ease\":\"Power3.easeInOut\"},{\"frame\":\"hover\",\"speed\":\"0\",\"ease\":\"Linear.easeNone\",\"to\":\"o:1;rX:0;rY:0;rZ:0;z:0;\",\"style\":\"c:rgba(0,0,0,0);bg:rgba(255,255,255,0);bs:solid;bw:0 0 0 0;\"}]'\n\t\t\tdata-textAlign=\"['inherit','inherit','inherit','inherit']\"\n\t\t\tdata-paddingtop=\"[12,12,12,12]\"\n\t\t\tdata-paddingright=\"[35,35,35,35]\"\n\t\t\tdata-paddingbottom=\"[12,12,12,12]\"\n\t\t\tdata-paddingleft=\"[35,35,35,35]\"\n\n\t\t\tstyle=\"z-index: 9; min-width: 137px; max-width: 137px; max-width: 44px; max-width: 44px; white-space: nowrap; font-size: 17px; line-height: 17px; font-weight: 500; color: rgba(255,255,255,0); letter-spacing: px;font-family:Roboto;background-color:rgba(0,0,0,0);border-radius:30px 30px 30px 30px;outline:none;box-shadow:none;box-sizing:border-box;-moz-box-sizing:border-box;-webkit-box-sizing:border-box;cursor:pointer;\"> <i class=\"fa-icon-chevron-right\"><\/i> <\/div>\n\n\t\t<!-- LAYER NR. 6 -->\n\t\t<div class=\"tp-caption rev-btn rev-hiddenicon \" \n\t\t\t id=\"slide-77-layer-8\" \n\t\t\t data-x=\"1279\" \n\t\t\t data-y=\"1594\" \n\t\t\t\t\t\tdata-width=\"['113']\"\n\t\t\tdata-height=\"['43']\"\n \n\t\t\tdata-type=\"button\" \n\t\t\tdata-actions='[{\"event\":\"click\",\"action\":\"simplelink\",\"target\":\"_self\",\"url\":\"https:\\\/\\\/www.ull.es\\\/portal\\\/cienciaull\\\/chicasconcienciaull\\\/centros\\\/\",\"delay\":\"\"}]'\n\t\t\tdata-responsive_offset=\"on\" \n\t\t\tdata-responsive=\"off\"\n\t\t\tdata-frames='[{\"delay\":0,\"speed\":300,\"frame\":\"0\",\"from\":\"opacity:0;\",\"to\":\"o:1;\",\"ease\":\"Power3.easeInOut\"},{\"delay\":\"wait\",\"speed\":300,\"frame\":\"999\",\"to\":\"opacity:0;\",\"ease\":\"Power3.easeInOut\"},{\"frame\":\"hover\",\"speed\":\"0\",\"ease\":\"Linear.easeNone\",\"to\":\"o:1;rX:0;rY:0;rZ:0;z:0;\",\"style\":\"c:rgba(0,0,0,0);bg:rgba(255,255,255,0);bs:solid;bw:0 0 0 0;\"}]'\n\t\t\tdata-textAlign=\"['inherit','inherit','inherit','inherit']\"\n\t\t\tdata-paddingtop=\"[12,12,12,12]\"\n\t\t\tdata-paddingright=\"[35,35,35,35]\"\n\t\t\tdata-paddingbottom=\"[12,12,12,12]\"\n\t\t\tdata-paddingleft=\"[35,35,35,35]\"\n\n\t\t\tstyle=\"z-index: 10; min-width: 113px; max-width: 113px; max-width: 43px; max-width: 43px; white-space: nowrap; font-size: 17px; line-height: 17px; font-weight: 500; color: rgba(255,255,255,0); letter-spacing: px;font-family:Roboto;background-color:rgba(0,0,0,0);border-radius:30px 30px 30px 30px;outline:none;box-shadow:none;box-sizing:border-box;-moz-box-sizing:border-box;-webkit-box-sizing:border-box;cursor:pointer;\"> <i class=\"fa-icon-chevron-right\"><\/i> <\/div>\n\t<\/li>\n<\/ul>\n<div class=\"tp-bannertimer tp-bottom\" style=\"visibility: hidden !important;\"><\/div>\t<\/div>\n<script>var htmlDiv = document.getElementById(\"rs-plugin-settings-inline-css\"); var htmlDivCss=\"\";\r\n\t\t\t\tif(htmlDiv) {\r\n\t\t\t\t\thtmlDiv.innerHTML = htmlDiv.innerHTML + htmlDivCss;\r\n\t\t\t\t}else{\r\n\t\t\t\t\tvar htmlDiv = document.createElement(\"div\");\r\n\t\t\t\t\thtmlDiv.innerHTML = \"<style>\" + htmlDivCss + \"<\/style>\";\r\n\t\t\t\t\tdocument.getElementsByTagName(\"head\")[0].appendChild(htmlDiv.childNodes[0]);\r\n\t\t\t\t}\r\n\t\t\t<\/script>\n\t\t<script type=\"text\/javascript\">\r\nif (setREVStartSize!==undefined) setREVStartSize(\r\n\t{c: '#rev_slider_6_1', gridwidth: [2393], gridheight: [1732], sliderLayout: 'auto'});\r\n\t\t\t\r\nvar revapi6,\r\n\ttpj;\t\r\n(function() {\t\t\t\r\n\tif (!\/loaded|interactive|complete\/.test(document.readyState)) document.addEventListener(\"DOMContentLoaded\",onLoad); else onLoad();\t\r\n\tfunction onLoad() {\t\t\t\t\r\n\t\tif (tpj===undefined) { tpj = jQuery; if(\"off\" == \"on\") tpj.noConflict();}\r\n\tif(tpj(\"#rev_slider_6_1\").revolution == undefined){\n\t\trevslider_showDoubleJqueryError(\"#rev_slider_6_1\");\n\t}else{\n\t\trevapi6 = tpj(\"#rev_slider_6_1\").show().revolution({\n\t\t\tsliderType:\"hero\",\n\t\t\tjsFileLocation:\"\/\/www.ull.es\/portal\/cienciaull\/wp-content\/plugins\/revslider\/public\/assets\/js\/\",\n\t\t\tsliderLayout:\"auto\",\n\t\t\tdottedOverlay:\"none\",\n\t\t\tdelay:9000,\n\t\t\tvisibilityLevels:[1240,1024,778,480],\n\t\t\tgridwidth:2393,\n\t\t\tgridheight:1732,\n\t\t\tlazyType:\"none\",\n\t\t\tparallax: {\n\t\t\t\ttype:\"scroll\",\n\t\t\t\torigo:\"slidercenter\",\n\t\t\t\tspeed:2000,\n\t\t\t\tspeedbg:0,\n\t\t\t\tspeedls:0,\n\t\t\t\tlevels:[2,3,4,5,6,7,12,16,10,50,47,48,49,50,51,55],\n\t\t\t},\n\t\t\tshadow:0,\n\t\t\tspinner:\"off\",\n\t\t\tautoHeight:\"off\",\n\t\t\tdisableProgressBar:\"on\",\n\t\t\thideThumbsOnMobile:\"on\",\n\t\t\thideSliderAtLimit:0,\n\t\t\thideCaptionAtLimit:0,\n\t\t\thideAllCaptionAtLilmit:0,\n\t\t\tdebugMode:false,\n\t\t\tfallbacks: {\n\t\t\t\tsimplifyAll:\"off\",\n\t\t\t\tdisableFocusListener:false,\n\t\t\t}\n\t\t});\n\t}; \/* END OF revapi call *\/\n\t\n }; \/* END OF ON LOAD FUNCTION *\/\r\n}()); \/* END OF WRAPPING FUNCTION *\/\r\n<\/script>\r\n\t\t<\/div><!-- END REVOLUTION SLIDER -->[vc_empty_space][\/vc_column][\/vc_row][vc_row][vc_column][vc_empty_space height=\u00bb40px\u00bb][vc_custom_heading text=\u00bbCentros escolares participantes\u00bb google_fonts=\u00bbfont_family:Roboto%20Slab%3A100%2C300%2Cregular%2C700|font_style:700%20bold%20regular%3A700%3Anormal\u00bb css=\u00bb.vc_custom_1587902598458{margin-bottom: 7px !important;border-bottom-width: 7px !important;padding-bottom: 7px !important;}\u00bb][vc_empty_space height=\u00bb15px\u00bb][vc_column_text css_animation=\u00bbfadeIn\u00bb]<span style=\"font-weight: 400\">En esta primera edici\u00f3n participar\u00e1n 10 centros de educaci\u00f3n secundaria, con alumnado de 3\u00ba y 4\u00ba de la ESO.<\/span><span style=\"font-weight: 400\"><br \/>\n<\/span>[\/vc_column_text][vc_empty_space height=\u00bb20px\u00bb][\/vc_column][\/vc_row][vc_row][vc_column width=\u00bb1\/2&#8243;][vc_custom_heading text=\u00bb<strong>Zona Metropolitana<\/strong>\u00bb font_container=\u00bbtag:h4|text_align:center|color:%235dade2&#8243; google_fonts=\u00bbfont_family:Roboto%20Slab%3A100%2C300%2Cregular%2C700|font_style:400%20regular%3A400%3Anormal\u00bb][vc_message message_box_style=\u00bbsolid-icon\u00bb message_box_color=\u00bbalert-info\u00bb icon_fontawesome=\u00bb\u00bb]<\/p>\n<p style=\"text-align: center\"><span style=\"color: #0a267a\"><strong>IES Anaga<\/strong><\/span><\/p>\n<p style=\"text-align: center\"><span style=\"color: #0a267a\"><strong>IES San Andr\u00e9s<\/strong><\/span><\/p>\n<p style=\"text-align: center\"><span style=\"color: #0a267a\"><strong>IES Marina Cebri\u00e1n<\/strong><\/span><\/p>\n<p style=\"text-align: center\"><span style=\"color: #0a267a\"><strong>IES La Laboral<\/strong><\/span><\/p>\n<p style=\"text-align: center\"><span style=\"color: #0a267a\"><strong>IES Geneto<\/strong><\/span><\/p>\n<p>[\/vc_message][\/vc_column][vc_column width=\u00bb1\/2&#8243;][vc_custom_heading text=\u00bb<strong>Zona Norte<\/strong>\u00bb font_container=\u00bbtag:h4|text_align:center|color:%236bd620&#8243; google_fonts=\u00bbfont_family:Roboto%20Slab%3A100%2C300%2Cregular%2C700|font_style:400%20regular%3A400%3Anormal\u00bb][vc_message message_box_style=\u00bbsolid-icon\u00bb message_box_color=\u00bbgreen\u00bb icon_fontawesome=\u00bb\u00bb]<\/p>\n<p style=\"text-align: center\"><span style=\"color: #0b3827\"><strong>IES El Tanque<\/strong><\/span><\/p>\n<p>[\/vc_message][vc_custom_heading text=\u00bb<strong>Zona Sur<\/strong>\u00bb font_container=\u00bbtag:h4|text_align:center|color:%23ec7063&#8243; google_fonts=\u00bbfont_family:Roboto%20Slab%3A100%2C300%2Cregular%2C700|font_style:400%20regular%3A400%3Anormal\u00bb][vc_message message_box_style=\u00bbsolid-icon\u00bb message_box_color=\u00bbpink\u00bb icon_fontawesome=\u00bb\u00bb]<\/p>\n<p style=\"text-align: center\"><span style=\"color: #d11365\"><strong>IES Las Galletas<br \/>\nIES Ichasagua<\/strong><\/span><\/p>\n<p>[\/vc_message][\/vc_column][\/vc_row][vc_row][vc_column][\/vc_column][\/vc_row]<\/p>\n","protected":false},"excerpt":{"rendered":"<p>[vc_row][vc_column][vc_empty_space][\/vc_column][\/vc_row][vc_row][vc_column][vc_empty_space height=\u00bb40px\u00bb][vc_custom_heading text=\u00bbCentros escolares participantes\u00bb google_fonts=\u00bbfont_family:Roboto%20Slab%3A100%2C300%2Cregular%2C700|font_style:700%20bold%20regular%3A700%3Anormal\u00bb css=\u00bb.vc_custom_1587902598458{margin-bottom: 7px !important;border-bottom-width: 7px !important;padding-bottom: 7px !important;}\u00bb][vc_empty_space height=\u00bb15px\u00bb][vc_column_text css_animation=\u00bbfadeIn\u00bb]En esta primera edici\u00f3n participar\u00e1n 10 centros de educaci\u00f3n secundaria, con alumnado de 3\u00ba y 4\u00ba de la ESO. [\/vc_column_text][vc_empty_space height=\u00bb20px\u00bb][\/vc_column][\/vc_row][vc_row][vc_column width=\u00bb1\/2&#8243;][vc_custom_heading text=\u00bbZona Metropolitana\u00bb font_container=\u00bbtag:h4|text_align:center|color:%235dade2&#8243; google_fonts=\u00bbfont_family:Roboto%20Slab%3A100%2C300%2Cregular%2C700|font_style:400%20regular%3A400%3Anormal\u00bb][vc_message message_box_style=\u00bbsolid-icon\u00bb message_box_color=\u00bbalert-info\u00bb icon_fontawesome=\u00bb\u00bb] IES Anaga IES San Andr\u00e9s IES Marina Cebri\u00e1n IES La Laboral IES&#8230;<\/p>\n","protected":false},"author":56,"featured_media":0,"parent":1606,"menu_order":0,"comment_status":"closed","ping_status":"closed","template":"templates\/cienciaull.php","meta":{"inline_featured_image":false,"footnotes":""},"acf":[],"yoast_head":"<!-- This site is optimized with the Yoast SEO plugin v21.3 - https:\/\/yoast.com\/wordpress\/plugins\/seo\/ -->\n<title>Centros -<\/title>\n<meta name=\"robots\" content=\"index, follow, max-snippet:-1, max-image-preview:large, max-video-preview:-1\" \/>\n<link rel=\"canonical\" href=\"https:\/\/www.ull.es\/portal\/cienciaull\/proyectochicasconcienciaull\/centros\/\" \/>\n<meta property=\"og:locale\" content=\"es_ES\" \/>\n<meta property=\"og:type\" content=\"article\" \/>\n<meta property=\"og:title\" content=\"Centros -\" \/>\n<meta property=\"og:description\" content=\"[vc_row][vc_column][vc_empty_space][\/vc_column][\/vc_row][vc_row][vc_column][vc_empty_space height=\u00bb40px\u00bb][vc_custom_heading text=\u00bbCentros escolares participantes\u00bb google_fonts=\u00bbfont_family:Roboto%20Slab%3A100%2C300%2Cregular%2C700|font_style:700%20bold%20regular%3A700%3Anormal\u00bb css=\u00bb.vc_custom_1587902598458{margin-bottom: 7px !important;border-bottom-width: 7px !important;padding-bottom: 7px !important;}\u00bb][vc_empty_space height=\u00bb15px\u00bb][vc_column_text css_animation=\u00bbfadeIn\u00bb]En esta primera edici\u00f3n participar\u00e1n 10 centros de educaci\u00f3n secundaria, con alumnado de 3\u00ba y 4\u00ba de la ESO. [\/vc_column_text][vc_empty_space height=\u00bb20px\u00bb][\/vc_column][\/vc_row][vc_row][vc_column width=\u00bb1\/2&#8243;][vc_custom_heading text=\u00bbZona Metropolitana\u00bb font_container=\u00bbtag:h4|text_align:center|color:%235dade2&#8243; google_fonts=\u00bbfont_family:Roboto%20Slab%3A100%2C300%2Cregular%2C700|font_style:400%20regular%3A400%3Anormal\u00bb][vc_message message_box_style=\u00bbsolid-icon\u00bb message_box_color=\u00bbalert-info\u00bb icon_fontawesome=\u00bb\u00bb] IES Anaga IES San Andr\u00e9s IES Marina Cebri\u00e1n IES La Laboral IES...\" \/>\n<meta property=\"og:url\" content=\"https:\/\/www.ull.es\/portal\/cienciaull\/proyectochicasconcienciaull\/centros\/\" \/>\n<meta property=\"article:publisher\" content=\"https:\/\/www.facebook.com\/CienciaULL\/\" \/>\n<meta property=\"article:modified_time\" content=\"2020-11-06T10:04:00+00:00\" \/>\n<meta name=\"twitter:card\" content=\"summary_large_image\" \/>\n<meta name=\"twitter:site\" content=\"@CienciaULL\" \/>\n<meta name=\"twitter:label1\" content=\"Tiempo de lectura\" \/>\n\t<meta name=\"twitter:data1\" content=\"1 minuto\" \/>\n<script type=\"application\/ld+json\" class=\"yoast-schema-graph\">{\"@context\":\"https:\/\/schema.org\",\"@graph\":[{\"@type\":\"WebPage\",\"@id\":\"https:\/\/www.ull.es\/portal\/cienciaull\/proyectochicasconcienciaull\/centros\/\",\"url\":\"https:\/\/www.ull.es\/portal\/cienciaull\/proyectochicasconcienciaull\/centros\/\",\"name\":\"Centros -\",\"isPartOf\":{\"@id\":\"https:\/\/www.ull.es\/portal\/cienciaull\/#website\"},\"datePublished\":\"2020-02-04T12:28:51+00:00\",\"dateModified\":\"2020-11-06T10:04:00+00:00\",\"breadcrumb\":{\"@id\":\"https:\/\/www.ull.es\/portal\/cienciaull\/proyectochicasconcienciaull\/centros\/#breadcrumb\"},\"inLanguage\":\"es\",\"potentialAction\":[{\"@type\":\"ReadAction\",\"target\":[\"https:\/\/www.ull.es\/portal\/cienciaull\/proyectochicasconcienciaull\/centros\/\"]}]},{\"@type\":\"BreadcrumbList\",\"@id\":\"https:\/\/www.ull.es\/portal\/cienciaull\/proyectochicasconcienciaull\/centros\/#breadcrumb\",\"itemListElement\":[{\"@type\":\"ListItem\",\"position\":1,\"name\":\"Portada\",\"item\":\"https:\/\/www.ull.es\/portal\/cienciaull\/\"},{\"@type\":\"ListItem\",\"position\":2,\"name\":\"Chicas con Cienci@ULL\",\"item\":\"https:\/\/www.ull.es\/portal\/cienciaull\/proyectochicasconcienciaull\/\"},{\"@type\":\"ListItem\",\"position\":3,\"name\":\"Centros\"}]},{\"@type\":\"WebSite\",\"@id\":\"https:\/\/www.ull.es\/portal\/cienciaull\/#website\",\"url\":\"https:\/\/www.ull.es\/portal\/cienciaull\/\",\"name\":\"\",\"description\":\"Unidad de Cultura Cient\u00edfica y de la Innovaci\u00f3n de la Universidad de La Laguna\",\"potentialAction\":[{\"@type\":\"SearchAction\",\"target\":{\"@type\":\"EntryPoint\",\"urlTemplate\":\"https:\/\/www.ull.es\/portal\/cienciaull\/?s={search_term_string}\"},\"query-input\":\"required name=search_term_string\"}],\"inLanguage\":\"es\"}]}<\/script>\n<!-- \/ Yoast SEO plugin. -->","yoast_head_json":{"title":"Centros -","robots":{"index":"index","follow":"follow","max-snippet":"max-snippet:-1","max-image-preview":"max-image-preview:large","max-video-preview":"max-video-preview:-1"},"canonical":"https:\/\/www.ull.es\/portal\/cienciaull\/proyectochicasconcienciaull\/centros\/","og_locale":"es_ES","og_type":"article","og_title":"Centros -","og_description":"[vc_row][vc_column][vc_empty_space][\/vc_column][\/vc_row][vc_row][vc_column][vc_empty_space height=\u00bb40px\u00bb][vc_custom_heading text=\u00bbCentros escolares participantes\u00bb google_fonts=\u00bbfont_family:Roboto%20Slab%3A100%2C300%2Cregular%2C700|font_style:700%20bold%20regular%3A700%3Anormal\u00bb css=\u00bb.vc_custom_1587902598458{margin-bottom: 7px !important;border-bottom-width: 7px !important;padding-bottom: 7px !important;}\u00bb][vc_empty_space height=\u00bb15px\u00bb][vc_column_text css_animation=\u00bbfadeIn\u00bb]En esta primera edici\u00f3n participar\u00e1n 10 centros de educaci\u00f3n secundaria, con alumnado de 3\u00ba y 4\u00ba de la ESO. [\/vc_column_text][vc_empty_space height=\u00bb20px\u00bb][\/vc_column][\/vc_row][vc_row][vc_column width=\u00bb1\/2&#8243;][vc_custom_heading text=\u00bbZona Metropolitana\u00bb font_container=\u00bbtag:h4|text_align:center|color:%235dade2&#8243; google_fonts=\u00bbfont_family:Roboto%20Slab%3A100%2C300%2Cregular%2C700|font_style:400%20regular%3A400%3Anormal\u00bb][vc_message message_box_style=\u00bbsolid-icon\u00bb message_box_color=\u00bbalert-info\u00bb icon_fontawesome=\u00bb\u00bb] IES Anaga IES San Andr\u00e9s IES Marina Cebri\u00e1n IES La Laboral IES...","og_url":"https:\/\/www.ull.es\/portal\/cienciaull\/proyectochicasconcienciaull\/centros\/","article_publisher":"https:\/\/www.facebook.com\/CienciaULL\/","article_modified_time":"2020-11-06T10:04:00+00:00","twitter_card":"summary_large_image","twitter_site":"@CienciaULL","twitter_misc":{"Tiempo de lectura":"1 minuto"},"schema":{"@context":"https:\/\/schema.org","@graph":[{"@type":"WebPage","@id":"https:\/\/www.ull.es\/portal\/cienciaull\/proyectochicasconcienciaull\/centros\/","url":"https:\/\/www.ull.es\/portal\/cienciaull\/proyectochicasconcienciaull\/centros\/","name":"Centros -","isPartOf":{"@id":"https:\/\/www.ull.es\/portal\/cienciaull\/#website"},"datePublished":"2020-02-04T12:28:51+00:00","dateModified":"2020-11-06T10:04:00+00:00","breadcrumb":{"@id":"https:\/\/www.ull.es\/portal\/cienciaull\/proyectochicasconcienciaull\/centros\/#breadcrumb"},"inLanguage":"es","potentialAction":[{"@type":"ReadAction","target":["https:\/\/www.ull.es\/portal\/cienciaull\/proyectochicasconcienciaull\/centros\/"]}]},{"@type":"BreadcrumbList","@id":"https:\/\/www.ull.es\/portal\/cienciaull\/proyectochicasconcienciaull\/centros\/#breadcrumb","itemListElement":[{"@type":"ListItem","position":1,"name":"Portada","item":"https:\/\/www.ull.es\/portal\/cienciaull\/"},{"@type":"ListItem","position":2,"name":"Chicas con Cienci@ULL","item":"https:\/\/www.ull.es\/portal\/cienciaull\/proyectochicasconcienciaull\/"},{"@type":"ListItem","position":3,"name":"Centros"}]},{"@type":"WebSite","@id":"https:\/\/www.ull.es\/portal\/cienciaull\/#website","url":"https:\/\/www.ull.es\/portal\/cienciaull\/","name":"","description":"Unidad de Cultura Cient\u00edfica y de la Innovaci\u00f3n de la Universidad de La Laguna","potentialAction":[{"@type":"SearchAction","target":{"@type":"EntryPoint","urlTemplate":"https:\/\/www.ull.es\/portal\/cienciaull\/?s={search_term_string}"},"query-input":"required name=search_term_string"}],"inLanguage":"es"}]}},"_links":{"self":[{"href":"https:\/\/www.ull.es\/portal\/cienciaull\/wp-json\/wp\/v2\/pages\/2059"}],"collection":[{"href":"https:\/\/www.ull.es\/portal\/cienciaull\/wp-json\/wp\/v2\/pages"}],"about":[{"href":"https:\/\/www.ull.es\/portal\/cienciaull\/wp-json\/wp\/v2\/types\/page"}],"author":[{"embeddable":true,"href":"https:\/\/www.ull.es\/portal\/cienciaull\/wp-json\/wp\/v2\/users\/56"}],"replies":[{"embeddable":true,"href":"https:\/\/www.ull.es\/portal\/cienciaull\/wp-json\/wp\/v2\/comments?post=2059"}],"version-history":[{"count":52,"href":"https:\/\/www.ull.es\/portal\/cienciaull\/wp-json\/wp\/v2\/pages\/2059\/revisions"}],"predecessor-version":[{"id":10021,"href":"https:\/\/www.ull.es\/portal\/cienciaull\/wp-json\/wp\/v2\/pages\/2059\/revisions\/10021"}],"up":[{"embeddable":true,"href":"https:\/\/www.ull.es\/portal\/cienciaull\/wp-json\/wp\/v2\/pages\/1606"}],"wp:attachment":[{"href":"https:\/\/www.ull.es\/portal\/cienciaull\/wp-json\/wp\/v2\/media?parent=2059"}],"curies":[{"name":"wp","href":"https:\/\/api.w.org\/{rel}","templated":true}]}}