{"id":20689,"date":"2023-02-07T09:21:49","date_gmt":"2023-02-07T09:21:49","guid":{"rendered":"https:\/\/www.ull.es\/portal\/cienciaull\/?page_id=20689"},"modified":"2026-02-10T10:50:35","modified_gmt":"2026-02-10T10:50:35","slug":"11-de-febrero-dia-internacional-de-la-mujer-y-la-nina-en-la-ciencia","status":"publish","type":"page","link":"https:\/\/www.ull.es\/portal\/cienciaull\/11-de-febrero-dia-internacional-de-la-mujer-y-la-nina-en-la-ciencia\/","title":{"rendered":"11 de febrero, D\u00eda Internacional de la Mujer y la Ni\u00f1a en la Ciencia"},"content":{"rendered":"<p>[vc_row][vc_column]\n<div id=\"rev_slider_199_1_wrapper\" class=\"rev_slider_wrapper fullwidthbanner-container\" data-source=\"gallery\" style=\"margin:0px auto;background:transparent;padding:0px;margin-top:0px;margin-bottom:0px;\">\n<!-- START REVOLUTION SLIDER 5.4.7.3 auto mode -->\n\t<div id=\"rev_slider_199_1\" class=\"rev_slider fullwidthabanner\" style=\"display:none;\" data-version=\"5.4.7.3\">\n<ul>\t<!-- SLIDE  -->\n\t<li data-index=\"rs-231\" data-transition=\"fade\" data-slotamount=\"default\" data-hideafterloop=\"0\" data-hideslideonmobile=\"off\"  data-easein=\"default\" data-easeout=\"default\" data-masterspeed=\"300\"  data-rotate=\"0\"  data-saveperformance=\"off\"  data-title=\"Slide\" data-param1=\"\" data-param2=\"\" data-param3=\"\" data-param4=\"\" data-param5=\"\" data-param6=\"\" data-param7=\"\" data-param8=\"\" data-param9=\"\" data-param10=\"\" data-description=\"\">\n\t\t<!-- MAIN IMAGE -->\n\t\t<img src=\"https:\/\/www.ull.es\/portal\/cienciaull\/wp-content\/uploads\/sites\/24\/2025\/06\/Banner_1500x500twitter-cientificas.jpg\"  alt=\"\" title=\"Banner_1500x500(twitter)-cient\u00edficas\"  width=\"1501\" height=\"501\" data-bgposition=\"center center\" data-bgfit=\"cover\" data-bgrepeat=\"no-repeat\" class=\"rev-slidebg\" data-no-retina>\n\t\t<!-- LAYERS -->\n\t<\/li>\n<\/ul>\n<div class=\"tp-bannertimer tp-bottom\" style=\"visibility: hidden !important;\"><\/div>\t<\/div>\n<script>var htmlDiv = document.getElementById(\"rs-plugin-settings-inline-css\"); var htmlDivCss=\"\";\r\n\t\t\t\tif(htmlDiv) {\r\n\t\t\t\t\thtmlDiv.innerHTML = htmlDiv.innerHTML + htmlDivCss;\r\n\t\t\t\t}else{\r\n\t\t\t\t\tvar htmlDiv = document.createElement(\"div\");\r\n\t\t\t\t\thtmlDiv.innerHTML = \"<style>\" + htmlDivCss + \"<\/style>\";\r\n\t\t\t\t\tdocument.getElementsByTagName(\"head\")[0].appendChild(htmlDiv.childNodes[0]);\r\n\t\t\t\t}\r\n\t\t\t<\/script>\n\t\t<script type=\"text\/javascript\">\r\nif (setREVStartSize!==undefined) setREVStartSize(\r\n\t{c: '#rev_slider_199_1', gridwidth: [1500], gridheight: [500], sliderLayout: 'auto'});\r\n\t\t\t\r\nvar revapi199,\r\n\ttpj;\t\r\n(function() {\t\t\t\r\n\tif (!\/loaded|interactive|complete\/.test(document.readyState)) document.addEventListener(\"DOMContentLoaded\",onLoad); else onLoad();\t\r\n\tfunction onLoad() {\t\t\t\t\r\n\t\tif (tpj===undefined) { tpj = jQuery; if(\"off\" == \"on\") tpj.noConflict();}\r\n\tif(tpj(\"#rev_slider_199_1\").revolution == undefined){\n\t\trevslider_showDoubleJqueryError(\"#rev_slider_199_1\");\n\t}else{\n\t\trevapi199 = tpj(\"#rev_slider_199_1\").show().revolution({\n\t\t\tsliderType:\"hero\",\n\t\t\tjsFileLocation:\"\/\/www.ull.es\/portal\/cienciaull\/wp-content\/plugins\/revslider\/public\/assets\/js\/\",\n\t\t\tsliderLayout:\"auto\",\n\t\t\tdottedOverlay:\"none\",\n\t\t\tdelay:9000,\n\t\t\tvisibilityLevels:[1240,1024,778,480],\n\t\t\tgridwidth:1500,\n\t\t\tgridheight:500,\n\t\t\tlazyType:\"none\",\n\t\t\tshadow:0,\n\t\t\tspinner:\"spinner0\",\n\t\t\tautoHeight:\"off\",\n\t\t\tdisableProgressBar:\"on\",\n\t\t\thideThumbsOnMobile:\"off\",\n\t\t\thideSliderAtLimit:0,\n\t\t\thideCaptionAtLimit:0,\n\t\t\thideAllCaptionAtLilmit:0,\n\t\t\tdebugMode:false,\n\t\t\tfallbacks: {\n\t\t\t\tsimplifyAll:\"off\",\n\t\t\t\tdisableFocusListener:false,\n\t\t\t}\n\t\t});\n\t}; \/* END OF revapi call *\/\n\t\n }; \/* END OF ON LOAD FUNCTION *\/\r\n}()); \/* END OF WRAPPING FUNCTION *\/\r\n<\/script>\r\n\t\t<\/div><!-- END REVOLUTION SLIDER -->[vc_separator color=\u00bbcustom\u00bb border_width=\u00bb10&#8243; accent_color=\u00bb#edbb66&#8243; css=\u00bb.vc_custom_1675761859013{margin-top: -5px !important;}\u00bb][\/vc_column][\/vc_row][vc_row][vc_column width=\u00bb1\/2&#8243;][vc_btn title=\u00bbSerie Todas con Cienci@ULL\u00bb color=\u00bbpink\u00bb size=\u00bblg\u00bb align=\u00bbcenter\u00bb button_block=\u00bbtrue\u00bb link=\u00bburl:https%3A%2F%2Fwww.ull.es%2Fportal%2Fcienciaull%2Ftodasconcienciull%2F\u00bb css=\u00bb.vc_custom_1734690634705{margin-top: 20px !important;margin-bottom: 3px !important;border-top-width: 20px !important;border-bottom-width: 3px !important;padding-top: 20px !important;padding-bottom: 3px !important;}\u00bb][\/vc_column][vc_column width=\u00bb1\/2&#8243;][vc_btn title=\u00bbProyecto Chicas con Cienci@ULL\u00bb color=\u00bbinfo\u00bb size=\u00bblg\u00bb align=\u00bbcenter\u00bb button_block=\u00bbtrue\u00bb link=\u00bburl:https%3A%2F%2Fwww.ull.es%2Fportal%2Fcienciaull%2Fchicasconcienciaull%2F\u00bb css=\u00bb.vc_custom_1734689987162{margin-top: 20px !important;margin-bottom: 3px !important;border-top-width: 20px !important;border-bottom-width: 3px !important;padding-top: 20px !important;padding-bottom: 3px !important;}\u00bb][\/vc_column][\/vc_row][vc_row][vc_column][vc_empty_space height=\u00bb45px\u00bb][vc_custom_heading text=\u00bb11 de febrero, D\u00eda Internacional de la Mujer y la Ni\u00f1a en la Ciencia\u00bb font_container=\u00bbtag:h2|text_align:left|color:%23edbb66&#8243; google_fonts=\u00bbfont_family:Roboto%3A100%2C100italic%2C300%2C300italic%2Cregular%2Citalic%2C500%2C500italic%2C700%2C700italic%2C900%2C900italic|font_style:700%20bold%20regular%3A700%3Anormal\u00bb][vc_column_text css=\u00bb.vc_custom_1675763523316{margin-top: -40px !important;}\u00bb]<\/p>\n<p style=\"text-align: justify\">En el a\u00f1o 2015, la Asamblea General de las Naciones Unidas proclam\u00f3 el 11 de febrero, como el <span style=\"color: #800080\"><strong>D\u00eda Internacional de la Mujer y la Ni\u00f1a en la Ciencia<\/strong><\/span>, con el objetivo de lograr el acceso y la participaci\u00f3n plena y equitativa en la ciencia para las mujeres y las ni\u00f1as.<\/p>\n<p style=\"text-align: justify\">La Universidad de La Laguna y la Direcci\u00f3n General de Juventud del Gobierno de Canarias han dise\u00f1ado una campa\u00f1a de sensibilizaci\u00f3n para conmemorar este d\u00eda internacional bajo el marco de la iniciativa <strong><span style=\"color: #edbb66\"><a style=\"color: #edbb66\" href=\"https:\/\/www.ull.es\/portal\/cienciaull\/chicasconcienciaull\/\" target=\"_blank\" rel=\"noopener\"><span style=\"color: #333399\">Chicas con Cienci@ULL<\/span><\/a><\/span><\/strong>, que lleva desarrollando la Unidad de Cultura Cient\u00edfica y de la Innovaci\u00f3n, Cienci@ULL, desde el a\u00f1o 2020, a trav\u00e9s de una serie divulgativa y un proyecto educativo para los centros escolares de Canarias.<\/p>\n<p style=\"text-align: justify\">Para ello, se ha contado con la colaboraci\u00f3n de tres investigadoras senior de esta universidad que son un claro referente para las ni\u00f1as y las j\u00f3venes en sus disciplinas de estudios e investigaci\u00f3n. Dichas investigadoras son: <span style=\"color: #edbb66\"><strong>Ver\u00f3nica Pino<\/strong><\/span> catedr\u00e1tica de universidad del \u00e1rea de Qu\u00edmica Anal\u00edtica, <span style=\"color: #ddb58a\"><strong>Matilde Arnay<\/strong><\/span> catedr\u00e1tica de universidad del \u00e1rea de Prehistoria y <span style=\"color: #9dc3af\"><strong>Rosa Mar\u00eda Aguilar<\/strong><\/span> catedr\u00e1tica de universidad del \u00e1rea de Ingenier\u00eda de Sistemas y Autom\u00e1tica.<\/p>\n<p>[\/vc_column_text][\/vc_column][\/vc_row][vc_row][vc_column width=\u00bb1\/3&#8243;][vc_empty_space height=\u00bb40&#8243;][vc_single_image image=\u00bb34379&#8243; onclick=\u00bbcustom_link\u00bb link=\u00bbhttps:\/\/www.ull.es\/portal\/cienciaull\/proyectochicasconcienciaull\/veronica-pino-quimica\u00bb][vc_column_text css=\u00bb.vc_custom_1675761237297{margin-top: -5px !important;background-color: #edbb66 !important;}\u00bb]<\/p>\n<p style=\"text-align: center\"><strong><span style=\"color: #ffffff\">Ver\u00f3nica Pino Est\u00e9vez<\/span><\/strong><\/p>\n<p>[\/vc_column_text][\/vc_column][vc_column width=\u00bb1\/3&#8243;][vc_empty_space height=\u00bb40&#8243;][vc_single_image image=\u00bb34381&#8243; onclick=\u00bbcustom_link\u00bb link=\u00bbhttps:\/\/www.ull.es\/portal\/cienciaull\/matilde-arnay-historiadora\u00bb][vc_column_text css=\u00bb.vc_custom_1675761508838{margin-top: -5px !important;background-color: #ddb58a !important;}\u00bb]<\/p>\n<div class=\"PyJv1b gsmt PZPZlf\" style=\"text-align: center\" data-attrid=\"title\" data-hveid=\"CAkQAQ\"><span style=\"color: #ffffff\"><strong><span class=\"yKMVIe\" role=\"heading\">Matilde Arnay de la Rosa<\/span><\/strong><\/span><\/div>\n<div class=\"EGmpye\"><\/div>\n<p>[\/vc_column_text][\/vc_column][vc_column width=\u00bb1\/3&#8243;][vc_empty_space height=\u00bb40&#8243;][vc_single_image image=\u00bb34382&#8243; onclick=\u00bbcustom_link\u00bb link=\u00bbhttps:\/\/www.ull.es\/portal\/cienciaull\/proyectochicasconcienciaull\/rosa-aguilar-informatica\u00bb][vc_column_text css=\u00bb.vc_custom_1675761708418{margin-top: -5px !important;background-color: #9dc3af !important;}\u00bb]<\/p>\n<div class=\"hHq9Z\">\n<div data-hveid=\"CAkQAA\">\n<div class=\"gyEfO\">\n<div class=\"wDYxhc NFQFxe viOShc LKPcQc\" data-md=\"221\" data-hveid=\"CAsQAA\" data-ved=\"2ahUKEwj7oZvRioP9AhXETKQEHRUnBBYQnKEBegQICxAA\">\n<div class=\"ZxoDOe yGdMVd UoezFf\">\n<div class=\"UFE1qd\">\n<div class=\"PyJv1b gsmt PZPZlf qRofMd\" style=\"text-align: center\" data-attrid=\"title\" data-hveid=\"CAsQAQ\"><strong><span class=\"yKMVIe\" style=\"color: #ffffff\" role=\"heading\">Rosa Aguilar Chinea<\/span><\/strong><\/div>\n<\/div>\n<\/div>\n<\/div>\n<\/div>\n<\/div>\n<\/div>\n<p>[\/vc_column_text][\/vc_column][\/vc_row][vc_row][vc_column][vc_empty_space][\/vc_column][\/vc_row][vc_row][vc_column][vc_row_inner][vc_column_inner][vc_single_image image=\u00bb37056&#8243; img_size=\u00bb\u00bb alignment=\u00bbcenter\u00bb][\/vc_column_inner][\/vc_row_inner][vc_row_inner][vc_column_inner width=\u00bb1\/6&#8243;][vc_single_image image=\u00bb37031&#8243; style=\u00bbvc_box_shadow_border\u00bb onclick=\u00bbcustom_link\u00bb img_link_target=\u00bb_blank\u00bb link=\u00bbhttps:\/\/drive.google.com\/file\/d\/1n-sHRcWvry683zjLlwW1FCCq72lusAxV\/view?usp=sharing\u00bb][\/vc_column_inner][vc_column_inner width=\u00bb1\/6&#8243;][vc_single_image image=\u00bb37032&#8243; style=\u00bbvc_box_shadow_border\u00bb onclick=\u00bbcustom_link\u00bb img_link_target=\u00bb_blank\u00bb link=\u00bbhttps:\/\/drive.google.com\/file\/d\/1r2KBSWzELalsU2jZ3DLC1tu9JHtMD9l9\/view?usp=sharing\u00bb][\/vc_column_inner][vc_column_inner width=\u00bb1\/6&#8243;][vc_single_image image=\u00bb37033&#8243; style=\u00bbvc_box_shadow_border\u00bb onclick=\u00bbcustom_link\u00bb img_link_target=\u00bb_blank\u00bb link=\u00bbhttps:\/\/drive.google.com\/file\/d\/1puEpar6nikzdh6x2EGxOCFHLfgEctXUd\/view?usp=sharing\u00bb][\/vc_column_inner][vc_column_inner width=\u00bb1\/6&#8243;][vc_single_image image=\u00bb37034&#8243; style=\u00bbvc_box_shadow_border\u00bb onclick=\u00bbcustom_link\u00bb img_link_target=\u00bb_blank\u00bb link=\u00bbhttps:\/\/drive.google.com\/file\/d\/1Jnfu8AlaYyLcjd-YJZlT4echBWMN_8jo\/view?usp=sharing\u00bb][\/vc_column_inner][vc_column_inner width=\u00bb1\/6&#8243;][vc_single_image image=\u00bb37035&#8243; style=\u00bbvc_box_shadow_border\u00bb onclick=\u00bbcustom_link\u00bb img_link_target=\u00bb_blank\u00bb link=\u00bbhttps:\/\/drive.google.com\/file\/d\/1QpvdUfsha2z-guolwcHRKTwYkS39iFY3\/view?usp=sharing\u00bb][\/vc_column_inner][vc_column_inner width=\u00bb1\/6&#8243;][vc_single_image image=\u00bb37036&#8243; style=\u00bbvc_box_shadow_border\u00bb onclick=\u00bbcustom_link\u00bb img_link_target=\u00bb_blank\u00bb link=\u00bbhttps:\/\/drive.google.com\/file\/d\/1NMPZFFd6IpxsJ5rwkpEzyJ8t0RtG_G8x\/view?usp=sharing\u00bb][\/vc_column_inner][\/vc_row_inner][\/vc_column][\/vc_row]<\/p>\n","protected":false},"excerpt":{"rendered":"<p>[vc_row][vc_column][vc_separator color=\u00bbcustom\u00bb border_width=\u00bb10&#8243; accent_color=\u00bb#edbb66&#8243; css=\u00bb.vc_custom_1675761859013{margin-top: -5px !important;}\u00bb][\/vc_column][\/vc_row][vc_row][vc_column width=\u00bb1\/2&#8243;][vc_btn title=\u00bbSerie Todas con Cienci@ULL\u00bb color=\u00bbpink\u00bb size=\u00bblg\u00bb align=\u00bbcenter\u00bb button_block=\u00bbtrue\u00bb link=\u00bburl:https%3A%2F%2Fwww.ull.es%2Fportal%2Fcienciaull%2Ftodasconcienciull%2F\u00bb css=\u00bb.vc_custom_1734690634705{margin-top: 20px !important;margin-bottom: 3px !important;border-top-width: 20px !important;border-bottom-width: 3px !important;padding-top: 20px !important;padding-bottom: 3px !important;}\u00bb][\/vc_column][vc_column width=\u00bb1\/2&#8243;][vc_btn title=\u00bbProyecto Chicas con Cienci@ULL\u00bb color=\u00bbinfo\u00bb size=\u00bblg\u00bb align=\u00bbcenter\u00bb button_block=\u00bbtrue\u00bb link=\u00bburl:https%3A%2F%2Fwww.ull.es%2Fportal%2Fcienciaull%2Fchicasconcienciaull%2F\u00bb css=\u00bb.vc_custom_1734689987162{margin-top: 20px !important;margin-bottom: 3px !important;border-top-width: 20px !important;border-bottom-width: 3px !important;padding-top: 20px !important;padding-bottom: 3px !important;}\u00bb][\/vc_column][\/vc_row][vc_row][vc_column][vc_empty_space height=\u00bb45px\u00bb][vc_custom_heading text=\u00bb11&#8230;<\/p>\n","protected":false},"author":56,"featured_media":0,"parent":0,"menu_order":0,"comment_status":"closed","ping_status":"closed","template":"templates\/cienciaull.php","meta":{"inline_featured_image":false,"footnotes":""},"acf":[],"yoast_head":"<!-- This site is optimized with the Yoast SEO plugin v21.3 - https:\/\/yoast.com\/wordpress\/plugins\/seo\/ -->\n<title>11 de febrero, D\u00eda Internacional de la Mujer y la Ni\u00f1a en la Ciencia -<\/title>\n<meta name=\"robots\" content=\"index, follow, max-snippet:-1, max-image-preview:large, max-video-preview:-1\" \/>\n<link rel=\"canonical\" href=\"https:\/\/www.ull.es\/portal\/cienciaull\/11-de-febrero-dia-internacional-de-la-mujer-y-la-nina-en-la-ciencia\/\" \/>\n<meta property=\"og:locale\" content=\"es_ES\" \/>\n<meta property=\"og:type\" content=\"article\" \/>\n<meta property=\"og:title\" content=\"11 de febrero, D\u00eda Internacional de la Mujer y la Ni\u00f1a en la Ciencia -\" \/>\n<meta property=\"og:description\" content=\"[vc_row][vc_column][vc_separator color=\u00bbcustom\u00bb border_width=\u00bb10&#8243; accent_color=\u00bb#edbb66&#8243; css=\u00bb.vc_custom_1675761859013{margin-top: -5px !important;}\u00bb][\/vc_column][\/vc_row][vc_row][vc_column width=\u00bb1\/2&#8243;][vc_btn title=\u00bbSerie Todas con Cienci@ULL\u00bb color=\u00bbpink\u00bb size=\u00bblg\u00bb align=\u00bbcenter\u00bb button_block=\u00bbtrue\u00bb link=\u00bburl:https%3A%2F%2Fwww.ull.es%2Fportal%2Fcienciaull%2Ftodasconcienciull%2F\u00bb css=\u00bb.vc_custom_1734690634705{margin-top: 20px !important;margin-bottom: 3px !important;border-top-width: 20px !important;border-bottom-width: 3px !important;padding-top: 20px !important;padding-bottom: 3px !important;}\u00bb][\/vc_column][vc_column width=\u00bb1\/2&#8243;][vc_btn title=\u00bbProyecto Chicas con Cienci@ULL\u00bb color=\u00bbinfo\u00bb size=\u00bblg\u00bb align=\u00bbcenter\u00bb button_block=\u00bbtrue\u00bb link=\u00bburl:https%3A%2F%2Fwww.ull.es%2Fportal%2Fcienciaull%2Fchicasconcienciaull%2F\u00bb css=\u00bb.vc_custom_1734689987162{margin-top: 20px !important;margin-bottom: 3px !important;border-top-width: 20px !important;border-bottom-width: 3px !important;padding-top: 20px !important;padding-bottom: 3px !important;}\u00bb][\/vc_column][\/vc_row][vc_row][vc_column][vc_empty_space height=\u00bb45px\u00bb][vc_custom_heading text=\u00bb11...\" \/>\n<meta property=\"og:url\" content=\"https:\/\/www.ull.es\/portal\/cienciaull\/11-de-febrero-dia-internacional-de-la-mujer-y-la-nina-en-la-ciencia\/\" \/>\n<meta property=\"article:publisher\" content=\"https:\/\/www.facebook.com\/CienciaULL\/\" \/>\n<meta property=\"article:modified_time\" content=\"2026-02-10T10:50:35+00:00\" \/>\n<meta name=\"twitter:card\" content=\"summary_large_image\" \/>\n<meta name=\"twitter:site\" content=\"@CienciaULL\" \/>\n<meta name=\"twitter:label1\" content=\"Tiempo de lectura\" \/>\n\t<meta name=\"twitter:data1\" content=\"2 minutos\" \/>\n<script type=\"application\/ld+json\" class=\"yoast-schema-graph\">{\"@context\":\"https:\/\/schema.org\",\"@graph\":[{\"@type\":\"WebPage\",\"@id\":\"https:\/\/www.ull.es\/portal\/cienciaull\/11-de-febrero-dia-internacional-de-la-mujer-y-la-nina-en-la-ciencia\/\",\"url\":\"https:\/\/www.ull.es\/portal\/cienciaull\/11-de-febrero-dia-internacional-de-la-mujer-y-la-nina-en-la-ciencia\/\",\"name\":\"11 de febrero, D\u00eda Internacional de la Mujer y la Ni\u00f1a en la Ciencia -\",\"isPartOf\":{\"@id\":\"https:\/\/www.ull.es\/portal\/cienciaull\/#website\"},\"datePublished\":\"2023-02-07T09:21:49+00:00\",\"dateModified\":\"2026-02-10T10:50:35+00:00\",\"breadcrumb\":{\"@id\":\"https:\/\/www.ull.es\/portal\/cienciaull\/11-de-febrero-dia-internacional-de-la-mujer-y-la-nina-en-la-ciencia\/#breadcrumb\"},\"inLanguage\":\"es\",\"potentialAction\":[{\"@type\":\"ReadAction\",\"target\":[\"https:\/\/www.ull.es\/portal\/cienciaull\/11-de-febrero-dia-internacional-de-la-mujer-y-la-nina-en-la-ciencia\/\"]}]},{\"@type\":\"BreadcrumbList\",\"@id\":\"https:\/\/www.ull.es\/portal\/cienciaull\/11-de-febrero-dia-internacional-de-la-mujer-y-la-nina-en-la-ciencia\/#breadcrumb\",\"itemListElement\":[{\"@type\":\"ListItem\",\"position\":1,\"name\":\"Portada\",\"item\":\"https:\/\/www.ull.es\/portal\/cienciaull\/\"},{\"@type\":\"ListItem\",\"position\":2,\"name\":\"11 de febrero, D\u00eda Internacional de la Mujer y la Ni\u00f1a en la Ciencia\"}]},{\"@type\":\"WebSite\",\"@id\":\"https:\/\/www.ull.es\/portal\/cienciaull\/#website\",\"url\":\"https:\/\/www.ull.es\/portal\/cienciaull\/\",\"name\":\"\",\"description\":\"Unidad de Cultura Cient\u00edfica y de la Innovaci\u00f3n de la Universidad de La Laguna\",\"potentialAction\":[{\"@type\":\"SearchAction\",\"target\":{\"@type\":\"EntryPoint\",\"urlTemplate\":\"https:\/\/www.ull.es\/portal\/cienciaull\/?s={search_term_string}\"},\"query-input\":\"required name=search_term_string\"}],\"inLanguage\":\"es\"}]}<\/script>\n<!-- \/ Yoast SEO plugin. -->","yoast_head_json":{"title":"11 de febrero, D\u00eda Internacional de la Mujer y la Ni\u00f1a en la Ciencia -","robots":{"index":"index","follow":"follow","max-snippet":"max-snippet:-1","max-image-preview":"max-image-preview:large","max-video-preview":"max-video-preview:-1"},"canonical":"https:\/\/www.ull.es\/portal\/cienciaull\/11-de-febrero-dia-internacional-de-la-mujer-y-la-nina-en-la-ciencia\/","og_locale":"es_ES","og_type":"article","og_title":"11 de febrero, D\u00eda Internacional de la Mujer y la Ni\u00f1a en la Ciencia -","og_description":"[vc_row][vc_column][vc_separator color=\u00bbcustom\u00bb border_width=\u00bb10&#8243; accent_color=\u00bb#edbb66&#8243; css=\u00bb.vc_custom_1675761859013{margin-top: -5px !important;}\u00bb][\/vc_column][\/vc_row][vc_row][vc_column width=\u00bb1\/2&#8243;][vc_btn title=\u00bbSerie Todas con Cienci@ULL\u00bb color=\u00bbpink\u00bb size=\u00bblg\u00bb align=\u00bbcenter\u00bb button_block=\u00bbtrue\u00bb link=\u00bburl:https%3A%2F%2Fwww.ull.es%2Fportal%2Fcienciaull%2Ftodasconcienciull%2F\u00bb css=\u00bb.vc_custom_1734690634705{margin-top: 20px !important;margin-bottom: 3px !important;border-top-width: 20px !important;border-bottom-width: 3px !important;padding-top: 20px !important;padding-bottom: 3px !important;}\u00bb][\/vc_column][vc_column width=\u00bb1\/2&#8243;][vc_btn title=\u00bbProyecto Chicas con Cienci@ULL\u00bb color=\u00bbinfo\u00bb size=\u00bblg\u00bb align=\u00bbcenter\u00bb button_block=\u00bbtrue\u00bb link=\u00bburl:https%3A%2F%2Fwww.ull.es%2Fportal%2Fcienciaull%2Fchicasconcienciaull%2F\u00bb css=\u00bb.vc_custom_1734689987162{margin-top: 20px !important;margin-bottom: 3px !important;border-top-width: 20px !important;border-bottom-width: 3px !important;padding-top: 20px !important;padding-bottom: 3px !important;}\u00bb][\/vc_column][\/vc_row][vc_row][vc_column][vc_empty_space height=\u00bb45px\u00bb][vc_custom_heading text=\u00bb11...","og_url":"https:\/\/www.ull.es\/portal\/cienciaull\/11-de-febrero-dia-internacional-de-la-mujer-y-la-nina-en-la-ciencia\/","article_publisher":"https:\/\/www.facebook.com\/CienciaULL\/","article_modified_time":"2026-02-10T10:50:35+00:00","twitter_card":"summary_large_image","twitter_site":"@CienciaULL","twitter_misc":{"Tiempo de lectura":"2 minutos"},"schema":{"@context":"https:\/\/schema.org","@graph":[{"@type":"WebPage","@id":"https:\/\/www.ull.es\/portal\/cienciaull\/11-de-febrero-dia-internacional-de-la-mujer-y-la-nina-en-la-ciencia\/","url":"https:\/\/www.ull.es\/portal\/cienciaull\/11-de-febrero-dia-internacional-de-la-mujer-y-la-nina-en-la-ciencia\/","name":"11 de febrero, D\u00eda Internacional de la Mujer y la Ni\u00f1a en la Ciencia -","isPartOf":{"@id":"https:\/\/www.ull.es\/portal\/cienciaull\/#website"},"datePublished":"2023-02-07T09:21:49+00:00","dateModified":"2026-02-10T10:50:35+00:00","breadcrumb":{"@id":"https:\/\/www.ull.es\/portal\/cienciaull\/11-de-febrero-dia-internacional-de-la-mujer-y-la-nina-en-la-ciencia\/#breadcrumb"},"inLanguage":"es","potentialAction":[{"@type":"ReadAction","target":["https:\/\/www.ull.es\/portal\/cienciaull\/11-de-febrero-dia-internacional-de-la-mujer-y-la-nina-en-la-ciencia\/"]}]},{"@type":"BreadcrumbList","@id":"https:\/\/www.ull.es\/portal\/cienciaull\/11-de-febrero-dia-internacional-de-la-mujer-y-la-nina-en-la-ciencia\/#breadcrumb","itemListElement":[{"@type":"ListItem","position":1,"name":"Portada","item":"https:\/\/www.ull.es\/portal\/cienciaull\/"},{"@type":"ListItem","position":2,"name":"11 de febrero, D\u00eda Internacional de la Mujer y la Ni\u00f1a en la Ciencia"}]},{"@type":"WebSite","@id":"https:\/\/www.ull.es\/portal\/cienciaull\/#website","url":"https:\/\/www.ull.es\/portal\/cienciaull\/","name":"","description":"Unidad de Cultura Cient\u00edfica y de la Innovaci\u00f3n de la Universidad de La Laguna","potentialAction":[{"@type":"SearchAction","target":{"@type":"EntryPoint","urlTemplate":"https:\/\/www.ull.es\/portal\/cienciaull\/?s={search_term_string}"},"query-input":"required name=search_term_string"}],"inLanguage":"es"}]}},"_links":{"self":[{"href":"https:\/\/www.ull.es\/portal\/cienciaull\/wp-json\/wp\/v2\/pages\/20689"}],"collection":[{"href":"https:\/\/www.ull.es\/portal\/cienciaull\/wp-json\/wp\/v2\/pages"}],"about":[{"href":"https:\/\/www.ull.es\/portal\/cienciaull\/wp-json\/wp\/v2\/types\/page"}],"author":[{"embeddable":true,"href":"https:\/\/www.ull.es\/portal\/cienciaull\/wp-json\/wp\/v2\/users\/56"}],"replies":[{"embeddable":true,"href":"https:\/\/www.ull.es\/portal\/cienciaull\/wp-json\/wp\/v2\/comments?post=20689"}],"version-history":[{"count":45,"href":"https:\/\/www.ull.es\/portal\/cienciaull\/wp-json\/wp\/v2\/pages\/20689\/revisions"}],"predecessor-version":[{"id":34377,"href":"https:\/\/www.ull.es\/portal\/cienciaull\/wp-json\/wp\/v2\/pages\/20689\/revisions\/34377"}],"wp:attachment":[{"href":"https:\/\/www.ull.es\/portal\/cienciaull\/wp-json\/wp\/v2\/media?parent=20689"}],"curies":[{"name":"wp","href":"https:\/\/api.w.org\/{rel}","templated":true}]}}