{"id":21366,"date":"2023-03-10T09:34:05","date_gmt":"2023-03-10T09:34:05","guid":{"rendered":"https:\/\/www.ull.es\/portal\/cienciaull\/?page_id=21366"},"modified":"2023-05-10T09:01:04","modified_gmt":"2023-05-10T09:01:04","slug":"inscripcion-macaronight-2023","status":"publish","type":"page","link":"https:\/\/www.ull.es\/portal\/cienciaull\/macaronight-2023\/inscripcion-macaronight-2023\/","title":{"rendered":"Inscripci\u00f3n MacaroNight 2023"},"content":{"rendered":"<p>[vc_row][vc_column]\n<div id=\"rev_slider_233_1_wrapper\" class=\"rev_slider_wrapper fullwidthbanner-container\" data-source=\"gallery\" style=\"margin:0px auto;background:transparent;padding:0px;margin-top:0px;margin-bottom:0px;\">\n<!-- START REVOLUTION SLIDER 5.4.7.3 auto mode -->\n\t<div id=\"rev_slider_233_1\" class=\"rev_slider fullwidthabanner\" style=\"display:none;\" data-version=\"5.4.7.3\">\n<ul>\t<!-- SLIDE  -->\n\t<li data-index=\"rs-265\" data-transition=\"fade\" data-slotamount=\"default\" data-hideafterloop=\"0\" data-hideslideonmobile=\"off\"  data-easein=\"default\" data-easeout=\"default\" data-masterspeed=\"300\"  data-rotate=\"0\"  data-saveperformance=\"off\"  data-title=\"Slide\" data-param1=\"\" data-param2=\"\" data-param3=\"\" data-param4=\"\" data-param5=\"\" data-param6=\"\" data-param7=\"\" data-param8=\"\" data-param9=\"\" data-param10=\"\" data-description=\"\">\n\t\t<!-- MAIN IMAGE -->\n\t\t<img src=\"https:\/\/s12.gifyu.com\/images\/SfIle.jpg\"  alt=\"\"  width=\"1920\" height=\"1080\" data-bgposition=\"center center\" data-bgfit=\"cover\" data-bgrepeat=\"no-repeat\" class=\"rev-slidebg\" data-no-retina>\n\t\t<!-- LAYERS -->\n\t<\/li>\n<\/ul>\n<div class=\"tp-bannertimer tp-bottom\" style=\"visibility: hidden !important;\"><\/div>\t<\/div>\n<script>var htmlDiv = document.getElementById(\"rs-plugin-settings-inline-css\"); var htmlDivCss=\"\";\r\n\t\t\t\tif(htmlDiv) {\r\n\t\t\t\t\thtmlDiv.innerHTML = htmlDiv.innerHTML + htmlDivCss;\r\n\t\t\t\t}else{\r\n\t\t\t\t\tvar htmlDiv = document.createElement(\"div\");\r\n\t\t\t\t\thtmlDiv.innerHTML = \"<style>\" + htmlDivCss + \"<\/style>\";\r\n\t\t\t\t\tdocument.getElementsByTagName(\"head\")[0].appendChild(htmlDiv.childNodes[0]);\r\n\t\t\t\t}\r\n\t\t\t<\/script>\n\t\t<script type=\"text\/javascript\">\r\nif (setREVStartSize!==undefined) setREVStartSize(\r\n\t{c: '#rev_slider_233_1', gridwidth: [1774], gridheight: [658], sliderLayout: 'auto'});\r\n\t\t\t\r\nvar revapi233,\r\n\ttpj;\t\r\n(function() {\t\t\t\r\n\tif (!\/loaded|interactive|complete\/.test(document.readyState)) document.addEventListener(\"DOMContentLoaded\",onLoad); else onLoad();\t\r\n\tfunction onLoad() {\t\t\t\t\r\n\t\tif (tpj===undefined) { tpj = jQuery; if(\"off\" == \"on\") tpj.noConflict();}\r\n\tif(tpj(\"#rev_slider_233_1\").revolution == undefined){\n\t\trevslider_showDoubleJqueryError(\"#rev_slider_233_1\");\n\t}else{\n\t\trevapi233 = tpj(\"#rev_slider_233_1\").show().revolution({\n\t\t\tsliderType:\"hero\",\n\t\t\tjsFileLocation:\"\/\/www.ull.es\/portal\/cienciaull\/wp-content\/plugins\/revslider\/public\/assets\/js\/\",\n\t\t\tsliderLayout:\"auto\",\n\t\t\tdottedOverlay:\"none\",\n\t\t\tdelay:9000,\n\t\t\tvisibilityLevels:[1240,1024,778,480],\n\t\t\tgridwidth:1774,\n\t\t\tgridheight:658,\n\t\t\tlazyType:\"none\",\n\t\t\tshadow:0,\n\t\t\tspinner:\"spinner0\",\n\t\t\tautoHeight:\"off\",\n\t\t\tdisableProgressBar:\"on\",\n\t\t\thideThumbsOnMobile:\"off\",\n\t\t\thideSliderAtLimit:0,\n\t\t\thideCaptionAtLimit:0,\n\t\t\thideAllCaptionAtLilmit:0,\n\t\t\tdebugMode:false,\n\t\t\tfallbacks: {\n\t\t\t\tsimplifyAll:\"off\",\n\t\t\t\tdisableFocusListener:false,\n\t\t\t}\n\t\t});\n\t}; \/* END OF revapi call *\/\n\t\n }; \/* END OF ON LOAD FUNCTION *\/\r\n}()); \/* END OF WRAPPING FUNCTION *\/\r\n<\/script>\r\n\t\t<\/div><!-- END REVOLUTION SLIDER -->[vc_separator color=\u00bbcustom\u00bb border_width=\u00bb10&#8243; accent_color=\u00bb#1e73be\u00bb][\/vc_column][\/vc_row][vc_row][vc_column width=\u00bb2\/3&#8243;][vc_empty_space height=\u00bb40px\u00bb][vc_custom_heading text=\u00bb<strong>Inscripci\u00f3n<\/strong>\u00bb font_container=\u00bbtag:h2|text_align:left|color:%231e73be\u00bb google_fonts=\u00bbfont_family:Roboto%20Slab%3A100%2C300%2Cregular%2C700|font_style:700%20bold%20regular%3A700%3Anormal\u00bb css=\u00bb.vc_custom_1678368996564{margin-bottom: 12px !important;border-bottom-width: 12px !important;padding-bottom: 12px !important;}\u00bb][vc_column_text]<\/p>\n<p style=\"text-align: justify\">Formulario de inscripci\u00f3n en las Rutas Cient\u00edficas de la ULL:<\/p>\n<p>[\/vc_column_text][vc_btn title=\u00bbInscripci\u00f3n\u00bb color=\u00bbviolet\u00bb align=\u00bbcenter\u00bb button_block=\u00bbtrue\u00bb link=\u00bburl:https%3A%2F%2Fdocs.google.com%2Fforms%2Fd%2Fe%2F1FAIpQLSdkCqFfFxz4EwTJmsELCLegz5ahnh7&#8211;hTT7oed54n09wv1vA%2Fviewform\u00bb][vc_column_text]Formulario de inscripci\u00f3n en el Laboratorio Virtual Conecta Cienci@ULL:[\/vc_column_text][vc_btn title=\u00bbInscripci\u00f3n\u00bb color=\u00bbprimary\u00bb align=\u00bbcenter\u00bb button_block=\u00bbtrue\u00bb link=\u00bburl:https%3A%2F%2Fdocs.google.com%2Fforms%2Fd%2F16USvSf7rmD-ae7EVlnEHbM9pPd4EO3DdRHHaOyD1mwc%2Fviewform%3Fedit_requested%3Dtrue%23responses\u00bb][vc_column_text]<\/p>\n<p style=\"text-align: justify\">Formulario de inscripci\u00f3n para el XI Concurso de Divulgaci\u00f3n Cient\u00edfica para la juventud investigadora de Canarias:<\/p>\n<p>[\/vc_column_text][vc_btn title=\u00bbInscripci\u00f3n\u00bb color=\u00bbblue\u00bb align=\u00bbcenter\u00bb button_block=\u00bbtrue\u00bb link=\u00bburl:https%3A%2F%2Fdocs.google.com%2Fforms%2Fd%2Fe%2F1FAIpQLSdr8FQl_l36YHsCsxVG3DkTYItCsCKOwPtjrFHeXTnh7VnddQ%2Fviewform\u00bb][vc_column_text]<\/p>\n<p style=\"text-align: justify\">Formulario de inscripci\u00f3n para el IV Concurso escolar \u00abMaletas Cient\u00edficas\u00bb de Canarias:<\/p>\n<p>[\/vc_column_text][vc_btn title=\u00bbInscripci\u00f3n\u00bb color=\u00bbviolet\u00bb align=\u00bbcenter\u00bb button_block=\u00bbtrue\u00bb link=\u00bburl:https%3A%2F%2Fdocs.google.com%2Fforms%2Fd%2Fe%2F1FAIpQLSdIHU8tsd1_EQ-ust0tHU-410Kdml6A6LHo7U8HGi-b0IsPsg%2Fviewform\u00bb][vc_column_text]<\/p>\n<p style=\"text-align: justify\">Formulario de inscripci\u00f3n para la Feria de las Vocaciones Cient\u00edficas y Profesionales de Canarias:<\/p>\n<p>[\/vc_column_text][vc_btn title=\u00bbInscripci\u00f3n\u00bb color=\u00bbpeacoc\u00bb align=\u00bbcenter\u00bb button_block=\u00bbtrue\u00bb][\/vc_column][vc_column width=\u00bb1\/3&#8243;][vc_empty_space height=\u00bb100px\u00bb][vc_btn title=\u00bbPresentaci\u00f3n\u00bb color=\u00bbviolet\u00bb align=\u00bbcenter\u00bb button_block=\u00bbtrue\u00bb css=\u00bb.vc_custom_1678440702189{margin-bottom: 3px !important;border-bottom-width: 3px !important;padding-bottom: 3px !important;}\u00bb link=\u00bburl:https%3A%2F%2Fwww.ull.es%2Fportal%2Fcienciaull%2Fmacaronight-2023%2F\u00bb][vc_btn title=\u00bbPrograma de actividades 2023&#8243; color=\u00bbblue\u00bb align=\u00bbcenter\u00bb button_block=\u00bbtrue\u00bb css=\u00bb.vc_custom_1678440711234{margin-bottom: 3px !important;border-bottom-width: 3px !important;padding-bottom: 3px !important;}\u00bb link=\u00bburl:https%3A%2F%2Fwww.ull.es%2Fportal%2Fcienciaull%2Fprograma-de-actividades-2023-macaronight%2F\u00bb][vc_btn title=\u00bbPre-actividades 2023&#8243; color=\u00bbprimary\u00bb align=\u00bbcenter\u00bb button_block=\u00bbtrue\u00bb css=\u00bb.vc_custom_1678440719704{margin-bottom: 3px !important;border-bottom-width: 3px !important;padding-bottom: 3px !important;}\u00bb link=\u00bburl:%20https%3A%2F%2Fwww.ull.es%2Fportal%2Fcienciaull%2Fpre-actividades-macaronight-2023%2F\u00bb][vc_btn title=\u00bbActividades 2023&#8243; color=\u00bbturquoise\u00bb align=\u00bbcenter\u00bb button_block=\u00bbtrue\u00bb css=\u00bb.vc_custom_1678369285323{margin-bottom: 3px !important;border-bottom-width: 3px !important;padding-bottom: 3px !important;}\u00bb][vc_btn title=\u00bbPersonal investigador participante\u00bb color=\u00bbsky\u00bb align=\u00bbcenter\u00bb button_block=\u00bbtrue\u00bb css=\u00bb.vc_custom_1683709262322{margin-bottom: 3px !important;border-bottom-width: 3px !important;padding-bottom: 3px !important;}\u00bb link=\u00bburl:https%3A%2F%2Fwww.ull.es%2Fportal%2Fcienciaull%2Fmacaronight-2023-personal-investigador-participante%2F\u00bb][vc_btn title=\u00bbEntidades colaboradoras\u00bb color=\u00bbturquoise\u00bb align=\u00bbcenter\u00bb button_block=\u00bbtrue\u00bb css=\u00bb.vc_custom_1678442989698{margin-bottom: 3px !important;border-bottom-width: 3px !important;padding-bottom: 3px !important;}\u00bb link=\u00bburl:https%3A%2F%2Fwww.ull.es%2Fportal%2Fcienciaull%2Fmacaronight-2022%2Fentidades-colaboradoras-2%2F\u00bb][vc_btn title=\u00bbMacaroNight 2022&#8243; color=\u00bbvista-blue\u00bb align=\u00bbcenter\u00bb button_block=\u00bbtrue\u00bb css=\u00bb.vc_custom_1678440778550{margin-bottom: 3px !important;border-bottom-width: 3px !important;padding-bottom: 3px !important;}\u00bb link=\u00bburl:https%3A%2F%2Fwww.ull.es%2Fportal%2Fcienciaull%2Fmacaronight-2022%2F\u00bb][\/vc_column][\/vc_row]<\/p>\n","protected":false},"excerpt":{"rendered":"<p>[vc_row][vc_column][vc_separator color=\u00bbcustom\u00bb border_width=\u00bb10&#8243; accent_color=\u00bb#1e73be\u00bb][\/vc_column][\/vc_row][vc_row][vc_column width=\u00bb2\/3&#8243;][vc_empty_space height=\u00bb40px\u00bb][vc_custom_heading text=\u00bbInscripci\u00f3n\u00bb font_container=\u00bbtag:h2|text_align:left|color:%231e73be\u00bb google_fonts=\u00bbfont_family:Roboto%20Slab%3A100%2C300%2Cregular%2C700|font_style:700%20bold%20regular%3A700%3Anormal\u00bb css=\u00bb.vc_custom_1678368996564{margin-bottom: 12px !important;border-bottom-width: 12px !important;padding-bottom: 12px !important;}\u00bb][vc_column_text] Formulario de inscripci\u00f3n en las Rutas Cient\u00edficas de la ULL: [\/vc_column_text][vc_btn title=\u00bbInscripci\u00f3n\u00bb color=\u00bbviolet\u00bb align=\u00bbcenter\u00bb button_block=\u00bbtrue\u00bb link=\u00bburl:https%3A%2F%2Fdocs.google.com%2Fforms%2Fd%2Fe%2F1FAIpQLSdkCqFfFxz4EwTJmsELCLegz5ahnh7&#8211;hTT7oed54n09wv1vA%2Fviewform\u00bb][vc_column_text]Formulario de inscripci\u00f3n en el Laboratorio Virtual Conecta Cienci@ULL:[\/vc_column_text][vc_btn title=\u00bbInscripci\u00f3n\u00bb color=\u00bbprimary\u00bb align=\u00bbcenter\u00bb button_block=\u00bbtrue\u00bb link=\u00bburl:https%3A%2F%2Fdocs.google.com%2Fforms%2Fd%2F16USvSf7rmD-ae7EVlnEHbM9pPd4EO3DdRHHaOyD1mwc%2Fviewform%3Fedit_requested%3Dtrue%23responses\u00bb][vc_column_text] Formulario de inscripci\u00f3n para el XI Concurso de Divulgaci\u00f3n Cient\u00edfica&#8230;<\/p>\n","protected":false},"author":56,"featured_media":0,"parent":21200,"menu_order":0,"comment_status":"closed","ping_status":"closed","template":"templates\/cienciaull.php","meta":{"inline_featured_image":false,"footnotes":""},"acf":[],"yoast_head":"<!-- This site is optimized with the Yoast SEO plugin v21.3 - https:\/\/yoast.com\/wordpress\/plugins\/seo\/ -->\n<title>Inscripci\u00f3n MacaroNight 2023 -<\/title>\n<meta name=\"robots\" content=\"index, follow, max-snippet:-1, max-image-preview:large, max-video-preview:-1\" \/>\n<link rel=\"canonical\" href=\"https:\/\/www.ull.es\/portal\/cienciaull\/macaronight-2023\/inscripcion-macaronight-2023\/\" \/>\n<meta property=\"og:locale\" content=\"es_ES\" \/>\n<meta property=\"og:type\" content=\"article\" \/>\n<meta property=\"og:title\" content=\"Inscripci\u00f3n MacaroNight 2023 -\" \/>\n<meta property=\"og:description\" content=\"[vc_row][vc_column][vc_separator color=\u00bbcustom\u00bb border_width=\u00bb10&#8243; accent_color=\u00bb#1e73be\u00bb][\/vc_column][\/vc_row][vc_row][vc_column width=\u00bb2\/3&#8243;][vc_empty_space height=\u00bb40px\u00bb][vc_custom_heading text=\u00bbInscripci\u00f3n\u00bb font_container=\u00bbtag:h2|text_align:left|color:%231e73be\u00bb google_fonts=\u00bbfont_family:Roboto%20Slab%3A100%2C300%2Cregular%2C700|font_style:700%20bold%20regular%3A700%3Anormal\u00bb css=\u00bb.vc_custom_1678368996564{margin-bottom: 12px !important;border-bottom-width: 12px !important;padding-bottom: 12px !important;}\u00bb][vc_column_text] Formulario de inscripci\u00f3n en las Rutas Cient\u00edficas de la ULL: [\/vc_column_text][vc_btn title=\u00bbInscripci\u00f3n\u00bb color=\u00bbviolet\u00bb align=\u00bbcenter\u00bb button_block=\u00bbtrue\u00bb link=\u00bburl:https%3A%2F%2Fdocs.google.com%2Fforms%2Fd%2Fe%2F1FAIpQLSdkCqFfFxz4EwTJmsELCLegz5ahnh7&#8211;hTT7oed54n09wv1vA%2Fviewform\u00bb][vc_column_text]Formulario de inscripci\u00f3n en el Laboratorio Virtual Conecta Cienci@ULL:[\/vc_column_text][vc_btn title=\u00bbInscripci\u00f3n\u00bb color=\u00bbprimary\u00bb align=\u00bbcenter\u00bb button_block=\u00bbtrue\u00bb link=\u00bburl:https%3A%2F%2Fdocs.google.com%2Fforms%2Fd%2F16USvSf7rmD-ae7EVlnEHbM9pPd4EO3DdRHHaOyD1mwc%2Fviewform%3Fedit_requested%3Dtrue%23responses\u00bb][vc_column_text] Formulario de inscripci\u00f3n para el XI Concurso de Divulgaci\u00f3n Cient\u00edfica...\" \/>\n<meta property=\"og:url\" content=\"https:\/\/www.ull.es\/portal\/cienciaull\/macaronight-2023\/inscripcion-macaronight-2023\/\" \/>\n<meta property=\"article:publisher\" content=\"https:\/\/www.facebook.com\/CienciaULL\/\" \/>\n<meta property=\"article:modified_time\" content=\"2023-05-10T09:01:04+00:00\" \/>\n<meta name=\"twitter:card\" content=\"summary_large_image\" \/>\n<meta name=\"twitter:site\" content=\"@CienciaULL\" \/>\n<meta name=\"twitter:label1\" content=\"Tiempo de lectura\" \/>\n\t<meta name=\"twitter:data1\" content=\"1 minuto\" \/>\n<script type=\"application\/ld+json\" class=\"yoast-schema-graph\">{\"@context\":\"https:\/\/schema.org\",\"@graph\":[{\"@type\":\"WebPage\",\"@id\":\"https:\/\/www.ull.es\/portal\/cienciaull\/macaronight-2023\/inscripcion-macaronight-2023\/\",\"url\":\"https:\/\/www.ull.es\/portal\/cienciaull\/macaronight-2023\/inscripcion-macaronight-2023\/\",\"name\":\"Inscripci\u00f3n MacaroNight 2023 -\",\"isPartOf\":{\"@id\":\"https:\/\/www.ull.es\/portal\/cienciaull\/#website\"},\"datePublished\":\"2023-03-10T09:34:05+00:00\",\"dateModified\":\"2023-05-10T09:01:04+00:00\",\"breadcrumb\":{\"@id\":\"https:\/\/www.ull.es\/portal\/cienciaull\/macaronight-2023\/inscripcion-macaronight-2023\/#breadcrumb\"},\"inLanguage\":\"es\",\"potentialAction\":[{\"@type\":\"ReadAction\",\"target\":[\"https:\/\/www.ull.es\/portal\/cienciaull\/macaronight-2023\/inscripcion-macaronight-2023\/\"]}]},{\"@type\":\"BreadcrumbList\",\"@id\":\"https:\/\/www.ull.es\/portal\/cienciaull\/macaronight-2023\/inscripcion-macaronight-2023\/#breadcrumb\",\"itemListElement\":[{\"@type\":\"ListItem\",\"position\":1,\"name\":\"Portada\",\"item\":\"https:\/\/www.ull.es\/portal\/cienciaull\/\"},{\"@type\":\"ListItem\",\"position\":2,\"name\":\"MacaroNight 2023\",\"item\":\"https:\/\/www.ull.es\/portal\/cienciaull\/macaronight-2023\/\"},{\"@type\":\"ListItem\",\"position\":3,\"name\":\"Inscripci\u00f3n MacaroNight 2023\"}]},{\"@type\":\"WebSite\",\"@id\":\"https:\/\/www.ull.es\/portal\/cienciaull\/#website\",\"url\":\"https:\/\/www.ull.es\/portal\/cienciaull\/\",\"name\":\"\",\"description\":\"Unidad de Cultura Cient\u00edfica y de la Innovaci\u00f3n de la Universidad de La Laguna\",\"potentialAction\":[{\"@type\":\"SearchAction\",\"target\":{\"@type\":\"EntryPoint\",\"urlTemplate\":\"https:\/\/www.ull.es\/portal\/cienciaull\/?s={search_term_string}\"},\"query-input\":\"required name=search_term_string\"}],\"inLanguage\":\"es\"}]}<\/script>\n<!-- \/ Yoast SEO plugin. -->","yoast_head_json":{"title":"Inscripci\u00f3n MacaroNight 2023 -","robots":{"index":"index","follow":"follow","max-snippet":"max-snippet:-1","max-image-preview":"max-image-preview:large","max-video-preview":"max-video-preview:-1"},"canonical":"https:\/\/www.ull.es\/portal\/cienciaull\/macaronight-2023\/inscripcion-macaronight-2023\/","og_locale":"es_ES","og_type":"article","og_title":"Inscripci\u00f3n MacaroNight 2023 -","og_description":"[vc_row][vc_column][vc_separator color=\u00bbcustom\u00bb border_width=\u00bb10&#8243; accent_color=\u00bb#1e73be\u00bb][\/vc_column][\/vc_row][vc_row][vc_column width=\u00bb2\/3&#8243;][vc_empty_space height=\u00bb40px\u00bb][vc_custom_heading text=\u00bbInscripci\u00f3n\u00bb font_container=\u00bbtag:h2|text_align:left|color:%231e73be\u00bb google_fonts=\u00bbfont_family:Roboto%20Slab%3A100%2C300%2Cregular%2C700|font_style:700%20bold%20regular%3A700%3Anormal\u00bb css=\u00bb.vc_custom_1678368996564{margin-bottom: 12px !important;border-bottom-width: 12px !important;padding-bottom: 12px !important;}\u00bb][vc_column_text] Formulario de inscripci\u00f3n en las Rutas Cient\u00edficas de la ULL: [\/vc_column_text][vc_btn title=\u00bbInscripci\u00f3n\u00bb color=\u00bbviolet\u00bb align=\u00bbcenter\u00bb button_block=\u00bbtrue\u00bb link=\u00bburl:https%3A%2F%2Fdocs.google.com%2Fforms%2Fd%2Fe%2F1FAIpQLSdkCqFfFxz4EwTJmsELCLegz5ahnh7&#8211;hTT7oed54n09wv1vA%2Fviewform\u00bb][vc_column_text]Formulario de inscripci\u00f3n en el Laboratorio Virtual Conecta Cienci@ULL:[\/vc_column_text][vc_btn title=\u00bbInscripci\u00f3n\u00bb color=\u00bbprimary\u00bb align=\u00bbcenter\u00bb button_block=\u00bbtrue\u00bb link=\u00bburl:https%3A%2F%2Fdocs.google.com%2Fforms%2Fd%2F16USvSf7rmD-ae7EVlnEHbM9pPd4EO3DdRHHaOyD1mwc%2Fviewform%3Fedit_requested%3Dtrue%23responses\u00bb][vc_column_text] Formulario de inscripci\u00f3n para el XI Concurso de Divulgaci\u00f3n Cient\u00edfica...","og_url":"https:\/\/www.ull.es\/portal\/cienciaull\/macaronight-2023\/inscripcion-macaronight-2023\/","article_publisher":"https:\/\/www.facebook.com\/CienciaULL\/","article_modified_time":"2023-05-10T09:01:04+00:00","twitter_card":"summary_large_image","twitter_site":"@CienciaULL","twitter_misc":{"Tiempo de lectura":"1 minuto"},"schema":{"@context":"https:\/\/schema.org","@graph":[{"@type":"WebPage","@id":"https:\/\/www.ull.es\/portal\/cienciaull\/macaronight-2023\/inscripcion-macaronight-2023\/","url":"https:\/\/www.ull.es\/portal\/cienciaull\/macaronight-2023\/inscripcion-macaronight-2023\/","name":"Inscripci\u00f3n MacaroNight 2023 -","isPartOf":{"@id":"https:\/\/www.ull.es\/portal\/cienciaull\/#website"},"datePublished":"2023-03-10T09:34:05+00:00","dateModified":"2023-05-10T09:01:04+00:00","breadcrumb":{"@id":"https:\/\/www.ull.es\/portal\/cienciaull\/macaronight-2023\/inscripcion-macaronight-2023\/#breadcrumb"},"inLanguage":"es","potentialAction":[{"@type":"ReadAction","target":["https:\/\/www.ull.es\/portal\/cienciaull\/macaronight-2023\/inscripcion-macaronight-2023\/"]}]},{"@type":"BreadcrumbList","@id":"https:\/\/www.ull.es\/portal\/cienciaull\/macaronight-2023\/inscripcion-macaronight-2023\/#breadcrumb","itemListElement":[{"@type":"ListItem","position":1,"name":"Portada","item":"https:\/\/www.ull.es\/portal\/cienciaull\/"},{"@type":"ListItem","position":2,"name":"MacaroNight 2023","item":"https:\/\/www.ull.es\/portal\/cienciaull\/macaronight-2023\/"},{"@type":"ListItem","position":3,"name":"Inscripci\u00f3n MacaroNight 2023"}]},{"@type":"WebSite","@id":"https:\/\/www.ull.es\/portal\/cienciaull\/#website","url":"https:\/\/www.ull.es\/portal\/cienciaull\/","name":"","description":"Unidad de Cultura Cient\u00edfica y de la Innovaci\u00f3n de la Universidad de La Laguna","potentialAction":[{"@type":"SearchAction","target":{"@type":"EntryPoint","urlTemplate":"https:\/\/www.ull.es\/portal\/cienciaull\/?s={search_term_string}"},"query-input":"required name=search_term_string"}],"inLanguage":"es"}]}},"_links":{"self":[{"href":"https:\/\/www.ull.es\/portal\/cienciaull\/wp-json\/wp\/v2\/pages\/21366"}],"collection":[{"href":"https:\/\/www.ull.es\/portal\/cienciaull\/wp-json\/wp\/v2\/pages"}],"about":[{"href":"https:\/\/www.ull.es\/portal\/cienciaull\/wp-json\/wp\/v2\/types\/page"}],"author":[{"embeddable":true,"href":"https:\/\/www.ull.es\/portal\/cienciaull\/wp-json\/wp\/v2\/users\/56"}],"replies":[{"embeddable":true,"href":"https:\/\/www.ull.es\/portal\/cienciaull\/wp-json\/wp\/v2\/comments?post=21366"}],"version-history":[{"count":14,"href":"https:\/\/www.ull.es\/portal\/cienciaull\/wp-json\/wp\/v2\/pages\/21366\/revisions"}],"predecessor-version":[{"id":22925,"href":"https:\/\/www.ull.es\/portal\/cienciaull\/wp-json\/wp\/v2\/pages\/21366\/revisions\/22925"}],"up":[{"embeddable":true,"href":"https:\/\/www.ull.es\/portal\/cienciaull\/wp-json\/wp\/v2\/pages\/21200"}],"wp:attachment":[{"href":"https:\/\/www.ull.es\/portal\/cienciaull\/wp-json\/wp\/v2\/media?parent=21366"}],"curies":[{"name":"wp","href":"https:\/\/api.w.org\/{rel}","templated":true}]}}