{"id":23527,"date":"2023-05-22T08:33:26","date_gmt":"2023-05-22T08:33:26","guid":{"rendered":"https:\/\/www.ull.es\/portal\/cienciaull\/?page_id=23527"},"modified":"2023-07-18T13:08:57","modified_gmt":"2023-07-18T13:08:57","slug":"entrevista-semanal-radio-chicas-con-cienciull","status":"publish","type":"page","link":"https:\/\/www.ull.es\/portal\/cienciaull\/entrevista-semanal-radio-chicas-con-cienciull\/","title":{"rendered":"Media Chicas con Cienci@ULL"},"content":{"rendered":"<p>[vc_row][vc_column]\n<div id=\"rev_slider_61_1_wrapper\" class=\"rev_slider_wrapper fullwidthbanner-container\" data-source=\"gallery\" style=\"margin:0px auto;background:transparent;padding:0px;margin-top:0px;margin-bottom:0px;\">\n<!-- START REVOLUTION SLIDER 5.4.7.3 auto mode -->\n\t<div id=\"rev_slider_61_1\" class=\"rev_slider fullwidthabanner\" style=\"display:none;\" data-version=\"5.4.7.3\">\n<ul>\t<!-- SLIDE  -->\n\t<li data-index=\"rs-87\" data-transition=\"fade\" data-slotamount=\"default\" data-hideafterloop=\"0\" data-hideslideonmobile=\"off\"  data-easein=\"default\" data-easeout=\"default\" data-masterspeed=\"300\"  data-rotate=\"0\"  data-saveperformance=\"off\"  data-title=\"Slide\" data-param1=\"\" data-param2=\"\" data-param3=\"\" data-param4=\"\" data-param5=\"\" data-param6=\"\" data-param7=\"\" data-param8=\"\" data-param9=\"\" data-param10=\"\" data-description=\"\">\n\t\t<!-- MAIN IMAGE -->\n\t\t<img src=\"https:\/\/www.ull.es\/portal\/cienciaull\/wp-content\/plugins\/revslider\/admin\/assets\/images\/transparent.png\"  alt=\"\" title=\"Media Chicas con Cienci@ULL\"  data-bgposition=\"center center\" data-bgfit=\"cover\" data-bgrepeat=\"no-repeat\" class=\"rev-slidebg\" data-no-retina>\n\t\t<!-- LAYERS -->\n\n\t\t<!-- LAYER NR. 1 -->\n\t\t<div class=\"tp-caption   tp-resizeme\" \n\t\t\t id=\"slide-87-layer-1\" \n\t\t\t data-x=\"-180\" \n\t\t\t data-y=\"6\" \n\t\t\t\t\t\tdata-width=\"['none','none','none','none']\"\n\t\t\tdata-height=\"['none','none','none','none']\"\n \n\t\t\tdata-type=\"image\" \n\t\t\tdata-responsive_offset=\"on\" \n\n\t\t\tdata-frames='[{\"delay\":0,\"speed\":300,\"frame\":\"0\",\"from\":\"opacity:0;\",\"to\":\"o:1;\",\"ease\":\"Power3.easeInOut\"},{\"delay\":\"wait\",\"speed\":300,\"frame\":\"999\",\"to\":\"opacity:0;\",\"ease\":\"Power3.easeInOut\"}]'\n\t\t\tdata-textAlign=\"['inherit','inherit','inherit','inherit']\"\n\t\t\tdata-paddingtop=\"[0,0,0,0]\"\n\t\t\tdata-paddingright=\"[0,0,0,0]\"\n\t\t\tdata-paddingbottom=\"[0,0,0,0]\"\n\t\t\tdata-paddingleft=\"[0,0,0,0]\"\n\n\t\t\tstyle=\"z-index: 5;\"><img src=\"https:\/\/www.ull.es\/portal\/cienciaull\/wp-content\/uploads\/sites\/24\/2021\/07\/Chicas-con-CienciaULL1.1..jpg\" alt=\"\" data-ww=\"1600px\" data-hh=\"600px\" width=\"1600\" height=\"600\" data-no-retina> <\/div>\n\t<\/li>\n<\/ul>\n<div class=\"tp-bannertimer tp-bottom\" style=\"visibility: hidden !important;\"><\/div>\t<\/div>\n<script>var htmlDiv = document.getElementById(\"rs-plugin-settings-inline-css\"); var htmlDivCss=\"\";\r\n\t\t\t\tif(htmlDiv) {\r\n\t\t\t\t\thtmlDiv.innerHTML = htmlDiv.innerHTML + htmlDivCss;\r\n\t\t\t\t}else{\r\n\t\t\t\t\tvar htmlDiv = document.createElement(\"div\");\r\n\t\t\t\t\thtmlDiv.innerHTML = \"<style>\" + htmlDivCss + \"<\/style>\";\r\n\t\t\t\t\tdocument.getElementsByTagName(\"head\")[0].appendChild(htmlDiv.childNodes[0]);\r\n\t\t\t\t}\r\n\t\t\t<\/script>\n\t\t<script type=\"text\/javascript\">\r\nif (setREVStartSize!==undefined) setREVStartSize(\r\n\t{c: '#rev_slider_61_1', gridwidth: [1420], gridheight: [600], sliderLayout: 'auto'});\r\n\t\t\t\r\nvar revapi61,\r\n\ttpj;\t\r\n(function() {\t\t\t\r\n\tif (!\/loaded|interactive|complete\/.test(document.readyState)) document.addEventListener(\"DOMContentLoaded\",onLoad); else onLoad();\t\r\n\tfunction onLoad() {\t\t\t\t\r\n\t\tif (tpj===undefined) { tpj = jQuery; if(\"off\" == \"on\") tpj.noConflict();}\r\n\tif(tpj(\"#rev_slider_61_1\").revolution == undefined){\n\t\trevslider_showDoubleJqueryError(\"#rev_slider_61_1\");\n\t}else{\n\t\trevapi61 = tpj(\"#rev_slider_61_1\").show().revolution({\n\t\t\tsliderType:\"hero\",\n\t\t\tjsFileLocation:\"\/\/www.ull.es\/portal\/cienciaull\/wp-content\/plugins\/revslider\/public\/assets\/js\/\",\n\t\t\tsliderLayout:\"auto\",\n\t\t\tdottedOverlay:\"none\",\n\t\t\tdelay:9000,\n\t\t\tvisibilityLevels:[1240,1024,778,480],\n\t\t\tgridwidth:1420,\n\t\t\tgridheight:600,\n\t\t\tlazyType:\"none\",\n\t\t\tshadow:0,\n\t\t\tspinner:\"spinner0\",\n\t\t\tautoHeight:\"off\",\n\t\t\tdisableProgressBar:\"on\",\n\t\t\thideThumbsOnMobile:\"off\",\n\t\t\thideSliderAtLimit:0,\n\t\t\thideCaptionAtLimit:0,\n\t\t\thideAllCaptionAtLilmit:0,\n\t\t\tdebugMode:false,\n\t\t\tfallbacks: {\n\t\t\t\tsimplifyAll:\"off\",\n\t\t\t\tdisableFocusListener:false,\n\t\t\t}\n\t\t});\n\t}; \/* END OF revapi call *\/\n\t\n }; \/* END OF ON LOAD FUNCTION *\/\r\n}()); \/* END OF WRAPPING FUNCTION *\/\r\n<\/script>\r\n\t\t<\/div><!-- END REVOLUTION SLIDER -->[vc_separator color=\u00bbcustom\u00bb border_width=\u00bb10&#8243; accent_color=\u00bb#edbb66&#8243; css=\u00bb.vc_custom_1684748521809{margin-top: -5px !important;}\u00bb][vc_empty_space][\/vc_column][\/vc_row][vc_row][vc_column width=\u00bb2\/3&#8243;][vc_custom_heading text=\u00bbMedia Chicas con Cienci@ULL\u00bb font_container=\u00bbtag:h2|text_align:left|color:%23edbb66&#8243; google_fonts=\u00bbfont_family:Roboto%3A100%2C100italic%2C300%2C300italic%2Cregular%2Citalic%2C500%2C500italic%2C700%2C700italic%2C900%2C900italic|font_style:700%20bold%20regular%3A700%3Anormal\u00bb css=\u00bb.vc_custom_1684829328852{margin-top: 5px !important;border-top-width: 5px !important;padding-top: 5px !important;}\u00bb][vc_custom_heading text=\u00bb<strong>Programa radiof\u00f3nico &#8216;El Laboratorio de Marie Curie&#8217;<strong>\u00bb font_container=\u00bbtag:h4|text_align:left|color:%23018da8&#8243; google_fonts=\u00bbfont_family:Roboto%3A100%2C100italic%2C300%2C300italic%2Cregular%2Citalic%2C500%2C500italic%2C700%2C700italic%2C900%2C900italic|font_style:700%20bold%20regular%3A700%3Anormal\u00bb css=\u00bb.vc_custom_1684829796422{margin-top: -25px !important;border-top-width: -25px !important;padding-top: -25px !important;}\u00bb][vc_empty_space height=\u00bb20px\u00bb][vc_column_text css=\u00bb.vc_custom_1684832702029{margin-top: -40px !important;}\u00bb]<\/strong><\/strong><\/p>\n<p style=\"text-align: justify\"><span style=\"color: #edbb66\"><strong>Chicas con Cienci@ULL<\/strong> <\/span>colabora en la secci\u00f3n radiof\u00f3nica de <span style=\"color: #018da8\"><strong>&#8216;El Laboratorio de Marie Curie&#8217;<\/strong><\/span> de <strong>&#8216;Canarias Radio La Auton\u00f3mica&#8217;<\/strong>, presentado por la periodista Carolina Armas. As\u00ed, Armas entrevista cada viernes a una de las investigadoras de la Universidad de La Laguna y participantes de la serie divulgativa Chicas con Cienci@ULL.<\/p>\n<p style=\"text-align: justify\">La\u00a0<span style=\"color: #edbb66\"><strong>Serie Chicas con Cienci@ULL<\/strong>\u00a0<\/span>es una serie audiovisual, de car\u00e1cter divulgativa y educativa, que tiene como finalidad\u00a0\u201cfomentar las vocaciones cient\u00edficas y tecnol\u00f3gicas entre las j\u00f3venes canarias, para mejorar su rendimiento escolar e incrementar su inter\u00e9s por realizar estudios superiores, que les ayuden a alcanzar un mejor puesto laboral\u201d, a trav\u00e9s del testimonio de investigadoras de la Universidad de La Laguna, pertenecientes a diferentes \u00e1mbitos cient\u00edficos y sociales.<\/p>\n<p>[\/vc_column_text][\/vc_column][vc_column width=\u00bb1\/4&#8243;][vc_empty_space height=\u00bb115px\u00bb][vc_btn title=\u00bbSerie Chicas Con Cienci@ULL\u00bb color=\u00bbpink\u00bb size=\u00bblg\u00bb align=\u00bbcenter\u00bb button_block=\u00bbtrue\u00bb link=\u00bburl:https%3A%2F%2Fwww.ull.es%2Fportal%2Fcienciaull%2Fchicasconcienciaull%2F\u00bb][\/vc_column][\/vc_row][vc_row][vc_column width=\u00bb1\/3&#8243;][vc_empty_space height=\u00bb20&#8243;][vc_single_image source=\u00bbexternal_link\u00bb onclick=\u00bbcustom_link\u00bb custom_src=\u00bbhttps:\/\/www.ull.es\/portal\/cienciaull\/wp-content\/uploads\/sites\/24\/2023\/05\/Proyecto-nuevo.jpg\u00bb link=\u00bbhttps:\/\/go.ivoox.com\/rf\/107824818&#8243;][vc_column_text]<\/p>\n<p style=\"text-align: center\"><span style=\"color: #edbb66\"><strong>Entrevista Victoria Marzol, ge\u00f3grafa<\/strong><\/span><\/p>\n<p>[\/vc_column_text][\/vc_column][vc_column width=\u00bb1\/3&#8243;][vc_empty_space height=\u00bb20&#8243;][vc_single_image source=\u00bbexternal_link\u00bb onclick=\u00bbcustom_link\u00bb custom_src=\u00bbhttps:\/\/www.ull.es\/portal\/cienciaull\/wp-content\/uploads\/sites\/24\/2023\/05\/Rancel.jpg\u00bb link=\u00bbhttps:\/\/go.ivoox.com\/rf\/108431052&#8243;][vc_column_text]<\/p>\n<p style=\"text-align: center\"><span style=\"color: #edbb66\"><strong>Entrevista Nereida Rancel, bot\u00e1nica<\/strong><\/span><\/p>\n<p>[\/vc_column_text][\/vc_column][vc_column width=\u00bb1\/4&#8243;][\/vc_column][\/vc_row][vc_row][vc_column width=\u00bb1\/3&#8243;][vc_empty_space height=\u00bb20&#8243;][vc_single_image source=\u00bbexternal_link\u00bb onclick=\u00bbcustom_link\u00bb link=\u00bbhttps:\/\/go.ivoox.com\/rf\/108770081&#8243; custom_src=\u00bbhttps:\/\/www.ull.es\/portal\/cienciaull\/wp-content\/uploads\/sites\/24\/2023\/05\/Silvia-Alonso.jpg\u00bb][vc_column_text]<\/p>\n<p style=\"text-align: center\"><span style=\"color: #edbb66\"><strong>Entrevista Silvia Alonso, f\u00edsica<\/strong><\/span><\/p>\n<p>[\/vc_column_text][\/vc_column][vc_column width=\u00bb1\/3&#8243;][vc_empty_space height=\u00bb20&#8243;][vc_single_image source=\u00bbexternal_link\u00bb onclick=\u00bbcustom_link\u00bb custom_src=\u00bbhttps:\/\/www.ull.es\/portal\/cienciaull\/wp-content\/uploads\/sites\/24\/2023\/06\/Proyecto-nuevo.jpg\u00bb link=\u00bbhttps:\/\/go.ivoox.com\/rf\/109451808&#8243;][vc_column_text]<\/p>\n<p style=\"text-align: center\"><span style=\"color: #edbb66\"><strong>Entrevista Raquel Modino, antrop\u00f3loga<\/strong><\/span><\/p>\n<p>[\/vc_column_text][\/vc_column][vc_column width=\u00bb1\/4&#8243;][\/vc_column][\/vc_row][vc_row][vc_column width=\u00bb1\/3&#8243;][vc_empty_space height=\u00bb20&#8243;][vc_single_image source=\u00bbexternal_link\u00bb onclick=\u00bbcustom_link\u00bb custom_src=\u00bbhttps:\/\/www.ull.es\/portal\/cienciaull\/wp-content\/uploads\/sites\/24\/2023\/06\/Proyecto-nuevo-1.jpg\u00bb link=\u00bbhttps:\/\/go.ivoox.com\/rf\/109917966&#8243;][vc_column_text]<\/p>\n<p style=\"text-align: center\"><span style=\"color: #edbb66\"><strong>Entrevista Dolores Serrano, arabista<\/strong><\/span><\/p>\n<p>[\/vc_column_text][\/vc_column][vc_column width=\u00bb1\/3&#8243;][vc_empty_space height=\u00bb20&#8243;][vc_single_image source=\u00bbexternal_link\u00bb onclick=\u00bbcustom_link\u00bb custom_src=\u00bbhttps:\/\/www.ull.es\/portal\/cienciaull\/wp-content\/uploads\/sites\/24\/2023\/06\/Ines-Ruiz.jpg\u00bb link=\u00bbhttps:\/\/go.ivoox.com\/rf\/110796493&#8243;][vc_column_text]<\/p>\n<p style=\"text-align: center\"><span style=\"color: #edbb66\"><strong>Entrevista In\u00e9s Ruiz, economista<\/strong><\/span><\/p>\n<p>[\/vc_column_text][\/vc_column][vc_column width=\u00bb1\/4&#8243;][\/vc_column][\/vc_row][vc_row][vc_column width=\u00bb1\/3&#8243;][vc_empty_space height=\u00bb20&#8243;][vc_single_image source=\u00bbexternal_link\u00bb onclick=\u00bbcustom_link\u00bb custom_src=\u00bbhttps:\/\/www.ull.es\/portal\/cienciaull\/wp-content\/uploads\/sites\/24\/2023\/07\/edith-padron.jpg\u00bb link=\u00bbhttps:\/\/go.ivoox.com\/rf\/112348363&#8243;][vc_column_text]<\/p>\n<p style=\"text-align: center\"><span style=\"color: #edbb66\"><strong>Entrevista Edith Padr\u00f3n, matem\u00e1tica<\/strong><\/span><\/p>\n<p>[\/vc_column_text][\/vc_column][vc_column width=\u00bb1\/3&#8243;][vc_empty_space height=\u00bb20&#8243;][vc_single_image source=\u00bbexternal_link\u00bb onclick=\u00bbcustom_link\u00bb custom_src=\u00bbhttps:\/\/www.ull.es\/portal\/cienciaull\/wp-content\/uploads\/sites\/24\/2023\/07\/Santovena.jpg\u00bb link=\u00bbhttps:\/\/go.ivoox.com\/rf\/112621547&#8243;][vc_column_text]<\/p>\n<p style=\"text-align: center\"><span style=\"color: #edbb66\"><strong>Entrevista Ana Santove\u00f1a, farmac\u00e9utica<\/strong><\/span><\/p>\n<p>[\/vc_column_text][\/vc_column][vc_column width=\u00bb1\/4&#8243;][\/vc_column][\/vc_row][vc_row][vc_column width=\u00bb2\/3&#8243;][vc_empty_space height=\u00bb20px\u00bb][vc_custom_heading text=\u00bb<strong>Programa radiof\u00f3nico &#8216;Una + Una&#8217;<strong>\u00bb font_container=\u00bbtag:h4|text_align:left|color:%23018da8&#8243; google_fonts=\u00bbfont_family:Roboto%3A100%2C100italic%2C300%2C300italic%2Cregular%2Citalic%2C500%2C500italic%2C700%2C700italic%2C900%2C900italic|font_style:700%20bold%20regular%3A700%3Anormal\u00bb][vc_column_text]<\/strong><\/strong><\/p>\n<p style=\"text-align: justify\"><span style=\"color: #edbb66\"><strong>Chicas con Cienci@ULL<\/strong><\/span> tambi\u00e9n estuvo en el programa<span style=\"color: #018da8\"><strong> &#8216;Una + Una&#8217; <\/strong><\/span>de &#8216;Canarias Radio&#8217;. La periodista Mar\u00eda Dom\u00e9nech entrevist\u00f3 a Elena Pastor, catedr\u00e1tica de Qu\u00edmica F\u00edsica de la ULL y a la coordinadora de la Unidad de Cultura Cient\u00edfica y de la Innovaci\u00f3n, Cienci@ULL, Laura Garc\u00eda.<\/p>\n<p>[\/vc_column_text][vc_empty_space height=\u00bb20&#8243;][vc_btn title=\u00bbChicas con Cienci@ULL en &#8216;Una + Una'\u00bb style=\u00bbgradient\u00bb size=\u00bblg\u00bb align=\u00bbcenter\u00bb link=\u00bburl:https%3A%2F%2Fgo.ivoox.com%2Frf%2F107832791&#8243;][\/vc_column][vc_column width=\u00bb1\/4&#8243;][\/vc_column][\/vc_row][vc_row][vc_column width=\u00bb2\/3&#8243;][vc_empty_space height=\u00bb20px\u00bb][vc_custom_heading text=\u00bb<strong>Informativos Televisi\u00f3n Canaria<strong>\u00bb font_container=\u00bbtag:h4|text_align:left|color:%23018da8&#8243; google_fonts=\u00bbfont_family:Roboto%3A100%2C100italic%2C300%2C300italic%2Cregular%2Citalic%2C500%2C500italic%2C700%2C700italic%2C900%2C900italic|font_style:700%20bold%20regular%3A700%3Anormal\u00bb][vc_column_text]<\/strong><\/strong><\/p>\n<p style=\"text-align: justify\"><span style=\"color: #edbb66\"><strong>Chicas con Cienci@ULL<\/strong><\/span>, presente en &#8216;Telenoticias 1&#8217; (00:24:58)\u00a0 y &#8216;Telenoticias 2&#8217; (00:23:38) de los <strong><span style=\"color: #018da8\">Informativos de Televisi\u00f3n Canaria<\/span><\/strong>. Entrevistaron a Natacha Aguilar, bi\u00f3loga de la ULL; Pilar Foronda, profesora de parasitolog\u00eda de la ULL; B\u00e1rbara Socas, qu\u00edmica de la ULL; y Laura Garc\u00eda, coordinadora de la Unidad de Cultura Cient\u00edfica y de la Innovaci\u00f3n, Cienci@ULL.<\/p>\n<p>[\/vc_column_text][vc_empty_space height=\u00bb20&#8243;][vc_video link=\u00bbhttps:\/\/www.youtube.com\/watch?v=8TUzPBVFdac&amp;t=1498s\u00bb el_width=\u00bb60&#8243; align=\u00bbcenter\u00bb][vc_empty_space height=\u00bb20&#8243;][vc_video link=\u00bbhttps:\/\/www.youtube.com\/watch?v=t0R8XqzPEqw\u00bb el_width=\u00bb60&#8243; align=\u00bbcenter\u00bb][\/vc_column][vc_column width=\u00bb1\/4&#8243;][\/vc_column][\/vc_row]<\/p>\n","protected":false},"excerpt":{"rendered":"<p>[vc_row][vc_column][vc_separator color=\u00bbcustom\u00bb border_width=\u00bb10&#8243; accent_color=\u00bb#edbb66&#8243; css=\u00bb.vc_custom_1684748521809{margin-top: -5px !important;}\u00bb][vc_empty_space][\/vc_column][\/vc_row][vc_row][vc_column width=\u00bb2\/3&#8243;][vc_custom_heading text=\u00bbMedia Chicas con Cienci@ULL\u00bb font_container=\u00bbtag:h2|text_align:left|color:%23edbb66&#8243; google_fonts=\u00bbfont_family:Roboto%3A100%2C100italic%2C300%2C300italic%2Cregular%2Citalic%2C500%2C500italic%2C700%2C700italic%2C900%2C900italic|font_style:700%20bold%20regular%3A700%3Anormal\u00bb css=\u00bb.vc_custom_1684829328852{margin-top: 5px !important;border-top-width: 5px !important;padding-top: 5px !important;}\u00bb][vc_custom_heading text=\u00bbPrograma radiof\u00f3nico &#8216;El Laboratorio de Marie Curie&#8217;\u00bb font_container=\u00bbtag:h4|text_align:left|color:%23018da8&#8243; google_fonts=\u00bbfont_family:Roboto%3A100%2C100italic%2C300%2C300italic%2Cregular%2Citalic%2C500%2C500italic%2C700%2C700italic%2C900%2C900italic|font_style:700%20bold%20regular%3A700%3Anormal\u00bb css=\u00bb.vc_custom_1684829796422{margin-top: -25px !important;border-top-width: -25px !important;padding-top: -25px !important;}\u00bb][vc_empty_space height=\u00bb20px\u00bb][vc_column_text css=\u00bb.vc_custom_1684832702029{margin-top: -40px !important;}\u00bb] Chicas con Cienci@ULL colabora en la secci\u00f3n radiof\u00f3nica de &#8216;El Laboratorio de Marie Curie&#8217;&#8230;<\/p>\n","protected":false},"author":56,"featured_media":0,"parent":0,"menu_order":0,"comment_status":"closed","ping_status":"closed","template":"templates\/cienciaull.php","meta":{"inline_featured_image":false,"footnotes":""},"acf":[],"yoast_head":"<!-- This site is optimized with the Yoast SEO plugin v21.3 - https:\/\/yoast.com\/wordpress\/plugins\/seo\/ -->\n<title>Media Chicas con Cienci@ULL -<\/title>\n<meta name=\"robots\" content=\"index, follow, max-snippet:-1, max-image-preview:large, max-video-preview:-1\" \/>\n<link rel=\"canonical\" href=\"https:\/\/www.ull.es\/portal\/cienciaull\/entrevista-semanal-radio-chicas-con-cienciull\/\" \/>\n<meta property=\"og:locale\" content=\"es_ES\" \/>\n<meta property=\"og:type\" content=\"article\" \/>\n<meta property=\"og:title\" content=\"Media Chicas con Cienci@ULL -\" \/>\n<meta property=\"og:description\" content=\"[vc_row][vc_column][vc_separator color=\u00bbcustom\u00bb border_width=\u00bb10&#8243; accent_color=\u00bb#edbb66&#8243; css=\u00bb.vc_custom_1684748521809{margin-top: -5px !important;}\u00bb][vc_empty_space][\/vc_column][\/vc_row][vc_row][vc_column width=\u00bb2\/3&#8243;][vc_custom_heading text=\u00bbMedia Chicas con Cienci@ULL\u00bb font_container=\u00bbtag:h2|text_align:left|color:%23edbb66&#8243; google_fonts=\u00bbfont_family:Roboto%3A100%2C100italic%2C300%2C300italic%2Cregular%2Citalic%2C500%2C500italic%2C700%2C700italic%2C900%2C900italic|font_style:700%20bold%20regular%3A700%3Anormal\u00bb css=\u00bb.vc_custom_1684829328852{margin-top: 5px !important;border-top-width: 5px !important;padding-top: 5px !important;}\u00bb][vc_custom_heading text=\u00bbPrograma radiof\u00f3nico &#8216;El Laboratorio de Marie Curie&#8217;\u00bb font_container=\u00bbtag:h4|text_align:left|color:%23018da8&#8243; google_fonts=\u00bbfont_family:Roboto%3A100%2C100italic%2C300%2C300italic%2Cregular%2Citalic%2C500%2C500italic%2C700%2C700italic%2C900%2C900italic|font_style:700%20bold%20regular%3A700%3Anormal\u00bb css=\u00bb.vc_custom_1684829796422{margin-top: -25px !important;border-top-width: -25px !important;padding-top: -25px !important;}\u00bb][vc_empty_space height=\u00bb20px\u00bb][vc_column_text css=\u00bb.vc_custom_1684832702029{margin-top: -40px !important;}\u00bb] Chicas con Cienci@ULL colabora en la secci\u00f3n radiof\u00f3nica de &#8216;El Laboratorio de Marie Curie&#8217;...\" \/>\n<meta property=\"og:url\" content=\"https:\/\/www.ull.es\/portal\/cienciaull\/entrevista-semanal-radio-chicas-con-cienciull\/\" \/>\n<meta property=\"article:publisher\" content=\"https:\/\/www.facebook.com\/CienciaULL\/\" \/>\n<meta property=\"article:modified_time\" content=\"2023-07-18T13:08:57+00:00\" \/>\n<meta name=\"twitter:card\" content=\"summary_large_image\" \/>\n<meta name=\"twitter:site\" content=\"@CienciaULL\" \/>\n<meta name=\"twitter:label1\" content=\"Tiempo de lectura\" \/>\n\t<meta name=\"twitter:data1\" content=\"2 minutos\" \/>\n<script type=\"application\/ld+json\" class=\"yoast-schema-graph\">{\"@context\":\"https:\/\/schema.org\",\"@graph\":[{\"@type\":\"WebPage\",\"@id\":\"https:\/\/www.ull.es\/portal\/cienciaull\/entrevista-semanal-radio-chicas-con-cienciull\/\",\"url\":\"https:\/\/www.ull.es\/portal\/cienciaull\/entrevista-semanal-radio-chicas-con-cienciull\/\",\"name\":\"Media Chicas con Cienci@ULL -\",\"isPartOf\":{\"@id\":\"https:\/\/www.ull.es\/portal\/cienciaull\/#website\"},\"datePublished\":\"2023-05-22T08:33:26+00:00\",\"dateModified\":\"2023-07-18T13:08:57+00:00\",\"breadcrumb\":{\"@id\":\"https:\/\/www.ull.es\/portal\/cienciaull\/entrevista-semanal-radio-chicas-con-cienciull\/#breadcrumb\"},\"inLanguage\":\"es\",\"potentialAction\":[{\"@type\":\"ReadAction\",\"target\":[\"https:\/\/www.ull.es\/portal\/cienciaull\/entrevista-semanal-radio-chicas-con-cienciull\/\"]}]},{\"@type\":\"BreadcrumbList\",\"@id\":\"https:\/\/www.ull.es\/portal\/cienciaull\/entrevista-semanal-radio-chicas-con-cienciull\/#breadcrumb\",\"itemListElement\":[{\"@type\":\"ListItem\",\"position\":1,\"name\":\"Portada\",\"item\":\"https:\/\/www.ull.es\/portal\/cienciaull\/\"},{\"@type\":\"ListItem\",\"position\":2,\"name\":\"Media Chicas con Cienci@ULL\"}]},{\"@type\":\"WebSite\",\"@id\":\"https:\/\/www.ull.es\/portal\/cienciaull\/#website\",\"url\":\"https:\/\/www.ull.es\/portal\/cienciaull\/\",\"name\":\"\",\"description\":\"Unidad de Cultura Cient\u00edfica y de la Innovaci\u00f3n de la Universidad de La Laguna\",\"potentialAction\":[{\"@type\":\"SearchAction\",\"target\":{\"@type\":\"EntryPoint\",\"urlTemplate\":\"https:\/\/www.ull.es\/portal\/cienciaull\/?s={search_term_string}\"},\"query-input\":\"required name=search_term_string\"}],\"inLanguage\":\"es\"}]}<\/script>\n<!-- \/ Yoast SEO plugin. -->","yoast_head_json":{"title":"Media Chicas con Cienci@ULL -","robots":{"index":"index","follow":"follow","max-snippet":"max-snippet:-1","max-image-preview":"max-image-preview:large","max-video-preview":"max-video-preview:-1"},"canonical":"https:\/\/www.ull.es\/portal\/cienciaull\/entrevista-semanal-radio-chicas-con-cienciull\/","og_locale":"es_ES","og_type":"article","og_title":"Media Chicas con Cienci@ULL -","og_description":"[vc_row][vc_column][vc_separator color=\u00bbcustom\u00bb border_width=\u00bb10&#8243; accent_color=\u00bb#edbb66&#8243; css=\u00bb.vc_custom_1684748521809{margin-top: -5px !important;}\u00bb][vc_empty_space][\/vc_column][\/vc_row][vc_row][vc_column width=\u00bb2\/3&#8243;][vc_custom_heading text=\u00bbMedia Chicas con Cienci@ULL\u00bb font_container=\u00bbtag:h2|text_align:left|color:%23edbb66&#8243; google_fonts=\u00bbfont_family:Roboto%3A100%2C100italic%2C300%2C300italic%2Cregular%2Citalic%2C500%2C500italic%2C700%2C700italic%2C900%2C900italic|font_style:700%20bold%20regular%3A700%3Anormal\u00bb css=\u00bb.vc_custom_1684829328852{margin-top: 5px !important;border-top-width: 5px !important;padding-top: 5px !important;}\u00bb][vc_custom_heading text=\u00bbPrograma radiof\u00f3nico &#8216;El Laboratorio de Marie Curie&#8217;\u00bb font_container=\u00bbtag:h4|text_align:left|color:%23018da8&#8243; google_fonts=\u00bbfont_family:Roboto%3A100%2C100italic%2C300%2C300italic%2Cregular%2Citalic%2C500%2C500italic%2C700%2C700italic%2C900%2C900italic|font_style:700%20bold%20regular%3A700%3Anormal\u00bb css=\u00bb.vc_custom_1684829796422{margin-top: -25px !important;border-top-width: -25px !important;padding-top: -25px !important;}\u00bb][vc_empty_space height=\u00bb20px\u00bb][vc_column_text css=\u00bb.vc_custom_1684832702029{margin-top: -40px !important;}\u00bb] Chicas con Cienci@ULL colabora en la secci\u00f3n radiof\u00f3nica de &#8216;El Laboratorio de Marie Curie&#8217;...","og_url":"https:\/\/www.ull.es\/portal\/cienciaull\/entrevista-semanal-radio-chicas-con-cienciull\/","article_publisher":"https:\/\/www.facebook.com\/CienciaULL\/","article_modified_time":"2023-07-18T13:08:57+00:00","twitter_card":"summary_large_image","twitter_site":"@CienciaULL","twitter_misc":{"Tiempo de lectura":"2 minutos"},"schema":{"@context":"https:\/\/schema.org","@graph":[{"@type":"WebPage","@id":"https:\/\/www.ull.es\/portal\/cienciaull\/entrevista-semanal-radio-chicas-con-cienciull\/","url":"https:\/\/www.ull.es\/portal\/cienciaull\/entrevista-semanal-radio-chicas-con-cienciull\/","name":"Media Chicas con Cienci@ULL -","isPartOf":{"@id":"https:\/\/www.ull.es\/portal\/cienciaull\/#website"},"datePublished":"2023-05-22T08:33:26+00:00","dateModified":"2023-07-18T13:08:57+00:00","breadcrumb":{"@id":"https:\/\/www.ull.es\/portal\/cienciaull\/entrevista-semanal-radio-chicas-con-cienciull\/#breadcrumb"},"inLanguage":"es","potentialAction":[{"@type":"ReadAction","target":["https:\/\/www.ull.es\/portal\/cienciaull\/entrevista-semanal-radio-chicas-con-cienciull\/"]}]},{"@type":"BreadcrumbList","@id":"https:\/\/www.ull.es\/portal\/cienciaull\/entrevista-semanal-radio-chicas-con-cienciull\/#breadcrumb","itemListElement":[{"@type":"ListItem","position":1,"name":"Portada","item":"https:\/\/www.ull.es\/portal\/cienciaull\/"},{"@type":"ListItem","position":2,"name":"Media Chicas con Cienci@ULL"}]},{"@type":"WebSite","@id":"https:\/\/www.ull.es\/portal\/cienciaull\/#website","url":"https:\/\/www.ull.es\/portal\/cienciaull\/","name":"","description":"Unidad de Cultura Cient\u00edfica y de la Innovaci\u00f3n de la Universidad de La Laguna","potentialAction":[{"@type":"SearchAction","target":{"@type":"EntryPoint","urlTemplate":"https:\/\/www.ull.es\/portal\/cienciaull\/?s={search_term_string}"},"query-input":"required name=search_term_string"}],"inLanguage":"es"}]}},"_links":{"self":[{"href":"https:\/\/www.ull.es\/portal\/cienciaull\/wp-json\/wp\/v2\/pages\/23527"}],"collection":[{"href":"https:\/\/www.ull.es\/portal\/cienciaull\/wp-json\/wp\/v2\/pages"}],"about":[{"href":"https:\/\/www.ull.es\/portal\/cienciaull\/wp-json\/wp\/v2\/types\/page"}],"author":[{"embeddable":true,"href":"https:\/\/www.ull.es\/portal\/cienciaull\/wp-json\/wp\/v2\/users\/56"}],"replies":[{"embeddable":true,"href":"https:\/\/www.ull.es\/portal\/cienciaull\/wp-json\/wp\/v2\/comments?post=23527"}],"version-history":[{"count":80,"href":"https:\/\/www.ull.es\/portal\/cienciaull\/wp-json\/wp\/v2\/pages\/23527\/revisions"}],"predecessor-version":[{"id":24178,"href":"https:\/\/www.ull.es\/portal\/cienciaull\/wp-json\/wp\/v2\/pages\/23527\/revisions\/24178"}],"wp:attachment":[{"href":"https:\/\/www.ull.es\/portal\/cienciaull\/wp-json\/wp\/v2\/media?parent=23527"}],"curies":[{"name":"wp","href":"https:\/\/api.w.org\/{rel}","templated":true}]}}