{"id":24214,"date":"2023-07-20T08:34:39","date_gmt":"2023-07-20T08:34:39","guid":{"rendered":"https:\/\/www.ull.es\/portal\/cienciaull\/?page_id=24214"},"modified":"2024-02-16T13:21:16","modified_gmt":"2024-02-16T13:21:16","slug":"maria-jose-trujillo","status":"publish","type":"page","link":"https:\/\/www.ull.es\/portal\/cienciaull\/maria-jose-trujillo\/","title":{"rendered":"Mar\u00eda Jos\u00e9 Trujillo &#8211; Qu\u00edmica Anal\u00edtica"},"content":{"rendered":"<p>[vc_row][vc_column][vc_empty_space]\n<div id=\"rev_slider_248_1_wrapper\" class=\"rev_slider_wrapper fullwidthbanner-container\" data-source=\"gallery\" style=\"margin:0px auto;background:transparent;padding:0px;margin-top:0px;margin-bottom:0px;\">\n<!-- START REVOLUTION SLIDER 5.4.7.3 fullwidth mode -->\n\t<div id=\"rev_slider_248_1\" class=\"rev_slider fullwidthabanner\" style=\"display:none;\" data-version=\"5.4.7.3\">\n<ul>\t<!-- SLIDE  -->\n\t<li data-index=\"rs-283\" data-transition=\"fade\" data-slotamount=\"default\" data-hideafterloop=\"0\" data-hideslideonmobile=\"off\"  data-easein=\"default\" data-easeout=\"default\" data-masterspeed=\"300\"  data-rotate=\"0\"  data-saveperformance=\"off\"  data-title=\"Slide\" data-param1=\"\" data-param2=\"\" data-param3=\"\" data-param4=\"\" data-param5=\"\" data-param6=\"\" data-param7=\"\" data-param8=\"\" data-param9=\"\" data-param10=\"\" data-description=\"\">\n\t\t<!-- MAIN IMAGE -->\n\t\t<img src=\"https:\/\/www.ull.es\/portal\/cienciaull\/wp-content\/uploads\/sites\/24\/2023\/11\/Banner-Web-Chicas-con-Cienci@ULL-Ma-Jose-Trujillo.jpg\"  alt=\"\" title=\"Banner Web Chicas con Cienci@ULL M\u00aa Jos\u00e9 Trujillo\"  width=\"1500\" height=\"500\" data-bgposition=\"center center\" data-bgfit=\"cover\" data-bgrepeat=\"no-repeat\" class=\"rev-slidebg\" data-no-retina>\n\t\t<!-- LAYERS -->\n\t<\/li>\n<\/ul>\n<div class=\"tp-bannertimer tp-bottom\" style=\"visibility: hidden !important;\"><\/div>\t<\/div>\n<script>var htmlDiv = document.getElementById(\"rs-plugin-settings-inline-css\"); var htmlDivCss=\"\";\r\n\t\t\t\tif(htmlDiv) {\r\n\t\t\t\t\thtmlDiv.innerHTML = htmlDiv.innerHTML + htmlDivCss;\r\n\t\t\t\t}else{\r\n\t\t\t\t\tvar htmlDiv = document.createElement(\"div\");\r\n\t\t\t\t\thtmlDiv.innerHTML = \"<style>\" + htmlDivCss + \"<\/style>\";\r\n\t\t\t\t\tdocument.getElementsByTagName(\"head\")[0].appendChild(htmlDiv.childNodes[0]);\r\n\t\t\t\t}\r\n\t\t\t<\/script>\n\t\t<script type=\"text\/javascript\">\r\nif (setREVStartSize!==undefined) setREVStartSize(\r\n\t{c: '#rev_slider_248_1', gridwidth: [1500], gridheight: [500], sliderLayout: 'auto'});\r\n\t\t\t\r\nvar revapi248,\r\n\ttpj;\t\r\n(function() {\t\t\t\r\n\tif (!\/loaded|interactive|complete\/.test(document.readyState)) document.addEventListener(\"DOMContentLoaded\",onLoad); else onLoad();\t\r\n\tfunction onLoad() {\t\t\t\t\r\n\t\tif (tpj===undefined) { tpj = jQuery; if(\"off\" == \"on\") tpj.noConflict();}\r\n\tif(tpj(\"#rev_slider_248_1\").revolution == undefined){\n\t\trevslider_showDoubleJqueryError(\"#rev_slider_248_1\");\n\t}else{\n\t\trevapi248 = tpj(\"#rev_slider_248_1\").show().revolution({\n\t\t\tsliderType:\"hero\",\n\t\t\tjsFileLocation:\"\/\/www.ull.es\/portal\/cienciaull\/wp-content\/plugins\/revslider\/public\/assets\/js\/\",\n\t\t\tsliderLayout:\"auto\",\n\t\t\tdottedOverlay:\"none\",\n\t\t\tdelay:9000,\n\t\t\tvisibilityLevels:[1240,1024,778,480],\n\t\t\tgridwidth:1500,\n\t\t\tgridheight:500,\n\t\t\tlazyType:\"none\",\n\t\t\tshadow:0,\n\t\t\tspinner:\"spinner0\",\n\t\t\tautoHeight:\"off\",\n\t\t\tdisableProgressBar:\"on\",\n\t\t\thideThumbsOnMobile:\"off\",\n\t\t\thideSliderAtLimit:0,\n\t\t\thideCaptionAtLimit:0,\n\t\t\thideAllCaptionAtLilmit:0,\n\t\t\tdebugMode:false,\n\t\t\tfallbacks: {\n\t\t\t\tsimplifyAll:\"off\",\n\t\t\t\tdisableFocusListener:false,\n\t\t\t}\n\t\t});\n\t}; \/* END OF revapi call *\/\n\t\n }; \/* END OF ON LOAD FUNCTION *\/\r\n}()); \/* END OF WRAPPING FUNCTION *\/\r\n<\/script>\r\n\t\t<\/div><!-- END REVOLUTION SLIDER -->[\/vc_column][\/vc_row][vc_row][vc_column width=\u00bb2\/3&#8243;][vc_empty_space][vc_custom_heading text=\u00bb\u00c1rea Energ\u00eda, Biodiversidad y Medioambiente\u00bb font_container=\u00bbtag:h2|text_align:left|color:%2337a642&#8243; google_fonts=\u00bbfont_family:Roboto%20Slab%3A100%2C300%2Cregular%2C700|font_style:700%20bold%20regular%3A700%3Anormal\u00bb][vc_custom_heading text=\u00bbCap\u00edtulo 09. Mar\u00eda Jos\u00e9 Trujillo &#8211; Qu\u00edmica Anal\u00edtica\u00bb font_container=\u00bbtag:h3|text_align:left|color:%2337a642&#8243; google_fonts=\u00bbfont_family:Roboto%20Slab%3A100%2C300%2Cregular%2C700|font_style:700%20bold%20regular%3A700%3Anormal\u00bb][vc_custom_heading text=\u00bb<strong>Biograf\u00eda<\/strong>\u00bb font_container=\u00bbtag:h4|text_align:left|color:%23535968&#8243; google_fonts=\u00bbfont_family:Roboto%20Slab%3A100%2C300%2Cregular%2C700|font_style:700%20bold%20regular%3A700%3Anormal\u00bb][vc_column_text]<\/p>\n<p style=\"font-weight: 400;text-align: justify\">Es Investigadora Ram\u00f3n y Cajal en la Universidad de La Laguna (ULL) desde enero de 2023. La investigadora obtuvo su doctorado en 2017 en la ULL, obteniendo el premio a la mejor tesis de la Facultad de Ciencias en 2016-17 y a la mejor tesis de los egresados de la Secci\u00f3n de Qu\u00edmica en 2019.<\/p>\n<p style=\"font-weight: 400;text-align: justify\">Como investigadora postdoctoral, trabaj\u00f3 en Iowa State University (EEUU) durante 2017-19, Universidad de Islas Balears en 2019-20, Instituto de S\u00edntesis Qu\u00edmica y Cat\u00e1lisis Homog\u00e9nea (ISQCH-CSIC, Zaragoza) en 2020-21 con un contrato Juan de la Cierva Formaci\u00f3n, y ULL en 2021-22 con un contrato Postdoctoral de Excelencia Junior Caixa-Caja Canarias. Adem\u00e1s, realiz\u00f3 una estancia en la Universidad de Aveiro (Portugal) en 2022.<\/p>\n<p style=\"font-weight: 400;text-align: justify\">En su etapa predoctoral, obtuvo diferente financiaci\u00f3n, destacando su contrato FPI de la Agencia Canaria de Investigaci\u00f3n (Aciisi) en 2016-17, y realiz\u00f3 una estancia en Iowa State University en 2016.<\/p>\n<p style=\"font-weight: 400;text-align: justify\">En cuanto a su investigaci\u00f3n, actualmente es miembro del grupo de investigaci\u00f3n \u201cMateriales para An\u00e1lisis Qu\u00edmico \u2013 MAT4LL\u201d de la ULL. Su investigaci\u00f3n se centra en el desarrollo de nuevas metodolog\u00edas anal\u00edticas para la monitorizaci\u00f3n de contaminantes, biomarcadores y\/o compuestos fitoqu\u00edmicos en muestras de \u00edndole medioambiental, biol\u00f3gico y agroalimentario. Adem\u00e1s, cabe destacar la forma en la que se abordan estos an\u00e1lisis, que se centra en el desarrollo de metodolog\u00edas verdes basadas en microextracci\u00f3n y en el empleo de nuevos materiales. Entre estos materiales, es importante se\u00f1alar el uso de l\u00edquidos i\u00f3nicos y l\u00edquidos i\u00f3nicos magn\u00e9ticos.<\/p>\n<p style=\"font-weight: 400;text-align: justify\">En lo que respecta a su producci\u00f3n cient\u00edfica, la investigadora ha publicado 35 art\u00edculos de investigaci\u00f3n en revistas cient\u00edficas incluidas en el JCR (&gt;1400 citas, h-index 20 en Google Acad\u00e9mico). El 88% de esos art\u00edculos fueron publicados en revistas del primer cuartil (Q1) y 4 art\u00edculos fueron seleccionados como \u201cForefront\u201d. Adem\u00e1s, cuenta con 11 cap\u00edtulos de libros en editoriales internacionales de prestigio, 53 comunicaciones en congresos internacionales (incluyendo 7 orales y 1 oral invitada), 3 comunicaciones en seminarios internacionales y 18 comunicaciones a congresos nacionales. Ha dirigido 2 trabajos de fin de m\u00e1ster (TFM) y 3 trabajos de fin de grado (TFG) y actualmente se encuentra dirigiendo 1 TFG y 4 Tesis Doctorales. Adem\u00e1s, ha participado como investigadora en 14 proyectos de investigaci\u00f3n obtenidos en convocatorias competitivas (uno de ellos financiado por la National Science Foundation, USA). Actualmente, es IP de un proyecto del plan nacional que se centra en el empleo de l\u00edquidos i\u00f3nicos magn\u00e9ticos en microextracci\u00f3n e IP del proyecto relacionado con su contrato actual Ram\u00f3n y Cajal. Adem\u00e1s, fue IP de 1 proyecto del plan propio de la ULL para j\u00f3venes investigadores en 2022-23 e IP de otro proyecto relacionado con su contrato de la Fundaci\u00f3n La Caixa \u2013 Fundaci\u00f3n CajaCanarias en 2021-22. Adem\u00e1s, es miembro del grupo de investigaci\u00f3n en 3 acuerdos de colaboraci\u00f3n establecidos entre la ULL y compa\u00f1\u00edas con presencia en Canarias (Atlantia Aloe, Dermaten Cl\u00ednicas LP y Grupo Disa Holding Energ\u00e9tico SLU).<\/p>\n<p style=\"font-weight: 400;text-align: justify\">La Dra. Trujillo es asimismo Editora in Chief de Journal of Analytical Methods in Chemistry (Hindawi), Guest Editor de un Special Issue en Analytica Chimica Acta (Elsevier), y fue Guest Editor de un Special Issue en Separations. A la vez, es miembro de la Junta Asesora Editorial de Advances in Sample Preparation (Elsevier) y Gerente de Publicidad del EuChem-S DAC Sample Preparation Study Group and Network.<\/p>\n<p>[\/vc_column_text][vc_custom_heading text=\u00bb<strong>Departamento<\/strong>\u00bb font_container=\u00bbtag:h4|text_align:left|color:%23535968&#8243; google_fonts=\u00bbfont_family:Roboto%20Slab%3A100%2C300%2Cregular%2C700|font_style:700%20bold%20regular%3A700%3Anormal\u00bb][vc_column_text]<\/p>\n<ul>\n<li><a href=\"https:\/\/portalciencia.ull.es\/unidades\/2901\/detalle\" target=\"_blank\" rel=\"noopener\">Qu\u00edmica<\/a><\/li>\n<\/ul>\n<p>[\/vc_column_text][vc_custom_heading text=\u00bb<strong>L\u00edneas de investigaci\u00f3n<\/strong>\u00bb font_container=\u00bbtag:h4|text_align:left|color:%23535968&#8243; google_fonts=\u00bbfont_family:Roboto%20Slab%3A100%2C300%2Cregular%2C700|font_style:700%20bold%20regular%3A700%3Anormal\u00bb][vc_column_text]<\/p>\n<ul>\n<li style=\"text-align: justify\">Establecimiento de metodolog\u00edas anal\u00edticas para la determinaci\u00f3n de contaminantes persistentes y contaminantes de preocupaci\u00f3n emergente presentes en muestras de origen medioambiental, biol\u00f3gico y agroalimentario<\/li>\n<li style=\"text-align: justify\">Establecimiento de metodolog\u00edas anal\u00edticas para la determinaci\u00f3n de biomarcadores en muestras de origen biol\u00f3gico<\/li>\n<li style=\"text-align: justify\">Establecimiento de metodolog\u00edas anal\u00edticas para la determinaci\u00f3n de compuestos fotoqu\u00edmicos en muestras de origen agroalimentario<\/li>\n<li style=\"text-align: justify\">Desarrollo de m\u00e9todos de microextracci\u00f3n en fase l\u00edquida o microextracci\u00f3n en fase s\u00f3lida en combinaci\u00f3n con m\u00e9todos cromatogr\u00e1ficos<\/li>\n<li style=\"text-align: justify\">Utilizaci\u00f3n de l\u00edquidos i\u00f3nicos, pol\u00edmeros de l\u00edquidos i\u00f3nicos y l\u00edquidos i\u00f3nicos magn\u00e9ticos en microextracci\u00f3n<\/li>\n<li style=\"text-align: justify\">Utilizaci\u00f3n de redes metal-org\u00e1nicas en microextracci\u00f3n<\/li>\n<\/ul>\n<p>[\/vc_column_text][vc_custom_heading text=\u00bb<strong>Grupo de investigaci\u00f3n<\/strong>\u00bb font_container=\u00bbtag:h4|text_align:left|color:%23535968&#8243; google_fonts=\u00bbfont_family:Roboto%20Slab%3A100%2C300%2Cregular%2C700|font_style:700%20bold%20regular%3A700%3Anormal\u00bb][vc_column_text]<\/p>\n<ul>\n<li><a href=\"https:\/\/portalciencia.ull.es\/grupos\/6582\/detalle\" target=\"_blank\" rel=\"noopener\">Materials for chemical analysis<\/a><\/li>\n<\/ul>\n<p>[\/vc_column_text][\/vc_column][vc_column width=\u00bb1\/3&#8243;][vc_empty_space height=\u00bb135px\u00bb][vc_custom_heading text=\u00bb<strong>V\u00eddeo<\/strong>\u00bb font_container=\u00bbtag:h4|text_align:left|color:%23535968&#8243; google_fonts=\u00bbfont_family:Roboto%20Slab%3A100%2C300%2Cregular%2C700|font_style:700%20bold%20regular%3A700%3Anormal\u00bb css=\u00bb.vc_custom_1689841131118{margin-bottom: 5px !important;border-bottom-width: 5px !important;padding-bottom: 5px !important;}\u00bb][vc_video link=\u00bbhttps:\/\/www.youtube.com\/watch?v=RNqMcQ8CnBE\u00bb][vc_empty_space css=\u00bb.vc_custom_1689841150065{margin-bottom: 3px !important;border-bottom-width: 3px !important;padding-bottom: 3px !important;}\u00bb][vc_btn title=\u00bbSerie Chicas con Cienci@ULL\u00bb color=\u00bbsuccess\u00bb size=\u00bblg\u00bb align=\u00bbcenter\u00bb button_block=\u00bbtrue\u00bb link=\u00bburl:https%3A%2F%2Fwww.ull.es%2Fportal%2Fcienciaull%2F4a-temporada-chicas-con-cienciull%2F\u00bb css=\u00bb.vc_custom_1689841314124{margin-bottom: 3px !important;border-bottom-width: 3px !important;padding-bottom: 3px !important;}\u00bb][vc_btn title=\u00bbProducci\u00f3n cient\u00edfica\u00bb color=\u00bborange\u00bb size=\u00bblg\u00bb align=\u00bbcenter\u00bb button_block=\u00bbtrue\u00bb link=\u00bburl:https%3A%2F%2Fportalciencia.ull.es%2Finvestigadores%2F152369%2Fdetalle\u00bb css=\u00bb.vc_custom_1689841322337{margin-bottom: 3px !important;border-bottom-width: 3px !important;padding-bottom: 3px !important;}\u00bb][vc_btn title=\u00bbFiguras destacadas\u00bb color=\u00bbdanger\u00bb size=\u00bblg\u00bb align=\u00bbcenter\u00bb button_block=\u00bbtrue\u00bb link=\u00bburl:https%3A%2F%2Fwww.ull.es%2Fportal%2Fcienciaull%2Fcalendario-investigaull%2Ffigurasdesta_investigaull%2F\u00bb css=\u00bb.vc_custom_1689841364384{margin-bottom: 3px !important;border-bottom-width: 3px !important;padding-bottom: 3px !important;}\u00bb][\/vc_column][\/vc_row][vc_row][vc_column][vc_empty_space][vc_single_image image=\u00bb25066&#8243; img_size=\u00bb1500&#215;250&#8243;][\/vc_column][\/vc_row]<\/p>\n","protected":false},"excerpt":{"rendered":"<p>[vc_row][vc_column][vc_empty_space][\/vc_column][\/vc_row][vc_row][vc_column width=\u00bb2\/3&#8243;][vc_empty_space][vc_custom_heading text=\u00bb\u00c1rea Energ\u00eda, Biodiversidad y Medioambiente\u00bb font_container=\u00bbtag:h2|text_align:left|color:%2337a642&#8243; google_fonts=\u00bbfont_family:Roboto%20Slab%3A100%2C300%2Cregular%2C700|font_style:700%20bold%20regular%3A700%3Anormal\u00bb][vc_custom_heading text=\u00bbCap\u00edtulo 09. Mar\u00eda Jos\u00e9 Trujillo &#8211; Qu\u00edmica Anal\u00edtica\u00bb font_container=\u00bbtag:h3|text_align:left|color:%2337a642&#8243; google_fonts=\u00bbfont_family:Roboto%20Slab%3A100%2C300%2Cregular%2C700|font_style:700%20bold%20regular%3A700%3Anormal\u00bb][vc_custom_heading text=\u00bbBiograf\u00eda\u00bb font_container=\u00bbtag:h4|text_align:left|color:%23535968&#8243; google_fonts=\u00bbfont_family:Roboto%20Slab%3A100%2C300%2Cregular%2C700|font_style:700%20bold%20regular%3A700%3Anormal\u00bb][vc_column_text] Es Investigadora Ram\u00f3n y Cajal en la Universidad de La Laguna (ULL) desde enero de 2023. La investigadora obtuvo su doctorado en 2017 en la ULL, obteniendo el premio a la mejor tesis&#8230;<\/p>\n","protected":false},"author":56,"featured_media":0,"parent":0,"menu_order":0,"comment_status":"closed","ping_status":"closed","template":"templates\/cienciaull.php","meta":{"inline_featured_image":false,"footnotes":""},"acf":[],"yoast_head":"<!-- This site is optimized with the Yoast SEO plugin v21.3 - https:\/\/yoast.com\/wordpress\/plugins\/seo\/ -->\n<title>Mar\u00eda Jos\u00e9 Trujillo - Qu\u00edmica Anal\u00edtica -<\/title>\n<meta name=\"robots\" content=\"index, follow, max-snippet:-1, max-image-preview:large, max-video-preview:-1\" \/>\n<link rel=\"canonical\" href=\"https:\/\/www.ull.es\/portal\/cienciaull\/maria-jose-trujillo\/\" \/>\n<meta property=\"og:locale\" content=\"es_ES\" \/>\n<meta property=\"og:type\" content=\"article\" \/>\n<meta property=\"og:title\" content=\"Mar\u00eda Jos\u00e9 Trujillo - Qu\u00edmica Anal\u00edtica -\" \/>\n<meta property=\"og:description\" content=\"[vc_row][vc_column][vc_empty_space][\/vc_column][\/vc_row][vc_row][vc_column width=\u00bb2\/3&#8243;][vc_empty_space][vc_custom_heading text=\u00bb\u00c1rea Energ\u00eda, Biodiversidad y Medioambiente\u00bb font_container=\u00bbtag:h2|text_align:left|color:%2337a642&#8243; google_fonts=\u00bbfont_family:Roboto%20Slab%3A100%2C300%2Cregular%2C700|font_style:700%20bold%20regular%3A700%3Anormal\u00bb][vc_custom_heading text=\u00bbCap\u00edtulo 09. Mar\u00eda Jos\u00e9 Trujillo &#8211; Qu\u00edmica Anal\u00edtica\u00bb font_container=\u00bbtag:h3|text_align:left|color:%2337a642&#8243; google_fonts=\u00bbfont_family:Roboto%20Slab%3A100%2C300%2Cregular%2C700|font_style:700%20bold%20regular%3A700%3Anormal\u00bb][vc_custom_heading text=\u00bbBiograf\u00eda\u00bb font_container=\u00bbtag:h4|text_align:left|color:%23535968&#8243; google_fonts=\u00bbfont_family:Roboto%20Slab%3A100%2C300%2Cregular%2C700|font_style:700%20bold%20regular%3A700%3Anormal\u00bb][vc_column_text] Es Investigadora Ram\u00f3n y Cajal en la Universidad de La Laguna (ULL) desde enero de 2023. La investigadora obtuvo su doctorado en 2017 en la ULL, obteniendo el premio a la mejor tesis...\" \/>\n<meta property=\"og:url\" content=\"https:\/\/www.ull.es\/portal\/cienciaull\/maria-jose-trujillo\/\" \/>\n<meta property=\"article:publisher\" content=\"https:\/\/www.facebook.com\/CienciaULL\/\" \/>\n<meta property=\"article:modified_time\" content=\"2024-02-16T13:21:16+00:00\" \/>\n<meta name=\"twitter:card\" content=\"summary_large_image\" \/>\n<meta name=\"twitter:site\" content=\"@CienciaULL\" \/>\n<meta name=\"twitter:label1\" content=\"Tiempo de lectura\" \/>\n\t<meta name=\"twitter:data1\" content=\"4 minutos\" \/>\n<script type=\"application\/ld+json\" class=\"yoast-schema-graph\">{\"@context\":\"https:\/\/schema.org\",\"@graph\":[{\"@type\":\"WebPage\",\"@id\":\"https:\/\/www.ull.es\/portal\/cienciaull\/maria-jose-trujillo\/\",\"url\":\"https:\/\/www.ull.es\/portal\/cienciaull\/maria-jose-trujillo\/\",\"name\":\"Mar\u00eda Jos\u00e9 Trujillo - Qu\u00edmica Anal\u00edtica -\",\"isPartOf\":{\"@id\":\"https:\/\/www.ull.es\/portal\/cienciaull\/#website\"},\"datePublished\":\"2023-07-20T08:34:39+00:00\",\"dateModified\":\"2024-02-16T13:21:16+00:00\",\"breadcrumb\":{\"@id\":\"https:\/\/www.ull.es\/portal\/cienciaull\/maria-jose-trujillo\/#breadcrumb\"},\"inLanguage\":\"es\",\"potentialAction\":[{\"@type\":\"ReadAction\",\"target\":[\"https:\/\/www.ull.es\/portal\/cienciaull\/maria-jose-trujillo\/\"]}]},{\"@type\":\"BreadcrumbList\",\"@id\":\"https:\/\/www.ull.es\/portal\/cienciaull\/maria-jose-trujillo\/#breadcrumb\",\"itemListElement\":[{\"@type\":\"ListItem\",\"position\":1,\"name\":\"Portada\",\"item\":\"https:\/\/www.ull.es\/portal\/cienciaull\/\"},{\"@type\":\"ListItem\",\"position\":2,\"name\":\"Mar\u00eda Jos\u00e9 Trujillo &#8211; Qu\u00edmica Anal\u00edtica\"}]},{\"@type\":\"WebSite\",\"@id\":\"https:\/\/www.ull.es\/portal\/cienciaull\/#website\",\"url\":\"https:\/\/www.ull.es\/portal\/cienciaull\/\",\"name\":\"\",\"description\":\"Unidad de Cultura Cient\u00edfica y de la Innovaci\u00f3n de la Universidad de La Laguna\",\"potentialAction\":[{\"@type\":\"SearchAction\",\"target\":{\"@type\":\"EntryPoint\",\"urlTemplate\":\"https:\/\/www.ull.es\/portal\/cienciaull\/?s={search_term_string}\"},\"query-input\":\"required name=search_term_string\"}],\"inLanguage\":\"es\"}]}<\/script>\n<!-- \/ Yoast SEO plugin. -->","yoast_head_json":{"title":"Mar\u00eda Jos\u00e9 Trujillo - Qu\u00edmica Anal\u00edtica -","robots":{"index":"index","follow":"follow","max-snippet":"max-snippet:-1","max-image-preview":"max-image-preview:large","max-video-preview":"max-video-preview:-1"},"canonical":"https:\/\/www.ull.es\/portal\/cienciaull\/maria-jose-trujillo\/","og_locale":"es_ES","og_type":"article","og_title":"Mar\u00eda Jos\u00e9 Trujillo - Qu\u00edmica Anal\u00edtica -","og_description":"[vc_row][vc_column][vc_empty_space][\/vc_column][\/vc_row][vc_row][vc_column width=\u00bb2\/3&#8243;][vc_empty_space][vc_custom_heading text=\u00bb\u00c1rea Energ\u00eda, Biodiversidad y Medioambiente\u00bb font_container=\u00bbtag:h2|text_align:left|color:%2337a642&#8243; google_fonts=\u00bbfont_family:Roboto%20Slab%3A100%2C300%2Cregular%2C700|font_style:700%20bold%20regular%3A700%3Anormal\u00bb][vc_custom_heading text=\u00bbCap\u00edtulo 09. Mar\u00eda Jos\u00e9 Trujillo &#8211; Qu\u00edmica Anal\u00edtica\u00bb font_container=\u00bbtag:h3|text_align:left|color:%2337a642&#8243; google_fonts=\u00bbfont_family:Roboto%20Slab%3A100%2C300%2Cregular%2C700|font_style:700%20bold%20regular%3A700%3Anormal\u00bb][vc_custom_heading text=\u00bbBiograf\u00eda\u00bb font_container=\u00bbtag:h4|text_align:left|color:%23535968&#8243; google_fonts=\u00bbfont_family:Roboto%20Slab%3A100%2C300%2Cregular%2C700|font_style:700%20bold%20regular%3A700%3Anormal\u00bb][vc_column_text] Es Investigadora Ram\u00f3n y Cajal en la Universidad de La Laguna (ULL) desde enero de 2023. La investigadora obtuvo su doctorado en 2017 en la ULL, obteniendo el premio a la mejor tesis...","og_url":"https:\/\/www.ull.es\/portal\/cienciaull\/maria-jose-trujillo\/","article_publisher":"https:\/\/www.facebook.com\/CienciaULL\/","article_modified_time":"2024-02-16T13:21:16+00:00","twitter_card":"summary_large_image","twitter_site":"@CienciaULL","twitter_misc":{"Tiempo de lectura":"4 minutos"},"schema":{"@context":"https:\/\/schema.org","@graph":[{"@type":"WebPage","@id":"https:\/\/www.ull.es\/portal\/cienciaull\/maria-jose-trujillo\/","url":"https:\/\/www.ull.es\/portal\/cienciaull\/maria-jose-trujillo\/","name":"Mar\u00eda Jos\u00e9 Trujillo - Qu\u00edmica Anal\u00edtica -","isPartOf":{"@id":"https:\/\/www.ull.es\/portal\/cienciaull\/#website"},"datePublished":"2023-07-20T08:34:39+00:00","dateModified":"2024-02-16T13:21:16+00:00","breadcrumb":{"@id":"https:\/\/www.ull.es\/portal\/cienciaull\/maria-jose-trujillo\/#breadcrumb"},"inLanguage":"es","potentialAction":[{"@type":"ReadAction","target":["https:\/\/www.ull.es\/portal\/cienciaull\/maria-jose-trujillo\/"]}]},{"@type":"BreadcrumbList","@id":"https:\/\/www.ull.es\/portal\/cienciaull\/maria-jose-trujillo\/#breadcrumb","itemListElement":[{"@type":"ListItem","position":1,"name":"Portada","item":"https:\/\/www.ull.es\/portal\/cienciaull\/"},{"@type":"ListItem","position":2,"name":"Mar\u00eda Jos\u00e9 Trujillo &#8211; Qu\u00edmica Anal\u00edtica"}]},{"@type":"WebSite","@id":"https:\/\/www.ull.es\/portal\/cienciaull\/#website","url":"https:\/\/www.ull.es\/portal\/cienciaull\/","name":"","description":"Unidad de Cultura Cient\u00edfica y de la Innovaci\u00f3n de la Universidad de La Laguna","potentialAction":[{"@type":"SearchAction","target":{"@type":"EntryPoint","urlTemplate":"https:\/\/www.ull.es\/portal\/cienciaull\/?s={search_term_string}"},"query-input":"required name=search_term_string"}],"inLanguage":"es"}]}},"_links":{"self":[{"href":"https:\/\/www.ull.es\/portal\/cienciaull\/wp-json\/wp\/v2\/pages\/24214"}],"collection":[{"href":"https:\/\/www.ull.es\/portal\/cienciaull\/wp-json\/wp\/v2\/pages"}],"about":[{"href":"https:\/\/www.ull.es\/portal\/cienciaull\/wp-json\/wp\/v2\/types\/page"}],"author":[{"embeddable":true,"href":"https:\/\/www.ull.es\/portal\/cienciaull\/wp-json\/wp\/v2\/users\/56"}],"replies":[{"embeddable":true,"href":"https:\/\/www.ull.es\/portal\/cienciaull\/wp-json\/wp\/v2\/comments?post=24214"}],"version-history":[{"count":12,"href":"https:\/\/www.ull.es\/portal\/cienciaull\/wp-json\/wp\/v2\/pages\/24214\/revisions"}],"predecessor-version":[{"id":26348,"href":"https:\/\/www.ull.es\/portal\/cienciaull\/wp-json\/wp\/v2\/pages\/24214\/revisions\/26348"}],"wp:attachment":[{"href":"https:\/\/www.ull.es\/portal\/cienciaull\/wp-json\/wp\/v2\/media?parent=24214"}],"curies":[{"name":"wp","href":"https:\/\/api.w.org\/{rel}","templated":true}]}}