{"id":24265,"date":"2023-07-24T09:21:51","date_gmt":"2023-07-24T09:21:51","guid":{"rendered":"https:\/\/www.ull.es\/portal\/cienciaull\/?page_id=24265"},"modified":"2024-10-24T10:11:47","modified_gmt":"2024-10-24T10:11:47","slug":"carolina-castillo-paleontologa","status":"publish","type":"page","link":"https:\/\/www.ull.es\/portal\/cienciaull\/proyectochicasconcienciaull\/carolina-castillo-paleontologa\/","title":{"rendered":"Carolina Castillo &#8211; Paleont\u00f3loga"},"content":{"rendered":"<p>[vc_row][vc_column][vc_empty_space]\n<div id=\"rev_slider_261_1_wrapper\" class=\"rev_slider_wrapper fullwidthbanner-container\" data-source=\"gallery\" style=\"margin:0px auto;background:transparent;padding:0px;margin-top:0px;margin-bottom:0px;\">\n<!-- START REVOLUTION SLIDER 5.4.7.3 fullwidth mode -->\n\t<div id=\"rev_slider_261_1\" class=\"rev_slider fullwidthabanner\" style=\"display:none;\" data-version=\"5.4.7.3\">\n<ul>\t<!-- SLIDE  -->\n\t<li data-index=\"rs-296\" data-transition=\"fade\" data-slotamount=\"default\" data-hideafterloop=\"0\" data-hideslideonmobile=\"off\"  data-easein=\"default\" data-easeout=\"default\" data-masterspeed=\"300\"  data-rotate=\"0\"  data-saveperformance=\"off\"  data-title=\"Slide\" data-param1=\"\" data-param2=\"\" data-param3=\"\" data-param4=\"\" data-param5=\"\" data-param6=\"\" data-param7=\"\" data-param8=\"\" data-param9=\"\" data-param10=\"\" data-description=\"\">\n\t\t<!-- MAIN IMAGE -->\n\t\t<img src=\"https:\/\/s5.gifyu.com\/images\/SiU5u.png\"  alt=\"\"  width=\"1920\" height=\"1080\" data-bgposition=\"center center\" data-bgfit=\"cover\" data-bgrepeat=\"no-repeat\" class=\"rev-slidebg\" data-no-retina>\n\t\t<!-- LAYERS -->\n\t<\/li>\n<\/ul>\n<div class=\"tp-bannertimer tp-bottom\" style=\"visibility: hidden !important;\"><\/div>\t<\/div>\n<script>var htmlDiv = document.getElementById(\"rs-plugin-settings-inline-css\"); var htmlDivCss=\"\";\r\n\t\t\t\tif(htmlDiv) {\r\n\t\t\t\t\thtmlDiv.innerHTML = htmlDiv.innerHTML + htmlDivCss;\r\n\t\t\t\t}else{\r\n\t\t\t\t\tvar htmlDiv = document.createElement(\"div\");\r\n\t\t\t\t\thtmlDiv.innerHTML = \"<style>\" + htmlDivCss + \"<\/style>\";\r\n\t\t\t\t\tdocument.getElementsByTagName(\"head\")[0].appendChild(htmlDiv.childNodes[0]);\r\n\t\t\t\t}\r\n\t\t\t<\/script>\n\t\t<script type=\"text\/javascript\">\r\nif (setREVStartSize!==undefined) setREVStartSize(\r\n\t{c: '#rev_slider_261_1', gridwidth: [1500], gridheight: [500], sliderLayout: 'auto'});\r\n\t\t\t\r\nvar revapi261,\r\n\ttpj;\t\r\n(function() {\t\t\t\r\n\tif (!\/loaded|interactive|complete\/.test(document.readyState)) document.addEventListener(\"DOMContentLoaded\",onLoad); else onLoad();\t\r\n\tfunction onLoad() {\t\t\t\t\r\n\t\tif (tpj===undefined) { tpj = jQuery; if(\"off\" == \"on\") tpj.noConflict();}\r\n\tif(tpj(\"#rev_slider_261_1\").revolution == undefined){\n\t\trevslider_showDoubleJqueryError(\"#rev_slider_261_1\");\n\t}else{\n\t\trevapi261 = tpj(\"#rev_slider_261_1\").show().revolution({\n\t\t\tsliderType:\"hero\",\n\t\t\tjsFileLocation:\"\/\/www.ull.es\/portal\/cienciaull\/wp-content\/plugins\/revslider\/public\/assets\/js\/\",\n\t\t\tsliderLayout:\"auto\",\n\t\t\tdottedOverlay:\"none\",\n\t\t\tdelay:9000,\n\t\t\tvisibilityLevels:[1240,1024,778,480],\n\t\t\tgridwidth:1500,\n\t\t\tgridheight:500,\n\t\t\tlazyType:\"none\",\n\t\t\tshadow:0,\n\t\t\tspinner:\"spinner0\",\n\t\t\tautoHeight:\"off\",\n\t\t\tdisableProgressBar:\"on\",\n\t\t\thideThumbsOnMobile:\"off\",\n\t\t\thideSliderAtLimit:0,\n\t\t\thideCaptionAtLimit:0,\n\t\t\thideAllCaptionAtLilmit:0,\n\t\t\tdebugMode:false,\n\t\t\tfallbacks: {\n\t\t\t\tsimplifyAll:\"off\",\n\t\t\t\tdisableFocusListener:false,\n\t\t\t}\n\t\t});\n\t}; \/* END OF revapi call *\/\n\t\n }; \/* END OF ON LOAD FUNCTION *\/\r\n}()); \/* END OF WRAPPING FUNCTION *\/\r\n<\/script>\r\n\t\t<\/div><!-- END REVOLUTION SLIDER -->[\/vc_column][\/vc_row][vc_row][vc_column width=\u00bb2\/3&#8243;][vc_empty_space][vc_custom_heading text=\u00bb\u00c1rea Ciencia y Tecnolog\u00eda\u00bb font_container=\u00bbtag:h2|text_align:left|color:%23ff8034&#8243; google_fonts=\u00bbfont_family:Roboto%20Slab%3A100%2C300%2Cregular%2C700|font_style:700%20bold%20regular%3A700%3Anormal\u00bb][vc_custom_heading text=\u00bbCap\u00edtulo 23. Carolina Castillo &#8211; Paleont\u00f3loga\u00bb font_container=\u00bbtag:h3|text_align:left|color:%23ff8034&#8243; google_fonts=\u00bbfont_family:Roboto%20Slab%3A100%2C300%2Cregular%2C700|font_style:700%20bold%20regular%3A700%3Anormal\u00bb][vc_custom_heading text=\u00bb<strong>Biograf\u00eda<\/strong>\u00bb font_container=\u00bbtag:h4|text_align:left|color:%23535968&#8243; google_fonts=\u00bbfont_family:Roboto%20Slab%3A100%2C300%2Cregular%2C700|font_style:700%20bold%20regular%3A700%3Anormal\u00bb][vc_column_text]<\/p>\n<p style=\"text-align: justify\">Es paleont\u00f3loga, profesora titular y coordinadora del \u00e1rea de Paleontolog\u00eda de la Universidad de La Laguna (ULL). Profesora ayudante del departamento de Estratigraf\u00eda y Paleontolog\u00eda de la Universidad de Granada entre 1990-1992. Y profesora del departamento de Biolog\u00eda Animal, Edafolog\u00eda y Geolog\u00eda en la ULL desde 1992. Imparte docencia en los grados de Biolog\u00eda y Ciencias Ambientales, as\u00ed como en el M\u00e1ster de Biodiversidad Terrestre y Conservaci\u00f3n en Islas.<\/p>\n<p style=\"text-align: justify\">Universitaria entregada a la docencia, investigaci\u00f3n, gesti\u00f3n y divulgaci\u00f3n cient\u00edfica. Se forma en la Universidad de Granada, realiza su tesis doctoral titulada, Paleocomunidades de micromamiferos de los yacimientos karsticos del Ne\u00f3geno Superior de Andaluc\u00eda oriental, y dirige diversas intervenciones paleontol\u00f3gicas. En la ULL se especializa en Paleontolog\u00eda de Islas Oce\u00e1nicas, aqu\u00ed su primer proyecto fue financiado por la Viceconsejer\u00eda de Medioambiente del Gobierno de Canarias para estudiar la distribuci\u00f3n antigua de El Lagarto Gigante de El Hierro, con motivo de su conservaci\u00f3n. Crea el grupo de investigaci\u00f3n consolidado Estudio de la Fauna F\u00f3sil y actual de Canarias y el grupo consolidado de innovaci\u00f3n educativa Creaci\u00f3n de objetos de aprendizaje tridimensionales en Ciencias. Y forma parte del grupo de investigaci\u00f3n Geolog\u00eda y Vulcanolog\u00eda de Islas Oce\u00e1nicas, donde colabora en el estudio de los f\u00f3siles de las primeras etapas de formaci\u00f3n del archipi\u00e9lago. Coordina principalmente dos l\u00edneas de trabajo: paleobiolog\u00eda de la conservaci\u00f3n y patrimonio paleontol\u00f3gico 3D.<\/p>\n<p style=\"text-align: justify\">En conjunto cuenta con cerca de 90 publicaciones cient\u00edficas (revistas indexadas en JCR, no indexadas, cap\u00edtulos de libro, libros, informes t\u00e9cnicos, etc.). Ha liderado cinco contratos y ocho proyectos de investigaci\u00f3n con financiaci\u00f3n nacional, regional y privada. Destacamos los realizados sobre los modelos de cambio faun\u00edstico en el Cuaternario de las Islas Canarias y su implicaci\u00f3n en la biodiversidad actual, el estudio de los lagartos gigantes en Gallotia 3D, y sobre las figuras de protecci\u00f3n del patrimonio paleontol\u00f3gico Paleoparque Anaga. Y un proyecto nacional para fomentar la vocaci\u00f3n cient\u00edfica en j\u00f3venes, Paleo-Con\u00e9ctate de la FECYT, que hoy es un referente divulgativo del \u00e1rea de Paleontolog\u00eda.<\/p>\n<p style=\"text-align: justify\">Ha participado como investigadora en otros seis proyectos de investigaci\u00f3n con financiaci\u00f3n nacional, y dos con financiaci\u00f3n regional. En la actualidad codirige un contrato de investigaci\u00f3n sobre la caracterizaci\u00f3n biol\u00f3gica y paleobiol\u00f3gica de las especies de caracoles terrestres amenazadas de Canarias, es investigadora del proyecto nacional (PID2020-117118GB-I00) para el estudio del gigantismo en reptiles, del Institut Catal\u00e0 de Paleontologia Miquel Crusafont, y participa en la revisi\u00f3n de los f\u00f3siles de micromam\u00edferos obtenidos en diversos proyectos relacionados con la etapa de su tesis doctoral. Ha organizado numerosas actividades de i+D+i como las XIV Jornadas de Paleontolog\u00eda, el I Congreso Escolar de Paleontolog\u00eda y el <em>workshop Paleobiology and conservation in terrestrial molluscs from Canary Islands<\/em>.<\/p>\n<p style=\"text-align: justify\">En gesti\u00f3n, entre otros, ha sido directora de secretariado de infraestructura cient\u00edfica del vicerrectorado de investigaci\u00f3n. Su reto es conseguir que el patrimonio paleontol\u00f3gico canario sea un referente cient\u00edfico, socioecon\u00f3mico y sociocultural en todos los \u00e1mbitos.<\/p>\n<p>[\/vc_column_text][vc_custom_heading text=\u00bb<strong>Departamento<\/strong>\u00bb font_container=\u00bbtag:h4|text_align:left|color:%23535968&#8243; google_fonts=\u00bbfont_family:Roboto%20Slab%3A100%2C300%2Cregular%2C700|font_style:700%20bold%20regular%3A700%3Anormal\u00bb][vc_column_text]<\/p>\n<ul>\n<li><a href=\"https:\/\/portalciencia.ull.es\/unidades\/2884\/detalle\" target=\"_blank\" rel=\"noopener\">Biolog\u00eda Animal, Edafolog\u00eda y Geolog\u00eda<\/a><\/li>\n<\/ul>\n<p>[\/vc_column_text][vc_custom_heading text=\u00bb<strong>L\u00edneas de investigaci\u00f3n<\/strong>\u00bb font_container=\u00bbtag:h4|text_align:left|color:%23535968&#8243; google_fonts=\u00bbfont_family:Roboto%20Slab%3A100%2C300%2Cregular%2C700|font_style:700%20bold%20regular%3A700%3Anormal\u00bb][vc_column_text]<\/p>\n<ul>\n<li style=\"text-align: justify\">Paleobiolog\u00eda de la Conservaci\u00f3n<\/li>\n<li style=\"text-align: justify\">Patrimonio Paleontol\u00f3gico 3D<\/li>\n<\/ul>\n<p>[\/vc_column_text][vc_custom_heading text=\u00bb<strong>Grupos de investigaci\u00f3n<\/strong>\u00bb font_container=\u00bbtag:h4|text_align:left|color:%23535968&#8243; google_fonts=\u00bbfont_family:Roboto%20Slab%3A100%2C300%2Cregular%2C700|font_style:700%20bold%20regular%3A700%3Anormal\u00bb][vc_column_text]<\/p>\n<ul>\n<li><a href=\"https:\/\/portalciencia.ull.es\/grupos\/6504\/detalle\" target=\"_blank\" rel=\"noopener\">Estudio de la fauna f\u00f3sil y actual de Canarias<\/a><\/li>\n<li><a href=\"https:\/\/portalciencia.ull.es\/grupos\/6254\/detalle\" target=\"_blank\" rel=\"noopener\">Geolog\u00eda y Vulcanolog\u00eda de Islas Oce\u00e1nicas<\/a><\/li>\n<\/ul>\n<p>[\/vc_column_text][vc_custom_heading text=\u00bb<strong>Grupo de innovaci\u00f3n educativa<\/strong>\u00bb font_container=\u00bbtag:h4|text_align:left|color:%23535968&#8243; google_fonts=\u00bbfont_family:Roboto%20Slab%3A100%2C300%2Cregular%2C700|font_style:700%20bold%20regular%3A700%3Anormal\u00bb][vc_column_text]<\/p>\n<ul>\n<li><a href=\"https:\/\/portalciencia.ull.es\/documentos\/627b41d5ef44ec2647531e67\" target=\"_blank\" rel=\"noopener\">Creaci\u00f3n de objetos de aprendizaje tridimensionales en Ciencias<\/a><\/li>\n<\/ul>\n<p>[\/vc_column_text][\/vc_column][vc_column width=\u00bb1\/3&#8243;][vc_empty_space height=\u00bb135px\u00bb][vc_custom_heading text=\u00bb<strong>V\u00eddeo<\/strong>\u00bb font_container=\u00bbtag:h4|text_align:left|color:%23535968&#8243; google_fonts=\u00bbfont_family:Roboto%20Slab%3A100%2C300%2Cregular%2C700|font_style:700%20bold%20regular%3A700%3Anormal\u00bb css=\u00bb.vc_custom_1690190393009{margin-bottom: 5px !important;border-bottom-width: 5px !important;padding-bottom: 5px !important;}\u00bb][vc_video link=\u00bbhttps:\/\/youtu.be\/RJq6pa6vuFc\u00bb][vc_empty_space css=\u00bb.vc_custom_1690190377503{margin-bottom: 3px !important;border-bottom-width: 3px !important;padding-bottom: 3px !important;}\u00bb][vc_btn title=\u00bbSerie Chicas con Cienci@ULL\u00bb color=\u00bbwarning\u00bb size=\u00bblg\u00bb align=\u00bbcenter\u00bb button_block=\u00bbtrue\u00bb link=\u00bburl:https%3A%2F%2Fwww.ull.es%2Fportal%2Fcienciaull%2F4a-temporada-chicas-con-cienciull%2F\u00bb css=\u00bb.vc_custom_1690190442866{margin-bottom: 3px !important;border-bottom-width: 3px !important;padding-bottom: 3px !important;}\u00bb][vc_btn title=\u00bbProducci\u00f3n cient\u00edfica\u00bb color=\u00bbdanger\u00bb size=\u00bblg\u00bb align=\u00bbcenter\u00bb button_block=\u00bbtrue\u00bb link=\u00bburl:https%3A%2F%2Fportalciencia.ull.es%2Finvestigadores%2F81074%2Fdetalle\u00bb css=\u00bb.vc_custom_1690190479826{margin-bottom: 3px !important;border-bottom-width: 3px !important;padding-bottom: 3px !important;}\u00bb][vc_btn title=\u00bbFiguras destacadas\u00bb color=\u00bbsky\u00bb size=\u00bblg\u00bb align=\u00bbcenter\u00bb button_block=\u00bbtrue\u00bb link=\u00bburl:https%3A%2F%2Fwww.ull.es%2Fportal%2Fcienciaull%2Fcalendario-investigaull%2Ffigurasdesta_investigaull%2F\u00bb css=\u00bb.vc_custom_1690190503887{margin-bottom: 3px !important;border-bottom-width: 3px !important;padding-bottom: 3px !important;}\u00bb][\/vc_column][\/vc_row][vc_row][vc_column][vc_empty_space][vc_single_image image=\u00bb25066&#8243; img_size=\u00bb1500&#215;250&#8243;][\/vc_column][\/vc_row]<\/p>\n","protected":false},"excerpt":{"rendered":"<p>[vc_row][vc_column][vc_empty_space][\/vc_column][\/vc_row][vc_row][vc_column width=\u00bb2\/3&#8243;][vc_empty_space][vc_custom_heading text=\u00bb\u00c1rea Ciencia y Tecnolog\u00eda\u00bb font_container=\u00bbtag:h2|text_align:left|color:%23ff8034&#8243; google_fonts=\u00bbfont_family:Roboto%20Slab%3A100%2C300%2Cregular%2C700|font_style:700%20bold%20regular%3A700%3Anormal\u00bb][vc_custom_heading text=\u00bbCap\u00edtulo 23. Carolina Castillo &#8211; Paleont\u00f3loga\u00bb font_container=\u00bbtag:h3|text_align:left|color:%23ff8034&#8243; google_fonts=\u00bbfont_family:Roboto%20Slab%3A100%2C300%2Cregular%2C700|font_style:700%20bold%20regular%3A700%3Anormal\u00bb][vc_custom_heading text=\u00bbBiograf\u00eda\u00bb font_container=\u00bbtag:h4|text_align:left|color:%23535968&#8243; google_fonts=\u00bbfont_family:Roboto%20Slab%3A100%2C300%2Cregular%2C700|font_style:700%20bold%20regular%3A700%3Anormal\u00bb][vc_column_text] Es paleont\u00f3loga, profesora titular y coordinadora del \u00e1rea de Paleontolog\u00eda de la Universidad de La Laguna (ULL). Profesora ayudante del departamento de Estratigraf\u00eda y Paleontolog\u00eda de la Universidad de Granada entre 1990-1992. Y profesora del departamento&#8230;<\/p>\n","protected":false},"author":56,"featured_media":0,"parent":1606,"menu_order":0,"comment_status":"closed","ping_status":"closed","template":"templates\/cienciaull.php","meta":{"inline_featured_image":false,"footnotes":""},"acf":[],"yoast_head":"<!-- This site is optimized with the Yoast SEO plugin v21.3 - https:\/\/yoast.com\/wordpress\/plugins\/seo\/ -->\n<title>Carolina Castillo - Paleont\u00f3loga -<\/title>\n<meta name=\"robots\" content=\"index, follow, max-snippet:-1, max-image-preview:large, max-video-preview:-1\" \/>\n<link rel=\"canonical\" href=\"https:\/\/www.ull.es\/portal\/cienciaull\/proyectochicasconcienciaull\/carolina-castillo-paleontologa\/\" \/>\n<meta property=\"og:locale\" content=\"es_ES\" \/>\n<meta property=\"og:type\" content=\"article\" \/>\n<meta property=\"og:title\" content=\"Carolina Castillo - Paleont\u00f3loga -\" \/>\n<meta property=\"og:description\" content=\"[vc_row][vc_column][vc_empty_space][\/vc_column][\/vc_row][vc_row][vc_column width=\u00bb2\/3&#8243;][vc_empty_space][vc_custom_heading text=\u00bb\u00c1rea Ciencia y Tecnolog\u00eda\u00bb font_container=\u00bbtag:h2|text_align:left|color:%23ff8034&#8243; google_fonts=\u00bbfont_family:Roboto%20Slab%3A100%2C300%2Cregular%2C700|font_style:700%20bold%20regular%3A700%3Anormal\u00bb][vc_custom_heading text=\u00bbCap\u00edtulo 23. Carolina Castillo &#8211; Paleont\u00f3loga\u00bb font_container=\u00bbtag:h3|text_align:left|color:%23ff8034&#8243; google_fonts=\u00bbfont_family:Roboto%20Slab%3A100%2C300%2Cregular%2C700|font_style:700%20bold%20regular%3A700%3Anormal\u00bb][vc_custom_heading text=\u00bbBiograf\u00eda\u00bb font_container=\u00bbtag:h4|text_align:left|color:%23535968&#8243; google_fonts=\u00bbfont_family:Roboto%20Slab%3A100%2C300%2Cregular%2C700|font_style:700%20bold%20regular%3A700%3Anormal\u00bb][vc_column_text] Es paleont\u00f3loga, profesora titular y coordinadora del \u00e1rea de Paleontolog\u00eda de la Universidad de La Laguna (ULL). Profesora ayudante del departamento de Estratigraf\u00eda y Paleontolog\u00eda de la Universidad de Granada entre 1990-1992. Y profesora del departamento...\" \/>\n<meta property=\"og:url\" content=\"https:\/\/www.ull.es\/portal\/cienciaull\/proyectochicasconcienciaull\/carolina-castillo-paleontologa\/\" \/>\n<meta property=\"article:publisher\" content=\"https:\/\/www.facebook.com\/CienciaULL\/\" \/>\n<meta property=\"article:modified_time\" content=\"2024-10-24T10:11:47+00:00\" \/>\n<meta name=\"twitter:card\" content=\"summary_large_image\" \/>\n<meta name=\"twitter:site\" content=\"@CienciaULL\" \/>\n<meta name=\"twitter:label1\" content=\"Tiempo de lectura\" \/>\n\t<meta name=\"twitter:data1\" content=\"3 minutos\" \/>\n<script type=\"application\/ld+json\" class=\"yoast-schema-graph\">{\"@context\":\"https:\/\/schema.org\",\"@graph\":[{\"@type\":\"WebPage\",\"@id\":\"https:\/\/www.ull.es\/portal\/cienciaull\/proyectochicasconcienciaull\/carolina-castillo-paleontologa\/\",\"url\":\"https:\/\/www.ull.es\/portal\/cienciaull\/proyectochicasconcienciaull\/carolina-castillo-paleontologa\/\",\"name\":\"Carolina Castillo - Paleont\u00f3loga -\",\"isPartOf\":{\"@id\":\"https:\/\/www.ull.es\/portal\/cienciaull\/#website\"},\"datePublished\":\"2023-07-24T09:21:51+00:00\",\"dateModified\":\"2024-10-24T10:11:47+00:00\",\"breadcrumb\":{\"@id\":\"https:\/\/www.ull.es\/portal\/cienciaull\/proyectochicasconcienciaull\/carolina-castillo-paleontologa\/#breadcrumb\"},\"inLanguage\":\"es\",\"potentialAction\":[{\"@type\":\"ReadAction\",\"target\":[\"https:\/\/www.ull.es\/portal\/cienciaull\/proyectochicasconcienciaull\/carolina-castillo-paleontologa\/\"]}]},{\"@type\":\"BreadcrumbList\",\"@id\":\"https:\/\/www.ull.es\/portal\/cienciaull\/proyectochicasconcienciaull\/carolina-castillo-paleontologa\/#breadcrumb\",\"itemListElement\":[{\"@type\":\"ListItem\",\"position\":1,\"name\":\"Portada\",\"item\":\"https:\/\/www.ull.es\/portal\/cienciaull\/\"},{\"@type\":\"ListItem\",\"position\":2,\"name\":\"Chicas con Cienci@ULL\",\"item\":\"https:\/\/www.ull.es\/portal\/cienciaull\/proyectochicasconcienciaull\/\"},{\"@type\":\"ListItem\",\"position\":3,\"name\":\"Carolina Castillo &#8211; Paleont\u00f3loga\"}]},{\"@type\":\"WebSite\",\"@id\":\"https:\/\/www.ull.es\/portal\/cienciaull\/#website\",\"url\":\"https:\/\/www.ull.es\/portal\/cienciaull\/\",\"name\":\"\",\"description\":\"Unidad de Cultura Cient\u00edfica y de la Innovaci\u00f3n de la Universidad de La Laguna\",\"potentialAction\":[{\"@type\":\"SearchAction\",\"target\":{\"@type\":\"EntryPoint\",\"urlTemplate\":\"https:\/\/www.ull.es\/portal\/cienciaull\/?s={search_term_string}\"},\"query-input\":\"required name=search_term_string\"}],\"inLanguage\":\"es\"}]}<\/script>\n<!-- \/ Yoast SEO plugin. -->","yoast_head_json":{"title":"Carolina Castillo - Paleont\u00f3loga -","robots":{"index":"index","follow":"follow","max-snippet":"max-snippet:-1","max-image-preview":"max-image-preview:large","max-video-preview":"max-video-preview:-1"},"canonical":"https:\/\/www.ull.es\/portal\/cienciaull\/proyectochicasconcienciaull\/carolina-castillo-paleontologa\/","og_locale":"es_ES","og_type":"article","og_title":"Carolina Castillo - Paleont\u00f3loga -","og_description":"[vc_row][vc_column][vc_empty_space][\/vc_column][\/vc_row][vc_row][vc_column width=\u00bb2\/3&#8243;][vc_empty_space][vc_custom_heading text=\u00bb\u00c1rea Ciencia y Tecnolog\u00eda\u00bb font_container=\u00bbtag:h2|text_align:left|color:%23ff8034&#8243; google_fonts=\u00bbfont_family:Roboto%20Slab%3A100%2C300%2Cregular%2C700|font_style:700%20bold%20regular%3A700%3Anormal\u00bb][vc_custom_heading text=\u00bbCap\u00edtulo 23. Carolina Castillo &#8211; Paleont\u00f3loga\u00bb font_container=\u00bbtag:h3|text_align:left|color:%23ff8034&#8243; google_fonts=\u00bbfont_family:Roboto%20Slab%3A100%2C300%2Cregular%2C700|font_style:700%20bold%20regular%3A700%3Anormal\u00bb][vc_custom_heading text=\u00bbBiograf\u00eda\u00bb font_container=\u00bbtag:h4|text_align:left|color:%23535968&#8243; google_fonts=\u00bbfont_family:Roboto%20Slab%3A100%2C300%2Cregular%2C700|font_style:700%20bold%20regular%3A700%3Anormal\u00bb][vc_column_text] Es paleont\u00f3loga, profesora titular y coordinadora del \u00e1rea de Paleontolog\u00eda de la Universidad de La Laguna (ULL). Profesora ayudante del departamento de Estratigraf\u00eda y Paleontolog\u00eda de la Universidad de Granada entre 1990-1992. Y profesora del departamento...","og_url":"https:\/\/www.ull.es\/portal\/cienciaull\/proyectochicasconcienciaull\/carolina-castillo-paleontologa\/","article_publisher":"https:\/\/www.facebook.com\/CienciaULL\/","article_modified_time":"2024-10-24T10:11:47+00:00","twitter_card":"summary_large_image","twitter_site":"@CienciaULL","twitter_misc":{"Tiempo de lectura":"3 minutos"},"schema":{"@context":"https:\/\/schema.org","@graph":[{"@type":"WebPage","@id":"https:\/\/www.ull.es\/portal\/cienciaull\/proyectochicasconcienciaull\/carolina-castillo-paleontologa\/","url":"https:\/\/www.ull.es\/portal\/cienciaull\/proyectochicasconcienciaull\/carolina-castillo-paleontologa\/","name":"Carolina Castillo - Paleont\u00f3loga -","isPartOf":{"@id":"https:\/\/www.ull.es\/portal\/cienciaull\/#website"},"datePublished":"2023-07-24T09:21:51+00:00","dateModified":"2024-10-24T10:11:47+00:00","breadcrumb":{"@id":"https:\/\/www.ull.es\/portal\/cienciaull\/proyectochicasconcienciaull\/carolina-castillo-paleontologa\/#breadcrumb"},"inLanguage":"es","potentialAction":[{"@type":"ReadAction","target":["https:\/\/www.ull.es\/portal\/cienciaull\/proyectochicasconcienciaull\/carolina-castillo-paleontologa\/"]}]},{"@type":"BreadcrumbList","@id":"https:\/\/www.ull.es\/portal\/cienciaull\/proyectochicasconcienciaull\/carolina-castillo-paleontologa\/#breadcrumb","itemListElement":[{"@type":"ListItem","position":1,"name":"Portada","item":"https:\/\/www.ull.es\/portal\/cienciaull\/"},{"@type":"ListItem","position":2,"name":"Chicas con Cienci@ULL","item":"https:\/\/www.ull.es\/portal\/cienciaull\/proyectochicasconcienciaull\/"},{"@type":"ListItem","position":3,"name":"Carolina Castillo &#8211; Paleont\u00f3loga"}]},{"@type":"WebSite","@id":"https:\/\/www.ull.es\/portal\/cienciaull\/#website","url":"https:\/\/www.ull.es\/portal\/cienciaull\/","name":"","description":"Unidad de Cultura Cient\u00edfica y de la Innovaci\u00f3n de la Universidad de La Laguna","potentialAction":[{"@type":"SearchAction","target":{"@type":"EntryPoint","urlTemplate":"https:\/\/www.ull.es\/portal\/cienciaull\/?s={search_term_string}"},"query-input":"required name=search_term_string"}],"inLanguage":"es"}]}},"_links":{"self":[{"href":"https:\/\/www.ull.es\/portal\/cienciaull\/wp-json\/wp\/v2\/pages\/24265"}],"collection":[{"href":"https:\/\/www.ull.es\/portal\/cienciaull\/wp-json\/wp\/v2\/pages"}],"about":[{"href":"https:\/\/www.ull.es\/portal\/cienciaull\/wp-json\/wp\/v2\/types\/page"}],"author":[{"embeddable":true,"href":"https:\/\/www.ull.es\/portal\/cienciaull\/wp-json\/wp\/v2\/users\/56"}],"replies":[{"embeddable":true,"href":"https:\/\/www.ull.es\/portal\/cienciaull\/wp-json\/wp\/v2\/comments?post=24265"}],"version-history":[{"count":8,"href":"https:\/\/www.ull.es\/portal\/cienciaull\/wp-json\/wp\/v2\/pages\/24265\/revisions"}],"predecessor-version":[{"id":26328,"href":"https:\/\/www.ull.es\/portal\/cienciaull\/wp-json\/wp\/v2\/pages\/24265\/revisions\/26328"}],"up":[{"embeddable":true,"href":"https:\/\/www.ull.es\/portal\/cienciaull\/wp-json\/wp\/v2\/pages\/1606"}],"wp:attachment":[{"href":"https:\/\/www.ull.es\/portal\/cienciaull\/wp-json\/wp\/v2\/media?parent=24265"}],"curies":[{"name":"wp","href":"https:\/\/api.w.org\/{rel}","templated":true}]}}