{"id":2428,"date":"2020-04-03T12:38:49","date_gmt":"2020-04-03T12:38:49","guid":{"rendered":"https:\/\/www.ull.es\/portal\/cienciaull\/?page_id=2428"},"modified":"2025-10-01T15:05:22","modified_gmt":"2025-10-01T15:05:22","slug":"doblehelice3-0","status":"publish","type":"page","link":"https:\/\/www.ull.es\/portal\/cienciaull\/doblehelice3-0\/","title":{"rendered":"Doble H\u00e9lice 3.0"},"content":{"rendered":"<p>[vc_row][vc_column css=\u00bb.vc_custom_1587213747539{margin-top: 0px !important;margin-bottom: 10px !important;border-top-width: 0px !important;border-bottom-width: 10px !important;padding-top: 0px !important;padding-bottom: 10px !important;}\u00bb]\n<div id=\"rev_slider_273_1_wrapper\" class=\"rev_slider_wrapper fullwidthbanner-container\" data-source=\"gallery\" style=\"margin:0px auto;background:transparent;padding:0px;margin-top:0px;margin-bottom:0px;\">\n<!-- START REVOLUTION SLIDER 5.4.7.3 auto mode -->\n\t<div id=\"rev_slider_273_1\" class=\"rev_slider fullwidthabanner\" style=\"display:none;\" data-version=\"5.4.7.3\">\n<ul>\t<!-- SLIDE  -->\n\t<li data-index=\"rs-320\" data-transition=\"fade\" data-slotamount=\"default\" data-hideafterloop=\"0\" data-hideslideonmobile=\"off\"  data-easein=\"default\" data-easeout=\"default\" data-masterspeed=\"300\"  data-rotate=\"0\"  data-saveperformance=\"off\"  data-title=\"Slide\" data-param1=\"\" data-param2=\"\" data-param3=\"\" data-param4=\"\" data-param5=\"\" data-param6=\"\" data-param7=\"\" data-param8=\"\" data-param9=\"\" data-param10=\"\" data-description=\"\">\n\t\t<!-- MAIN IMAGE -->\n\t\t<img src=\"https:\/\/www.ull.es\/portal\/cienciaull\/wp-content\/uploads\/sites\/24\/2024\/02\/Doble-helice-2024_1200x300px.png\"  alt=\"\" title=\"Doble h\u00e9lice (2024)_1200x300px\"  width=\"1200\" height=\"300\" data-bgposition=\"center center\" data-bgfit=\"cover\" data-bgrepeat=\"no-repeat\" class=\"rev-slidebg\" data-no-retina>\n\t\t<!-- LAYERS -->\n\t<\/li>\n<\/ul>\n<div class=\"tp-bannertimer tp-bottom\" style=\"visibility: hidden !important;\"><\/div>\t<\/div>\n<script>var htmlDiv = document.getElementById(\"rs-plugin-settings-inline-css\"); var htmlDivCss=\"\";\r\n\t\t\t\tif(htmlDiv) {\r\n\t\t\t\t\thtmlDiv.innerHTML = htmlDiv.innerHTML + htmlDivCss;\r\n\t\t\t\t}else{\r\n\t\t\t\t\tvar htmlDiv = document.createElement(\"div\");\r\n\t\t\t\t\thtmlDiv.innerHTML = \"<style>\" + htmlDivCss + \"<\/style>\";\r\n\t\t\t\t\tdocument.getElementsByTagName(\"head\")[0].appendChild(htmlDiv.childNodes[0]);\r\n\t\t\t\t}\r\n\t\t\t<\/script>\n\t\t<script type=\"text\/javascript\">\r\nif (setREVStartSize!==undefined) setREVStartSize(\r\n\t{c: '#rev_slider_273_1', gridwidth: [1200], gridheight: [300], sliderLayout: 'auto'});\r\n\t\t\t\r\nvar revapi273,\r\n\ttpj;\t\r\n(function() {\t\t\t\r\n\tif (!\/loaded|interactive|complete\/.test(document.readyState)) document.addEventListener(\"DOMContentLoaded\",onLoad); else onLoad();\t\r\n\tfunction onLoad() {\t\t\t\t\r\n\t\tif (tpj===undefined) { tpj = jQuery; if(\"off\" == \"on\") tpj.noConflict();}\r\n\tif(tpj(\"#rev_slider_273_1\").revolution == undefined){\n\t\trevslider_showDoubleJqueryError(\"#rev_slider_273_1\");\n\t}else{\n\t\trevapi273 = tpj(\"#rev_slider_273_1\").show().revolution({\n\t\t\tsliderType:\"hero\",\n\t\t\tjsFileLocation:\"\/\/www.ull.es\/portal\/cienciaull\/wp-content\/plugins\/revslider\/public\/assets\/js\/\",\n\t\t\tsliderLayout:\"auto\",\n\t\t\tdottedOverlay:\"none\",\n\t\t\tdelay:9000,\n\t\t\tvisibilityLevels:[1240,1024,778,480],\n\t\t\tgridwidth:1200,\n\t\t\tgridheight:300,\n\t\t\tlazyType:\"none\",\n\t\t\tshadow:0,\n\t\t\tspinner:\"spinner0\",\n\t\t\tautoHeight:\"off\",\n\t\t\tdisableProgressBar:\"on\",\n\t\t\thideThumbsOnMobile:\"off\",\n\t\t\thideSliderAtLimit:0,\n\t\t\thideCaptionAtLimit:0,\n\t\t\thideAllCaptionAtLilmit:0,\n\t\t\tdebugMode:false,\n\t\t\tfallbacks: {\n\t\t\t\tsimplifyAll:\"off\",\n\t\t\t\tdisableFocusListener:false,\n\t\t\t}\n\t\t});\n\t}; \/* END OF revapi call *\/\n\t\n }; \/* END OF ON LOAD FUNCTION *\/\r\n}()); \/* END OF WRAPPING FUNCTION *\/\r\n<\/script>\r\n\t\t<\/div><!-- END REVOLUTION SLIDER -->[vc_separator color=\u00bbviolet\u00bb style=\u00bbdouble\u00bb border_width=\u00bb10&#8243;][\/vc_column][\/vc_row][vc_row][vc_column width=\u00bb3\/4&#8243;][vc_empty_space height=\u00bb25px\u00bb][vc_custom_heading text=\u00bbPresentaci\u00f3n\u00bb google_fonts=\u00bbfont_family:Roboto%20Slab%3A100%2C300%2Cregular%2C700|font_style:700%20bold%20regular%3A700%3Anormal\u00bb css=\u00bb.vc_custom_1587214093543{margin-bottom: 7px !important;border-bottom-width: 7px !important;padding-bottom: 7px !important;}\u00bb][vc_column_text]<\/p>\n<p style=\"text-align: justify\"><strong><em>Doble H\u00e9lice 3.0<\/em><\/strong> fue un programa de divulgaci\u00f3n cient\u00edfica promovido por Cienci@ULL desde el a\u00f1o 2018 hasta el 2024, con la finalidad de <span style=\"color: #800080\"><em>mejorar la cultura y conocimientos cient\u00edficos de la ciudadan\u00eda<\/em><\/span>, <span style=\"color: #800080\"><em>a trav\u00e9s de la difusi\u00f3n, divulgaci\u00f3n y comunicaci\u00f3n de la actividad investigadora generada en la Universidad de La Laguna. <\/em><span style=\"color: #000000\">Cont\u00f3 con la colaboraci\u00f3n de <a href=\"https:\/\/www.rtve.es\/radio\/\" target=\"_blank\" rel=\"noopener\"><strong>Radio y Televisi\u00f3n Espa\u00f1ola<\/strong><\/a> y la <a href=\"http:\/\/www.gobiernodecanarias.org\/aciisi\/\" target=\"_blank\" rel=\"noopener\"><strong>Agencia Canaria de Investigaci\u00f3n, Innovaci\u00f3n y Sociedad de la Informaci\u00f3n del Gobierno de Canarias<\/strong><\/a>, como agente regional de comunicaci\u00f3n y divulgaci\u00f3n de conocimiento cient\u00edfico a la sociedad canaria.<\/span><\/span><\/p>\n<p style=\"text-align: justify\">Con una periodicidad semanal, se desarroll\u00f3 bajo un formato de entrevistas, de 30 minutos de duraci\u00f3n, a investigadores e investigadoras de la ULL sobre tem\u00e1ticas actuales vinculadas a sus l\u00edneas de investigaci\u00f3n, donde se muestra la aplicabilidad de \u00e9stas en los problemas de la vida cotidiana.<\/p>\n<p style=\"text-align: justify\">Este programa se emit\u00eda los s\u00e1bados a las 12:30h en Radio Nacional de Espa\u00f1a. Tambi\u00e9n puedes escucharlo a trav\u00e9s de sus canales en:<\/p>\n<p>[\/vc_column_text][vc_empty_space height=\u00bb30px\u00bb][\/vc_column][vc_column width=\u00bb1\/4&#8243;][vc_empty_space height=\u00bb40px\u00bb][vc_raw_html]JTNDYSUyMGNsYXNzJTNEJTIydHdpdHRlci10aW1lbGluZSUyMiUyMGRhdGEtbGFuZyUzRCUyMmVzJTIyJTIwZGF0YS13aWR0aCUzRCUyMjQwMCUyMiUyMGRhdGEtaGVpZ2h0JTNEJTIyNDAwJTIyJTIwZGF0YS1saW5rLWNvbG9yJTNEJTIyJTIzRTk1RjI4JTIyJTIwaHJlZiUzRCUyMmh0dHBzJTNBJTJGJTJGdHdpdHRlci5jb20lMkZkb2JsZWhlbGljZXJuZSUyMiUzRVR3ZWV0cyUyMGJ5JTIwJTQwZG9ibGVoZWxpY2VybmUlM0MlMkZhJTNFJTIwJTNDc2NyaXB0JTIwYXN5bmMlMjBzcmMlM0QlMjIlMkYlMkZwbGF0Zm9ybS50d2l0dGVyLmNvbSUyRndpZGdldHMuanMlMjIlMjBjaGFyc2V0JTNEJTIydXRmLTglMjIlM0UlM0MlMkZzY3JpcHQlM0U=[\/vc_raw_html][\/vc_column][\/vc_row][vc_row][vc_column width=\u00bb1\/4&#8243;][vc_single_image image=\u00bb3752&#8243; img_size=\u00bb200&#215;100&#8243; alignment=\u00bbcenter\u00bb onclick=\u00bbcustom_link\u00bb link=\u00bbhttps:\/\/www.ivoox.com\/podcast-doble-helice-3-0_sq_f160690_1.html\u00bb][vc_empty_space height=\u00bb40px\u00bb][vc_single_image image=\u00bb26362&#8243; img_size=\u00bb200&#215;100&#8243; alignment=\u00bbcenter\u00bb onclick=\u00bbcustom_link\u00bb link=\u00bbhttps:\/\/www.rtve.es\/alacarta\/audios\/doble-helice\/\u00bb][\/vc_column][vc_column width=\u00bb1\/4&#8243;][vc_single_image image=\u00bb3753&#8243; img_size=\u00bb250&#215;75&#8243; onclick=\u00bbcustom_link\u00bb link=\u00bbhttps:\/\/open.spotify.com\/show\/0Gfrnyl1sVG1rUcAT8PHWw\u00bb][vc_empty_space height=\u00bb60px\u00bb][vc_single_image image=\u00bb11184&#8243; img_size=\u00bb100&#215;100&#8243; alignment=\u00bbcenter\u00bb][\/vc_column][vc_column width=\u00bb1\/4&#8243;][vc_single_image image=\u00bb6086&#8243; img_size=\u00bb100&#215;100&#8243; alignment=\u00bbcenter\u00bb onclick=\u00bbcustom_link\u00bb link=\u00bbhttps:\/\/www.facebook.com\/doblehelice\/\u00bb][vc_empty_space height=\u00bb20px\u00bb][vc_single_image image=\u00bb11185&#8243; alignment=\u00bbcenter\u00bb onclick=\u00bbcustom_link\u00bb link=\u00bbhttps:\/\/podcasts.google.com\/feed\/aHR0cHM6Ly93d3cuaXZvb3guY29tL2RvYmxlLWhlbGljZV9mZ19mMTYwNjkwX2ZpbHRyb18xLnhtbA?sa=X&amp;ved=2ahUKEwjZpbuYzO7vAhUSmhoKHRXcDtsQ9sEGegQIARAC\u00bb][\/vc_column][vc_column width=\u00bb1\/4&#8243;][vc_btn title=\u00bbTemporada 2024&#8243; color=\u00bbmulled-wine\u00bb align=\u00bbcenter\u00bb button_block=\u00bbtrue\u00bb link=\u00bburl:https%3A%2F%2Fwww.ull.es%2Fportal%2Fcienciaull%2Fdoblehelice3-0%2Ftemporada-2024%2F\u00bb css=\u00bb.vc_custom_1708420045829{margin-bottom: 5px !important;border-bottom-width: 5px !important;padding-bottom: 5px !important;}\u00bb][vc_btn title=\u00bbTemporada 2023&#8243; color=\u00bbvista-blue\u00bb align=\u00bbcenter\u00bb button_block=\u00bbtrue\u00bb css=\u00bb.vc_custom_1673513127223{margin-bottom: 5px !important;border-bottom-width: 5px !important;padding-bottom: 5px !important;}\u00bb link=\u00bburl:https%3A%2F%2Fwww.ull.es%2Fportal%2Fcienciaull%2Fdoblehelice3-0%2Ftemporada-2023%2F\u00bb][vc_btn title=\u00bbTemporada 2022&#8243; color=\u00bbpink\u00bb align=\u00bbcenter\u00bb button_block=\u00bbtrue\u00bb link=\u00bburl:https%3A%2F%2Fwww.ull.es%2Fportal%2Fcienciaull%2Fdoblehelice3-0%2Ftemporada-2022%2F|title:Temporada%202022|target:_blank\u00bb css=\u00bb.vc_custom_1641905596064{margin-bottom: 5px !important;border-bottom-width: 5px !important;padding-bottom: 5px !important;}\u00bb][vc_btn title=\u00bbTemporada 2021&#8243; color=\u00bbwarning\u00bb align=\u00bbcenter\u00bb button_block=\u00bbtrue\u00bb link=\u00bburl:https%3A%2F%2Fwww.ull.es%2Fportal%2Fcienciaull%2Fdoblehelice3-0%2Ftemporada-2021%2F|title:Temporada%202021|target:_blank\u00bb css=\u00bb.vc_custom_1610032728502{margin-bottom: 5px !important;border-bottom-width: 5px !important;padding-bottom: 5px !important;}\u00bb][vc_btn title=\u00bbTemporada 2020&#8243; color=\u00bbinfo\u00bb align=\u00bbcenter\u00bb button_block=\u00bbtrue\u00bb link=\u00bburl:https%3A%2F%2Fwww.ull.es%2Fportal%2Fcienciaull%2Fdoblehelice3-0%2Ftemporada-2020%2F||target:%20_blank|\u00bb css=\u00bb.vc_custom_1592333852276{margin-bottom: 5px !important;border-bottom-width: 5px !important;padding-bottom: 5px !important;}\u00bb][vc_btn title=\u00bbTemporada 2019&#8243; color=\u00bbviolet\u00bb align=\u00bbcenter\u00bb button_block=\u00bbtrue\u00bb link=\u00bburl:https%3A%2F%2Fwww.ull.es%2Fportal%2Fcienciaull%2Fdoblehelice3-0%2Ftemporada-2019%2F|||\u00bb css=\u00bb.vc_custom_1592333864668{margin-bottom: 5px !important;border-bottom-width: 5px !important;padding-bottom: 5px !important;}\u00bb][vc_btn title=\u00bbTemporada 2018&#8243; color=\u00bbjuicy-pink\u00bb align=\u00bbcenter\u00bb button_block=\u00bbtrue\u00bb link=\u00bburl:https%3A%2F%2Fwww.ull.es%2Fportal%2Fcienciaull%2Fdoblehelice3-0%2Ftemporada-2018%2F|||\u00bb css=\u00bb.vc_custom_1592333876720{margin-bottom: 5px !important;border-bottom-width: 5px !important;padding-bottom: 5px !important;}\u00bb][vc_btn title=\u00bbParticipa\u00bb color=\u00bbgreen\u00bb align=\u00bbcenter\u00bb button_block=\u00bbtrue\u00bb link=\u00bburl:https%3A%2F%2Fwww.ull.es%2Fportal%2Fcienciaull%2Fdoblehelice3-0%2Fparticipa%2F|||\u00bb][\/vc_column][vc_column][\/vc_column][\/vc_row][vc_row][vc_column][vc_custom_heading text=\u00bbTemporada 2024&#8243; google_fonts=\u00bbfont_family:Roboto%20Slab%3A100%2C300%2Cregular%2C700|font_style:700%20bold%20regular%3A700%3Anormal\u00bb][vc_media_grid style=\u00bbpagination\u00bb items_per_page=\u00bb6&#8243; element_width=\u00bb2&#8243; grid_id=\u00bbvc_gid:1759331001076-29b0917e-5f1b-9&#8243; include=\u00bb25775,26105,26104,26147,26277,26331,26373,26517,26847,26932,27116,27255,27256,27863,27889,27953,28084,28839,29518,29598,29840,29865,30122,30398,30480,30529,30682,30719,30724,30826,30827,30983,31217,31524,31525,31527,31707,31731,31763,31948,32010,32138,32311,32376,32568,32569,32690&#8243;][vc_custom_heading text=\u00bbTemporada 2023&#8243; google_fonts=\u00bbfont_family:Roboto%20Slab%3A100%2C300%2Cregular%2C700|font_style:700%20bold%20regular%3A700%3Anormal\u00bb css=\u00bb.vc_custom_1674215260708{margin-bottom: 7px !important;border-bottom-width: 7px !important;padding-bottom: 7px !important;}\u00bb][vc_media_grid style=\u00bbpagination\u00bb items_per_page=\u00bb6&#8243; element_width=\u00bb2&#8243; grid_id=\u00bbvc_gid:1759331001076-4602ede9-52c9-3&#8243; include=\u00bb20936,24881,24883,24884,24885,24879,24878,24877,25567,25566,25565,25564,25563,25562,25561,25773,25774,25775,25776,25777,25778,25779,25780,25781&#8243;][vc_custom_heading text=\u00bbTemporada 2022&#8243; google_fonts=\u00bbfont_family:Roboto%20Slab%3A100%2C300%2Cregular%2C700|font_style:700%20bold%20regular%3A700%3Anormal\u00bb css=\u00bb.vc_custom_1641905987467{margin-bottom: 7px !important;border-bottom-width: 7px !important;padding-bottom: 7px !important;}\u00bb][vc_media_grid style=\u00bbpagination\u00bb items_per_page=\u00bb6&#8243; element_width=\u00bb2&#8243; paging_color=\u00bbpink\u00bb item=\u00bbmediaGrid_SlideInTitle\u00bb initial_loading_animation=\u00bbnone\u00bb grid_id=\u00bbvc_gid:1759331001077-0de5c17b-ce9d-7&#8243; include=\u00bb17107,17108,15290,15291,17103,16741,17104,15287,16743,15285,15286,16732,16744,16747,16745,16733,16727,16738,16737,16736,16735,17097,17088,17087,17106,17094,17095,17093,19849,19850,19851,19852,19853,19854,19855,19856,19857,19858&#8243;][vc_custom_heading text=\u00bbTemporada 2021&#8243; google_fonts=\u00bbfont_family:Roboto%20Slab%3A100%2C300%2Cregular%2C700|font_style:700%20bold%20regular%3A700%3Anormal\u00bb css=\u00bb.vc_custom_1611057370323{margin-bottom: 7px !important;border-bottom-width: 7px !important;padding-bottom: 7px !important;}\u00bb][vc_media_grid style=\u00bbpagination\u00bb items_per_page=\u00bb6&#8243; element_width=\u00bb2&#8243; paging_color=\u00bbpink\u00bb item=\u00bbmediaGrid_SlideInTitle\u00bb initial_loading_animation=\u00bbnone\u00bb grid_id=\u00bbvc_gid:1759331001077-76c057f4-a177-4&#8243; include=\u00bb11065,11153,11154,11155,11191,11192,11193,11296,11893,11895,11898,11897,11896,11894,11892,11899,14523,14522,14521,14520,14519,14518,14517,14516,14515,14514,14513,14512,14511,14510,14509,14508,14507,14506,14505,14504,14503,14885&#8243;][vc_empty_space height=\u00bb15&#8243;][vc_custom_heading text=\u00bbTemporada 2020&#8243; google_fonts=\u00bbfont_family:Roboto%20Slab%3A100%2C300%2Cregular%2C700|font_style:700%20bold%20regular%3A700%3Anormal\u00bb css=\u00bb.vc_custom_1587220092168{margin-bottom: 7px !important;border-bottom-width: 7px !important;padding-bottom: 7px !important;}\u00bb][vc_media_grid style=\u00bbpagination\u00bb items_per_page=\u00bb6&#8243; element_width=\u00bb2&#8243; paging_color=\u00bbpink\u00bb item=\u00bbmediaGrid_SlideInTitle\u00bb initial_loading_animation=\u00bbnone\u00bb grid_id=\u00bbvc_gid:1759331001077-a978b51c-3429-8&#8243; include=\u00bb3695,3696,3697,3698,3699,3700,3701,3702,3703,3704,3705,3706,3707,3708,5763,5764,6186,6477,6554,6662,6670,7277,7278,8434,8433,8432,8431,8430,8429,8437,8883,8884,8885,8886,8887,8888,9299,9297,9295,10750,10754,10757,10758,10759,10763,10764,10765,10760,10755&#8243;][vc_custom_heading text=\u00bbTemporada 2019&#8243; google_fonts=\u00bbfont_family:Roboto%20Slab%3A100%2C300%2Cregular%2C700|font_style:700%20bold%20regular%3A700%3Anormal\u00bb css=\u00bb.vc_custom_1587220120479{margin-bottom: 7px !important;border-bottom-width: 7px !important;padding-bottom: 7px !important;}\u00bb][vc_media_grid style=\u00bbpagination\u00bb items_per_page=\u00bb6&#8243; element_width=\u00bb2&#8243; paging_color=\u00bbpink\u00bb item=\u00bbmediaGrid_SlideInTitle\u00bb grid_id=\u00bbvc_gid:1759331001077-e305405a-359e-6&#8243; include=\u00bb3658,3659,3660,3661,3662,3663,3664,3665,3666,3667,3668,3669,3670,3671,3730,3672,3673,3674,3675,3731,3676,3677,3678,3679,3680,3681,3682,3683,3684,3685,3733,3732,3686,3687,3688,3689,3690,3692,3691,3693&#8243;][vc_custom_heading text=\u00bbTemporada 2018&#8243; google_fonts=\u00bbfont_family:Roboto%20Slab%3A100%2C300%2Cregular%2C700|font_style:700%20bold%20regular%3A700%3Anormal\u00bb css=\u00bb.vc_custom_1587220258987{margin-bottom: 7px !important;border-bottom-width: 7px !important;padding-bottom: 7px !important;}\u00bb][vc_media_grid style=\u00bbpagination\u00bb items_per_page=\u00bb6&#8243; element_width=\u00bb2&#8243; paging_color=\u00bbpink\u00bb item=\u00bbmediaGrid_SlideInTitle\u00bb grid_id=\u00bbvc_gid:1759331001077-79285f01-41aa-0&#8243; include=\u00bb3630,3631,3632,3633,3634,3635,3636,3637,3638,3639,3640,3641,3642,3643,3644,3645,3646,3647,3648,3649,3650,3651,3652,3653,3654,3656,3657&#8243;][\/vc_column][vc_column][\/vc_column][vc_column][\/vc_column][\/vc_row]<\/p>\n","protected":false},"excerpt":{"rendered":"<p>[vc_row][vc_column css=\u00bb.vc_custom_1587213747539{margin-top: 0px !important;margin-bottom: 10px !important;border-top-width: 0px !important;border-bottom-width: 10px !important;padding-top: 0px !important;padding-bottom: 10px !important;}\u00bb][vc_separator color=\u00bbviolet\u00bb style=\u00bbdouble\u00bb border_width=\u00bb10&#8243;][\/vc_column][\/vc_row][vc_row][vc_column width=\u00bb3\/4&#8243;][vc_empty_space height=\u00bb25px\u00bb][vc_custom_heading text=\u00bbPresentaci\u00f3n\u00bb google_fonts=\u00bbfont_family:Roboto%20Slab%3A100%2C300%2Cregular%2C700|font_style:700%20bold%20regular%3A700%3Anormal\u00bb css=\u00bb.vc_custom_1587214093543{margin-bottom: 7px !important;border-bottom-width: 7px !important;padding-bottom: 7px !important;}\u00bb][vc_column_text] Doble H\u00e9lice 3.0 fue un programa de divulgaci\u00f3n cient\u00edfica promovido por Cienci@ULL desde el a\u00f1o 2018 hasta el 2024, con la finalidad de mejorar la cultura y&#8230;<\/p>\n","protected":false},"author":56,"featured_media":0,"parent":0,"menu_order":0,"comment_status":"closed","ping_status":"closed","template":"templates\/cienciaull.php","meta":{"inline_featured_image":false,"footnotes":""},"acf":[],"yoast_head":"<!-- This site is optimized with the Yoast SEO plugin v21.3 - https:\/\/yoast.com\/wordpress\/plugins\/seo\/ -->\n<title>Doble H\u00e9lice 3.0 -<\/title>\n<meta name=\"robots\" content=\"index, follow, max-snippet:-1, max-image-preview:large, max-video-preview:-1\" \/>\n<link rel=\"canonical\" href=\"https:\/\/www.ull.es\/portal\/cienciaull\/doblehelice3-0\/\" \/>\n<meta property=\"og:locale\" content=\"es_ES\" \/>\n<meta property=\"og:type\" content=\"article\" \/>\n<meta property=\"og:title\" content=\"Doble H\u00e9lice 3.0 -\" \/>\n<meta property=\"og:description\" content=\"[vc_row][vc_column css=\u00bb.vc_custom_1587213747539{margin-top: 0px !important;margin-bottom: 10px !important;border-top-width: 0px !important;border-bottom-width: 10px !important;padding-top: 0px !important;padding-bottom: 10px !important;}\u00bb][vc_separator color=\u00bbviolet\u00bb style=\u00bbdouble\u00bb border_width=\u00bb10&#8243;][\/vc_column][\/vc_row][vc_row][vc_column width=\u00bb3\/4&#8243;][vc_empty_space height=\u00bb25px\u00bb][vc_custom_heading text=\u00bbPresentaci\u00f3n\u00bb google_fonts=\u00bbfont_family:Roboto%20Slab%3A100%2C300%2Cregular%2C700|font_style:700%20bold%20regular%3A700%3Anormal\u00bb css=\u00bb.vc_custom_1587214093543{margin-bottom: 7px !important;border-bottom-width: 7px !important;padding-bottom: 7px !important;}\u00bb][vc_column_text] Doble H\u00e9lice 3.0 fue un programa de divulgaci\u00f3n cient\u00edfica promovido por Cienci@ULL desde el a\u00f1o 2018 hasta el 2024, con la finalidad de mejorar la cultura y...\" \/>\n<meta property=\"og:url\" content=\"https:\/\/www.ull.es\/portal\/cienciaull\/doblehelice3-0\/\" \/>\n<meta property=\"article:publisher\" content=\"https:\/\/www.facebook.com\/CienciaULL\/\" \/>\n<meta property=\"article:modified_time\" content=\"2025-10-01T15:05:22+00:00\" \/>\n<meta name=\"twitter:card\" content=\"summary_large_image\" \/>\n<meta name=\"twitter:site\" content=\"@CienciaULL\" \/>\n<meta name=\"twitter:label1\" content=\"Tiempo de lectura\" \/>\n\t<meta name=\"twitter:data1\" content=\"3 minutos\" \/>\n<script type=\"application\/ld+json\" class=\"yoast-schema-graph\">{\"@context\":\"https:\/\/schema.org\",\"@graph\":[{\"@type\":\"WebPage\",\"@id\":\"https:\/\/www.ull.es\/portal\/cienciaull\/doblehelice3-0\/\",\"url\":\"https:\/\/www.ull.es\/portal\/cienciaull\/doblehelice3-0\/\",\"name\":\"Doble H\u00e9lice 3.0 -\",\"isPartOf\":{\"@id\":\"https:\/\/www.ull.es\/portal\/cienciaull\/#website\"},\"datePublished\":\"2020-04-03T12:38:49+00:00\",\"dateModified\":\"2025-10-01T15:05:22+00:00\",\"breadcrumb\":{\"@id\":\"https:\/\/www.ull.es\/portal\/cienciaull\/doblehelice3-0\/#breadcrumb\"},\"inLanguage\":\"es\",\"potentialAction\":[{\"@type\":\"ReadAction\",\"target\":[\"https:\/\/www.ull.es\/portal\/cienciaull\/doblehelice3-0\/\"]}]},{\"@type\":\"BreadcrumbList\",\"@id\":\"https:\/\/www.ull.es\/portal\/cienciaull\/doblehelice3-0\/#breadcrumb\",\"itemListElement\":[{\"@type\":\"ListItem\",\"position\":1,\"name\":\"Portada\",\"item\":\"https:\/\/www.ull.es\/portal\/cienciaull\/\"},{\"@type\":\"ListItem\",\"position\":2,\"name\":\"Doble H\u00e9lice 3.0\"}]},{\"@type\":\"WebSite\",\"@id\":\"https:\/\/www.ull.es\/portal\/cienciaull\/#website\",\"url\":\"https:\/\/www.ull.es\/portal\/cienciaull\/\",\"name\":\"\",\"description\":\"Unidad de Cultura Cient\u00edfica y de la Innovaci\u00f3n de la Universidad de La Laguna\",\"potentialAction\":[{\"@type\":\"SearchAction\",\"target\":{\"@type\":\"EntryPoint\",\"urlTemplate\":\"https:\/\/www.ull.es\/portal\/cienciaull\/?s={search_term_string}\"},\"query-input\":\"required name=search_term_string\"}],\"inLanguage\":\"es\"}]}<\/script>\n<!-- \/ Yoast SEO plugin. -->","yoast_head_json":{"title":"Doble H\u00e9lice 3.0 -","robots":{"index":"index","follow":"follow","max-snippet":"max-snippet:-1","max-image-preview":"max-image-preview:large","max-video-preview":"max-video-preview:-1"},"canonical":"https:\/\/www.ull.es\/portal\/cienciaull\/doblehelice3-0\/","og_locale":"es_ES","og_type":"article","og_title":"Doble H\u00e9lice 3.0 -","og_description":"[vc_row][vc_column css=\u00bb.vc_custom_1587213747539{margin-top: 0px !important;margin-bottom: 10px !important;border-top-width: 0px !important;border-bottom-width: 10px !important;padding-top: 0px !important;padding-bottom: 10px !important;}\u00bb][vc_separator color=\u00bbviolet\u00bb style=\u00bbdouble\u00bb border_width=\u00bb10&#8243;][\/vc_column][\/vc_row][vc_row][vc_column width=\u00bb3\/4&#8243;][vc_empty_space height=\u00bb25px\u00bb][vc_custom_heading text=\u00bbPresentaci\u00f3n\u00bb google_fonts=\u00bbfont_family:Roboto%20Slab%3A100%2C300%2Cregular%2C700|font_style:700%20bold%20regular%3A700%3Anormal\u00bb css=\u00bb.vc_custom_1587214093543{margin-bottom: 7px !important;border-bottom-width: 7px !important;padding-bottom: 7px !important;}\u00bb][vc_column_text] Doble H\u00e9lice 3.0 fue un programa de divulgaci\u00f3n cient\u00edfica promovido por Cienci@ULL desde el a\u00f1o 2018 hasta el 2024, con la finalidad de mejorar la cultura y...","og_url":"https:\/\/www.ull.es\/portal\/cienciaull\/doblehelice3-0\/","article_publisher":"https:\/\/www.facebook.com\/CienciaULL\/","article_modified_time":"2025-10-01T15:05:22+00:00","twitter_card":"summary_large_image","twitter_site":"@CienciaULL","twitter_misc":{"Tiempo de lectura":"3 minutos"},"schema":{"@context":"https:\/\/schema.org","@graph":[{"@type":"WebPage","@id":"https:\/\/www.ull.es\/portal\/cienciaull\/doblehelice3-0\/","url":"https:\/\/www.ull.es\/portal\/cienciaull\/doblehelice3-0\/","name":"Doble H\u00e9lice 3.0 -","isPartOf":{"@id":"https:\/\/www.ull.es\/portal\/cienciaull\/#website"},"datePublished":"2020-04-03T12:38:49+00:00","dateModified":"2025-10-01T15:05:22+00:00","breadcrumb":{"@id":"https:\/\/www.ull.es\/portal\/cienciaull\/doblehelice3-0\/#breadcrumb"},"inLanguage":"es","potentialAction":[{"@type":"ReadAction","target":["https:\/\/www.ull.es\/portal\/cienciaull\/doblehelice3-0\/"]}]},{"@type":"BreadcrumbList","@id":"https:\/\/www.ull.es\/portal\/cienciaull\/doblehelice3-0\/#breadcrumb","itemListElement":[{"@type":"ListItem","position":1,"name":"Portada","item":"https:\/\/www.ull.es\/portal\/cienciaull\/"},{"@type":"ListItem","position":2,"name":"Doble H\u00e9lice 3.0"}]},{"@type":"WebSite","@id":"https:\/\/www.ull.es\/portal\/cienciaull\/#website","url":"https:\/\/www.ull.es\/portal\/cienciaull\/","name":"","description":"Unidad de Cultura Cient\u00edfica y de la Innovaci\u00f3n de la Universidad de La Laguna","potentialAction":[{"@type":"SearchAction","target":{"@type":"EntryPoint","urlTemplate":"https:\/\/www.ull.es\/portal\/cienciaull\/?s={search_term_string}"},"query-input":"required name=search_term_string"}],"inLanguage":"es"}]}},"_links":{"self":[{"href":"https:\/\/www.ull.es\/portal\/cienciaull\/wp-json\/wp\/v2\/pages\/2428"}],"collection":[{"href":"https:\/\/www.ull.es\/portal\/cienciaull\/wp-json\/wp\/v2\/pages"}],"about":[{"href":"https:\/\/www.ull.es\/portal\/cienciaull\/wp-json\/wp\/v2\/types\/page"}],"author":[{"embeddable":true,"href":"https:\/\/www.ull.es\/portal\/cienciaull\/wp-json\/wp\/v2\/users\/56"}],"replies":[{"embeddable":true,"href":"https:\/\/www.ull.es\/portal\/cienciaull\/wp-json\/wp\/v2\/comments?post=2428"}],"version-history":[{"count":321,"href":"https:\/\/www.ull.es\/portal\/cienciaull\/wp-json\/wp\/v2\/pages\/2428\/revisions"}],"predecessor-version":[{"id":35702,"href":"https:\/\/www.ull.es\/portal\/cienciaull\/wp-json\/wp\/v2\/pages\/2428\/revisions\/35702"}],"wp:attachment":[{"href":"https:\/\/www.ull.es\/portal\/cienciaull\/wp-json\/wp\/v2\/media?parent=2428"}],"curies":[{"name":"wp","href":"https:\/\/api.w.org\/{rel}","templated":true}]}}